{"id":1457,"date":"2023-08-28T11:55:50","date_gmt":"2023-08-28T09:55:50","guid":{"rendered":"https:\/\/pedagogie.ac-lille.fr\/prof-doc\/?page_id=1457"},"modified":"2024-11-26T14:23:35","modified_gmt":"2024-11-26T13:23:35","slug":"traam-emi-2022-2023","status":"publish","type":"page","link":"https:\/\/pedagogie.ac-lille.fr\/prof-doc\/traam-emi-2022-2023\/","title":{"rendered":"TRaAM EMI 2022-2023"},"content":{"rendered":"\n<p>Plusieurs professeurs ont travaill\u00e9 cette ann\u00e9e \u00e0 l&rsquo;\u00e9laboration d&rsquo;un parcours M@gist\u00e8re sur la cr\u00e9ativit\u00e9 num\u00e9rique. En attendant de pouvoir le d\u00e9couvrir, voici la vid\u00e9o de pr\u00e9sentation du parcours :<\/p>\n\n\n<style>\n       .errordiv { padding:10px; margin:10px; border: 1px solid #555555;color: #000000;background-color: #f8f8f8; width:500px; }#advanced_iframe {visibility:visible;opacity:1;vertical-align:top;}.ai-info-bottom-iframe { position: fixed; z-index: 10000; bottom:0; left: 0; margin: 0px; text-align: center; width: 100%; background-color: #ff9999; padding-left: 5px;padding-bottom: 5px; border-top: 1px solid #aaa } a.ai-bold {font-weight: bold;}#ai-layer-div-advanced_iframe p {height:100%;margin:0;padding:0}<\/style><script type=\"text\/javascript\">var ai_iframe_width_advanced_iframe = 0;var ai_iframe_height_advanced_iframe = 0;function aiReceiveMessageadvanced_iframe(event) {  aiProcessMessage(event,\"advanced_iframe\", \"true\",\"\",\"false\",\"false\");}if (window.addEventListener) {  window.addEventListener(\"message\", aiReceiveMessageadvanced_iframe);} else if (el.attachEvent)  {  el.attachEvent(\"message\", aiReceiveMessageadvanced_iframe);}var aiOnloadScrollTop=\"true\";var aiShowDebug=false;\n\t\tif (typeof aiReadyCallbacks === 'undefined') {\n\t\t\tvar aiReadyCallbacks = [];\n\t\t} else if (!(aiReadyCallbacks instanceof Array)) {\n\t\t\tvar aiReadyCallbacks = [];\n\t\t}    function aiShowIframeId(id_iframe) { jQuery(\"#\"+id_iframe).css(\"visibility\", \"visible\");    }    function aiResizeIframeHeight(height) { aiResizeIframeHeight(height,advanced_iframe); }    function aiResizeIframeHeightId(height,width,id) {aiResizeIframeHeightById(id,height);}<\/script><iframe id=\"advanced_iframe\"  name=\"advanced_iframe\"  src=\"https:\/\/podeduc.apps.education.fr\/video\/14280-traam-intromp4\/\"  width=\"100%\"  height=\"600\"  frameborder=\"0\"  border=\"0\"  allowtransparency=\"true\"  loading=\"lazy\"  style=\";border-width: 0px;;border: none;;width:100%;;height:600px;\" ><\/iframe><script type=\"text\/javascript\">var ifrm_advanced_iframe = document.getElementById(\"advanced_iframe\");var hiddenTabsDoneadvanced_iframe = false;\nfunction resizeCallbackadvanced_iframe() {}<\/script><script type=\"text\/javascript\"><\/script><p style=\"display:block !important; visibility:visible !important;margin: -18px 14px 0 0;padding-left: 3px;padding-top:3px;background: white; overflow: hidden; position: relative; line-height:15px;width: fit-content;\"><small style=\"display:block !important;visibility:visible !important\">powered by Advanced iFrame<\/small><\/p>","protected":false},"excerpt":{"rendered":"<p>Plusieurs professeurs ont travaill\u00e9 cette ann\u00e9e \u00e0 l&rsquo;\u00e9laboration d&rsquo;un parcours M@gist\u00e8re sur la cr\u00e9ativit\u00e9 num\u00e9rique. En attendant de pouvoir le d\u00e9couvrir, voici la vid\u00e9o de pr\u00e9sentation du parcours :<\/p>\n","protected":false},"author":71,"featured_media":1458,"parent":0,"menu_order":0,"comment_status":"closed","ping_status":"closed","template":"","meta":{"footnotes":""},"class_list":["post-1457","page","type-page","status-publish","has-post-thumbnail","czr-hentry"],"publishpress_future_action":{"enabled":false,"date":"2026-04-28 16:02:26","action":"change-status","newStatus":"draft","terms":[],"taxonomy":"","extraData":[]},"publishpress_future_workflow_manual_trigger":{"enabledWorkflows":[]},"_links":{"self":[{"href":"https:\/\/pedagogie.ac-lille.fr\/prof-doc\/wp-json\/wp\/v2\/pages\/1457","targetHints":{"allow":["GET"]}}],"collection":[{"href":"https:\/\/pedagogie.ac-lille.fr\/prof-doc\/wp-json\/wp\/v2\/pages"}],"about":[{"href":"https:\/\/pedagogie.ac-lille.fr\/prof-doc\/wp-json\/wp\/v2\/types\/page"}],"author":[{"embeddable":true,"href":"https:\/\/pedagogie.ac-lille.fr\/prof-doc\/wp-json\/wp\/v2\/users\/71"}],"replies":[{"embeddable":true,"href":"https:\/\/pedagogie.ac-lille.fr\/prof-doc\/wp-json\/wp\/v2\/comments?post=1457"}],"version-history":[{"count":1,"href":"https:\/\/pedagogie.ac-lille.fr\/prof-doc\/wp-json\/wp\/v2\/pages\/1457\/revisions"}],"predecessor-version":[{"id":1459,"href":"https:\/\/pedagogie.ac-lille.fr\/prof-doc\/wp-json\/wp\/v2\/pages\/1457\/revisions\/1459"}],"wp:featuredmedia":[{"embeddable":true,"href":"https:\/\/pedagogie.ac-lille.fr\/prof-doc\/wp-json\/wp\/v2\/media\/1458"}],"wp:attachment":[{"href":"https:\/\/pedagogie.ac-lille.fr\/prof-doc\/wp-json\/wp\/v2\/media?parent=1457"}],"curies":[{"name":"wp","href":"https:\/\/api.w.org\/{rel}","templated":true}]}}