{"id":1461,"date":"2023-08-28T12:01:11","date_gmt":"2023-08-28T10:01:11","guid":{"rendered":"https:\/\/pedagogie.ac-lille.fr\/prof-doc\/?page_id=1461"},"modified":"2025-03-30T17:52:35","modified_gmt":"2025-03-30T15:52:35","slug":"traam-emi-2023-2024-evaluer-linformation-a-lere-du-numerique-artificiel","status":"publish","type":"page","link":"https:\/\/pedagogie.ac-lille.fr\/prof-doc\/traam-emi-2023-2024-evaluer-linformation-a-lere-du-numerique-artificiel\/","title":{"rendered":"TRaAM EMI 2023-2024 : \u00e9valuer l&rsquo;information \u00e0 l&rsquo;\u00e8re du num\u00e9rique artificiel"},"content":{"rendered":"\n<p><strong>Bilan national :<\/strong> <a href=\"https:\/\/eduscol.education.fr\/document\/61165\/download\" target=\"_blank\" rel=\"noreferrer noopener\">en ligne ici.<\/a><\/p>\n\n\n\n<h2 class=\"wp-block-heading\">Appel \u00e0 candidatures : <\/h2>\n\n\n\n<p>Evaluer l&rsquo;information \u00e0 l&rsquo;\u00e8re du num\u00e9rique artificiel. En s&rsquo;appuyant sur les travaux de recherche men\u00e9s par M\u00f4nica Macedo-Rouet&nbsp;, il s&rsquo;agit d&rsquo;envisager l&rsquo;\u00e9laboration de s\u00e9quences p\u00e9dagogiques visant \u00e0 travailler et d&rsquo;am\u00e9liorer les comp\u00e9tences de compr\u00e9hension, de recherche et d&rsquo;\u00e9valuation des informations des \u00e9l\u00e8ves sur les interfaces \u00e9craniques. Les \u00e9quipes s&rsquo;interrogent en particulier sur les comp\u00e9tences de lecture mobilis\u00e9es, le recours aux techniques ROSO ainsi que l&rsquo;impact des&nbsp;intelligences artificielles g\u00e9n\u00e9ratives.&nbsp;<\/p>\n\n\n\n<h2 class=\"wp-block-heading\">Proposition de l&rsquo;acad\u00e9mie de Lille : <\/h2>\n\n\n\n<p>Chaque \u00e9volution technique semble \u00e0 la fois enrichir et complexifier la recherche et l&rsquo;\u00e9valuation des informations. L&rsquo;arriv\u00e9e du web a multipli\u00e9 les sources d&rsquo;informations, ph\u00e9nom\u00e8ne encore amplifi\u00e9 par les r\u00e9seaux sociaux et des algorithmes de recommandations qui ont pos\u00e9 des questions diverses comme celles de la manipulation des informations, des biais cognitifs&#8230; Aujourd&rsquo;hui avec l&rsquo;arriv\u00e9e des IA g\u00e9n\u00e9ratives, d&rsquo;autres questions prennent \u00e9galement de l&rsquo;ampleur car certaines t\u00e2ches deviennent bien plus accessibles comme la cr\u00e9ation de fausses images ou de&nbsp;deepfakes. Comment&nbsp;former nos \u00e9l\u00e8ves pour qu&rsquo;ils&nbsp;s&rsquo;y retrouvent&nbsp;dans ce paysage informationnel de plus en plus complexe ?&nbsp;<\/p>\n\n\n\n<p>La s\u00e9lection de l&rsquo;information se fait aussi en fonction de l&rsquo;objectif d&rsquo;apprentissage vis\u00e9 et pas uniquement en fonction de la&nbsp;pertinence&nbsp;du contenu&nbsp;mais en tenant compte&nbsp;de la&nbsp;validation et des enjeux de la source.<\/p>\n\n\n\n<p>En cons\u00e9quence, Comment connaitre et prendre en compte les biais cognitifs dans nos propres pratiques et celles des \u00e9l\u00e8ves ?<\/p>\n\n\n\n<p>La s\u00e9lection des ressources ne rel\u00e8ve plus seulement d&rsquo;enjeux \u00ab\u00a0scolaires\u00a0\u00bb ou \u00ab\u00a0universitaires\u00a0\u00bb, mais aussi d&rsquo;enjeux g\u00e9opolitiques, d\u00e9mocratiques et sanitaires.<\/p>\n\n\n\n<p>Nos \u00e9l\u00e8ves, qui s&rsquo;informent&nbsp;de plus en plus&nbsp;sur les r\u00e9seaux sociaux, ont une approche intuitive de la v\u00e9racit\u00e9 des informations. Comment les former \u00e0 l&rsquo;\u00e9valuation de l&rsquo;information \u00e0 l&rsquo;heure des r\u00e9seaux sociaux et de l&rsquo;intelligence artificielle ? Comment accompagner les usages pour qu&rsquo;ils comprennent le fonctionnement et les limites de ce nouvel outil ? Comment automatiser l&rsquo;\u00e9valuation de l&rsquo;information dans toutes les disciplines et d\u00e8s le plus jeune \u00e2ge afin que cela devienne une habitude ancr\u00e9e ?<\/p>\n\n\n\n<p><strong>Axe 1 :<\/strong> Quels outils p\u00e9dagogiques d\u00e9velopper pour formaliser l&rsquo;\u00e9valuation des informations ? Quelles s\u00e9ances p\u00e9dagogiques pour travailler les comp\u00e9tences li\u00e9es \u00e0 l&rsquo;\u00e9valuation des information ? Comment int\u00e9grer&nbsp;de mani\u00e8re spiralaire&nbsp;ces comp\u00e9tences \u00e0 diff\u00e9rentes s\u00e9ances p\u00e9dagogiques dans le parcours des \u00e9l\u00e8ves&nbsp; ?<\/p>\n\n\n\n<p><strong>Axe 2 :<\/strong> Quels crit\u00e8res d&rsquo;\u00e9valuation imaginer face aux IA ?&nbsp; Comment apprendre \u00e0 utiliser et questionner l&rsquo;IA \u00e0 bon escient ?&nbsp;<\/p>\n\n\n\n<h2 class=\"wp-block-heading\">Productions : <\/h2>\n\n\n<ul class=\"wp-block-latest-posts__list has-dates wp-block-latest-posts\"><li><div class=\"wp-block-latest-posts__featured-image alignleft\"><img loading=\"lazy\" decoding=\"async\" width=\"150\" height=\"150\" src=\"https:\/\/pedagogie.ac-lille.fr\/prof-doc\/wp-content\/uploads\/sites\/57\/2024\/04\/coronavirus-5174671_640-150x150.jpg\" class=\"attachment-thumbnail size-thumbnail wp-post-image\" alt=\"\" style=\"max-width:150px;max-height:150px;\" \/><\/div><a class=\"wp-block-latest-posts__post-title\" href=\"https:\/\/pedagogie.ac-lille.fr\/prof-doc\/labinfo-2-verifier-une-publication-en-ligne-2\/\">Lab\u2019info 3 : v\u00e9rifier une publication en ligne<\/a><time datetime=\"2024-06-06T18:45:26+02:00\" class=\"wp-block-latest-posts__post-date\">6 juin 2024<\/time><div class=\"wp-block-latest-posts__post-excerpt\">Anne Merlin, professeure de SVT et M\u00e9lanie Serret, professeure documentaliste proposent une activit\u00e9 sur les infox scientifiques et leurs cons\u00e9quences. Ce projet s\u2019inscrit dans le cadre des TraAM EMI 2023-2024 sur la th\u00e9matique de l&rsquo;\u00e9valuation de l&rsquo;information. Lien avec les TRAAM EMI 2023-2024 :&nbsp;\u00ab&nbsp;envisager l\u2019\u00e9laboration de s\u00e9quences p\u00e9dagogiques visant \u00e0 travailler et \u00e0 am\u00e9liorer les\u2026 <a class=\"wp-block-latest-posts__read-more\" href=\"https:\/\/pedagogie.ac-lille.fr\/prof-doc\/labinfo-2-verifier-une-publication-en-ligne-2\/\" rel=\"noopener noreferrer\">Lire la suite<span class=\"screen-reader-text\">\u00a0: Lab\u2019info 3 : v\u00e9rifier une publication en ligne<\/span><\/a><\/div><\/li>\n<li><div class=\"wp-block-latest-posts__featured-image alignleft\"><img loading=\"lazy\" decoding=\"async\" width=\"150\" height=\"150\" src=\"https:\/\/pedagogie.ac-lille.fr\/prof-doc\/wp-content\/uploads\/sites\/57\/2024\/05\/technology-3389904_1280-150x150.jpeg\" class=\"attachment-thumbnail size-thumbnail wp-post-image\" alt=\"\" style=\"max-width:150px;max-height:150px;\" srcset=\"https:\/\/pedagogie.ac-lille.fr\/prof-doc\/wp-content\/uploads\/sites\/57\/2024\/05\/technology-3389904_1280-150x150.jpeg 150w, https:\/\/pedagogie.ac-lille.fr\/prof-doc\/wp-content\/uploads\/sites\/57\/2024\/05\/technology-3389904_1280-510x510.jpeg 510w\" sizes=\"auto, (max-width: 150px) 100vw, 150px\" \/><\/div><a class=\"wp-block-latest-posts__post-title\" href=\"https:\/\/pedagogie.ac-lille.fr\/prof-doc\/comprendre-les-ia-generatives-et-leurs-implications-ethiques\/\">Comprendre les IA g\u00e9n\u00e9ratives et leurs implications \u00e9thiques<\/a><time datetime=\"2024-05-14T21:02:30+02:00\" class=\"wp-block-latest-posts__post-date\">14 mai 2024<\/time><div class=\"wp-block-latest-posts__post-excerpt\">Blandine Tardieu, professeure documentaliste au Coll\u00e8ge R\u00e9publique de Calais, pr\u00e9sente une s\u00e9ance r\u00e9flexive sur le fonctionnement et l\u2019usage des intelligences artificielles g\u00e9n\u00e9ratives sous la forme d\u2019un d\u00e9bat men\u00e9e avec des \u00e9l\u00e8ves de classes de 4\u00e8me. Ce projet s\u2019inscrit dans le cadre des TraAM EMI 2023-2024 sur la th\u00e9matique de l\u2019\u00e9valuation de l\u2019information. Contexte : une\u2026 <a class=\"wp-block-latest-posts__read-more\" href=\"https:\/\/pedagogie.ac-lille.fr\/prof-doc\/comprendre-les-ia-generatives-et-leurs-implications-ethiques\/\" rel=\"noopener noreferrer\">Lire la suite<span class=\"screen-reader-text\">\u00a0: Comprendre les IA g\u00e9n\u00e9ratives et leurs implications \u00e9thiques<\/span><\/a><\/div><\/li>\n<li><div class=\"wp-block-latest-posts__featured-image alignleft\"><img loading=\"lazy\" decoding=\"async\" width=\"150\" height=\"150\" src=\"https:\/\/pedagogie.ac-lille.fr\/prof-doc\/wp-content\/uploads\/sites\/57\/2024\/05\/2-Module-document-papier-150x150.png\" class=\"attachment-thumbnail size-thumbnail wp-post-image\" alt=\"\" style=\"max-width:150px;max-height:150px;\" \/><\/div><a class=\"wp-block-latest-posts__post-title\" href=\"https:\/\/pedagogie.ac-lille.fr\/prof-doc\/parcours-tactileo-emi-6e-comment-evaluer-linformation\/\">Parcours Tactil\u00e9o EMI 6e\u00a0: Comment \u00e9valuer l\u2019information\u00a0?<\/a><time datetime=\"2024-05-14T13:21:33+02:00\" class=\"wp-block-latest-posts__post-date\">14 mai 2024<\/time><div class=\"wp-block-latest-posts__post-excerpt\">Blandine Tardieu, professeure documentaliste au Coll\u00e8ge R\u00e9publique de Calais, pr\u00e9sente un projet en direction des \u00e9l\u00e8ves de classes de 6\u00e8me de cr\u00e9ation d\u2019un parcours en auto-formation sur l\u2019\u00e9valuation de l\u2019information cr\u00e9\u00e9 avec Tactil\u00e9o. Il a \u00e9t\u00e9 pens\u00e9 en parall\u00e8le d\u2019un travail de recherche documentaire en sciences en vue de la r\u00e9alisation d\u2019un diaporama accompagnant un\u2026 <a class=\"wp-block-latest-posts__read-more\" href=\"https:\/\/pedagogie.ac-lille.fr\/prof-doc\/parcours-tactileo-emi-6e-comment-evaluer-linformation\/\" rel=\"noopener noreferrer\">Lire la suite<span class=\"screen-reader-text\">\u00a0: Parcours Tactil\u00e9o EMI 6e\u00a0: Comment \u00e9valuer l\u2019information\u00a0?<\/span><\/a><\/div><\/li>\n<li><div class=\"wp-block-latest-posts__featured-image alignleft\"><img loading=\"lazy\" decoding=\"async\" width=\"150\" height=\"150\" src=\"https:\/\/pedagogie.ac-lille.fr\/prof-doc\/wp-content\/uploads\/sites\/57\/2024\/04\/Capture2-150x150.png\" class=\"attachment-thumbnail size-thumbnail wp-post-image\" alt=\"\" style=\"max-width:150px;max-height:150px;\" srcset=\"https:\/\/pedagogie.ac-lille.fr\/prof-doc\/wp-content\/uploads\/sites\/57\/2024\/04\/Capture2-150x150.png 150w, https:\/\/pedagogie.ac-lille.fr\/prof-doc\/wp-content\/uploads\/sites\/57\/2024\/04\/Capture2-300x300.png 300w, https:\/\/pedagogie.ac-lille.fr\/prof-doc\/wp-content\/uploads\/sites\/57\/2024\/04\/Capture2-768x771.png 768w, https:\/\/pedagogie.ac-lille.fr\/prof-doc\/wp-content\/uploads\/sites\/57\/2024\/04\/Capture2-510x510.png 510w, https:\/\/pedagogie.ac-lille.fr\/prof-doc\/wp-content\/uploads\/sites\/57\/2024\/04\/Capture2.png 805w\" sizes=\"auto, (max-width: 150px) 100vw, 150px\" \/><\/div><a class=\"wp-block-latest-posts__post-title\" href=\"https:\/\/pedagogie.ac-lille.fr\/prof-doc\/exploration-artistique-entre-creation-manuelle-et-assistance-de-lintelligence-artificielle\/\">Exploration artistique entre cr\u00e9ation manuelle et assistance de l&rsquo;intelligence artificielle<\/a><time datetime=\"2024-05-10T22:34:54+02:00\" class=\"wp-block-latest-posts__post-date\">10 mai 2024<\/time><div class=\"wp-block-latest-posts__post-excerpt\">Aur\u00e9lien Dufromont, professeur documentaliste, et C\u00e9line Rouaud, professeure d\u2019Arts Plastiques au Coll\u00e8ge Carlin Legrand de Bapaume, pr\u00e9sentent une s\u00e9ance men\u00e9e aupr\u00e8s de classes de 3\u00e8me. La s\u00e9ance permet d\u2019aborder la place de l\u2019intelligence artificielle dans le domaine de l\u2019art et de la culture. Elle questionne les \u00e9l\u00e8ves sur l\u2019utilisation de l\u2019intelligence artificielle g\u00e9n\u00e9ratrice d\u2019image et\u2026 <a class=\"wp-block-latest-posts__read-more\" href=\"https:\/\/pedagogie.ac-lille.fr\/prof-doc\/exploration-artistique-entre-creation-manuelle-et-assistance-de-lintelligence-artificielle\/\" rel=\"noopener noreferrer\">Lire la suite<span class=\"screen-reader-text\">\u00a0: Exploration artistique entre cr\u00e9ation manuelle et assistance de l&rsquo;intelligence artificielle<\/span><\/a><\/div><\/li>\n<li><div class=\"wp-block-latest-posts__featured-image alignleft\"><img loading=\"lazy\" decoding=\"async\" width=\"150\" height=\"150\" src=\"https:\/\/pedagogie.ac-lille.fr\/prof-doc\/wp-content\/uploads\/sites\/57\/2024\/05\/IMG_2259-768x1024-1-150x150.jpeg\" class=\"attachment-thumbnail size-thumbnail wp-post-image\" alt=\"\" style=\"max-width:150px;max-height:150px;\" srcset=\"https:\/\/pedagogie.ac-lille.fr\/prof-doc\/wp-content\/uploads\/sites\/57\/2024\/05\/IMG_2259-768x1024-1-150x150.jpeg 150w, https:\/\/pedagogie.ac-lille.fr\/prof-doc\/wp-content\/uploads\/sites\/57\/2024\/05\/IMG_2259-768x1024-1-510x510.jpeg 510w\" sizes=\"auto, (max-width: 150px) 100vw, 150px\" \/><\/div><a class=\"wp-block-latest-posts__post-title\" href=\"https:\/\/pedagogie.ac-lille.fr\/prof-doc\/pour-un-usage-raisonne-des-intelligences-artificielles-generatives\/\">Pour un usage raisonn\u00e9 des intelligences artificielles g\u00e9n\u00e9ratives<\/a><time datetime=\"2024-05-10T17:01:56+02:00\" class=\"wp-block-latest-posts__post-date\">10 mai 2024<\/time><div class=\"wp-block-latest-posts__post-excerpt\">Audrey Callebaut, professeure-documentaliste \u00e0 l&rsquo;EREA Ignace Pleyel de Loos, propose, en collaboration avec une coll\u00e8gue de fran\u00e7ais, une s\u00e9quence de d\u00e9couverte des IA g\u00e9n\u00e9ratives: ses avantages et ses limites. Cette s\u00e9quence se d\u00e9roule en classe de 3\u00e8me, avec des \u00e9l\u00e8ves en situation de handicap (d\u00e9ficience visuelle, troubles du spectre autistique, dyslexie&#8230;). Ce projet s\u2019inscrit dans\u2026 <a class=\"wp-block-latest-posts__read-more\" href=\"https:\/\/pedagogie.ac-lille.fr\/prof-doc\/pour-un-usage-raisonne-des-intelligences-artificielles-generatives\/\" rel=\"noopener noreferrer\">Lire la suite<span class=\"screen-reader-text\">\u00a0: Pour un usage raisonn\u00e9 des intelligences artificielles g\u00e9n\u00e9ratives<\/span><\/a><\/div><\/li>\n<li><div class=\"wp-block-latest-posts__featured-image alignleft\"><img loading=\"lazy\" decoding=\"async\" width=\"150\" height=\"150\" src=\"https:\/\/pedagogie.ac-lille.fr\/prof-doc\/wp-content\/uploads\/sites\/57\/2024\/04\/coronavirus-5174671_640-150x150.jpg\" class=\"attachment-thumbnail size-thumbnail wp-post-image\" alt=\"\" style=\"max-width:150px;max-height:150px;\" \/><\/div><a class=\"wp-block-latest-posts__post-title\" href=\"https:\/\/pedagogie.ac-lille.fr\/prof-doc\/labinfo-2-verifier-une-publication-en-ligne\/\">Lab\u2019info 2 : v\u00e9rifier une publication en ligne<\/a><time datetime=\"2024-04-10T15:48:25+02:00\" class=\"wp-block-latest-posts__post-date\">10 avril 2024<\/time><div class=\"wp-block-latest-posts__post-excerpt\">Anne Merlin, professeure de SVT et M\u00e9lanie Serret, professeure documentaliste proposent une activit\u00e9 sur les infox scientifiques et leurs cons\u00e9quences. Ce projet s\u2019inscrit dans le cadre des TraAM EMI 2023-2024 sur la th\u00e9matique de l&rsquo;\u00e9valuation de l&rsquo;information. Lien avec les TRAAM EMI 2023-2024 :&nbsp;\u00ab&nbsp;envisager l\u2019\u00e9laboration de s\u00e9quences p\u00e9dagogiques visant \u00e0 travailler et \u00e0 am\u00e9liorer les\u2026 <a class=\"wp-block-latest-posts__read-more\" href=\"https:\/\/pedagogie.ac-lille.fr\/prof-doc\/labinfo-2-verifier-une-publication-en-ligne\/\" rel=\"noopener noreferrer\">Lire la suite<span class=\"screen-reader-text\">\u00a0: Lab\u2019info 2 : v\u00e9rifier une publication en ligne<\/span><\/a><\/div><\/li>\n<li><div class=\"wp-block-latest-posts__featured-image alignleft\"><img loading=\"lazy\" decoding=\"async\" width=\"150\" height=\"150\" src=\"https:\/\/pedagogie.ac-lille.fr\/prof-doc\/wp-content\/uploads\/sites\/57\/2024\/02\/survey-7046888_960_720-150x150.jpg\" class=\"attachment-thumbnail size-thumbnail wp-post-image\" alt=\"\" style=\"max-width:150px;max-height:150px;\" srcset=\"https:\/\/pedagogie.ac-lille.fr\/prof-doc\/wp-content\/uploads\/sites\/57\/2024\/02\/survey-7046888_960_720-150x150.jpg 150w, https:\/\/pedagogie.ac-lille.fr\/prof-doc\/wp-content\/uploads\/sites\/57\/2024\/02\/survey-7046888_960_720-510x510.jpg 510w\" sizes=\"auto, (max-width: 150px) 100vw, 150px\" \/><\/div><a class=\"wp-block-latest-posts__post-title\" href=\"https:\/\/pedagogie.ac-lille.fr\/prof-doc\/une-seance-mutualisee-en-emi-sur-lautorite-de-la-parole-lp-humanites-litterature-philosophie\/\">L&rsquo;autorit\u00e9 de la parole<\/a><time datetime=\"2024-02-02T15:30:19+01:00\" class=\"wp-block-latest-posts__post-date\">2 f\u00e9vrier 2024<\/time><div class=\"wp-block-latest-posts__post-excerpt\">Sophie Van Ommeslaeghe, professeure documentaliste au lyc\u00e9e Branly de Boulogne-sur-Mer, pr\u00e9sente une s\u00e9ance men\u00e9e aupr\u00e8s d&rsquo;une classe de 1\u00e8re (sp\u00e9cialit\u00e9 HLP). Ce projet s\u2019inscrit dans le cadre des TraAM EMI 2023-2024 sur la th\u00e9matique de l\u2019\u00e9valuation de l\u2019information. Objectif :\u00a0aborder certaines notions li\u00e9es \u00e0 l&rsquo;\u00e9valuation de l&rsquo;information, notamment celles de source d&rsquo;information ou encore d&rsquo;infopollution.\u2026 <a class=\"wp-block-latest-posts__read-more\" href=\"https:\/\/pedagogie.ac-lille.fr\/prof-doc\/une-seance-mutualisee-en-emi-sur-lautorite-de-la-parole-lp-humanites-litterature-philosophie\/\" rel=\"noopener noreferrer\">Lire la suite<span class=\"screen-reader-text\">\u00a0: L&rsquo;autorit\u00e9 de la parole<\/span><\/a><\/div><\/li>\n<li><div class=\"wp-block-latest-posts__featured-image alignleft\"><img loading=\"lazy\" decoding=\"async\" width=\"150\" height=\"150\" src=\"https:\/\/pedagogie.ac-lille.fr\/prof-doc\/wp-content\/uploads\/sites\/57\/2024\/01\/yogurt-1442034_1280-150x150.jpeg\" class=\"attachment-thumbnail size-thumbnail wp-post-image\" alt=\"\" style=\"max-width:150px;max-height:150px;\" srcset=\"https:\/\/pedagogie.ac-lille.fr\/prof-doc\/wp-content\/uploads\/sites\/57\/2024\/01\/yogurt-1442034_1280-150x150.jpeg 150w, https:\/\/pedagogie.ac-lille.fr\/prof-doc\/wp-content\/uploads\/sites\/57\/2024\/01\/yogurt-1442034_1280-510x510.jpeg 510w\" sizes=\"auto, (max-width: 150px) 100vw, 150px\" \/><\/div><a class=\"wp-block-latest-posts__post-title\" href=\"https:\/\/pedagogie.ac-lille.fr\/prof-doc\/labinfo-verifier-une-publication-en-ligne\/\">Lab&rsquo;info : v\u00e9rifier une publication en ligne<\/a><time datetime=\"2024-01-24T14:58:03+01:00\" class=\"wp-block-latest-posts__post-date\">24 janvier 2024<\/time><div class=\"wp-block-latest-posts__post-excerpt\">Les activit\u00e9s ont \u00e9t\u00e9 con\u00e7ues par Anne Merlin, professeure de SVT, par M\u00e9lanie Serret, professeure documentaliste et ont \u00e9t\u00e9 relues et am\u00e9lior\u00e9es par Benjamin Taverne, professeur de lettres histoire. Tous les trois enseignent au lyc\u00e9e Giraux Sannier et sont formateurs CLEMI. Ce projet s\u2019inscrit dans le cadre des TraAM EMI 2023-2024 sur la th\u00e9matique de\u2026 <a class=\"wp-block-latest-posts__read-more\" href=\"https:\/\/pedagogie.ac-lille.fr\/prof-doc\/labinfo-verifier-une-publication-en-ligne\/\" rel=\"noopener noreferrer\">Lire la suite<span class=\"screen-reader-text\">\u00a0: Lab&rsquo;info : v\u00e9rifier une publication en ligne<\/span><\/a><\/div><\/li>\n<li><div class=\"wp-block-latest-posts__featured-image alignleft\"><img loading=\"lazy\" decoding=\"async\" width=\"150\" height=\"150\" src=\"https:\/\/pedagogie.ac-lille.fr\/prof-doc\/wp-content\/uploads\/sites\/57\/2023\/10\/amethyst-6547220_1280-150x150.jpg\" class=\"attachment-thumbnail size-thumbnail wp-post-image\" alt=\"\" style=\"max-width:150px;max-height:150px;\" srcset=\"https:\/\/pedagogie.ac-lille.fr\/prof-doc\/wp-content\/uploads\/sites\/57\/2023\/10\/amethyst-6547220_1280-150x150.jpg 150w, https:\/\/pedagogie.ac-lille.fr\/prof-doc\/wp-content\/uploads\/sites\/57\/2023\/10\/amethyst-6547220_1280-300x300.jpg 300w, https:\/\/pedagogie.ac-lille.fr\/prof-doc\/wp-content\/uploads\/sites\/57\/2023\/10\/amethyst-6547220_1280-1024x1024.jpg 1024w, https:\/\/pedagogie.ac-lille.fr\/prof-doc\/wp-content\/uploads\/sites\/57\/2023\/10\/amethyst-6547220_1280-768x768.jpg 768w, https:\/\/pedagogie.ac-lille.fr\/prof-doc\/wp-content\/uploads\/sites\/57\/2023\/10\/amethyst-6547220_1280-510x510.jpg 510w, https:\/\/pedagogie.ac-lille.fr\/prof-doc\/wp-content\/uploads\/sites\/57\/2023\/10\/amethyst-6547220_1280.jpg 1280w\" sizes=\"auto, (max-width: 150px) 100vw, 150px\" \/><\/div><a class=\"wp-block-latest-posts__post-title\" href=\"https:\/\/pedagogie.ac-lille.fr\/prof-doc\/lithotherapie-science-pseudoscience-quen-disent-les-ia\/\">Lithoth\u00e9rapie : science, pseudoscience ? Qu&rsquo;en disent les IA ?<\/a><time datetime=\"2023-10-19T12:38:47+02:00\" class=\"wp-block-latest-posts__post-date\">19 octobre 2023<\/time><div class=\"wp-block-latest-posts__post-excerpt\">Anne Merlin, professeure de SVT et M\u00e9lanie Serret, professeure documentaliste, ont travaill\u00e9 sur une s\u00e9ance d&rsquo;\u00c9ducation aux M\u00e9dias et \u00e0 l&rsquo;Information sur le th\u00e8me de la lithoth\u00e9rapie et des IA avec les classes de premi\u00e8re en enseignement scientifique. Ce projet s\u2019inscrit dans le cadre des TraAM EMI 2023-2024 sur la th\u00e9matique de l\u2019\u00e9valuation de l\u2019information.\u2026 <a class=\"wp-block-latest-posts__read-more\" href=\"https:\/\/pedagogie.ac-lille.fr\/prof-doc\/lithotherapie-science-pseudoscience-quen-disent-les-ia\/\" rel=\"noopener noreferrer\">Lire la suite<span class=\"screen-reader-text\">\u00a0: Lithoth\u00e9rapie : science, pseudoscience ? Qu&rsquo;en disent les IA ?<\/span><\/a><\/div><\/li>\n<\/ul>","protected":false},"excerpt":{"rendered":"<p>Bilan national : en ligne ici. Appel \u00e0 candidatures : Evaluer l&rsquo;information \u00e0 l&rsquo;\u00e8re du num\u00e9rique artificiel. En s&rsquo;appuyant sur les travaux de recherche men\u00e9s par M\u00f4nica Macedo-Rouet&nbsp;, il s&rsquo;agit d&rsquo;envisager l&rsquo;\u00e9laboration de s\u00e9quences p\u00e9dagogiques visant \u00e0 travailler et d&rsquo;am\u00e9liorer les comp\u00e9tences de compr\u00e9hension, de recherche et d&rsquo;\u00e9valuation des informations des \u00e9l\u00e8ves sur les interfaces [&hellip;]<\/p>\n","protected":false},"author":71,"featured_media":0,"parent":0,"menu_order":0,"comment_status":"closed","ping_status":"closed","template":"","meta":{"footnotes":""},"class_list":["post-1461","page","type-page","status-publish","czr-hentry"],"publishpress_future_action":{"enabled":false,"date":"2026-04-28 16:13:19","action":"change-status","newStatus":"draft","terms":[],"taxonomy":"","extraData":[]},"publishpress_future_workflow_manual_trigger":{"enabledWorkflows":[]},"_links":{"self":[{"href":"https:\/\/pedagogie.ac-lille.fr\/prof-doc\/wp-json\/wp\/v2\/pages\/1461","targetHints":{"allow":["GET"]}}],"collection":[{"href":"https:\/\/pedagogie.ac-lille.fr\/prof-doc\/wp-json\/wp\/v2\/pages"}],"about":[{"href":"https:\/\/pedagogie.ac-lille.fr\/prof-doc\/wp-json\/wp\/v2\/types\/page"}],"author":[{"embeddable":true,"href":"https:\/\/pedagogie.ac-lille.fr\/prof-doc\/wp-json\/wp\/v2\/users\/71"}],"replies":[{"embeddable":true,"href":"https:\/\/pedagogie.ac-lille.fr\/prof-doc\/wp-json\/wp\/v2\/comments?post=1461"}],"version-history":[{"count":5,"href":"https:\/\/pedagogie.ac-lille.fr\/prof-doc\/wp-json\/wp\/v2\/pages\/1461\/revisions"}],"predecessor-version":[{"id":4222,"href":"https:\/\/pedagogie.ac-lille.fr\/prof-doc\/wp-json\/wp\/v2\/pages\/1461\/revisions\/4222"}],"wp:attachment":[{"href":"https:\/\/pedagogie.ac-lille.fr\/prof-doc\/wp-json\/wp\/v2\/media?parent=1461"}],"curies":[{"name":"wp","href":"https:\/\/api.w.org\/{rel}","templated":true}]}}