{"id":1592,"date":"2023-08-31T15:49:45","date_gmt":"2023-08-31T13:49:45","guid":{"rendered":"https:\/\/pedagogie.ac-lille.fr\/prof-doc\/?page_id=1592"},"modified":"2025-03-30T17:59:28","modified_gmt":"2025-03-30T15:59:28","slug":"education-a-la-citoyennete","status":"publish","type":"page","link":"https:\/\/pedagogie.ac-lille.fr\/prof-doc\/education-a-la-citoyennete\/","title":{"rendered":"\u00c9ducation \u00e0 la citoyennet\u00e9"},"content":{"rendered":"<ul class=\"wp-block-latest-posts__list wp-block-latest-posts\"><li><div class=\"wp-block-latest-posts__featured-image alignleft\"><img loading=\"lazy\" decoding=\"async\" width=\"150\" height=\"150\" src=\"https:\/\/pedagogie.ac-lille.fr\/prof-doc\/wp-content\/uploads\/sites\/57\/2026\/01\/Capture-decran-2026-01-05-a-21.13.36-150x150.png\" class=\"attachment-thumbnail size-thumbnail wp-post-image\" alt=\"\" style=\"max-width:150px;max-height:150px;\" srcset=\"https:\/\/pedagogie.ac-lille.fr\/prof-doc\/wp-content\/uploads\/sites\/57\/2026\/01\/Capture-decran-2026-01-05-a-21.13.36-150x150.png 150w, https:\/\/pedagogie.ac-lille.fr\/prof-doc\/wp-content\/uploads\/sites\/57\/2026\/01\/Capture-decran-2026-01-05-a-21.13.36-510x510.png 510w\" sizes=\"auto, (max-width: 150px) 100vw, 150px\" \/><\/div><a class=\"wp-block-latest-posts__post-title\" href=\"https:\/\/pedagogie.ac-lille.fr\/prof-doc\/bannedbooks\/\">Banned books<\/a><div class=\"wp-block-latest-posts__post-excerpt\">Cl\u00e9ment Przybylek, professeur documentaliste au LP Mend\u00e8s France de Saint Pol Sur Ternoise, a r\u00e9alis\u00e9 une exposition qu&rsquo;il propose au CDI sur les \u00ab\u00a0banned books\u00a0\u00bb. Contexte : La Banned Books Week (\u00ab Semaine des livres interdits \u00bb) est un \u00e9v\u00e9nement annuel qui c\u00e9l\u00e8bre la libert\u00e9 de lire, attire l&rsquo;attention sur\u2026 <a class=\"wp-block-latest-posts__read-more\" href=\"https:\/\/pedagogie.ac-lille.fr\/prof-doc\/bannedbooks\/\" rel=\"noopener noreferrer\">Lire la suite<span class=\"screen-reader-text\">\u00a0: Banned books<\/span><\/a><\/div><\/li>\n<li><div class=\"wp-block-latest-posts__featured-image alignleft\"><img loading=\"lazy\" decoding=\"async\" width=\"150\" height=\"150\" src=\"https:\/\/pedagogie.ac-lille.fr\/prof-doc\/wp-content\/uploads\/sites\/57\/2025\/12\/charte-de-la-la-cit-160836-150x150.jpg\" class=\"attachment-thumbnail size-thumbnail wp-post-image\" alt=\"\" style=\"max-width:150px;max-height:150px;\" srcset=\"https:\/\/pedagogie.ac-lille.fr\/prof-doc\/wp-content\/uploads\/sites\/57\/2025\/12\/charte-de-la-la-cit-160836-150x150.jpg 150w, https:\/\/pedagogie.ac-lille.fr\/prof-doc\/wp-content\/uploads\/sites\/57\/2025\/12\/charte-de-la-la-cit-160836-510x510.jpg 510w\" sizes=\"auto, (max-width: 150px) 100vw, 150px\" \/><\/div><a class=\"wp-block-latest-posts__post-title\" href=\"https:\/\/pedagogie.ac-lille.fr\/prof-doc\/laicite\/\">Identifier et valoriser les documents qui font vivre et partager le principe de la\u00efcit\u00e9 au CDI<\/a><div class=\"wp-block-latest-posts__post-excerpt\">Isabelle P\u00e9rard, professeure documentaliste au lyc\u00e9e professionnel Aim\u00e9-C\u00e9saire de Lille, et son coll\u00e8gue Hugo Porentru, professeur de Lettres-Histoire, proposent aux \u00e9l\u00e8ves de cr\u00e9er une s\u00e9lection th\u00e9matique \u00e0 partir des articles de la Charte de la la\u00efcit\u00e9.Cette activit\u00e9 est l\u2019occasion d\u2019identifier et de valoriser les documents qui permettent de faire vivre\u2026 <a class=\"wp-block-latest-posts__read-more\" href=\"https:\/\/pedagogie.ac-lille.fr\/prof-doc\/laicite\/\" rel=\"noopener noreferrer\">Lire la suite<span class=\"screen-reader-text\">\u00a0: Identifier et valoriser les documents qui font vivre et partager le principe de la\u00efcit\u00e9 au CDI<\/span><\/a><\/div><\/li>\n<li><div class=\"wp-block-latest-posts__featured-image alignleft\"><img loading=\"lazy\" decoding=\"async\" width=\"150\" height=\"150\" src=\"https:\/\/pedagogie.ac-lille.fr\/prof-doc\/wp-content\/uploads\/sites\/57\/2025\/01\/ai-generated-9012240_1280-150x150.png\" class=\"attachment-thumbnail size-thumbnail wp-post-image\" alt=\"\" style=\"max-width:150px;max-height:150px;\" srcset=\"https:\/\/pedagogie.ac-lille.fr\/prof-doc\/wp-content\/uploads\/sites\/57\/2025\/01\/ai-generated-9012240_1280-150x150.png 150w, https:\/\/pedagogie.ac-lille.fr\/prof-doc\/wp-content\/uploads\/sites\/57\/2025\/01\/ai-generated-9012240_1280-510x510.png 510w\" sizes=\"auto, (max-width: 150px) 100vw, 150px\" \/><\/div><a class=\"wp-block-latest-posts__post-title\" href=\"https:\/\/pedagogie.ac-lille.fr\/prof-doc\/femmes-inspirantes-une-histoire-en-cartes\/\">Femmes inspirantes\u00a0: une histoire en cartes<\/a><div class=\"wp-block-latest-posts__post-excerpt\">Nathalie Jarnier et Sophie Van Ommeslaeghe, professeures documentalistes au lyc\u00e9e E. Branly de Boulogne-sur-mer, ont accompagn\u00e9 des \u00e9l\u00e8ves dans la r\u00e9alisation d&rsquo;un jeu de cartes sur les femmes inspirantes. Contexte : En EMC, avec l&rsquo;enseignante d&rsquo;histoire g\u00e9ographie, le soutien actif de la r\u00e9f\u00e9rente \u00e9galit\u00e9 filles ga\u00e7ons et de l&rsquo;\u00e9quipe de\u2026 <a class=\"wp-block-latest-posts__read-more\" href=\"https:\/\/pedagogie.ac-lille.fr\/prof-doc\/femmes-inspirantes-une-histoire-en-cartes\/\" rel=\"noopener noreferrer\">Lire la suite<span class=\"screen-reader-text\">\u00a0: Femmes inspirantes\u00a0: une histoire en cartes<\/span><\/a><\/div><\/li>\n<li><div class=\"wp-block-latest-posts__featured-image alignleft\"><img loading=\"lazy\" decoding=\"async\" width=\"150\" height=\"150\" src=\"https:\/\/pedagogie.ac-lille.fr\/prof-doc\/wp-content\/uploads\/sites\/57\/2024\/10\/brain-7716201_1280-150x150.png\" class=\"attachment-thumbnail size-thumbnail wp-post-image\" alt=\"\" style=\"max-width:150px;max-height:150px;\" srcset=\"https:\/\/pedagogie.ac-lille.fr\/prof-doc\/wp-content\/uploads\/sites\/57\/2024\/10\/brain-7716201_1280-150x150.png 150w, https:\/\/pedagogie.ac-lille.fr\/prof-doc\/wp-content\/uploads\/sites\/57\/2024\/10\/brain-7716201_1280-300x300.png 300w, https:\/\/pedagogie.ac-lille.fr\/prof-doc\/wp-content\/uploads\/sites\/57\/2024\/10\/brain-7716201_1280-1022x1024.png 1022w, https:\/\/pedagogie.ac-lille.fr\/prof-doc\/wp-content\/uploads\/sites\/57\/2024\/10\/brain-7716201_1280-768x770.png 768w, https:\/\/pedagogie.ac-lille.fr\/prof-doc\/wp-content\/uploads\/sites\/57\/2024\/10\/brain-7716201_1280-510x510.png 510w, https:\/\/pedagogie.ac-lille.fr\/prof-doc\/wp-content\/uploads\/sites\/57\/2024\/10\/brain-7716201_1280.png 1277w\" sizes=\"auto, (max-width: 150px) 100vw, 150px\" \/><\/div><a class=\"wp-block-latest-posts__post-title\" href=\"https:\/\/pedagogie.ac-lille.fr\/prof-doc\/des-travaux-sur-lesprit-critique-par-le-csen\/\">Des travaux sur l&rsquo;esprit critique par le CSEN<\/a><div class=\"wp-block-latest-posts__post-excerpt\">Le CSEN (Conseil Scientifique de l&rsquo;Education Nationale) a mis en place en 2022 un groupe de travail sur l&rsquo;esprit critique. Les travaux sont publi\u00e9s ici :\u00a0https:\/\/www.reseau-canope.fr\/conseil-scientifique-de-leducation-nationale-site-officiel\/groupes-de-travail\/gt8-developper-lesprit-critique.html\u00a0. On y trouve notamment un r\u00e9f\u00e9rentiel pour l&rsquo;enseignement de l&rsquo;esprit critique clair et synth\u00e9tique t\u00e9l\u00e9chargeable ici :\u00a0https:\/\/www.reseau-canope.fr\/fileadmin\/user_upload\/Projets\/conseil_scientifique_education_nationale\/syntheses_et_recommandations\/1_Competences_de_l_esprit_critique.pdf Article mis en ligne le 28 octobre\u2026 <a class=\"wp-block-latest-posts__read-more\" href=\"https:\/\/pedagogie.ac-lille.fr\/prof-doc\/des-travaux-sur-lesprit-critique-par-le-csen\/\" rel=\"noopener noreferrer\">Lire la suite<span class=\"screen-reader-text\">\u00a0: Des travaux sur l&rsquo;esprit critique par le CSEN<\/span><\/a><\/div><\/li>\n<li><div class=\"wp-block-latest-posts__featured-image alignleft\"><img loading=\"lazy\" decoding=\"async\" width=\"150\" height=\"150\" src=\"https:\/\/pedagogie.ac-lille.fr\/prof-doc\/wp-content\/uploads\/sites\/57\/2024\/05\/women-655353_960_720-150x150.jpg\" class=\"attachment-thumbnail size-thumbnail wp-post-image\" alt=\"\" style=\"max-width:150px;max-height:150px;\" srcset=\"https:\/\/pedagogie.ac-lille.fr\/prof-doc\/wp-content\/uploads\/sites\/57\/2024\/05\/women-655353_960_720-150x150.jpg 150w, https:\/\/pedagogie.ac-lille.fr\/prof-doc\/wp-content\/uploads\/sites\/57\/2024\/05\/women-655353_960_720-510x510.jpg 510w\" sizes=\"auto, (max-width: 150px) 100vw, 150px\" \/><\/div><a class=\"wp-block-latest-posts__post-title\" href=\"https:\/\/pedagogie.ac-lille.fr\/prof-doc\/une-exposition-sur-les-femmes-dans-le-sport-et-les-jo\/\">Une exposition sur les femmes dans le sport et les JO<\/a><div class=\"wp-block-latest-posts__post-excerpt\">Corinne Guitteaud met \u00e0 disposition une s\u00e9rie de panneaux pour une exposition sur les femmes dans le sport et en particulier dans les JO. Elle est disponible via ce lien : https:\/\/corinne-guitteaud.fr\/exposition-femmes-aux-jeux-olympiques\/. Retrouvez le livret p\u00e9dagogique d&rsquo;accompagnement (disponible aussi ici : https:\/\/corinne-guitteaud.fr\/exposition-femmes-dans-les-jo-livret-pedagogique\/) : Article mis \u00e0 jour le 13 mai\u2026 <a class=\"wp-block-latest-posts__read-more\" href=\"https:\/\/pedagogie.ac-lille.fr\/prof-doc\/une-exposition-sur-les-femmes-dans-le-sport-et-les-jo\/\" rel=\"noopener noreferrer\">Lire la suite<span class=\"screen-reader-text\">\u00a0: Une exposition sur les femmes dans le sport et les JO<\/span><\/a><\/div><\/li>\n<\/ul>","protected":false},"excerpt":{"rendered":"","protected":false},"author":71,"featured_media":0,"parent":0,"menu_order":0,"comment_status":"closed","ping_status":"closed","template":"","meta":{"footnotes":""},"class_list":["post-1592","page","type-page","status-publish","czr-hentry"],"publishpress_future_action":{"enabled":false,"date":"2026-04-28 14:33:47","action":"change-status","newStatus":"draft","terms":[],"taxonomy":"","extraData":[]},"publishpress_future_workflow_manual_trigger":{"enabledWorkflows":[]},"_links":{"self":[{"href":"https:\/\/pedagogie.ac-lille.fr\/prof-doc\/wp-json\/wp\/v2\/pages\/1592","targetHints":{"allow":["GET"]}}],"collection":[{"href":"https:\/\/pedagogie.ac-lille.fr\/prof-doc\/wp-json\/wp\/v2\/pages"}],"about":[{"href":"https:\/\/pedagogie.ac-lille.fr\/prof-doc\/wp-json\/wp\/v2\/types\/page"}],"author":[{"embeddable":true,"href":"https:\/\/pedagogie.ac-lille.fr\/prof-doc\/wp-json\/wp\/v2\/users\/71"}],"replies":[{"embeddable":true,"href":"https:\/\/pedagogie.ac-lille.fr\/prof-doc\/wp-json\/wp\/v2\/comments?post=1592"}],"version-history":[{"count":3,"href":"https:\/\/pedagogie.ac-lille.fr\/prof-doc\/wp-json\/wp\/v2\/pages\/1592\/revisions"}],"predecessor-version":[{"id":4235,"href":"https:\/\/pedagogie.ac-lille.fr\/prof-doc\/wp-json\/wp\/v2\/pages\/1592\/revisions\/4235"}],"wp:attachment":[{"href":"https:\/\/pedagogie.ac-lille.fr\/prof-doc\/wp-json\/wp\/v2\/media?parent=1592"}],"curies":[{"name":"wp","href":"https:\/\/api.w.org\/{rel}","templated":true}]}}