{"id":1631,"date":"2023-08-31T17:01:29","date_gmt":"2023-08-31T15:01:29","guid":{"rendered":"https:\/\/pedagogie.ac-lille.fr\/prof-doc\/?page_id=1631"},"modified":"2026-02-15T19:23:04","modified_gmt":"2026-02-15T18:23:04","slug":"et-ailleurs","status":"publish","type":"page","link":"https:\/\/pedagogie.ac-lille.fr\/prof-doc\/et-ailleurs\/","title":{"rendered":"Et ailleurs ?"},"content":{"rendered":"\n<p>Voici plusieurs lettres d&rsquo;informations institutionnelles qui peuvent peut \u00eatre vous int\u00e9resser :<\/p>\n\n\n\n<ul class=\"wp-block-list\">\n<li><a href=\"https:\/\/eduscol.education.fr\/2617\/lettre-edunum-documentation\" target=\"_blank\" rel=\"noreferrer noopener\">Lettre d&rsquo;information \u00c9duNum<\/a>,<\/li>\n\n\n\n<li><a href=\"https:\/\/clemi.site.ac-lille.fr\/page2-2\/\" target=\"_blank\" rel=\"noreferrer noopener\">Lettre d&rsquo;information du CL\u00c9MI<\/a>,<\/li>\n\n\n\n<li><a href=\"https:\/\/draeac.site.ac-lille.fr\/category\/newsletter\/\" target=\"_blank\" rel=\"noreferrer noopener\">Lettre d&rsquo;information de la DREAC<\/a>.<\/li>\n<\/ul>\n\n\n\n<p>Voici d&rsquo;autres lettres que nous appr\u00e9cions : <\/p>\n\n\n\n<ul class=\"wp-block-list\">\n<li><a href=\"https:\/\/outilstice.substack.com\" target=\"_blank\" rel=\"noreferrer noopener\">La lettre \u00ab\u00a0les outils TICE\u00a0\u00bb<\/a><\/li>\n<\/ul>\n","protected":false},"excerpt":{"rendered":"<p>Voici plusieurs lettres d&rsquo;informations institutionnelles qui peuvent peut \u00eatre vous int\u00e9resser : Voici d&rsquo;autres lettres que nous appr\u00e9cions :<\/p>\n","protected":false},"author":71,"featured_media":0,"parent":0,"menu_order":0,"comment_status":"closed","ping_status":"closed","template":"","meta":{"footnotes":""},"class_list":["post-1631","page","type-page","status-publish","czr-hentry"],"publishpress_future_action":{"enabled":false,"date":"2026-04-28 14:33:15","action":"change-status","newStatus":"draft","terms":[],"taxonomy":"","extraData":[]},"publishpress_future_workflow_manual_trigger":{"enabledWorkflows":[]},"_links":{"self":[{"href":"https:\/\/pedagogie.ac-lille.fr\/prof-doc\/wp-json\/wp\/v2\/pages\/1631","targetHints":{"allow":["GET"]}}],"collection":[{"href":"https:\/\/pedagogie.ac-lille.fr\/prof-doc\/wp-json\/wp\/v2\/pages"}],"about":[{"href":"https:\/\/pedagogie.ac-lille.fr\/prof-doc\/wp-json\/wp\/v2\/types\/page"}],"author":[{"embeddable":true,"href":"https:\/\/pedagogie.ac-lille.fr\/prof-doc\/wp-json\/wp\/v2\/users\/71"}],"replies":[{"embeddable":true,"href":"https:\/\/pedagogie.ac-lille.fr\/prof-doc\/wp-json\/wp\/v2\/comments?post=1631"}],"version-history":[{"count":3,"href":"https:\/\/pedagogie.ac-lille.fr\/prof-doc\/wp-json\/wp\/v2\/pages\/1631\/revisions"}],"predecessor-version":[{"id":5246,"href":"https:\/\/pedagogie.ac-lille.fr\/prof-doc\/wp-json\/wp\/v2\/pages\/1631\/revisions\/5246"}],"wp:attachment":[{"href":"https:\/\/pedagogie.ac-lille.fr\/prof-doc\/wp-json\/wp\/v2\/media?parent=1631"}],"curies":[{"name":"wp","href":"https:\/\/api.w.org\/{rel}","templated":true}]}}