{"id":2237,"date":"2024-03-02T15:23:09","date_gmt":"2024-03-02T14:23:09","guid":{"rendered":"https:\/\/pedagogie.ac-lille.fr\/prof-doc\/?page_id=2237"},"modified":"2025-03-30T18:00:26","modified_gmt":"2025-03-30T16:00:26","slug":"laccueil","status":"publish","type":"page","link":"https:\/\/pedagogie.ac-lille.fr\/prof-doc\/laccueil\/","title":{"rendered":"L&rsquo;accueil"},"content":{"rendered":"<ul class=\"wp-block-latest-posts__list has-dates wp-block-latest-posts\"><li><div class=\"wp-block-latest-posts__featured-image alignleft\"><img loading=\"lazy\" decoding=\"async\" width=\"150\" height=\"150\" src=\"https:\/\/pedagogie.ac-lille.fr\/prof-doc\/wp-content\/uploads\/sites\/57\/2026\/02\/20251205_154709001-1-1152x2048-1-e1771777847264-150x150.jpg\" class=\"attachment-thumbnail size-thumbnail wp-post-image\" alt=\"\" style=\"max-width:150px;max-height:150px;\" srcset=\"https:\/\/pedagogie.ac-lille.fr\/prof-doc\/wp-content\/uploads\/sites\/57\/2026\/02\/20251205_154709001-1-1152x2048-1-e1771777847264-150x150.jpg 150w, https:\/\/pedagogie.ac-lille.fr\/prof-doc\/wp-content\/uploads\/sites\/57\/2026\/02\/20251205_154709001-1-1152x2048-1-e1771777847264-510x510.jpg 510w\" sizes=\"auto, (max-width: 150px) 100vw, 150px\" \/><\/div><a class=\"wp-block-latest-posts__post-title\" href=\"https:\/\/pedagogie.ac-lille.fr\/prof-doc\/quand-le-cdi-fete-jane-austen-un-projet-culturel-et-participatif\/\">Quand le CDI f\u00eate\u00a0Jane Austen\u00a0: un projet culturel et participatif<\/a><time datetime=\"2026-02-22T17:29:21+01:00\" class=\"wp-block-latest-posts__post-date\">22 f\u00e9vrier 2026<\/time><div class=\"wp-block-latest-posts__post-excerpt\">Anne-Sophie Salembier, professeure documentaliste au lyc\u00e9e Mariette de Boulogne-sur-Mer a mis en place plusieurs activit\u00e9s pour c\u00e9l\u00e9brer le 250\u00e8me anniversaire de la naissance de Jane Austen. L\u2019initiative vise \u00e0 susciter la curiosit\u00e9, \u00e0 enrichir la culture litt\u00e9raire et artistique des \u00e9l\u00e8ves en les invitant \u00e0 participer \u00e0 des actions ludiques et cr\u00e9atives autour de l\u2019\u0153uvre\u2026 <a class=\"wp-block-latest-posts__read-more\" href=\"https:\/\/pedagogie.ac-lille.fr\/prof-doc\/quand-le-cdi-fete-jane-austen-un-projet-culturel-et-participatif\/\" rel=\"noopener noreferrer\">Lire la suite<span class=\"screen-reader-text\">\u00a0: Quand le CDI f\u00eate\u00a0Jane Austen\u00a0: un projet culturel et participatif<\/span><\/a><\/div><\/li>\n<li><div class=\"wp-block-latest-posts__featured-image alignleft\"><img loading=\"lazy\" decoding=\"async\" width=\"150\" height=\"150\" src=\"https:\/\/pedagogie.ac-lille.fr\/prof-doc\/wp-content\/uploads\/sites\/57\/2025\/05\/sdfsd-150x150.png\" class=\"attachment-thumbnail size-thumbnail wp-post-image\" alt=\"\" style=\"max-width:150px;max-height:150px;\" srcset=\"https:\/\/pedagogie.ac-lille.fr\/prof-doc\/wp-content\/uploads\/sites\/57\/2025\/05\/sdfsd-150x150.png 150w, https:\/\/pedagogie.ac-lille.fr\/prof-doc\/wp-content\/uploads\/sites\/57\/2025\/05\/sdfsd-510x510.png 510w\" sizes=\"auto, (max-width: 150px) 100vw, 150px\" \/><\/div><a class=\"wp-block-latest-posts__post-title\" href=\"https:\/\/pedagogie.ac-lille.fr\/prof-doc\/le-cdi-et-le-developpement-de-la-culture-de-linformation\/\">Le CDI et le d\u00e9veloppement de la culture de l&rsquo;information<\/a><time datetime=\"2025-05-02T10:54:46+02:00\" class=\"wp-block-latest-posts__post-date\">2 mai 2025<\/time><div class=\"wp-block-latest-posts__post-excerpt\">Agathe Vuattier-Dujardin, professeure documentaliste et responsable du Master MEEF documentation INSPE Lille Hauts-de-France, vous pr\u00e9sente une t\u00e2che finale r\u00e9alis\u00e9e sous son encadrement par des \u00e9tudiant\u00b7es de Master 2. Il s&rsquo;agit d&rsquo;un travail produit dans le cadre d&rsquo;un cours qui s&rsquo;intitule : Apprendre et enseigner au CDI.&nbsp; Probl\u00e9matique du cours :&nbsp; Comment faire du CDI un\u2026 <a class=\"wp-block-latest-posts__read-more\" href=\"https:\/\/pedagogie.ac-lille.fr\/prof-doc\/le-cdi-et-le-developpement-de-la-culture-de-linformation\/\" rel=\"noopener noreferrer\">Lire la suite<span class=\"screen-reader-text\">\u00a0: Le CDI et le d\u00e9veloppement de la culture de l&rsquo;information<\/span><\/a><\/div><\/li>\n<li><div class=\"wp-block-latest-posts__featured-image alignleft\"><img loading=\"lazy\" decoding=\"async\" width=\"150\" height=\"150\" src=\"https:\/\/pedagogie.ac-lille.fr\/prof-doc\/wp-content\/uploads\/sites\/57\/2024\/10\/one-3717696_1280-150x150.png\" class=\"attachment-thumbnail size-thumbnail wp-post-image\" alt=\"\" style=\"max-width:150px;max-height:150px;\" srcset=\"https:\/\/pedagogie.ac-lille.fr\/prof-doc\/wp-content\/uploads\/sites\/57\/2024\/10\/one-3717696_1280-150x150.png 150w, https:\/\/pedagogie.ac-lille.fr\/prof-doc\/wp-content\/uploads\/sites\/57\/2024\/10\/one-3717696_1280-510x510.png 510w\" sizes=\"auto, (max-width: 150px) 100vw, 150px\" \/><\/div><a class=\"wp-block-latest-posts__post-title\" href=\"https:\/\/pedagogie.ac-lille.fr\/prof-doc\/pour-un-cdi-inclusif\/\">Pour un CDI inclusif<\/a><time datetime=\"2024-10-28T10:44:41+01:00\" class=\"wp-block-latest-posts__post-date\">28 octobre 2024<\/time><div class=\"wp-block-latest-posts__post-excerpt\">Autrice : Agathe Vuattier-Dujardin (coll\u00e8ge L\u00e9vi-Strauss, Lille) Agathe Vuattier-Dujardin, formatrice INSP\u00e9 et professeure documentaliste au coll\u00e8ge Levi-Strauss jusqu&rsquo;en juin dernier, partage le support de son intervention aupr\u00e8s des animateur\u00b7ices relais le 15 octobre dernier. Partant de la dynamique inclusive propos\u00e9e par la politique documentaire acad\u00e9mique, elle vise \u00e0 r\u00e9pondre \u00e0 la question suivante : \u00ab\u00a0Comment\u2026 <a class=\"wp-block-latest-posts__read-more\" href=\"https:\/\/pedagogie.ac-lille.fr\/prof-doc\/pour-un-cdi-inclusif\/\" rel=\"noopener noreferrer\">Lire la suite<span class=\"screen-reader-text\">\u00a0: Pour un CDI inclusif<\/span><\/a><\/div><\/li>\n<li><div class=\"wp-block-latest-posts__featured-image alignleft\"><img loading=\"lazy\" decoding=\"async\" width=\"150\" height=\"150\" src=\"https:\/\/pedagogie.ac-lille.fr\/prof-doc\/wp-content\/uploads\/sites\/57\/2024\/05\/9-150x150.png\" class=\"attachment-thumbnail size-thumbnail wp-post-image\" alt=\"\" style=\"max-width:150px;max-height:150px;\" srcset=\"https:\/\/pedagogie.ac-lille.fr\/prof-doc\/wp-content\/uploads\/sites\/57\/2024\/05\/9-150x150.png 150w, https:\/\/pedagogie.ac-lille.fr\/prof-doc\/wp-content\/uploads\/sites\/57\/2024\/05\/9-300x300.png 300w, https:\/\/pedagogie.ac-lille.fr\/prof-doc\/wp-content\/uploads\/sites\/57\/2024\/05\/9-1024x1024.png 1024w, https:\/\/pedagogie.ac-lille.fr\/prof-doc\/wp-content\/uploads\/sites\/57\/2024\/05\/9-768x768.png 768w, https:\/\/pedagogie.ac-lille.fr\/prof-doc\/wp-content\/uploads\/sites\/57\/2024\/05\/9-510x510.png 510w, https:\/\/pedagogie.ac-lille.fr\/prof-doc\/wp-content\/uploads\/sites\/57\/2024\/05\/9.png 1080w\" sizes=\"auto, (max-width: 150px) 100vw, 150px\" \/><\/div><a class=\"wp-block-latest-posts__post-title\" href=\"https:\/\/pedagogie.ac-lille.fr\/prof-doc\/les-midis-du-cdi-un-concept-qui-favorise-lintelligence-collective\/\">Les midis du CDI, un concept qui favorise l&rsquo;intelligence collective<\/a><time datetime=\"2024-05-26T19:19:29+02:00\" class=\"wp-block-latest-posts__post-date\">26 mai 2024<\/time><div class=\"wp-block-latest-posts__post-excerpt\">Ce projet s\u2019inscrit dans le cadre des TRAAM Documentation 2023-2024 sur la th\u00e9matique de l\u2019intelligence collective. Il a \u00e9t\u00e9 r\u00e9dig\u00e9 par Florence Font et Ann\u00e9lie Rousseau, professeures documentalistes au lyc\u00e9e Gaston Berger de Lille. Les questions qui se posent Comment cr\u00e9er du collectif au lyc\u00e9e ? Comment faire coop\u00e9rer des \u00e9l\u00e8ves issus de classes diff\u00e9rentes\u2026 <a class=\"wp-block-latest-posts__read-more\" href=\"https:\/\/pedagogie.ac-lille.fr\/prof-doc\/les-midis-du-cdi-un-concept-qui-favorise-lintelligence-collective\/\" rel=\"noopener noreferrer\">Lire la suite<span class=\"screen-reader-text\">\u00a0: Les midis du CDI, un concept qui favorise l&rsquo;intelligence collective<\/span><\/a><\/div><\/li>\n<li><div class=\"wp-block-latest-posts__featured-image alignleft\"><img loading=\"lazy\" decoding=\"async\" width=\"150\" height=\"150\" src=\"https:\/\/pedagogie.ac-lille.fr\/prof-doc\/wp-content\/uploads\/sites\/57\/2024\/03\/400x400_les-pieds-sur-terre-150x150.jpg\" class=\"attachment-thumbnail size-thumbnail wp-post-image\" alt=\"\" style=\"max-width:150px;max-height:150px;\" srcset=\"https:\/\/pedagogie.ac-lille.fr\/prof-doc\/wp-content\/uploads\/sites\/57\/2024\/03\/400x400_les-pieds-sur-terre-150x150.jpg 150w, https:\/\/pedagogie.ac-lille.fr\/prof-doc\/wp-content\/uploads\/sites\/57\/2024\/03\/400x400_les-pieds-sur-terre-300x300.jpg 300w, https:\/\/pedagogie.ac-lille.fr\/prof-doc\/wp-content\/uploads\/sites\/57\/2024\/03\/400x400_les-pieds-sur-terre.jpg 400w\" sizes=\"auto, (max-width: 150px) 100vw, 150px\" \/><\/div><a class=\"wp-block-latest-posts__post-title\" href=\"https:\/\/pedagogie.ac-lille.fr\/prof-doc\/podcast-knowledge-et-le-cdi-dans-les-pieds-sur-terre\/\">Podcast \u00ab\u00a0Knowledge et le CDI\u00a0\u00bb, dans Les Pieds sur Terre<\/a><time datetime=\"2024-03-08T15:59:21+01:00\" class=\"wp-block-latest-posts__post-date\">8 mars 2024<\/time><div class=\"wp-block-latest-posts__post-excerpt\">Sur France Culture, retrouvez \u00ab\u00a0Knowledge et le CDI\u00a0\u00bb diffus\u00e9 le jeudi 08 f\u00e9vrier 2024 dans Les Pieds sur Terre, \u00e9mission de Sonia Kronlund, sp\u00e9cialis\u00e9e dans le reportage sans commentaire. Cette \u00e9mission a \u00e9t\u00e9 rendue possible gr\u00e2ce au travail men\u00e9 par Alice Babin au reportage et Anne-Laure Chanel \u00e0 la r\u00e9alisation. Vous d\u00e9couvrirez alors un podcast\u2026 <a class=\"wp-block-latest-posts__read-more\" href=\"https:\/\/pedagogie.ac-lille.fr\/prof-doc\/podcast-knowledge-et-le-cdi-dans-les-pieds-sur-terre\/\" rel=\"noopener noreferrer\">Lire la suite<span class=\"screen-reader-text\">\u00a0: Podcast \u00ab\u00a0Knowledge et le CDI\u00a0\u00bb, dans Les Pieds sur Terre<\/span><\/a><\/div><\/li>\n<li><div class=\"wp-block-latest-posts__featured-image alignleft\"><img loading=\"lazy\" decoding=\"async\" width=\"150\" height=\"150\" src=\"https:\/\/pedagogie.ac-lille.fr\/prof-doc\/wp-content\/uploads\/sites\/57\/2024\/02\/Capture-decran-2024-02-26-a-07.20.05-150x150.png\" class=\"attachment-thumbnail size-thumbnail wp-post-image\" alt=\"\" style=\"max-width:150px;max-height:150px;\" srcset=\"https:\/\/pedagogie.ac-lille.fr\/prof-doc\/wp-content\/uploads\/sites\/57\/2024\/02\/Capture-decran-2024-02-26-a-07.20.05-150x150.png 150w, https:\/\/pedagogie.ac-lille.fr\/prof-doc\/wp-content\/uploads\/sites\/57\/2024\/02\/Capture-decran-2024-02-26-a-07.20.05-510x510.png 510w\" sizes=\"auto, (max-width: 150px) 100vw, 150px\" \/><\/div><a class=\"wp-block-latest-posts__post-title\" href=\"https:\/\/pedagogie.ac-lille.fr\/prof-doc\/un-rituel-dentree-au-4c\/\">Un rituel d&rsquo;entr\u00e9e au 4C<\/a><time datetime=\"2024-02-26T07:20:44+01:00\" class=\"wp-block-latest-posts__post-date\">26 f\u00e9vrier 2024<\/time><div class=\"wp-block-latest-posts__post-excerpt\">Agathe Vuattier Dujardin, professeure documentaliste au coll\u00e8ge C. L\u00e9vi-Strauss de Lille nous partage son rituel d&rsquo;entr\u00e9e au 4C : les \u00e9l\u00e8ves choisissent un badge pour indiquer leurs activit\u00e9s.<\/div><\/li>\n<li><div class=\"wp-block-latest-posts__featured-image alignleft\"><img loading=\"lazy\" decoding=\"async\" width=\"150\" height=\"150\" src=\"https:\/\/pedagogie.ac-lille.fr\/prof-doc\/wp-content\/uploads\/sites\/57\/2023\/07\/2a91ce19-b134-4aa2-8bf0-5d7c8b39f8c2-1-150x150.jpeg\" class=\"attachment-thumbnail size-thumbnail wp-post-image\" alt=\"\" style=\"max-width:150px;max-height:150px;\" srcset=\"https:\/\/pedagogie.ac-lille.fr\/prof-doc\/wp-content\/uploads\/sites\/57\/2023\/07\/2a91ce19-b134-4aa2-8bf0-5d7c8b39f8c2-1-150x150.jpeg 150w, https:\/\/pedagogie.ac-lille.fr\/prof-doc\/wp-content\/uploads\/sites\/57\/2023\/07\/2a91ce19-b134-4aa2-8bf0-5d7c8b39f8c2-1-510x510.jpeg 510w\" sizes=\"auto, (max-width: 150px) 100vw, 150px\" \/><\/div><a class=\"wp-block-latest-posts__post-title\" href=\"https:\/\/pedagogie.ac-lille.fr\/prof-doc\/une-infographie-pour-la-rentree\/\">Une infographie pour la rentr\u00e9e !<\/a><time datetime=\"2023-07-17T15:45:30+02:00\" class=\"wp-block-latest-posts__post-date\">17 juillet 2023<\/time><div class=\"wp-block-latest-posts__post-excerpt\">Plusieurs coll\u00e8gues r\u00e9alisent une infographie pour la rentr\u00e9e, soit \u00e0 destination des nouveaux coll\u00e8gues, soit pour les \u00e9l\u00e8ves. Cela permet de mieux faire conna\u00eetre le r\u00f4le du professeur documentaliste et la place du CDI\/3C ! Infographie propos\u00e9e par&nbsp;Agathe Vuattier Dujardin pour faire conna\u00eetre le 4C : flyer distribu\u00e9 \u00e0 tous les \u00e9l\u00e8ves \u00e0 la rentr\u00e9e\u2026 <a class=\"wp-block-latest-posts__read-more\" href=\"https:\/\/pedagogie.ac-lille.fr\/prof-doc\/une-infographie-pour-la-rentree\/\" rel=\"noopener noreferrer\">Lire la suite<span class=\"screen-reader-text\">\u00a0: Une infographie pour la rentr\u00e9e !<\/span><\/a><\/div><\/li>\n<li><div class=\"wp-block-latest-posts__featured-image alignleft\"><img loading=\"lazy\" decoding=\"async\" width=\"150\" height=\"150\" src=\"https:\/\/pedagogie.ac-lille.fr\/prof-doc\/wp-content\/uploads\/sites\/57\/2023\/07\/ca42b002-9192-4061-9ebc-c83a343b67b0-150x150.jpeg\" class=\"attachment-thumbnail size-thumbnail wp-post-image\" alt=\"\" style=\"max-width:150px;max-height:150px;\" srcset=\"https:\/\/pedagogie.ac-lille.fr\/prof-doc\/wp-content\/uploads\/sites\/57\/2023\/07\/ca42b002-9192-4061-9ebc-c83a343b67b0-150x150.jpeg 150w, https:\/\/pedagogie.ac-lille.fr\/prof-doc\/wp-content\/uploads\/sites\/57\/2023\/07\/ca42b002-9192-4061-9ebc-c83a343b67b0-510x510.jpeg 510w\" sizes=\"auto, (max-width: 150px) 100vw, 150px\" \/><\/div><a class=\"wp-block-latest-posts__post-title\" href=\"https:\/\/pedagogie.ac-lille.fr\/prof-doc\/le-bien-etre-et-les-competences-sociales-au-college\/\">Le bien-\u00eatre et les comp\u00e9tences sociales au coll\u00e8ge<\/a><time datetime=\"2019-07-17T16:52:00+02:00\" class=\"wp-block-latest-posts__post-date\">17 juillet 2019<\/time><div class=\"wp-block-latest-posts__post-excerpt\">Marie Vasseur-Bouloy, professeure documentaliste au coll\u00e8ge Cobergher de Bergues, a travaill\u00e9 sur le bien-\u00eatre et le d\u00e9veloppement des comp\u00e9tences sociales des adolescents au coll\u00e8ge. Elle a ainsi cr\u00e9\u00e9 un espace d\u00e9di\u00e9 au bien-\u00eatre au CDI.<\/div><\/li>\n<li><div class=\"wp-block-latest-posts__featured-image alignleft\"><img loading=\"lazy\" decoding=\"async\" width=\"150\" height=\"150\" src=\"https:\/\/pedagogie.ac-lille.fr\/prof-doc\/wp-content\/uploads\/sites\/57\/2023\/07\/Capture-de\u0301cran-2023-07-17-a\u0300-16.40.38-150x150.png\" class=\"attachment-thumbnail size-thumbnail wp-post-image\" alt=\"\" style=\"max-width:150px;max-height:150px;\" \/><\/div><a class=\"wp-block-latest-posts__post-title\" href=\"https:\/\/pedagogie.ac-lille.fr\/prof-doc\/les-delegues-cdi\/\">Les d\u00e9l\u00e9gu\u00e9s CDI<\/a><time datetime=\"2017-07-17T16:40:52+02:00\" class=\"wp-block-latest-posts__post-date\">17 juillet 2017<\/time><div class=\"wp-block-latest-posts__post-excerpt\">Autrice : Nathalie Mignot &#8211; Coll\u00e8ge (Le Quesnoy) Nathalie Mignot, qui travaille aujourd&rsquo;hui \u00e0 Canop\u00e9 Poitiers, avait mont\u00e9 au coll\u00e8ge du Quesnoy un projet de \u00ab\u00a0d\u00e9l\u00e9gu\u00e9s CDI\u00a0\u00bb.<\/div><\/li>\n<\/ul>","protected":false},"excerpt":{"rendered":"","protected":false},"author":71,"featured_media":0,"parent":0,"menu_order":0,"comment_status":"closed","ping_status":"closed","template":"","meta":{"footnotes":""},"class_list":["post-2237","page","type-page","status-publish","czr-hentry"],"publishpress_future_action":{"enabled":false,"date":"2026-04-28 14:32:02","action":"change-status","newStatus":"draft","terms":[],"taxonomy":"","extraData":[]},"publishpress_future_workflow_manual_trigger":{"enabledWorkflows":[]},"_links":{"self":[{"href":"https:\/\/pedagogie.ac-lille.fr\/prof-doc\/wp-json\/wp\/v2\/pages\/2237","targetHints":{"allow":["GET"]}}],"collection":[{"href":"https:\/\/pedagogie.ac-lille.fr\/prof-doc\/wp-json\/wp\/v2\/pages"}],"about":[{"href":"https:\/\/pedagogie.ac-lille.fr\/prof-doc\/wp-json\/wp\/v2\/types\/page"}],"author":[{"embeddable":true,"href":"https:\/\/pedagogie.ac-lille.fr\/prof-doc\/wp-json\/wp\/v2\/users\/71"}],"replies":[{"embeddable":true,"href":"https:\/\/pedagogie.ac-lille.fr\/prof-doc\/wp-json\/wp\/v2\/comments?post=2237"}],"version-history":[{"count":3,"href":"https:\/\/pedagogie.ac-lille.fr\/prof-doc\/wp-json\/wp\/v2\/pages\/2237\/revisions"}],"predecessor-version":[{"id":4238,"href":"https:\/\/pedagogie.ac-lille.fr\/prof-doc\/wp-json\/wp\/v2\/pages\/2237\/revisions\/4238"}],"wp:attachment":[{"href":"https:\/\/pedagogie.ac-lille.fr\/prof-doc\/wp-json\/wp\/v2\/media?parent=2237"}],"curies":[{"name":"wp","href":"https:\/\/api.w.org\/{rel}","templated":true}]}}