{"id":2241,"date":"2024-03-02T15:25:59","date_gmt":"2024-03-02T14:25:59","guid":{"rendered":"https:\/\/pedagogie.ac-lille.fr\/prof-doc\/?page_id=2241"},"modified":"2025-03-30T18:00:11","modified_gmt":"2025-03-30T16:00:11","slug":"lespace","status":"publish","type":"page","link":"https:\/\/pedagogie.ac-lille.fr\/prof-doc\/lespace\/","title":{"rendered":"L&rsquo;espace"},"content":{"rendered":"<ul class=\"wp-block-latest-posts__list has-dates wp-block-latest-posts\"><li><div class=\"wp-block-latest-posts__featured-image alignleft\"><img loading=\"lazy\" decoding=\"async\" width=\"150\" height=\"150\" src=\"https:\/\/pedagogie.ac-lille.fr\/prof-doc\/wp-content\/uploads\/sites\/57\/2025\/05\/sdfsd-150x150.png\" class=\"attachment-thumbnail size-thumbnail wp-post-image\" alt=\"\" style=\"max-width:150px;max-height:150px;\" srcset=\"https:\/\/pedagogie.ac-lille.fr\/prof-doc\/wp-content\/uploads\/sites\/57\/2025\/05\/sdfsd-150x150.png 150w, https:\/\/pedagogie.ac-lille.fr\/prof-doc\/wp-content\/uploads\/sites\/57\/2025\/05\/sdfsd-510x510.png 510w\" sizes=\"auto, (max-width: 150px) 100vw, 150px\" \/><\/div><a class=\"wp-block-latest-posts__post-title\" href=\"https:\/\/pedagogie.ac-lille.fr\/prof-doc\/le-cdi-et-le-developpement-de-la-culture-de-linformation\/\">Le CDI et le d\u00e9veloppement de la culture de l&rsquo;information<\/a><time datetime=\"2025-05-02T10:54:46+02:00\" class=\"wp-block-latest-posts__post-date\">2 mai 2025<\/time><div class=\"wp-block-latest-posts__post-excerpt\">Agathe Vuattier-Dujardin, professeure documentaliste et responsable du Master MEEF documentation INSPE Lille Hauts-de-France, vous pr\u00e9sente une t\u00e2che finale r\u00e9alis\u00e9e sous son encadrement par des \u00e9tudiant\u00b7es de Master 2. Il s&rsquo;agit d&rsquo;un travail produit dans le cadre d&rsquo;un cours qui s&rsquo;intitule : Apprendre et enseigner au CDI.&nbsp; Probl\u00e9matique du cours :&nbsp; Comment faire du CDI un\u2026 <a class=\"wp-block-latest-posts__read-more\" href=\"https:\/\/pedagogie.ac-lille.fr\/prof-doc\/le-cdi-et-le-developpement-de-la-culture-de-linformation\/\" rel=\"noopener noreferrer\">Lire la suite<span class=\"screen-reader-text\">\u00a0: Le CDI et le d\u00e9veloppement de la culture de l&rsquo;information<\/span><\/a><\/div><\/li>\n<li><div class=\"wp-block-latest-posts__featured-image alignleft\"><img loading=\"lazy\" decoding=\"async\" width=\"150\" height=\"150\" src=\"https:\/\/pedagogie.ac-lille.fr\/prof-doc\/wp-content\/uploads\/sites\/57\/2024\/10\/one-3717696_1280-150x150.png\" class=\"attachment-thumbnail size-thumbnail wp-post-image\" alt=\"\" style=\"max-width:150px;max-height:150px;\" srcset=\"https:\/\/pedagogie.ac-lille.fr\/prof-doc\/wp-content\/uploads\/sites\/57\/2024\/10\/one-3717696_1280-150x150.png 150w, https:\/\/pedagogie.ac-lille.fr\/prof-doc\/wp-content\/uploads\/sites\/57\/2024\/10\/one-3717696_1280-510x510.png 510w\" sizes=\"auto, (max-width: 150px) 100vw, 150px\" \/><\/div><a class=\"wp-block-latest-posts__post-title\" href=\"https:\/\/pedagogie.ac-lille.fr\/prof-doc\/pour-un-cdi-inclusif\/\">Pour un CDI inclusif<\/a><time datetime=\"2024-10-28T10:44:41+01:00\" class=\"wp-block-latest-posts__post-date\">28 octobre 2024<\/time><div class=\"wp-block-latest-posts__post-excerpt\">Autrice : Agathe Vuattier-Dujardin (coll\u00e8ge L\u00e9vi-Strauss, Lille) Agathe Vuattier-Dujardin, formatrice INSP\u00e9 et professeure documentaliste au coll\u00e8ge Levi-Strauss jusqu&rsquo;en juin dernier, partage le support de son intervention aupr\u00e8s des animateur\u00b7ices relais le 15 octobre dernier. Partant de la dynamique inclusive propos\u00e9e par la politique documentaire acad\u00e9mique, elle vise \u00e0 r\u00e9pondre \u00e0 la question suivante : \u00ab\u00a0Comment\u2026 <a class=\"wp-block-latest-posts__read-more\" href=\"https:\/\/pedagogie.ac-lille.fr\/prof-doc\/pour-un-cdi-inclusif\/\" rel=\"noopener noreferrer\">Lire la suite<span class=\"screen-reader-text\">\u00a0: Pour un CDI inclusif<\/span><\/a><\/div><\/li>\n<li><div class=\"wp-block-latest-posts__featured-image alignleft\"><img loading=\"lazy\" decoding=\"async\" width=\"150\" height=\"150\" src=\"https:\/\/pedagogie.ac-lille.fr\/prof-doc\/wp-content\/uploads\/sites\/57\/2024\/05\/image-18-150x150.png\" class=\"attachment-thumbnail size-thumbnail wp-post-image\" alt=\"\" style=\"max-width:150px;max-height:150px;\" srcset=\"https:\/\/pedagogie.ac-lille.fr\/prof-doc\/wp-content\/uploads\/sites\/57\/2024\/05\/image-18-150x150.png 150w, https:\/\/pedagogie.ac-lille.fr\/prof-doc\/wp-content\/uploads\/sites\/57\/2024\/05\/image-18-510x510.png 510w\" sizes=\"auto, (max-width: 150px) 100vw, 150px\" \/><\/div><a class=\"wp-block-latest-posts__post-title\" href=\"https:\/\/pedagogie.ac-lille.fr\/prof-doc\/comment-utiliser-lintelligence-collective-pour-transformer-le-cdi\/\">Comment utiliser l&rsquo;intelligence collective pour transformer le CDI ?\u00a0<\/a><time datetime=\"2024-06-04T11:49:56+02:00\" class=\"wp-block-latest-posts__post-date\">4 juin 2024<\/time><div class=\"wp-block-latest-posts__post-excerpt\">3 lyc\u00e9es, 3 exp\u00e9riences &nbsp;\u201cEduquer ce n\u2019est pas remplir un vase, c\u2019est allumer un feu.\u201d William Buttler Yeats, cit\u00e9 par Fran\u00e7ois Tadd\u00e9i. Apprendre au 21\u00e8 si\u00e8cle. Calmann-Levy, 2018. Cet article r\u00e9flexif a \u00e9t\u00e9 \u00e9crit et publi\u00e9 dans le cadre des TRaAM Documentation 2023-2024 sur l&rsquo;intelligence collective. Des professeures documentalistes de l&rsquo;acad\u00e9mie (Ann\u00e9lie Rousseau, Florence Font,\u2026 <a class=\"wp-block-latest-posts__read-more\" href=\"https:\/\/pedagogie.ac-lille.fr\/prof-doc\/comment-utiliser-lintelligence-collective-pour-transformer-le-cdi\/\" rel=\"noopener noreferrer\">Lire la suite<span class=\"screen-reader-text\">\u00a0: Comment utiliser l&rsquo;intelligence collective pour transformer le CDI ?\u00a0<\/span><\/a><\/div><\/li>\n<li><div class=\"wp-block-latest-posts__featured-image alignleft\"><img loading=\"lazy\" decoding=\"async\" width=\"150\" height=\"150\" src=\"https:\/\/pedagogie.ac-lille.fr\/prof-doc\/wp-content\/uploads\/sites\/57\/2024\/03\/Capture-decran-2024-03-19-a-21.18.54-150x150.png\" class=\"attachment-thumbnail size-thumbnail wp-post-image\" alt=\"\" style=\"max-width:150px;max-height:150px;\" srcset=\"https:\/\/pedagogie.ac-lille.fr\/prof-doc\/wp-content\/uploads\/sites\/57\/2024\/03\/Capture-decran-2024-03-19-a-21.18.54-150x150.png 150w, https:\/\/pedagogie.ac-lille.fr\/prof-doc\/wp-content\/uploads\/sites\/57\/2024\/03\/Capture-decran-2024-03-19-a-21.18.54-510x510.png 510w\" sizes=\"auto, (max-width: 150px) 100vw, 150px\" \/><\/div><a class=\"wp-block-latest-posts__post-title\" href=\"https:\/\/pedagogie.ac-lille.fr\/prof-doc\/une-signaletique-par-les-objets\/\">Une signal\u00e9tique par les objets<\/a><time datetime=\"2024-03-19T21:19:18+01:00\" class=\"wp-block-latest-posts__post-date\">19 mars 2024<\/time><div class=\"wp-block-latest-posts__post-excerpt\">Isabelle P\u00e9rard, professeure documentaliste au lyc\u00e9e professionnel Aim\u00e9 C\u00e9saire de Lille, nous partage un support expliquant sa d\u00e9marche autour de la signal\u00e9tique. Dans une d\u00e9marche inclusive, elle utilise des objets pour symboliser le fonds documentaire.<\/div><\/li>\n<li><div class=\"wp-block-latest-posts__featured-image alignleft\"><img loading=\"lazy\" decoding=\"async\" width=\"150\" height=\"150\" src=\"https:\/\/pedagogie.ac-lille.fr\/prof-doc\/wp-content\/uploads\/sites\/57\/2023\/07\/f9f4d1a9-6a3a-435e-a5b1-bfcfb4e0ea81-150x150.png\" class=\"attachment-thumbnail size-thumbnail wp-post-image\" alt=\"\" style=\"max-width:150px;max-height:150px;\" srcset=\"https:\/\/pedagogie.ac-lille.fr\/prof-doc\/wp-content\/uploads\/sites\/57\/2023\/07\/f9f4d1a9-6a3a-435e-a5b1-bfcfb4e0ea81-150x150.png 150w, https:\/\/pedagogie.ac-lille.fr\/prof-doc\/wp-content\/uploads\/sites\/57\/2023\/07\/f9f4d1a9-6a3a-435e-a5b1-bfcfb4e0ea81-510x510.png 510w\" sizes=\"auto, (max-width: 150px) 100vw, 150px\" \/><\/div><a class=\"wp-block-latest-posts__post-title\" href=\"https:\/\/pedagogie.ac-lille.fr\/prof-doc\/un-fond-decran-organisateur\/\">Un fond d&rsquo;\u00e9cran &#8211; organisateur !<\/a><time datetime=\"2023-07-17T15:40:57+02:00\" class=\"wp-block-latest-posts__post-date\">17 juillet 2023<\/time><div class=\"wp-block-latest-posts__post-excerpt\">En r\u00e9union au CDI du lyc\u00e9e Cousteau de Wasquehal, nous avons d\u00e9couvert le fond d&rsquo;\u00e9cran d&rsquo;Audrey Callebaut&#8230; Un vrai d\u00e9clic organisationnel pour ceux qui cherchent sans cesse leurs affaires sur le bureau&#8230; Le fond d&rsquo;\u00e9cran d&rsquo;Audrey Callebaut (r\u00e9alis\u00e9 avec Piktochart) : Le fond d&rsquo;\u00e9cran de M\u00e9lanie Serret (r\u00e9alis\u00e9 avec G\u00e9nial.ly) : Vous aussi vous avez\u2026 <a class=\"wp-block-latest-posts__read-more\" href=\"https:\/\/pedagogie.ac-lille.fr\/prof-doc\/un-fond-decran-organisateur\/\" rel=\"noopener noreferrer\">Lire la suite<span class=\"screen-reader-text\">\u00a0: Un fond d&rsquo;\u00e9cran &#8211; organisateur !<\/span><\/a><\/div><\/li>\n<li><div class=\"wp-block-latest-posts__featured-image alignleft\"><img loading=\"lazy\" decoding=\"async\" width=\"150\" height=\"150\" src=\"https:\/\/pedagogie.ac-lille.fr\/prof-doc\/wp-content\/uploads\/sites\/57\/2023\/08\/4b52fab5-b234-4085-9470-697e44f38b88-150x150.png\" class=\"attachment-thumbnail size-thumbnail wp-post-image\" alt=\"\" style=\"max-width:150px;max-height:150px;\" srcset=\"https:\/\/pedagogie.ac-lille.fr\/prof-doc\/wp-content\/uploads\/sites\/57\/2023\/08\/4b52fab5-b234-4085-9470-697e44f38b88-150x150.png 150w, https:\/\/pedagogie.ac-lille.fr\/prof-doc\/wp-content\/uploads\/sites\/57\/2023\/08\/4b52fab5-b234-4085-9470-697e44f38b88.png 200w\" sizes=\"auto, (max-width: 150px) 100vw, 150px\" \/><\/div><a class=\"wp-block-latest-posts__post-title\" href=\"https:\/\/pedagogie.ac-lille.fr\/prof-doc\/une-signaletique-pour-faire-evoluer-notre-impact-energetique-et-environnemental-au-quotidien\/\">Une signal\u00e9tique pour faire \u00e9voluer notre impact \u00e9nerg\u00e9tique et environnemental au quotidien<\/a><time datetime=\"2022-08-28T11:36:00+02:00\" class=\"wp-block-latest-posts__post-date\">28 ao\u00fbt 2022<\/time><div class=\"wp-block-latest-posts__post-excerpt\">H\u00e9l\u00e8ne Limat, professeure coordonnatrice de l\u2019ULIS au Coll\u00e8ge R\u00e9publique \u00e0 Calais, pr\u00e9sente la cr\u00e9ation d\u2019une signal\u00e9tique visant \u00e0 faire changer les comportements en mati\u00e8re de consommation \u00e9nerg\u00e9tique \u00e0 partir d\u2019un nudge qui fait partie de l\u2019axe 1 des TraAM EMI 2021-2022. Autrice : H\u00e9l\u00e8ne Limat &#8211; Coll\u00e8ge R\u00e9publique (Calais) Niveau&nbsp;: 13 \u00e9l\u00e8ves d\u2019Ulis TFC (Troubles\u2026 <a class=\"wp-block-latest-posts__read-more\" href=\"https:\/\/pedagogie.ac-lille.fr\/prof-doc\/une-signaletique-pour-faire-evoluer-notre-impact-energetique-et-environnemental-au-quotidien\/\" rel=\"noopener noreferrer\">Lire la suite<span class=\"screen-reader-text\">\u00a0: Une signal\u00e9tique pour faire \u00e9voluer notre impact \u00e9nerg\u00e9tique et environnemental au quotidien<\/span><\/a><\/div><\/li>\n<li><div class=\"wp-block-latest-posts__featured-image alignleft\"><img loading=\"lazy\" decoding=\"async\" width=\"150\" height=\"150\" src=\"https:\/\/pedagogie.ac-lille.fr\/prof-doc\/wp-content\/uploads\/sites\/57\/2023\/07\/english-ge24f31bc1_1280-150x150.jpg\" class=\"attachment-thumbnail size-thumbnail wp-post-image\" alt=\"\" style=\"max-width:150px;max-height:150px;\" srcset=\"https:\/\/pedagogie.ac-lille.fr\/prof-doc\/wp-content\/uploads\/sites\/57\/2023\/07\/english-ge24f31bc1_1280-150x150.jpg 150w, https:\/\/pedagogie.ac-lille.fr\/prof-doc\/wp-content\/uploads\/sites\/57\/2023\/07\/english-ge24f31bc1_1280-510x510.jpg 510w\" sizes=\"auto, (max-width: 150px) 100vw, 150px\" \/><\/div><a class=\"wp-block-latest-posts__post-title\" href=\"https:\/\/pedagogie.ac-lille.fr\/prof-doc\/reflexions-sur-le-classement\/\">R\u00e9flexions sur le classement<\/a><time datetime=\"2021-07-17T15:30:06+02:00\" class=\"wp-block-latest-posts__post-date\">17 juillet 2021<\/time><div class=\"wp-block-latest-posts__post-excerpt\">Des professeurs documentalistes tentent de simplifier le classement des documents pour en favoriser l&rsquo;acc\u00e8s. Dans le cadre des Travaux acad\u00e9miques mutualis\u00e9s en Documentation, l&rsquo;acad\u00e9mie de Guyane a&nbsp;travaill\u00e9 sur une r\u00e9flexion autour de la signal\u00e9tique. Des professeurs documentalistes de l&rsquo;acad\u00e9mie de Lille ont \u00e9galement travaill\u00e9 sur cette th\u00e9matique :&nbsp;<\/div><\/li>\n<li><div class=\"wp-block-latest-posts__featured-image alignleft\"><img loading=\"lazy\" decoding=\"async\" width=\"150\" height=\"150\" src=\"https:\/\/pedagogie.ac-lille.fr\/prof-doc\/wp-content\/uploads\/sites\/57\/2023\/07\/ca42b002-9192-4061-9ebc-c83a343b67b0-150x150.jpeg\" class=\"attachment-thumbnail size-thumbnail wp-post-image\" alt=\"\" style=\"max-width:150px;max-height:150px;\" srcset=\"https:\/\/pedagogie.ac-lille.fr\/prof-doc\/wp-content\/uploads\/sites\/57\/2023\/07\/ca42b002-9192-4061-9ebc-c83a343b67b0-150x150.jpeg 150w, https:\/\/pedagogie.ac-lille.fr\/prof-doc\/wp-content\/uploads\/sites\/57\/2023\/07\/ca42b002-9192-4061-9ebc-c83a343b67b0-510x510.jpeg 510w\" sizes=\"auto, (max-width: 150px) 100vw, 150px\" \/><\/div><a class=\"wp-block-latest-posts__post-title\" href=\"https:\/\/pedagogie.ac-lille.fr\/prof-doc\/le-bien-etre-et-les-competences-sociales-au-college\/\">Le bien-\u00eatre et les comp\u00e9tences sociales au coll\u00e8ge<\/a><time datetime=\"2019-07-17T16:52:00+02:00\" class=\"wp-block-latest-posts__post-date\">17 juillet 2019<\/time><div class=\"wp-block-latest-posts__post-excerpt\">Marie Vasseur-Bouloy, professeure documentaliste au coll\u00e8ge Cobergher de Bergues, a travaill\u00e9 sur le bien-\u00eatre et le d\u00e9veloppement des comp\u00e9tences sociales des adolescents au coll\u00e8ge. Elle a ainsi cr\u00e9\u00e9 un espace d\u00e9di\u00e9 au bien-\u00eatre au CDI.<\/div><\/li>\n<li><div class=\"wp-block-latest-posts__featured-image alignleft\"><img loading=\"lazy\" decoding=\"async\" width=\"150\" height=\"133\" src=\"https:\/\/pedagogie.ac-lille.fr\/prof-doc\/wp-content\/uploads\/sites\/57\/2023\/07\/9ffe61d0-6fe2-4397-98f7-70b16127844e-150x133.jpeg\" class=\"attachment-thumbnail size-thumbnail wp-post-image\" alt=\"\" style=\"max-width:150px;max-height:150px;\" \/><\/div><a class=\"wp-block-latest-posts__post-title\" href=\"https:\/\/pedagogie.ac-lille.fr\/prof-doc\/le-fablab-le-cdi-et-les-livres\/\">Le FabLab, le CDI et les livres<\/a><time datetime=\"2018-07-17T16:49:00+02:00\" class=\"wp-block-latest-posts__post-date\">17 juillet 2018<\/time><div class=\"wp-block-latest-posts__post-excerpt\">Autrice : C\u00e9cila Courbot &#8211; Lyc\u00e9e Polyvalent Condorcet (Lens) La toute nouvelle r\u00e9gion des Haut de France a un projet ambitieux pour ses lyc\u00e9es et elle le d\u00e9veloppait en 8 axes prioritaires en d\u00e9cembre dernier. Etonnamment, en troisi\u00e8me position se situait le d\u00e9ploiement de 50 fablabs dans les lyc\u00e9es, depuis rebaptis\u00e9s ECRINS (Espace commun de\u2026 <a class=\"wp-block-latest-posts__read-more\" href=\"https:\/\/pedagogie.ac-lille.fr\/prof-doc\/le-fablab-le-cdi-et-les-livres\/\" rel=\"noopener noreferrer\">Lire la suite<span class=\"screen-reader-text\">\u00a0: Le FabLab, le CDI et les livres<\/span><\/a><\/div><\/li>\n<\/ul>","protected":false},"excerpt":{"rendered":"","protected":false},"author":71,"featured_media":0,"parent":0,"menu_order":0,"comment_status":"closed","ping_status":"closed","template":"","meta":{"footnotes":""},"class_list":["post-2241","page","type-page","status-publish","czr-hentry"],"publishpress_future_action":{"enabled":false,"date":"2026-04-28 14:33:14","action":"change-status","newStatus":"draft","terms":[],"taxonomy":"","extraData":[]},"publishpress_future_workflow_manual_trigger":{"enabledWorkflows":[]},"_links":{"self":[{"href":"https:\/\/pedagogie.ac-lille.fr\/prof-doc\/wp-json\/wp\/v2\/pages\/2241","targetHints":{"allow":["GET"]}}],"collection":[{"href":"https:\/\/pedagogie.ac-lille.fr\/prof-doc\/wp-json\/wp\/v2\/pages"}],"about":[{"href":"https:\/\/pedagogie.ac-lille.fr\/prof-doc\/wp-json\/wp\/v2\/types\/page"}],"author":[{"embeddable":true,"href":"https:\/\/pedagogie.ac-lille.fr\/prof-doc\/wp-json\/wp\/v2\/users\/71"}],"replies":[{"embeddable":true,"href":"https:\/\/pedagogie.ac-lille.fr\/prof-doc\/wp-json\/wp\/v2\/comments?post=2241"}],"version-history":[{"count":2,"href":"https:\/\/pedagogie.ac-lille.fr\/prof-doc\/wp-json\/wp\/v2\/pages\/2241\/revisions"}],"predecessor-version":[{"id":4237,"href":"https:\/\/pedagogie.ac-lille.fr\/prof-doc\/wp-json\/wp\/v2\/pages\/2241\/revisions\/4237"}],"wp:attachment":[{"href":"https:\/\/pedagogie.ac-lille.fr\/prof-doc\/wp-json\/wp\/v2\/media?parent=2241"}],"curies":[{"name":"wp","href":"https:\/\/api.w.org\/{rel}","templated":true}]}}