{"id":2243,"date":"2024-03-02T15:26:57","date_gmt":"2024-03-02T14:26:57","guid":{"rendered":"https:\/\/pedagogie.ac-lille.fr\/prof-doc\/?page_id=2243"},"modified":"2025-03-30T18:00:46","modified_gmt":"2025-03-30T16:00:46","slug":"le-fonds","status":"publish","type":"page","link":"https:\/\/pedagogie.ac-lille.fr\/prof-doc\/le-fonds\/","title":{"rendered":"Le fonds"},"content":{"rendered":"<ul class=\"wp-block-latest-posts__list has-dates wp-block-latest-posts\"><li><div class=\"wp-block-latest-posts__featured-image alignleft\"><img loading=\"lazy\" decoding=\"async\" width=\"150\" height=\"150\" src=\"https:\/\/pedagogie.ac-lille.fr\/prof-doc\/wp-content\/uploads\/sites\/57\/2026\/02\/Capture-decran-2026-02-27-a-09.02.15-150x150.png\" class=\"attachment-thumbnail size-thumbnail wp-post-image\" alt=\"\" style=\"max-width:150px;max-height:150px;\" srcset=\"https:\/\/pedagogie.ac-lille.fr\/prof-doc\/wp-content\/uploads\/sites\/57\/2026\/02\/Capture-decran-2026-02-27-a-09.02.15-150x150.png 150w, https:\/\/pedagogie.ac-lille.fr\/prof-doc\/wp-content\/uploads\/sites\/57\/2026\/02\/Capture-decran-2026-02-27-a-09.02.15-510x510.png 510w\" sizes=\"auto, (max-width: 150px) 100vw, 150px\" \/><\/div><a class=\"wp-block-latest-posts__post-title\" href=\"https:\/\/pedagogie.ac-lille.fr\/prof-doc\/le-smartphone-peut-il-faciliter-lacces-a-la-lecture-et-a-la-litterature\/\">Le smartphone peut-il faciliter l\u2019acc\u00e8s \u00e0 la lecture et \u00e0 la litt\u00e9rature\u00a0?<\/a><time datetime=\"2026-02-27T09:03:08+01:00\" class=\"wp-block-latest-posts__post-date\">27 f\u00e9vrier 2026<\/time><div class=\"wp-block-latest-posts__post-excerpt\">Sophie Van Ommeslaeghe, professeure documentaliste au lyc\u00e9e polyvalent Branly de Boulogne-sur-Mer, a r\u00e9alis\u00e9 un support num\u00e9rique pour valoriser des ressources num\u00e9riques. Le smartphone \u00e9tant omnipr\u00e9sent dans la vie des lyc\u00e9ens, l\u2019id\u00e9e d\u2019en faire aussi un outil d\u2019acc\u00e8s \u00e0 la lecture et \u00e0 la litt\u00e9rature s\u2019est concr\u00e9tis\u00e9e \u00e0 la faveur du lancement de l\u2019application Louise Reader\u2026 <a class=\"wp-block-latest-posts__read-more\" href=\"https:\/\/pedagogie.ac-lille.fr\/prof-doc\/le-smartphone-peut-il-faciliter-lacces-a-la-lecture-et-a-la-litterature\/\" rel=\"noopener noreferrer\">Lire la suite<span class=\"screen-reader-text\">\u00a0: Le smartphone peut-il faciliter l\u2019acc\u00e8s \u00e0 la lecture et \u00e0 la litt\u00e9rature\u00a0?<\/span><\/a><\/div><\/li>\n<li><div class=\"wp-block-latest-posts__featured-image alignleft\"><img loading=\"lazy\" decoding=\"async\" width=\"150\" height=\"150\" src=\"https:\/\/pedagogie.ac-lille.fr\/prof-doc\/wp-content\/uploads\/sites\/57\/2025\/06\/books-2566812_1280-150x150.jpg\" class=\"attachment-thumbnail size-thumbnail wp-post-image\" alt=\"\" style=\"max-width:150px;max-height:150px;\" srcset=\"https:\/\/pedagogie.ac-lille.fr\/prof-doc\/wp-content\/uploads\/sites\/57\/2025\/06\/books-2566812_1280-150x150.jpg 150w, https:\/\/pedagogie.ac-lille.fr\/prof-doc\/wp-content\/uploads\/sites\/57\/2025\/06\/books-2566812_1280-510x510.jpg 510w\" sizes=\"auto, (max-width: 150px) 100vw, 150px\" \/><\/div><a class=\"wp-block-latest-posts__post-title\" href=\"https:\/\/pedagogie.ac-lille.fr\/prof-doc\/la-sofia-et-le-droit-de-pret-dans-les-eple\/\">La Sofia et le droit de pr\u00eat dans les EPLE\u00a0<\/a><time datetime=\"2025-06-10T19:39:10+02:00\" class=\"wp-block-latest-posts__post-date\">10 juin 2025<\/time><div class=\"wp-block-latest-posts__post-excerpt\">La Sofia (Soci\u00e9t\u00e9 fran\u00e7aise des int\u00e9r\u00eats des auteurs de l\u2019\u00e9crit) est un organisme agr\u00e9\u00e9 par le minist\u00e8re de la Culture pour, entre autres missions, g\u00e9rer le droit de pr\u00eat en biblioth\u00e8que qui permet aux auteurs et \u00e9diteurs d\u2019\u00eatre r\u00e9mun\u00e9r\u00e9s au titre du pr\u00eat de leurs ouvrages en biblioth\u00e8que et en centre documentaire. Cette r\u00e9mun\u00e9ration est\u2026 <a class=\"wp-block-latest-posts__read-more\" href=\"https:\/\/pedagogie.ac-lille.fr\/prof-doc\/la-sofia-et-le-droit-de-pret-dans-les-eple\/\" rel=\"noopener noreferrer\">Lire la suite<span class=\"screen-reader-text\">\u00a0: La Sofia et le droit de pr\u00eat dans les EPLE\u00a0<\/span><\/a><\/div><\/li>\n<li><div class=\"wp-block-latest-posts__featured-image alignleft\"><img loading=\"lazy\" decoding=\"async\" width=\"150\" height=\"150\" src=\"https:\/\/pedagogie.ac-lille.fr\/prof-doc\/wp-content\/uploads\/sites\/57\/2023\/09\/0d94c9a1-db7c-4cdc-aef6-b5c92e508aa1-150x150.png\" class=\"attachment-thumbnail size-thumbnail wp-post-image\" alt=\"\" style=\"max-width:150px;max-height:150px;\" srcset=\"https:\/\/pedagogie.ac-lille.fr\/prof-doc\/wp-content\/uploads\/sites\/57\/2023\/09\/0d94c9a1-db7c-4cdc-aef6-b5c92e508aa1-150x150.png 150w, https:\/\/pedagogie.ac-lille.fr\/prof-doc\/wp-content\/uploads\/sites\/57\/2023\/09\/0d94c9a1-db7c-4cdc-aef6-b5c92e508aa1.png 200w\" sizes=\"auto, (max-width: 150px) 100vw, 150px\" \/><\/div><a class=\"wp-block-latest-posts__post-title\" href=\"https:\/\/pedagogie.ac-lille.fr\/prof-doc\/partager-des-selections-esidoc-dans-lent\/\">Partager des s\u00e9lections esidoc dans l&rsquo;ENT<\/a><time datetime=\"2023-09-01T11:50:59+02:00\" class=\"wp-block-latest-posts__post-date\">1 septembre 2023<\/time><div class=\"wp-block-latest-posts__post-excerpt\">Lucas Delafosse, professeur documentaliste au coll\u00e8ge Boris Vian de Croix nous partage un tutoriel vid\u00e9o pour partager une s\u00e9lection esidoc dans l&rsquo;ENT. Retrouvez le tuto sur sa page d&rsquo;origine&nbsp;en cliquant ici<\/div><\/li>\n<li><div class=\"wp-block-latest-posts__featured-image alignleft\"><img loading=\"lazy\" decoding=\"async\" width=\"150\" height=\"150\" src=\"https:\/\/pedagogie.ac-lille.fr\/prof-doc\/wp-content\/uploads\/sites\/57\/2023\/07\/e9a14575-0677-4c14-8672-91e864eb1077-150x150.png\" class=\"attachment-thumbnail size-thumbnail wp-post-image\" alt=\"\" style=\"max-width:150px;max-height:150px;\" srcset=\"https:\/\/pedagogie.ac-lille.fr\/prof-doc\/wp-content\/uploads\/sites\/57\/2023\/07\/e9a14575-0677-4c14-8672-91e864eb1077-150x150.png 150w, https:\/\/pedagogie.ac-lille.fr\/prof-doc\/wp-content\/uploads\/sites\/57\/2023\/07\/e9a14575-0677-4c14-8672-91e864eb1077.png 200w\" sizes=\"auto, (max-width: 150px) 100vw, 150px\" \/><\/div><a class=\"wp-block-latest-posts__post-title\" href=\"https:\/\/pedagogie.ac-lille.fr\/prof-doc\/une-materiautheque-au-lp\/\">Une mat\u00e9riauth\u00e8que au LP<\/a><time datetime=\"2022-07-17T17:06:00+02:00\" class=\"wp-block-latest-posts__post-date\">17 juillet 2022<\/time><div class=\"wp-block-latest-posts__post-excerpt\">Delphine Abraham, professeure documentaliste au LP Le Corbusier de Tourcoing, pr\u00e9sente ici ce qu&rsquo;est une mat\u00e9riauth\u00e8que et comment l&rsquo;exploiter pour que les \u00e9l\u00e8ves en tirent profit en lyc\u00e9e professionnel.<\/div><\/li>\n<li><div class=\"wp-block-latest-posts__featured-image alignleft\"><img loading=\"lazy\" decoding=\"async\" width=\"150\" height=\"150\" src=\"https:\/\/pedagogie.ac-lille.fr\/prof-doc\/wp-content\/uploads\/sites\/57\/2023\/07\/Capture-de\u0301cran-2023-07-17-a\u0300-16.43.19-150x150.png\" class=\"attachment-thumbnail size-thumbnail wp-post-image\" alt=\"\" style=\"max-width:150px;max-height:150px;\" \/><\/div><a class=\"wp-block-latest-posts__post-title\" href=\"https:\/\/pedagogie.ac-lille.fr\/prof-doc\/un-recolement-sous-forme-de-jeu\/\">Un r\u00e9colement sous forme de jeu<\/a><time datetime=\"2017-07-17T16:43:36+02:00\" class=\"wp-block-latest-posts__post-date\">17 juillet 2017<\/time><div class=\"wp-block-latest-posts__post-excerpt\">Autrice : Isabelle Schaff &#8211; Coll\u00e8ge Joliot Curie (Lallaing) Isabelle Schaff, qui \u00e9tait professeure documentaliste au coll\u00e8ge Joliot Curie de Lallaing (aujourd&rsquo;hui professeure des \u00e9coles) avait \u00e9labor\u00e9 un Bingo pour faire le r\u00e9colement avec ses \u00e9l\u00e8ves.<\/div><\/li>\n<\/ul>","protected":false},"excerpt":{"rendered":"","protected":false},"author":71,"featured_media":0,"parent":0,"menu_order":0,"comment_status":"closed","ping_status":"closed","template":"","meta":{"footnotes":""},"class_list":["post-2243","page","type-page","status-publish","czr-hentry"],"publishpress_future_action":{"enabled":false,"date":"2026-04-28 14:32:55","action":"change-status","newStatus":"draft","terms":[],"taxonomy":"","extraData":[]},"publishpress_future_workflow_manual_trigger":{"enabledWorkflows":[]},"_links":{"self":[{"href":"https:\/\/pedagogie.ac-lille.fr\/prof-doc\/wp-json\/wp\/v2\/pages\/2243","targetHints":{"allow":["GET"]}}],"collection":[{"href":"https:\/\/pedagogie.ac-lille.fr\/prof-doc\/wp-json\/wp\/v2\/pages"}],"about":[{"href":"https:\/\/pedagogie.ac-lille.fr\/prof-doc\/wp-json\/wp\/v2\/types\/page"}],"author":[{"embeddable":true,"href":"https:\/\/pedagogie.ac-lille.fr\/prof-doc\/wp-json\/wp\/v2\/users\/71"}],"replies":[{"embeddable":true,"href":"https:\/\/pedagogie.ac-lille.fr\/prof-doc\/wp-json\/wp\/v2\/comments?post=2243"}],"version-history":[{"count":2,"href":"https:\/\/pedagogie.ac-lille.fr\/prof-doc\/wp-json\/wp\/v2\/pages\/2243\/revisions"}],"predecessor-version":[{"id":4239,"href":"https:\/\/pedagogie.ac-lille.fr\/prof-doc\/wp-json\/wp\/v2\/pages\/2243\/revisions\/4239"}],"wp:attachment":[{"href":"https:\/\/pedagogie.ac-lille.fr\/prof-doc\/wp-json\/wp\/v2\/media?parent=2243"}],"curies":[{"name":"wp","href":"https:\/\/api.w.org\/{rel}","templated":true}]}}