{"id":5110,"date":"2026-01-14T15:21:24","date_gmt":"2026-01-14T14:21:24","guid":{"rendered":"https:\/\/pedagogie.ac-lille.fr\/prof-doc\/?page_id=5110"},"modified":"2026-04-09T13:17:28","modified_gmt":"2026-04-09T11:17:28","slug":"traam-emi-2023-2024-evaluer-linformation-a-lere-du-numerique-artificiel-2","status":"publish","type":"page","link":"https:\/\/pedagogie.ac-lille.fr\/prof-doc\/traam-emi-2023-2024-evaluer-linformation-a-lere-du-numerique-artificiel-2\/","title":{"rendered":"TRaAM EMI 2025-2026"},"content":{"rendered":"\n<h2 class=\"wp-block-heading\">Appel \u00e0 candidatures : <\/h2>\n\n\n\n<figure class=\"wp-block-image size-large\"><img loading=\"lazy\" decoding=\"async\" width=\"1024\" height=\"236\" src=\"http:\/\/pedagogie.ac-lille.fr\/prof-doc\/wp-content\/uploads\/sites\/57\/2026\/01\/Capture-decran-2026-01-14-a-15.24.34-1024x236.png\" alt=\"\" class=\"wp-image-5115\" srcset=\"https:\/\/pedagogie.ac-lille.fr\/prof-doc\/wp-content\/uploads\/sites\/57\/2026\/01\/Capture-decran-2026-01-14-a-15.24.34-1024x236.png 1024w, https:\/\/pedagogie.ac-lille.fr\/prof-doc\/wp-content\/uploads\/sites\/57\/2026\/01\/Capture-decran-2026-01-14-a-15.24.34-300x69.png 300w, https:\/\/pedagogie.ac-lille.fr\/prof-doc\/wp-content\/uploads\/sites\/57\/2026\/01\/Capture-decran-2026-01-14-a-15.24.34-768x177.png 768w, https:\/\/pedagogie.ac-lille.fr\/prof-doc\/wp-content\/uploads\/sites\/57\/2026\/01\/Capture-decran-2026-01-14-a-15.24.34.png 1226w\" sizes=\"auto, (max-width: 1024px) 100vw, 1024px\" \/><\/figure>\n\n\n\n<h2 class=\"wp-block-heading\">Proposition de l&rsquo;acad\u00e9mie de Lille : <\/h2>\n\n\n\n<p>L&rsquo;intelligence artificielle (IA) est en train de transformer notre soci\u00e9t\u00e9 \u00e0 une vitesse sans pr\u00e9c\u00e9dent, apportant avec elle des innovations fascinantes mais aussi des d\u00e9fis \u00e9thiques complexes.&nbsp;<\/p>\n\n\n\n<p>Parmi ces d\u00e9fis figure d\u2019abord la <strong>transparence des algorithmes<\/strong>, qui interroge la mani\u00e8re dont les d\u00e9cisions automatis\u00e9es sont prises, et la capacit\u00e9 des citoyens \u00e0 comprendre, questionner ou contester ces d\u00e9cisions. Il est crucial que les \u00e9l\u00e8ves ne soient pas de simples consommateurs passifs de ces technologies, mais d\u00e9veloppent un <strong>esprit critique<\/strong>, en connaissant les bases de fonctionnement des IAG, en s\u2019interrogeant sur la place de l\u2019humain dans les processus automatis\u00e9s.<\/p>\n\n\n\n<p>Par exemple, dans le champ de l\u2019<strong>information scientifique et technique<\/strong>, l\u2019automatisation rend la manipulation plus insidieuse : des contenus \u00e0 l\u2019apparence rigoureuse peuvent \u00eatre g\u00e9n\u00e9r\u00e9s en masse par des IA, sans validation humaine, contribuant \u00e0 la d\u00e9sinformation ou \u00e0 la m\u00e9sinformation. L\u2019usage de l\u2019IA g\u00e9n\u00e9rative peut en effet entra\u00eener une m\u00e9sinformation (fausses informations, fausses citations). Elle peut aussi \u00eatre utilis\u00e9e pour notamment cr\u00e9er de faux articles scientifiques, truquer des citations ou manipuler des images participant \u00e0 brouiller les rep\u00e8res entre le vrai et le faux. Les \u00e9l\u00e8ves doivent donc apprendre \u00e0 <strong>d\u00e9crypter ces contenus<\/strong>, \u00e0 v\u00e9rifier les sources et \u00e0 identifier les signes d&rsquo;une rigueur scientifique v\u00e9ritable.<\/p>\n\n\n\n<p>L\u2019IA peut \u00e9galement jouer un r\u00f4le dans la <strong>valorisation du patrimoine num\u00e9rique<\/strong>. Elle permet, par exemple, la restauration de documents anciens, la transcription de manuscrits, ou la rediffusion augment\u00e9e de discours historiques. Mais cette capacit\u00e9 soul\u00e8ve une nouvelle question \u00e9thique : jusqu\u2019o\u00f9 peut-on modifier ou am\u00e9liorer une archive sans en alt\u00e9rer l\u2019authenticit\u00e9 ? En reproduisant des voix disparues ou en recr\u00e9ant des visages, les IA peuvent aussi g\u00e9n\u00e9rer des documents falsifi\u00e9s qui peuvent brouiller notre rapport \u00e0 la m\u00e9moire collective et la v\u00e9rit\u00e9 historique. L\u00e0 encore, l\u2019esprit critique est de mise.<\/p>\n\n\n\n<p>D\u2019autres enjeux essentiels accompagnent le d\u00e9veloppement de l\u2019IA, comme la <strong>protection des donn\u00e9es personnelles<\/strong>, souvent collect\u00e9es et analys\u00e9es \u00e0 grande \u00e9chelle, avec des risques r\u00e9els pour la vie priv\u00e9e.&nbsp;<\/p>\n\n\n\n<p>Les biais et les discriminations constituent un autre d\u00e9fi majeur. Les algorithmes peuvent reproduire ou m\u00eame amplifier les pr\u00e9jug\u00e9s pr\u00e9sents dans les donn\u00e9es d&rsquo;entra\u00eenement, biaisant les prises de d\u00e9cision. La responsabilit\u00e9 des d\u00e9cisions automatis\u00e9es est \u00e9galement une question \u00e9pineuse : qui est responsable lorsqu&rsquo;une IA commet une erreur ou cause un pr\u00e9judice ?&nbsp;<\/p>\n\n\n\n<p>Enfin, l&rsquo;impact environnemental de l&rsquo;IA ne doit pas \u00eatre n\u00e9glig\u00e9, notamment en raison de la consommation \u00e9nerg\u00e9tique importante des infrastructures n\u00e9cessaires \u00e0 son fonctionnement.L\u2019objectif de ce projet est de concevoir des <strong>sc\u00e9narios p\u00e9dagogiques interdisciplinaires, concrets et reproductibles<\/strong>, permettant aux \u00e9l\u00e8ves de d\u00e9velopper une <strong>v\u00e9ritable conscience \u00e9thique<\/strong> dans leurs usages de l\u2019intelligence artificielle, notamment des IAG. En les pla\u00e7ant dans des situations d\u2019analyse, de d\u00e9bat, de cr\u00e9ation et de r\u00e9flexion critique, on les am\u00e8nera \u00e0 comprendre les m\u00e9canismes en jeu, \u00e0 mesurer les opportunit\u00e9s offertes par l\u2019IA, mais aussi \u00e0 en percevoir les limites et les responsabilit\u00e9s associ\u00e9es. Il s&rsquo;agit de les accompagner dans le d\u00e9veloppement de comp\u00e9tences n\u00e9cessaires pour interagir avec l&rsquo;IA en tant que citoyens \u00e9clair\u00e9s, capables de comprendre ses limites, de saisir les opportunit\u00e9s qu&rsquo;elle offre et d&rsquo;assumer les responsabilit\u00e9s qu&rsquo;elle implique.<\/p>\n\n\n\n<h2 class=\"wp-block-heading\">Productions : <\/h2>\n\n\n<ul class=\"wp-block-latest-posts__list has-dates wp-block-latest-posts\"><li><div class=\"wp-block-latest-posts__featured-image alignleft\"><a href=\"https:\/\/pedagogie.ac-lille.fr\/prof-doc\/en_jeux_ia\/\" aria-label=\"En&rsquo;jeux des IA\"><img loading=\"lazy\" decoding=\"async\" width=\"150\" height=\"150\" src=\"https:\/\/pedagogie.ac-lille.fr\/prof-doc\/wp-content\/uploads\/sites\/57\/2026\/03\/Capture-decran-2026-03-29-a-18.47.48-150x150.png\" class=\"attachment-thumbnail size-thumbnail wp-post-image\" alt=\"\" style=\"max-width:113px;max-height:113px;\" srcset=\"https:\/\/pedagogie.ac-lille.fr\/prof-doc\/wp-content\/uploads\/sites\/57\/2026\/03\/Capture-decran-2026-03-29-a-18.47.48-150x150.png 150w, https:\/\/pedagogie.ac-lille.fr\/prof-doc\/wp-content\/uploads\/sites\/57\/2026\/03\/Capture-decran-2026-03-29-a-18.47.48-510x510.png 510w\" sizes=\"auto, (max-width: 150px) 100vw, 150px\" \/><\/a><\/div><a class=\"wp-block-latest-posts__post-title\" href=\"https:\/\/pedagogie.ac-lille.fr\/prof-doc\/en_jeux_ia\/\">En&rsquo;jeux des IA<\/a><time datetime=\"2026-03-29T19:29:20+02:00\" class=\"wp-block-latest-posts__post-date\">29 mars 2026<\/time><div class=\"wp-block-latest-posts__post-excerpt\">M\u00e9lanie Serret, professeure documentaliste au lyc\u00e9e polyvalent Giraux Sannier de Saint-Martin-Boulogne, propose un jeu collaboratif permettant d\u2019explorer les enjeux li\u00e9s aux outils d\u2019intelligence artificielle, en lien avec l\u2019exposition IA : Droits devant de Cartooning for Peace. Ce projet s\u2019inscrit dans les TraAM EMI 2025-2026 en ce qu\u2019il vise \u00e0\u2026 <a class=\"wp-block-latest-posts__read-more\" href=\"https:\/\/pedagogie.ac-lille.fr\/prof-doc\/en_jeux_ia\/\" rel=\"noopener noreferrer\">Lire la suite<span class=\"screen-reader-text\">\u00a0: En&rsquo;jeux des IA<\/span><\/a><\/div><\/li>\n<li><div class=\"wp-block-latest-posts__featured-image alignleft\"><a href=\"https:\/\/pedagogie.ac-lille.fr\/prof-doc\/fiabilito\/\" aria-label=\"Le fiabilitom\u00e8tre pour \u00e9valuer des publications\"><img loading=\"lazy\" decoding=\"async\" width=\"150\" height=\"150\" src=\"https:\/\/pedagogie.ac-lille.fr\/prof-doc\/wp-content\/uploads\/sites\/57\/2026\/02\/Capture-decran-2026-02-23-a-16.16.44-150x150.jpg\" class=\"attachment-thumbnail size-thumbnail wp-post-image\" alt=\"\" style=\"max-width:113px;max-height:113px;\" srcset=\"https:\/\/pedagogie.ac-lille.fr\/prof-doc\/wp-content\/uploads\/sites\/57\/2026\/02\/Capture-decran-2026-02-23-a-16.16.44-150x150.jpg 150w, https:\/\/pedagogie.ac-lille.fr\/prof-doc\/wp-content\/uploads\/sites\/57\/2026\/02\/Capture-decran-2026-02-23-a-16.16.44-510x510.jpg 510w\" sizes=\"auto, (max-width: 150px) 100vw, 150px\" \/><\/a><\/div><a class=\"wp-block-latest-posts__post-title\" href=\"https:\/\/pedagogie.ac-lille.fr\/prof-doc\/fiabilito\/\">Le fiabilitom\u00e8tre pour \u00e9valuer des publications<\/a><time datetime=\"2026-02-23T16:32:41+01:00\" class=\"wp-block-latest-posts__post-date\">23 f\u00e9vrier 2026<\/time><div class=\"wp-block-latest-posts__post-excerpt\">Anne Merlin, professeure de SVT et M\u00e9lanie Serret, professeure documentaliste au lyc\u00e9e polyvalent Giraux Sannier de Saint Martin Boulogne ont propos\u00e9 une activit\u00e9 de fact checking* aux \u00e9l\u00e8ves de 1\u00e8re sp\u00e9cialit\u00e9 SVT. En seconde, les \u00e9l\u00e8ves ont d\u00e9j\u00e0 r\u00e9alis\u00e9 en SVT une activit\u00e9 de fact checking en remontant jusqu\u2019\u00e0\u2026 <a class=\"wp-block-latest-posts__read-more\" href=\"https:\/\/pedagogie.ac-lille.fr\/prof-doc\/fiabilito\/\" rel=\"noopener noreferrer\">Lire la suite<span class=\"screen-reader-text\">\u00a0: Le fiabilitom\u00e8tre pour \u00e9valuer des publications<\/span><\/a><\/div><\/li>\n<li><div class=\"wp-block-latest-posts__featured-image alignleft\"><a href=\"https:\/\/pedagogie.ac-lille.fr\/prof-doc\/lia-pour-inviter-les-eleves-a-la-precision-2-2-2\/\" aria-label=\"L\u2019IA comme outil, l\u2019\u00e9l\u00e8ve comme auteur\"><img loading=\"lazy\" decoding=\"async\" width=\"150\" height=\"150\" src=\"https:\/\/pedagogie.ac-lille.fr\/prof-doc\/wp-content\/uploads\/sites\/57\/2025\/12\/Capture-decran-2025-12-23-a-11.11.46-150x150.png\" class=\"attachment-thumbnail size-thumbnail wp-post-image\" alt=\"\" style=\"max-width:113px;max-height:113px;\" srcset=\"https:\/\/pedagogie.ac-lille.fr\/prof-doc\/wp-content\/uploads\/sites\/57\/2025\/12\/Capture-decran-2025-12-23-a-11.11.46-150x150.png 150w, https:\/\/pedagogie.ac-lille.fr\/prof-doc\/wp-content\/uploads\/sites\/57\/2025\/12\/Capture-decran-2025-12-23-a-11.11.46-510x510.png 510w\" sizes=\"auto, (max-width: 150px) 100vw, 150px\" \/><\/a><\/div><a class=\"wp-block-latest-posts__post-title\" href=\"https:\/\/pedagogie.ac-lille.fr\/prof-doc\/lia-pour-inviter-les-eleves-a-la-precision-2-2-2\/\">L\u2019IA comme outil, l\u2019\u00e9l\u00e8ve comme auteur<\/a><time datetime=\"2025-12-23T11:04:20+01:00\" class=\"wp-block-latest-posts__post-date\">23 d\u00e9cembre 2025<\/time><div class=\"wp-block-latest-posts__post-excerpt\">M\u00e9lanie Serret, professeure documentaliste au lyc\u00e9e polyvalent Giraux Sannier de Saint-Martin-Boulogne, propose un premier accompagnement \u00e0 l\u2019usage des outils d\u2019intelligence artificielle dans le cadre de la production d\u2019informations : les \u00e9l\u00e8ves font des recherches pr\u00e9liminaires en utilisant un document de collecte. Ils sont ensuite invit\u00e9s \u00e0 utiliser un outil\u2026 <a class=\"wp-block-latest-posts__read-more\" href=\"https:\/\/pedagogie.ac-lille.fr\/prof-doc\/lia-pour-inviter-les-eleves-a-la-precision-2-2-2\/\" rel=\"noopener noreferrer\">Lire la suite<span class=\"screen-reader-text\">\u00a0: L\u2019IA comme outil, l\u2019\u00e9l\u00e8ve comme auteur<\/span><\/a><\/div><\/li>\n<\/ul>\n\n\n<p><\/p>\n","protected":false},"excerpt":{"rendered":"<p>Appel \u00e0 candidatures : Proposition de l&rsquo;acad\u00e9mie de Lille : L&rsquo;intelligence artificielle (IA) est en train de transformer notre soci\u00e9t\u00e9 \u00e0 une vitesse sans pr\u00e9c\u00e9dent, apportant avec elle des innovations fascinantes mais aussi des d\u00e9fis \u00e9thiques complexes.&nbsp; Parmi ces d\u00e9fis figure d\u2019abord la transparence des algorithmes, qui interroge la mani\u00e8re dont les d\u00e9cisions automatis\u00e9es sont [&hellip;]<\/p>\n","protected":false},"author":71,"featured_media":0,"parent":0,"menu_order":0,"comment_status":"closed","ping_status":"closed","template":"","meta":{"footnotes":""},"class_list":["post-5110","page","type-page","status-publish","czr-hentry"],"publishpress_future_action":{"enabled":false,"date":"2026-04-28 16:13:19","action":"change-status","newStatus":"draft","terms":[],"taxonomy":"","extraData":[]},"publishpress_future_workflow_manual_trigger":{"enabledWorkflows":[]},"_links":{"self":[{"href":"https:\/\/pedagogie.ac-lille.fr\/prof-doc\/wp-json\/wp\/v2\/pages\/5110","targetHints":{"allow":["GET"]}}],"collection":[{"href":"https:\/\/pedagogie.ac-lille.fr\/prof-doc\/wp-json\/wp\/v2\/pages"}],"about":[{"href":"https:\/\/pedagogie.ac-lille.fr\/prof-doc\/wp-json\/wp\/v2\/types\/page"}],"author":[{"embeddable":true,"href":"https:\/\/pedagogie.ac-lille.fr\/prof-doc\/wp-json\/wp\/v2\/users\/71"}],"replies":[{"embeddable":true,"href":"https:\/\/pedagogie.ac-lille.fr\/prof-doc\/wp-json\/wp\/v2\/comments?post=5110"}],"version-history":[{"count":4,"href":"https:\/\/pedagogie.ac-lille.fr\/prof-doc\/wp-json\/wp\/v2\/pages\/5110\/revisions"}],"predecessor-version":[{"id":5409,"href":"https:\/\/pedagogie.ac-lille.fr\/prof-doc\/wp-json\/wp\/v2\/pages\/5110\/revisions\/5409"}],"wp:attachment":[{"href":"https:\/\/pedagogie.ac-lille.fr\/prof-doc\/wp-json\/wp\/v2\/media?parent=5110"}],"curies":[{"name":"wp","href":"https:\/\/api.w.org\/{rel}","templated":true}]}}