{"id":590,"date":"2023-07-12T14:31:31","date_gmt":"2023-07-12T12:31:31","guid":{"rendered":"https:\/\/pedagogie.ac-lille.fr\/prof-doc\/?page_id=590"},"modified":"2026-02-15T19:33:07","modified_gmt":"2026-02-15T18:33:07","slug":"se-former","status":"publish","type":"page","link":"https:\/\/pedagogie.ac-lille.fr\/prof-doc\/se-former\/","title":{"rendered":"Se former"},"content":{"rendered":"\n<p>Dans cette page, vous pouvez d\u00e9couvrir ou red\u00e9couvrir les modalit\u00e9s de formation mises en place dans l&rsquo;acad\u00e9mie, que ce soit pour la formation continue avec l&rsquo;\u00e9quipe de formateurs ou pour la formation initiale. Il existe aussi des ressources pour s&rsquo;autoformer.<\/p>\n\n\n\n<h2 class=\"wp-block-heading\" id=\"formationcontinue\">La formation continue <\/h2>\n\n\n\n<p>Le Plan acad\u00e9mique de formation (PAF) permet aux personnels de l&rsquo;acad\u00e9mie de se former dans le cadre de la formation professionnelle tout au long de la vie. Il est organis\u00e9 chaque ann\u00e9e par l&rsquo;EAFC en partenariat avec les formateurs de l&rsquo;acad\u00e9mie et Sophie Van Ommeslaeghe, charg\u00e9e de mission pour l&rsquo;inspection EVS et correspondante EAFC. Le nouveau programme de formation continue est paru, <a href=\"https:\/\/pedagogie.ac-lille.fr\/prof-doc\/plan-academique-de-formation-nouveautes-2024-2025\/\">vous pouvez le consulter ici.<\/a><\/p>\n\n\n\n<p>L&rsquo;\u00e9quipe des formateur.rices en documentation vous propose alors :<\/p>\n\n\n\n<ul class=\"wp-block-list\">\n<li><a href=\"https:\/\/pedagogie.ac-lille.fr\/prof-doc\/plan-academique-de-formation-nouveautes-2023-2024\/\" data-type=\"post\" data-id=\"591\">des stages de formation<\/a>, en groupe d\u2019une vingtaine de coll\u00e8gues le plus souvent pour lesquelles vous vous inscrivez via l&rsquo;application Sofia,<\/li>\n\n\n\n<li><a href=\"https:\/\/pedagogie.ac-lille.fr\/prof-doc\/les-journees-detudes\/\" data-type=\"post\" data-id=\"594\" target=\"_blank\" rel=\"noreferrer noopener\">des journ\u00e9es d\u2019\u00e9tude<\/a><a rel=\"noreferrer noopener\" href=\"http:\/\/profdoc.discipline.ac-lille.fr\/se-former\/formation-continue\/journees-detude-1\/journees-detude\" target=\"_blank\">s<\/a>, en partenariat avec le CLEMI, l\u2019atelier Canop\u00e9, l\u2019universit\u00e9 d\u2019Artois ou les m\u00e9diath\u00e8ques d\u00e9partementales,<\/li>\n\n\n\n<li><a href=\"https:\/\/pedagogie.ac-lille.fr\/prof-doc\/formation-en-etablissement-fee-ou-en-bassin-feb\/\" data-type=\"post\" data-id=\"606\">des formations de proximit\u00e9<\/a>, en \u00e9tablissement (FEE) ou en bassin (FEB) qui sont demand\u00e9es par voie hi\u00e9rarchique.<\/li>\n<\/ul>\n\n\n\n<p>Le CLEMI propose \u00e9galement des formations, <a href=\"https:\/\/clemi.site.ac-lille.fr\/le-catalogue-paf-2024-2025\/\" target=\"_blank\" rel=\"noreferrer noopener\">d\u00e9couvrez-les ici<\/a>. <\/p>\n\n\n\n<h2 class=\"wp-block-heading\" id=\"team\"><strong>L&rsquo;\u00e9quipe de formateurs <\/strong><\/h2>\n\n\n\n<p>D\u00e9couvrez les formateurs en documentation en cliquant sur le document interactif, d\u00e9couvrez leurs domaines d&rsquo;expertise, et n&rsquo;h\u00e9sitez pas \u00e0 les contacter !&nbsp;<\/p>\n\n\n<style>\n       .errordiv { padding:10px; margin:10px; border: 1px solid #555555;color: #000000;background-color: #f8f8f8; width:500px; }#advanced_iframe {visibility:visible;opacity:1;vertical-align:top;}.ai-info-bottom-iframe { position: fixed; z-index: 10000; bottom:0; left: 0; margin: 0px; text-align: center; width: 100%; background-color: #ff9999; padding-left: 5px;padding-bottom: 5px; border-top: 1px solid #aaa } a.ai-bold {font-weight: bold;}#ai-layer-div-advanced_iframe p {height:100%;margin:0;padding:0}<\/style><script type=\"text\/javascript\">var ai_iframe_width_advanced_iframe = 0;var ai_iframe_height_advanced_iframe = 0;function aiReceiveMessageadvanced_iframe(event) {  aiProcessMessage(event,\"advanced_iframe\", \"true\",\"\",\"false\",\"false\");}if (window.addEventListener) {  window.addEventListener(\"message\", aiReceiveMessageadvanced_iframe);} else if (el.attachEvent)  {  el.attachEvent(\"message\", aiReceiveMessageadvanced_iframe);}var aiOnloadScrollTop=\"true\";var aiShowDebug=false;\n\t\tif (typeof aiReadyCallbacks === 'undefined') {\n\t\t\tvar aiReadyCallbacks = [];\n\t\t} else if (!(aiReadyCallbacks instanceof Array)) {\n\t\t\tvar aiReadyCallbacks = [];\n\t\t}    function aiShowIframeId(id_iframe) { jQuery(\"#\"+id_iframe).css(\"visibility\", \"visible\");    }    function aiResizeIframeHeight(height) { aiResizeIframeHeight(height,advanced_iframe); }    function aiResizeIframeHeightId(height,width,id) {aiResizeIframeHeightById(id,height);}<\/script><iframe id=\"advanced_iframe\"  name=\"advanced_iframe\"  src=\"https:\/\/view.genially.com\/5b2880a24ad01c332c93f5c8\"  width=\"100%\"  height=\"600\"  frameborder=\"0\"  border=\"0\"  allowtransparency=\"true\"  loading=\"lazy\"  style=\";border-width: 0px;;border: none;;width:100%;;height:600px;\" ><\/iframe><script type=\"text\/javascript\">var ifrm_advanced_iframe = document.getElementById(\"advanced_iframe\");var hiddenTabsDoneadvanced_iframe = false;\nfunction resizeCallbackadvanced_iframe() {}<\/script><script type=\"text\/javascript\"><\/script><p style=\"display:block !important; visibility:visible !important;margin: -18px 14px 0 0;padding-left: 3px;padding-top:3px;background: white; overflow: hidden; position: relative; line-height:15px;width: fit-content;\"><small style=\"display:block !important;visibility:visible !important\">powered by Advanced iFrame<\/small><\/p>\n\n\n<h2 class=\"wp-block-heading\" id=\"init\">La formation initiale <\/h2>\n\n\n\n<p><strong>Nouveau concours externe (\u00e0 partir de 2026)<\/strong> : <\/p>\n\n\n\n<p>A partir de la session 2026, le concours externe du Capes est ouvert \u00e0 bac+3. Voici les nouvelles modalit\u00e9s de recrutement :<\/p>\n\n\n\n<div data-wp-interactive=\"core\/file\" class=\"wp-block-file\"><object data-wp-bind--hidden=\"!state.hasPdfPreview\" hidden class=\"wp-block-file__embed\" data=\"https:\/\/pedagogie.ac-lille.fr\/prof-doc\/wp-content\/uploads\/sites\/57\/2026\/01\/Topo-nv-capes-doc-site.pdf\" type=\"application\/pdf\" style=\"width:100%;height:600px\" aria-label=\"Contenu embarqu\u00e9 Topo-nv-capes-doc-site.\"><\/object><a id=\"wp-block-file--media-4caea3e7-109a-4a4f-aefe-67446a59d2ba\" href=\"https:\/\/pedagogie.ac-lille.fr\/prof-doc\/wp-content\/uploads\/sites\/57\/2026\/01\/Topo-nv-capes-doc-site.pdf\">Topo-nv-capes-doc-site<\/a><a href=\"https:\/\/pedagogie.ac-lille.fr\/prof-doc\/wp-content\/uploads\/sites\/57\/2026\/01\/Topo-nv-capes-doc-site.pdf\" class=\"wp-block-file__button wp-element-button\" download aria-describedby=\"wp-block-file--media-4caea3e7-109a-4a4f-aefe-67446a59d2ba\">T\u00e9l\u00e9charger<\/a><\/div>\n\n\n\n<p>Les nouveaux enseignants recrut\u00e9s sont accompagn\u00e9s dans leur prise de poste selon des modalit\u00e9s adapt\u00e9es d\u00e9finies par leur parcours de formation et leur exp\u00e9rience ant\u00e9rieure : <\/p>\n\n\n\n<p><strong>Professeurs stagiaires \u00e0 mi-temps :<\/strong><\/p>\n\n\n\n<p>Ces professeurs stagiaires (titulaires d\u2019un master autre que MEEF documentation ) b\u00e9n\u00e9ficient d\u2019une formation assur\u00e9e par<a rel=\"noreferrer noopener\" href=\"https:\/\/www.inspe-lille-hdf.fr\/\" target=\"_blank\"> l\u2019INSPE<\/a> et l\u2019EAFC :<\/p>\n\n\n\n<ul class=\"wp-block-list\">\n<li><a href=\"https:\/\/www.inspe-lille-hdf.fr\/fileinspe\/user_upload\/Documents\/Ressources_formateurs_etudiants\/Fonctionnaires_stagiaires\/Presentation_formation_DIU_Entree_dans_le_metier_PLC_PLP__CPE_2024_2025.pdf\" target=\"_blank\" rel=\"noreferrer noopener\">Le DIU &#8211; Dipl\u00f4me inter universitaire &#8211; Entr\u00e9e dans le m\u00e9tier<\/a><\/li>\n\n\n\n<li>3 journ\u00e9es de formation propos\u00e9es par l\u2019\u00e9cole acad\u00e9mique de la formation continue<\/li>\n<\/ul>\n\n\n\n<p>Ils b\u00e9n\u00e9ficient \u00e9galement d\u2019un tutorat de terrain assur\u00e9 par un professeur documentaliste titulaire. Le tuteur terrain formalisera l\u2019acquisition progressive de comp\u00e9tences par deux rapports envoy\u00e9s \u00e0 l\u2019inspection.<\/p>\n\n\n\n<p>La formation INSPE pour la documentation est assur\u00e9e sur le site de l\u2019INSPE \u00e0 Villeneuve d\u2019Ascq. Elle est coordonn\u00e9e par Agathe Vuattier Dujardin, formatrice INSPE &#8211; responsable du master MEEF parcours documentation.<\/p>\n\n\n\n<p><strong>Professeurs stagiaires \u00e0 temps complet :<\/strong><\/p>\n\n\n\n<p>Ces professeurs stagiaires b\u00e9n\u00e9ficient d\u2019une formation g\u00e9r\u00e9e par l\u2019<a rel=\"noreferrer noopener\" href=\"https:\/\/www.inspe-lille-hdf.fr\/\" target=\"_blank\">l\u2019INSPE<\/a> et l\u2019EAFC :&nbsp;<\/p>\n\n\n\n<ul class=\"wp-block-list\">\n<li><a href=\"https:\/\/www.inspe-lille-hdf.fr\/fileinspe\/user_upload\/Documents\/Ressources_formateurs_etudiants\/Fonctionnaires_stagiaires\/Presentation_formation_DIU_Approfondissement_et_consolidation_PLC_PLP_CPE__2024_2025.pdf\" target=\"_blank\" rel=\"noreferrer noopener\">Le DIU &#8211; Dipl\u00f4me inter universitaire &#8211; Approfondissement et Consolidation<\/a><\/li>\n\n\n\n<li>3 journ\u00e9es de formation propos\u00e9es par l\u2019\u00e9cole acad\u00e9mique de la formation continue<\/li>\n<\/ul>\n\n\n\n<p>Ils b\u00e9n\u00e9ficient \u00e9galement d\u2019un tutorat de terrain assur\u00e9 par un professeur documentaliste titulaire. Il formalisera l\u2019acquisition progressive de comp\u00e9tences par deux rapports envoy\u00e9s \u00e0 l\u2019inspection.<\/p>\n\n\n\n<p><strong>Professeurs n\u00e9o-contractuels :<\/strong><\/p>\n\n\n\n<p>Le parcours national M@gist\u00e8re&nbsp;<a rel=\"noreferrer noopener\" href=\"https:\/\/magistere.education.fr\/dgesco\/course\/view.php?id=2788&amp;section=1\" target=\"_blank\">\u00ab\u00a0Enseigner dans le second degr\u00e9 : accompagnement \u00e0 la prise de poste\u00a0\u00bb<\/a>&nbsp;propose diff\u00e9rents types de ressources : textes, films de situation de classe enrichies, capsules vid\u00e9os, podcasts, infographies, etc., afin de fournir aux enseignants d\u00e9butants des connaissances, des rep\u00e8res, des m\u00e9thodes et des outils \u00e0 m\u00eame de favoriser leur entr\u00e9e dans le m\u00e9tier. <\/p>\n\n\n\n<p>Ce parcours en autoformation s&rsquo;adresse \u00e0 toutes les disciplines (y compris la documentation), et compl\u00e8te la formation en pr\u00e9sentiel propos\u00e9e dans l&rsquo;acad\u00e9mie.<br>Cette formation en ligne est pens\u00e9e pour un volume horaire de 30 heures. Elle comprend deux modules transversaux communs (Agir en agent de l&rsquo;\u00e9tat, Coop\u00e9rer avec les diff\u00e9rents acteurs de l&rsquo;\u00e9cole et Enseigner) et des modules d\u00e9di\u00e9s \u00e0 des disciplines d&rsquo;enseignement.<\/p>\n\n\n\n<h2 class=\"wp-block-heading\" id=\"autoform\">S&rsquo;autoformer<\/h2>\n\n\n\n<p><strong>Les ateliers Canop\u00e9 proposent des ressources pour se former<\/strong> : <\/p>\n\n\n\n<p>Voici une s\u00e9lection de formations assur\u00e9es par les ateliers Canop\u00e9 : n&rsquo;h\u00e9sitez pas \u00e0 les suivre !<\/p>\n\n\n\n<ul class=\"wp-block-list\">\n<li>Formations \u00e0 destinations des professeurs documentalistes propos\u00e9es par les Ateliers Canop\u00e9 d\u2019Arras et de Lille :\n<ul class=\"wp-block-list\">\n<li><a href=\"https:\/\/www.reseau-canope.fr\/academie-de-lille\/atelier-canope-59-lille#agenda\" target=\"_blank\" rel=\"noreferrer noopener\">A Lille<\/a><\/li>\n\n\n\n<li><a href=\"https:\/\/www.reseau-canope.fr\/academie-de-lille\/atelier-canope-62-arras#agenda\" target=\"_blank\" rel=\"noreferrer noopener\">A Arras<\/a><\/li>\n<\/ul>\n<\/li>\n\n\n\n<li>Canop\u00e9 propose \u00e9galement de nombreuses ressources sur <a href=\"https:\/\/www.canotech.fr\/\" target=\"_blank\" rel=\"noreferrer noopener\">CanoTech&nbsp;<\/a><\/li>\n<\/ul>\n\n\n\n<p><strong>L&rsquo;Insp\u00e9<\/strong> propose \u00e9galement des conf\u00e9rences diffus\u00e9es en direct sur leur chaine <a rel=\"noreferrer noopener\" href=\"https:\/\/www.youtube.com\/@INSPELHdF\" target=\"_blank\">Youtube @INSPELHdF<\/a>. Vous pouvez retrouver le programme en cliquant <a rel=\"noreferrer noopener\" href=\"https:\/\/www.inspe-lille-hdf.fr\/actualites-1\/detail-actualite\/recherche-en-educa\" target=\"_blank\">ici<\/a>.<\/p>\n\n\n\n<p><strong>MOOCs et podcasts : <\/strong><\/p>\n\n\n\n<p>Cliquez sur la capture d&rsquo;\u00e9cran ci-dessous pour acc\u00e9der \u00e0 un Pearltrees de MOOCs, podcasts et \u00e9missions en lien avec notre m\u00e9tier, r\u00e9guli\u00e8rement mis \u00e0 jour :<\/p>\n\n\n<div class=\"wp-block-image\">\n<figure class=\"alignleft size-large\"><a href=\"http:\/\/www.pearltrees.com\/t\/site-prof-doc\/moocs-podcasts-emissions\/id31111573?embed=2&amp;d=202311291623\" target=\"_blank\" rel=\" noreferrer noopener\"><img loading=\"lazy\" decoding=\"async\" width=\"1024\" height=\"93\" src=\"https:\/\/pedagogie.ac-lille.fr\/prof-doc\/wp-content\/uploads\/sites\/57\/2026\/02\/Capture-decran-2026-02-15-a-19.31.41-1024x93.png\" alt=\"\" class=\"wp-image-5251\" srcset=\"https:\/\/pedagogie.ac-lille.fr\/prof-doc\/wp-content\/uploads\/sites\/57\/2026\/02\/Capture-decran-2026-02-15-a-19.31.41-1024x93.png 1024w, https:\/\/pedagogie.ac-lille.fr\/prof-doc\/wp-content\/uploads\/sites\/57\/2026\/02\/Capture-decran-2026-02-15-a-19.31.41-300x27.png 300w, https:\/\/pedagogie.ac-lille.fr\/prof-doc\/wp-content\/uploads\/sites\/57\/2026\/02\/Capture-decran-2026-02-15-a-19.31.41-768x69.png 768w, https:\/\/pedagogie.ac-lille.fr\/prof-doc\/wp-content\/uploads\/sites\/57\/2026\/02\/Capture-decran-2026-02-15-a-19.31.41-1536x139.png 1536w, https:\/\/pedagogie.ac-lille.fr\/prof-doc\/wp-content\/uploads\/sites\/57\/2026\/02\/Capture-decran-2026-02-15-a-19.31.41.png 1594w\" sizes=\"auto, (max-width: 1024px) 100vw, 1024px\" \/><\/a><\/figure>\n<\/div>","protected":false},"excerpt":{"rendered":"<p>Dans cette page, vous pouvez d\u00e9couvrir ou red\u00e9couvrir les modalit\u00e9s de formation mises en place dans l&rsquo;acad\u00e9mie, que ce soit pour la formation continue avec l&rsquo;\u00e9quipe de formateurs ou pour la formation initiale. Il existe aussi des ressources pour s&rsquo;autoformer. La formation continue Le Plan acad\u00e9mique de formation (PAF) permet aux personnels de l&rsquo;acad\u00e9mie de [&hellip;]<\/p>\n","protected":false},"author":71,"featured_media":595,"parent":0,"menu_order":0,"comment_status":"closed","ping_status":"closed","template":"","meta":{"footnotes":""},"class_list":["post-590","page","type-page","status-publish","has-post-thumbnail","czr-hentry"],"publishpress_future_action":{"enabled":false,"date":"2026-04-28 14:32:55","action":"change-status","newStatus":"draft","terms":[],"taxonomy":"","extraData":[]},"publishpress_future_workflow_manual_trigger":{"enabledWorkflows":[]},"_links":{"self":[{"href":"https:\/\/pedagogie.ac-lille.fr\/prof-doc\/wp-json\/wp\/v2\/pages\/590","targetHints":{"allow":["GET"]}}],"collection":[{"href":"https:\/\/pedagogie.ac-lille.fr\/prof-doc\/wp-json\/wp\/v2\/pages"}],"about":[{"href":"https:\/\/pedagogie.ac-lille.fr\/prof-doc\/wp-json\/wp\/v2\/types\/page"}],"author":[{"embeddable":true,"href":"https:\/\/pedagogie.ac-lille.fr\/prof-doc\/wp-json\/wp\/v2\/users\/71"}],"replies":[{"embeddable":true,"href":"https:\/\/pedagogie.ac-lille.fr\/prof-doc\/wp-json\/wp\/v2\/comments?post=590"}],"version-history":[{"count":45,"href":"https:\/\/pedagogie.ac-lille.fr\/prof-doc\/wp-json\/wp\/v2\/pages\/590\/revisions"}],"predecessor-version":[{"id":5254,"href":"https:\/\/pedagogie.ac-lille.fr\/prof-doc\/wp-json\/wp\/v2\/pages\/590\/revisions\/5254"}],"wp:featuredmedia":[{"embeddable":true,"href":"https:\/\/pedagogie.ac-lille.fr\/prof-doc\/wp-json\/wp\/v2\/media\/595"}],"wp:attachment":[{"href":"https:\/\/pedagogie.ac-lille.fr\/prof-doc\/wp-json\/wp\/v2\/media?parent=590"}],"curies":[{"name":"wp","href":"https:\/\/api.w.org\/{rel}","templated":true}]}}