{"id":695,"date":"2023-07-17T14:49:07","date_gmt":"2023-07-17T12:49:07","guid":{"rendered":"https:\/\/pedagogie.ac-lille.fr\/prof-doc\/?page_id=695"},"modified":"2026-02-19T21:36:10","modified_gmt":"2026-02-19T20:36:10","slug":"gerer-le-centre-de-ressources","status":"publish","type":"page","link":"https:\/\/pedagogie.ac-lille.fr\/prof-doc\/gerer-le-centre-de-ressources\/","title":{"rendered":"G\u00e9rer"},"content":{"rendered":"\n<h2 class=\"wp-block-heading\">Le professeur documentaliste ma\u00eetre d&rsquo;\u0153uvre de l&rsquo;organisation des ressources documentaires de l&rsquo;\u00e9tablissement et de leur mise \u00e0 disposition<\/h2>\n\n\n\n<p>\u00ab\u00a0Sous l&rsquo;autorit\u00e9 du chef d&rsquo;\u00e9tablissement, le professeur documentaliste est responsable du CDI, du fonds documentaire, de son enrichissement, de son organisation et de son exploitation. Il veille \u00e0 la diversit\u00e9 des ressources et des outils mis \u00e0 la disposition des \u00e9l\u00e8ves et des enseignants, il organise de mani\u00e8re compl\u00e9mentaire les ressources p\u00e9dagogiques issues de fonds physiques et num\u00e9riques en s&rsquo;appuyant sur la situation particuli\u00e8re de chaque \u00e9tablissement (coll\u00e8ge, lyc\u00e9e g\u00e9n\u00e9ral et technologique, lyc\u00e9e professionnel).<\/p>\n\n\n\n<p>Avec les autres membres de la communaut\u00e9 p\u00e9dagogique et \u00e9ducative et dans le cadre du projet d&rsquo;\u00e9tablissement, il \u00e9labore une politique documentaire valid\u00e9e par le conseil d&rsquo;administration, et \u00e0 sa mise en \u0153uvre dans l&rsquo;\u00e9tablissement. Cette politique documentaire, qui tient compte de l&rsquo;environnement de l&rsquo;\u00e9tablissement, permet aux \u00e9l\u00e8ves de disposer des meilleures conditions de formation et d&rsquo;apprentissage. Elle a pour objectif principal la r\u00e9flexion et la mise en \u0153uvre de la formation des \u00e9l\u00e8ves \u00e0 la culture informationnelle, l&rsquo;acc\u00e8s de tous les \u00e9l\u00e8ves aux informations et aux ressources n\u00e9cessaires \u00e0 leur formation.<\/p>\n\n\n\n<p>La politique documentaire comprend la d\u00e9finition des modalit\u00e9s de la formation des \u00e9l\u00e8ves, le recensement et l&rsquo;analyse de leurs besoins et de ceux des enseignants en mati\u00e8re d&rsquo;information et de documentation, la d\u00e9finition et la gestion des ressources physiques et num\u00e9riques pour l&rsquo;\u00e9tablissement ainsi que le choix des leurs modalit\u00e9s d&rsquo;acc\u00e8s au CDI, dans l&rsquo;\u00e9tablissement, \u00e0 la maison et en mobilit\u00e9. La politique documentaire s&rsquo;inscrit dans le volet p\u00e9dagogique du projet de l&rsquo;\u00e9tablissement et ne se limite ni \u00e0 une politique d&rsquo;acquisition de ressources, ni \u00e0 l&rsquo;organisation d&rsquo;un espace multim\u00e9dia au sein du CDI.<\/p>\n\n\n\n<p>Le professeur documentaliste met \u00e0 la disposition des \u00e9l\u00e8ves et des professeurs, la documentation relative \u00e0 l&rsquo;orientation, \u00e0 l&rsquo;information scolaire et professionnelle. Il travaille en partenariat avec les psychologues de l&rsquo;\u00e9ducation nationale.<\/p>\n\n\n\n<p>Le CDI est un espace de formation et d&rsquo;information ouvert \u00e0 tous les membres de la communaut\u00e9 \u00e9ducative. Dans ce cadre, le professeur documentaliste pense l&rsquo;articulation du CDI (et son utilisation) avec les diff\u00e9rents lieux de vie et de travail des \u00e9l\u00e8ves (salles de cours, salles d&rsquo;\u00e9tude, internat) en lien avec les autres professeurs et les personnels de vie scolaire.<\/p>\n\n\n\n<p>Le professeur documentaliste joue le r\u00f4le de m\u00e9diateur pour l&rsquo;acc\u00e8s \u00e0 ces ressources dans le cadre de l&rsquo;accueil p\u00e9dagogique des \u00e9l\u00e8ves au CDI et plus largement dans le cadre de la mise en \u0153uvre des&nbsp;<br>diff\u00e9rents enseignements et parcours.<\/p>\n\n\n\n<p>Dans le cadre de l&rsquo;\u00e9cosyst\u00e8me num\u00e9rique de l&rsquo;\u00e9tablissement, le professeur documentaliste joue un r\u00f4le de conseil pour le choix et l&rsquo;organisation de l&rsquo;ensemble des ressources accessibles en ligne pour les \u00e9l\u00e8ves et les enseignants de l&rsquo;\u00e9tablissement. Il peut organiser et g\u00e9rer le contenu d&rsquo;un espace CDI au sein de l&rsquo;environnement num\u00e9rique de travail.<\/p>\n\n\n\n<p>Le professeur documentaliste participe \u00e0 la d\u00e9finition du volet num\u00e9rique du projet d&rsquo;\u00e9tablissement. Il facilite l&rsquo;int\u00e9gration des ressources num\u00e9riques dans les pratiques p\u00e9dagogiques, notamment lors des travaux interdisciplinaires. Le professeur documentaliste assure une veille professionnelle, informationnelle, p\u00e9dagogique et culturelle pour l&rsquo;ensemble de la communaut\u00e9 \u00e9ducative.<\/p>\n\n\n\n<p>La mutualisation des pratiques professionnelles entre professeurs documentalistes de diff\u00e9rents \u00e9tablissements est largement recommand\u00e9e pour atteindre cet objectif en particulier via les r\u00e9unions et rencontres de bassin.\u00a0\u00bb<\/p>\n\n\n\n<p><em>Extrait de la circulaire de missions du professeur documentaliste.<\/em><\/p>\n\n\n\n<h2 class=\"wp-block-heading\">Mutualisations<\/h2>\n\n\n\n<p>Chaque p\u00e9riode, les coll\u00e8gues inscrit\u00b7e\u00b7s au&nbsp;Prof Doc Caf\u00e9&nbsp;se retrouvent en visioconf\u00e9rence pour mutualiser leurs&nbsp;ressources coups de c\u0153ur. Ce moment convivial permet de d\u00e9couvrir des outils, des webinaires, des projets, des ressources diverses et vari\u00e9es&#8230;<\/p>\n\n\n<div class=\"wp-block-image\">\n<figure class=\"aligncenter size-large is-resized\"><a href=\"https:\/\/digiwall.app\/w\/4330\/986308\/profdoccafe2025\" target=\"_blank\" rel=\" noreferrer noopener\"><img loading=\"lazy\" decoding=\"async\" width=\"1024\" height=\"996\" src=\"http:\/\/pedagogie.ac-lille.fr\/prof-doc\/wp-content\/uploads\/sites\/57\/2023\/07\/Capture-decran-2026-02-15-a-19.09.15-1024x996.png\" alt=\"\" class=\"wp-image-5232\" style=\"width:300px\" srcset=\"https:\/\/pedagogie.ac-lille.fr\/prof-doc\/wp-content\/uploads\/sites\/57\/2023\/07\/Capture-decran-2026-02-15-a-19.09.15-1024x996.png 1024w, https:\/\/pedagogie.ac-lille.fr\/prof-doc\/wp-content\/uploads\/sites\/57\/2023\/07\/Capture-decran-2026-02-15-a-19.09.15-300x292.png 300w, https:\/\/pedagogie.ac-lille.fr\/prof-doc\/wp-content\/uploads\/sites\/57\/2023\/07\/Capture-decran-2026-02-15-a-19.09.15-768x747.png 768w, https:\/\/pedagogie.ac-lille.fr\/prof-doc\/wp-content\/uploads\/sites\/57\/2023\/07\/Capture-decran-2026-02-15-a-19.09.15.png 1308w\" sizes=\"auto, (max-width: 1024px) 100vw, 1024px\" \/><\/a><\/figure>\n<\/div>","protected":false},"excerpt":{"rendered":"<p>Le professeur documentaliste ma\u00eetre d&rsquo;\u0153uvre de l&rsquo;organisation des ressources documentaires de l&rsquo;\u00e9tablissement et de leur mise \u00e0 disposition \u00ab\u00a0Sous l&rsquo;autorit\u00e9 du chef d&rsquo;\u00e9tablissement, le professeur documentaliste est responsable du CDI, du fonds documentaire, de son enrichissement, de son organisation et de son exploitation. Il veille \u00e0 la diversit\u00e9 des ressources et des outils mis \u00e0 [&hellip;]<\/p>\n","protected":false},"author":71,"featured_media":1615,"parent":0,"menu_order":0,"comment_status":"closed","ping_status":"closed","template":"","meta":{"footnotes":""},"class_list":["post-695","page","type-page","status-publish","has-post-thumbnail","czr-hentry"],"publishpress_future_action":{"enabled":false,"date":"2026-04-28 14:32:56","action":"change-status","newStatus":"draft","terms":[],"taxonomy":"","extraData":[]},"publishpress_future_workflow_manual_trigger":{"enabledWorkflows":[]},"_links":{"self":[{"href":"https:\/\/pedagogie.ac-lille.fr\/prof-doc\/wp-json\/wp\/v2\/pages\/695","targetHints":{"allow":["GET"]}}],"collection":[{"href":"https:\/\/pedagogie.ac-lille.fr\/prof-doc\/wp-json\/wp\/v2\/pages"}],"about":[{"href":"https:\/\/pedagogie.ac-lille.fr\/prof-doc\/wp-json\/wp\/v2\/types\/page"}],"author":[{"embeddable":true,"href":"https:\/\/pedagogie.ac-lille.fr\/prof-doc\/wp-json\/wp\/v2\/users\/71"}],"replies":[{"embeddable":true,"href":"https:\/\/pedagogie.ac-lille.fr\/prof-doc\/wp-json\/wp\/v2\/comments?post=695"}],"version-history":[{"count":24,"href":"https:\/\/pedagogie.ac-lille.fr\/prof-doc\/wp-json\/wp\/v2\/pages\/695\/revisions"}],"predecessor-version":[{"id":5275,"href":"https:\/\/pedagogie.ac-lille.fr\/prof-doc\/wp-json\/wp\/v2\/pages\/695\/revisions\/5275"}],"wp:featuredmedia":[{"embeddable":true,"href":"https:\/\/pedagogie.ac-lille.fr\/prof-doc\/wp-json\/wp\/v2\/media\/1615"}],"wp:attachment":[{"href":"https:\/\/pedagogie.ac-lille.fr\/prof-doc\/wp-json\/wp\/v2\/media?parent=695"}],"curies":[{"name":"wp","href":"https:\/\/api.w.org\/{rel}","templated":true}]}}