{"id":10000,"date":"2023-04-10T17:06:13","date_gmt":"2023-04-10T15:06:13","guid":{"rendered":"https:\/\/pedagogie.ac-lille.fr\/sbssa\/?page_id=10000"},"modified":"2023-04-10T17:06:13","modified_gmt":"2023-04-10T15:06:13","slug":"ressources-bcp-pp","status":"publish","type":"page","link":"https:\/\/pedagogie.ac-lille.fr\/sbssa\/filieres\/beaute-et-bien-etre\/coiffure\/baccalaureat-professionnel-perruquier-posticheur-bcp-pp\/ressources-bcp-pp\/","title":{"rendered":"Ressources &#8211; BCP PP"},"content":{"rendered":"<ul class=\"wp-block-latest-posts__list has-dates wp-block-latest-posts\"><li><div class=\"wp-block-latest-posts__featured-image alignleft\"><a href=\"https:\/\/pedagogie.ac-lille.fr\/sbssa\/risques-biologiques-pour-un-usage-raisonne-de-la-desinfection\/\" aria-label=\"Risques biologiques : pour un usage raisonn\u00e9 de la d\u00e9sinfection\"><img loading=\"lazy\" decoding=\"async\" width=\"209\" height=\"300\" src=\"https:\/\/pedagogie.ac-lille.fr\/sbssa\/wp-content\/uploads\/sites\/30\/2026\/03\/ed6188-209x300.jpg\" class=\"attachment-medium size-medium no-lazy wp-post-image\" alt=\"\" style=\"max-width:150px;max-height:150px;\" srcset=\"https:\/\/pedagogie.ac-lille.fr\/sbssa\/wp-content\/uploads\/sites\/30\/2026\/03\/ed6188-209x300.jpg 209w, https:\/\/pedagogie.ac-lille.fr\/sbssa\/wp-content\/uploads\/sites\/30\/2026\/03\/ed6188.jpg 280w\" sizes=\"auto, (max-width: 209px) 100vw, 209px\" \/><\/a><\/div><a class=\"wp-block-latest-posts__post-title\" href=\"https:\/\/pedagogie.ac-lille.fr\/sbssa\/risques-biologiques-pour-un-usage-raisonne-de-la-desinfection\/\">Risques biologiques : pour un usage raisonn\u00e9 de la d\u00e9sinfection<\/a><time datetime=\"2026-03-22T19:09:55+01:00\" class=\"wp-block-latest-posts__post-date\">22 mars 2026<\/time><\/li>\n<li><div class=\"wp-block-latest-posts__featured-image alignleft\"><a href=\"https:\/\/pedagogie.ac-lille.fr\/sbssa\/preparer-les-jeunes-aux-enjeux-de-sante-au-travail-fevrier-2024\/\" aria-label=\"Pr\u00e9parer les jeunes aux enjeux de sant\u00e9 au travail &#8211; F\u00e9vrier 2024\"><img loading=\"lazy\" decoding=\"async\" width=\"300\" height=\"113\" src=\"https:\/\/pedagogie.ac-lille.fr\/sbssa\/wp-content\/uploads\/sites\/30\/2024\/03\/couverture-travail-et-securite-300x113.jpg\" class=\"attachment-medium size-medium no-lazy wp-post-image\" alt=\"\" style=\"max-width:150px;max-height:150px;\" srcset=\"https:\/\/pedagogie.ac-lille.fr\/sbssa\/wp-content\/uploads\/sites\/30\/2024\/03\/couverture-travail-et-securite-300x113.jpg 300w, https:\/\/pedagogie.ac-lille.fr\/sbssa\/wp-content\/uploads\/sites\/30\/2024\/03\/couverture-travail-et-securite.jpg 480w\" sizes=\"auto, (max-width: 300px) 100vw, 300px\" \/><\/a><\/div><a class=\"wp-block-latest-posts__post-title\" href=\"https:\/\/pedagogie.ac-lille.fr\/sbssa\/preparer-les-jeunes-aux-enjeux-de-sante-au-travail-fevrier-2024\/\">Pr\u00e9parer les jeunes aux enjeux de sant\u00e9 au travail &#8211; F\u00e9vrier 2024<\/a><time datetime=\"2024-03-07T18:39:57+01:00\" class=\"wp-block-latest-posts__post-date\">7 mars 2024<\/time><\/li>\n<li><div class=\"wp-block-latest-posts__featured-image alignleft\"><a href=\"https:\/\/pedagogie.ac-lille.fr\/sbssa\/tutoprev-accueil-metiers-de-la-beaute-janvier-2024\/\" aria-label=\"TutoPr\u00e9v&rsquo; Accueil &#8211; M\u00e9tiers de la beaut\u00e9 &#8211; Janvier 2024\"><img loading=\"lazy\" decoding=\"async\" width=\"212\" height=\"300\" src=\"https:\/\/pedagogie.ac-lille.fr\/sbssa\/wp-content\/uploads\/sites\/30\/2024\/03\/ed4474-212x300.jpg\" class=\"attachment-medium size-medium no-lazy wp-post-image\" alt=\"\" style=\"max-width:150px;max-height:150px;\" srcset=\"https:\/\/pedagogie.ac-lille.fr\/sbssa\/wp-content\/uploads\/sites\/30\/2024\/03\/ed4474-212x300.jpg 212w, https:\/\/pedagogie.ac-lille.fr\/sbssa\/wp-content\/uploads\/sites\/30\/2024\/03\/ed4474.jpg 280w\" sizes=\"auto, (max-width: 212px) 100vw, 212px\" \/><\/a><\/div><a class=\"wp-block-latest-posts__post-title\" href=\"https:\/\/pedagogie.ac-lille.fr\/sbssa\/tutoprev-accueil-metiers-de-la-beaute-janvier-2024\/\">TutoPr\u00e9v&rsquo; Accueil &#8211; M\u00e9tiers de la beaut\u00e9 &#8211; Janvier 2024<\/a><time datetime=\"2024-03-07T18:28:53+01:00\" class=\"wp-block-latest-posts__post-date\">7 mars 2024<\/time><\/li>\n<li><div class=\"wp-block-latest-posts__featured-image alignleft\"><a href=\"https:\/\/pedagogie.ac-lille.fr\/sbssa\/projet-de-lacademie-de-lyon-le-bien-etre-parten-hair-et-solidaire\/\" aria-label=\"Projet de l&rsquo;acad\u00e9mie de Lyon &#8211; Le \u00ab\u00a0bien \u00eatre parten hair et solidaire\u00a0\u00bb\"><img loading=\"lazy\" decoding=\"async\" width=\"300\" height=\"200\" src=\"https:\/\/pedagogie.ac-lille.fr\/sbssa\/wp-content\/uploads\/sites\/30\/2021\/07\/5edf9c35dcd6f_perruques_pour_malades_au_centre_l_on_b_rard-00_01_42_06_1-4660753.webp_-300x200.png\" class=\"attachment-medium size-medium no-lazy wp-post-image\" alt=\"\" style=\"max-width:150px;max-height:150px;\" srcset=\"https:\/\/pedagogie.ac-lille.fr\/sbssa\/wp-content\/uploads\/sites\/30\/2021\/07\/5edf9c35dcd6f_perruques_pour_malades_au_centre_l_on_b_rard-00_01_42_06_1-4660753.webp_-300x200.png 300w, https:\/\/pedagogie.ac-lille.fr\/sbssa\/wp-content\/uploads\/sites\/30\/2021\/07\/5edf9c35dcd6f_perruques_pour_malades_au_centre_l_on_b_rard-00_01_42_06_1-4660753.webp_-768x511.png 768w, https:\/\/pedagogie.ac-lille.fr\/sbssa\/wp-content\/uploads\/sites\/30\/2021\/07\/5edf9c35dcd6f_perruques_pour_malades_au_centre_l_on_b_rard-00_01_42_06_1-4660753.webp_.png 834w\" sizes=\"auto, (max-width: 300px) 100vw, 300px\" \/><\/a><\/div><a class=\"wp-block-latest-posts__post-title\" href=\"https:\/\/pedagogie.ac-lille.fr\/sbssa\/projet-de-lacademie-de-lyon-le-bien-etre-parten-hair-et-solidaire\/\">Projet de l&rsquo;acad\u00e9mie de Lyon &#8211; Le \u00ab\u00a0bien \u00eatre parten hair et solidaire\u00a0\u00bb<\/a><time datetime=\"2021-07-30T17:28:34+02:00\" class=\"wp-block-latest-posts__post-date\">30 juillet 2021<\/time><\/li>\n<li><div class=\"wp-block-latest-posts__featured-image alignleft\"><a href=\"https:\/\/pedagogie.ac-lille.fr\/sbssa\/diaporama-de-presentation-du-baccalaureat-professionnel-perruquier-posticheur\/\" aria-label=\"Diaporama de pr\u00e9sentation du baccalaur\u00e9at professionnel \u00ab\u00a0Perruquier-Posticheur\u00a0\u00bb- Acad\u00e9mie de Lyon &#8211; 2013\"><img loading=\"lazy\" decoding=\"async\" width=\"300\" height=\"258\" src=\"https:\/\/pedagogie.ac-lille.fr\/sbssa\/wp-content\/uploads\/sites\/30\/2021\/09\/training-3185170_1920-300x258.jpg\" class=\"attachment-medium size-medium no-lazy wp-post-image\" alt=\"Formation\" style=\"max-width:150px;max-height:150px;\" srcset=\"https:\/\/pedagogie.ac-lille.fr\/sbssa\/wp-content\/uploads\/sites\/30\/2021\/09\/training-3185170_1920-300x258.jpg 300w, https:\/\/pedagogie.ac-lille.fr\/sbssa\/wp-content\/uploads\/sites\/30\/2021\/09\/training-3185170_1920-1024x882.jpg 1024w, https:\/\/pedagogie.ac-lille.fr\/sbssa\/wp-content\/uploads\/sites\/30\/2021\/09\/training-3185170_1920-768x662.jpg 768w, https:\/\/pedagogie.ac-lille.fr\/sbssa\/wp-content\/uploads\/sites\/30\/2021\/09\/training-3185170_1920-1536x1323.jpg 1536w, https:\/\/pedagogie.ac-lille.fr\/sbssa\/wp-content\/uploads\/sites\/30\/2021\/09\/training-3185170_1920.jpg 1920w\" sizes=\"auto, (max-width: 300px) 100vw, 300px\" \/><\/a><\/div><a class=\"wp-block-latest-posts__post-title\" href=\"https:\/\/pedagogie.ac-lille.fr\/sbssa\/diaporama-de-presentation-du-baccalaureat-professionnel-perruquier-posticheur\/\">Diaporama de pr\u00e9sentation du baccalaur\u00e9at professionnel \u00ab\u00a0Perruquier-Posticheur\u00a0\u00bb- Acad\u00e9mie de Lyon &#8211; 2013<\/a><time datetime=\"2021-07-30T17:16:19+02:00\" class=\"wp-block-latest-posts__post-date\">30 juillet 2021<\/time><\/li>\n<li><div class=\"wp-block-latest-posts__featured-image alignleft\"><a href=\"https:\/\/pedagogie.ac-lille.fr\/sbssa\/presentation-du-baccalaureat-professionnel-perruquier-posticheur\/\" aria-label=\"Pr\u00e9sentation du baccalaur\u00e9at professionnel \u00ab\u00a0Perruquier &#8211; Posticheur\u00a0\u00bb\"><img loading=\"lazy\" decoding=\"async\" width=\"300\" height=\"200\" src=\"https:\/\/pedagogie.ac-lille.fr\/sbssa\/wp-content\/uploads\/sites\/30\/2021\/07\/AVT_ONISEP_6407-300x200.jpg\" class=\"attachment-medium size-medium no-lazy wp-post-image\" alt=\"ONISEP\" style=\"max-width:150px;max-height:150px;\" srcset=\"https:\/\/pedagogie.ac-lille.fr\/sbssa\/wp-content\/uploads\/sites\/30\/2021\/07\/AVT_ONISEP_6407-300x200.jpg 300w, https:\/\/pedagogie.ac-lille.fr\/sbssa\/wp-content\/uploads\/sites\/30\/2021\/07\/AVT_ONISEP_6407.jpg 360w\" sizes=\"auto, (max-width: 300px) 100vw, 300px\" \/><\/a><\/div><a class=\"wp-block-latest-posts__post-title\" href=\"https:\/\/pedagogie.ac-lille.fr\/sbssa\/presentation-du-baccalaureat-professionnel-perruquier-posticheur\/\">Pr\u00e9sentation du baccalaur\u00e9at professionnel \u00ab\u00a0Perruquier &#8211; Posticheur\u00a0\u00bb<\/a><time datetime=\"2021-07-30T17:10:44+02:00\" class=\"wp-block-latest-posts__post-date\">30 juillet 2021<\/time><\/li>\n<li><div class=\"wp-block-latest-posts__featured-image alignleft\"><a href=\"https:\/\/pedagogie.ac-lille.fr\/sbssa\/prevention-des-risques-professionnels-en-coiffure\/\" aria-label=\"Pr\u00e9vention des risques professionnels en coiffure\"><img loading=\"lazy\" decoding=\"async\" width=\"300\" height=\"300\" src=\"https:\/\/pedagogie.ac-lille.fr\/sbssa\/wp-content\/uploads\/sites\/30\/2021\/07\/coiffure-TMS-300x300.jpg\" class=\"attachment-medium size-medium no-lazy wp-post-image\" alt=\"\" style=\"max-width:150px;max-height:150px;\" srcset=\"https:\/\/pedagogie.ac-lille.fr\/sbssa\/wp-content\/uploads\/sites\/30\/2021\/07\/coiffure-TMS-300x300.jpg 300w, https:\/\/pedagogie.ac-lille.fr\/sbssa\/wp-content\/uploads\/sites\/30\/2021\/07\/coiffure-TMS-150x150.jpg 150w, https:\/\/pedagogie.ac-lille.fr\/sbssa\/wp-content\/uploads\/sites\/30\/2021\/07\/coiffure-TMS.jpg 480w\" sizes=\"auto, (max-width: 300px) 100vw, 300px\" \/><\/a><\/div><a class=\"wp-block-latest-posts__post-title\" href=\"https:\/\/pedagogie.ac-lille.fr\/sbssa\/prevention-des-risques-professionnels-en-coiffure\/\">Pr\u00e9vention des risques professionnels en coiffure<\/a><time datetime=\"2021-07-25T20:40:20+02:00\" class=\"wp-block-latest-posts__post-date\">25 juillet 2021<\/time><\/li>\n<\/ul>","protected":false},"excerpt":{"rendered":"","protected":false},"author":48,"featured_media":0,"parent":1736,"menu_order":0,"comment_status":"closed","ping_status":"closed","template":"","meta":{"ngg_post_thumbnail":0,"footnotes":""},"class_list":["post-10000","page","type-page","status-publish","czr-hentry"],"publishpress_future_action":{"enabled":false,"date":"2026-04-11 12:14:24","action":"change-status","newStatus":"draft","terms":[],"taxonomy":"","extraData":[]},"publishpress_future_workflow_manual_trigger":{"enabledWorkflows":[]},"_links":{"self":[{"href":"https:\/\/pedagogie.ac-lille.fr\/sbssa\/wp-json\/wp\/v2\/pages\/10000","targetHints":{"allow":["GET"]}}],"collection":[{"href":"https:\/\/pedagogie.ac-lille.fr\/sbssa\/wp-json\/wp\/v2\/pages"}],"about":[{"href":"https:\/\/pedagogie.ac-lille.fr\/sbssa\/wp-json\/wp\/v2\/types\/page"}],"author":[{"embeddable":true,"href":"https:\/\/pedagogie.ac-lille.fr\/sbssa\/wp-json\/wp\/v2\/users\/48"}],"replies":[{"embeddable":true,"href":"https:\/\/pedagogie.ac-lille.fr\/sbssa\/wp-json\/wp\/v2\/comments?post=10000"}],"version-history":[{"count":1,"href":"https:\/\/pedagogie.ac-lille.fr\/sbssa\/wp-json\/wp\/v2\/pages\/10000\/revisions"}],"predecessor-version":[{"id":10001,"href":"https:\/\/pedagogie.ac-lille.fr\/sbssa\/wp-json\/wp\/v2\/pages\/10000\/revisions\/10001"}],"up":[{"embeddable":true,"href":"https:\/\/pedagogie.ac-lille.fr\/sbssa\/wp-json\/wp\/v2\/pages\/1736"}],"wp:attachment":[{"href":"https:\/\/pedagogie.ac-lille.fr\/sbssa\/wp-json\/wp\/v2\/media?parent=10000"}],"curies":[{"name":"wp","href":"https:\/\/api.w.org\/{rel}","templated":true}]}}