{"id":10023,"date":"2023-04-10T17:25:18","date_gmt":"2023-04-10T15:25:18","guid":{"rendered":"https:\/\/pedagogie.ac-lille.fr\/sbssa\/?page_id=10023"},"modified":"2024-12-29T12:58:44","modified_gmt":"2024-12-29T11:58:44","slug":"documents-academiques-bp-coiffure","status":"publish","type":"page","link":"https:\/\/pedagogie.ac-lille.fr\/sbssa\/filieres\/beaute-et-bien-etre\/coiffure\/brevet-professionnel-coiffure-bp-coiffure\/documents-academiques-bp-coiffure\/","title":{"rendered":"R\u00e9f\u00e9rentiel du brevet professionnel coiffure"},"content":{"rendered":"\n<div class=\"wp-block-media-text is-stacked-on-mobile\" style=\"grid-template-columns:30% auto\"><figure class=\"wp-block-media-text__media\"><a href=\"https:\/\/referentiels-professionnels.eduscol.education.fr\/index0553.html\" target=\"_blank\" rel=\" noreferrer noopener\"><img loading=\"lazy\" decoding=\"async\" width=\"487\" height=\"192\" src=\"http:\/\/pedagogie.ac-lille.fr\/sbssa\/wp-content\/uploads\/sites\/30\/2021\/01\/eduscol_1.png\" alt=\"\" class=\"wp-image-119 size-full\" srcset=\"https:\/\/pedagogie.ac-lille.fr\/sbssa\/wp-content\/uploads\/sites\/30\/2021\/01\/eduscol_1.png 487w, https:\/\/pedagogie.ac-lille.fr\/sbssa\/wp-content\/uploads\/sites\/30\/2021\/01\/eduscol_1-300x118.png 300w\" sizes=\"auto, (max-width: 487px) 100vw, 487px\" \/><\/a><\/figure><div class=\"wp-block-media-text__content\">\n<p><a href=\"https:\/\/referentiels-professionnels.eduscol.education.fr\/index0553.html\" target=\"_blank\" rel=\"noreferrer noopener\">R\u00e9f\u00e9rentiel en ligne<\/a><\/p>\n<\/div><\/div>\n\n\n\n<div style=\"height:50px\" aria-hidden=\"true\" class=\"wp-block-spacer\"><\/div>\n\n\n\n<div class=\"wp-block-file\"><a id=\"wp-block-file--media-ea72ddd7-7e9d-4fea-96b9-68031bdd950d\" href=\"http:\/\/pedagogie.ac-lille.fr\/sbssa\/wp-content\/uploads\/sites\/30\/2024\/12\/bp_coiffure_-_referentiel_des_activites_professionnelles_-_annexe_ipdf.pdf\" target=\"_blank\" rel=\"noreferrer noopener\">BP C &#8211; R\u00e9f\u00e9rentiel des activit\u00e9s professionnelles<\/a><a href=\"http:\/\/pedagogie.ac-lille.fr\/sbssa\/wp-content\/uploads\/sites\/30\/2024\/12\/bp_coiffure_-_referentiel_des_activites_professionnelles_-_annexe_ipdf.pdf\" class=\"wp-block-file__button wp-element-button\" download aria-describedby=\"wp-block-file--media-ea72ddd7-7e9d-4fea-96b9-68031bdd950d\">T\u00e9l\u00e9charger<\/a><\/div>\n\n\n\n<div class=\"wp-block-file\"><a id=\"wp-block-file--media-1df29bf2-ffd8-4e9a-b5fe-db3b26b8dd5e\" href=\"http:\/\/pedagogie.ac-lille.fr\/sbssa\/wp-content\/uploads\/sites\/30\/2024\/12\/bp_coiffure_-_liste_des_diplomes_permettant_de_sinscrire_a_la_derniere_unite_de_lexamen_de_la_specialite_coiffure_du_bp_apres_2_ans_dactivite_professionnelle_-_annexe_iipdf.pdf\" target=\"_blank\" rel=\"noreferrer noopener\">BP C &#8211; Liste des dipl\u00f4mes permettant de s&rsquo;inscrire \u00e0 la derni\u00e8re unit\u00e9 de l&rsquo;examen de la sp\u00e9cialit\u00e9 coiffure du BP apr\u00e8s 2 ans d&rsquo;activit\u00e9 professionnelle- Annexe II<\/a><a href=\"http:\/\/pedagogie.ac-lille.fr\/sbssa\/wp-content\/uploads\/sites\/30\/2024\/12\/bp_coiffure_-_liste_des_diplomes_permettant_de_sinscrire_a_la_derniere_unite_de_lexamen_de_la_specialite_coiffure_du_bp_apres_2_ans_dactivite_professionnelle_-_annexe_iipdf.pdf\" class=\"wp-block-file__button wp-element-button\" download aria-describedby=\"wp-block-file--media-1df29bf2-ffd8-4e9a-b5fe-db3b26b8dd5e\">T\u00e9l\u00e9charger<\/a><\/div>\n\n\n\n<div class=\"wp-block-file\"><a id=\"wp-block-file--media-ecd04e12-d0d2-41b3-b3f4-b0f43bfbb397\" href=\"http:\/\/pedagogie.ac-lille.fr\/sbssa\/wp-content\/uploads\/sites\/30\/2024\/12\/bp_coiffure_-_reglement_dexamen_-_annexe_iiipdf.pdf\" target=\"_blank\" rel=\"noreferrer noopener\">BP C &#8211; R\u00e8glement d&rsquo;examen &#8211; Annexe III<\/a><a href=\"http:\/\/pedagogie.ac-lille.fr\/sbssa\/wp-content\/uploads\/sites\/30\/2024\/12\/bp_coiffure_-_reglement_dexamen_-_annexe_iiipdf.pdf\" class=\"wp-block-file__button wp-element-button\" download aria-describedby=\"wp-block-file--media-ecd04e12-d0d2-41b3-b3f4-b0f43bfbb397\">T\u00e9l\u00e9charger<\/a><\/div>\n\n\n\n<div class=\"wp-block-file\"><a id=\"wp-block-file--media-e21666b4-c0fb-4966-8492-4777e003fcef\" href=\"http:\/\/pedagogie.ac-lille.fr\/sbssa\/wp-content\/uploads\/sites\/30\/2024\/12\/bp_coiffure_-_definition_des_epreuves_-_annexe_ivpdf.pdf\" target=\"_blank\" rel=\"noreferrer noopener\">BP C &#8211; D\u00e9finition des \u00e9preuves &#8211; Annexe IV<\/a><a href=\"http:\/\/pedagogie.ac-lille.fr\/sbssa\/wp-content\/uploads\/sites\/30\/2024\/12\/bp_coiffure_-_definition_des_epreuves_-_annexe_ivpdf.pdf\" class=\"wp-block-file__button wp-element-button\" download aria-describedby=\"wp-block-file--media-e21666b4-c0fb-4966-8492-4777e003fcef\">T\u00e9l\u00e9charger<\/a><\/div>\n\n\n\n<div class=\"wp-block-file\"><a id=\"wp-block-file--media-d65b5f59-d1c3-4078-a7d0-95ee38f1ee92\" href=\"http:\/\/pedagogie.ac-lille.fr\/sbssa\/wp-content\/uploads\/sites\/30\/2024\/12\/bp_coiffure_-_tableau_de_correspondance_entre_epreuves_et_unites_-_annexe_vpdf.pdf\" target=\"_blank\" rel=\"noreferrer noopener\">BP C &#8211; Tableau de correspondance entre les \u00e9preuves et les unit\u00e9s &#8211; Annexe V<\/a><a href=\"http:\/\/pedagogie.ac-lille.fr\/sbssa\/wp-content\/uploads\/sites\/30\/2024\/12\/bp_coiffure_-_tableau_de_correspondance_entre_epreuves_et_unites_-_annexe_vpdf.pdf\" class=\"wp-block-file__button wp-element-button\" download aria-describedby=\"wp-block-file--media-d65b5f59-d1c3-4078-a7d0-95ee38f1ee92\">T\u00e9l\u00e9charger<\/a><\/div>\n\n\n\n<p><\/p>\n","protected":false},"excerpt":{"rendered":"<p>R\u00e9f\u00e9rentiel en ligne<\/p>\n","protected":false},"author":48,"featured_media":0,"parent":1738,"menu_order":0,"comment_status":"closed","ping_status":"closed","template":"","meta":{"ngg_post_thumbnail":0,"footnotes":""},"class_list":["post-10023","page","type-page","status-publish","czr-hentry"],"publishpress_future_action":{"enabled":false,"date":"2026-04-11 15:54:47","action":"change-status","newStatus":"draft","terms":[],"taxonomy":"","extraData":[]},"publishpress_future_workflow_manual_trigger":{"enabledWorkflows":[]},"_links":{"self":[{"href":"https:\/\/pedagogie.ac-lille.fr\/sbssa\/wp-json\/wp\/v2\/pages\/10023","targetHints":{"allow":["GET"]}}],"collection":[{"href":"https:\/\/pedagogie.ac-lille.fr\/sbssa\/wp-json\/wp\/v2\/pages"}],"about":[{"href":"https:\/\/pedagogie.ac-lille.fr\/sbssa\/wp-json\/wp\/v2\/types\/page"}],"author":[{"embeddable":true,"href":"https:\/\/pedagogie.ac-lille.fr\/sbssa\/wp-json\/wp\/v2\/users\/48"}],"replies":[{"embeddable":true,"href":"https:\/\/pedagogie.ac-lille.fr\/sbssa\/wp-json\/wp\/v2\/comments?post=10023"}],"version-history":[{"count":18,"href":"https:\/\/pedagogie.ac-lille.fr\/sbssa\/wp-json\/wp\/v2\/pages\/10023\/revisions"}],"predecessor-version":[{"id":13186,"href":"https:\/\/pedagogie.ac-lille.fr\/sbssa\/wp-json\/wp\/v2\/pages\/10023\/revisions\/13186"}],"up":[{"embeddable":true,"href":"https:\/\/pedagogie.ac-lille.fr\/sbssa\/wp-json\/wp\/v2\/pages\/1738"}],"wp:attachment":[{"href":"https:\/\/pedagogie.ac-lille.fr\/sbssa\/wp-json\/wp\/v2\/media?parent=10023"}],"curies":[{"name":"wp","href":"https:\/\/api.w.org\/{rel}","templated":true}]}}