{"id":10174,"date":"2023-04-10T19:57:13","date_gmt":"2023-04-10T17:57:13","guid":{"rendered":"https:\/\/pedagogie.ac-lille.fr\/sbssa\/?page_id=10174"},"modified":"2023-04-10T19:57:13","modified_gmt":"2023-04-10T17:57:13","slug":"textes-officiels-bp-ecp","status":"publish","type":"page","link":"https:\/\/pedagogie.ac-lille.fr\/sbssa\/filieres\/beaute-et-bien-etre\/esthetique-cosmetique-parfumerie\/brevet-professionnel-esthetique-cosmetique-parfumerie-bp-ecp\/textes-officiels-bp-ecp\/","title":{"rendered":"Textes officiels &#8211; BP ECP"},"content":{"rendered":"<ul class=\"wp-block-latest-posts__list has-dates wp-block-latest-posts\"><li><div class=\"wp-block-latest-posts__featured-image alignleft\"><a href=\"https:\/\/pedagogie.ac-lille.fr\/sbssa\/referentiels-du-bp-ecp\/\" aria-label=\"BP ECP &#8211; R\u00e9f\u00e9rentiels du brevet professionnel ECP\"><img loading=\"lazy\" decoding=\"async\" width=\"300\" height=\"199\" src=\"https:\/\/pedagogie.ac-lille.fr\/sbssa\/wp-content\/uploads\/sites\/30\/2021\/07\/laptop-819285_1920-300x199.jpg\" class=\"attachment-medium size-medium no-lazy wp-post-image\" alt=\"R\u00e9f\u00e9rentiel\" style=\"max-width:150px;max-height:150px;\" srcset=\"https:\/\/pedagogie.ac-lille.fr\/sbssa\/wp-content\/uploads\/sites\/30\/2021\/07\/laptop-819285_1920-300x199.jpg 300w, https:\/\/pedagogie.ac-lille.fr\/sbssa\/wp-content\/uploads\/sites\/30\/2021\/07\/laptop-819285_1920-1024x680.jpg 1024w, https:\/\/pedagogie.ac-lille.fr\/sbssa\/wp-content\/uploads\/sites\/30\/2021\/07\/laptop-819285_1920-768x510.jpg 768w, https:\/\/pedagogie.ac-lille.fr\/sbssa\/wp-content\/uploads\/sites\/30\/2021\/07\/laptop-819285_1920-1536x1020.jpg 1536w, https:\/\/pedagogie.ac-lille.fr\/sbssa\/wp-content\/uploads\/sites\/30\/2021\/07\/laptop-819285_1920.jpg 1920w\" sizes=\"auto, (max-width: 300px) 100vw, 300px\" \/><\/a><\/div><a class=\"wp-block-latest-posts__post-title\" href=\"https:\/\/pedagogie.ac-lille.fr\/sbssa\/referentiels-du-bp-ecp\/\">BP ECP &#8211; R\u00e9f\u00e9rentiels du brevet professionnel ECP<\/a><time datetime=\"2021-08-17T20:10:19+02:00\" class=\"wp-block-latest-posts__post-date\">17 ao\u00fbt 2021<\/time><\/li>\n<li><div class=\"wp-block-latest-posts__featured-image alignleft\"><a href=\"https:\/\/pedagogie.ac-lille.fr\/sbssa\/bp-ecp-arrete-de-creation-du-5-juin-2019\/\" aria-label=\"BP ECP &#8211; Arr\u00eat\u00e9 de cr\u00e9ation du 5 juin 2019\"><img loading=\"lazy\" decoding=\"async\" width=\"300\" height=\"165\" src=\"https:\/\/pedagogie.ac-lille.fr\/sbssa\/wp-content\/uploads\/sites\/30\/2021\/03\/gavel-3577258_1920-300x165.jpg\" class=\"attachment-medium size-medium no-lazy wp-post-image\" alt=\"Arr\u00eat\u00e9\" style=\"max-width:150px;max-height:150px;\" srcset=\"https:\/\/pedagogie.ac-lille.fr\/sbssa\/wp-content\/uploads\/sites\/30\/2021\/03\/gavel-3577258_1920-300x165.jpg 300w, https:\/\/pedagogie.ac-lille.fr\/sbssa\/wp-content\/uploads\/sites\/30\/2021\/03\/gavel-3577258_1920-1024x563.jpg 1024w, https:\/\/pedagogie.ac-lille.fr\/sbssa\/wp-content\/uploads\/sites\/30\/2021\/03\/gavel-3577258_1920-768x422.jpg 768w, https:\/\/pedagogie.ac-lille.fr\/sbssa\/wp-content\/uploads\/sites\/30\/2021\/03\/gavel-3577258_1920-1536x845.jpg 1536w, https:\/\/pedagogie.ac-lille.fr\/sbssa\/wp-content\/uploads\/sites\/30\/2021\/03\/gavel-3577258_1920.jpg 1920w\" sizes=\"auto, (max-width: 300px) 100vw, 300px\" \/><\/a><\/div><a class=\"wp-block-latest-posts__post-title\" href=\"https:\/\/pedagogie.ac-lille.fr\/sbssa\/bp-ecp-arrete-de-creation-du-5-juin-2019\/\">BP ECP &#8211; Arr\u00eat\u00e9 de cr\u00e9ation du 5 juin 2019<\/a><time datetime=\"2021-08-17T20:02:45+02:00\" class=\"wp-block-latest-posts__post-date\">17 ao\u00fbt 2021<\/time><\/li>\n<li><div class=\"wp-block-latest-posts__featured-image alignleft\"><a href=\"https:\/\/pedagogie.ac-lille.fr\/sbssa\/cap-arrete-du-11-juin-2021-dispenses-enseignement-general-en-cap-epreuve-pse\/\" aria-label=\"CAP &#8211; BCP &#8211; BP &#8211; Arr\u00eat\u00e9 du 11 juin 2021 &#8211; Obtention de dispenses d&rsquo;\u00e9preuves d&rsquo;enseignement g\u00e9n\u00e9ral\"><img loading=\"lazy\" decoding=\"async\" width=\"300\" height=\"165\" src=\"https:\/\/pedagogie.ac-lille.fr\/sbssa\/wp-content\/uploads\/sites\/30\/2021\/03\/gavel-3577258_1920-300x165.jpg\" class=\"attachment-medium size-medium no-lazy wp-post-image\" alt=\"Arr\u00eat\u00e9\" style=\"max-width:150px;max-height:150px;\" srcset=\"https:\/\/pedagogie.ac-lille.fr\/sbssa\/wp-content\/uploads\/sites\/30\/2021\/03\/gavel-3577258_1920-300x165.jpg 300w, https:\/\/pedagogie.ac-lille.fr\/sbssa\/wp-content\/uploads\/sites\/30\/2021\/03\/gavel-3577258_1920-1024x563.jpg 1024w, https:\/\/pedagogie.ac-lille.fr\/sbssa\/wp-content\/uploads\/sites\/30\/2021\/03\/gavel-3577258_1920-768x422.jpg 768w, https:\/\/pedagogie.ac-lille.fr\/sbssa\/wp-content\/uploads\/sites\/30\/2021\/03\/gavel-3577258_1920-1536x845.jpg 1536w, https:\/\/pedagogie.ac-lille.fr\/sbssa\/wp-content\/uploads\/sites\/30\/2021\/03\/gavel-3577258_1920.jpg 1920w\" sizes=\"auto, (max-width: 300px) 100vw, 300px\" \/><\/a><\/div><a class=\"wp-block-latest-posts__post-title\" href=\"https:\/\/pedagogie.ac-lille.fr\/sbssa\/cap-arrete-du-11-juin-2021-dispenses-enseignement-general-en-cap-epreuve-pse\/\">CAP &#8211; BCP &#8211; BP &#8211; Arr\u00eat\u00e9 du 11 juin 2021 &#8211; Obtention de dispenses d&rsquo;\u00e9preuves d&rsquo;enseignement g\u00e9n\u00e9ral<\/a><time datetime=\"2021-06-11T08:00:00+02:00\" class=\"wp-block-latest-posts__post-date\">11 juin 2021<\/time><\/li>\n<\/ul>","protected":false},"excerpt":{"rendered":"","protected":false},"author":48,"featured_media":0,"parent":1760,"menu_order":0,"comment_status":"closed","ping_status":"closed","template":"","meta":{"ngg_post_thumbnail":0,"footnotes":""},"class_list":["post-10174","page","type-page","status-publish","czr-hentry"],"publishpress_future_action":{"enabled":false,"date":"2026-04-11 15:54:21","action":"change-status","newStatus":"draft","terms":[],"taxonomy":"","extraData":[]},"publishpress_future_workflow_manual_trigger":{"enabledWorkflows":[]},"_links":{"self":[{"href":"https:\/\/pedagogie.ac-lille.fr\/sbssa\/wp-json\/wp\/v2\/pages\/10174","targetHints":{"allow":["GET"]}}],"collection":[{"href":"https:\/\/pedagogie.ac-lille.fr\/sbssa\/wp-json\/wp\/v2\/pages"}],"about":[{"href":"https:\/\/pedagogie.ac-lille.fr\/sbssa\/wp-json\/wp\/v2\/types\/page"}],"author":[{"embeddable":true,"href":"https:\/\/pedagogie.ac-lille.fr\/sbssa\/wp-json\/wp\/v2\/users\/48"}],"replies":[{"embeddable":true,"href":"https:\/\/pedagogie.ac-lille.fr\/sbssa\/wp-json\/wp\/v2\/comments?post=10174"}],"version-history":[{"count":1,"href":"https:\/\/pedagogie.ac-lille.fr\/sbssa\/wp-json\/wp\/v2\/pages\/10174\/revisions"}],"predecessor-version":[{"id":10175,"href":"https:\/\/pedagogie.ac-lille.fr\/sbssa\/wp-json\/wp\/v2\/pages\/10174\/revisions\/10175"}],"up":[{"embeddable":true,"href":"https:\/\/pedagogie.ac-lille.fr\/sbssa\/wp-json\/wp\/v2\/pages\/1760"}],"wp:attachment":[{"href":"https:\/\/pedagogie.ac-lille.fr\/sbssa\/wp-json\/wp\/v2\/media?parent=10174"}],"curies":[{"name":"wp","href":"https:\/\/api.w.org\/{rel}","templated":true}]}}