{"id":10263,"date":"2023-04-15T22:17:27","date_gmt":"2023-04-15T20:17:27","guid":{"rendered":"https:\/\/pedagogie.ac-lille.fr\/sbssa\/?page_id=10263"},"modified":"2023-04-15T22:17:27","modified_gmt":"2023-04-15T20:17:27","slug":"ressources-cap-peucr","status":"publish","type":"page","link":"https:\/\/pedagogie.ac-lille.fr\/sbssa\/filieres\/hygiene-et-environnement\/cap-peucr-proprete-de-lenvironnement-urbain-collecte-et-recyclage\/ressources-cap-peucr\/","title":{"rendered":"Ressources &#8211; CAP PEUCR"},"content":{"rendered":"<ul class=\"wp-block-latest-posts__list has-dates wp-block-latest-posts\"><li><div class=\"wp-block-latest-posts__featured-image alignleft\"><a href=\"https:\/\/pedagogie.ac-lille.fr\/sbssa\/tri-et-traitement-des-dechets-prevenir-les-risques-professionnels\/\" aria-label=\"Tri et traitement des d\u00e9chets : pr\u00e9venir les risques professionnels\"><img loading=\"lazy\" decoding=\"async\" width=\"212\" height=\"300\" src=\"https:\/\/pedagogie.ac-lille.fr\/sbssa\/wp-content\/uploads\/sites\/30\/2026\/03\/ed6390-212x300.jpg\" class=\"attachment-medium size-medium no-lazy wp-post-image\" alt=\"\" style=\"max-width:150px;max-height:150px;\" srcset=\"https:\/\/pedagogie.ac-lille.fr\/sbssa\/wp-content\/uploads\/sites\/30\/2026\/03\/ed6390-212x300.jpg 212w, https:\/\/pedagogie.ac-lille.fr\/sbssa\/wp-content\/uploads\/sites\/30\/2026\/03\/ed6390.jpg 280w\" sizes=\"auto, (max-width: 212px) 100vw, 212px\" \/><\/a><\/div><a class=\"wp-block-latest-posts__post-title\" href=\"https:\/\/pedagogie.ac-lille.fr\/sbssa\/tri-et-traitement-des-dechets-prevenir-les-risques-professionnels\/\">Tri et traitement des d\u00e9chets : pr\u00e9venir les risques professionnels<\/a><time datetime=\"2026-03-22T19:15:39+01:00\" class=\"wp-block-latest-posts__post-date\">22 mars 2026<\/time><\/li>\n<li><div class=\"wp-block-latest-posts__featured-image alignleft\"><a href=\"https:\/\/pedagogie.ac-lille.fr\/sbssa\/risques-biologiques-pour-un-usage-raisonne-de-la-desinfection\/\" aria-label=\"Risques biologiques : pour un usage raisonn\u00e9 de la d\u00e9sinfection\"><img loading=\"lazy\" decoding=\"async\" width=\"209\" height=\"300\" src=\"https:\/\/pedagogie.ac-lille.fr\/sbssa\/wp-content\/uploads\/sites\/30\/2026\/03\/ed6188-209x300.jpg\" class=\"attachment-medium size-medium no-lazy wp-post-image\" alt=\"\" style=\"max-width:150px;max-height:150px;\" srcset=\"https:\/\/pedagogie.ac-lille.fr\/sbssa\/wp-content\/uploads\/sites\/30\/2026\/03\/ed6188-209x300.jpg 209w, https:\/\/pedagogie.ac-lille.fr\/sbssa\/wp-content\/uploads\/sites\/30\/2026\/03\/ed6188.jpg 280w\" sizes=\"auto, (max-width: 209px) 100vw, 209px\" \/><\/a><\/div><a class=\"wp-block-latest-posts__post-title\" href=\"https:\/\/pedagogie.ac-lille.fr\/sbssa\/risques-biologiques-pour-un-usage-raisonne-de-la-desinfection\/\">Risques biologiques : pour un usage raisonn\u00e9 de la d\u00e9sinfection<\/a><time datetime=\"2026-03-22T19:09:55+01:00\" class=\"wp-block-latest-posts__post-date\">22 mars 2026<\/time><\/li>\n<li><div class=\"wp-block-latest-posts__featured-image alignleft\"><a href=\"https:\/\/pedagogie.ac-lille.fr\/sbssa\/preparer-les-jeunes-aux-enjeux-de-sante-au-travail-fevrier-2024\/\" aria-label=\"Pr\u00e9parer les jeunes aux enjeux de sant\u00e9 au travail &#8211; F\u00e9vrier 2024\"><img loading=\"lazy\" decoding=\"async\" width=\"300\" height=\"113\" src=\"https:\/\/pedagogie.ac-lille.fr\/sbssa\/wp-content\/uploads\/sites\/30\/2024\/03\/couverture-travail-et-securite-300x113.jpg\" class=\"attachment-medium size-medium no-lazy wp-post-image\" alt=\"\" style=\"max-width:150px;max-height:150px;\" srcset=\"https:\/\/pedagogie.ac-lille.fr\/sbssa\/wp-content\/uploads\/sites\/30\/2024\/03\/couverture-travail-et-securite-300x113.jpg 300w, https:\/\/pedagogie.ac-lille.fr\/sbssa\/wp-content\/uploads\/sites\/30\/2024\/03\/couverture-travail-et-securite.jpg 480w\" sizes=\"auto, (max-width: 300px) 100vw, 300px\" \/><\/a><\/div><a class=\"wp-block-latest-posts__post-title\" href=\"https:\/\/pedagogie.ac-lille.fr\/sbssa\/preparer-les-jeunes-aux-enjeux-de-sante-au-travail-fevrier-2024\/\">Pr\u00e9parer les jeunes aux enjeux de sant\u00e9 au travail &#8211; F\u00e9vrier 2024<\/a><time datetime=\"2024-03-07T18:39:57+01:00\" class=\"wp-block-latest-posts__post-date\">7 mars 2024<\/time><\/li>\n<li><div class=\"wp-block-latest-posts__featured-image alignleft\"><a href=\"https:\/\/pedagogie.ac-lille.fr\/sbssa\/prevenir-les-risques-professionnels-dans-les-metiers-de-la-proprete\/\" aria-label=\"Pr\u00e9venir les risques professionnels dans les m\u00e9tiers de la propret\u00e9\"><img loading=\"lazy\" decoding=\"async\" width=\"300\" height=\"138\" src=\"https:\/\/pedagogie.ac-lille.fr\/sbssa\/wp-content\/uploads\/sites\/30\/2022\/06\/proprete-sommaire-300x138.jpeg\" class=\"attachment-medium size-medium no-lazy wp-post-image\" alt=\"Risques professionnels m\u00e9tiers de la propret\u00e9\" style=\"max-width:150px;max-height:150px;\" srcset=\"https:\/\/pedagogie.ac-lille.fr\/sbssa\/wp-content\/uploads\/sites\/30\/2022\/06\/proprete-sommaire-300x138.jpeg 300w, https:\/\/pedagogie.ac-lille.fr\/sbssa\/wp-content\/uploads\/sites\/30\/2022\/06\/proprete-sommaire.jpeg 752w\" sizes=\"auto, (max-width: 300px) 100vw, 300px\" \/><\/a><\/div><a class=\"wp-block-latest-posts__post-title\" href=\"https:\/\/pedagogie.ac-lille.fr\/sbssa\/prevenir-les-risques-professionnels-dans-les-metiers-de-la-proprete\/\">Pr\u00e9venir les risques professionnels dans les m\u00e9tiers de la propret\u00e9<\/a><time datetime=\"2022-06-23T07:55:48+02:00\" class=\"wp-block-latest-posts__post-date\">23 juin 2022<\/time><\/li>\n<li><div class=\"wp-block-latest-posts__featured-image alignleft\"><a href=\"https:\/\/pedagogie.ac-lille.fr\/sbssa\/rc-tout-savoir-sur-les-risques-chimiques-site-ameli-fr\/\" aria-label=\"RC &#8211; Les risques chimiques\"><img loading=\"lazy\" decoding=\"async\" width=\"300\" height=\"264\" src=\"https:\/\/pedagogie.ac-lille.fr\/sbssa\/wp-content\/uploads\/sites\/30\/2022\/11\/sign-304093_1280-2-300x264.png\" class=\"attachment-medium size-medium no-lazy wp-post-image\" alt=\"Pr\u00e9vention\" style=\"max-width:150px;max-height:150px;\" srcset=\"https:\/\/pedagogie.ac-lille.fr\/sbssa\/wp-content\/uploads\/sites\/30\/2022\/11\/sign-304093_1280-2-300x264.png 300w, https:\/\/pedagogie.ac-lille.fr\/sbssa\/wp-content\/uploads\/sites\/30\/2022\/11\/sign-304093_1280-2-1024x902.png 1024w, https:\/\/pedagogie.ac-lille.fr\/sbssa\/wp-content\/uploads\/sites\/30\/2022\/11\/sign-304093_1280-2-768x677.png 768w, https:\/\/pedagogie.ac-lille.fr\/sbssa\/wp-content\/uploads\/sites\/30\/2022\/11\/sign-304093_1280-2.png 1280w\" sizes=\"auto, (max-width: 300px) 100vw, 300px\" \/><\/a><\/div><a class=\"wp-block-latest-posts__post-title\" href=\"https:\/\/pedagogie.ac-lille.fr\/sbssa\/rc-tout-savoir-sur-les-risques-chimiques-site-ameli-fr\/\">RC &#8211; Les risques chimiques<\/a><time datetime=\"2022-06-23T07:38:32+02:00\" class=\"wp-block-latest-posts__post-date\">23 juin 2022<\/time><\/li>\n<li><div class=\"wp-block-latest-posts__featured-image alignleft\"><a href=\"https:\/\/pedagogie.ac-lille.fr\/sbssa\/cap-peucr-presentation-du-diplome-orientation\/\" aria-label=\"CAP PEUCR &#8211; Pr\u00e9sentation du dipl\u00f4me &#8211; Orientation\"><img loading=\"lazy\" decoding=\"async\" width=\"300\" height=\"200\" src=\"https:\/\/pedagogie.ac-lille.fr\/sbssa\/wp-content\/uploads\/sites\/30\/2021\/07\/AVT_ONISEP_6407-300x200.jpg\" class=\"attachment-medium size-medium no-lazy wp-post-image\" alt=\"ONISEP\" style=\"max-width:150px;max-height:150px;\" srcset=\"https:\/\/pedagogie.ac-lille.fr\/sbssa\/wp-content\/uploads\/sites\/30\/2021\/07\/AVT_ONISEP_6407-300x200.jpg 300w, https:\/\/pedagogie.ac-lille.fr\/sbssa\/wp-content\/uploads\/sites\/30\/2021\/07\/AVT_ONISEP_6407.jpg 360w\" sizes=\"auto, (max-width: 300px) 100vw, 300px\" \/><\/a><\/div><a class=\"wp-block-latest-posts__post-title\" href=\"https:\/\/pedagogie.ac-lille.fr\/sbssa\/cap-peucr-presentation-du-diplome-orientation\/\">CAP PEUCR &#8211; Pr\u00e9sentation du dipl\u00f4me &#8211; Orientation<\/a><time datetime=\"2022-06-22T10:18:40+02:00\" class=\"wp-block-latest-posts__post-date\">22 juin 2022<\/time><\/li>\n<li><div class=\"wp-block-latest-posts__featured-image alignleft\"><a href=\"https:\/\/pedagogie.ac-lille.fr\/sbssa\/site-les-metiers-de-la-proprete\/\" aria-label=\"Site \u00ab\u00a0Les m\u00e9tiers de la propret\u00e9\u00a0\u00bb\"><img loading=\"lazy\" decoding=\"async\" width=\"300\" height=\"167\" src=\"https:\/\/pedagogie.ac-lille.fr\/sbssa\/wp-content\/uploads\/sites\/30\/2022\/06\/logo-metiers-proprete-collegiens-300x167.png\" class=\"attachment-medium size-medium no-lazy wp-post-image\" alt=\"\" style=\"max-width:150px;max-height:150px;\" srcset=\"https:\/\/pedagogie.ac-lille.fr\/sbssa\/wp-content\/uploads\/sites\/30\/2022\/06\/logo-metiers-proprete-collegiens-300x167.png 300w, https:\/\/pedagogie.ac-lille.fr\/sbssa\/wp-content\/uploads\/sites\/30\/2022\/06\/logo-metiers-proprete-collegiens.png 333w\" sizes=\"auto, (max-width: 300px) 100vw, 300px\" \/><\/a><\/div><a class=\"wp-block-latest-posts__post-title\" href=\"https:\/\/pedagogie.ac-lille.fr\/sbssa\/site-les-metiers-de-la-proprete\/\">Site \u00ab\u00a0Les m\u00e9tiers de la propret\u00e9\u00a0\u00bb<\/a><time datetime=\"2022-06-21T20:48:35+02:00\" class=\"wp-block-latest-posts__post-date\">21 juin 2022<\/time><\/li>\n<\/ul>","protected":false},"excerpt":{"rendered":"","protected":false},"author":48,"featured_media":0,"parent":4514,"menu_order":0,"comment_status":"closed","ping_status":"closed","template":"","meta":{"ngg_post_thumbnail":0,"footnotes":""},"class_list":["post-10263","page","type-page","status-publish","czr-hentry"],"publishpress_future_action":{"enabled":false,"date":"2026-04-12 16:00:03","action":"change-status","newStatus":"draft","terms":[],"taxonomy":"","extraData":[]},"publishpress_future_workflow_manual_trigger":{"enabledWorkflows":[]},"_links":{"self":[{"href":"https:\/\/pedagogie.ac-lille.fr\/sbssa\/wp-json\/wp\/v2\/pages\/10263","targetHints":{"allow":["GET"]}}],"collection":[{"href":"https:\/\/pedagogie.ac-lille.fr\/sbssa\/wp-json\/wp\/v2\/pages"}],"about":[{"href":"https:\/\/pedagogie.ac-lille.fr\/sbssa\/wp-json\/wp\/v2\/types\/page"}],"author":[{"embeddable":true,"href":"https:\/\/pedagogie.ac-lille.fr\/sbssa\/wp-json\/wp\/v2\/users\/48"}],"replies":[{"embeddable":true,"href":"https:\/\/pedagogie.ac-lille.fr\/sbssa\/wp-json\/wp\/v2\/comments?post=10263"}],"version-history":[{"count":1,"href":"https:\/\/pedagogie.ac-lille.fr\/sbssa\/wp-json\/wp\/v2\/pages\/10263\/revisions"}],"predecessor-version":[{"id":10264,"href":"https:\/\/pedagogie.ac-lille.fr\/sbssa\/wp-json\/wp\/v2\/pages\/10263\/revisions\/10264"}],"up":[{"embeddable":true,"href":"https:\/\/pedagogie.ac-lille.fr\/sbssa\/wp-json\/wp\/v2\/pages\/4514"}],"wp:attachment":[{"href":"https:\/\/pedagogie.ac-lille.fr\/sbssa\/wp-json\/wp\/v2\/media?parent=10263"}],"curies":[{"name":"wp","href":"https:\/\/api.w.org\/{rel}","templated":true}]}}