{"id":10296,"date":"2023-04-15T22:49:34","date_gmt":"2023-04-15T20:49:34","guid":{"rendered":"https:\/\/pedagogie.ac-lille.fr\/sbssa\/?page_id=10296"},"modified":"2023-04-15T22:49:34","modified_gmt":"2023-04-15T20:49:34","slug":"documents-academiques-bcp-hps","status":"publish","type":"page","link":"https:\/\/pedagogie.ac-lille.fr\/sbssa\/filieres\/hygiene-et-environnement\/baccalaureat-professionnel-hygiene-proprete-et-sterilisation-bcp-hps\/documents-academiques-bcp-hps\/","title":{"rendered":"Documents acad\u00e9miques &#8211; BCP HPS"},"content":{"rendered":"<ul class=\"wp-block-latest-posts__list has-dates wp-block-latest-posts\"><li><div class=\"wp-block-latest-posts__featured-image alignleft\"><a href=\"https:\/\/pedagogie.ac-lille.fr\/sbssa\/bcp-hps-modalites-de-mise-en-oeuvre-des-ccf\/\" aria-label=\"BCP HPS &#8211; Modalit\u00e9s de mise en oeuvre des CCF\"><img loading=\"lazy\" decoding=\"async\" width=\"300\" height=\"183\" src=\"https:\/\/pedagogie.ac-lille.fr\/sbssa\/wp-content\/uploads\/sites\/30\/2022\/05\/feedback-g3d2015c20_1920-300x183.jpg\" class=\"attachment-medium size-medium no-lazy wp-post-image\" alt=\"Evaluation\" style=\"max-width:150px;max-height:150px;\" srcset=\"https:\/\/pedagogie.ac-lille.fr\/sbssa\/wp-content\/uploads\/sites\/30\/2022\/05\/feedback-g3d2015c20_1920-300x183.jpg 300w, https:\/\/pedagogie.ac-lille.fr\/sbssa\/wp-content\/uploads\/sites\/30\/2022\/05\/feedback-g3d2015c20_1920-1024x623.jpg 1024w, https:\/\/pedagogie.ac-lille.fr\/sbssa\/wp-content\/uploads\/sites\/30\/2022\/05\/feedback-g3d2015c20_1920-768x468.jpg 768w, https:\/\/pedagogie.ac-lille.fr\/sbssa\/wp-content\/uploads\/sites\/30\/2022\/05\/feedback-g3d2015c20_1920-1536x935.jpg 1536w, https:\/\/pedagogie.ac-lille.fr\/sbssa\/wp-content\/uploads\/sites\/30\/2022\/05\/feedback-g3d2015c20_1920-570x350.jpg 570w, https:\/\/pedagogie.ac-lille.fr\/sbssa\/wp-content\/uploads\/sites\/30\/2022\/05\/feedback-g3d2015c20_1920.jpg 1920w\" sizes=\"auto, (max-width: 300px) 100vw, 300px\" \/><\/a><\/div><a class=\"wp-block-latest-posts__post-title\" href=\"https:\/\/pedagogie.ac-lille.fr\/sbssa\/bcp-hps-modalites-de-mise-en-oeuvre-des-ccf\/\">BCP HPS &#8211; Modalit\u00e9s de mise en oeuvre des CCF<\/a><time datetime=\"2022-06-22T18:44:11+02:00\" class=\"wp-block-latest-posts__post-date\">22 juin 2022<\/time><\/li>\n<li><div class=\"wp-block-latest-posts__featured-image alignleft\"><a href=\"https:\/\/pedagogie.ac-lille.fr\/sbssa\/bcp-hps-outils-de-gestion-de-la-sgf\/\" aria-label=\"BCP HPS &#8211; Outils de gestion de la SGF &#8211; 11\/2015\"><img loading=\"lazy\" decoding=\"async\" width=\"300\" height=\"217\" src=\"https:\/\/pedagogie.ac-lille.fr\/sbssa\/wp-content\/uploads\/sites\/30\/2022\/05\/agenda-g3bce65beb_1280-300x217.png\" class=\"attachment-medium size-medium no-lazy wp-post-image\" alt=\"Projet\" style=\"max-width:150px;max-height:150px;\" srcset=\"https:\/\/pedagogie.ac-lille.fr\/sbssa\/wp-content\/uploads\/sites\/30\/2022\/05\/agenda-g3bce65beb_1280-300x217.png 300w, https:\/\/pedagogie.ac-lille.fr\/sbssa\/wp-content\/uploads\/sites\/30\/2022\/05\/agenda-g3bce65beb_1280-1024x742.png 1024w, https:\/\/pedagogie.ac-lille.fr\/sbssa\/wp-content\/uploads\/sites\/30\/2022\/05\/agenda-g3bce65beb_1280-768x556.png 768w, https:\/\/pedagogie.ac-lille.fr\/sbssa\/wp-content\/uploads\/sites\/30\/2022\/05\/agenda-g3bce65beb_1280.png 1280w\" sizes=\"auto, (max-width: 300px) 100vw, 300px\" \/><\/a><\/div><a class=\"wp-block-latest-posts__post-title\" href=\"https:\/\/pedagogie.ac-lille.fr\/sbssa\/bcp-hps-outils-de-gestion-de-la-sgf\/\">BCP HPS &#8211; Outils de gestion de la SGF &#8211; 11\/2015<\/a><time datetime=\"2022-06-22T18:32:20+02:00\" class=\"wp-block-latest-posts__post-date\">22 juin 2022<\/time><\/li>\n<li><div class=\"wp-block-latest-posts__featured-image alignleft\"><a href=\"https:\/\/pedagogie.ac-lille.fr\/sbssa\/bcp-gppe-une-poursuite-detude-possible-le-bts-mse\/\" aria-label=\"BTS MSE (M\u00e9tiers des Services \u00e0 l&rsquo;Environnement) &#8211; Une poursuite d&rsquo;\u00e9tudes possible\"><img loading=\"lazy\" decoding=\"async\" width=\"300\" height=\"200\" src=\"https:\/\/pedagogie.ac-lille.fr\/sbssa\/wp-content\/uploads\/sites\/30\/2021\/03\/Filie\u0300res-300x200.jpeg\" class=\"attachment-medium size-medium no-lazy wp-post-image\" alt=\"\" style=\"max-width:150px;max-height:150px;\" srcset=\"https:\/\/pedagogie.ac-lille.fr\/sbssa\/wp-content\/uploads\/sites\/30\/2021\/03\/Filie\u0300res-300x200.jpeg 300w, https:\/\/pedagogie.ac-lille.fr\/sbssa\/wp-content\/uploads\/sites\/30\/2021\/03\/Filie\u0300res.jpeg 768w\" sizes=\"auto, (max-width: 300px) 100vw, 300px\" \/><\/a><\/div><a class=\"wp-block-latest-posts__post-title\" href=\"https:\/\/pedagogie.ac-lille.fr\/sbssa\/bcp-gppe-une-poursuite-detude-possible-le-bts-mse\/\">BTS MSE (M\u00e9tiers des Services \u00e0 l&rsquo;Environnement) &#8211; Une poursuite d&rsquo;\u00e9tudes possible<\/a><time datetime=\"2022-06-22T16:54:20+02:00\" class=\"wp-block-latest-posts__post-date\">22 juin 2022<\/time><\/li>\n<li><div class=\"wp-block-latest-posts__featured-image alignleft\"><a href=\"https:\/\/pedagogie.ac-lille.fr\/sbssa\/paf-2018-bcp-hps-nouvelles-technologies-en-hygiene-arras-19-04-2018\/\" aria-label=\"Prot\u00e9g\u00e9\u00a0: Nouvelles technologies en hygie\u0300ne\"><img loading=\"lazy\" decoding=\"async\" width=\"300\" height=\"300\" src=\"https:\/\/pedagogie.ac-lille.fr\/sbssa\/wp-content\/uploads\/sites\/30\/2022\/06\/177215-9998507-300x300.jpeg\" class=\"attachment-medium size-medium no-lazy wp-post-image\" alt=\"\" style=\"max-width:150px;max-height:150px;\" srcset=\"https:\/\/pedagogie.ac-lille.fr\/sbssa\/wp-content\/uploads\/sites\/30\/2022\/06\/177215-9998507-300x300.jpeg 300w, https:\/\/pedagogie.ac-lille.fr\/sbssa\/wp-content\/uploads\/sites\/30\/2022\/06\/177215-9998507-150x150.jpeg 150w, https:\/\/pedagogie.ac-lille.fr\/sbssa\/wp-content\/uploads\/sites\/30\/2022\/06\/177215-9998507.jpeg 359w\" sizes=\"auto, (max-width: 300px) 100vw, 300px\" \/><\/a><\/div><a class=\"wp-block-latest-posts__post-title\" href=\"https:\/\/pedagogie.ac-lille.fr\/sbssa\/paf-2018-bcp-hps-nouvelles-technologies-en-hygiene-arras-19-04-2018\/\">Prot\u00e9g\u00e9\u00a0: Nouvelles technologies en hygie\u0300ne<\/a><time datetime=\"2022-06-22T14:17:00+02:00\" class=\"wp-block-latest-posts__post-date\">22 juin 2022<\/time><\/li>\n<li><div class=\"wp-block-latest-posts__featured-image alignleft\"><a href=\"https:\/\/pedagogie.ac-lille.fr\/sbssa\/paf-2016-bcp-hps-bionettoyage-en-zone-a-risques-24-et-26-05-2016\/\" aria-label=\"Prot\u00e9g\u00e9\u00a0: Bionettoyage en zones a\u0300 risques\"><img loading=\"lazy\" decoding=\"async\" width=\"275\" height=\"183\" src=\"https:\/\/pedagogie.ac-lille.fr\/sbssa\/wp-content\/uploads\/sites\/30\/2022\/06\/Bionettoyage-bloc-ope\u0301ratoire.jpeg\" class=\"attachment-medium size-medium no-lazy wp-post-image\" alt=\"\" style=\"max-width:150px;max-height:150px;\" \/><\/a><\/div><a class=\"wp-block-latest-posts__post-title\" href=\"https:\/\/pedagogie.ac-lille.fr\/sbssa\/paf-2016-bcp-hps-bionettoyage-en-zone-a-risques-24-et-26-05-2016\/\">Prot\u00e9g\u00e9\u00a0: Bionettoyage en zones a\u0300 risques<\/a><time datetime=\"2022-06-22T14:16:00+02:00\" class=\"wp-block-latest-posts__post-date\">22 juin 2022<\/time><\/li>\n<li><div class=\"wp-block-latest-posts__featured-image alignleft\"><a href=\"https:\/\/pedagogie.ac-lille.fr\/sbssa\/bcp-hps-ccf-banques-de-sujets-e31-e32-e33\/\" aria-label=\"Prot\u00e9g\u00e9\u00a0: BCP HPS &#8211; CCF : Banques de sujets E31 &#8211; E32 &#8211; E33\"><img loading=\"lazy\" decoding=\"async\" width=\"300\" height=\"183\" src=\"https:\/\/pedagogie.ac-lille.fr\/sbssa\/wp-content\/uploads\/sites\/30\/2022\/05\/feedback-g3d2015c20_1920-300x183.jpg\" class=\"attachment-medium size-medium no-lazy wp-post-image\" alt=\"Evaluation\" style=\"max-width:150px;max-height:150px;\" srcset=\"https:\/\/pedagogie.ac-lille.fr\/sbssa\/wp-content\/uploads\/sites\/30\/2022\/05\/feedback-g3d2015c20_1920-300x183.jpg 300w, https:\/\/pedagogie.ac-lille.fr\/sbssa\/wp-content\/uploads\/sites\/30\/2022\/05\/feedback-g3d2015c20_1920-1024x623.jpg 1024w, https:\/\/pedagogie.ac-lille.fr\/sbssa\/wp-content\/uploads\/sites\/30\/2022\/05\/feedback-g3d2015c20_1920-768x468.jpg 768w, https:\/\/pedagogie.ac-lille.fr\/sbssa\/wp-content\/uploads\/sites\/30\/2022\/05\/feedback-g3d2015c20_1920-1536x935.jpg 1536w, https:\/\/pedagogie.ac-lille.fr\/sbssa\/wp-content\/uploads\/sites\/30\/2022\/05\/feedback-g3d2015c20_1920-570x350.jpg 570w, https:\/\/pedagogie.ac-lille.fr\/sbssa\/wp-content\/uploads\/sites\/30\/2022\/05\/feedback-g3d2015c20_1920.jpg 1920w\" sizes=\"auto, (max-width: 300px) 100vw, 300px\" \/><\/a><\/div><a class=\"wp-block-latest-posts__post-title\" href=\"https:\/\/pedagogie.ac-lille.fr\/sbssa\/bcp-hps-ccf-banques-de-sujets-e31-e32-e33\/\">Prot\u00e9g\u00e9\u00a0: BCP HPS &#8211; CCF : Banques de sujets E31 &#8211; E32 &#8211; E33<\/a><time datetime=\"2022-06-22T14:15:00+02:00\" class=\"wp-block-latest-posts__post-date\">22 juin 2022<\/time><\/li>\n<li><div class=\"wp-block-latest-posts__featured-image alignleft\"><a href=\"https:\/\/pedagogie.ac-lille.fr\/sbssa\/paf-2015-bcp-hps-bionettoyage-societe-gsf-pluton-avril-2015\/\" aria-label=\"Prot\u00e9g\u00e9\u00a0: Bionettoyage en secteur hospitalier\"><img loading=\"lazy\" decoding=\"async\" width=\"300\" height=\"169\" src=\"https:\/\/pedagogie.ac-lille.fr\/sbssa\/wp-content\/uploads\/sites\/30\/2022\/06\/vb-surfaces-1920x1080-1-1200x675-1-300x169.jpeg\" class=\"attachment-medium size-medium no-lazy wp-post-image\" alt=\"\" style=\"max-width:150px;max-height:150px;\" srcset=\"https:\/\/pedagogie.ac-lille.fr\/sbssa\/wp-content\/uploads\/sites\/30\/2022\/06\/vb-surfaces-1920x1080-1-1200x675-1-300x169.jpeg 300w, https:\/\/pedagogie.ac-lille.fr\/sbssa\/wp-content\/uploads\/sites\/30\/2022\/06\/vb-surfaces-1920x1080-1-1200x675-1-1024x576.jpeg 1024w, https:\/\/pedagogie.ac-lille.fr\/sbssa\/wp-content\/uploads\/sites\/30\/2022\/06\/vb-surfaces-1920x1080-1-1200x675-1-768x432.jpeg 768w, https:\/\/pedagogie.ac-lille.fr\/sbssa\/wp-content\/uploads\/sites\/30\/2022\/06\/vb-surfaces-1920x1080-1-1200x675-1-1110x624.jpeg 1110w, https:\/\/pedagogie.ac-lille.fr\/sbssa\/wp-content\/uploads\/sites\/30\/2022\/06\/vb-surfaces-1920x1080-1-1200x675-1-528x297.jpeg 528w, https:\/\/pedagogie.ac-lille.fr\/sbssa\/wp-content\/uploads\/sites\/30\/2022\/06\/vb-surfaces-1920x1080-1-1200x675-1.jpeg 1200w\" sizes=\"auto, (max-width: 300px) 100vw, 300px\" \/><\/a><\/div><a class=\"wp-block-latest-posts__post-title\" href=\"https:\/\/pedagogie.ac-lille.fr\/sbssa\/paf-2015-bcp-hps-bionettoyage-societe-gsf-pluton-avril-2015\/\">Prot\u00e9g\u00e9\u00a0: Bionettoyage en secteur hospitalier<\/a><time datetime=\"2022-06-22T14:14:00+02:00\" class=\"wp-block-latest-posts__post-date\">22 juin 2022<\/time><\/li>\n<li><div class=\"wp-block-latest-posts__featured-image alignleft\"><a href=\"https:\/\/pedagogie.ac-lille.fr\/sbssa\/paf-02-2018-entretien-des-locaux\/\" aria-label=\"Prot\u00e9g\u00e9\u00a0: PAF 2017 &#8211; 2018 : Techniques en entretien des locaux &#8211; F\u00e9vrier 2018\"><img loading=\"lazy\" decoding=\"async\" width=\"300\" height=\"200\" src=\"https:\/\/pedagogie.ac-lille.fr\/sbssa\/wp-content\/uploads\/sites\/30\/2022\/06\/monobrosse-300x200.jpeg\" class=\"attachment-medium size-medium no-lazy wp-post-image\" alt=\"\" style=\"max-width:150px;max-height:150px;\" srcset=\"https:\/\/pedagogie.ac-lille.fr\/sbssa\/wp-content\/uploads\/sites\/30\/2022\/06\/monobrosse-300x200.jpeg 300w, https:\/\/pedagogie.ac-lille.fr\/sbssa\/wp-content\/uploads\/sites\/30\/2022\/06\/monobrosse-768x512.jpeg 768w, https:\/\/pedagogie.ac-lille.fr\/sbssa\/wp-content\/uploads\/sites\/30\/2022\/06\/monobrosse.jpeg 1000w\" sizes=\"auto, (max-width: 300px) 100vw, 300px\" \/><\/a><\/div><a class=\"wp-block-latest-posts__post-title\" href=\"https:\/\/pedagogie.ac-lille.fr\/sbssa\/paf-02-2018-entretien-des-locaux\/\">Prot\u00e9g\u00e9\u00a0: PAF 2017 &#8211; 2018 : Techniques en entretien des locaux &#8211; F\u00e9vrier 2018<\/a><time datetime=\"2018-02-28T14:18:00+01:00\" class=\"wp-block-latest-posts__post-date\">28 f\u00e9vrier 2018<\/time><\/li>\n<li><div class=\"wp-block-latest-posts__featured-image alignleft\"><a href=\"https:\/\/pedagogie.ac-lille.fr\/sbssa\/bionettoyage-en-zones-a-risques-zar\/\" aria-label=\"Prot\u00e9g\u00e9\u00a0: Bionettoyage, d\u00e9sinfection des locaux et contr\u00f4les microbiologiques en Zones A Risques (ZAR) &#8211; PAF 2015 &#8211; 2016 en BCP HPS\"><img loading=\"lazy\" decoding=\"async\" width=\"300\" height=\"169\" src=\"https:\/\/pedagogie.ac-lille.fr\/sbssa\/wp-content\/uploads\/sites\/30\/2022\/06\/Dsinfection-milieux-hospitaliers-brumstylbrumisateur1-300x169.jpeg\" class=\"attachment-medium size-medium no-lazy wp-post-image\" alt=\"\" style=\"max-width:150px;max-height:150px;\" srcset=\"https:\/\/pedagogie.ac-lille.fr\/sbssa\/wp-content\/uploads\/sites\/30\/2022\/06\/Dsinfection-milieux-hospitaliers-brumstylbrumisateur1-300x169.jpeg 300w, https:\/\/pedagogie.ac-lille.fr\/sbssa\/wp-content\/uploads\/sites\/30\/2022\/06\/Dsinfection-milieux-hospitaliers-brumstylbrumisateur1-1024x576.jpeg 1024w, https:\/\/pedagogie.ac-lille.fr\/sbssa\/wp-content\/uploads\/sites\/30\/2022\/06\/Dsinfection-milieux-hospitaliers-brumstylbrumisateur1-768x432.jpeg 768w, https:\/\/pedagogie.ac-lille.fr\/sbssa\/wp-content\/uploads\/sites\/30\/2022\/06\/Dsinfection-milieux-hospitaliers-brumstylbrumisateur1-1110x624.jpeg 1110w, https:\/\/pedagogie.ac-lille.fr\/sbssa\/wp-content\/uploads\/sites\/30\/2022\/06\/Dsinfection-milieux-hospitaliers-brumstylbrumisateur1-528x297.jpeg 528w, https:\/\/pedagogie.ac-lille.fr\/sbssa\/wp-content\/uploads\/sites\/30\/2022\/06\/Dsinfection-milieux-hospitaliers-brumstylbrumisateur1.jpeg 1280w\" sizes=\"auto, (max-width: 300px) 100vw, 300px\" \/><\/a><\/div><a class=\"wp-block-latest-posts__post-title\" href=\"https:\/\/pedagogie.ac-lille.fr\/sbssa\/bionettoyage-en-zones-a-risques-zar\/\">Prot\u00e9g\u00e9\u00a0: Bionettoyage, d\u00e9sinfection des locaux et contr\u00f4les microbiologiques en Zones A Risques (ZAR) &#8211; PAF 2015 &#8211; 2016 en BCP HPS<\/a><time datetime=\"2015-12-31T12:58:00+01:00\" class=\"wp-block-latest-posts__post-date\">31 d\u00e9cembre 2015<\/time><\/li>\n<\/ul>","protected":false},"excerpt":{"rendered":"","protected":false},"author":48,"featured_media":0,"parent":2830,"menu_order":0,"comment_status":"closed","ping_status":"closed","template":"","meta":{"ngg_post_thumbnail":0,"footnotes":""},"class_list":["post-10296","page","type-page","status-publish","czr-hentry"],"publishpress_future_action":{"enabled":false,"date":"2026-04-13 04:39:55","action":"change-status","newStatus":"draft","terms":[],"taxonomy":"","extraData":[]},"publishpress_future_workflow_manual_trigger":{"enabledWorkflows":[]},"_links":{"self":[{"href":"https:\/\/pedagogie.ac-lille.fr\/sbssa\/wp-json\/wp\/v2\/pages\/10296","targetHints":{"allow":["GET"]}}],"collection":[{"href":"https:\/\/pedagogie.ac-lille.fr\/sbssa\/wp-json\/wp\/v2\/pages"}],"about":[{"href":"https:\/\/pedagogie.ac-lille.fr\/sbssa\/wp-json\/wp\/v2\/types\/page"}],"author":[{"embeddable":true,"href":"https:\/\/pedagogie.ac-lille.fr\/sbssa\/wp-json\/wp\/v2\/users\/48"}],"replies":[{"embeddable":true,"href":"https:\/\/pedagogie.ac-lille.fr\/sbssa\/wp-json\/wp\/v2\/comments?post=10296"}],"version-history":[{"count":1,"href":"https:\/\/pedagogie.ac-lille.fr\/sbssa\/wp-json\/wp\/v2\/pages\/10296\/revisions"}],"predecessor-version":[{"id":10297,"href":"https:\/\/pedagogie.ac-lille.fr\/sbssa\/wp-json\/wp\/v2\/pages\/10296\/revisions\/10297"}],"up":[{"embeddable":true,"href":"https:\/\/pedagogie.ac-lille.fr\/sbssa\/wp-json\/wp\/v2\/pages\/2830"}],"wp:attachment":[{"href":"https:\/\/pedagogie.ac-lille.fr\/sbssa\/wp-json\/wp\/v2\/media?parent=10296"}],"curies":[{"name":"wp","href":"https:\/\/api.w.org\/{rel}","templated":true}]}}