{"id":10326,"date":"2023-04-15T23:17:24","date_gmt":"2023-04-15T21:17:24","guid":{"rendered":"https:\/\/pedagogie.ac-lille.fr\/sbssa\/?page_id=10326"},"modified":"2023-04-15T23:17:24","modified_gmt":"2023-04-15T21:17:24","slug":"ressources-cap-psr","status":"publish","type":"page","link":"https:\/\/pedagogie.ac-lille.fr\/sbssa\/ressources-cap-psr\/","title":{"rendered":"Ressources &#8211; CAP PSR"},"content":{"rendered":"<ul class=\"wp-block-latest-posts__list has-dates wp-block-latest-posts\"><li><div class=\"wp-block-latest-posts__featured-image alignleft\"><a href=\"https:\/\/pedagogie.ac-lille.fr\/sbssa\/risques-biologiques-pour-un-usage-raisonne-de-la-desinfection\/\" aria-label=\"Risques biologiques : pour un usage raisonn\u00e9 de la d\u00e9sinfection\"><img loading=\"lazy\" decoding=\"async\" width=\"209\" height=\"300\" src=\"https:\/\/pedagogie.ac-lille.fr\/sbssa\/wp-content\/uploads\/sites\/30\/2026\/03\/ed6188-209x300.jpg\" class=\"attachment-medium size-medium no-lazy wp-post-image\" alt=\"\" style=\"max-width:150px;max-height:150px;\" srcset=\"https:\/\/pedagogie.ac-lille.fr\/sbssa\/wp-content\/uploads\/sites\/30\/2026\/03\/ed6188-209x300.jpg 209w, https:\/\/pedagogie.ac-lille.fr\/sbssa\/wp-content\/uploads\/sites\/30\/2026\/03\/ed6188.jpg 280w\" sizes=\"auto, (max-width: 209px) 100vw, 209px\" \/><\/a><\/div><a class=\"wp-block-latest-posts__post-title\" href=\"https:\/\/pedagogie.ac-lille.fr\/sbssa\/risques-biologiques-pour-un-usage-raisonne-de-la-desinfection\/\">Risques biologiques : pour un usage raisonn\u00e9 de la d\u00e9sinfection<\/a><time datetime=\"2026-03-22T19:09:55+01:00\" class=\"wp-block-latest-posts__post-date\">22 mars 2026<\/time><\/li>\n<li><div class=\"wp-block-latest-posts__featured-image alignleft\"><a href=\"https:\/\/pedagogie.ac-lille.fr\/sbssa\/preparer-les-jeunes-aux-enjeux-de-sante-au-travail-fevrier-2024\/\" aria-label=\"Pr\u00e9parer les jeunes aux enjeux de sant\u00e9 au travail &#8211; F\u00e9vrier 2024\"><img loading=\"lazy\" decoding=\"async\" width=\"300\" height=\"113\" src=\"https:\/\/pedagogie.ac-lille.fr\/sbssa\/wp-content\/uploads\/sites\/30\/2024\/03\/couverture-travail-et-securite-300x113.jpg\" class=\"attachment-medium size-medium no-lazy wp-post-image\" alt=\"\" style=\"max-width:150px;max-height:150px;\" srcset=\"https:\/\/pedagogie.ac-lille.fr\/sbssa\/wp-content\/uploads\/sites\/30\/2024\/03\/couverture-travail-et-securite-300x113.jpg 300w, https:\/\/pedagogie.ac-lille.fr\/sbssa\/wp-content\/uploads\/sites\/30\/2024\/03\/couverture-travail-et-securite.jpg 480w\" sizes=\"auto, (max-width: 300px) 100vw, 300px\" \/><\/a><\/div><a class=\"wp-block-latest-posts__post-title\" href=\"https:\/\/pedagogie.ac-lille.fr\/sbssa\/preparer-les-jeunes-aux-enjeux-de-sante-au-travail-fevrier-2024\/\">Pr\u00e9parer les jeunes aux enjeux de sant\u00e9 au travail &#8211; F\u00e9vrier 2024<\/a><time datetime=\"2024-03-07T18:39:57+01:00\" class=\"wp-block-latest-posts__post-date\">7 mars 2024<\/time><\/li>\n<li><div class=\"wp-block-latest-posts__featured-image alignleft\"><a href=\"https:\/\/pedagogie.ac-lille.fr\/sbssa\/la-restauration-traditionnelle-prevenir-les-risques-professionnels-inrs-ed6410-2021\/\" aria-label=\"La restauration traditionnelle &#8211; Pre\u0301venir les risques professionnels &#8211; INRS &#8211; ed6410 &#8211; 2021\"><img loading=\"lazy\" decoding=\"async\" width=\"212\" height=\"300\" src=\"https:\/\/pedagogie.ac-lille.fr\/sbssa\/wp-content\/uploads\/sites\/30\/2022\/06\/Restauration-traditionnelle-ed6410-212x300.jpeg\" class=\"attachment-medium size-medium no-lazy wp-post-image\" alt=\"\" style=\"max-width:150px;max-height:150px;\" srcset=\"https:\/\/pedagogie.ac-lille.fr\/sbssa\/wp-content\/uploads\/sites\/30\/2022\/06\/Restauration-traditionnelle-ed6410-212x300.jpeg 212w, https:\/\/pedagogie.ac-lille.fr\/sbssa\/wp-content\/uploads\/sites\/30\/2022\/06\/Restauration-traditionnelle-ed6410.jpeg 280w\" sizes=\"auto, (max-width: 212px) 100vw, 212px\" \/><\/a><\/div><a class=\"wp-block-latest-posts__post-title\" href=\"https:\/\/pedagogie.ac-lille.fr\/sbssa\/la-restauration-traditionnelle-prevenir-les-risques-professionnels-inrs-ed6410-2021\/\">La restauration traditionnelle &#8211; Pre\u0301venir les risques professionnels &#8211; INRS &#8211; ed6410 &#8211; 2021<\/a><time datetime=\"2022-06-24T22:41:18+02:00\" class=\"wp-block-latest-posts__post-date\">24 juin 2022<\/time><\/li>\n<li><div class=\"wp-block-latest-posts__featured-image alignleft\"><a href=\"https:\/\/pedagogie.ac-lille.fr\/sbssa\/restauration-rapide-prevenir-les-risques-professionnels\/\" aria-label=\"Restauration rapide &#8211; Pr\u00e9venir les risques professionnels\"><img loading=\"lazy\" decoding=\"async\" width=\"300\" height=\"138\" src=\"https:\/\/pedagogie.ac-lille.fr\/sbssa\/wp-content\/uploads\/sites\/30\/2022\/06\/Restauration-rapide-sommaire-300x138.jpeg\" class=\"attachment-medium size-medium no-lazy wp-post-image\" alt=\"\" style=\"max-width:150px;max-height:150px;\" srcset=\"https:\/\/pedagogie.ac-lille.fr\/sbssa\/wp-content\/uploads\/sites\/30\/2022\/06\/Restauration-rapide-sommaire-300x138.jpeg 300w, https:\/\/pedagogie.ac-lille.fr\/sbssa\/wp-content\/uploads\/sites\/30\/2022\/06\/Restauration-rapide-sommaire.jpeg 752w\" sizes=\"auto, (max-width: 300px) 100vw, 300px\" \/><\/a><\/div><a class=\"wp-block-latest-posts__post-title\" href=\"https:\/\/pedagogie.ac-lille.fr\/sbssa\/restauration-rapide-prevenir-les-risques-professionnels\/\">Restauration rapide &#8211; Pr\u00e9venir les risques professionnels<\/a><time datetime=\"2022-06-24T22:09:19+02:00\" class=\"wp-block-latest-posts__post-date\">24 juin 2022<\/time><\/li>\n<li><div class=\"wp-block-latest-posts__featured-image alignleft\"><a href=\"https:\/\/pedagogie.ac-lille.fr\/sbssa\/tutoprev-accueil-en-hotellerie-restauration-inrs-ed4467-03-2020\/\" aria-label=\"TutoPr\u00e9v&rsquo; Accueil  en H\u00f4tellerie &#8211; Restauration &#8211; INRS &#8211; Ed4467 &#8211; 03\/2020\"><img loading=\"lazy\" decoding=\"async\" width=\"300\" height=\"122\" src=\"https:\/\/pedagogie.ac-lille.fr\/sbssa\/wp-content\/uploads\/sites\/30\/2022\/06\/Tutoprev-300x122.jpeg\" class=\"attachment-medium size-medium no-lazy wp-post-image\" alt=\"\" style=\"max-width:150px;max-height:150px;\" srcset=\"https:\/\/pedagogie.ac-lille.fr\/sbssa\/wp-content\/uploads\/sites\/30\/2022\/06\/Tutoprev-300x122.jpeg 300w, https:\/\/pedagogie.ac-lille.fr\/sbssa\/wp-content\/uploads\/sites\/30\/2022\/06\/Tutoprev-e1656166418308.jpeg 150w\" sizes=\"auto, (max-width: 300px) 100vw, 300px\" \/><\/a><\/div><a class=\"wp-block-latest-posts__post-title\" href=\"https:\/\/pedagogie.ac-lille.fr\/sbssa\/tutoprev-accueil-en-hotellerie-restauration-inrs-ed4467-03-2020\/\">TutoPr\u00e9v&rsquo; Accueil  en H\u00f4tellerie &#8211; Restauration &#8211; INRS &#8211; Ed4467 &#8211; 03\/2020<\/a><time datetime=\"2021-02-13T08:00:00+01:00\" class=\"wp-block-latest-posts__post-date\">13 f\u00e9vrier 2021<\/time><\/li>\n<li><div class=\"wp-block-latest-posts__featured-image alignleft\"><a href=\"https:\/\/pedagogie.ac-lille.fr\/sbssa\/cap-psr-presentation-du-diplome-orientation\/\" aria-label=\"CAP PSR &#8211; Pr\u00e9sentation du dipl\u00f4me &#8211; Orientation\"><img loading=\"lazy\" decoding=\"async\" width=\"300\" height=\"200\" src=\"https:\/\/pedagogie.ac-lille.fr\/sbssa\/wp-content\/uploads\/sites\/30\/2021\/07\/AVT_ONISEP_6407-300x200.jpg\" class=\"attachment-medium size-medium no-lazy wp-post-image\" alt=\"ONISEP\" style=\"max-width:150px;max-height:150px;\" srcset=\"https:\/\/pedagogie.ac-lille.fr\/sbssa\/wp-content\/uploads\/sites\/30\/2021\/07\/AVT_ONISEP_6407-300x200.jpg 300w, https:\/\/pedagogie.ac-lille.fr\/sbssa\/wp-content\/uploads\/sites\/30\/2021\/07\/AVT_ONISEP_6407.jpg 360w\" sizes=\"auto, (max-width: 300px) 100vw, 300px\" \/><\/a><\/div><a class=\"wp-block-latest-posts__post-title\" href=\"https:\/\/pedagogie.ac-lille.fr\/sbssa\/cap-psr-presentation-du-diplome-orientation\/\">CAP PSR &#8211; Pr\u00e9sentation du dipl\u00f4me &#8211; Orientation<\/a><time datetime=\"2021-01-23T21:18:00+01:00\" class=\"wp-block-latest-posts__post-date\">23 janvier 2021<\/time><\/li>\n<li><div class=\"wp-block-latest-posts__featured-image alignleft\"><a href=\"https:\/\/pedagogie.ac-lille.fr\/sbssa\/restauration-collective-aide-au-reperage-des-risques-professionnels-inrs-ed-6075\/\" aria-label=\"Restauration collective &#8211; Aide au rep\u00e9rage des risques professionnels &#8211; INRS &#8211; ED 6075\"><img loading=\"lazy\" decoding=\"async\" width=\"300\" height=\"169\" src=\"https:\/\/pedagogie.ac-lille.fr\/sbssa\/wp-content\/uploads\/sites\/30\/2019\/06\/Restauration-collective-300x169.jpeg\" class=\"attachment-medium size-medium no-lazy wp-post-image\" alt=\"\" style=\"max-width:150px;max-height:150px;\" srcset=\"https:\/\/pedagogie.ac-lille.fr\/sbssa\/wp-content\/uploads\/sites\/30\/2019\/06\/Restauration-collective-300x169.jpeg 300w, https:\/\/pedagogie.ac-lille.fr\/sbssa\/wp-content\/uploads\/sites\/30\/2019\/06\/Restauration-collective-1024x576.jpeg 1024w, https:\/\/pedagogie.ac-lille.fr\/sbssa\/wp-content\/uploads\/sites\/30\/2019\/06\/Restauration-collective-768x432.jpeg 768w, https:\/\/pedagogie.ac-lille.fr\/sbssa\/wp-content\/uploads\/sites\/30\/2019\/06\/Restauration-collective-1536x864.jpeg 1536w, https:\/\/pedagogie.ac-lille.fr\/sbssa\/wp-content\/uploads\/sites\/30\/2019\/06\/Restauration-collective-2048x1152.jpeg 2048w, https:\/\/pedagogie.ac-lille.fr\/sbssa\/wp-content\/uploads\/sites\/30\/2019\/06\/Restauration-collective-1110x624.jpeg 1110w, https:\/\/pedagogie.ac-lille.fr\/sbssa\/wp-content\/uploads\/sites\/30\/2019\/06\/Restauration-collective-528x297.jpeg 528w\" sizes=\"auto, (max-width: 300px) 100vw, 300px\" \/><\/a><\/div><a class=\"wp-block-latest-posts__post-title\" href=\"https:\/\/pedagogie.ac-lille.fr\/sbssa\/restauration-collective-aide-au-reperage-des-risques-professionnels-inrs-ed-6075\/\">Restauration collective &#8211; Aide au rep\u00e9rage des risques professionnels &#8211; INRS &#8211; ED 6075<\/a><time datetime=\"2019-06-24T22:24:00+02:00\" class=\"wp-block-latest-posts__post-date\">24 juin 2019<\/time><\/li>\n<li><div class=\"wp-block-latest-posts__featured-image alignleft\"><a href=\"https:\/\/pedagogie.ac-lille.fr\/sbssa\/la-restauration-collective-dossier-travail-et-securite-inrs-ts769-page-13-02-2016\/\" aria-label=\"La restauration collective &#8211; Dossier Travail et s\u00e9curit\u00e9 &#8211; INRS &#8211; Ts769 page 13 &#8211; 02\/2016\"><img loading=\"lazy\" decoding=\"async\" width=\"300\" height=\"113\" src=\"https:\/\/pedagogie.ac-lille.fr\/sbssa\/wp-content\/uploads\/sites\/30\/2022\/06\/couverture-travail-et-securite-300x113.jpeg\" class=\"attachment-medium size-medium no-lazy wp-post-image\" alt=\"\" style=\"max-width:150px;max-height:150px;\" \/><\/a><\/div><a class=\"wp-block-latest-posts__post-title\" href=\"https:\/\/pedagogie.ac-lille.fr\/sbssa\/la-restauration-collective-dossier-travail-et-securite-inrs-ts769-page-13-02-2016\/\">La restauration collective &#8211; Dossier Travail et s\u00e9curit\u00e9 &#8211; INRS &#8211; Ts769 page 13 &#8211; 02\/2016<\/a><time datetime=\"2016-02-24T22:51:00+01:00\" class=\"wp-block-latest-posts__post-date\">24 f\u00e9vrier 2016<\/time><\/li>\n<\/ul>","protected":false},"excerpt":{"rendered":"","protected":false},"author":48,"featured_media":0,"parent":0,"menu_order":0,"comment_status":"closed","ping_status":"closed","template":"","meta":{"ngg_post_thumbnail":0,"footnotes":""},"class_list":["post-10326","page","type-page","status-publish","czr-hentry"],"publishpress_future_action":{"enabled":false,"date":"2026-04-13 16:30:25","action":"change-status","newStatus":"draft","terms":[],"taxonomy":"","extraData":[]},"publishpress_future_workflow_manual_trigger":{"enabledWorkflows":[]},"_links":{"self":[{"href":"https:\/\/pedagogie.ac-lille.fr\/sbssa\/wp-json\/wp\/v2\/pages\/10326","targetHints":{"allow":["GET"]}}],"collection":[{"href":"https:\/\/pedagogie.ac-lille.fr\/sbssa\/wp-json\/wp\/v2\/pages"}],"about":[{"href":"https:\/\/pedagogie.ac-lille.fr\/sbssa\/wp-json\/wp\/v2\/types\/page"}],"author":[{"embeddable":true,"href":"https:\/\/pedagogie.ac-lille.fr\/sbssa\/wp-json\/wp\/v2\/users\/48"}],"replies":[{"embeddable":true,"href":"https:\/\/pedagogie.ac-lille.fr\/sbssa\/wp-json\/wp\/v2\/comments?post=10326"}],"version-history":[{"count":1,"href":"https:\/\/pedagogie.ac-lille.fr\/sbssa\/wp-json\/wp\/v2\/pages\/10326\/revisions"}],"predecessor-version":[{"id":10327,"href":"https:\/\/pedagogie.ac-lille.fr\/sbssa\/wp-json\/wp\/v2\/pages\/10326\/revisions\/10327"}],"wp:attachment":[{"href":"https:\/\/pedagogie.ac-lille.fr\/sbssa\/wp-json\/wp\/v2\/media?parent=10326"}],"curies":[{"name":"wp","href":"https:\/\/api.w.org\/{rel}","templated":true}]}}