{"id":10785,"date":"2023-04-27T11:14:16","date_gmt":"2023-04-27T09:14:16","guid":{"rendered":"https:\/\/pedagogie.ac-lille.fr\/sbssa\/?page_id=10785"},"modified":"2023-04-27T11:54:44","modified_gmt":"2023-04-27T09:54:44","slug":"plan-academique-de-formation","status":"publish","type":"page","link":"https:\/\/pedagogie.ac-lille.fr\/sbssa\/formation\/formation-continue\/plan-academique-de-formation\/","title":{"rendered":"Plan Acad\u00e9mique de Formation"},"content":{"rendered":"<ul class=\"wp-block-latest-posts__list has-dates wp-block-latest-posts\"><li><div class=\"wp-block-latest-posts__featured-image alignleft\"><a href=\"https:\/\/pedagogie.ac-lille.fr\/sbssa\/le-paf-2023-2024-nouvelle-formule-est-en-ligne\/\" aria-label=\"Le PAF 2023 &#8211; 2024 nouvelle formule est en ligne\"><img loading=\"lazy\" decoding=\"async\" width=\"300\" height=\"300\" src=\"https:\/\/pedagogie.ac-lille.fr\/sbssa\/wp-content\/uploads\/sites\/30\/2023\/04\/EAFC-edited-300x300.jpg\" class=\"attachment-medium size-medium no-lazy wp-post-image\" alt=\"\" style=\"max-width:150px;max-height:150px;\" srcset=\"https:\/\/pedagogie.ac-lille.fr\/sbssa\/wp-content\/uploads\/sites\/30\/2023\/04\/EAFC-edited-300x300.jpg 300w, https:\/\/pedagogie.ac-lille.fr\/sbssa\/wp-content\/uploads\/sites\/30\/2023\/04\/EAFC-edited-150x150.jpg 150w, https:\/\/pedagogie.ac-lille.fr\/sbssa\/wp-content\/uploads\/sites\/30\/2023\/04\/EAFC-edited-510x510.jpg 510w, https:\/\/pedagogie.ac-lille.fr\/sbssa\/wp-content\/uploads\/sites\/30\/2023\/04\/EAFC-edited.jpg 730w\" sizes=\"auto, (max-width: 300px) 100vw, 300px\" \/><\/a><\/div><a class=\"wp-block-latest-posts__post-title\" href=\"https:\/\/pedagogie.ac-lille.fr\/sbssa\/le-paf-2023-2024-nouvelle-formule-est-en-ligne\/\">Le PAF 2023 &#8211; 2024 nouvelle formule est en ligne<\/a><time datetime=\"2023-09-11T18:57:14+02:00\" class=\"wp-block-latest-posts__post-date\">11 septembre 2023<\/time><\/li>\n<li><div class=\"wp-block-latest-posts__featured-image alignleft\"><a href=\"https:\/\/pedagogie.ac-lille.fr\/sbssa\/un-nouveau-paf-programme-academique-de-formation-en-2023-2024\/\" aria-label=\"Un nouveau PAF (Programme Acad\u00e9mique de Formation) en 2023-2024 !\"><img loading=\"lazy\" decoding=\"async\" width=\"300\" height=\"300\" src=\"https:\/\/pedagogie.ac-lille.fr\/sbssa\/wp-content\/uploads\/sites\/30\/2023\/04\/EAFC-edited-300x300.jpg\" class=\"attachment-medium size-medium no-lazy wp-post-image\" alt=\"\" style=\"max-width:150px;max-height:150px;\" srcset=\"https:\/\/pedagogie.ac-lille.fr\/sbssa\/wp-content\/uploads\/sites\/30\/2023\/04\/EAFC-edited-300x300.jpg 300w, https:\/\/pedagogie.ac-lille.fr\/sbssa\/wp-content\/uploads\/sites\/30\/2023\/04\/EAFC-edited-150x150.jpg 150w, https:\/\/pedagogie.ac-lille.fr\/sbssa\/wp-content\/uploads\/sites\/30\/2023\/04\/EAFC-edited-510x510.jpg 510w, https:\/\/pedagogie.ac-lille.fr\/sbssa\/wp-content\/uploads\/sites\/30\/2023\/04\/EAFC-edited.jpg 730w\" sizes=\"auto, (max-width: 300px) 100vw, 300px\" \/><\/a><\/div><a class=\"wp-block-latest-posts__post-title\" href=\"https:\/\/pedagogie.ac-lille.fr\/sbssa\/un-nouveau-paf-programme-academique-de-formation-en-2023-2024\/\">Un nouveau PAF (Programme Acad\u00e9mique de Formation) en 2023-2024 !<\/a><time datetime=\"2023-07-05T18:08:08+02:00\" class=\"wp-block-latest-posts__post-date\">5 juillet 2023<\/time><\/li>\n<li><div class=\"wp-block-latest-posts__featured-image alignleft\"><a href=\"https:\/\/pedagogie.ac-lille.fr\/sbssa\/3e-prepa-metiers-pedagogies-innovantes-paf-mars-2020\/\" aria-label=\"Prot\u00e9g\u00e9\u00a0: PAF 2019 &#8211; 2020 en 3e Pr\u00e9pa-M\u00e9tiers : P\u00e9dagogies innovantes &#8211; Mars 2020\"><img loading=\"lazy\" decoding=\"async\" width=\"300\" height=\"300\" src=\"https:\/\/pedagogie.ac-lille.fr\/sbssa\/wp-content\/uploads\/sites\/30\/2023\/04\/bulb-gfa575a810_1280-300x300.png\" class=\"attachment-medium size-medium no-lazy wp-post-image\" alt=\"\" style=\"max-width:150px;max-height:150px;\" srcset=\"https:\/\/pedagogie.ac-lille.fr\/sbssa\/wp-content\/uploads\/sites\/30\/2023\/04\/bulb-gfa575a810_1280-300x300.png 300w, https:\/\/pedagogie.ac-lille.fr\/sbssa\/wp-content\/uploads\/sites\/30\/2023\/04\/bulb-gfa575a810_1280-1024x1024.png 1024w, https:\/\/pedagogie.ac-lille.fr\/sbssa\/wp-content\/uploads\/sites\/30\/2023\/04\/bulb-gfa575a810_1280-150x150.png 150w, https:\/\/pedagogie.ac-lille.fr\/sbssa\/wp-content\/uploads\/sites\/30\/2023\/04\/bulb-gfa575a810_1280-768x768.png 768w, https:\/\/pedagogie.ac-lille.fr\/sbssa\/wp-content\/uploads\/sites\/30\/2023\/04\/bulb-gfa575a810_1280-510x510.png 510w, https:\/\/pedagogie.ac-lille.fr\/sbssa\/wp-content\/uploads\/sites\/30\/2023\/04\/bulb-gfa575a810_1280.png 1280w\" sizes=\"auto, (max-width: 300px) 100vw, 300px\" \/><\/a><\/div><a class=\"wp-block-latest-posts__post-title\" href=\"https:\/\/pedagogie.ac-lille.fr\/sbssa\/3e-prepa-metiers-pedagogies-innovantes-paf-mars-2020\/\">Prot\u00e9g\u00e9\u00a0: PAF 2019 &#8211; 2020 en 3e Pr\u00e9pa-M\u00e9tiers : P\u00e9dagogies innovantes &#8211; Mars 2020<\/a><time datetime=\"2020-03-31T14:47:00+02:00\" class=\"wp-block-latest-posts__post-date\">31 mars 2020<\/time><\/li>\n<li><div class=\"wp-block-latest-posts__featured-image alignleft\"><a href=\"https:\/\/pedagogie.ac-lille.fr\/sbssa\/pse-formation-de-douai-2019\/\" aria-label=\"Prot\u00e9g\u00e9\u00a0: PAF 2019 &#8211; 2020 en PSE : Formation sur les nouveaux programmes &#8211; Arras &#8211; Douai &#8211; La Madeleine\"><img loading=\"lazy\" decoding=\"async\" width=\"300\" height=\"199\" src=\"https:\/\/pedagogie.ac-lille.fr\/sbssa\/wp-content\/uploads\/sites\/30\/2021\/07\/laptop-819285_1920-300x199.jpg\" class=\"attachment-medium size-medium no-lazy wp-post-image\" alt=\"R\u00e9f\u00e9rentiel\" style=\"max-width:150px;max-height:150px;\" srcset=\"https:\/\/pedagogie.ac-lille.fr\/sbssa\/wp-content\/uploads\/sites\/30\/2021\/07\/laptop-819285_1920-300x199.jpg 300w, https:\/\/pedagogie.ac-lille.fr\/sbssa\/wp-content\/uploads\/sites\/30\/2021\/07\/laptop-819285_1920-1024x680.jpg 1024w, https:\/\/pedagogie.ac-lille.fr\/sbssa\/wp-content\/uploads\/sites\/30\/2021\/07\/laptop-819285_1920-768x510.jpg 768w, https:\/\/pedagogie.ac-lille.fr\/sbssa\/wp-content\/uploads\/sites\/30\/2021\/07\/laptop-819285_1920-1536x1020.jpg 1536w, https:\/\/pedagogie.ac-lille.fr\/sbssa\/wp-content\/uploads\/sites\/30\/2021\/07\/laptop-819285_1920.jpg 1920w\" sizes=\"auto, (max-width: 300px) 100vw, 300px\" \/><\/a><\/div><a class=\"wp-block-latest-posts__post-title\" href=\"https:\/\/pedagogie.ac-lille.fr\/sbssa\/pse-formation-de-douai-2019\/\">Prot\u00e9g\u00e9\u00a0: PAF 2019 &#8211; 2020 en PSE : Formation sur les nouveaux programmes &#8211; Arras &#8211; Douai &#8211; La Madeleine<\/a><time datetime=\"2019-12-31T18:27:00+01:00\" class=\"wp-block-latest-posts__post-date\">31 d\u00e9cembre 2019<\/time><\/li>\n<li><div class=\"wp-block-latest-posts__featured-image alignleft\"><a href=\"https:\/\/pedagogie.ac-lille.fr\/sbssa\/enseigner-la-decouverte-professionnelle-en-troisieme-prepa-metiers-mars-2019\/\" aria-label=\"Prot\u00e9g\u00e9\u00a0: PAF 2019 &#8211; 2020 en 3e Pr\u00e9pa-M\u00e9tiers : Enseigner la d\u00e9couverte professionnelle en troisi\u00e8me &#8211; Mars 2019\"><img loading=\"lazy\" decoding=\"async\" width=\"300\" height=\"300\" src=\"https:\/\/pedagogie.ac-lille.fr\/sbssa\/wp-content\/uploads\/sites\/30\/2023\/04\/choose-the-right-direction-g9c734d768_1920-300x300.jpg\" class=\"attachment-medium size-medium no-lazy wp-post-image\" alt=\"3e pr\u00e9pa m\u00e9tiers\" style=\"max-width:150px;max-height:150px;\" srcset=\"https:\/\/pedagogie.ac-lille.fr\/sbssa\/wp-content\/uploads\/sites\/30\/2023\/04\/choose-the-right-direction-g9c734d768_1920-300x300.jpg 300w, https:\/\/pedagogie.ac-lille.fr\/sbssa\/wp-content\/uploads\/sites\/30\/2023\/04\/choose-the-right-direction-g9c734d768_1920-1024x1024.jpg 1024w, https:\/\/pedagogie.ac-lille.fr\/sbssa\/wp-content\/uploads\/sites\/30\/2023\/04\/choose-the-right-direction-g9c734d768_1920-150x150.jpg 150w, https:\/\/pedagogie.ac-lille.fr\/sbssa\/wp-content\/uploads\/sites\/30\/2023\/04\/choose-the-right-direction-g9c734d768_1920-768x768.jpg 768w, https:\/\/pedagogie.ac-lille.fr\/sbssa\/wp-content\/uploads\/sites\/30\/2023\/04\/choose-the-right-direction-g9c734d768_1920-1536x1536.jpg 1536w, https:\/\/pedagogie.ac-lille.fr\/sbssa\/wp-content\/uploads\/sites\/30\/2023\/04\/choose-the-right-direction-g9c734d768_1920-510x510.jpg 510w, https:\/\/pedagogie.ac-lille.fr\/sbssa\/wp-content\/uploads\/sites\/30\/2023\/04\/choose-the-right-direction-g9c734d768_1920.jpg 1920w\" sizes=\"auto, (max-width: 300px) 100vw, 300px\" \/><\/a><\/div><a class=\"wp-block-latest-posts__post-title\" href=\"https:\/\/pedagogie.ac-lille.fr\/sbssa\/enseigner-la-decouverte-professionnelle-en-troisieme-prepa-metiers-mars-2019\/\">Prot\u00e9g\u00e9\u00a0: PAF 2019 &#8211; 2020 en 3e Pr\u00e9pa-M\u00e9tiers : Enseigner la d\u00e9couverte professionnelle en troisi\u00e8me &#8211; Mars 2019<\/a><time datetime=\"2019-03-30T22:12:00+01:00\" class=\"wp-block-latest-posts__post-date\">30 mars 2019<\/time><\/li>\n<li><div class=\"wp-block-latest-posts__featured-image alignleft\"><a href=\"https:\/\/pedagogie.ac-lille.fr\/sbssa\/3e-prepa-metiers-enseigner-la-svt-paf-fevrier-2019\/\" aria-label=\"Prot\u00e9g\u00e9\u00a0: PAF 2019 &#8211; 2020 en 3e Pr\u00e9pa-M\u00e9tiers : Enseigner la SVT &#8211; Fe\u0301vrier 2019\"><img loading=\"lazy\" decoding=\"async\" width=\"300\" height=\"215\" src=\"https:\/\/pedagogie.ac-lille.fr\/sbssa\/wp-content\/uploads\/sites\/30\/2023\/04\/science-g3f4112989_1280-300x215.png\" class=\"attachment-medium size-medium no-lazy wp-post-image\" alt=\"Science\" style=\"max-width:150px;max-height:150px;\" srcset=\"https:\/\/pedagogie.ac-lille.fr\/sbssa\/wp-content\/uploads\/sites\/30\/2023\/04\/science-g3f4112989_1280-300x215.png 300w, https:\/\/pedagogie.ac-lille.fr\/sbssa\/wp-content\/uploads\/sites\/30\/2023\/04\/science-g3f4112989_1280-1024x734.png 1024w, https:\/\/pedagogie.ac-lille.fr\/sbssa\/wp-content\/uploads\/sites\/30\/2023\/04\/science-g3f4112989_1280-768x550.png 768w, https:\/\/pedagogie.ac-lille.fr\/sbssa\/wp-content\/uploads\/sites\/30\/2023\/04\/science-g3f4112989_1280.png 1280w\" sizes=\"auto, (max-width: 300px) 100vw, 300px\" \/><\/a><\/div><a class=\"wp-block-latest-posts__post-title\" href=\"https:\/\/pedagogie.ac-lille.fr\/sbssa\/3e-prepa-metiers-enseigner-la-svt-paf-fevrier-2019\/\">Prot\u00e9g\u00e9\u00a0: PAF 2019 &#8211; 2020 en 3e Pr\u00e9pa-M\u00e9tiers : Enseigner la SVT &#8211; Fe\u0301vrier 2019<\/a><time datetime=\"2019-02-01T14:07:00+01:00\" class=\"wp-block-latest-posts__post-date\">1 f\u00e9vrier 2019<\/time><\/li>\n<li><div class=\"wp-block-latest-posts__featured-image alignleft\"><a href=\"https:\/\/pedagogie.ac-lille.fr\/sbssa\/paf-02-2018-entretien-des-locaux\/\" aria-label=\"Prot\u00e9g\u00e9\u00a0: PAF 2017 &#8211; 2018 : Techniques en entretien des locaux &#8211; F\u00e9vrier 2018\"><img loading=\"lazy\" decoding=\"async\" width=\"300\" height=\"200\" src=\"https:\/\/pedagogie.ac-lille.fr\/sbssa\/wp-content\/uploads\/sites\/30\/2022\/06\/monobrosse-300x200.jpeg\" class=\"attachment-medium size-medium no-lazy wp-post-image\" alt=\"\" style=\"max-width:150px;max-height:150px;\" srcset=\"https:\/\/pedagogie.ac-lille.fr\/sbssa\/wp-content\/uploads\/sites\/30\/2022\/06\/monobrosse-300x200.jpeg 300w, https:\/\/pedagogie.ac-lille.fr\/sbssa\/wp-content\/uploads\/sites\/30\/2022\/06\/monobrosse-768x512.jpeg 768w, https:\/\/pedagogie.ac-lille.fr\/sbssa\/wp-content\/uploads\/sites\/30\/2022\/06\/monobrosse.jpeg 1000w\" sizes=\"auto, (max-width: 300px) 100vw, 300px\" \/><\/a><\/div><a class=\"wp-block-latest-posts__post-title\" href=\"https:\/\/pedagogie.ac-lille.fr\/sbssa\/paf-02-2018-entretien-des-locaux\/\">Prot\u00e9g\u00e9\u00a0: PAF 2017 &#8211; 2018 : Techniques en entretien des locaux &#8211; F\u00e9vrier 2018<\/a><time datetime=\"2018-02-28T14:18:00+01:00\" class=\"wp-block-latest-posts__post-date\">28 f\u00e9vrier 2018<\/time><\/li>\n<li><div class=\"wp-block-latest-posts__featured-image alignleft\"><a href=\"https:\/\/pedagogie.ac-lille.fr\/sbssa\/3e-prepa-metiers-entrer-dans-le-programme-de-svt-par-competences\/\" aria-label=\"Prot\u00e9g\u00e9\u00a0: PAF 2016 &#8211; 2017 en 3e Pr\u00e9pa-M\u00e9tiers : Entrer dans le programme de SVT par comp\u00e9tences &#8211; Novembre 2016\"><img loading=\"lazy\" decoding=\"async\" width=\"300\" height=\"225\" src=\"https:\/\/pedagogie.ac-lille.fr\/sbssa\/wp-content\/uploads\/sites\/30\/2022\/05\/gears-g3a04f50f3_1920-300x225.jpg\" class=\"attachment-medium size-medium no-lazy wp-post-image\" alt=\"Engrenages\" style=\"max-width:150px;max-height:150px;\" srcset=\"https:\/\/pedagogie.ac-lille.fr\/sbssa\/wp-content\/uploads\/sites\/30\/2022\/05\/gears-g3a04f50f3_1920-300x225.jpg 300w, https:\/\/pedagogie.ac-lille.fr\/sbssa\/wp-content\/uploads\/sites\/30\/2022\/05\/gears-g3a04f50f3_1920-1024x768.jpg 1024w, https:\/\/pedagogie.ac-lille.fr\/sbssa\/wp-content\/uploads\/sites\/30\/2022\/05\/gears-g3a04f50f3_1920-768x576.jpg 768w, https:\/\/pedagogie.ac-lille.fr\/sbssa\/wp-content\/uploads\/sites\/30\/2022\/05\/gears-g3a04f50f3_1920-1536x1152.jpg 1536w, https:\/\/pedagogie.ac-lille.fr\/sbssa\/wp-content\/uploads\/sites\/30\/2022\/05\/gears-g3a04f50f3_1920.jpg 1920w\" sizes=\"auto, (max-width: 300px) 100vw, 300px\" \/><\/a><\/div><a class=\"wp-block-latest-posts__post-title\" href=\"https:\/\/pedagogie.ac-lille.fr\/sbssa\/3e-prepa-metiers-entrer-dans-le-programme-de-svt-par-competences\/\">Prot\u00e9g\u00e9\u00a0: PAF 2016 &#8211; 2017 en 3e Pr\u00e9pa-M\u00e9tiers : Entrer dans le programme de SVT par comp\u00e9tences &#8211; Novembre 2016<\/a><time datetime=\"2016-11-30T21:51:00+01:00\" class=\"wp-block-latest-posts__post-date\">30 novembre 2016<\/time><\/li>\n<li><div class=\"wp-block-latest-posts__featured-image alignleft\"><a href=\"https:\/\/pedagogie.ac-lille.fr\/sbssa\/bionettoyage-en-zones-a-risques-zar\/\" aria-label=\"Prot\u00e9g\u00e9\u00a0: Bionettoyage, d\u00e9sinfection des locaux et contr\u00f4les microbiologiques en Zones A Risques (ZAR) &#8211; PAF 2015 &#8211; 2016 en BCP HPS\"><img loading=\"lazy\" decoding=\"async\" width=\"300\" height=\"169\" src=\"https:\/\/pedagogie.ac-lille.fr\/sbssa\/wp-content\/uploads\/sites\/30\/2022\/06\/Dsinfection-milieux-hospitaliers-brumstylbrumisateur1-300x169.jpeg\" class=\"attachment-medium size-medium no-lazy wp-post-image\" alt=\"\" style=\"max-width:150px;max-height:150px;\" srcset=\"https:\/\/pedagogie.ac-lille.fr\/sbssa\/wp-content\/uploads\/sites\/30\/2022\/06\/Dsinfection-milieux-hospitaliers-brumstylbrumisateur1-300x169.jpeg 300w, https:\/\/pedagogie.ac-lille.fr\/sbssa\/wp-content\/uploads\/sites\/30\/2022\/06\/Dsinfection-milieux-hospitaliers-brumstylbrumisateur1-1024x576.jpeg 1024w, https:\/\/pedagogie.ac-lille.fr\/sbssa\/wp-content\/uploads\/sites\/30\/2022\/06\/Dsinfection-milieux-hospitaliers-brumstylbrumisateur1-768x432.jpeg 768w, https:\/\/pedagogie.ac-lille.fr\/sbssa\/wp-content\/uploads\/sites\/30\/2022\/06\/Dsinfection-milieux-hospitaliers-brumstylbrumisateur1-1110x624.jpeg 1110w, https:\/\/pedagogie.ac-lille.fr\/sbssa\/wp-content\/uploads\/sites\/30\/2022\/06\/Dsinfection-milieux-hospitaliers-brumstylbrumisateur1-528x297.jpeg 528w, https:\/\/pedagogie.ac-lille.fr\/sbssa\/wp-content\/uploads\/sites\/30\/2022\/06\/Dsinfection-milieux-hospitaliers-brumstylbrumisateur1.jpeg 1280w\" sizes=\"auto, (max-width: 300px) 100vw, 300px\" \/><\/a><\/div><a class=\"wp-block-latest-posts__post-title\" href=\"https:\/\/pedagogie.ac-lille.fr\/sbssa\/bionettoyage-en-zones-a-risques-zar\/\">Prot\u00e9g\u00e9\u00a0: Bionettoyage, d\u00e9sinfection des locaux et contr\u00f4les microbiologiques en Zones A Risques (ZAR) &#8211; PAF 2015 &#8211; 2016 en BCP HPS<\/a><time datetime=\"2015-12-31T12:58:00+01:00\" class=\"wp-block-latest-posts__post-date\">31 d\u00e9cembre 2015<\/time><\/li>\n<\/ul>","protected":false},"excerpt":{"rendered":"","protected":false},"author":48,"featured_media":0,"parent":10769,"menu_order":0,"comment_status":"closed","ping_status":"closed","template":"","meta":{"ngg_post_thumbnail":0,"footnotes":""},"class_list":["post-10785","page","type-page","status-publish","czr-hentry"],"publishpress_future_action":{"enabled":false,"date":"2026-04-16 21:06:37","action":"change-status","newStatus":"draft","terms":[],"taxonomy":"","extraData":[]},"publishpress_future_workflow_manual_trigger":{"enabledWorkflows":[]},"_links":{"self":[{"href":"https:\/\/pedagogie.ac-lille.fr\/sbssa\/wp-json\/wp\/v2\/pages\/10785","targetHints":{"allow":["GET"]}}],"collection":[{"href":"https:\/\/pedagogie.ac-lille.fr\/sbssa\/wp-json\/wp\/v2\/pages"}],"about":[{"href":"https:\/\/pedagogie.ac-lille.fr\/sbssa\/wp-json\/wp\/v2\/types\/page"}],"author":[{"embeddable":true,"href":"https:\/\/pedagogie.ac-lille.fr\/sbssa\/wp-json\/wp\/v2\/users\/48"}],"replies":[{"embeddable":true,"href":"https:\/\/pedagogie.ac-lille.fr\/sbssa\/wp-json\/wp\/v2\/comments?post=10785"}],"version-history":[{"count":3,"href":"https:\/\/pedagogie.ac-lille.fr\/sbssa\/wp-json\/wp\/v2\/pages\/10785\/revisions"}],"predecessor-version":[{"id":10808,"href":"https:\/\/pedagogie.ac-lille.fr\/sbssa\/wp-json\/wp\/v2\/pages\/10785\/revisions\/10808"}],"up":[{"embeddable":true,"href":"https:\/\/pedagogie.ac-lille.fr\/sbssa\/wp-json\/wp\/v2\/pages\/10769"}],"wp:attachment":[{"href":"https:\/\/pedagogie.ac-lille.fr\/sbssa\/wp-json\/wp\/v2\/media?parent=10785"}],"curies":[{"name":"wp","href":"https:\/\/api.w.org\/{rel}","templated":true}]}}