{"id":10967,"date":"2023-05-07T21:12:30","date_gmt":"2023-05-07T19:12:30","guid":{"rendered":"https:\/\/pedagogie.ac-lille.fr\/sbssa\/?page_id=10967"},"modified":"2023-05-07T21:15:20","modified_gmt":"2023-05-07T19:15:20","slug":"textes-officiels-inclusion","status":"publish","type":"page","link":"https:\/\/pedagogie.ac-lille.fr\/sbssa\/dossiers-transversaux\/inclusion-scolaire\/textes-officiels-inclusion\/","title":{"rendered":"Textes officiels &#8211; Inclusion"},"content":{"rendered":"<ul class=\"wp-block-latest-posts__list has-dates wp-block-latest-posts\"><li><div class=\"wp-block-latest-posts__featured-image alignleft\"><a href=\"https:\/\/pedagogie.ac-lille.fr\/sbssa\/organisation-des-examens-de-lenseignement-scolaire-pour-les-candidats-en-situation-de-handicap\/\" aria-label=\"Organisation des examens de l&rsquo;enseignement scolaire pour les candidats en situation de handicap\"><img loading=\"lazy\" decoding=\"async\" width=\"300\" height=\"118\" src=\"https:\/\/pedagogie.ac-lille.fr\/sbssa\/wp-content\/uploads\/sites\/30\/2021\/01\/eduscol_1-300x118.png\" class=\"attachment-medium size-medium no-lazy wp-post-image\" alt=\"\" style=\"max-width:150px;max-height:150px;\" srcset=\"https:\/\/pedagogie.ac-lille.fr\/sbssa\/wp-content\/uploads\/sites\/30\/2021\/01\/eduscol_1-300x118.png 300w, https:\/\/pedagogie.ac-lille.fr\/sbssa\/wp-content\/uploads\/sites\/30\/2021\/01\/eduscol_1.png 487w\" sizes=\"auto, (max-width: 300px) 100vw, 300px\" \/><\/a><\/div><a class=\"wp-block-latest-posts__post-title\" href=\"https:\/\/pedagogie.ac-lille.fr\/sbssa\/organisation-des-examens-de-lenseignement-scolaire-pour-les-candidats-en-situation-de-handicap\/\">Organisation des examens de l&rsquo;enseignement scolaire pour les candidats en situation de handicap<\/a><time datetime=\"2022-10-31T11:56:00+01:00\" class=\"wp-block-latest-posts__post-date\">31 octobre 2022<\/time><\/li>\n<li><div class=\"wp-block-latest-posts__featured-image alignleft\"><a href=\"https:\/\/pedagogie.ac-lille.fr\/sbssa\/le-livret-de-parcours-inclusif-lpi\/\" aria-label=\"Le Livret de Parcours Inclusif (LPI)\"><img loading=\"lazy\" decoding=\"async\" width=\"250\" height=\"250\" src=\"https:\/\/pedagogie.ac-lille.fr\/sbssa\/wp-content\/uploads\/sites\/30\/2022\/09\/LPI.jpg\" class=\"attachment-medium size-medium no-lazy wp-post-image\" alt=\"\" style=\"max-width:150px;max-height:150px;\" srcset=\"https:\/\/pedagogie.ac-lille.fr\/sbssa\/wp-content\/uploads\/sites\/30\/2022\/09\/LPI.jpg 250w, https:\/\/pedagogie.ac-lille.fr\/sbssa\/wp-content\/uploads\/sites\/30\/2022\/09\/LPI-150x150.jpg 150w\" sizes=\"auto, (max-width: 250px) 100vw, 250px\" \/><\/a><\/div><a class=\"wp-block-latest-posts__post-title\" href=\"https:\/\/pedagogie.ac-lille.fr\/sbssa\/le-livret-de-parcours-inclusif-lpi\/\">Le Livret de Parcours Inclusif (LPI)<\/a><time datetime=\"2022-09-30T22:48:00+02:00\" class=\"wp-block-latest-posts__post-date\">30 septembre 2022<\/time><\/li>\n<li><div class=\"wp-block-latest-posts__featured-image alignleft\"><a href=\"https:\/\/pedagogie.ac-lille.fr\/sbssa\/textes-de-reference-sur-la-scolarisation-des-eleves-en-situation-de-handicap-eduscol\/\" aria-label=\"Textes de r\u00e9f\u00e9rence sur la scolarisation des \u00e9l\u00e8ves en situation de handicap &#8211; \u00c9duscol\"><img loading=\"lazy\" decoding=\"async\" width=\"300\" height=\"165\" src=\"https:\/\/pedagogie.ac-lille.fr\/sbssa\/wp-content\/uploads\/sites\/30\/2021\/03\/gavel-3577258_1920-300x165.jpg\" class=\"attachment-medium size-medium no-lazy wp-post-image\" alt=\"Arr\u00eat\u00e9\" style=\"max-width:150px;max-height:150px;\" srcset=\"https:\/\/pedagogie.ac-lille.fr\/sbssa\/wp-content\/uploads\/sites\/30\/2021\/03\/gavel-3577258_1920-300x165.jpg 300w, https:\/\/pedagogie.ac-lille.fr\/sbssa\/wp-content\/uploads\/sites\/30\/2021\/03\/gavel-3577258_1920-1024x563.jpg 1024w, https:\/\/pedagogie.ac-lille.fr\/sbssa\/wp-content\/uploads\/sites\/30\/2021\/03\/gavel-3577258_1920-768x422.jpg 768w, https:\/\/pedagogie.ac-lille.fr\/sbssa\/wp-content\/uploads\/sites\/30\/2021\/03\/gavel-3577258_1920-1536x845.jpg 1536w, https:\/\/pedagogie.ac-lille.fr\/sbssa\/wp-content\/uploads\/sites\/30\/2021\/03\/gavel-3577258_1920.jpg 1920w\" sizes=\"auto, (max-width: 300px) 100vw, 300px\" \/><\/a><\/div><a class=\"wp-block-latest-posts__post-title\" href=\"https:\/\/pedagogie.ac-lille.fr\/sbssa\/textes-de-reference-sur-la-scolarisation-des-eleves-en-situation-de-handicap-eduscol\/\">Textes de r\u00e9f\u00e9rence sur la scolarisation des \u00e9l\u00e8ves en situation de handicap &#8211; \u00c9duscol<\/a><time datetime=\"2022-09-30T21:24:00+02:00\" class=\"wp-block-latest-posts__post-date\">30 septembre 2022<\/time><\/li>\n<li><div class=\"wp-block-latest-posts__featured-image alignleft\"><a href=\"https:\/\/pedagogie.ac-lille.fr\/sbssa\/se-former-et-obtenir-le-certificat-daptitude-professionnelle-aux-pratiques-de-lecole-inclusivecappei\/\" aria-label=\"Se former et obtenir le Certificat d\u2019Aptitude Professionnelle aux Pratiques de l\u2019\u00c9cole Inclusive(CAPPEI)\"><img loading=\"lazy\" decoding=\"async\" width=\"212\" height=\"300\" src=\"https:\/\/pedagogie.ac-lille.fr\/sbssa\/wp-content\/uploads\/sites\/30\/2023\/05\/Vademecum-CAPPEI-212x300.png\" class=\"attachment-medium size-medium no-lazy wp-post-image\" alt=\"\" style=\"max-width:150px;max-height:150px;\" srcset=\"https:\/\/pedagogie.ac-lille.fr\/sbssa\/wp-content\/uploads\/sites\/30\/2023\/05\/Vademecum-CAPPEI-212x300.png 212w, https:\/\/pedagogie.ac-lille.fr\/sbssa\/wp-content\/uploads\/sites\/30\/2023\/05\/Vademecum-CAPPEI.png 565w\" sizes=\"auto, (max-width: 212px) 100vw, 212px\" \/><\/a><\/div><a class=\"wp-block-latest-posts__post-title\" href=\"https:\/\/pedagogie.ac-lille.fr\/sbssa\/se-former-et-obtenir-le-certificat-daptitude-professionnelle-aux-pratiques-de-lecole-inclusivecappei\/\">Se former et obtenir le Certificat d\u2019Aptitude Professionnelle aux Pratiques de l\u2019\u00c9cole Inclusive(CAPPEI)<\/a><time datetime=\"2022-01-31T22:26:00+01:00\" class=\"wp-block-latest-posts__post-date\">31 janvier 2022<\/time><\/li>\n<li><div class=\"wp-block-latest-posts__featured-image alignleft\"><a href=\"https:\/\/pedagogie.ac-lille.fr\/sbssa\/mettre-en-oeuvre-un-plan-daccompagnement-personnalise-eduscol\/\" aria-label=\"Mettre en \u0153uvre un plan d&rsquo;accompagnement personnalis\u00e9 &#8211; \u00c9duscol\"><img loading=\"lazy\" decoding=\"async\" width=\"300\" height=\"118\" src=\"https:\/\/pedagogie.ac-lille.fr\/sbssa\/wp-content\/uploads\/sites\/30\/2022\/11\/Eduscol-Logo-300x118.png\" class=\"attachment-medium size-medium no-lazy wp-post-image\" alt=\"\u00c9duscol - Logo\" style=\"max-width:150px;max-height:150px;\" srcset=\"https:\/\/pedagogie.ac-lille.fr\/sbssa\/wp-content\/uploads\/sites\/30\/2022\/11\/Eduscol-Logo-300x118.png 300w, https:\/\/pedagogie.ac-lille.fr\/sbssa\/wp-content\/uploads\/sites\/30\/2022\/11\/Eduscol-Logo.png 487w\" sizes=\"auto, (max-width: 300px) 100vw, 300px\" \/><\/a><\/div><a class=\"wp-block-latest-posts__post-title\" href=\"https:\/\/pedagogie.ac-lille.fr\/sbssa\/mettre-en-oeuvre-un-plan-daccompagnement-personnalise-eduscol\/\">Mettre en \u0153uvre un plan d&rsquo;accompagnement personnalis\u00e9 &#8211; \u00c9duscol<\/a><time datetime=\"2021-10-31T21:59:00+01:00\" class=\"wp-block-latest-posts__post-date\">31 octobre 2021<\/time><\/li>\n<li><div class=\"wp-block-latest-posts__featured-image alignleft\"><a href=\"https:\/\/pedagogie.ac-lille.fr\/sbssa\/le-droit-a-leducation-pour-tous-les-enfants\/\" aria-label=\"Le droit \u00e0 l&rsquo;\u00e9ducation pour tous les enfants &#8211; Le GEVA-Sco &#8211; \u00c9duscol\"><img loading=\"lazy\" decoding=\"async\" width=\"300\" height=\"118\" src=\"https:\/\/pedagogie.ac-lille.fr\/sbssa\/wp-content\/uploads\/sites\/30\/2022\/11\/Eduscol-Logo-300x118.png\" class=\"attachment-medium size-medium no-lazy wp-post-image\" alt=\"\u00c9duscol - Logo\" style=\"max-width:150px;max-height:150px;\" srcset=\"https:\/\/pedagogie.ac-lille.fr\/sbssa\/wp-content\/uploads\/sites\/30\/2022\/11\/Eduscol-Logo-300x118.png 300w, https:\/\/pedagogie.ac-lille.fr\/sbssa\/wp-content\/uploads\/sites\/30\/2022\/11\/Eduscol-Logo.png 487w\" sizes=\"auto, (max-width: 300px) 100vw, 300px\" \/><\/a><\/div><a class=\"wp-block-latest-posts__post-title\" href=\"https:\/\/pedagogie.ac-lille.fr\/sbssa\/le-droit-a-leducation-pour-tous-les-enfants\/\">Le droit \u00e0 l&rsquo;\u00e9ducation pour tous les enfants &#8211; Le GEVA-Sco &#8211; \u00c9duscol<\/a><time datetime=\"2021-08-31T21:41:00+02:00\" class=\"wp-block-latest-posts__post-date\">31 ao\u00fbt 2021<\/time><\/li>\n<li><div class=\"wp-block-latest-posts__featured-image alignleft\"><a href=\"https:\/\/pedagogie.ac-lille.fr\/sbssa\/qualinclus-un-guide-dauto-evaluation-pour-une-ecole-inclusive\/\" aria-label=\"Qualinclus, un guide d&rsquo;auto-\u00e9valuation pour une \u00e9cole inclusive\"><img loading=\"lazy\" decoding=\"async\" width=\"300\" height=\"94\" src=\"https:\/\/pedagogie.ac-lille.fr\/sbssa\/wp-content\/uploads\/sites\/30\/2021\/05\/Qualinclus-300x94.jpg\" class=\"attachment-medium size-medium no-lazy wp-post-image\" alt=\"\" style=\"max-width:150px;max-height:150px;\" srcset=\"https:\/\/pedagogie.ac-lille.fr\/sbssa\/wp-content\/uploads\/sites\/30\/2021\/05\/Qualinclus-300x94.jpg 300w, https:\/\/pedagogie.ac-lille.fr\/sbssa\/wp-content\/uploads\/sites\/30\/2021\/05\/Qualinclus.jpg 400w\" sizes=\"auto, (max-width: 300px) 100vw, 300px\" \/><\/a><\/div><a class=\"wp-block-latest-posts__post-title\" href=\"https:\/\/pedagogie.ac-lille.fr\/sbssa\/qualinclus-un-guide-dauto-evaluation-pour-une-ecole-inclusive\/\">Qualinclus, un guide d&rsquo;auto-\u00e9valuation pour une \u00e9cole inclusive<\/a><time datetime=\"2021-05-07T21:50:00+02:00\" class=\"wp-block-latest-posts__post-date\">7 mai 2021<\/time><\/li>\n<li><div class=\"wp-block-latest-posts__featured-image alignleft\"><a href=\"https:\/\/pedagogie.ac-lille.fr\/sbssa\/vademecum-le-pole-inclusif-daccompagnement-localise-pial\/\" aria-label=\"VADEMECUM : Le P\u00f4le Inclusif d&rsquo;Accompagnement Localis\u00e9 (PIAL)\"><img loading=\"lazy\" decoding=\"async\" width=\"230\" height=\"300\" src=\"https:\/\/pedagogie.ac-lille.fr\/sbssa\/wp-content\/uploads\/sites\/30\/2019\/09\/image-vade\u0301mecum-pial-230x300.jpeg\" class=\"attachment-medium size-medium no-lazy wp-post-image\" alt=\"\" style=\"max-width:150px;max-height:150px;\" srcset=\"https:\/\/pedagogie.ac-lille.fr\/sbssa\/wp-content\/uploads\/sites\/30\/2019\/09\/image-vade\u0301mecum-pial-230x300.jpeg 230w, https:\/\/pedagogie.ac-lille.fr\/sbssa\/wp-content\/uploads\/sites\/30\/2019\/09\/image-vade\u0301mecum-pial.jpeg 414w\" sizes=\"auto, (max-width: 230px) 100vw, 230px\" \/><\/a><\/div><a class=\"wp-block-latest-posts__post-title\" href=\"https:\/\/pedagogie.ac-lille.fr\/sbssa\/vademecum-le-pole-inclusif-daccompagnement-localise-pial\/\">VADEMECUM : Le P\u00f4le Inclusif d&rsquo;Accompagnement Localis\u00e9 (PIAL)<\/a><time datetime=\"2019-09-30T22:20:00+02:00\" class=\"wp-block-latest-posts__post-date\">30 septembre 2019<\/time><\/li>\n<li><div class=\"wp-block-latest-posts__featured-image alignleft\"><a href=\"https:\/\/pedagogie.ac-lille.fr\/sbssa\/guide-pour-la-scolarisation-des-enfants-et-adolescents-en-situation-de-handicap-ministere-en-maif-2018\/\" aria-label=\"Guide pour la scolarisation des enfants et adolescents en situation de handicap &#8211; Minist\u00e8re de l&rsquo;\u00c9ducation nationale, de la Jeunesse et des Sports &#8211; MAIF &#8211; 2018\"><img loading=\"lazy\" decoding=\"async\" width=\"170\" height=\"186\" src=\"https:\/\/pedagogie.ac-lille.fr\/sbssa\/wp-content\/uploads\/sites\/30\/2021\/03\/Guide-e1616454799259.jpeg\" class=\"attachment-medium size-medium no-lazy wp-post-image\" alt=\"\" style=\"max-width:150px;max-height:150px;\" \/><\/a><\/div><a class=\"wp-block-latest-posts__post-title\" href=\"https:\/\/pedagogie.ac-lille.fr\/sbssa\/guide-pour-la-scolarisation-des-enfants-et-adolescents-en-situation-de-handicap-ministere-en-maif-2018\/\">Guide pour la scolarisation des enfants et adolescents en situation de handicap &#8211; Minist\u00e8re de l&rsquo;\u00c9ducation nationale, de la Jeunesse et des Sports &#8211; MAIF &#8211; 2018<\/a><time datetime=\"2018-12-31T23:03:00+01:00\" class=\"wp-block-latest-posts__post-date\">31 d\u00e9cembre 2018<\/time><\/li>\n<\/ul>","protected":false},"excerpt":{"rendered":"","protected":false},"author":48,"featured_media":3822,"parent":704,"menu_order":0,"comment_status":"closed","ping_status":"closed","template":"","meta":{"ngg_post_thumbnail":0,"footnotes":""},"class_list":["post-10967","page","type-page","status-publish","has-post-thumbnail","czr-hentry"],"publishpress_future_action":{"enabled":false,"date":"2026-04-17 00:25:21","action":"change-status","newStatus":"draft","terms":[],"taxonomy":"","extraData":[]},"publishpress_future_workflow_manual_trigger":{"enabledWorkflows":[]},"_links":{"self":[{"href":"https:\/\/pedagogie.ac-lille.fr\/sbssa\/wp-json\/wp\/v2\/pages\/10967","targetHints":{"allow":["GET"]}}],"collection":[{"href":"https:\/\/pedagogie.ac-lille.fr\/sbssa\/wp-json\/wp\/v2\/pages"}],"about":[{"href":"https:\/\/pedagogie.ac-lille.fr\/sbssa\/wp-json\/wp\/v2\/types\/page"}],"author":[{"embeddable":true,"href":"https:\/\/pedagogie.ac-lille.fr\/sbssa\/wp-json\/wp\/v2\/users\/48"}],"replies":[{"embeddable":true,"href":"https:\/\/pedagogie.ac-lille.fr\/sbssa\/wp-json\/wp\/v2\/comments?post=10967"}],"version-history":[{"count":2,"href":"https:\/\/pedagogie.ac-lille.fr\/sbssa\/wp-json\/wp\/v2\/pages\/10967\/revisions"}],"predecessor-version":[{"id":10970,"href":"https:\/\/pedagogie.ac-lille.fr\/sbssa\/wp-json\/wp\/v2\/pages\/10967\/revisions\/10970"}],"up":[{"embeddable":true,"href":"https:\/\/pedagogie.ac-lille.fr\/sbssa\/wp-json\/wp\/v2\/pages\/704"}],"wp:featuredmedia":[{"embeddable":true,"href":"https:\/\/pedagogie.ac-lille.fr\/sbssa\/wp-json\/wp\/v2\/media\/3822"}],"wp:attachment":[{"href":"https:\/\/pedagogie.ac-lille.fr\/sbssa\/wp-json\/wp\/v2\/media?parent=10967"}],"curies":[{"name":"wp","href":"https:\/\/api.w.org\/{rel}","templated":true}]}}