{"id":10973,"date":"2023-05-07T21:17:30","date_gmt":"2023-05-07T19:17:30","guid":{"rendered":"https:\/\/pedagogie.ac-lille.fr\/sbssa\/?page_id=10973"},"modified":"2024-08-27T23:26:01","modified_gmt":"2024-08-27T21:26:01","slug":"documents-academiques-inclusion","status":"publish","type":"page","link":"https:\/\/pedagogie.ac-lille.fr\/sbssa\/dossiers-transversaux\/inclusion-scolaire\/documents-academiques-inclusion\/","title":{"rendered":"Documents acad\u00e9miques &#8211; Inclusion"},"content":{"rendered":"<ul class=\"wp-block-latest-posts__list has-dates wp-block-latest-posts\"><li><div class=\"wp-block-latest-posts__featured-image alignleft\"><a href=\"https:\/\/pedagogie.ac-lille.fr\/sbssa\/labinclusif-de-latelier-canope-de-lille\/\" aria-label=\"Lab\u2019Inclusif de l&rsquo;Atelier Canop\u00e9 de Lille\"><img loading=\"lazy\" decoding=\"async\" width=\"206\" height=\"55\" src=\"https:\/\/pedagogie.ac-lille.fr\/sbssa\/wp-content\/uploads\/sites\/30\/2024\/11\/YXNzZXRzL2ltZy9hdGVsaWVycy9BdGVsaWVyQ2Fub3BlX0xvZ28ucG5n.png\" class=\"attachment-medium size-medium no-lazy wp-post-image\" alt=\"\" style=\"max-width:150px;max-height:150px;\" \/><\/a><\/div><a class=\"wp-block-latest-posts__post-title\" href=\"https:\/\/pedagogie.ac-lille.fr\/sbssa\/labinclusif-de-latelier-canope-de-lille\/\">Lab\u2019Inclusif de l&rsquo;Atelier Canop\u00e9 de Lille<\/a><time datetime=\"2024-11-11T18:56:47+01:00\" class=\"wp-block-latest-posts__post-date\">11 novembre 2024<\/time><\/li>\n<li><div class=\"wp-block-latest-posts__featured-image alignleft\"><a href=\"https:\/\/pedagogie.ac-lille.fr\/sbssa\/arpejeh-actions-pour-les-jeunes-en-situations-de-handicap-janvier-2024\/\" aria-label=\"ARPEJEH : Actions pour les jeunes en situations de handicap &#8211; Janvier 2024\"><img loading=\"lazy\" decoding=\"async\" width=\"300\" height=\"96\" src=\"https:\/\/pedagogie.ac-lille.fr\/sbssa\/wp-content\/uploads\/sites\/30\/2024\/01\/image008-300x96.png\" class=\"attachment-medium size-medium no-lazy wp-post-image\" alt=\"\" style=\"max-width:150px;max-height:150px;\" srcset=\"https:\/\/pedagogie.ac-lille.fr\/sbssa\/wp-content\/uploads\/sites\/30\/2024\/01\/image008-300x96.png 300w, https:\/\/pedagogie.ac-lille.fr\/sbssa\/wp-content\/uploads\/sites\/30\/2024\/01\/image008-1024x328.png 1024w, https:\/\/pedagogie.ac-lille.fr\/sbssa\/wp-content\/uploads\/sites\/30\/2024\/01\/image008-768x246.png 768w, https:\/\/pedagogie.ac-lille.fr\/sbssa\/wp-content\/uploads\/sites\/30\/2024\/01\/image008-1536x491.png 1536w, https:\/\/pedagogie.ac-lille.fr\/sbssa\/wp-content\/uploads\/sites\/30\/2024\/01\/image008-2048x655.png 2048w\" sizes=\"auto, (max-width: 300px) 100vw, 300px\" \/><\/a><\/div><a class=\"wp-block-latest-posts__post-title\" href=\"https:\/\/pedagogie.ac-lille.fr\/sbssa\/arpejeh-actions-pour-les-jeunes-en-situations-de-handicap-janvier-2024\/\">ARPEJEH : Actions pour les jeunes en situations de handicap &#8211; Janvier 2024<\/a><time datetime=\"2024-01-16T21:07:47+01:00\" class=\"wp-block-latest-posts__post-date\">16 janvier 2024<\/time><\/li>\n<li><div class=\"wp-block-latest-posts__featured-image alignleft\"><a href=\"https:\/\/pedagogie.ac-lille.fr\/sbssa\/10882-2\/\" aria-label=\"ARPEJH (Accompagner la R\u00e9alisation des Projets d&rsquo;\u00c9tudes de Jeunes \u00c9l\u00e8ves et \u00c9tudiants Handicap\u00e9s)\"><img loading=\"lazy\" decoding=\"async\" width=\"300\" height=\"95\" src=\"https:\/\/pedagogie.ac-lille.fr\/sbssa\/wp-content\/uploads\/sites\/30\/2023\/04\/LOGO-ARPEJEH_baseline-300x95.jpeg\" class=\"attachment-medium size-medium no-lazy wp-post-image\" alt=\"\" style=\"max-width:150px;max-height:150px;\" srcset=\"https:\/\/pedagogie.ac-lille.fr\/sbssa\/wp-content\/uploads\/sites\/30\/2023\/04\/LOGO-ARPEJEH_baseline-300x95.jpeg 300w, https:\/\/pedagogie.ac-lille.fr\/sbssa\/wp-content\/uploads\/sites\/30\/2023\/04\/LOGO-ARPEJEH_baseline-1024x324.jpeg 1024w, https:\/\/pedagogie.ac-lille.fr\/sbssa\/wp-content\/uploads\/sites\/30\/2023\/04\/LOGO-ARPEJEH_baseline-768x243.jpeg 768w, https:\/\/pedagogie.ac-lille.fr\/sbssa\/wp-content\/uploads\/sites\/30\/2023\/04\/LOGO-ARPEJEH_baseline-1536x486.jpeg 1536w, https:\/\/pedagogie.ac-lille.fr\/sbssa\/wp-content\/uploads\/sites\/30\/2023\/04\/LOGO-ARPEJEH_baseline-2048x649.jpeg 2048w\" sizes=\"auto, (max-width: 300px) 100vw, 300px\" \/><\/a><\/div><a class=\"wp-block-latest-posts__post-title\" href=\"https:\/\/pedagogie.ac-lille.fr\/sbssa\/10882-2\/\">ARPEJH (Accompagner la R\u00e9alisation des Projets d&rsquo;\u00c9tudes de Jeunes \u00c9l\u00e8ves et \u00c9tudiants Handicap\u00e9s)<\/a><time datetime=\"2023-04-18T18:49:00+02:00\" class=\"wp-block-latest-posts__post-date\">18 avril 2023<\/time><\/li>\n<li><div class=\"wp-block-latest-posts__featured-image alignleft\"><a href=\"https:\/\/pedagogie.ac-lille.fr\/sbssa\/ce-quil-faut-connaitre-cqfc-pour-laccompagnement-des-eleves-en-situation-de-handicap-novembre-2020\/\" aria-label=\"Ce Qu&rsquo;il Faut Conna\u00eetre (CQFC) pour l&rsquo;accompagnement des \u00e9l\u00e8ves en situation de handicap -Novembre 2020\"><img loading=\"lazy\" decoding=\"async\" width=\"287\" height=\"300\" src=\"https:\/\/pedagogie.ac-lille.fr\/sbssa\/wp-content\/uploads\/sites\/30\/2021\/03\/Inclusion-scolaire-287x300.png\" class=\"attachment-medium size-medium no-lazy wp-post-image\" alt=\"\" style=\"max-width:150px;max-height:150px;\" srcset=\"https:\/\/pedagogie.ac-lille.fr\/sbssa\/wp-content\/uploads\/sites\/30\/2021\/03\/Inclusion-scolaire-287x300.png 287w, https:\/\/pedagogie.ac-lille.fr\/sbssa\/wp-content\/uploads\/sites\/30\/2021\/03\/Inclusion-scolaire.png 632w\" sizes=\"auto, (max-width: 287px) 100vw, 287px\" \/><\/a><\/div><a class=\"wp-block-latest-posts__post-title\" href=\"https:\/\/pedagogie.ac-lille.fr\/sbssa\/ce-quil-faut-connaitre-cqfc-pour-laccompagnement-des-eleves-en-situation-de-handicap-novembre-2020\/\">Ce Qu&rsquo;il Faut Conna\u00eetre (CQFC) pour l&rsquo;accompagnement des \u00e9l\u00e8ves en situation de handicap -Novembre 2020<\/a><time datetime=\"2021-03-22T23:12:33+01:00\" class=\"wp-block-latest-posts__post-date\">22 mars 2021<\/time><\/li>\n<li><div class=\"wp-block-latest-posts__featured-image alignleft\"><a href=\"https:\/\/pedagogie.ac-lille.fr\/sbssa\/vademecum-des-eleves-a-besoins-educatifs-particuliers-bep\/\" aria-label=\"Vademecum des \u00e9l\u00e8ves \u00e0 Besoins \u00c9ducatifs Particuliers (BEP)\"><img loading=\"lazy\" decoding=\"async\" width=\"268\" height=\"300\" src=\"https:\/\/pedagogie.ac-lille.fr\/sbssa\/wp-content\/uploads\/sites\/30\/2021\/07\/sketchbook-156775_1280-268x300.png\" class=\"attachment-medium size-medium no-lazy wp-post-image\" alt=\"Guide\" style=\"max-width:150px;max-height:150px;\" srcset=\"https:\/\/pedagogie.ac-lille.fr\/sbssa\/wp-content\/uploads\/sites\/30\/2021\/07\/sketchbook-156775_1280-268x300.png 268w, https:\/\/pedagogie.ac-lille.fr\/sbssa\/wp-content\/uploads\/sites\/30\/2021\/07\/sketchbook-156775_1280-914x1024.png 914w, https:\/\/pedagogie.ac-lille.fr\/sbssa\/wp-content\/uploads\/sites\/30\/2021\/07\/sketchbook-156775_1280-768x860.png 768w, https:\/\/pedagogie.ac-lille.fr\/sbssa\/wp-content\/uploads\/sites\/30\/2021\/07\/sketchbook-156775_1280.png 1143w\" sizes=\"auto, (max-width: 268px) 100vw, 268px\" \/><\/a><\/div><a class=\"wp-block-latest-posts__post-title\" href=\"https:\/\/pedagogie.ac-lille.fr\/sbssa\/vademecum-des-eleves-a-besoins-educatifs-particuliers-bep\/\">Vademecum des \u00e9l\u00e8ves \u00e0 Besoins \u00c9ducatifs Particuliers (BEP)<\/a><time datetime=\"2021-02-12T11:18:00+01:00\" class=\"wp-block-latest-posts__post-date\">12 f\u00e9vrier 2021<\/time><\/li>\n<li><div class=\"wp-block-latest-posts__featured-image alignleft\"><a href=\"https:\/\/pedagogie.ac-lille.fr\/sbssa\/pedagogie-adaptee-aux-troubles-specifiques-du-langage-ecrit-et-oral-18-mai-2016\/\" aria-label=\"P\u00e9dagogie adapt\u00e9e aux troubles sp\u00e9cifiques du langage \u00e9crit et oral &#8211; 18 mai 2016\"><img loading=\"lazy\" decoding=\"async\" width=\"300\" height=\"200\" src=\"https:\/\/pedagogie.ac-lille.fr\/sbssa\/wp-content\/uploads\/sites\/30\/2016\/05\/dyslexia-gee0fa2473_1280-300x200.jpg\" class=\"attachment-medium size-medium no-lazy wp-post-image\" alt=\"\" style=\"max-width:150px;max-height:150px;\" srcset=\"https:\/\/pedagogie.ac-lille.fr\/sbssa\/wp-content\/uploads\/sites\/30\/2016\/05\/dyslexia-gee0fa2473_1280-300x200.jpg 300w, https:\/\/pedagogie.ac-lille.fr\/sbssa\/wp-content\/uploads\/sites\/30\/2016\/05\/dyslexia-gee0fa2473_1280-1024x682.jpg 1024w, https:\/\/pedagogie.ac-lille.fr\/sbssa\/wp-content\/uploads\/sites\/30\/2016\/05\/dyslexia-gee0fa2473_1280-768x512.jpg 768w, https:\/\/pedagogie.ac-lille.fr\/sbssa\/wp-content\/uploads\/sites\/30\/2016\/05\/dyslexia-gee0fa2473_1280.jpg 1280w\" sizes=\"auto, (max-width: 300px) 100vw, 300px\" \/><\/a><\/div><a class=\"wp-block-latest-posts__post-title\" href=\"https:\/\/pedagogie.ac-lille.fr\/sbssa\/pedagogie-adaptee-aux-troubles-specifiques-du-langage-ecrit-et-oral-18-mai-2016\/\">P\u00e9dagogie adapt\u00e9e aux troubles sp\u00e9cifiques du langage \u00e9crit et oral &#8211; 18 mai 2016<\/a><time datetime=\"2016-05-08T11:00:00+02:00\" class=\"wp-block-latest-posts__post-date\">8 mai 2016<\/time><\/li>\n<li><div class=\"wp-block-latest-posts__featured-image alignleft\"><a href=\"https:\/\/pedagogie.ac-lille.fr\/sbssa\/identifier-des-besoins-educatifs-particuliers-analyse-des-obstacles-et-propositions-pour-laction-2013\/\" aria-label=\"Identifier des Besoins \u00e9ducatifs particuliers: analyse des obstacles et propositions pour l\u2019action &#8211; 2013\"><img loading=\"lazy\" decoding=\"async\" width=\"300\" height=\"169\" src=\"https:\/\/pedagogie.ac-lille.fr\/sbssa\/wp-content\/uploads\/sites\/30\/2022\/06\/AESH-20210824-300x169.jpeg\" class=\"attachment-medium size-medium no-lazy wp-post-image\" alt=\"\" style=\"max-width:150px;max-height:150px;\" srcset=\"https:\/\/pedagogie.ac-lille.fr\/sbssa\/wp-content\/uploads\/sites\/30\/2022\/06\/AESH-20210824-300x169.jpeg 300w, https:\/\/pedagogie.ac-lille.fr\/sbssa\/wp-content\/uploads\/sites\/30\/2022\/06\/AESH-20210824-1024x576.jpeg 1024w, https:\/\/pedagogie.ac-lille.fr\/sbssa\/wp-content\/uploads\/sites\/30\/2022\/06\/AESH-20210824-768x432.jpeg 768w, https:\/\/pedagogie.ac-lille.fr\/sbssa\/wp-content\/uploads\/sites\/30\/2022\/06\/AESH-20210824-1536x864.jpeg 1536w, https:\/\/pedagogie.ac-lille.fr\/sbssa\/wp-content\/uploads\/sites\/30\/2022\/06\/AESH-20210824-1110x624.jpeg 1110w, https:\/\/pedagogie.ac-lille.fr\/sbssa\/wp-content\/uploads\/sites\/30\/2022\/06\/AESH-20210824-528x297.jpeg 528w, https:\/\/pedagogie.ac-lille.fr\/sbssa\/wp-content\/uploads\/sites\/30\/2022\/06\/AESH-20210824.jpeg 1920w\" sizes=\"auto, (max-width: 300px) 100vw, 300px\" \/><\/a><\/div><a class=\"wp-block-latest-posts__post-title\" href=\"https:\/\/pedagogie.ac-lille.fr\/sbssa\/identifier-des-besoins-educatifs-particuliers-analyse-des-obstacles-et-propositions-pour-laction-2013\/\">Identifier des Besoins \u00e9ducatifs particuliers: analyse des obstacles et propositions pour l\u2019action &#8211; 2013<\/a><time datetime=\"2015-12-31T11:34:00+01:00\" class=\"wp-block-latest-posts__post-date\">31 d\u00e9cembre 2015<\/time><\/li>\n<li><div class=\"wp-block-latest-posts__featured-image alignleft\"><a href=\"https:\/\/pedagogie.ac-lille.fr\/sbssa\/apprentissage-et-handicap\/\" aria-label=\"Prot\u00e9g\u00e9\u00a0: Apprentissage et handicap\"><img loading=\"lazy\" decoding=\"async\" width=\"300\" height=\"169\" src=\"https:\/\/pedagogie.ac-lille.fr\/sbssa\/wp-content\/uploads\/sites\/30\/2022\/06\/AESH-20210824-300x169.jpeg\" class=\"attachment-medium size-medium no-lazy wp-post-image\" alt=\"\" style=\"max-width:150px;max-height:150px;\" srcset=\"https:\/\/pedagogie.ac-lille.fr\/sbssa\/wp-content\/uploads\/sites\/30\/2022\/06\/AESH-20210824-300x169.jpeg 300w, https:\/\/pedagogie.ac-lille.fr\/sbssa\/wp-content\/uploads\/sites\/30\/2022\/06\/AESH-20210824-1024x576.jpeg 1024w, https:\/\/pedagogie.ac-lille.fr\/sbssa\/wp-content\/uploads\/sites\/30\/2022\/06\/AESH-20210824-768x432.jpeg 768w, https:\/\/pedagogie.ac-lille.fr\/sbssa\/wp-content\/uploads\/sites\/30\/2022\/06\/AESH-20210824-1536x864.jpeg 1536w, https:\/\/pedagogie.ac-lille.fr\/sbssa\/wp-content\/uploads\/sites\/30\/2022\/06\/AESH-20210824-1110x624.jpeg 1110w, https:\/\/pedagogie.ac-lille.fr\/sbssa\/wp-content\/uploads\/sites\/30\/2022\/06\/AESH-20210824-528x297.jpeg 528w, https:\/\/pedagogie.ac-lille.fr\/sbssa\/wp-content\/uploads\/sites\/30\/2022\/06\/AESH-20210824.jpeg 1920w\" sizes=\"auto, (max-width: 300px) 100vw, 300px\" \/><\/a><\/div><a class=\"wp-block-latest-posts__post-title\" href=\"https:\/\/pedagogie.ac-lille.fr\/sbssa\/apprentissage-et-handicap\/\">Prot\u00e9g\u00e9\u00a0: Apprentissage et handicap<\/a><time datetime=\"2014-02-04T20:54:00+01:00\" class=\"wp-block-latest-posts__post-date\">4 f\u00e9vrier 2014<\/time><\/li>\n<\/ul>","protected":false},"excerpt":{"rendered":"","protected":false},"author":48,"featured_media":9557,"parent":704,"menu_order":0,"comment_status":"closed","ping_status":"closed","template":"","meta":{"ngg_post_thumbnail":0,"footnotes":""},"class_list":["post-10973","page","type-page","status-publish","has-post-thumbnail","czr-hentry"],"publishpress_future_action":{"enabled":false,"date":"2026-04-17 02:06:09","action":"change-status","newStatus":"draft","terms":[],"taxonomy":"","extraData":[]},"publishpress_future_workflow_manual_trigger":{"enabledWorkflows":[]},"_links":{"self":[{"href":"https:\/\/pedagogie.ac-lille.fr\/sbssa\/wp-json\/wp\/v2\/pages\/10973","targetHints":{"allow":["GET"]}}],"collection":[{"href":"https:\/\/pedagogie.ac-lille.fr\/sbssa\/wp-json\/wp\/v2\/pages"}],"about":[{"href":"https:\/\/pedagogie.ac-lille.fr\/sbssa\/wp-json\/wp\/v2\/types\/page"}],"author":[{"embeddable":true,"href":"https:\/\/pedagogie.ac-lille.fr\/sbssa\/wp-json\/wp\/v2\/users\/48"}],"replies":[{"embeddable":true,"href":"https:\/\/pedagogie.ac-lille.fr\/sbssa\/wp-json\/wp\/v2\/comments?post=10973"}],"version-history":[{"count":2,"href":"https:\/\/pedagogie.ac-lille.fr\/sbssa\/wp-json\/wp\/v2\/pages\/10973\/revisions"}],"predecessor-version":[{"id":10976,"href":"https:\/\/pedagogie.ac-lille.fr\/sbssa\/wp-json\/wp\/v2\/pages\/10973\/revisions\/10976"}],"up":[{"embeddable":true,"href":"https:\/\/pedagogie.ac-lille.fr\/sbssa\/wp-json\/wp\/v2\/pages\/704"}],"wp:featuredmedia":[{"embeddable":true,"href":"https:\/\/pedagogie.ac-lille.fr\/sbssa\/wp-json\/wp\/v2\/media\/9557"}],"wp:attachment":[{"href":"https:\/\/pedagogie.ac-lille.fr\/sbssa\/wp-json\/wp\/v2\/media?parent=10973"}],"curies":[{"name":"wp","href":"https:\/\/api.w.org\/{rel}","templated":true}]}}