{"id":11023,"date":"2023-05-07T22:36:58","date_gmt":"2023-05-07T20:36:58","guid":{"rendered":"https:\/\/pedagogie.ac-lille.fr\/sbssa\/?page_id=11023"},"modified":"2023-05-07T22:37:29","modified_gmt":"2023-05-07T20:37:29","slug":"ressources-inclusion","status":"publish","type":"page","link":"https:\/\/pedagogie.ac-lille.fr\/sbssa\/dossiers-transversaux\/inclusion-scolaire\/ressources-inclusion\/","title":{"rendered":"Ressources &#8211; Inclusion"},"content":{"rendered":"<ul class=\"wp-block-latest-posts__list has-dates wp-block-latest-posts\"><li><div class=\"wp-block-latest-posts__featured-image alignleft\"><a href=\"https:\/\/pedagogie.ac-lille.fr\/sbssa\/journee-dediee-aux-eleves-a-besoins-educatifs-particuliers\/\" aria-label=\"Journ\u00e9e d\u00e9di\u00e9e aux \u00e9l\u00e8ves \u00e0 besoins \u00e9ducatifs particuliers\"><img loading=\"lazy\" decoding=\"async\" width=\"115\" height=\"160\" src=\"https:\/\/pedagogie.ac-lille.fr\/sbssa\/wp-content\/uploads\/sites\/30\/2026\/02\/N-19193-642460_visuel.jpg\" class=\"attachment-medium size-medium no-lazy wp-post-image\" alt=\"\" style=\"max-width:150px;max-height:150px;\" \/><\/a><\/div><a class=\"wp-block-latest-posts__post-title\" href=\"https:\/\/pedagogie.ac-lille.fr\/sbssa\/journee-dediee-aux-eleves-a-besoins-educatifs-particuliers\/\">Journ\u00e9e d\u00e9di\u00e9e aux \u00e9l\u00e8ves \u00e0 besoins \u00e9ducatifs particuliers<\/a><time datetime=\"2026-02-23T19:20:55+01:00\" class=\"wp-block-latest-posts__post-date\">23 f\u00e9vrier 2026<\/time><\/li>\n<li><div class=\"wp-block-latest-posts__featured-image alignleft\"><a href=\"https:\/\/pedagogie.ac-lille.fr\/sbssa\/des-ressources-pour-scolariser-les-eleves-en-situation-de-handicap-eduscol\/\" aria-label=\"Des ressources pour scolariser les \u00e9l\u00e8ves en situation de handicap &#8211; \u00c9duscol\"><img loading=\"lazy\" decoding=\"async\" width=\"300\" height=\"243\" src=\"https:\/\/pedagogie.ac-lille.fr\/sbssa\/wp-content\/uploads\/sites\/30\/2022\/05\/pixel-cells-g9c2803b40_1280-300x243.png\" class=\"attachment-medium size-medium no-lazy wp-post-image\" alt=\"Ressources\" style=\"max-width:150px;max-height:150px;\" srcset=\"https:\/\/pedagogie.ac-lille.fr\/sbssa\/wp-content\/uploads\/sites\/30\/2022\/05\/pixel-cells-g9c2803b40_1280-300x243.png 300w, https:\/\/pedagogie.ac-lille.fr\/sbssa\/wp-content\/uploads\/sites\/30\/2022\/05\/pixel-cells-g9c2803b40_1280-1024x830.png 1024w, https:\/\/pedagogie.ac-lille.fr\/sbssa\/wp-content\/uploads\/sites\/30\/2022\/05\/pixel-cells-g9c2803b40_1280-768x623.png 768w, https:\/\/pedagogie.ac-lille.fr\/sbssa\/wp-content\/uploads\/sites\/30\/2022\/05\/pixel-cells-g9c2803b40_1280.png 1280w\" sizes=\"auto, (max-width: 300px) 100vw, 300px\" \/><\/a><\/div><a class=\"wp-block-latest-posts__post-title\" href=\"https:\/\/pedagogie.ac-lille.fr\/sbssa\/des-ressources-pour-scolariser-les-eleves-en-situation-de-handicap-eduscol\/\">Des ressources pour scolariser les \u00e9l\u00e8ves en situation de handicap &#8211; \u00c9duscol<\/a><time datetime=\"2022-08-31T22:06:00+02:00\" class=\"wp-block-latest-posts__post-date\">31 ao\u00fbt 2022<\/time><\/li>\n<li><div class=\"wp-block-latest-posts__featured-image alignleft\"><a href=\"https:\/\/pedagogie.ac-lille.fr\/sbssa\/ressources-pour-animer-une-seance-de-sensibilisation-au-handicap\/\" aria-label=\"Ressources pour animer une s\u00e9ance de sensibilisation au handicap\"><img loading=\"lazy\" decoding=\"async\" width=\"300\" height=\"243\" src=\"https:\/\/pedagogie.ac-lille.fr\/sbssa\/wp-content\/uploads\/sites\/30\/2022\/05\/pixel-cells-g9c2803b40_1280-300x243.png\" class=\"attachment-medium size-medium no-lazy wp-post-image\" alt=\"Ressources\" style=\"max-width:150px;max-height:150px;\" srcset=\"https:\/\/pedagogie.ac-lille.fr\/sbssa\/wp-content\/uploads\/sites\/30\/2022\/05\/pixel-cells-g9c2803b40_1280-300x243.png 300w, https:\/\/pedagogie.ac-lille.fr\/sbssa\/wp-content\/uploads\/sites\/30\/2022\/05\/pixel-cells-g9c2803b40_1280-1024x830.png 1024w, https:\/\/pedagogie.ac-lille.fr\/sbssa\/wp-content\/uploads\/sites\/30\/2022\/05\/pixel-cells-g9c2803b40_1280-768x623.png 768w, https:\/\/pedagogie.ac-lille.fr\/sbssa\/wp-content\/uploads\/sites\/30\/2022\/05\/pixel-cells-g9c2803b40_1280.png 1280w\" sizes=\"auto, (max-width: 300px) 100vw, 300px\" \/><\/a><\/div><a class=\"wp-block-latest-posts__post-title\" href=\"https:\/\/pedagogie.ac-lille.fr\/sbssa\/ressources-pour-animer-une-seance-de-sensibilisation-au-handicap\/\">Ressources pour animer une s\u00e9ance de sensibilisation au handicap<\/a><time datetime=\"2022-01-31T23:11:00+01:00\" class=\"wp-block-latest-posts__post-date\">31 janvier 2022<\/time><\/li>\n<li><div class=\"wp-block-latest-posts__featured-image alignleft\"><a href=\"https:\/\/pedagogie.ac-lille.fr\/sbssa\/cap-ecole-inclusive\/\" aria-label=\"CAP \u00c9cole inclusive\"><img loading=\"lazy\" decoding=\"async\" width=\"300\" height=\"146\" src=\"https:\/\/pedagogie.ac-lille.fr\/sbssa\/wp-content\/uploads\/sites\/30\/2021\/03\/CAP-Ecole-Inclusive-300x146.png\" class=\"attachment-medium size-medium no-lazy wp-post-image\" alt=\"\" style=\"max-width:150px;max-height:150px;\" srcset=\"https:\/\/pedagogie.ac-lille.fr\/sbssa\/wp-content\/uploads\/sites\/30\/2021\/03\/CAP-Ecole-Inclusive-300x146.png 300w, https:\/\/pedagogie.ac-lille.fr\/sbssa\/wp-content\/uploads\/sites\/30\/2021\/03\/CAP-Ecole-Inclusive-768x375.png 768w, https:\/\/pedagogie.ac-lille.fr\/sbssa\/wp-content\/uploads\/sites\/30\/2021\/03\/CAP-Ecole-Inclusive.png 1024w\" sizes=\"auto, (max-width: 300px) 100vw, 300px\" \/><\/a><\/div><a class=\"wp-block-latest-posts__post-title\" href=\"https:\/\/pedagogie.ac-lille.fr\/sbssa\/cap-ecole-inclusive\/\">CAP \u00c9cole inclusive<\/a><time datetime=\"2021-03-23T21:46:24+01:00\" class=\"wp-block-latest-posts__post-date\">23 mars 2021<\/time><\/li>\n<li><div class=\"wp-block-latest-posts__featured-image alignleft\"><a href=\"https:\/\/pedagogie.ac-lille.fr\/sbssa\/comite-national-de-suivi-de-lecole-inclusive-mardi-9-novembre-2020-secretariat-detat-charge-des-personnes-handicapees\/\" aria-label=\"Comit\u00e9 national de suivi de l\u2019Ecole inclusive &#8211; Mardi 9 novembre 2020 &#8211; Secr\u00e9tariat d&rsquo;\u00c9tat charg\u00e9 des personnes handicap\u00e9es\"><img loading=\"lazy\" decoding=\"async\" width=\"300\" height=\"180\" src=\"https:\/\/pedagogie.ac-lille.fr\/sbssa\/wp-content\/uploads\/sites\/30\/2021\/03\/Secre\u0301tariat-dE\u0301tat-charge\u0301-des-personnes-handicape\u0301es-300x180.png\" class=\"attachment-medium size-medium no-lazy wp-post-image\" alt=\"\" style=\"max-width:150px;max-height:150px;\" srcset=\"https:\/\/pedagogie.ac-lille.fr\/sbssa\/wp-content\/uploads\/sites\/30\/2021\/03\/Secre\u0301tariat-dE\u0301tat-charge\u0301-des-personnes-handicape\u0301es-300x180.png 300w, https:\/\/pedagogie.ac-lille.fr\/sbssa\/wp-content\/uploads\/sites\/30\/2021\/03\/Secre\u0301tariat-dE\u0301tat-charge\u0301-des-personnes-handicape\u0301es.png 307w\" sizes=\"auto, (max-width: 300px) 100vw, 300px\" \/><\/a><\/div><a class=\"wp-block-latest-posts__post-title\" href=\"https:\/\/pedagogie.ac-lille.fr\/sbssa\/comite-national-de-suivi-de-lecole-inclusive-mardi-9-novembre-2020-secretariat-detat-charge-des-personnes-handicapees\/\">Comit\u00e9 national de suivi de l\u2019Ecole inclusive &#8211; Mardi 9 novembre 2020 &#8211; Secr\u00e9tariat d&rsquo;\u00c9tat charg\u00e9 des personnes handicap\u00e9es<\/a><time datetime=\"2021-03-22T23:40:25+01:00\" class=\"wp-block-latest-posts__post-date\">22 mars 2021<\/time><\/li>\n<li><div class=\"wp-block-latest-posts__featured-image alignleft\"><a href=\"https:\/\/pedagogie.ac-lille.fr\/sbssa\/des-outils-pour-accompagner-tous-les-eleves-confiance-apprentissages-partage-cap-ecole-inclusive-reseau-canope\/\" aria-label=\"Des outils pour accompagner tous les \u00e9l\u00e8ves &#8211; Confiance, apprentissages, partage &#8211; Cap \u00e9cole inclusive &#8211; R\u00e9seau Canop\u00e9\"><img loading=\"lazy\" decoding=\"async\" width=\"300\" height=\"129\" src=\"https:\/\/pedagogie.ac-lille.fr\/sbssa\/wp-content\/uploads\/sites\/30\/2021\/03\/Canope\u0301_re\u0301seau.svg_-300x129.png\" class=\"attachment-medium size-medium no-lazy wp-post-image\" alt=\"\" style=\"max-width:150px;max-height:150px;\" srcset=\"https:\/\/pedagogie.ac-lille.fr\/sbssa\/wp-content\/uploads\/sites\/30\/2021\/03\/Canope\u0301_re\u0301seau.svg_-300x129.png 300w, https:\/\/pedagogie.ac-lille.fr\/sbssa\/wp-content\/uploads\/sites\/30\/2021\/03\/Canope\u0301_re\u0301seau.svg_-1024x439.png 1024w, https:\/\/pedagogie.ac-lille.fr\/sbssa\/wp-content\/uploads\/sites\/30\/2021\/03\/Canope\u0301_re\u0301seau.svg_-768x330.png 768w, https:\/\/pedagogie.ac-lille.fr\/sbssa\/wp-content\/uploads\/sites\/30\/2021\/03\/Canope\u0301_re\u0301seau.svg_-e1616452272971.png 400w\" sizes=\"auto, (max-width: 300px) 100vw, 300px\" \/><\/a><\/div><a class=\"wp-block-latest-posts__post-title\" href=\"https:\/\/pedagogie.ac-lille.fr\/sbssa\/des-outils-pour-accompagner-tous-les-eleves-confiance-apprentissages-partage-cap-ecole-inclusive-reseau-canope\/\">Des outils pour accompagner tous les \u00e9l\u00e8ves &#8211; Confiance, apprentissages, partage &#8211; Cap \u00e9cole inclusive &#8211; R\u00e9seau Canop\u00e9<\/a><time datetime=\"2021-03-22T23:23:49+01:00\" class=\"wp-block-latest-posts__post-date\">22 mars 2021<\/time><\/li>\n<li><div class=\"wp-block-latest-posts__featured-image alignleft\"><a href=\"https:\/\/pedagogie.ac-lille.fr\/sbssa\/formation-et-handicap-onisep\/\" aria-label=\"Formation et handicap &#8211; Onisep\"><img loading=\"lazy\" decoding=\"async\" width=\"300\" height=\"200\" src=\"https:\/\/pedagogie.ac-lille.fr\/sbssa\/wp-content\/uploads\/sites\/30\/2021\/03\/Guide-Les-eleves-a-besoins-educatifs-particuliers.jpeg\" class=\"attachment-medium size-medium no-lazy wp-post-image\" alt=\"\" style=\"max-width:150px;max-height:150px;\" \/><\/a><\/div><a class=\"wp-block-latest-posts__post-title\" href=\"https:\/\/pedagogie.ac-lille.fr\/sbssa\/formation-et-handicap-onisep\/\">Formation et handicap &#8211; Onisep<\/a><time datetime=\"2021-03-22T23:08:26+01:00\" class=\"wp-block-latest-posts__post-date\">22 mars 2021<\/time><\/li>\n<li><div class=\"wp-block-latest-posts__featured-image alignleft\"><a href=\"https:\/\/pedagogie.ac-lille.fr\/sbssa\/la-scolarisation-des-eleves-en-situation-de-handicap-site-du-ministere-de-leducation-nationale-de-la-jeunesse-et-des-sports\/\" aria-label=\"La scolarisation des \u00e9l\u00e8ves en situation de handicap &#8211; Site du Minist\u00e8re de l&rsquo;\u00c9ducation nationale, de la Jeunesse et des Sports\"><img loading=\"lazy\" decoding=\"async\" width=\"300\" height=\"163\" src=\"https:\/\/pedagogie.ac-lille.fr\/sbssa\/wp-content\/uploads\/sites\/30\/2021\/03\/handicap-jpg-1103-300x163.jpeg\" class=\"attachment-medium size-medium no-lazy wp-post-image\" alt=\"\" style=\"max-width:150px;max-height:150px;\" srcset=\"https:\/\/pedagogie.ac-lille.fr\/sbssa\/wp-content\/uploads\/sites\/30\/2021\/03\/handicap-jpg-1103-300x163.jpeg 300w, https:\/\/pedagogie.ac-lille.fr\/sbssa\/wp-content\/uploads\/sites\/30\/2021\/03\/handicap-jpg-1103-1024x558.jpeg 1024w, https:\/\/pedagogie.ac-lille.fr\/sbssa\/wp-content\/uploads\/sites\/30\/2021\/03\/handicap-jpg-1103-768x418.jpeg 768w, https:\/\/pedagogie.ac-lille.fr\/sbssa\/wp-content\/uploads\/sites\/30\/2021\/03\/handicap-jpg-1103.jpeg 1340w\" sizes=\"auto, (max-width: 300px) 100vw, 300px\" \/><\/a><\/div><a class=\"wp-block-latest-posts__post-title\" href=\"https:\/\/pedagogie.ac-lille.fr\/sbssa\/la-scolarisation-des-eleves-en-situation-de-handicap-site-du-ministere-de-leducation-nationale-de-la-jeunesse-et-des-sports\/\">La scolarisation des \u00e9l\u00e8ves en situation de handicap &#8211; Site du Minist\u00e8re de l&rsquo;\u00c9ducation nationale, de la Jeunesse et des Sports<\/a><time datetime=\"2021-03-22T22:51:50+01:00\" class=\"wp-block-latest-posts__post-date\">22 mars 2021<\/time><\/li>\n<li><div class=\"wp-block-latest-posts__featured-image alignleft\"><a href=\"https:\/\/pedagogie.ac-lille.fr\/sbssa\/kit-pedagogique-handicap-et-ecole-inclusive-onisep\/\" aria-label=\"Kit p\u00e9dagogique : Handicap et \u00e9cole inclusive &#8211; Onisep\"><img loading=\"lazy\" decoding=\"async\" width=\"300\" height=\"151\" src=\"https:\/\/pedagogie.ac-lille.fr\/sbssa\/wp-content\/uploads\/sites\/30\/2021\/03\/Kit-pe\u0301dagogique-Handicap-et-e\u0301cole-inclusive-Onisep-300x151.png\" class=\"attachment-medium size-medium no-lazy wp-post-image\" alt=\"\" style=\"max-width:150px;max-height:150px;\" srcset=\"https:\/\/pedagogie.ac-lille.fr\/sbssa\/wp-content\/uploads\/sites\/30\/2021\/03\/Kit-pe\u0301dagogique-Handicap-et-e\u0301cole-inclusive-Onisep-300x151.png 300w, https:\/\/pedagogie.ac-lille.fr\/sbssa\/wp-content\/uploads\/sites\/30\/2021\/03\/Kit-pe\u0301dagogique-Handicap-et-e\u0301cole-inclusive-Onisep.png 660w\" sizes=\"auto, (max-width: 300px) 100vw, 300px\" \/><\/a><\/div><a class=\"wp-block-latest-posts__post-title\" href=\"https:\/\/pedagogie.ac-lille.fr\/sbssa\/kit-pedagogique-handicap-et-ecole-inclusive-onisep\/\">Kit p\u00e9dagogique : Handicap et \u00e9cole inclusive &#8211; Onisep<\/a><time datetime=\"2021-03-22T22:27:10+01:00\" class=\"wp-block-latest-posts__post-date\">22 mars 2021<\/time><\/li>\n<li><div class=\"wp-block-latest-posts__featured-image alignleft\"><a href=\"https:\/\/pedagogie.ac-lille.fr\/sbssa\/guide-de-survie-du-professeur-confronte-a-des-eleves-dys-2015\/\" aria-label=\"Guide de survie du professeur confront\u00e9 \u00e0 des \u00e9l\u00e8ves dys &#8211; 2015\"><img loading=\"lazy\" decoding=\"async\" width=\"300\" height=\"200\" src=\"https:\/\/pedagogie.ac-lille.fr\/sbssa\/wp-content\/uploads\/sites\/30\/2016\/05\/dyslexia-gee0fa2473_1280-300x200.jpg\" class=\"attachment-medium size-medium no-lazy wp-post-image\" alt=\"\" style=\"max-width:150px;max-height:150px;\" srcset=\"https:\/\/pedagogie.ac-lille.fr\/sbssa\/wp-content\/uploads\/sites\/30\/2016\/05\/dyslexia-gee0fa2473_1280-300x200.jpg 300w, https:\/\/pedagogie.ac-lille.fr\/sbssa\/wp-content\/uploads\/sites\/30\/2016\/05\/dyslexia-gee0fa2473_1280-1024x682.jpg 1024w, https:\/\/pedagogie.ac-lille.fr\/sbssa\/wp-content\/uploads\/sites\/30\/2016\/05\/dyslexia-gee0fa2473_1280-768x512.jpg 768w, https:\/\/pedagogie.ac-lille.fr\/sbssa\/wp-content\/uploads\/sites\/30\/2016\/05\/dyslexia-gee0fa2473_1280.jpg 1280w\" sizes=\"auto, (max-width: 300px) 100vw, 300px\" \/><\/a><\/div><a class=\"wp-block-latest-posts__post-title\" href=\"https:\/\/pedagogie.ac-lille.fr\/sbssa\/guide-de-survie-du-professeur-confronte-a-des-eleves-dys-2015\/\">Guide de survie du professeur confront\u00e9 \u00e0 des \u00e9l\u00e8ves dys &#8211; 2015<\/a><time datetime=\"2015-12-31T11:14:00+01:00\" class=\"wp-block-latest-posts__post-date\">31 d\u00e9cembre 2015<\/time><\/li>\n<li><div class=\"wp-block-latest-posts__featured-image alignleft\"><a href=\"https:\/\/pedagogie.ac-lille.fr\/sbssa\/guide-a-lattention-des-equipes-educatives-des-colleges-et-des-lycees-mars-2014\/\" aria-label=\"Une \u00e9cole bienveillante face aux situations de mal-\u00eatre des \u00e9l\u00e8ves &#8211; Guide \u00e0 l&rsquo;attention des \u00e9quipes \u00e9ducatives des coll\u00e8ges et des lyc\u00e9es &#8211; Mars 2014\"><img loading=\"lazy\" decoding=\"async\" width=\"300\" height=\"225\" src=\"https:\/\/pedagogie.ac-lille.fr\/sbssa\/wp-content\/uploads\/sites\/30\/2023\/05\/Ecole-bienveillante-300x225.png\" class=\"attachment-medium size-medium no-lazy wp-post-image\" alt=\"\" style=\"max-width:150px;max-height:150px;\" srcset=\"https:\/\/pedagogie.ac-lille.fr\/sbssa\/wp-content\/uploads\/sites\/30\/2023\/05\/Ecole-bienveillante-300x225.png 300w, https:\/\/pedagogie.ac-lille.fr\/sbssa\/wp-content\/uploads\/sites\/30\/2023\/05\/Ecole-bienveillante.png 551w\" sizes=\"auto, (max-width: 300px) 100vw, 300px\" \/><\/a><\/div><a class=\"wp-block-latest-posts__post-title\" href=\"https:\/\/pedagogie.ac-lille.fr\/sbssa\/guide-a-lattention-des-equipes-educatives-des-colleges-et-des-lycees-mars-2014\/\">Une \u00e9cole bienveillante face aux situations de mal-\u00eatre des \u00e9l\u00e8ves &#8211; Guide \u00e0 l&rsquo;attention des \u00e9quipes \u00e9ducatives des coll\u00e8ges et des lyc\u00e9es &#8211; Mars 2014<\/a><time datetime=\"2014-03-31T21:05:00+02:00\" class=\"wp-block-latest-posts__post-date\">31 mars 2014<\/time><\/li>\n<\/ul>","protected":false},"excerpt":{"rendered":"","protected":false},"author":48,"featured_media":3312,"parent":704,"menu_order":0,"comment_status":"closed","ping_status":"closed","template":"","meta":{"ngg_post_thumbnail":0,"footnotes":""},"class_list":["post-11023","page","type-page","status-publish","has-post-thumbnail","czr-hentry"],"publishpress_future_action":{"enabled":false,"date":"2026-04-17 03:53:57","action":"change-status","newStatus":"draft","terms":[],"taxonomy":"","extraData":[]},"publishpress_future_workflow_manual_trigger":{"enabledWorkflows":[]},"_links":{"self":[{"href":"https:\/\/pedagogie.ac-lille.fr\/sbssa\/wp-json\/wp\/v2\/pages\/11023","targetHints":{"allow":["GET"]}}],"collection":[{"href":"https:\/\/pedagogie.ac-lille.fr\/sbssa\/wp-json\/wp\/v2\/pages"}],"about":[{"href":"https:\/\/pedagogie.ac-lille.fr\/sbssa\/wp-json\/wp\/v2\/types\/page"}],"author":[{"embeddable":true,"href":"https:\/\/pedagogie.ac-lille.fr\/sbssa\/wp-json\/wp\/v2\/users\/48"}],"replies":[{"embeddable":true,"href":"https:\/\/pedagogie.ac-lille.fr\/sbssa\/wp-json\/wp\/v2\/comments?post=11023"}],"version-history":[{"count":1,"href":"https:\/\/pedagogie.ac-lille.fr\/sbssa\/wp-json\/wp\/v2\/pages\/11023\/revisions"}],"predecessor-version":[{"id":11024,"href":"https:\/\/pedagogie.ac-lille.fr\/sbssa\/wp-json\/wp\/v2\/pages\/11023\/revisions\/11024"}],"up":[{"embeddable":true,"href":"https:\/\/pedagogie.ac-lille.fr\/sbssa\/wp-json\/wp\/v2\/pages\/704"}],"wp:featuredmedia":[{"embeddable":true,"href":"https:\/\/pedagogie.ac-lille.fr\/sbssa\/wp-json\/wp\/v2\/media\/3312"}],"wp:attachment":[{"href":"https:\/\/pedagogie.ac-lille.fr\/sbssa\/wp-json\/wp\/v2\/media?parent=11023"}],"curies":[{"name":"wp","href":"https:\/\/api.w.org\/{rel}","templated":true}]}}