{"id":11092,"date":"2023-05-14T13:28:50","date_gmt":"2023-05-14T11:28:50","guid":{"rendered":"https:\/\/pedagogie.ac-lille.fr\/sbssa\/?page_id=11092"},"modified":"2024-09-01T20:09:44","modified_gmt":"2024-09-01T18:09:44","slug":"documents-academiques-numerique","status":"publish","type":"page","link":"https:\/\/pedagogie.ac-lille.fr\/sbssa\/numerique\/documents-academiques-numerique\/","title":{"rendered":"Documents acad\u00e9miques &#8211; Num\u00e9rique"},"content":{"rendered":"<ul class=\"wp-block-latest-posts__list has-dates wp-block-latest-posts\"><li><div class=\"wp-block-latest-posts__featured-image alignleft\"><a href=\"https:\/\/pedagogie.ac-lille.fr\/sbssa\/collection-numerique-attitude-decouvrez-les-nouvelles-fiches-pedagogiques\/\" aria-label=\"Collection Num\u00e9rique Attitude : d\u00e9couvrez les nouvelles fiches p\u00e9dagogiques\"><img loading=\"lazy\" decoding=\"async\" width=\"206\" height=\"55\" src=\"https:\/\/pedagogie.ac-lille.fr\/sbssa\/wp-content\/uploads\/sites\/30\/2024\/11\/YXNzZXRzL2ltZy9hdGVsaWVycy9BdGVsaWVyQ2Fub3BlX0xvZ28ucG5n.png\" class=\"attachment-medium size-medium no-lazy wp-post-image\" alt=\"\" style=\"max-width:150px;max-height:150px;\" \/><\/a><\/div><a class=\"wp-block-latest-posts__post-title\" href=\"https:\/\/pedagogie.ac-lille.fr\/sbssa\/collection-numerique-attitude-decouvrez-les-nouvelles-fiches-pedagogiques\/\">Collection Num\u00e9rique Attitude : d\u00e9couvrez les nouvelles fiches p\u00e9dagogiques<\/a><time datetime=\"2024-11-11T19:43:39+01:00\" class=\"wp-block-latest-posts__post-date\">11 novembre 2024<\/time><\/li>\n<li><div class=\"wp-block-latest-posts__featured-image alignleft\"><a href=\"https:\/\/pedagogie.ac-lille.fr\/sbssa\/outils-numeriques-pour-accompagner-les-processus-denseignement-et-dapprentissage-en-presence-et-a-distance\/\" aria-label=\"Outils num\u00e9riques pour accompagner les processus d&rsquo;enseignement et d&rsquo;apprentissage en pr\u00e9sence et \u00e0 distance\"><img loading=\"lazy\" decoding=\"async\" width=\"300\" height=\"200\" src=\"https:\/\/pedagogie.ac-lille.fr\/sbssa\/wp-content\/uploads\/sites\/30\/2024\/08\/social-media-5187243_1280-300x200.png\" class=\"attachment-medium size-medium no-lazy wp-post-image\" alt=\"Num\u00e9rique\" style=\"max-width:150px;max-height:150px;\" srcset=\"https:\/\/pedagogie.ac-lille.fr\/sbssa\/wp-content\/uploads\/sites\/30\/2024\/08\/social-media-5187243_1280-300x200.png 300w, https:\/\/pedagogie.ac-lille.fr\/sbssa\/wp-content\/uploads\/sites\/30\/2024\/08\/social-media-5187243_1280-1024x682.png 1024w, https:\/\/pedagogie.ac-lille.fr\/sbssa\/wp-content\/uploads\/sites\/30\/2024\/08\/social-media-5187243_1280-768x512.png 768w, https:\/\/pedagogie.ac-lille.fr\/sbssa\/wp-content\/uploads\/sites\/30\/2024\/08\/social-media-5187243_1280.png 1280w\" sizes=\"auto, (max-width: 300px) 100vw, 300px\" \/><\/a><\/div><a class=\"wp-block-latest-posts__post-title\" href=\"https:\/\/pedagogie.ac-lille.fr\/sbssa\/outils-numeriques-pour-accompagner-les-processus-denseignement-et-dapprentissage-en-presence-et-a-distance\/\">Outils num\u00e9riques pour accompagner les processus d&rsquo;enseignement et d&rsquo;apprentissage en pr\u00e9sence et \u00e0 distance<\/a><time datetime=\"2024-08-29T21:42:10+02:00\" class=\"wp-block-latest-posts__post-date\">29 ao\u00fbt 2024<\/time><\/li>\n<\/ul>","protected":false},"excerpt":{"rendered":"","protected":false},"author":48,"featured_media":9557,"parent":674,"menu_order":1,"comment_status":"closed","ping_status":"closed","template":"","meta":{"ngg_post_thumbnail":0,"footnotes":""},"class_list":["post-11092","page","type-page","status-publish","has-post-thumbnail","czr-hentry"],"publishpress_future_action":{"enabled":false,"date":"2026-04-17 07:09:28","action":"change-status","newStatus":"draft","terms":[],"taxonomy":"","extraData":[]},"publishpress_future_workflow_manual_trigger":{"enabledWorkflows":[]},"_links":{"self":[{"href":"https:\/\/pedagogie.ac-lille.fr\/sbssa\/wp-json\/wp\/v2\/pages\/11092","targetHints":{"allow":["GET"]}}],"collection":[{"href":"https:\/\/pedagogie.ac-lille.fr\/sbssa\/wp-json\/wp\/v2\/pages"}],"about":[{"href":"https:\/\/pedagogie.ac-lille.fr\/sbssa\/wp-json\/wp\/v2\/types\/page"}],"author":[{"embeddable":true,"href":"https:\/\/pedagogie.ac-lille.fr\/sbssa\/wp-json\/wp\/v2\/users\/48"}],"replies":[{"embeddable":true,"href":"https:\/\/pedagogie.ac-lille.fr\/sbssa\/wp-json\/wp\/v2\/comments?post=11092"}],"version-history":[{"count":2,"href":"https:\/\/pedagogie.ac-lille.fr\/sbssa\/wp-json\/wp\/v2\/pages\/11092\/revisions"}],"predecessor-version":[{"id":12435,"href":"https:\/\/pedagogie.ac-lille.fr\/sbssa\/wp-json\/wp\/v2\/pages\/11092\/revisions\/12435"}],"up":[{"embeddable":true,"href":"https:\/\/pedagogie.ac-lille.fr\/sbssa\/wp-json\/wp\/v2\/pages\/674"}],"wp:featuredmedia":[{"embeddable":true,"href":"https:\/\/pedagogie.ac-lille.fr\/sbssa\/wp-json\/wp\/v2\/media\/9557"}],"wp:attachment":[{"href":"https:\/\/pedagogie.ac-lille.fr\/sbssa\/wp-json\/wp\/v2\/media?parent=11092"}],"curies":[{"name":"wp","href":"https:\/\/api.w.org\/{rel}","templated":true}]}}