{"id":11162,"date":"2023-06-06T10:22:02","date_gmt":"2023-06-06T08:22:02","guid":{"rendered":"https:\/\/pedagogie.ac-lille.fr\/sbssa\/?page_id=11162"},"modified":"2023-06-07T06:43:17","modified_gmt":"2023-06-07T04:43:17","slug":"accompagnement-renforce","status":"publish","type":"page","link":"https:\/\/pedagogie.ac-lille.fr\/sbssa\/dossiers-transversaux\/transformation-de-la-voie-professionnelle-t-v-p\/accompagnement-renforce\/","title":{"rendered":"Accompagnement Renforc\u00e9"},"content":{"rendered":"\n<div class=\"wp-block-columns is-layout-flex wp-container-core-columns-is-layout-28f84493 wp-block-columns-is-layout-flex\">\n<div class=\"wp-block-column is-layout-flow wp-block-column-is-layout-flow\">\n<figure class=\"wp-block-image size-thumbnail\"><a href=\"https:\/\/pedagogie.ac-lille.fr\/sbssa\/dossiers-transversaux\/transformation-de-la-voie-professionnelle-t-v-p\/accompagnement-renforce\/textes-officiels-accompagnement-renforce\/?preview=true&amp;_thumbnail_id=3822\"><img loading=\"lazy\" decoding=\"async\" width=\"150\" height=\"150\" src=\"https:\/\/pedagogie.ac-lille.fr\/sbssa\/wp-content\/uploads\/sites\/30\/2022\/05\/education-g88d03105e_1280-150x150.png\" alt=\"Officiel\" class=\"wp-image-3822\" srcset=\"https:\/\/pedagogie.ac-lille.fr\/sbssa\/wp-content\/uploads\/sites\/30\/2022\/05\/education-g88d03105e_1280-150x150.png 150w, https:\/\/pedagogie.ac-lille.fr\/sbssa\/wp-content\/uploads\/sites\/30\/2022\/05\/education-g88d03105e_1280-300x300.png 300w, https:\/\/pedagogie.ac-lille.fr\/sbssa\/wp-content\/uploads\/sites\/30\/2022\/05\/education-g88d03105e_1280-1024x1024.png 1024w, https:\/\/pedagogie.ac-lille.fr\/sbssa\/wp-content\/uploads\/sites\/30\/2022\/05\/education-g88d03105e_1280-768x768.png 768w, https:\/\/pedagogie.ac-lille.fr\/sbssa\/wp-content\/uploads\/sites\/30\/2022\/05\/education-g88d03105e_1280-510x510.png 510w, https:\/\/pedagogie.ac-lille.fr\/sbssa\/wp-content\/uploads\/sites\/30\/2022\/05\/education-g88d03105e_1280.png 1280w\" sizes=\"auto, (max-width: 150px) 100vw, 150px\" \/><\/a><figcaption class=\"wp-element-caption\"><a href=\"https:\/\/pedagogie.ac-lille.fr\/sbssa\/dossiers-transversaux\/transformation-de-la-voie-professionnelle-t-v-p\/accompagnement-renforce\/textes-officiels-accompagnement-renforce\/?preview=true&amp;_thumbnail_id=3822\">Textes officiels<\/a><\/figcaption><\/figure>\n<\/div>\n\n\n\n<div class=\"wp-block-column is-layout-flow wp-block-column-is-layout-flow\">\n<figure class=\"wp-block-image size-thumbnail is-resized\"><a href=\"https:\/\/pedagogie.ac-lille.fr\/sbssa\/dossiers-transversaux\/transformation-de-la-voie-professionnelle-t-v-p\/accompagnement-renforce\/documents-academiques-ar\/?preview=true&amp;_thumbnail_id=9557\"><img loading=\"lazy\" decoding=\"async\" src=\"https:\/\/pedagogie.ac-lille.fr\/sbssa\/wp-content\/uploads\/sites\/30\/2023\/02\/Academie_de_Lille.svg_-150x150.png\" alt=\"\" class=\"wp-image-9557\" width=\"150\" height=\"150\" srcset=\"https:\/\/pedagogie.ac-lille.fr\/sbssa\/wp-content\/uploads\/sites\/30\/2023\/02\/Academie_de_Lille.svg_-150x150.png 150w, https:\/\/pedagogie.ac-lille.fr\/sbssa\/wp-content\/uploads\/sites\/30\/2023\/02\/Academie_de_Lille.svg_-298x300.png 298w, https:\/\/pedagogie.ac-lille.fr\/sbssa\/wp-content\/uploads\/sites\/30\/2023\/02\/Academie_de_Lille.svg_-1017x1024.png 1017w, https:\/\/pedagogie.ac-lille.fr\/sbssa\/wp-content\/uploads\/sites\/30\/2023\/02\/Academie_de_Lille.svg_-768x773.png 768w, https:\/\/pedagogie.ac-lille.fr\/sbssa\/wp-content\/uploads\/sites\/30\/2023\/02\/Academie_de_Lille.svg_-510x510.png 510w, https:\/\/pedagogie.ac-lille.fr\/sbssa\/wp-content\/uploads\/sites\/30\/2023\/02\/Academie_de_Lille.svg_.png 1200w\" sizes=\"auto, (max-width: 150px) 100vw, 150px\" \/><\/a><figcaption class=\"wp-element-caption\"><a href=\"https:\/\/pedagogie.ac-lille.fr\/sbssa\/dossiers-transversaux\/transformation-de-la-voie-professionnelle-t-v-p\/accompagnement-renforce\/documents-academiques-ar\/?preview=true&amp;_thumbnail_id=9557\">Documents acad\u00e9miques<\/a><\/figcaption><\/figure>\n<\/div>\n\n\n\n<div class=\"wp-block-column is-layout-flow wp-block-column-is-layout-flow\">\n<figure class=\"wp-block-image size-thumbnail\"><a href=\"https:\/\/pedagogie.ac-lille.fr\/sbssa\/dossiers-transversaux\/transformation-de-la-voie-professionnelle-t-v-p\/accompagnement-renforce\/ressources-ar\/?preview=true&amp;_thumbnail_id=3312\"><img loading=\"lazy\" decoding=\"async\" width=\"150\" height=\"150\" src=\"https:\/\/pedagogie.ac-lille.fr\/sbssa\/wp-content\/uploads\/sites\/30\/2022\/05\/pixel-cells-g9c2803b40_1280-150x150.png\" alt=\"Ressources\" class=\"wp-image-3312\" srcset=\"https:\/\/pedagogie.ac-lille.fr\/sbssa\/wp-content\/uploads\/sites\/30\/2022\/05\/pixel-cells-g9c2803b40_1280-150x150.png 150w, https:\/\/pedagogie.ac-lille.fr\/sbssa\/wp-content\/uploads\/sites\/30\/2022\/05\/pixel-cells-g9c2803b40_1280-510x510.png 510w\" sizes=\"auto, (max-width: 150px) 100vw, 150px\" \/><\/a><figcaption class=\"wp-element-caption\"><a href=\"https:\/\/pedagogie.ac-lille.fr\/sbssa\/dossiers-transversaux\/transformation-de-la-voie-professionnelle-t-v-p\/accompagnement-renforce\/ressources-ar\/?preview=true&amp;_thumbnail_id=3312\">Ressources<\/a><\/figcaption><\/figure>\n<\/div>\n\n\n\n<div class=\"wp-block-column is-layout-flow wp-block-column-is-layout-flow\">\n<figure class=\"wp-block-image size-thumbnail\"><a href=\"https:\/\/eduscol.education.fr\/658\/l-accompagnement-personnalise-au-lycee-professionnel\" target=\"_blank\" rel=\"noreferrer noopener\"><img loading=\"lazy\" decoding=\"async\" width=\"150\" height=\"150\" src=\"https:\/\/pedagogie.ac-lille.fr\/sbssa\/wp-content\/uploads\/sites\/30\/2023\/02\/eduscol-logo-150x150.jpg\" alt=\"\" class=\"wp-image-9533\" srcset=\"https:\/\/pedagogie.ac-lille.fr\/sbssa\/wp-content\/uploads\/sites\/30\/2023\/02\/eduscol-logo-150x150.jpg 150w, https:\/\/pedagogie.ac-lille.fr\/sbssa\/wp-content\/uploads\/sites\/30\/2023\/02\/eduscol-logo-300x300.jpg 300w, https:\/\/pedagogie.ac-lille.fr\/sbssa\/wp-content\/uploads\/sites\/30\/2023\/02\/eduscol-logo.jpg 467w\" sizes=\"auto, (max-width: 150px) 100vw, 150px\" \/><\/a><figcaption class=\"wp-element-caption\"><a href=\"https:\/\/eduscol.education.fr\/658\/l-accompagnement-personnalise-au-lycee-professionnel\" target=\"_blank\" rel=\"noreferrer noopener\">Page d\u00e9di\u00e9e du site \u00c9duscol<\/a><\/figcaption><\/figure>\n<\/div>\n<\/div>\n\n\n<p>L\u2019accompagnement personnalis\u00e9 vise \u00e0 construire un parcours individualis\u00e9 en voie professionnelle qui r\u00e9ponde le mieux aux besoins et aspirations des \u00e9l\u00e8ves. Il est inscrit dans l\u2019emploi du temps des \u00e9l\u00e8ves et r\u00e9pond \u00e0 diff\u00e9rents objectifs :<\/p>\n<ul>\n<li><strong>consolider les comp\u00e9tences<\/strong>&nbsp;des \u00e9l\u00e8ves dans les disciplines d&rsquo;enseignement g\u00e9n\u00e9ral particuli\u00e8rement en fran\u00e7ais et en math\u00e9matiques, en fonction des besoins des \u00e9l\u00e8ves d\u00e9termin\u00e9s \u00e0 l&rsquo;issue des tests de positionnement de d\u00e9but de seconde professionnelle et de premi\u00e8re ann\u00e9e de CAP&nbsp;;<\/li>\n<li><strong>offrir une aide m\u00e9thodologique<\/strong>, comme apprendre \u00e0 prendre des notes et s\u2019entra\u00eener \u00e0 des recherches documentaires, notamment lorsque l&rsquo;\u00e9l\u00e8ve envisage de poursuivre ses \u00e9tudes dans l&rsquo;enseignement sup\u00e9rieur&nbsp; ;<\/li>\n<li><strong>pr\u00e9parer l&rsquo;orientation<\/strong> tout au long du cycle, en approfondissant un champ disciplinaire (math\u00e9matiques par exemple), en entra\u00eenant les \u00e9l\u00e8ves aux examens et aux concours et en les aidant \u00e0 conforter leur projet professionnel.<\/li>\n<\/ul>\n<p><a href=\"https:\/\/pedagogie.ac-lille.fr\/sbssa\/wp-content\/uploads\/sites\/30\/2023\/06\/AR.png\"><img loading=\"lazy\" decoding=\"async\" class=\"wp-image-11294 aligncenter\" src=\"https:\/\/pedagogie.ac-lille.fr\/sbssa\/wp-content\/uploads\/sites\/30\/2023\/06\/AR-300x123.png\" alt=\"\" width=\"684\" height=\"280\" srcset=\"https:\/\/pedagogie.ac-lille.fr\/sbssa\/wp-content\/uploads\/sites\/30\/2023\/06\/AR-300x123.png 300w, https:\/\/pedagogie.ac-lille.fr\/sbssa\/wp-content\/uploads\/sites\/30\/2023\/06\/AR-768x315.png 768w, https:\/\/pedagogie.ac-lille.fr\/sbssa\/wp-content\/uploads\/sites\/30\/2023\/06\/AR.png 870w\" sizes=\"auto, (max-width: 684px) 100vw, 684px\" \/><\/a><\/p>\n<p><em>Source : \u00c9duscol<\/em><\/p>\n\n\n<h2 class=\"wp-block-heading\"><mark style=\"background-color:#0693e3\" class=\"has-inline-color has-white-color\">DERNIERS ARTICLES PUBLI\u00c9S<\/mark><\/h2>\n\n\n<ul class=\"wp-block-latest-posts__list has-dates wp-block-latest-posts\"><li><div class=\"wp-block-latest-posts__featured-image alignleft\"><a href=\"https:\/\/pedagogie.ac-lille.fr\/sbssa\/brochure-lycee-professionnel-se-former-aux-metiers-de-demain-novembre-2022\/\" aria-label=\"Brochure \u00ab\u00a0Lyc\u00e9e professionnel\u00a0: se former aux m\u00e9tiers de demain\u00a0\u00bb &#8211; Novembre 2022\"><img loading=\"lazy\" decoding=\"async\" width=\"147\" height=\"208\" src=\"https:\/\/pedagogie.ac-lille.fr\/sbssa\/wp-content\/uploads\/sites\/30\/2023\/06\/Brochure-couv_lycpro_se-former-aux-metiers-de-demain.png\" class=\"attachment-medium size-medium no-lazy wp-post-image\" alt=\"\" style=\"max-width:150px;max-height:150px;\" \/><\/a><\/div><a class=\"wp-block-latest-posts__post-title\" href=\"https:\/\/pedagogie.ac-lille.fr\/sbssa\/brochure-lycee-professionnel-se-former-aux-metiers-de-demain-novembre-2022\/\">Brochure \u00ab\u00a0Lyc\u00e9e professionnel\u00a0: se former aux m\u00e9tiers de demain\u00a0\u00bb &#8211; Novembre 2022<\/a><time datetime=\"2022-11-30T12:12:00+01:00\" class=\"wp-block-latest-posts__post-date\">30 novembre 2022<\/time><\/li>\n<li><div class=\"wp-block-latest-posts__featured-image alignleft\"><a href=\"https:\/\/pedagogie.ac-lille.fr\/sbssa\/fiche-orientation-des-eleves-au-college-et-au-lycee-professionnel-decembre-2020\/\" aria-label=\"Fiche \u00ab Orientation des \u00e9l\u00e8ves au coll\u00e8ge et au lyc\u00e9e professionnel \u00bb\u00a0&#8211; D\u00e9cembre 2020\"><img loading=\"lazy\" decoding=\"async\" width=\"300\" height=\"300\" src=\"https:\/\/pedagogie.ac-lille.fr\/sbssa\/wp-content\/uploads\/sites\/30\/2021\/03\/Orientation-1-300x300.jpeg\" class=\"attachment-medium size-medium no-lazy wp-post-image\" alt=\"Orientation\" style=\"max-width:150px;max-height:150px;\" srcset=\"https:\/\/pedagogie.ac-lille.fr\/sbssa\/wp-content\/uploads\/sites\/30\/2021\/03\/Orientation-1-300x300.jpeg 300w, https:\/\/pedagogie.ac-lille.fr\/sbssa\/wp-content\/uploads\/sites\/30\/2021\/03\/Orientation-1-150x150.jpeg 150w, https:\/\/pedagogie.ac-lille.fr\/sbssa\/wp-content\/uploads\/sites\/30\/2021\/03\/Orientation-1-510x510.jpeg 510w, https:\/\/pedagogie.ac-lille.fr\/sbssa\/wp-content\/uploads\/sites\/30\/2021\/03\/Orientation-1.jpeg 768w\" sizes=\"auto, (max-width: 300px) 100vw, 300px\" \/><\/a><\/div><a class=\"wp-block-latest-posts__post-title\" href=\"https:\/\/pedagogie.ac-lille.fr\/sbssa\/fiche-orientation-des-eleves-au-college-et-au-lycee-professionnel-decembre-2020\/\">Fiche \u00ab Orientation des \u00e9l\u00e8ves au coll\u00e8ge et au lyc\u00e9e professionnel \u00bb\u00a0&#8211; D\u00e9cembre 2020<\/a><time datetime=\"2020-12-31T11:17:00+01:00\" class=\"wp-block-latest-posts__post-date\">31 d\u00e9cembre 2020<\/time><\/li>\n<li><div class=\"wp-block-latest-posts__featured-image alignleft\"><a href=\"https:\/\/pedagogie.ac-lille.fr\/sbssa\/vademecum-daccompagnement-a-lorientation-en-lycee-professionnel-10-2020\/\" aria-label=\"Vade-mecum Accompagnement \u00e0 l&rsquo;orientation en Lyc\u00e9e Professionnel &#8211; Octobre 2020\"><img loading=\"lazy\" decoding=\"async\" width=\"217\" height=\"300\" src=\"https:\/\/pedagogie.ac-lille.fr\/sbssa\/wp-content\/uploads\/sites\/30\/2023\/02\/vademecum-orientation-LP-2020-217x300.png\" class=\"attachment-medium size-medium no-lazy wp-post-image\" alt=\"\" style=\"max-width:150px;max-height:150px;\" srcset=\"https:\/\/pedagogie.ac-lille.fr\/sbssa\/wp-content\/uploads\/sites\/30\/2023\/02\/vademecum-orientation-LP-2020-217x300.png 217w, https:\/\/pedagogie.ac-lille.fr\/sbssa\/wp-content\/uploads\/sites\/30\/2023\/02\/vademecum-orientation-LP-2020.png 389w\" sizes=\"auto, (max-width: 217px) 100vw, 217px\" \/><\/a><\/div><a class=\"wp-block-latest-posts__post-title\" href=\"https:\/\/pedagogie.ac-lille.fr\/sbssa\/vademecum-daccompagnement-a-lorientation-en-lycee-professionnel-10-2020\/\">Vade-mecum Accompagnement \u00e0 l&rsquo;orientation en Lyc\u00e9e Professionnel &#8211; Octobre 2020<\/a><time datetime=\"2020-10-30T10:22:00+01:00\" class=\"wp-block-latest-posts__post-date\">30 octobre 2020<\/time><\/li>\n<li><div class=\"wp-block-latest-posts__featured-image alignleft\"><a href=\"https:\/\/pedagogie.ac-lille.fr\/sbssa\/infographie-voie-pro-partez-vous-former-a-letranger-aout-2019\/\" aria-label=\"Infographie \u00ab Voie pro, partez vous former \u00e0 l&rsquo;\u00e9tranger\u00a0! \u00bb &#8211; Ao\u00fbt 2019\"><img loading=\"lazy\" decoding=\"async\" width=\"300\" height=\"204\" src=\"https:\/\/pedagogie.ac-lille.fr\/sbssa\/wp-content\/uploads\/sites\/30\/2023\/06\/connection-g3518bb621_1280-300x204.jpg\" class=\"attachment-medium size-medium no-lazy wp-post-image\" alt=\"\" style=\"max-width:150px;max-height:150px;\" srcset=\"https:\/\/pedagogie.ac-lille.fr\/sbssa\/wp-content\/uploads\/sites\/30\/2023\/06\/connection-g3518bb621_1280-300x204.jpg 300w, https:\/\/pedagogie.ac-lille.fr\/sbssa\/wp-content\/uploads\/sites\/30\/2023\/06\/connection-g3518bb621_1280-1024x698.jpg 1024w, https:\/\/pedagogie.ac-lille.fr\/sbssa\/wp-content\/uploads\/sites\/30\/2023\/06\/connection-g3518bb621_1280-768x523.jpg 768w, https:\/\/pedagogie.ac-lille.fr\/sbssa\/wp-content\/uploads\/sites\/30\/2023\/06\/connection-g3518bb621_1280.jpg 1280w\" sizes=\"auto, (max-width: 300px) 100vw, 300px\" \/><\/a><\/div><a class=\"wp-block-latest-posts__post-title\" href=\"https:\/\/pedagogie.ac-lille.fr\/sbssa\/infographie-voie-pro-partez-vous-former-a-letranger-aout-2019\/\">Infographie \u00ab Voie pro, partez vous former \u00e0 l&rsquo;\u00e9tranger\u00a0! \u00bb &#8211; Ao\u00fbt 2019<\/a><time datetime=\"2019-08-31T11:26:00+02:00\" class=\"wp-block-latest-posts__post-date\">31 ao\u00fbt 2019<\/time><\/li>\n<li><div class=\"wp-block-latest-posts__featured-image alignleft\"><a href=\"https:\/\/pedagogie.ac-lille.fr\/sbssa\/vade-mecum-les-mobilites-internationales-et-europeennes-juin-2019\/\" aria-label=\"Vade-mecum Les mobilit\u00e9s internationales et europ\u00e9ennes &#8211; Juin 2019\"><img loading=\"lazy\" decoding=\"async\" width=\"300\" height=\"228\" src=\"https:\/\/pedagogie.ac-lille.fr\/sbssa\/wp-content\/uploads\/sites\/30\/2019\/06\/vademecum_mobilites_2019-09-28_09-32-55_770-300x228.jpg\" class=\"attachment-medium size-medium no-lazy wp-post-image\" alt=\"\" style=\"max-width:150px;max-height:150px;\" srcset=\"https:\/\/pedagogie.ac-lille.fr\/sbssa\/wp-content\/uploads\/sites\/30\/2019\/06\/vademecum_mobilites_2019-09-28_09-32-55_770-300x228.jpg 300w, https:\/\/pedagogie.ac-lille.fr\/sbssa\/wp-content\/uploads\/sites\/30\/2019\/06\/vademecum_mobilites_2019-09-28_09-32-55_770.jpg 406w\" sizes=\"auto, (max-width: 300px) 100vw, 300px\" \/><\/a><\/div><a class=\"wp-block-latest-posts__post-title\" href=\"https:\/\/pedagogie.ac-lille.fr\/sbssa\/vade-mecum-les-mobilites-internationales-et-europeennes-juin-2019\/\">Vade-mecum Les mobilit\u00e9s internationales et europ\u00e9ennes &#8211; Juin 2019<\/a><time datetime=\"2019-06-30T11:01:00+02:00\" class=\"wp-block-latest-posts__post-date\">30 juin 2019<\/time><\/li>\n<li><div class=\"wp-block-latest-posts__featured-image alignleft\"><a href=\"https:\/\/pedagogie.ac-lille.fr\/sbssa\/vade-mecum-module-de-preparation-a-linsertion-professionnelle\/\" aria-label=\"Vade-mecum Module de pr\u00e9paration \u00e0 l\u2019insertion professionnelle &#8211; Juin 2019\"><img loading=\"lazy\" decoding=\"async\" width=\"225\" height=\"300\" src=\"https:\/\/pedagogie.ac-lille.fr\/sbssa\/wp-content\/uploads\/sites\/30\/2023\/06\/Vade-mecum-Module-a\u0300-linsertion-professionnelle-225x300.jpg\" class=\"attachment-medium size-medium no-lazy wp-post-image\" alt=\"\" style=\"max-width:150px;max-height:150px;\" srcset=\"https:\/\/pedagogie.ac-lille.fr\/sbssa\/wp-content\/uploads\/sites\/30\/2023\/06\/Vade-mecum-Module-a\u0300-linsertion-professionnelle-225x300.jpg 225w, https:\/\/pedagogie.ac-lille.fr\/sbssa\/wp-content\/uploads\/sites\/30\/2023\/06\/Vade-mecum-Module-a\u0300-linsertion-professionnelle.jpg 362w\" sizes=\"auto, (max-width: 225px) 100vw, 225px\" \/><\/a><\/div><a class=\"wp-block-latest-posts__post-title\" href=\"https:\/\/pedagogie.ac-lille.fr\/sbssa\/vade-mecum-module-de-preparation-a-linsertion-professionnelle\/\">Vade-mecum Module de pr\u00e9paration \u00e0 l\u2019insertion professionnelle &#8211; Juin 2019<\/a><time datetime=\"2019-06-30T10:47:00+02:00\" class=\"wp-block-latest-posts__post-date\">30 juin 2019<\/time><\/li>\n<li><div class=\"wp-block-latest-posts__featured-image alignleft\"><a href=\"https:\/\/pedagogie.ac-lille.fr\/sbssa\/vade-mecum-preparation-a-la-poursuite-detudes\/\" aria-label=\"Vade-mecum Pr\u00e9paration \u00e0 la poursuite d&rsquo;\u00e9tudes &#8211; Juin 2019\"><img loading=\"lazy\" decoding=\"async\" width=\"229\" height=\"300\" src=\"https:\/\/pedagogie.ac-lille.fr\/sbssa\/wp-content\/uploads\/sites\/30\/2019\/06\/2021-09-22_14_46_33-vade-mecum_poursuite_etudes.pdf_-_adobe_acrobat_reader_dc_32-bit_-133e4-229x300.jpg\" class=\"attachment-medium size-medium no-lazy wp-post-image\" alt=\"\" style=\"max-width:150px;max-height:150px;\" srcset=\"https:\/\/pedagogie.ac-lille.fr\/sbssa\/wp-content\/uploads\/sites\/30\/2019\/06\/2021-09-22_14_46_33-vade-mecum_poursuite_etudes.pdf_-_adobe_acrobat_reader_dc_32-bit_-133e4-229x300.jpg 229w, https:\/\/pedagogie.ac-lille.fr\/sbssa\/wp-content\/uploads\/sites\/30\/2019\/06\/2021-09-22_14_46_33-vade-mecum_poursuite_etudes.pdf_-_adobe_acrobat_reader_dc_32-bit_-133e4.jpg 360w\" sizes=\"auto, (max-width: 229px) 100vw, 229px\" \/><\/a><\/div><a class=\"wp-block-latest-posts__post-title\" href=\"https:\/\/pedagogie.ac-lille.fr\/sbssa\/vade-mecum-preparation-a-la-poursuite-detudes\/\">Vade-mecum Pr\u00e9paration \u00e0 la poursuite d&rsquo;\u00e9tudes &#8211; Juin 2019<\/a><time datetime=\"2019-06-30T10:34:00+02:00\" class=\"wp-block-latest-posts__post-date\">30 juin 2019<\/time><\/li>\n<li><div class=\"wp-block-latest-posts__featured-image alignleft\"><a href=\"https:\/\/pedagogie.ac-lille.fr\/sbssa\/vade-mecum-consolidation-des-acquis-et-accompagnement-personnalise-fevrier-2019\/\" aria-label=\"Vade-mecum Consolidation des acquis et accompagnement personnalis\u00e9 &#8211; F\u00e9vrier 2019\"><img loading=\"lazy\" decoding=\"async\" width=\"200\" height=\"200\" src=\"https:\/\/pedagogie.ac-lille.fr\/sbssa\/wp-content\/uploads\/sites\/30\/2019\/02\/Vade-mecum-Consolidation-des-acquis-et-AP.jpg\" class=\"attachment-medium size-medium no-lazy wp-post-image\" alt=\"\" style=\"max-width:150px;max-height:150px;\" srcset=\"https:\/\/pedagogie.ac-lille.fr\/sbssa\/wp-content\/uploads\/sites\/30\/2019\/02\/Vade-mecum-Consolidation-des-acquis-et-AP.jpg 200w, https:\/\/pedagogie.ac-lille.fr\/sbssa\/wp-content\/uploads\/sites\/30\/2019\/02\/Vade-mecum-Consolidation-des-acquis-et-AP-150x150.jpg 150w\" sizes=\"auto, (max-width: 200px) 100vw, 200px\" \/><\/a><\/div><a class=\"wp-block-latest-posts__post-title\" href=\"https:\/\/pedagogie.ac-lille.fr\/sbssa\/vade-mecum-consolidation-des-acquis-et-accompagnement-personnalise-fevrier-2019\/\">Vade-mecum Consolidation des acquis et accompagnement personnalis\u00e9 &#8211; F\u00e9vrier 2019<\/a><time datetime=\"2019-02-28T12:07:00+01:00\" class=\"wp-block-latest-posts__post-date\">28 f\u00e9vrier 2019<\/time><\/li>\n<\/ul>","protected":false},"excerpt":{"rendered":"<p>L\u2019accompagnement personnalis\u00e9 vise \u00e0 construire un parcours individualis\u00e9 en voie professionnelle qui r\u00e9ponde le mieux aux besoins et aspirations des \u00e9l\u00e8ves. Il est inscrit dans l\u2019emploi du temps des \u00e9l\u00e8ves [&hellip;]<\/p>\n","protected":false},"author":48,"featured_media":0,"parent":700,"menu_order":0,"comment_status":"closed","ping_status":"closed","template":"","meta":{"ngg_post_thumbnail":0,"footnotes":""},"class_list":["post-11162","page","type-page","status-publish","czr-hentry"],"publishpress_future_action":{"enabled":false,"date":"2026-04-11 11:52:28","action":"change-status","newStatus":"draft","terms":[],"taxonomy":"","extraData":[]},"publishpress_future_workflow_manual_trigger":{"enabledWorkflows":[]},"_links":{"self":[{"href":"https:\/\/pedagogie.ac-lille.fr\/sbssa\/wp-json\/wp\/v2\/pages\/11162","targetHints":{"allow":["GET"]}}],"collection":[{"href":"https:\/\/pedagogie.ac-lille.fr\/sbssa\/wp-json\/wp\/v2\/pages"}],"about":[{"href":"https:\/\/pedagogie.ac-lille.fr\/sbssa\/wp-json\/wp\/v2\/types\/page"}],"author":[{"embeddable":true,"href":"https:\/\/pedagogie.ac-lille.fr\/sbssa\/wp-json\/wp\/v2\/users\/48"}],"replies":[{"embeddable":true,"href":"https:\/\/pedagogie.ac-lille.fr\/sbssa\/wp-json\/wp\/v2\/comments?post=11162"}],"version-history":[{"count":14,"href":"https:\/\/pedagogie.ac-lille.fr\/sbssa\/wp-json\/wp\/v2\/pages\/11162\/revisions"}],"predecessor-version":[{"id":11300,"href":"https:\/\/pedagogie.ac-lille.fr\/sbssa\/wp-json\/wp\/v2\/pages\/11162\/revisions\/11300"}],"up":[{"embeddable":true,"href":"https:\/\/pedagogie.ac-lille.fr\/sbssa\/wp-json\/wp\/v2\/pages\/700"}],"wp:attachment":[{"href":"https:\/\/pedagogie.ac-lille.fr\/sbssa\/wp-json\/wp\/v2\/media?parent=11162"}],"curies":[{"name":"wp","href":"https:\/\/api.w.org\/{rel}","templated":true}]}}