{"id":11233,"date":"2023-06-06T11:39:49","date_gmt":"2023-06-06T09:39:49","guid":{"rendered":"https:\/\/pedagogie.ac-lille.fr\/sbssa\/?page_id=11233"},"modified":"2023-06-06T11:55:38","modified_gmt":"2023-06-06T09:55:38","slug":"ressources-ar","status":"publish","type":"page","link":"https:\/\/pedagogie.ac-lille.fr\/sbssa\/dossiers-transversaux\/transformation-de-la-voie-professionnelle-t-v-p\/accompagnement-renforce\/ressources-ar\/","title":{"rendered":"Ressources &#8211; AR"},"content":{"rendered":"<ul class=\"wp-block-latest-posts__list has-dates wp-block-latest-posts\"><li><div class=\"wp-block-latest-posts__featured-image alignleft\"><a href=\"https:\/\/pedagogie.ac-lille.fr\/sbssa\/brochure-lycee-professionnel-se-former-aux-metiers-de-demain-novembre-2022\/\" aria-label=\"Brochure \u00ab\u00a0Lyc\u00e9e professionnel\u00a0: se former aux m\u00e9tiers de demain\u00a0\u00bb &#8211; Novembre 2022\"><img loading=\"lazy\" decoding=\"async\" width=\"147\" height=\"208\" src=\"https:\/\/pedagogie.ac-lille.fr\/sbssa\/wp-content\/uploads\/sites\/30\/2023\/06\/Brochure-couv_lycpro_se-former-aux-metiers-de-demain.png\" class=\"attachment-medium size-medium no-lazy wp-post-image\" alt=\"\" style=\"max-width:150px;max-height:150px;\" \/><\/a><\/div><a class=\"wp-block-latest-posts__post-title\" href=\"https:\/\/pedagogie.ac-lille.fr\/sbssa\/brochure-lycee-professionnel-se-former-aux-metiers-de-demain-novembre-2022\/\">Brochure \u00ab\u00a0Lyc\u00e9e professionnel\u00a0: se former aux m\u00e9tiers de demain\u00a0\u00bb &#8211; Novembre 2022<\/a><time datetime=\"2022-11-30T12:12:00+01:00\" class=\"wp-block-latest-posts__post-date\">30 novembre 2022<\/time><\/li>\n<li><div class=\"wp-block-latest-posts__featured-image alignleft\"><a href=\"https:\/\/pedagogie.ac-lille.fr\/sbssa\/fiche-orientation-des-eleves-au-college-et-au-lycee-professionnel-decembre-2020\/\" aria-label=\"Fiche \u00ab Orientation des \u00e9l\u00e8ves au coll\u00e8ge et au lyc\u00e9e professionnel \u00bb\u00a0&#8211; D\u00e9cembre 2020\"><img loading=\"lazy\" decoding=\"async\" width=\"300\" height=\"300\" src=\"https:\/\/pedagogie.ac-lille.fr\/sbssa\/wp-content\/uploads\/sites\/30\/2021\/03\/Orientation-1-300x300.jpeg\" class=\"attachment-medium size-medium no-lazy wp-post-image\" alt=\"Orientation\" style=\"max-width:150px;max-height:150px;\" srcset=\"https:\/\/pedagogie.ac-lille.fr\/sbssa\/wp-content\/uploads\/sites\/30\/2021\/03\/Orientation-1-300x300.jpeg 300w, https:\/\/pedagogie.ac-lille.fr\/sbssa\/wp-content\/uploads\/sites\/30\/2021\/03\/Orientation-1-150x150.jpeg 150w, https:\/\/pedagogie.ac-lille.fr\/sbssa\/wp-content\/uploads\/sites\/30\/2021\/03\/Orientation-1-510x510.jpeg 510w, https:\/\/pedagogie.ac-lille.fr\/sbssa\/wp-content\/uploads\/sites\/30\/2021\/03\/Orientation-1.jpeg 768w\" sizes=\"auto, (max-width: 300px) 100vw, 300px\" \/><\/a><\/div><a class=\"wp-block-latest-posts__post-title\" href=\"https:\/\/pedagogie.ac-lille.fr\/sbssa\/fiche-orientation-des-eleves-au-college-et-au-lycee-professionnel-decembre-2020\/\">Fiche \u00ab Orientation des \u00e9l\u00e8ves au coll\u00e8ge et au lyc\u00e9e professionnel \u00bb\u00a0&#8211; D\u00e9cembre 2020<\/a><time datetime=\"2020-12-31T11:17:00+01:00\" class=\"wp-block-latest-posts__post-date\">31 d\u00e9cembre 2020<\/time><\/li>\n<li><div class=\"wp-block-latest-posts__featured-image alignleft\"><a href=\"https:\/\/pedagogie.ac-lille.fr\/sbssa\/vademecum-daccompagnement-a-lorientation-en-lycee-professionnel-10-2020\/\" aria-label=\"Vade-mecum Accompagnement \u00e0 l&rsquo;orientation en Lyc\u00e9e Professionnel &#8211; Octobre 2020\"><img loading=\"lazy\" decoding=\"async\" width=\"217\" height=\"300\" src=\"https:\/\/pedagogie.ac-lille.fr\/sbssa\/wp-content\/uploads\/sites\/30\/2023\/02\/vademecum-orientation-LP-2020-217x300.png\" class=\"attachment-medium size-medium no-lazy wp-post-image\" alt=\"\" style=\"max-width:150px;max-height:150px;\" srcset=\"https:\/\/pedagogie.ac-lille.fr\/sbssa\/wp-content\/uploads\/sites\/30\/2023\/02\/vademecum-orientation-LP-2020-217x300.png 217w, https:\/\/pedagogie.ac-lille.fr\/sbssa\/wp-content\/uploads\/sites\/30\/2023\/02\/vademecum-orientation-LP-2020.png 389w\" sizes=\"auto, (max-width: 217px) 100vw, 217px\" \/><\/a><\/div><a class=\"wp-block-latest-posts__post-title\" href=\"https:\/\/pedagogie.ac-lille.fr\/sbssa\/vademecum-daccompagnement-a-lorientation-en-lycee-professionnel-10-2020\/\">Vade-mecum Accompagnement \u00e0 l&rsquo;orientation en Lyc\u00e9e Professionnel &#8211; Octobre 2020<\/a><time datetime=\"2020-10-30T10:22:00+01:00\" class=\"wp-block-latest-posts__post-date\">30 octobre 2020<\/time><\/li>\n<li><div class=\"wp-block-latest-posts__featured-image alignleft\"><a href=\"https:\/\/pedagogie.ac-lille.fr\/sbssa\/infographie-voie-pro-partez-vous-former-a-letranger-aout-2019\/\" aria-label=\"Infographie \u00ab Voie pro, partez vous former \u00e0 l&rsquo;\u00e9tranger\u00a0! \u00bb &#8211; Ao\u00fbt 2019\"><img loading=\"lazy\" decoding=\"async\" width=\"300\" height=\"204\" src=\"https:\/\/pedagogie.ac-lille.fr\/sbssa\/wp-content\/uploads\/sites\/30\/2023\/06\/connection-g3518bb621_1280-300x204.jpg\" class=\"attachment-medium size-medium no-lazy wp-post-image\" alt=\"\" style=\"max-width:150px;max-height:150px;\" srcset=\"https:\/\/pedagogie.ac-lille.fr\/sbssa\/wp-content\/uploads\/sites\/30\/2023\/06\/connection-g3518bb621_1280-300x204.jpg 300w, https:\/\/pedagogie.ac-lille.fr\/sbssa\/wp-content\/uploads\/sites\/30\/2023\/06\/connection-g3518bb621_1280-1024x698.jpg 1024w, https:\/\/pedagogie.ac-lille.fr\/sbssa\/wp-content\/uploads\/sites\/30\/2023\/06\/connection-g3518bb621_1280-768x523.jpg 768w, https:\/\/pedagogie.ac-lille.fr\/sbssa\/wp-content\/uploads\/sites\/30\/2023\/06\/connection-g3518bb621_1280.jpg 1280w\" sizes=\"auto, (max-width: 300px) 100vw, 300px\" \/><\/a><\/div><a class=\"wp-block-latest-posts__post-title\" href=\"https:\/\/pedagogie.ac-lille.fr\/sbssa\/infographie-voie-pro-partez-vous-former-a-letranger-aout-2019\/\">Infographie \u00ab Voie pro, partez vous former \u00e0 l&rsquo;\u00e9tranger\u00a0! \u00bb &#8211; Ao\u00fbt 2019<\/a><time datetime=\"2019-08-31T11:26:00+02:00\" class=\"wp-block-latest-posts__post-date\">31 ao\u00fbt 2019<\/time><\/li>\n<li><div class=\"wp-block-latest-posts__featured-image alignleft\"><a href=\"https:\/\/pedagogie.ac-lille.fr\/sbssa\/vade-mecum-les-mobilites-internationales-et-europeennes-juin-2019\/\" aria-label=\"Vade-mecum Les mobilit\u00e9s internationales et europ\u00e9ennes &#8211; Juin 2019\"><img loading=\"lazy\" decoding=\"async\" width=\"300\" height=\"228\" src=\"https:\/\/pedagogie.ac-lille.fr\/sbssa\/wp-content\/uploads\/sites\/30\/2019\/06\/vademecum_mobilites_2019-09-28_09-32-55_770-300x228.jpg\" class=\"attachment-medium size-medium no-lazy wp-post-image\" alt=\"\" style=\"max-width:150px;max-height:150px;\" srcset=\"https:\/\/pedagogie.ac-lille.fr\/sbssa\/wp-content\/uploads\/sites\/30\/2019\/06\/vademecum_mobilites_2019-09-28_09-32-55_770-300x228.jpg 300w, https:\/\/pedagogie.ac-lille.fr\/sbssa\/wp-content\/uploads\/sites\/30\/2019\/06\/vademecum_mobilites_2019-09-28_09-32-55_770.jpg 406w\" sizes=\"auto, (max-width: 300px) 100vw, 300px\" \/><\/a><\/div><a class=\"wp-block-latest-posts__post-title\" href=\"https:\/\/pedagogie.ac-lille.fr\/sbssa\/vade-mecum-les-mobilites-internationales-et-europeennes-juin-2019\/\">Vade-mecum Les mobilit\u00e9s internationales et europ\u00e9ennes &#8211; Juin 2019<\/a><time datetime=\"2019-06-30T11:01:00+02:00\" class=\"wp-block-latest-posts__post-date\">30 juin 2019<\/time><\/li>\n<li><div class=\"wp-block-latest-posts__featured-image alignleft\"><a href=\"https:\/\/pedagogie.ac-lille.fr\/sbssa\/vade-mecum-module-de-preparation-a-linsertion-professionnelle\/\" aria-label=\"Vade-mecum Module de pr\u00e9paration \u00e0 l\u2019insertion professionnelle &#8211; Juin 2019\"><img loading=\"lazy\" decoding=\"async\" width=\"225\" height=\"300\" src=\"https:\/\/pedagogie.ac-lille.fr\/sbssa\/wp-content\/uploads\/sites\/30\/2023\/06\/Vade-mecum-Module-a\u0300-linsertion-professionnelle-225x300.jpg\" class=\"attachment-medium size-medium no-lazy wp-post-image\" alt=\"\" style=\"max-width:150px;max-height:150px;\" srcset=\"https:\/\/pedagogie.ac-lille.fr\/sbssa\/wp-content\/uploads\/sites\/30\/2023\/06\/Vade-mecum-Module-a\u0300-linsertion-professionnelle-225x300.jpg 225w, https:\/\/pedagogie.ac-lille.fr\/sbssa\/wp-content\/uploads\/sites\/30\/2023\/06\/Vade-mecum-Module-a\u0300-linsertion-professionnelle.jpg 362w\" sizes=\"auto, (max-width: 225px) 100vw, 225px\" \/><\/a><\/div><a class=\"wp-block-latest-posts__post-title\" href=\"https:\/\/pedagogie.ac-lille.fr\/sbssa\/vade-mecum-module-de-preparation-a-linsertion-professionnelle\/\">Vade-mecum Module de pr\u00e9paration \u00e0 l\u2019insertion professionnelle &#8211; Juin 2019<\/a><time datetime=\"2019-06-30T10:47:00+02:00\" class=\"wp-block-latest-posts__post-date\">30 juin 2019<\/time><\/li>\n<li><div class=\"wp-block-latest-posts__featured-image alignleft\"><a href=\"https:\/\/pedagogie.ac-lille.fr\/sbssa\/vade-mecum-preparation-a-la-poursuite-detudes\/\" aria-label=\"Vade-mecum Pr\u00e9paration \u00e0 la poursuite d&rsquo;\u00e9tudes &#8211; Juin 2019\"><img loading=\"lazy\" decoding=\"async\" width=\"229\" height=\"300\" src=\"https:\/\/pedagogie.ac-lille.fr\/sbssa\/wp-content\/uploads\/sites\/30\/2019\/06\/2021-09-22_14_46_33-vade-mecum_poursuite_etudes.pdf_-_adobe_acrobat_reader_dc_32-bit_-133e4-229x300.jpg\" class=\"attachment-medium size-medium no-lazy wp-post-image\" alt=\"\" style=\"max-width:150px;max-height:150px;\" srcset=\"https:\/\/pedagogie.ac-lille.fr\/sbssa\/wp-content\/uploads\/sites\/30\/2019\/06\/2021-09-22_14_46_33-vade-mecum_poursuite_etudes.pdf_-_adobe_acrobat_reader_dc_32-bit_-133e4-229x300.jpg 229w, https:\/\/pedagogie.ac-lille.fr\/sbssa\/wp-content\/uploads\/sites\/30\/2019\/06\/2021-09-22_14_46_33-vade-mecum_poursuite_etudes.pdf_-_adobe_acrobat_reader_dc_32-bit_-133e4.jpg 360w\" sizes=\"auto, (max-width: 229px) 100vw, 229px\" \/><\/a><\/div><a class=\"wp-block-latest-posts__post-title\" href=\"https:\/\/pedagogie.ac-lille.fr\/sbssa\/vade-mecum-preparation-a-la-poursuite-detudes\/\">Vade-mecum Pr\u00e9paration \u00e0 la poursuite d&rsquo;\u00e9tudes &#8211; Juin 2019<\/a><time datetime=\"2019-06-30T10:34:00+02:00\" class=\"wp-block-latest-posts__post-date\">30 juin 2019<\/time><\/li>\n<\/ul>","protected":false},"excerpt":{"rendered":"","protected":false},"author":48,"featured_media":3312,"parent":11162,"menu_order":0,"comment_status":"closed","ping_status":"closed","template":"","meta":{"ngg_post_thumbnail":0,"footnotes":""},"class_list":["post-11233","page","type-page","status-publish","has-post-thumbnail","czr-hentry"],"publishpress_future_action":{"enabled":false,"date":"2026-04-20 18:13:04","action":"change-status","newStatus":"draft","terms":[],"taxonomy":"","extraData":[]},"publishpress_future_workflow_manual_trigger":{"enabledWorkflows":[]},"_links":{"self":[{"href":"https:\/\/pedagogie.ac-lille.fr\/sbssa\/wp-json\/wp\/v2\/pages\/11233","targetHints":{"allow":["GET"]}}],"collection":[{"href":"https:\/\/pedagogie.ac-lille.fr\/sbssa\/wp-json\/wp\/v2\/pages"}],"about":[{"href":"https:\/\/pedagogie.ac-lille.fr\/sbssa\/wp-json\/wp\/v2\/types\/page"}],"author":[{"embeddable":true,"href":"https:\/\/pedagogie.ac-lille.fr\/sbssa\/wp-json\/wp\/v2\/users\/48"}],"replies":[{"embeddable":true,"href":"https:\/\/pedagogie.ac-lille.fr\/sbssa\/wp-json\/wp\/v2\/comments?post=11233"}],"version-history":[{"count":2,"href":"https:\/\/pedagogie.ac-lille.fr\/sbssa\/wp-json\/wp\/v2\/pages\/11233\/revisions"}],"predecessor-version":[{"id":11240,"href":"https:\/\/pedagogie.ac-lille.fr\/sbssa\/wp-json\/wp\/v2\/pages\/11233\/revisions\/11240"}],"up":[{"embeddable":true,"href":"https:\/\/pedagogie.ac-lille.fr\/sbssa\/wp-json\/wp\/v2\/pages\/11162"}],"wp:featuredmedia":[{"embeddable":true,"href":"https:\/\/pedagogie.ac-lille.fr\/sbssa\/wp-json\/wp\/v2\/media\/3312"}],"wp:attachment":[{"href":"https:\/\/pedagogie.ac-lille.fr\/sbssa\/wp-json\/wp\/v2\/media?parent=11233"}],"curies":[{"name":"wp","href":"https:\/\/api.w.org\/{rel}","templated":true}]}}