{"id":12025,"date":"2023-11-17T09:55:12","date_gmt":"2023-11-17T08:55:12","guid":{"rendered":"https:\/\/pedagogie.ac-lille.fr\/sbssa\/?page_id=12025"},"modified":"2024-12-14T20:22:22","modified_gmt":"2024-12-14T19:22:22","slug":"espace-reserve","status":"publish","type":"page","link":"https:\/\/pedagogie.ac-lille.fr\/sbssa\/espace-reserve\/","title":{"rendered":"ESPACE R\u00c9SERV\u00c9"},"content":{"rendered":"\n<div class=\"wp-block-columns is-layout-flex wp-container-core-columns-is-layout-28f84493 wp-block-columns-is-layout-flex\">\n<div class=\"wp-block-column is-layout-flow wp-block-column-is-layout-flow\"><div class=\"wp-block-image is-style-rounded\">\n<figure class=\"alignleft size-thumbnail\"><a href=\"https:\/\/tribu.phm.education.gouv.fr\/portal_v2\/tribu-app\/document?id=OYlLXo\" target=\"_blank\" rel=\"noreferrer noopener\"><img loading=\"lazy\" decoding=\"async\" width=\"150\" height=\"150\" src=\"https:\/\/pedagogie.ac-lille.fr\/sbssa\/wp-content\/uploads\/sites\/30\/2021\/08\/spa-4674346_1920-150x150.jpg\" alt=\"\" class=\"wp-image-2466\" srcset=\"https:\/\/pedagogie.ac-lille.fr\/sbssa\/wp-content\/uploads\/sites\/30\/2021\/08\/spa-4674346_1920-150x150.jpg 150w, https:\/\/pedagogie.ac-lille.fr\/sbssa\/wp-content\/uploads\/sites\/30\/2021\/08\/spa-4674346_1920-510x510.jpg 510w\" sizes=\"auto, (max-width: 150px) 100vw, 150px\" \/><\/a><figcaption class=\"wp-element-caption\"><a href=\"https:\/\/tribu.phm.education.gouv.fr\/portal_v2\/tribu-app\/document?id=lKGSXu\" target=\"_blank\" rel=\"noreferrer noopener\">Espace r\u00e9serv\u00e9 <br>Beaut\u00e9 et Bien \u00catre<\/a><\/figcaption><\/figure>\n<\/div><\/div>\n\n\n\n<div class=\"wp-block-column is-layout-flow wp-block-column-is-layout-flow\"><div class=\"wp-block-image is-style-rounded\">\n<figure class=\"alignleft size-thumbnail\"><a href=\"https:\/\/tribu.phm.education.gouv.fr\/portal_v2\/tribu-app\/document?id=rmTVXg\" target=\"_blank\" rel=\"noreferrer noopener\"><img loading=\"lazy\" decoding=\"async\" width=\"150\" height=\"150\" src=\"https:\/\/pedagogie.ac-lille.fr\/sbssa\/wp-content\/uploads\/sites\/30\/2021\/03\/Hygie\u0300ne-et-Environnement-150x150.jpeg\" alt=\"Hygi\u00e8ne et Environnement\" class=\"wp-image-203\" srcset=\"https:\/\/pedagogie.ac-lille.fr\/sbssa\/wp-content\/uploads\/sites\/30\/2021\/03\/Hygie\u0300ne-et-Environnement-150x150.jpeg 150w, https:\/\/pedagogie.ac-lille.fr\/sbssa\/wp-content\/uploads\/sites\/30\/2021\/03\/Hygie\u0300ne-et-Environnement-510x510.jpeg 510w\" sizes=\"auto, (max-width: 150px) 100vw, 150px\" \/><\/a><figcaption class=\"wp-element-caption\"><a href=\"https:\/\/tribu.phm.education.gouv.fr\/portal_v2\/tribu-app\/document?id=rmTVXg\" target=\"_blank\" rel=\"noreferrer noopener\">Espace r\u00e9serv\u00e9 <br>Hygi\u00e8ne et Environnement<\/a><\/figcaption><\/figure>\n<\/div><\/div>\n\n\n\n<div class=\"wp-block-column is-layout-flow wp-block-column-is-layout-flow\"><div class=\"wp-block-image is-style-rounded\">\n<figure class=\"alignleft size-thumbnail is-resized\"><a href=\"https:\/\/tribu.phm.education.gouv.fr\/portal_v2\/tribu-app\/document?id=ccjibp\" target=\"_blank\" rel=\"noreferrer noopener\"><img loading=\"lazy\" decoding=\"async\" width=\"150\" height=\"150\" src=\"https:\/\/pedagogie.ac-lille.fr\/sbssa\/wp-content\/uploads\/sites\/30\/2023\/03\/seniors-ga773b2f4e_1920-150x150.jpg\" alt=\"\" class=\"wp-image-9813\" style=\"width:150px;height:auto\" srcset=\"https:\/\/pedagogie.ac-lille.fr\/sbssa\/wp-content\/uploads\/sites\/30\/2023\/03\/seniors-ga773b2f4e_1920-150x150.jpg 150w, https:\/\/pedagogie.ac-lille.fr\/sbssa\/wp-content\/uploads\/sites\/30\/2023\/03\/seniors-ga773b2f4e_1920-510x510.jpg 510w\" sizes=\"auto, (max-width: 150px) 100vw, 150px\" \/><\/a><figcaption class=\"wp-element-caption\"><a href=\"https:\/\/tribu.phm.education.gouv.fr\/portal_v2\/tribu-app\/document?id=ccjibp\">Espace r\u00e9serv\u00e9<br>Sanitaire et Social<\/a><\/figcaption><\/figure>\n<\/div>\n\n\n<figure class=\"wp-block-image size-full\"><a href=\"ftp:\/\/sbssa-medias@ftp.discipline.ac-lille.fr\/Essai\" target=\"_blank\" rel=\" noreferrer noopener\"><img loading=\"lazy\" decoding=\"async\" width=\"300\" height=\"231\" src=\"http:\/\/pedagogie.ac-lille.fr\/sbssa\/wp-content\/uploads\/sites\/30\/2024\/12\/RNRSMS.jpg\" alt=\"\" class=\"wp-image-12972\" \/><\/a><\/figure>\n<\/div>\n<\/div>\n\n\n\n<figure class=\"wp-block-image size-large is-resized\"><a href=\"https:\/\/tribu.phm.education.gouv.fr\/portal_v2\/tribu-app\/document?id=lKGSXu\" target=\"_blank\" rel=\"noreferrer noopener\"><img loading=\"lazy\" decoding=\"async\" width=\"1024\" height=\"950\" src=\"http:\/\/pedagogie.ac-lille.fr\/sbssa\/wp-content\/uploads\/sites\/30\/2024\/09\/construction-area-150275_1280-1024x950.png\" alt=\"\" class=\"wp-image-12647\" style=\"width:640px;height:auto\" srcset=\"https:\/\/pedagogie.ac-lille.fr\/sbssa\/wp-content\/uploads\/sites\/30\/2024\/09\/construction-area-150275_1280-1024x950.png 1024w, https:\/\/pedagogie.ac-lille.fr\/sbssa\/wp-content\/uploads\/sites\/30\/2024\/09\/construction-area-150275_1280-300x278.png 300w, https:\/\/pedagogie.ac-lille.fr\/sbssa\/wp-content\/uploads\/sites\/30\/2024\/09\/construction-area-150275_1280-768x713.png 768w, https:\/\/pedagogie.ac-lille.fr\/sbssa\/wp-content\/uploads\/sites\/30\/2024\/09\/construction-area-150275_1280-270x250.png 270w, https:\/\/pedagogie.ac-lille.fr\/sbssa\/wp-content\/uploads\/sites\/30\/2024\/09\/construction-area-150275_1280.png 1280w\" sizes=\"auto, (max-width: 1024px) 100vw, 1024px\" \/><\/a><\/figure>\n","protected":false},"excerpt":{"rendered":"","protected":false},"author":48,"featured_media":2657,"parent":0,"menu_order":0,"comment_status":"closed","ping_status":"closed","template":"","meta":{"ngg_post_thumbnail":0,"footnotes":""},"class_list":["post-12025","page","type-page","status-publish","has-post-thumbnail","czr-hentry"],"publishpress_future_action":{"enabled":false,"date":"2026-04-20 12:43:19","action":"change-status","newStatus":"draft","terms":[],"taxonomy":"","extraData":[]},"publishpress_future_workflow_manual_trigger":{"enabledWorkflows":[]},"_links":{"self":[{"href":"https:\/\/pedagogie.ac-lille.fr\/sbssa\/wp-json\/wp\/v2\/pages\/12025","targetHints":{"allow":["GET"]}}],"collection":[{"href":"https:\/\/pedagogie.ac-lille.fr\/sbssa\/wp-json\/wp\/v2\/pages"}],"about":[{"href":"https:\/\/pedagogie.ac-lille.fr\/sbssa\/wp-json\/wp\/v2\/types\/page"}],"author":[{"embeddable":true,"href":"https:\/\/pedagogie.ac-lille.fr\/sbssa\/wp-json\/wp\/v2\/users\/48"}],"replies":[{"embeddable":true,"href":"https:\/\/pedagogie.ac-lille.fr\/sbssa\/wp-json\/wp\/v2\/comments?post=12025"}],"version-history":[{"count":14,"href":"https:\/\/pedagogie.ac-lille.fr\/sbssa\/wp-json\/wp\/v2\/pages\/12025\/revisions"}],"predecessor-version":[{"id":12977,"href":"https:\/\/pedagogie.ac-lille.fr\/sbssa\/wp-json\/wp\/v2\/pages\/12025\/revisions\/12977"}],"wp:featuredmedia":[{"embeddable":true,"href":"https:\/\/pedagogie.ac-lille.fr\/sbssa\/wp-json\/wp\/v2\/media\/2657"}],"wp:attachment":[{"href":"https:\/\/pedagogie.ac-lille.fr\/sbssa\/wp-json\/wp\/v2\/media?parent=12025"}],"curies":[{"name":"wp","href":"https:\/\/api.w.org\/{rel}","templated":true}]}}