{"id":13312,"date":"2025-01-10T11:17:51","date_gmt":"2025-01-10T10:17:51","guid":{"rendered":"https:\/\/pedagogie.ac-lille.fr\/sbssa\/?page_id=13312"},"modified":"2025-01-10T11:31:07","modified_gmt":"2025-01-10T10:31:07","slug":"bcp-hps-referentiels","status":"publish","type":"page","link":"https:\/\/pedagogie.ac-lille.fr\/sbssa\/filieres\/hygiene-et-environnement\/baccalaureat-professionnel-hygiene-proprete-et-sterilisation-bcp-hps\/bcp-hps-referentiels\/","title":{"rendered":"BCP HPS &#8211; R\u00e9f\u00e9rentiels"},"content":{"rendered":"<ul class=\"wp-block-latest-posts__list has-dates wp-block-latest-posts\"><li><div class=\"wp-block-latest-posts__featured-image alignleft\"><a href=\"https:\/\/pedagogie.ac-lille.fr\/sbssa\/bcp-hps-referentiels-arrete-du-13-decembre-2024\/\" aria-label=\"BCP HPS &#8211; R\u00e9f\u00e9rentiels (Arr\u00eat\u00e9 du 13 d\u00e9cembre 2024)\"><img loading=\"lazy\" decoding=\"async\" width=\"150\" height=\"150\" src=\"https:\/\/pedagogie.ac-lille.fr\/sbssa\/wp-content\/uploads\/sites\/30\/2021\/07\/laptop-819285_1920-150x150.jpg\" class=\"attachment-thumbnail size-thumbnail no-lazy wp-post-image\" alt=\"R\u00e9f\u00e9rentiel\" style=\"max-width:75px;max-height:75px;\" srcset=\"https:\/\/pedagogie.ac-lille.fr\/sbssa\/wp-content\/uploads\/sites\/30\/2021\/07\/laptop-819285_1920-150x150.jpg 150w, https:\/\/pedagogie.ac-lille.fr\/sbssa\/wp-content\/uploads\/sites\/30\/2021\/07\/laptop-819285_1920-510x510.jpg 510w\" sizes=\"auto, (max-width: 150px) 100vw, 150px\" \/><\/a><\/div><a class=\"wp-block-latest-posts__post-title\" href=\"https:\/\/pedagogie.ac-lille.fr\/sbssa\/bcp-hps-referentiels-arrete-du-13-decembre-2024\/\">BCP HPS &#8211; R\u00e9f\u00e9rentiels (Arr\u00eat\u00e9 du 13 d\u00e9cembre 2024)<\/a><time datetime=\"2025-01-10T11:33:44+01:00\" class=\"wp-block-latest-posts__post-date\">10 janvier 2025<\/time><\/li>\n<li><div class=\"wp-block-latest-posts__featured-image alignleft\"><a href=\"https:\/\/pedagogie.ac-lille.fr\/sbssa\/bcp-hps-referentiels\/\" aria-label=\"BCP HPS &#8211; R\u00e9f\u00e9rentiels (Arr\u00eat\u00e9 du 17 juillet 2012)\"><img loading=\"lazy\" decoding=\"async\" width=\"150\" height=\"150\" src=\"https:\/\/pedagogie.ac-lille.fr\/sbssa\/wp-content\/uploads\/sites\/30\/2021\/07\/laptop-819285_1920-150x150.jpg\" class=\"attachment-thumbnail size-thumbnail no-lazy wp-post-image\" alt=\"R\u00e9f\u00e9rentiel\" style=\"max-width:75px;max-height:75px;\" srcset=\"https:\/\/pedagogie.ac-lille.fr\/sbssa\/wp-content\/uploads\/sites\/30\/2021\/07\/laptop-819285_1920-150x150.jpg 150w, https:\/\/pedagogie.ac-lille.fr\/sbssa\/wp-content\/uploads\/sites\/30\/2021\/07\/laptop-819285_1920-510x510.jpg 510w\" sizes=\"auto, (max-width: 150px) 100vw, 150px\" \/><\/a><\/div><a class=\"wp-block-latest-posts__post-title\" href=\"https:\/\/pedagogie.ac-lille.fr\/sbssa\/bcp-hps-referentiels\/\">BCP HPS &#8211; R\u00e9f\u00e9rentiels (Arr\u00eat\u00e9 du 17 juillet 2012)<\/a><time datetime=\"2012-09-22T18:24:00+02:00\" class=\"wp-block-latest-posts__post-date\">22 septembre 2012<\/time><\/li>\n<\/ul>","protected":false},"excerpt":{"rendered":"","protected":false},"author":48,"featured_media":0,"parent":2830,"menu_order":0,"comment_status":"closed","ping_status":"closed","template":"","meta":{"ngg_post_thumbnail":0,"footnotes":""},"class_list":["post-13312","page","type-page","status-publish","czr-hentry"],"publishpress_future_action":{"enabled":false,"date":"2026-04-13 16:30:26","action":"change-status","newStatus":"draft","terms":[],"taxonomy":"","extraData":[]},"publishpress_future_workflow_manual_trigger":{"enabledWorkflows":[]},"_links":{"self":[{"href":"https:\/\/pedagogie.ac-lille.fr\/sbssa\/wp-json\/wp\/v2\/pages\/13312","targetHints":{"allow":["GET"]}}],"collection":[{"href":"https:\/\/pedagogie.ac-lille.fr\/sbssa\/wp-json\/wp\/v2\/pages"}],"about":[{"href":"https:\/\/pedagogie.ac-lille.fr\/sbssa\/wp-json\/wp\/v2\/types\/page"}],"author":[{"embeddable":true,"href":"https:\/\/pedagogie.ac-lille.fr\/sbssa\/wp-json\/wp\/v2\/users\/48"}],"replies":[{"embeddable":true,"href":"https:\/\/pedagogie.ac-lille.fr\/sbssa\/wp-json\/wp\/v2\/comments?post=13312"}],"version-history":[{"count":2,"href":"https:\/\/pedagogie.ac-lille.fr\/sbssa\/wp-json\/wp\/v2\/pages\/13312\/revisions"}],"predecessor-version":[{"id":13321,"href":"https:\/\/pedagogie.ac-lille.fr\/sbssa\/wp-json\/wp\/v2\/pages\/13312\/revisions\/13321"}],"up":[{"embeddable":true,"href":"https:\/\/pedagogie.ac-lille.fr\/sbssa\/wp-json\/wp\/v2\/pages\/2830"}],"wp:attachment":[{"href":"https:\/\/pedagogie.ac-lille.fr\/sbssa\/wp-json\/wp\/v2\/media?parent=13312"}],"curies":[{"name":"wp","href":"https:\/\/api.w.org\/{rel}","templated":true}]}}