{"id":13627,"date":"2025-08-31T19:39:33","date_gmt":"2025-08-31T17:39:33","guid":{"rendered":"https:\/\/pedagogie.ac-lille.fr\/sbssa\/?page_id=13627"},"modified":"2025-08-31T19:55:39","modified_gmt":"2025-08-31T17:55:39","slug":"evar-evars","status":"publish","type":"page","link":"https:\/\/pedagogie.ac-lille.fr\/sbssa\/enseignements-generaux\/evar-evars\/","title":{"rendered":"EVAR-S (Education \u00e0 la Vie Affective, Relationnelle et Sexuelle)"},"content":{"rendered":"<p data-start=\"263\" data-end=\"534\"><a href=\"http:\/\/pedagogie.ac-lille.fr\/sbssa\/wp-content\/uploads\/sites\/30\/2025\/08\/logo-evars-rf-770x400-1.png\"><img loading=\"lazy\" decoding=\"async\" class=\"size-medium wp-image-13608 aligncenter\" src=\"http:\/\/pedagogie.ac-lille.fr\/sbssa\/wp-content\/uploads\/sites\/30\/2025\/08\/logo-evars-rf-770x400-1-300x156.png\" alt=\"\" width=\"300\" height=\"156\" srcset=\"https:\/\/pedagogie.ac-lille.fr\/sbssa\/wp-content\/uploads\/sites\/30\/2025\/08\/logo-evars-rf-770x400-1-300x156.png 300w, https:\/\/pedagogie.ac-lille.fr\/sbssa\/wp-content\/uploads\/sites\/30\/2025\/08\/logo-evars-rf-770x400-1-768x399.png 768w, https:\/\/pedagogie.ac-lille.fr\/sbssa\/wp-content\/uploads\/sites\/30\/2025\/08\/logo-evars-rf-770x400-1.png 770w\" sizes=\"auto, (max-width: 300px) 100vw, 300px\" \/><\/a>Une nouvelle page \u00c9duscol d\u00e9di\u00e9e au programme&nbsp;<a href=\"https:\/\/eduscol.education.fr\/2083\/mettre-en-oeuvre-le-programme-evarevars\" target=\"_blank\" rel=\"noopener\"><strong data-start=\"309\" data-end=\"381\">\u00c9ducation \u00e0 la vie affective, relationnelle et sexuelle (EVAR\/EVARS)<\/strong>&nbsp;<\/a>vient d\u2019\u00eatre ouverte. Elle met \u00e0 disposition plusieurs ressources destin\u00e9es \u00e0 accompagner les \u00e9quipes \u00e9ducatives dans leur mise en \u0153uvre du programme :<\/p>\n<ul data-start=\"536\" data-end=\"1085\">\n<li data-start=\"536\" data-end=\"605\">\n<p data-start=\"538\" data-end=\"605\"><strong data-start=\"538\" data-end=\"573\">Le premier livret \u00ab&nbsp;Avant 4 ans&nbsp;\u00bb<\/strong>&nbsp;est d\u00e8s \u00e0 pr\u00e9sent accessible.<\/p>\n<\/li>\n<li data-start=\"606\" data-end=\"847\">\n<p data-start=\"608\" data-end=\"847\"><strong data-start=\"608\" data-end=\"665\">Des fiches rep\u00e8res pour la mise en \u0153uvre du programme<\/strong>&nbsp;sont propos\u00e9es : pour le second degr\u00e9, elles s\u2019adressent aux professeurs, aux personnels sociaux et de sant\u00e9, aux CPE, aux personnels de direction ainsi qu\u2019aux corps d\u2019inspection.<\/p>\n<\/li>\n<li data-start=\"848\" data-end=\"1085\">\n<p data-start=\"850\" data-end=\"1085\"><strong data-start=\"850\" data-end=\"894\">Des documents \u00e0 destination des familles<\/strong>&nbsp;permettent de communiquer de fa\u00e7on claire et adapt\u00e9e sur les objectifs d\u2019apprentissage du programme et peuvent \u00eatre utilis\u00e9s par les \u00e9quipes \u00e9ducatives dans leur relation avec les parents.<\/p>\n<\/li>\n<\/ul>\n<p data-start=\"1087\" data-end=\"1216\">La&nbsp;<strong data-start=\"1090\" data-end=\"1100\">DGESCO<\/strong>&nbsp;annonce une mise en ligne progressive des autres livrets dans les prochaines semaines, jusqu\u2019au d\u00e9but de l\u2019hiver.<\/p>\n<p data-start=\"1218\" data-end=\"1392\">Enfin, toutes ces ressources sont&nbsp;<strong data-start=\"1252\" data-end=\"1291\">valid\u00e9es par un comit\u00e9 scientifique<\/strong>&nbsp;compos\u00e9 de psychiatres et de psychologues, garantissant leur solidit\u00e9 scientifique et p\u00e9dagogique.<\/p>\n","protected":false},"excerpt":{"rendered":"<p>Une nouvelle page \u00c9duscol d\u00e9di\u00e9e au programme&nbsp;\u00c9ducation \u00e0 la vie affective, relationnelle et sexuelle (EVAR\/EVARS)&nbsp;vient d\u2019\u00eatre ouverte. Elle met \u00e0 disposition plusieurs ressources destin\u00e9es \u00e0 accompagner les \u00e9quipes \u00e9ducatives dans [&hellip;]<\/p>\n","protected":false},"author":48,"featured_media":13608,"parent":652,"menu_order":0,"comment_status":"closed","ping_status":"closed","template":"","meta":{"ngg_post_thumbnail":0,"footnotes":""},"class_list":["post-13627","page","type-page","status-publish","has-post-thumbnail","czr-hentry"],"publishpress_future_action":{"enabled":false,"date":"2026-05-03 05:27:23","action":"change-status","newStatus":"draft","terms":[],"taxonomy":"","extraData":[]},"publishpress_future_workflow_manual_trigger":{"enabledWorkflows":[]},"_links":{"self":[{"href":"https:\/\/pedagogie.ac-lille.fr\/sbssa\/wp-json\/wp\/v2\/pages\/13627","targetHints":{"allow":["GET"]}}],"collection":[{"href":"https:\/\/pedagogie.ac-lille.fr\/sbssa\/wp-json\/wp\/v2\/pages"}],"about":[{"href":"https:\/\/pedagogie.ac-lille.fr\/sbssa\/wp-json\/wp\/v2\/types\/page"}],"author":[{"embeddable":true,"href":"https:\/\/pedagogie.ac-lille.fr\/sbssa\/wp-json\/wp\/v2\/users\/48"}],"replies":[{"embeddable":true,"href":"https:\/\/pedagogie.ac-lille.fr\/sbssa\/wp-json\/wp\/v2\/comments?post=13627"}],"version-history":[{"count":7,"href":"https:\/\/pedagogie.ac-lille.fr\/sbssa\/wp-json\/wp\/v2\/pages\/13627\/revisions"}],"predecessor-version":[{"id":13643,"href":"https:\/\/pedagogie.ac-lille.fr\/sbssa\/wp-json\/wp\/v2\/pages\/13627\/revisions\/13643"}],"up":[{"embeddable":true,"href":"https:\/\/pedagogie.ac-lille.fr\/sbssa\/wp-json\/wp\/v2\/pages\/652"}],"wp:featuredmedia":[{"embeddable":true,"href":"https:\/\/pedagogie.ac-lille.fr\/sbssa\/wp-json\/wp\/v2\/media\/13608"}],"wp:attachment":[{"href":"https:\/\/pedagogie.ac-lille.fr\/sbssa\/wp-json\/wp\/v2\/media?parent=13627"}],"curies":[{"name":"wp","href":"https:\/\/api.w.org\/{rel}","templated":true}]}}