{"id":1657,"date":"2021-07-14T21:47:59","date_gmt":"2021-07-14T19:47:59","guid":{"rendered":"https:\/\/pedagogie.ac-lille.fr\/sbssa\/?page_id=1657"},"modified":"2023-06-06T12:27:32","modified_gmt":"2023-06-06T10:27:32","slug":"beaute-et-bien-etre","status":"publish","type":"page","link":"https:\/\/pedagogie.ac-lille.fr\/sbssa\/filieres\/beaute-et-bien-etre\/","title":{"rendered":"BEAUT\u00c9 ET BIEN \u00caTRE"},"content":{"rendered":"<p>Embellir, remettre en forme, pr\u00e9venir les douleurs, d\u00e9tendre\u2026 Les secteurs li\u00e9s \u00e0 la beaut\u00e9 et au bien-\u00eatre se d\u00e9veloppent et repr\u00e9sentent une manne d\u2019emploi pour des professionnels aux comp\u00e9tences et qualit\u00e9s tr\u00e8s vari\u00e9es.&nbsp;En salon ou \u00e0 domicile, les&nbsp;<span class=\"col_keeper\"><a href=\"https:\/\/pedagogie.ac-lille.fr\/sbssa\/filieres\/beaute-et-bien-etre\/coiffure\/\">coiffeurs<\/a>&nbsp;<\/span>&nbsp;et les&nbsp;<span class=\"col_keeper\"><a href=\"https:\/\/pedagogie.ac-lille.fr\/sbssa\/filieres\/beaute-et-bien-etre\/esthetique-cosmetique-parfumerie\/\" rel=\"noopener\">esth\u00e9ticiens \u2013 cosm\u00e9ticiens \u2013 Parfumeurs<\/a>&nbsp;<\/span>&nbsp;sont aussi attentifs \u00e0 l&rsquo;image de leurs clients, r\u00e9pondent \u00e0 leurs attentes, les conseillent et les mettent en valeur.<\/p>\n<p><em>(Source : ONISEP)<\/em><\/p>\n<p>&nbsp;<\/p>\n\n\n<div class=\"wp-block-columns is-layout-flex wp-container-core-columns-is-layout-28f84493 wp-block-columns-is-layout-flex\">\n<div class=\"wp-block-column is-layout-flow wp-block-column-is-layout-flow\"><div class=\"wp-block-image is-style-rounded\">\n<figure class=\"aligncenter size-thumbnail is-resized\"><a href=\"https:\/\/pedagogie.ac-lille.fr\/sbssa\/filieres\/beaute-et-bien-etre\/coiffure\/\"><img loading=\"lazy\" decoding=\"async\" src=\"https:\/\/pedagogie.ac-lille.fr\/sbssa\/wp-content\/uploads\/sites\/30\/2021\/03\/hairdresser-1179459_1920-150x150.jpg\" alt=\"Coiffure\" class=\"wp-image-356\" width=\"250\" height=\"250\" srcset=\"https:\/\/pedagogie.ac-lille.fr\/sbssa\/wp-content\/uploads\/sites\/30\/2021\/03\/hairdresser-1179459_1920-150x150.jpg 150w, https:\/\/pedagogie.ac-lille.fr\/sbssa\/wp-content\/uploads\/sites\/30\/2021\/03\/hairdresser-1179459_1920-510x510.jpg 510w\" sizes=\"auto, (max-width: 250px) 100vw, 250px\" \/><\/a><figcaption class=\"wp-element-caption\"><a href=\"https:\/\/pedagogie.ac-lille.fr\/sbssa\/filieres\/beaute-et-bien-etre\/coiffure\/\">Coiffure<\/a><\/figcaption><\/figure>\n<\/div><\/div>\n\n\n\n<div class=\"wp-block-column is-layout-flow wp-block-column-is-layout-flow\"><div class=\"wp-block-image is-style-rounded\">\n<figure class=\"aligncenter size-thumbnail is-resized\"><a href=\"https:\/\/pedagogie.ac-lille.fr\/sbssa\/filieres\/beaute-et-bien-etre\/esthetique-cosmetique-parfumerie\/\"><img loading=\"lazy\" decoding=\"async\" src=\"https:\/\/pedagogie.ac-lille.fr\/sbssa\/wp-content\/uploads\/sites\/30\/2021\/08\/makeup-brushes-1761648_1920-150x150.jpg\" alt=\"Esth\u00e9tique - Cosm\u00e9tique - Parfumerie\" class=\"wp-image-2237\" width=\"250\" height=\"250\" srcset=\"https:\/\/pedagogie.ac-lille.fr\/sbssa\/wp-content\/uploads\/sites\/30\/2021\/08\/makeup-brushes-1761648_1920-150x150.jpg 150w, https:\/\/pedagogie.ac-lille.fr\/sbssa\/wp-content\/uploads\/sites\/30\/2021\/08\/makeup-brushes-1761648_1920-510x510.jpg 510w\" sizes=\"auto, (max-width: 250px) 100vw, 250px\" \/><\/a><figcaption class=\"wp-element-caption\"><a href=\"https:\/\/pedagogie.ac-lille.fr\/sbssa\/filieres\/beaute-et-bien-etre\/esthetique-cosmetique-parfumerie\/\">Esth\u00e9tique &#8211; Cosm\u00e9tique &#8211; Parfumerie<\/a><\/figcaption><\/figure>\n<\/div><\/div>\n<\/div>\n","protected":false},"excerpt":{"rendered":"<p>Embellir, remettre en forme, pr\u00e9venir les douleurs, d\u00e9tendre\u2026 Les secteurs li\u00e9s \u00e0 la beaut\u00e9 et au bien-\u00eatre se d\u00e9veloppent et repr\u00e9sentent une manne d\u2019emploi pour des professionnels aux comp\u00e9tences et [&hellip;]<\/p>\n","protected":false},"author":48,"featured_media":0,"parent":183,"menu_order":0,"comment_status":"closed","ping_status":"closed","template":"","meta":{"ngg_post_thumbnail":0,"footnotes":""},"class_list":["post-1657","page","type-page","status-publish","czr-hentry"],"publishpress_future_action":{"enabled":false,"date":"2026-04-22 18:58:45","action":"change-status","newStatus":"draft","terms":[],"taxonomy":"","extraData":[]},"publishpress_future_workflow_manual_trigger":{"enabledWorkflows":[]},"_links":{"self":[{"href":"https:\/\/pedagogie.ac-lille.fr\/sbssa\/wp-json\/wp\/v2\/pages\/1657","targetHints":{"allow":["GET"]}}],"collection":[{"href":"https:\/\/pedagogie.ac-lille.fr\/sbssa\/wp-json\/wp\/v2\/pages"}],"about":[{"href":"https:\/\/pedagogie.ac-lille.fr\/sbssa\/wp-json\/wp\/v2\/types\/page"}],"author":[{"embeddable":true,"href":"https:\/\/pedagogie.ac-lille.fr\/sbssa\/wp-json\/wp\/v2\/users\/48"}],"replies":[{"embeddable":true,"href":"https:\/\/pedagogie.ac-lille.fr\/sbssa\/wp-json\/wp\/v2\/comments?post=1657"}],"version-history":[{"count":8,"href":"https:\/\/pedagogie.ac-lille.fr\/sbssa\/wp-json\/wp\/v2\/pages\/1657\/revisions"}],"predecessor-version":[{"id":11258,"href":"https:\/\/pedagogie.ac-lille.fr\/sbssa\/wp-json\/wp\/v2\/pages\/1657\/revisions\/11258"}],"up":[{"embeddable":true,"href":"https:\/\/pedagogie.ac-lille.fr\/sbssa\/wp-json\/wp\/v2\/pages\/183"}],"wp:attachment":[{"href":"https:\/\/pedagogie.ac-lille.fr\/sbssa\/wp-json\/wp\/v2\/media?parent=1657"}],"curies":[{"name":"wp","href":"https:\/\/api.w.org\/{rel}","templated":true}]}}