{"id":1725,"date":"2021-07-14T23:32:34","date_gmt":"2021-07-14T21:32:34","guid":{"rendered":"https:\/\/pedagogie.ac-lille.fr\/sbssa\/?page_id=1725"},"modified":"2024-12-29T12:28:21","modified_gmt":"2024-12-29T11:28:21","slug":"certificat-daptitude-professionnelle-metiers-de-la-coiffure-cap-mc","status":"publish","type":"page","link":"https:\/\/pedagogie.ac-lille.fr\/sbssa\/filieres\/beaute-et-bien-etre\/coiffure\/certificat-daptitude-professionnelle-metiers-de-la-coiffure-cap-mc\/","title":{"rendered":"Certificat d&rsquo;Aptitude Professionnelle M\u00e9tiers de la Coiffure (CAP MC)"},"content":{"rendered":"\n<div class=\"wp-block-columns is-layout-flex wp-container-core-columns-is-layout-28f84493 wp-block-columns-is-layout-flex\">\n<div class=\"wp-block-column is-layout-flow wp-block-column-is-layout-flow\"><div class=\"wp-block-image\">\n<figure class=\"aligncenter size-thumbnail\"><a href=\"https:\/\/pedagogie.ac-lille.fr\/sbssa\/filieres\/beaute-et-bien-etre\/coiffure\/certificat-daptitude-professionnelle-metiers-de-la-coiffure-cap-mc\/textes-officiels-cap-coiffure\/\"><img loading=\"lazy\" decoding=\"async\" width=\"150\" height=\"150\" src=\"https:\/\/pedagogie.ac-lille.fr\/sbssa\/wp-content\/uploads\/sites\/30\/2022\/05\/education-g88d03105e_1280-150x150.png\" alt=\"Officiel\" class=\"wp-image-3822\" srcset=\"https:\/\/pedagogie.ac-lille.fr\/sbssa\/wp-content\/uploads\/sites\/30\/2022\/05\/education-g88d03105e_1280-150x150.png 150w, https:\/\/pedagogie.ac-lille.fr\/sbssa\/wp-content\/uploads\/sites\/30\/2022\/05\/education-g88d03105e_1280-300x300.png 300w, https:\/\/pedagogie.ac-lille.fr\/sbssa\/wp-content\/uploads\/sites\/30\/2022\/05\/education-g88d03105e_1280-1024x1024.png 1024w, https:\/\/pedagogie.ac-lille.fr\/sbssa\/wp-content\/uploads\/sites\/30\/2022\/05\/education-g88d03105e_1280-768x768.png 768w, https:\/\/pedagogie.ac-lille.fr\/sbssa\/wp-content\/uploads\/sites\/30\/2022\/05\/education-g88d03105e_1280-510x510.png 510w, https:\/\/pedagogie.ac-lille.fr\/sbssa\/wp-content\/uploads\/sites\/30\/2022\/05\/education-g88d03105e_1280.png 1280w\" sizes=\"auto, (max-width: 150px) 100vw, 150px\" \/><\/a><figcaption class=\"wp-element-caption\"><a href=\"https:\/\/pedagogie.ac-lille.fr\/sbssa\/filieres\/beaute-et-bien-etre\/coiffure\/certificat-daptitude-professionnelle-metiers-de-la-coiffure-cap-mc\/textes-officiels-cap-coiffure\/\">Textes officiels<\/a><\/figcaption><\/figure>\n<\/div><\/div>\n\n\n\n<div class=\"wp-block-column is-layout-flow wp-block-column-is-layout-flow\">\n<figure class=\"wp-block-gallery aligncenter has-nested-images columns-default is-cropped wp-block-gallery-1 is-layout-flex wp-block-gallery-is-layout-flex\"><div class=\"wp-block-image is-style-rounded\">\n<figure class=\"aligncenter size-thumbnail\"><a href=\"https:\/\/pedagogie.ac-lille.fr\/sbssa\/filieres\/beaute-et-bien-etre\/coiffure\/certificat-daptitude-professionnelle-metiers-de-la-coiffure-cap-mc\/cap-mc-referentiel-du-cap-metiers-de-la-coiffure\/\" target=\"_blank\" rel=\" noreferrer noopener\"><img loading=\"lazy\" decoding=\"async\" width=\"150\" height=\"150\" data-id=\"1581\" src=\"https:\/\/pedagogie.ac-lille.fr\/sbssa\/wp-content\/uploads\/sites\/30\/2021\/07\/laptop-819285_1920-150x150.jpg\" alt=\"R\u00e9f\u00e9rentiel\" class=\"wp-image-1581\" srcset=\"https:\/\/pedagogie.ac-lille.fr\/sbssa\/wp-content\/uploads\/sites\/30\/2021\/07\/laptop-819285_1920-150x150.jpg 150w, https:\/\/pedagogie.ac-lille.fr\/sbssa\/wp-content\/uploads\/sites\/30\/2021\/07\/laptop-819285_1920-510x510.jpg 510w\" sizes=\"auto, (max-width: 150px) 100vw, 150px\" \/><\/a><figcaption class=\"wp-element-caption\"><a href=\"https:\/\/pedagogie.ac-lille.fr\/sbssa\/filieres\/beaute-et-bien-etre\/coiffure\/certificat-daptitude-professionnelle-metiers-de-la-coiffure-cap-mc\/cap-mc-referentiel-du-cap-metiers-de-la-coiffure\/\" target=\"_blank\" rel=\"noreferrer noopener\">R\u00e9f\u00e9rentiel<\/a><\/figcaption><\/figure>\n<\/div><\/figure>\n<\/div>\n\n\n\n<div class=\"wp-block-column is-layout-flow wp-block-column-is-layout-flow\"><div class=\"wp-block-image\">\n<figure class=\"aligncenter size-thumbnail\"><a href=\"https:\/\/pedagogie.ac-lille.fr\/sbssa\/filieres\/beaute-et-bien-etre\/coiffure\/certificat-daptitude-professionnelle-metiers-de-la-coiffure-cap-mc\/documents-academiques-cap-mc\/\"><img loading=\"lazy\" decoding=\"async\" width=\"150\" height=\"150\" src=\"https:\/\/pedagogie.ac-lille.fr\/sbssa\/wp-content\/uploads\/sites\/30\/2023\/02\/Academie_de_Lille.svg_-150x150.png\" alt=\"\" class=\"wp-image-9557\" style=\"aspect-ratio:1;object-fit:cover\" srcset=\"https:\/\/pedagogie.ac-lille.fr\/sbssa\/wp-content\/uploads\/sites\/30\/2023\/02\/Academie_de_Lille.svg_-150x150.png 150w, https:\/\/pedagogie.ac-lille.fr\/sbssa\/wp-content\/uploads\/sites\/30\/2023\/02\/Academie_de_Lille.svg_-298x300.png 298w, https:\/\/pedagogie.ac-lille.fr\/sbssa\/wp-content\/uploads\/sites\/30\/2023\/02\/Academie_de_Lille.svg_-1017x1024.png 1017w, https:\/\/pedagogie.ac-lille.fr\/sbssa\/wp-content\/uploads\/sites\/30\/2023\/02\/Academie_de_Lille.svg_-768x773.png 768w, https:\/\/pedagogie.ac-lille.fr\/sbssa\/wp-content\/uploads\/sites\/30\/2023\/02\/Academie_de_Lille.svg_-510x510.png 510w, https:\/\/pedagogie.ac-lille.fr\/sbssa\/wp-content\/uploads\/sites\/30\/2023\/02\/Academie_de_Lille.svg_.png 1200w\" sizes=\"auto, (max-width: 150px) 100vw, 150px\" \/><\/a><figcaption class=\"wp-element-caption\"><a href=\"https:\/\/pedagogie.ac-lille.fr\/sbssa\/filieres\/beaute-et-bien-etre\/coiffure\/certificat-daptitude-professionnelle-metiers-de-la-coiffure-cap-mc\/documents-academiques-cap-mc\/\">Documents acad\u00e9miques<\/a><\/figcaption><\/figure>\n<\/div><\/div>\n\n\n\n<div class=\"wp-block-column is-layout-flow wp-block-column-is-layout-flow\"><div class=\"wp-block-image\">\n<figure class=\"aligncenter size-thumbnail\"><a href=\"https:\/\/pedagogie.ac-lille.fr\/sbssa\/filieres\/beaute-et-bien-etre\/coiffure\/certificat-daptitude-professionnelle-metiers-de-la-coiffure-cap-mc\/ressources-cap-mc\/\"><img loading=\"lazy\" decoding=\"async\" width=\"150\" height=\"150\" src=\"https:\/\/pedagogie.ac-lille.fr\/sbssa\/wp-content\/uploads\/sites\/30\/2022\/05\/pixel-cells-g9c2803b40_1280-150x150.png\" alt=\"Ressources\" class=\"wp-image-3312\" style=\"aspect-ratio:1;object-fit:cover\" srcset=\"https:\/\/pedagogie.ac-lille.fr\/sbssa\/wp-content\/uploads\/sites\/30\/2022\/05\/pixel-cells-g9c2803b40_1280-150x150.png 150w, https:\/\/pedagogie.ac-lille.fr\/sbssa\/wp-content\/uploads\/sites\/30\/2022\/05\/pixel-cells-g9c2803b40_1280-510x510.png 510w\" sizes=\"auto, (max-width: 150px) 100vw, 150px\" \/><\/a><figcaption class=\"wp-element-caption\"><a href=\"https:\/\/pedagogie.ac-lille.fr\/sbssa\/filieres\/beaute-et-bien-etre\/coiffure\/certificat-daptitude-professionnelle-metiers-de-la-coiffure-cap-mc\/ressources-cap-mc\/\">Ressources<\/a><\/figcaption><\/figure>\n<\/div><\/div>\n<\/div>\n\n\n<p><a href=\"https:\/\/pedagogie.ac-lille.fr\/sbssa\/wp-content\/uploads\/sites\/30\/2021\/03\/hairdresser-1179459_1920.jpg\"><img loading=\"lazy\" decoding=\"async\" class=\"size-medium wp-image-356 alignleft\" src=\"https:\/\/pedagogie.ac-lille.fr\/sbssa\/wp-content\/uploads\/sites\/30\/2021\/03\/hairdresser-1179459_1920-300x214.jpg\" alt=\"Coiffure - Coupe de cheveux\" width=\"300\" height=\"214\" srcset=\"https:\/\/pedagogie.ac-lille.fr\/sbssa\/wp-content\/uploads\/sites\/30\/2021\/03\/hairdresser-1179459_1920-300x214.jpg 300w, https:\/\/pedagogie.ac-lille.fr\/sbssa\/wp-content\/uploads\/sites\/30\/2021\/03\/hairdresser-1179459_1920-1024x731.jpg 1024w, https:\/\/pedagogie.ac-lille.fr\/sbssa\/wp-content\/uploads\/sites\/30\/2021\/03\/hairdresser-1179459_1920-768x548.jpg 768w, https:\/\/pedagogie.ac-lille.fr\/sbssa\/wp-content\/uploads\/sites\/30\/2021\/03\/hairdresser-1179459_1920-1536x1096.jpg 1536w, https:\/\/pedagogie.ac-lille.fr\/sbssa\/wp-content\/uploads\/sites\/30\/2021\/03\/hairdresser-1179459_1920.jpg 1920w\" sizes=\"auto, (max-width: 300px) 100vw, 300px\" \/><\/a>Le titulaire du CAP m\u00e9tiers de la coiffure utilise les techniques courantes de coiffure pour hommes, femmes et enfants. Il lave, coupe, coiffe les cheveux. Sous les directives d&rsquo;un responsable, il peut r\u00e9aliser les colorations et les permanentes. Attentif \u00e0 l&rsquo;accueil, il peut aussi conseiller la client\u00e8le. Il participe \u00e0 la gestion des stocks, \u00e0 l&rsquo;organisation et au rangement du salon, ainsi qu&rsquo;\u00e0 la tenue du planning de rendez-vous.<\/p>\n<p>&nbsp;<\/p>\n<p>Le dipl\u00f4m\u00e9 d\u00e9bute le plus souvent comme assistant dans un salon. Il peut \u00e9galement exercer dans un \u00e9tablissement de soins ou de cure.<\/p>\n<p><em>(Source : ONISEP)<\/em><\/p>\n\n\n<h2 class=\"wp-block-heading\"><mark style=\"background-color:#0693e3\" class=\"has-inline-color has-white-color\">DERNIERS ARTICLES PUBLI\u00c9S<\/mark><\/h2>\n\n\n<ul class=\"wp-block-latest-posts__list has-dates wp-block-latest-posts\"><li><div class=\"wp-block-latest-posts__featured-image alignleft\"><img loading=\"lazy\" decoding=\"async\" width=\"209\" height=\"300\" src=\"https:\/\/pedagogie.ac-lille.fr\/sbssa\/wp-content\/uploads\/sites\/30\/2026\/03\/ed6188-209x300.jpg\" class=\"attachment-medium size-medium no-lazy wp-post-image\" alt=\"\" style=\"max-width:150px;max-height:150px;\" srcset=\"https:\/\/pedagogie.ac-lille.fr\/sbssa\/wp-content\/uploads\/sites\/30\/2026\/03\/ed6188-209x300.jpg 209w, https:\/\/pedagogie.ac-lille.fr\/sbssa\/wp-content\/uploads\/sites\/30\/2026\/03\/ed6188.jpg 280w\" sizes=\"auto, (max-width: 209px) 100vw, 209px\" \/><\/div><a class=\"wp-block-latest-posts__post-title\" href=\"https:\/\/pedagogie.ac-lille.fr\/sbssa\/risques-biologiques-pour-un-usage-raisonne-de-la-desinfection\/\">Risques biologiques : pour un usage raisonn\u00e9 de la d\u00e9sinfection<\/a><time datetime=\"2026-03-22T19:09:55+01:00\" class=\"wp-block-latest-posts__post-date\">22 mars 2026<\/time><\/li>\n<li><div class=\"wp-block-latest-posts__featured-image alignleft\"><img loading=\"lazy\" decoding=\"async\" width=\"212\" height=\"300\" src=\"https:\/\/pedagogie.ac-lille.fr\/sbssa\/wp-content\/uploads\/sites\/30\/2026\/03\/Pages-de-TS879-copie-212x300.webp\" class=\"attachment-medium size-medium no-lazy wp-post-image\" alt=\"\" style=\"max-width:150px;max-height:150px;\" srcset=\"https:\/\/pedagogie.ac-lille.fr\/sbssa\/wp-content\/uploads\/sites\/30\/2026\/03\/Pages-de-TS879-copie-212x300.webp 212w, https:\/\/pedagogie.ac-lille.fr\/sbssa\/wp-content\/uploads\/sites\/30\/2026\/03\/Pages-de-TS879-copie.webp 600w\" sizes=\"auto, (max-width: 212px) 100vw, 212px\" \/><\/div><a class=\"wp-block-latest-posts__post-title\" href=\"https:\/\/pedagogie.ac-lille.fr\/sbssa\/travail-securite-numero-de-mars-2026-les-metiers-de-la-beaute\/\">Travail &amp; S\u00e9curit\u00e9 : num\u00e9ro de mars 2026 &#8211; \u00ab\u00a0Les m\u00e9tiers de la beaut\u00e9\u00a0\u00bb<\/a><time datetime=\"2026-03-22T18:59:47+01:00\" class=\"wp-block-latest-posts__post-date\">22 mars 2026<\/time><\/li>\n<li><div class=\"wp-block-latest-posts__featured-image alignleft\"><img loading=\"lazy\" decoding=\"async\" width=\"300\" height=\"207\" src=\"https:\/\/pedagogie.ac-lille.fr\/sbssa\/wp-content\/uploads\/sites\/30\/2022\/11\/Concours-Ge\u0301ne\u0301ral-des-me\u0301tiers-300x207.jpg\" class=\"attachment-medium size-medium no-lazy wp-post-image\" alt=\"\" style=\"max-width:150px;max-height:150px;\" srcset=\"https:\/\/pedagogie.ac-lille.fr\/sbssa\/wp-content\/uploads\/sites\/30\/2022\/11\/Concours-Ge\u0301ne\u0301ral-des-me\u0301tiers-300x207.jpg 300w, https:\/\/pedagogie.ac-lille.fr\/sbssa\/wp-content\/uploads\/sites\/30\/2022\/11\/Concours-Ge\u0301ne\u0301ral-des-me\u0301tiers-768x530.jpg 768w, https:\/\/pedagogie.ac-lille.fr\/sbssa\/wp-content\/uploads\/sites\/30\/2022\/11\/Concours-Ge\u0301ne\u0301ral-des-me\u0301tiers.jpg 800w\" sizes=\"auto, (max-width: 300px) 100vw, 300px\" \/><\/div><a class=\"wp-block-latest-posts__post-title\" href=\"https:\/\/pedagogie.ac-lille.fr\/sbssa\/concours-general-des-metiers-cgm-de-lesthetique-cosmetique-parfumerie-et-des-metiers-de-la-coiffure\/\">Concours g\u00e9n\u00e9ral des m\u00e9tiers (CGM) Esth\u00e9tique cosm\u00e9tique parfumerie et M\u00e9tiers de la Coiffure<\/a><time datetime=\"2025-09-04T07:26:16+02:00\" class=\"wp-block-latest-posts__post-date\">4 septembre 2025<\/time><\/li>\n<li><div class=\"wp-block-latest-posts__featured-image alignleft\"><img loading=\"lazy\" decoding=\"async\" width=\"213\" height=\"300\" src=\"https:\/\/pedagogie.ac-lille.fr\/sbssa\/wp-content\/uploads\/sites\/30\/2025\/07\/TutoPrev-Metiers-de-la-beaute-213x300.png\" class=\"attachment-medium size-medium no-lazy wp-post-image\" alt=\"\" style=\"max-width:150px;max-height:150px;\" srcset=\"https:\/\/pedagogie.ac-lille.fr\/sbssa\/wp-content\/uploads\/sites\/30\/2025\/07\/TutoPrev-Metiers-de-la-beaute-213x300.png 213w, https:\/\/pedagogie.ac-lille.fr\/sbssa\/wp-content\/uploads\/sites\/30\/2025\/07\/TutoPrev-Metiers-de-la-beaute.png 417w\" sizes=\"auto, (max-width: 213px) 100vw, 213px\" \/><\/div><a class=\"wp-block-latest-posts__post-title\" href=\"https:\/\/pedagogie.ac-lille.fr\/sbssa\/tutoprev-pedagogie-metiers-de-la-beaute\/\">Tutopr\u00e9v&rsquo; P\u00e9dagogie M\u00e9tiers de la beaut\u00e9<\/a><time datetime=\"2025-07-09T20:01:59+02:00\" class=\"wp-block-latest-posts__post-date\">9 juillet 2025<\/time><\/li>\n<li><div class=\"wp-block-latest-posts__featured-image alignleft\"><img loading=\"lazy\" decoding=\"async\" width=\"300\" height=\"165\" src=\"https:\/\/pedagogie.ac-lille.fr\/sbssa\/wp-content\/uploads\/sites\/30\/2021\/03\/gavel-3577258_1920-300x165.jpg\" class=\"attachment-medium size-medium no-lazy wp-post-image\" alt=\"Arr\u00eat\u00e9\" style=\"max-width:150px;max-height:150px;\" srcset=\"https:\/\/pedagogie.ac-lille.fr\/sbssa\/wp-content\/uploads\/sites\/30\/2021\/03\/gavel-3577258_1920-300x165.jpg 300w, https:\/\/pedagogie.ac-lille.fr\/sbssa\/wp-content\/uploads\/sites\/30\/2021\/03\/gavel-3577258_1920-1024x563.jpg 1024w, https:\/\/pedagogie.ac-lille.fr\/sbssa\/wp-content\/uploads\/sites\/30\/2021\/03\/gavel-3577258_1920-768x422.jpg 768w, https:\/\/pedagogie.ac-lille.fr\/sbssa\/wp-content\/uploads\/sites\/30\/2021\/03\/gavel-3577258_1920-1536x845.jpg 1536w, https:\/\/pedagogie.ac-lille.fr\/sbssa\/wp-content\/uploads\/sites\/30\/2021\/03\/gavel-3577258_1920.jpg 1920w\" sizes=\"auto, (max-width: 300px) 100vw, 300px\" \/><\/div><a class=\"wp-block-latest-posts__post-title\" href=\"https:\/\/pedagogie.ac-lille.fr\/sbssa\/arrete-du-13-juin-2024-modifiant-larrete-du-19-avril-2019-portant-application-des-nouvelles-organisations-denseignements-dispenses-dans-les-formations-sous-statut-scolaire-preparant\/\">Arr\u00eat\u00e9 du 13 juin 2024 modifiant l\u2019arr\u00eat\u00e9 du 19 avril 2019 portant application des nouvelles organisations d\u2019enseignements dispens\u00e9s dans les formations sous statut scolaire pr\u00e9parant au baccalaur\u00e9at professionnel et au certificat d\u2019aptitude professionnelle<\/a><time datetime=\"2024-06-15T11:52:15+02:00\" class=\"wp-block-latest-posts__post-date\">15 juin 2024<\/time><\/li>\n<li><div class=\"wp-block-latest-posts__featured-image alignleft\"><img loading=\"lazy\" decoding=\"async\" width=\"300\" height=\"113\" src=\"https:\/\/pedagogie.ac-lille.fr\/sbssa\/wp-content\/uploads\/sites\/30\/2024\/03\/couverture-travail-et-securite-300x113.jpg\" class=\"attachment-medium size-medium no-lazy wp-post-image\" alt=\"\" style=\"max-width:150px;max-height:150px;\" srcset=\"https:\/\/pedagogie.ac-lille.fr\/sbssa\/wp-content\/uploads\/sites\/30\/2024\/03\/couverture-travail-et-securite-300x113.jpg 300w, https:\/\/pedagogie.ac-lille.fr\/sbssa\/wp-content\/uploads\/sites\/30\/2024\/03\/couverture-travail-et-securite.jpg 480w\" sizes=\"auto, (max-width: 300px) 100vw, 300px\" \/><\/div><a class=\"wp-block-latest-posts__post-title\" href=\"https:\/\/pedagogie.ac-lille.fr\/sbssa\/preparer-les-jeunes-aux-enjeux-de-sante-au-travail-fevrier-2024\/\">Pr\u00e9parer les jeunes aux enjeux de sant\u00e9 au travail &#8211; F\u00e9vrier 2024<\/a><time datetime=\"2024-03-07T18:39:57+01:00\" class=\"wp-block-latest-posts__post-date\">7 mars 2024<\/time><\/li>\n<li><div class=\"wp-block-latest-posts__featured-image alignleft\"><img loading=\"lazy\" decoding=\"async\" width=\"212\" height=\"300\" src=\"https:\/\/pedagogie.ac-lille.fr\/sbssa\/wp-content\/uploads\/sites\/30\/2024\/03\/ed4474-212x300.jpg\" class=\"attachment-medium size-medium no-lazy wp-post-image\" alt=\"\" style=\"max-width:150px;max-height:150px;\" srcset=\"https:\/\/pedagogie.ac-lille.fr\/sbssa\/wp-content\/uploads\/sites\/30\/2024\/03\/ed4474-212x300.jpg 212w, https:\/\/pedagogie.ac-lille.fr\/sbssa\/wp-content\/uploads\/sites\/30\/2024\/03\/ed4474.jpg 280w\" sizes=\"auto, (max-width: 212px) 100vw, 212px\" \/><\/div><a class=\"wp-block-latest-posts__post-title\" href=\"https:\/\/pedagogie.ac-lille.fr\/sbssa\/tutoprev-accueil-metiers-de-la-beaute-janvier-2024\/\">TutoPr\u00e9v&rsquo; Accueil &#8211; M\u00e9tiers de la beaut\u00e9 &#8211; Janvier 2024<\/a><time datetime=\"2024-03-07T18:28:53+01:00\" class=\"wp-block-latest-posts__post-date\">7 mars 2024<\/time><\/li>\n<li><div class=\"wp-block-latest-posts__featured-image alignleft\"><img loading=\"lazy\" decoding=\"async\" width=\"300\" height=\"300\" src=\"https:\/\/pedagogie.ac-lille.fr\/sbssa\/wp-content\/uploads\/sites\/30\/2021\/07\/coiffure-TMS-300x300.jpg\" class=\"attachment-medium size-medium no-lazy wp-post-image\" alt=\"\" style=\"max-width:150px;max-height:150px;\" srcset=\"https:\/\/pedagogie.ac-lille.fr\/sbssa\/wp-content\/uploads\/sites\/30\/2021\/07\/coiffure-TMS-300x300.jpg 300w, https:\/\/pedagogie.ac-lille.fr\/sbssa\/wp-content\/uploads\/sites\/30\/2021\/07\/coiffure-TMS-150x150.jpg 150w, https:\/\/pedagogie.ac-lille.fr\/sbssa\/wp-content\/uploads\/sites\/30\/2021\/07\/coiffure-TMS.jpg 480w\" sizes=\"auto, (max-width: 300px) 100vw, 300px\" \/><\/div><a class=\"wp-block-latest-posts__post-title\" href=\"https:\/\/pedagogie.ac-lille.fr\/sbssa\/prevention-des-risques-professionnels-en-coiffure\/\">Pr\u00e9vention des risques professionnels en coiffure<\/a><time datetime=\"2021-07-25T20:40:20+02:00\" class=\"wp-block-latest-posts__post-date\">25 juillet 2021<\/time><\/li>\n<li><div class=\"wp-block-latest-posts__featured-image alignleft\"><img loading=\"lazy\" decoding=\"async\" width=\"268\" height=\"300\" src=\"https:\/\/pedagogie.ac-lille.fr\/sbssa\/wp-content\/uploads\/sites\/30\/2021\/07\/sketchbook-156775_1280-268x300.png\" class=\"attachment-medium size-medium no-lazy wp-post-image\" alt=\"Guide\" style=\"max-width:150px;max-height:150px;\" srcset=\"https:\/\/pedagogie.ac-lille.fr\/sbssa\/wp-content\/uploads\/sites\/30\/2021\/07\/sketchbook-156775_1280-268x300.png 268w, https:\/\/pedagogie.ac-lille.fr\/sbssa\/wp-content\/uploads\/sites\/30\/2021\/07\/sketchbook-156775_1280-914x1024.png 914w, https:\/\/pedagogie.ac-lille.fr\/sbssa\/wp-content\/uploads\/sites\/30\/2021\/07\/sketchbook-156775_1280-768x860.png 768w, https:\/\/pedagogie.ac-lille.fr\/sbssa\/wp-content\/uploads\/sites\/30\/2021\/07\/sketchbook-156775_1280.png 1143w\" sizes=\"auto, (max-width: 268px) 100vw, 268px\" \/><\/div><a class=\"wp-block-latest-posts__post-title\" href=\"https:\/\/pedagogie.ac-lille.fr\/sbssa\/guide-daccompagnement-pedagogique-guide-dequipement-cap-et-bcp-metiers-de-la-coiffure-01-09-2019\/\">Guides d&rsquo;accompagnement p\u00e9dagogique et d&rsquo;\u00e9quipement des CAP et BCP M\u00e9tiers de la coiffure 01-09-2019<\/a><time datetime=\"2021-07-25T20:11:56+02:00\" class=\"wp-block-latest-posts__post-date\">25 juillet 2021<\/time><\/li>\n<\/ul>","protected":false},"excerpt":{"rendered":"<p>Le titulaire du CAP m\u00e9tiers de la coiffure utilise les techniques courantes de coiffure pour hommes, femmes et enfants. Il lave, coupe, coiffe les cheveux. Sous les directives d&rsquo;un responsable, [&hellip;]<\/p>\n","protected":false},"author":48,"featured_media":0,"parent":337,"menu_order":0,"comment_status":"closed","ping_status":"closed","template":"","meta":{"ngg_post_thumbnail":0,"footnotes":""},"class_list":["post-1725","page","type-page","status-publish","czr-hentry"],"publishpress_future_action":{"enabled":false,"date":"2026-04-11 08:33:31","action":"change-status","newStatus":"draft","terms":[],"taxonomy":"","extraData":[]},"publishpress_future_workflow_manual_trigger":{"enabledWorkflows":[]},"_links":{"self":[{"href":"https:\/\/pedagogie.ac-lille.fr\/sbssa\/wp-json\/wp\/v2\/pages\/1725","targetHints":{"allow":["GET"]}}],"collection":[{"href":"https:\/\/pedagogie.ac-lille.fr\/sbssa\/wp-json\/wp\/v2\/pages"}],"about":[{"href":"https:\/\/pedagogie.ac-lille.fr\/sbssa\/wp-json\/wp\/v2\/types\/page"}],"author":[{"embeddable":true,"href":"https:\/\/pedagogie.ac-lille.fr\/sbssa\/wp-json\/wp\/v2\/users\/48"}],"replies":[{"embeddable":true,"href":"https:\/\/pedagogie.ac-lille.fr\/sbssa\/wp-json\/wp\/v2\/comments?post=1725"}],"version-history":[{"count":20,"href":"https:\/\/pedagogie.ac-lille.fr\/sbssa\/wp-json\/wp\/v2\/pages\/1725\/revisions"}],"predecessor-version":[{"id":13161,"href":"https:\/\/pedagogie.ac-lille.fr\/sbssa\/wp-json\/wp\/v2\/pages\/1725\/revisions\/13161"}],"up":[{"embeddable":true,"href":"https:\/\/pedagogie.ac-lille.fr\/sbssa\/wp-json\/wp\/v2\/pages\/337"}],"wp:attachment":[{"href":"https:\/\/pedagogie.ac-lille.fr\/sbssa\/wp-json\/wp\/v2\/media?parent=1725"}],"curies":[{"name":"wp","href":"https:\/\/api.w.org\/{rel}","templated":true}]}}