{"id":1740,"date":"2021-07-14T23:50:50","date_gmt":"2021-07-14T21:50:50","guid":{"rendered":"https:\/\/pedagogie.ac-lille.fr\/sbssa\/?page_id=1740"},"modified":"2024-12-23T22:00:09","modified_gmt":"2024-12-23T21:00:09","slug":"mention-complementaire-coiffure-coupe-couleur-mc-ccc","status":"publish","type":"page","link":"https:\/\/pedagogie.ac-lille.fr\/sbssa\/filieres\/beaute-et-bien-etre\/coiffure\/mention-complementaire-coiffure-coupe-couleur-mc-ccc\/","title":{"rendered":"Mention Compl\u00e9mentaire Coiffure Coupe Couleur (MC CCC)"},"content":{"rendered":"\n<div class=\"wp-block-columns is-layout-flex wp-container-core-columns-is-layout-28f84493 wp-block-columns-is-layout-flex\">\n<div class=\"wp-block-column is-layout-flow wp-block-column-is-layout-flow\">\n<figure class=\"wp-block-image size-thumbnail is-resized\"><a href=\"https:\/\/pedagogie.ac-lille.fr\/sbssa\/filieres\/beaute-et-bien-etre\/coiffure\/mention-complementaire-coiffure-coupe-couleur-mc-ccc\/textes-officiels-mc-ccc\/\"><img loading=\"lazy\" decoding=\"async\" width=\"150\" height=\"150\" src=\"https:\/\/pedagogie.ac-lille.fr\/sbssa\/wp-content\/uploads\/sites\/30\/2022\/05\/education-g88d03105e_1280-150x150.png\" alt=\"Officiel\" class=\"wp-image-3822\" style=\"width:150px;height:150px\" srcset=\"https:\/\/pedagogie.ac-lille.fr\/sbssa\/wp-content\/uploads\/sites\/30\/2022\/05\/education-g88d03105e_1280-150x150.png 150w, https:\/\/pedagogie.ac-lille.fr\/sbssa\/wp-content\/uploads\/sites\/30\/2022\/05\/education-g88d03105e_1280-300x300.png 300w, https:\/\/pedagogie.ac-lille.fr\/sbssa\/wp-content\/uploads\/sites\/30\/2022\/05\/education-g88d03105e_1280-1024x1024.png 1024w, https:\/\/pedagogie.ac-lille.fr\/sbssa\/wp-content\/uploads\/sites\/30\/2022\/05\/education-g88d03105e_1280-768x768.png 768w, https:\/\/pedagogie.ac-lille.fr\/sbssa\/wp-content\/uploads\/sites\/30\/2022\/05\/education-g88d03105e_1280-510x510.png 510w, https:\/\/pedagogie.ac-lille.fr\/sbssa\/wp-content\/uploads\/sites\/30\/2022\/05\/education-g88d03105e_1280.png 1280w\" sizes=\"auto, (max-width: 150px) 100vw, 150px\" \/><\/a><figcaption class=\"wp-element-caption\"><a href=\"https:\/\/pedagogie.ac-lille.fr\/sbssa\/filieres\/beaute-et-bien-etre\/coiffure\/mention-complementaire-coiffure-coupe-couleur-mc-ccc\/textes-officiels-mc-ccc\/\">Textes officiels<\/a><\/figcaption><\/figure>\n<\/div>\n\n\n\n<div class=\"wp-block-column is-layout-flow wp-block-column-is-layout-flow\">\n<figure class=\"wp-block-image size-thumbnail is-style-rounded\"><a href=\"https:\/\/pedagogie.ac-lille.fr\/sbssa\/?page_id=13076&amp;preview=true&amp;aiEnableCheckShortcode=true\" target=\"_blank\" rel=\" noreferrer noopener\"><img loading=\"lazy\" decoding=\"async\" width=\"150\" height=\"150\" src=\"https:\/\/pedagogie.ac-lille.fr\/sbssa\/wp-content\/uploads\/sites\/30\/2021\/07\/laptop-819285_1920-150x150.jpg\" alt=\"R\u00e9f\u00e9rentiel\" class=\"wp-image-1581\" style=\"aspect-ratio:1;object-fit:cover\" srcset=\"https:\/\/pedagogie.ac-lille.fr\/sbssa\/wp-content\/uploads\/sites\/30\/2021\/07\/laptop-819285_1920-150x150.jpg 150w, https:\/\/pedagogie.ac-lille.fr\/sbssa\/wp-content\/uploads\/sites\/30\/2021\/07\/laptop-819285_1920-510x510.jpg 510w\" sizes=\"auto, (max-width: 150px) 100vw, 150px\" \/><\/a><figcaption class=\"wp-element-caption\"><a href=\"https:\/\/pedagogie.ac-lille.fr\/sbssa\/?page_id=13076&amp;preview=true&amp;aiEnableCheckShortcode=true\" target=\"_blank\" rel=\"noreferrer noopener\">R\u00e9f\u00e9rentiel<\/a><\/figcaption><\/figure>\n<\/div>\n\n\n\n<div class=\"wp-block-column is-layout-flow wp-block-column-is-layout-flow\">\n<figure class=\"wp-block-image size-thumbnail\"><a href=\"https:\/\/pedagogie.ac-lille.fr\/sbssa\/filieres\/beaute-et-bien-etre\/coiffure\/mention-complementaire-coiffure-coupe-couleur-mc-ccc\/documents-academiques-mc-ccc\/\"><img loading=\"lazy\" decoding=\"async\" width=\"150\" height=\"150\" src=\"https:\/\/pedagogie.ac-lille.fr\/sbssa\/wp-content\/uploads\/sites\/30\/2023\/02\/Academie_de_Lille.svg_-150x150.png\" alt=\"\" class=\"wp-image-9557\" srcset=\"https:\/\/pedagogie.ac-lille.fr\/sbssa\/wp-content\/uploads\/sites\/30\/2023\/02\/Academie_de_Lille.svg_-150x150.png 150w, https:\/\/pedagogie.ac-lille.fr\/sbssa\/wp-content\/uploads\/sites\/30\/2023\/02\/Academie_de_Lille.svg_-298x300.png 298w, https:\/\/pedagogie.ac-lille.fr\/sbssa\/wp-content\/uploads\/sites\/30\/2023\/02\/Academie_de_Lille.svg_-1017x1024.png 1017w, https:\/\/pedagogie.ac-lille.fr\/sbssa\/wp-content\/uploads\/sites\/30\/2023\/02\/Academie_de_Lille.svg_-768x773.png 768w, https:\/\/pedagogie.ac-lille.fr\/sbssa\/wp-content\/uploads\/sites\/30\/2023\/02\/Academie_de_Lille.svg_-510x510.png 510w, https:\/\/pedagogie.ac-lille.fr\/sbssa\/wp-content\/uploads\/sites\/30\/2023\/02\/Academie_de_Lille.svg_.png 1200w\" sizes=\"auto, (max-width: 150px) 100vw, 150px\" \/><\/a><figcaption class=\"wp-element-caption\"><a href=\"https:\/\/pedagogie.ac-lille.fr\/sbssa\/filieres\/beaute-et-bien-etre\/coiffure\/mention-complementaire-coiffure-coupe-couleur-mc-ccc\/documents-academiques-mc-ccc\/\">Documents acad\u00e9miques<\/a><\/figcaption><\/figure>\n<\/div>\n\n\n\n<div class=\"wp-block-column is-layout-flow wp-block-column-is-layout-flow\">\n<figure class=\"wp-block-image size-thumbnail\"><a href=\"https:\/\/pedagogie.ac-lille.fr\/sbssa\/filieres\/beaute-et-bien-etre\/coiffure\/mention-complementaire-coiffure-coupe-couleur-mc-ccc\/ressources-mc-ccc\/\"><img loading=\"lazy\" decoding=\"async\" width=\"150\" height=\"150\" src=\"https:\/\/pedagogie.ac-lille.fr\/sbssa\/wp-content\/uploads\/sites\/30\/2022\/05\/pixel-cells-g9c2803b40_1280-150x150.png\" alt=\"Ressources\" class=\"wp-image-3312\" srcset=\"https:\/\/pedagogie.ac-lille.fr\/sbssa\/wp-content\/uploads\/sites\/30\/2022\/05\/pixel-cells-g9c2803b40_1280-150x150.png 150w, https:\/\/pedagogie.ac-lille.fr\/sbssa\/wp-content\/uploads\/sites\/30\/2022\/05\/pixel-cells-g9c2803b40_1280-510x510.png 510w\" sizes=\"auto, (max-width: 150px) 100vw, 150px\" \/><\/a><figcaption class=\"wp-element-caption\"><a href=\"https:\/\/pedagogie.ac-lille.fr\/sbssa\/filieres\/beaute-et-bien-etre\/coiffure\/mention-complementaire-coiffure-coupe-couleur-mc-ccc\/ressources-mc-ccc\/\">Ressources<\/a><\/figcaption><\/figure>\n<\/div>\n<\/div>\n\n\n<p><a href=\"https:\/\/pedagogie.ac-lille.fr\/sbssa\/wp-content\/uploads\/sites\/30\/2021\/07\/brush-5965371_1920.jpg\"><img loading=\"lazy\" decoding=\"async\" class=\"size-medium wp-image-2153 alignleft\" src=\"https:\/\/pedagogie.ac-lille.fr\/sbssa\/wp-content\/uploads\/sites\/30\/2021\/07\/brush-5965371_1920-300x200.jpg\" alt=\"\" width=\"300\" height=\"200\" srcset=\"https:\/\/pedagogie.ac-lille.fr\/sbssa\/wp-content\/uploads\/sites\/30\/2021\/07\/brush-5965371_1920-300x200.jpg 300w, https:\/\/pedagogie.ac-lille.fr\/sbssa\/wp-content\/uploads\/sites\/30\/2021\/07\/brush-5965371_1920-1024x683.jpg 1024w, https:\/\/pedagogie.ac-lille.fr\/sbssa\/wp-content\/uploads\/sites\/30\/2021\/07\/brush-5965371_1920-768x512.jpg 768w, https:\/\/pedagogie.ac-lille.fr\/sbssa\/wp-content\/uploads\/sites\/30\/2021\/07\/brush-5965371_1920-1536x1024.jpg 1536w, https:\/\/pedagogie.ac-lille.fr\/sbssa\/wp-content\/uploads\/sites\/30\/2021\/07\/brush-5965371_1920.jpg 1920w\" sizes=\"auto, (max-width: 300px) 100vw, 300px\" \/><\/a>Cr\u00e9\u00e9e par l&rsquo;<a href=\"https:\/\/www.legifrance.gouv.fr\/loda\/id\/JORFTEXT000030462098\/\" target=\"_blank\" rel=\"noopener\">arr\u00eat\u00e9 du 23-03-2015<\/a>, la Mention Compl\u00e9mentaire Coiffure Coupe Couleur est destin\u00e9e \u00e0 am\u00e9liorer la technique des jeunes titulaires d&rsquo;un CAP. Elle forme de futurs professionnels sp\u00e9cialistes de la coloration et de la coupe.<\/p>\n<p>Son titulaire sait concevoir et r\u00e9aliser des effets capillaires par coloration, m\u00e9chage, d\u00e9frisage \u2026 Il conna\u00eet \u00e9galement les diff\u00e9rents styles de coupes ainsi que les techniques de mises en forme et de coiffage, qui vont lui permettre de r\u00e9aliser des coiffures personnalis\u00e9es. Le jeune dipl\u00f4m\u00e9 peut \u00eatre coiffeur dans un salon ou un \u00e9tablissement sanitaire et social. Il peut aussi travailler comme conseiller, animateur ou responsable technique dans une entreprise de production ou de distribution de produits capillaires.<\/p>\n<p><em>(Source : ONISEP)<\/em><\/p>\n<p>&nbsp;<\/p>\n\n\n<div class=\"wp-block-columns is-layout-flex wp-container-core-columns-is-layout-28f84493 wp-block-columns-is-layout-flex\">\n<div class=\"wp-block-column is-layout-flow wp-block-column-is-layout-flow\">\n<figure class=\"wp-block-image size-full\"><a href=\"https:\/\/www.onisep.fr\/ressources\/univers-formation\/Formations\/Lycees\/mc-coiffure-coupe-couleur#:~:text=Destin%C3%A9e%20%C3%A0%20am%C3%A9liorer%20la%20technique,%2C%20m%C3%A9chage%2C%20d%C3%A9frisage%20...\" target=\"_blank\" rel=\"noreferrer noopener\"><img loading=\"lazy\" decoding=\"async\" width=\"482\" height=\"104\" src=\"https:\/\/pedagogie.ac-lille.fr\/sbssa\/wp-content\/uploads\/sites\/30\/2021\/03\/Onisep.png\" alt=\"Onisep\" class=\"wp-image-296\" srcset=\"https:\/\/pedagogie.ac-lille.fr\/sbssa\/wp-content\/uploads\/sites\/30\/2021\/03\/Onisep.png 482w, https:\/\/pedagogie.ac-lille.fr\/sbssa\/wp-content\/uploads\/sites\/30\/2021\/03\/Onisep-300x65.png 300w\" sizes=\"auto, (max-width: 482px) 100vw, 482px\" \/><\/a><\/figure>\n<\/div>\n\n\n\n<div class=\"wp-block-column is-layout-flow wp-block-column-is-layout-flow\">\n<h5><a href=\"https:\/\/www.onisep.fr\/ressources\/univers-formation\/Formations\/Lycees\/mc-coiffure-coupe-couleur#:~:text=Destin%C3%A9e%20%C3%A0%20am%C3%A9liorer%20la%20technique,%2C%20m%C3%A9chage%2C%20d%C3%A9frisage%20...\" target=\"_blank\" rel=\"noopener\">Pr\u00e9sentation du dipl\u00f4me <br \/>Admissions &#8211; Lieux de formation<\/a><\/h5>\n<\/div>\n<\/div>\n\n\n\n<h2 class=\"wp-block-heading\"><mark style=\"background-color:#0693e3\" class=\"has-inline-color has-white-color\">DERNIERS ARTICLES PUBLI\u00c9S<\/mark><\/h2>\n\n\n<ul class=\"wp-block-latest-posts__list has-dates wp-block-latest-posts\"><li><div class=\"wp-block-latest-posts__featured-image alignleft\"><a href=\"https:\/\/pedagogie.ac-lille.fr\/sbssa\/travail-securite-numero-de-mars-2026-les-metiers-de-la-beaute\/\" aria-label=\"Travail &amp; S\u00e9curit\u00e9 : num\u00e9ro de mars 2026 &#8211; \u00ab\u00a0Les m\u00e9tiers de la beaut\u00e9\u00a0\u00bb\"><img loading=\"lazy\" decoding=\"async\" width=\"150\" height=\"150\" src=\"https:\/\/pedagogie.ac-lille.fr\/sbssa\/wp-content\/uploads\/sites\/30\/2026\/03\/Pages-de-TS879-copie-150x150.webp\" class=\"attachment-thumbnail size-thumbnail no-lazy wp-post-image\" alt=\"\" style=\"\" srcset=\"https:\/\/pedagogie.ac-lille.fr\/sbssa\/wp-content\/uploads\/sites\/30\/2026\/03\/Pages-de-TS879-copie-150x150.webp 150w, https:\/\/pedagogie.ac-lille.fr\/sbssa\/wp-content\/uploads\/sites\/30\/2026\/03\/Pages-de-TS879-copie-510x510.webp 510w\" sizes=\"auto, (max-width: 150px) 100vw, 150px\" \/><\/a><\/div><a class=\"wp-block-latest-posts__post-title\" href=\"https:\/\/pedagogie.ac-lille.fr\/sbssa\/travail-securite-numero-de-mars-2026-les-metiers-de-la-beaute\/\">Travail &amp; S\u00e9curit\u00e9 : num\u00e9ro de mars 2026 &#8211; \u00ab\u00a0Les m\u00e9tiers de la beaut\u00e9\u00a0\u00bb<\/a><time datetime=\"2026-03-22T18:59:47+01:00\" class=\"wp-block-latest-posts__post-date\">22 mars 2026<\/time><\/li>\n<li><div class=\"wp-block-latest-posts__featured-image alignleft\"><a href=\"https:\/\/pedagogie.ac-lille.fr\/sbssa\/concours-general-des-metiers-cgm-de-lesthetique-cosmetique-parfumerie-et-des-metiers-de-la-coiffure\/\" aria-label=\"Concours g\u00e9n\u00e9ral des m\u00e9tiers (CGM) Esth\u00e9tique cosm\u00e9tique parfumerie et M\u00e9tiers de la Coiffure\"><img loading=\"lazy\" decoding=\"async\" width=\"150\" height=\"150\" src=\"https:\/\/pedagogie.ac-lille.fr\/sbssa\/wp-content\/uploads\/sites\/30\/2022\/11\/Concours-Ge\u0301ne\u0301ral-des-me\u0301tiers-150x150.jpg\" class=\"attachment-thumbnail size-thumbnail no-lazy wp-post-image\" alt=\"\" style=\"\" srcset=\"https:\/\/pedagogie.ac-lille.fr\/sbssa\/wp-content\/uploads\/sites\/30\/2022\/11\/Concours-Ge\u0301ne\u0301ral-des-me\u0301tiers-150x150.jpg 150w, https:\/\/pedagogie.ac-lille.fr\/sbssa\/wp-content\/uploads\/sites\/30\/2022\/11\/Concours-Ge\u0301ne\u0301ral-des-me\u0301tiers-510x510.jpg 510w\" sizes=\"auto, (max-width: 150px) 100vw, 150px\" \/><\/a><\/div><a class=\"wp-block-latest-posts__post-title\" href=\"https:\/\/pedagogie.ac-lille.fr\/sbssa\/concours-general-des-metiers-cgm-de-lesthetique-cosmetique-parfumerie-et-des-metiers-de-la-coiffure\/\">Concours g\u00e9n\u00e9ral des m\u00e9tiers (CGM) Esth\u00e9tique cosm\u00e9tique parfumerie et M\u00e9tiers de la Coiffure<\/a><time datetime=\"2025-09-04T07:26:16+02:00\" class=\"wp-block-latest-posts__post-date\">4 septembre 2025<\/time><\/li>\n<li><div class=\"wp-block-latest-posts__featured-image alignleft\"><a href=\"https:\/\/pedagogie.ac-lille.fr\/sbssa\/tutoprev-pedagogie-metiers-de-la-beaute\/\" aria-label=\"Tutopr\u00e9v&rsquo; P\u00e9dagogie M\u00e9tiers de la beaut\u00e9\"><img loading=\"lazy\" decoding=\"async\" width=\"150\" height=\"150\" src=\"https:\/\/pedagogie.ac-lille.fr\/sbssa\/wp-content\/uploads\/sites\/30\/2025\/07\/TutoPrev-Metiers-de-la-beaute-150x150.png\" class=\"attachment-thumbnail size-thumbnail no-lazy wp-post-image\" alt=\"\" style=\"\" \/><\/a><\/div><a class=\"wp-block-latest-posts__post-title\" href=\"https:\/\/pedagogie.ac-lille.fr\/sbssa\/tutoprev-pedagogie-metiers-de-la-beaute\/\">Tutopr\u00e9v&rsquo; P\u00e9dagogie M\u00e9tiers de la beaut\u00e9<\/a><time datetime=\"2025-07-09T20:01:59+02:00\" class=\"wp-block-latest-posts__post-date\">9 juillet 2025<\/time><\/li>\n<li><div class=\"wp-block-latest-posts__featured-image alignleft\"><a href=\"https:\/\/pedagogie.ac-lille.fr\/sbssa\/preparer-les-jeunes-aux-enjeux-de-sante-au-travail-fevrier-2024\/\" aria-label=\"Pr\u00e9parer les jeunes aux enjeux de sant\u00e9 au travail &#8211; F\u00e9vrier 2024\"><img loading=\"lazy\" decoding=\"async\" width=\"150\" height=\"150\" src=\"https:\/\/pedagogie.ac-lille.fr\/sbssa\/wp-content\/uploads\/sites\/30\/2024\/03\/couverture-travail-et-securite-150x150.jpg\" class=\"attachment-thumbnail size-thumbnail no-lazy wp-post-image\" alt=\"\" style=\"\" \/><\/a><\/div><a class=\"wp-block-latest-posts__post-title\" href=\"https:\/\/pedagogie.ac-lille.fr\/sbssa\/preparer-les-jeunes-aux-enjeux-de-sante-au-travail-fevrier-2024\/\">Pr\u00e9parer les jeunes aux enjeux de sant\u00e9 au travail &#8211; F\u00e9vrier 2024<\/a><time datetime=\"2024-03-07T18:39:57+01:00\" class=\"wp-block-latest-posts__post-date\">7 mars 2024<\/time><\/li>\n<li><div class=\"wp-block-latest-posts__featured-image alignleft\"><a href=\"https:\/\/pedagogie.ac-lille.fr\/sbssa\/tutoprev-accueil-metiers-de-la-beaute-janvier-2024\/\" aria-label=\"TutoPr\u00e9v&rsquo; Accueil &#8211; M\u00e9tiers de la beaut\u00e9 &#8211; Janvier 2024\"><img loading=\"lazy\" decoding=\"async\" width=\"150\" height=\"150\" src=\"https:\/\/pedagogie.ac-lille.fr\/sbssa\/wp-content\/uploads\/sites\/30\/2024\/03\/ed4474-150x150.jpg\" class=\"attachment-thumbnail size-thumbnail no-lazy wp-post-image\" alt=\"\" style=\"\" \/><\/a><\/div><a class=\"wp-block-latest-posts__post-title\" href=\"https:\/\/pedagogie.ac-lille.fr\/sbssa\/tutoprev-accueil-metiers-de-la-beaute-janvier-2024\/\">TutoPr\u00e9v&rsquo; Accueil &#8211; M\u00e9tiers de la beaut\u00e9 &#8211; Janvier 2024<\/a><time datetime=\"2024-03-07T18:28:53+01:00\" class=\"wp-block-latest-posts__post-date\">7 mars 2024<\/time><\/li>\n<li><div class=\"wp-block-latest-posts__featured-image alignleft\"><a href=\"https:\/\/pedagogie.ac-lille.fr\/sbssa\/evaluation-en-mode-ponctuel-mention-complementaire-coiffure-coupe-couleur\/\" aria-label=\"MC CCC &#8211; \u00c9valuation en mode ponctuel en Mention Compl\u00e9mentaire \u00ab\u00a0Coiffure &#8211; Coupe &#8211; Couleur\u00a0\u00bb\"><img loading=\"lazy\" decoding=\"async\" width=\"150\" height=\"150\" src=\"https:\/\/pedagogie.ac-lille.fr\/sbssa\/wp-content\/uploads\/sites\/30\/2022\/05\/feedback-g3d2015c20_1920-150x150.jpg\" class=\"attachment-thumbnail size-thumbnail no-lazy wp-post-image\" alt=\"Evaluation\" style=\"\" srcset=\"https:\/\/pedagogie.ac-lille.fr\/sbssa\/wp-content\/uploads\/sites\/30\/2022\/05\/feedback-g3d2015c20_1920-150x150.jpg 150w, https:\/\/pedagogie.ac-lille.fr\/sbssa\/wp-content\/uploads\/sites\/30\/2022\/05\/feedback-g3d2015c20_1920-510x510.jpg 510w\" sizes=\"auto, (max-width: 150px) 100vw, 150px\" \/><\/a><\/div><a class=\"wp-block-latest-posts__post-title\" href=\"https:\/\/pedagogie.ac-lille.fr\/sbssa\/evaluation-en-mode-ponctuel-mention-complementaire-coiffure-coupe-couleur\/\">MC CCC &#8211; \u00c9valuation en mode ponctuel en Mention Compl\u00e9mentaire \u00ab\u00a0Coiffure &#8211; Coupe &#8211; Couleur\u00a0\u00bb<\/a><time datetime=\"2021-07-31T19:23:44+02:00\" class=\"wp-block-latest-posts__post-date\">31 juillet 2021<\/time><\/li>\n<li><div class=\"wp-block-latest-posts__featured-image alignleft\"><a href=\"https:\/\/pedagogie.ac-lille.fr\/sbssa\/evaluation-en-controle-en-cours-de-formation-ccf\/\" aria-label=\"MC CCC &#8211; \u00c9valuation en CCF en Mention Compl\u00e9mentaire \u00ab\u00a0Coiffure, Coupe Couleur\u00a0\u00bb\"><img loading=\"lazy\" decoding=\"async\" width=\"150\" height=\"150\" src=\"https:\/\/pedagogie.ac-lille.fr\/sbssa\/wp-content\/uploads\/sites\/30\/2022\/05\/feedback-g3d2015c20_1920-150x150.jpg\" class=\"attachment-thumbnail size-thumbnail no-lazy wp-post-image\" alt=\"Evaluation\" style=\"\" srcset=\"https:\/\/pedagogie.ac-lille.fr\/sbssa\/wp-content\/uploads\/sites\/30\/2022\/05\/feedback-g3d2015c20_1920-150x150.jpg 150w, https:\/\/pedagogie.ac-lille.fr\/sbssa\/wp-content\/uploads\/sites\/30\/2022\/05\/feedback-g3d2015c20_1920-510x510.jpg 510w\" sizes=\"auto, (max-width: 150px) 100vw, 150px\" \/><\/a><\/div><a class=\"wp-block-latest-posts__post-title\" href=\"https:\/\/pedagogie.ac-lille.fr\/sbssa\/evaluation-en-controle-en-cours-de-formation-ccf\/\">MC CCC &#8211; \u00c9valuation en CCF en Mention Compl\u00e9mentaire \u00ab\u00a0Coiffure, Coupe Couleur\u00a0\u00bb<\/a><time datetime=\"2021-07-30T21:05:26+02:00\" class=\"wp-block-latest-posts__post-date\">30 juillet 2021<\/time><\/li>\n<li><div class=\"wp-block-latest-posts__featured-image alignleft\"><a href=\"https:\/\/pedagogie.ac-lille.fr\/sbssa\/presentation-de-la-mention-complementaire-coiffure-coupe-couleur\/\" aria-label=\"Pr\u00e9sentation de la Mention Compl\u00e9mentaire \u00ab\u00a0Coiffure, Coupe, Couleur\u00a0\u00bb\"><img loading=\"lazy\" decoding=\"async\" width=\"150\" height=\"150\" src=\"https:\/\/pedagogie.ac-lille.fr\/sbssa\/wp-content\/uploads\/sites\/30\/2021\/07\/AVT_ONISEP_6407-150x150.jpg\" class=\"attachment-thumbnail size-thumbnail no-lazy wp-post-image\" alt=\"ONISEP\" style=\"\" \/><\/a><\/div><a class=\"wp-block-latest-posts__post-title\" href=\"https:\/\/pedagogie.ac-lille.fr\/sbssa\/presentation-de-la-mention-complementaire-coiffure-coupe-couleur\/\">Pr\u00e9sentation de la Mention Compl\u00e9mentaire \u00ab\u00a0Coiffure, Coupe, Couleur\u00a0\u00bb<\/a><time datetime=\"2021-07-30T21:00:38+02:00\" class=\"wp-block-latest-posts__post-date\">30 juillet 2021<\/time><\/li>\n<li><div class=\"wp-block-latest-posts__featured-image alignleft\"><a href=\"https:\/\/pedagogie.ac-lille.fr\/sbssa\/2170-2\/\" aria-label=\"MC CCC &#8211; R\u00e9f\u00e9rentiels de la Mention Compl\u00e9mentaire \u00ab\u00a0Coiffure, Coupe, Couleur\u00a0\u00bb\"><img loading=\"lazy\" decoding=\"async\" width=\"150\" height=\"150\" src=\"https:\/\/pedagogie.ac-lille.fr\/sbssa\/wp-content\/uploads\/sites\/30\/2021\/07\/laptop-819285_1920-150x150.jpg\" class=\"attachment-thumbnail size-thumbnail no-lazy wp-post-image\" alt=\"R\u00e9f\u00e9rentiel\" style=\"\" srcset=\"https:\/\/pedagogie.ac-lille.fr\/sbssa\/wp-content\/uploads\/sites\/30\/2021\/07\/laptop-819285_1920-150x150.jpg 150w, https:\/\/pedagogie.ac-lille.fr\/sbssa\/wp-content\/uploads\/sites\/30\/2021\/07\/laptop-819285_1920-510x510.jpg 510w\" sizes=\"auto, (max-width: 150px) 100vw, 150px\" \/><\/a><\/div><a class=\"wp-block-latest-posts__post-title\" href=\"https:\/\/pedagogie.ac-lille.fr\/sbssa\/2170-2\/\">MC CCC &#8211; R\u00e9f\u00e9rentiels de la Mention Compl\u00e9mentaire \u00ab\u00a0Coiffure, Coupe, Couleur\u00a0\u00bb<\/a><time datetime=\"2021-07-30T20:55:11+02:00\" class=\"wp-block-latest-posts__post-date\">30 juillet 2021<\/time><\/li>\n<\/ul>","protected":false},"excerpt":{"rendered":"<p>Cr\u00e9\u00e9e par l&rsquo;arr\u00eat\u00e9 du 23-03-2015, la Mention Compl\u00e9mentaire Coiffure Coupe Couleur est destin\u00e9e \u00e0 am\u00e9liorer la technique des jeunes titulaires d&rsquo;un CAP. Elle forme de futurs professionnels sp\u00e9cialistes de la [&hellip;]<\/p>\n","protected":false},"author":48,"featured_media":0,"parent":337,"menu_order":0,"comment_status":"closed","ping_status":"closed","template":"","meta":{"ngg_post_thumbnail":0,"footnotes":""},"class_list":["post-1740","page","type-page","status-publish","czr-hentry"],"publishpress_future_action":{"enabled":false,"date":"2026-04-11 11:51:07","action":"change-status","newStatus":"draft","terms":[],"taxonomy":"","extraData":[]},"publishpress_future_workflow_manual_trigger":{"enabledWorkflows":[]},"_links":{"self":[{"href":"https:\/\/pedagogie.ac-lille.fr\/sbssa\/wp-json\/wp\/v2\/pages\/1740","targetHints":{"allow":["GET"]}}],"collection":[{"href":"https:\/\/pedagogie.ac-lille.fr\/sbssa\/wp-json\/wp\/v2\/pages"}],"about":[{"href":"https:\/\/pedagogie.ac-lille.fr\/sbssa\/wp-json\/wp\/v2\/types\/page"}],"author":[{"embeddable":true,"href":"https:\/\/pedagogie.ac-lille.fr\/sbssa\/wp-json\/wp\/v2\/users\/48"}],"replies":[{"embeddable":true,"href":"https:\/\/pedagogie.ac-lille.fr\/sbssa\/wp-json\/wp\/v2\/comments?post=1740"}],"version-history":[{"count":9,"href":"https:\/\/pedagogie.ac-lille.fr\/sbssa\/wp-json\/wp\/v2\/pages\/1740\/revisions"}],"predecessor-version":[{"id":13080,"href":"https:\/\/pedagogie.ac-lille.fr\/sbssa\/wp-json\/wp\/v2\/pages\/1740\/revisions\/13080"}],"up":[{"embeddable":true,"href":"https:\/\/pedagogie.ac-lille.fr\/sbssa\/wp-json\/wp\/v2\/pages\/337"}],"wp:attachment":[{"href":"https:\/\/pedagogie.ac-lille.fr\/sbssa\/wp-json\/wp\/v2\/media?parent=1740"}],"curies":[{"name":"wp","href":"https:\/\/api.w.org\/{rel}","templated":true}]}}