{"id":2695,"date":"2021-08-17T11:47:07","date_gmt":"2021-08-17T09:47:07","guid":{"rendered":"https:\/\/pedagogie.ac-lille.fr\/sbssa\/?page_id=2695"},"modified":"2023-07-09T10:47:07","modified_gmt":"2023-07-09T08:47:07","slug":"s-e-g-p-a-champ-espace-rural-et-environnement-e-r-e","status":"publish","type":"page","link":"https:\/\/pedagogie.ac-lille.fr\/sbssa\/filieres\/page2-2\/s-e-g-p-a-champ-espace-rural-et-environnement-e-r-e\/","title":{"rendered":"S.E.G.P.A. champ Espace Rural et Environnement (E.R.E.)"},"content":{"rendered":"\n<div class=\"wp-block-columns is-layout-flex wp-container-core-columns-is-layout-28f84493 wp-block-columns-is-layout-flex\">\n<div class=\"wp-block-column is-layout-flow wp-block-column-is-layout-flow\">\n<figure class=\"wp-block-image size-thumbnail\"><a href=\"https:\/\/pedagogie.ac-lille.fr\/sbssa\/filieres\/page2-2\/s-e-g-p-a-champ-espace-rural-et-environnement-e-r-e\/textes-officiels-segpa-ere\/\"><img loading=\"lazy\" decoding=\"async\" width=\"150\" height=\"150\" src=\"https:\/\/pedagogie.ac-lille.fr\/sbssa\/wp-content\/uploads\/sites\/30\/2022\/05\/education-g88d03105e_1280-150x150.png\" alt=\"Officiel\" class=\"wp-image-3822\" srcset=\"https:\/\/pedagogie.ac-lille.fr\/sbssa\/wp-content\/uploads\/sites\/30\/2022\/05\/education-g88d03105e_1280-150x150.png 150w, https:\/\/pedagogie.ac-lille.fr\/sbssa\/wp-content\/uploads\/sites\/30\/2022\/05\/education-g88d03105e_1280-300x300.png 300w, https:\/\/pedagogie.ac-lille.fr\/sbssa\/wp-content\/uploads\/sites\/30\/2022\/05\/education-g88d03105e_1280-1024x1024.png 1024w, https:\/\/pedagogie.ac-lille.fr\/sbssa\/wp-content\/uploads\/sites\/30\/2022\/05\/education-g88d03105e_1280-768x768.png 768w, https:\/\/pedagogie.ac-lille.fr\/sbssa\/wp-content\/uploads\/sites\/30\/2022\/05\/education-g88d03105e_1280-510x510.png 510w, https:\/\/pedagogie.ac-lille.fr\/sbssa\/wp-content\/uploads\/sites\/30\/2022\/05\/education-g88d03105e_1280.png 1280w\" sizes=\"auto, (max-width: 150px) 100vw, 150px\" \/><\/a><figcaption class=\"wp-element-caption\"><a href=\"https:\/\/pedagogie.ac-lille.fr\/sbssa\/filieres\/page2-2\/s-e-g-p-a-champ-espace-rural-et-environnement-e-r-e\/textes-officiels-segpa-ere\/\">Textes officiels<\/a><\/figcaption><\/figure>\n<\/div>\n\n\n\n<div class=\"wp-block-column is-layout-flow wp-block-column-is-layout-flow\">\n<figure class=\"wp-block-image size-thumbnail\"><a href=\"https:\/\/pedagogie.ac-lille.fr\/sbssa\/filieres\/page2-2\/s-e-g-p-a-champ-espace-rural-et-environnement-e-r-e\/documents-academiques-segpa-ere\/\"><img loading=\"lazy\" decoding=\"async\" width=\"150\" height=\"150\" src=\"https:\/\/pedagogie.ac-lille.fr\/sbssa\/wp-content\/uploads\/sites\/30\/2021\/03\/acade\u0301mie-de-lille-squarelogo-1456823934020-1-150x150.png\" alt=\"\" class=\"wp-image-911\" srcset=\"https:\/\/pedagogie.ac-lille.fr\/sbssa\/wp-content\/uploads\/sites\/30\/2021\/03\/acade\u0301mie-de-lille-squarelogo-1456823934020-1-150x150.png 150w, https:\/\/pedagogie.ac-lille.fr\/sbssa\/wp-content\/uploads\/sites\/30\/2021\/03\/acade\u0301mie-de-lille-squarelogo-1456823934020-1.png 180w\" sizes=\"auto, (max-width: 150px) 100vw, 150px\" \/><\/a><figcaption class=\"wp-element-caption\"><a href=\"https:\/\/pedagogie.ac-lille.fr\/sbssa\/filieres\/page2-2\/s-e-g-p-a-champ-espace-rural-et-environnement-e-r-e\/documents-academiques-segpa-ere\/\">Documents acad\u00e9miques<\/a><\/figcaption><\/figure>\n<\/div>\n\n\n\n<div class=\"wp-block-column is-layout-flow wp-block-column-is-layout-flow\">\n<figure class=\"wp-block-image size-thumbnail\"><a href=\"https:\/\/pedagogie.ac-lille.fr\/sbssa\/filieres\/page2-2\/s-e-g-p-a-champ-espace-rural-et-environnement-e-r-e\/ressources-segpa-ere\/\"><img loading=\"lazy\" decoding=\"async\" width=\"150\" height=\"150\" src=\"https:\/\/pedagogie.ac-lille.fr\/sbssa\/wp-content\/uploads\/sites\/30\/2022\/05\/pixel-cells-g9c2803b40_1280-150x150.png\" alt=\"Ressources\" class=\"wp-image-3312\" srcset=\"https:\/\/pedagogie.ac-lille.fr\/sbssa\/wp-content\/uploads\/sites\/30\/2022\/05\/pixel-cells-g9c2803b40_1280-150x150.png 150w, https:\/\/pedagogie.ac-lille.fr\/sbssa\/wp-content\/uploads\/sites\/30\/2022\/05\/pixel-cells-g9c2803b40_1280-510x510.png 510w\" sizes=\"auto, (max-width: 150px) 100vw, 150px\" \/><\/a><figcaption class=\"wp-element-caption\"><a href=\"https:\/\/pedagogie.ac-lille.fr\/sbssa\/filieres\/page2-2\/s-e-g-p-a-champ-espace-rural-et-environnement-e-r-e\/ressources-segpa-ere\/\">Ressources<\/a><\/figcaption><\/figure>\n<\/div>\n<\/div>\n\n\n\n<div class=\"wp-block-columns is-layout-flex wp-container-core-columns-is-layout-28f84493 wp-block-columns-is-layout-flex\">\n<div class=\"wp-block-column is-layout-flow wp-block-column-is-layout-flow\">\n<p><a href=\"https:\/\/pedagogie.ac-lille.fr\/sbssa\/wp-content\/uploads\/sites\/30\/2021\/03\/SEGPAchampERE-1.jpg\"><img loading=\"lazy\" decoding=\"async\" class=\" wp-image-637 alignleft\" src=\"https:\/\/pedagogie.ac-lille.fr\/sbssa\/wp-content\/uploads\/sites\/30\/2021\/03\/SEGPAchampERE-1-300x169.jpg\" alt=\"SEGPA Champ ERE\" width=\"357\" height=\"201\" srcset=\"https:\/\/pedagogie.ac-lille.fr\/sbssa\/wp-content\/uploads\/sites\/30\/2021\/03\/SEGPAchampERE-1-300x169.jpg 300w, https:\/\/pedagogie.ac-lille.fr\/sbssa\/wp-content\/uploads\/sites\/30\/2021\/03\/SEGPAchampERE-1-1024x576.jpg 1024w, https:\/\/pedagogie.ac-lille.fr\/sbssa\/wp-content\/uploads\/sites\/30\/2021\/03\/SEGPAchampERE-1-768x432.jpg 768w, https:\/\/pedagogie.ac-lille.fr\/sbssa\/wp-content\/uploads\/sites\/30\/2021\/03\/SEGPAchampERE-1-1536x864.jpg 1536w, https:\/\/pedagogie.ac-lille.fr\/sbssa\/wp-content\/uploads\/sites\/30\/2021\/03\/SEGPAchampERE-1-2048x1152.jpg 2048w, https:\/\/pedagogie.ac-lille.fr\/sbssa\/wp-content\/uploads\/sites\/30\/2021\/03\/SEGPAchampERE-1-1110x624.jpg 1110w, https:\/\/pedagogie.ac-lille.fr\/sbssa\/wp-content\/uploads\/sites\/30\/2021\/03\/SEGPAchampERE-1-528x297.jpg 528w\" sizes=\"auto, (max-width: 357px) 100vw, 357px\" \/><\/a>Le champ professionnel \u00ab&nbsp;espace rural et environnement&nbsp;\u00bb couvre quatre secteurs d\u2019activit\u00e9s&nbsp;:<\/p>\n<p>\u2022 la production ornementale (florale et p\u00e9pini\u00e8re) tourn\u00e9e vers la production et la commercialisation de plantes \u00e0 vocation d\u00e9corative&nbsp;;<\/p>\n<p>\u2022 la production vivri\u00e8re (l\u00e9gumi\u00e8re et fruiti\u00e8re) orient\u00e9e vers la production de l\u00e9gumes et de fruits n\u00e9cessaires \u00e0 l\u2019alimentation quotidienne&nbsp;;<\/p>\n<p>\u2022 le paysage et les espaces verts avec pour finalit\u00e9 l\u2019am\u00e9nagement et l\u2019entretien d\u2019espaces qu\u2019ils soient individuels ou collectifs,<\/p>\n<p>\u2022 la viticulture, dont les productions viticoles sont parties prenantes du patrimoine culturel national et l\u2019agriculture.<\/p>\n<p>Ce champ se caract\u00e9rise par un travail manuel cons\u00e9quent, des activit\u00e9s en ext\u00e9rieur essentiellement ainsi que par une grande vari\u00e9t\u00e9 de t\u00e2ches et de productions li\u00e9es aux saisons et au climat. Les quatre domaines de ce champ pr\u00e9parent \u00e0 l\u2019entr\u00e9e en formation qualifiante \u00e0 des m\u00e9tiers aux multiples d\u00e9bouch\u00e9s. Ils offrent donc aux \u00e9l\u00e8ves de Segpa, un avenir professionnel prometteur et accessible notamment gr\u00e2ce \u00e0 une grande diversit\u00e9 de dipl\u00f4mes de niveau V.<\/p>\n<\/div>\n<\/div>\n\n\n\n<h2 class=\"wp-block-heading\"><mark style=\"background-color:#0693e3\" class=\"has-inline-color has-white-color\">Derniers articles publi\u00e9s sur la sp\u00e9cialit\u00e9<\/mark><\/h2>\n\n\n<ul class=\"wp-block-latest-posts__list has-dates wp-block-latest-posts\"><li><div class=\"wp-block-latest-posts__featured-image alignleft\"><a href=\"https:\/\/pedagogie.ac-lille.fr\/sbssa\/preparer-les-jeunes-aux-enjeux-de-sante-au-travail-fevrier-2024\/\" aria-label=\"Pr\u00e9parer les jeunes aux enjeux de sant\u00e9 au travail &#8211; F\u00e9vrier 2024\"><img loading=\"lazy\" decoding=\"async\" width=\"300\" height=\"113\" src=\"https:\/\/pedagogie.ac-lille.fr\/sbssa\/wp-content\/uploads\/sites\/30\/2024\/03\/couverture-travail-et-securite-300x113.jpg\" class=\"attachment-medium size-medium no-lazy wp-post-image\" alt=\"\" style=\"max-width:150px;max-height:150px;\" srcset=\"https:\/\/pedagogie.ac-lille.fr\/sbssa\/wp-content\/uploads\/sites\/30\/2024\/03\/couverture-travail-et-securite-300x113.jpg 300w, https:\/\/pedagogie.ac-lille.fr\/sbssa\/wp-content\/uploads\/sites\/30\/2024\/03\/couverture-travail-et-securite.jpg 480w\" sizes=\"auto, (max-width: 300px) 100vw, 300px\" \/><\/a><\/div><a class=\"wp-block-latest-posts__post-title\" href=\"https:\/\/pedagogie.ac-lille.fr\/sbssa\/preparer-les-jeunes-aux-enjeux-de-sante-au-travail-fevrier-2024\/\">Pr\u00e9parer les jeunes aux enjeux de sant\u00e9 au travail &#8211; F\u00e9vrier 2024<\/a><time datetime=\"2024-03-07T18:39:57+01:00\" class=\"wp-block-latest-posts__post-date\">7 mars 2024<\/time><\/li>\n<li><div class=\"wp-block-latest-posts__featured-image alignleft\"><a href=\"https:\/\/pedagogie.ac-lille.fr\/sbssa\/activites-de-classe-en-segpa-decouverte-des-metiers-et-des-formations-onisep\/\" aria-label=\"Activit\u00e9s de classe en SEGPA : D\u00e9couverte des m\u00e9tiers et des formations &#8211; Onisep\"><img loading=\"lazy\" decoding=\"async\" width=\"188\" height=\"300\" src=\"https:\/\/pedagogie.ac-lille.fr\/sbssa\/wp-content\/uploads\/sites\/30\/2021\/03\/Ulis-SEGPA_Portrait-188x300.jpeg\" class=\"attachment-medium size-medium no-lazy wp-post-image\" alt=\"\" style=\"max-width:150px;max-height:150px;\" srcset=\"https:\/\/pedagogie.ac-lille.fr\/sbssa\/wp-content\/uploads\/sites\/30\/2021\/03\/Ulis-SEGPA_Portrait-188x300.jpeg 188w, https:\/\/pedagogie.ac-lille.fr\/sbssa\/wp-content\/uploads\/sites\/30\/2021\/03\/Ulis-SEGPA_Portrait.jpeg 219w\" sizes=\"auto, (max-width: 188px) 100vw, 188px\" \/><\/a><\/div><a class=\"wp-block-latest-posts__post-title\" href=\"https:\/\/pedagogie.ac-lille.fr\/sbssa\/activites-de-classe-en-segpa-decouverte-des-metiers-et-des-formations-onisep\/\">Activit\u00e9s de classe en SEGPA : D\u00e9couverte des m\u00e9tiers et des formations &#8211; Onisep<\/a><time datetime=\"2021-03-22T21:15:19+01:00\" class=\"wp-block-latest-posts__post-date\">22 mars 2021<\/time><\/li>\n<li><div class=\"wp-block-latest-posts__featured-image alignleft\"><a href=\"https:\/\/pedagogie.ac-lille.fr\/sbssa\/college-lenseignement-adapte-segpa-erea-onisep\/\" aria-label=\"Coll\u00e9ge &#8211; L&rsquo;enseignement adapt\u00e9 : SEGPA, EREA &#8211; Onisep\"><img loading=\"lazy\" decoding=\"async\" width=\"300\" height=\"200\" src=\"https:\/\/pedagogie.ac-lille.fr\/sbssa\/wp-content\/uploads\/sites\/30\/2021\/03\/Segpa-300x200.jpeg\" class=\"attachment-medium size-medium no-lazy wp-post-image\" alt=\"\" style=\"max-width:150px;max-height:150px;\" srcset=\"https:\/\/pedagogie.ac-lille.fr\/sbssa\/wp-content\/uploads\/sites\/30\/2021\/03\/Segpa-300x200.jpeg 300w, https:\/\/pedagogie.ac-lille.fr\/sbssa\/wp-content\/uploads\/sites\/30\/2021\/03\/Segpa.jpeg 660w\" sizes=\"auto, (max-width: 300px) 100vw, 300px\" \/><\/a><\/div><a class=\"wp-block-latest-posts__post-title\" href=\"https:\/\/pedagogie.ac-lille.fr\/sbssa\/college-lenseignement-adapte-segpa-erea-onisep\/\">Coll\u00e9ge &#8211; L&rsquo;enseignement adapt\u00e9 : SEGPA, EREA &#8211; Onisep<\/a><time datetime=\"2021-03-22T21:11:22+01:00\" class=\"wp-block-latest-posts__post-date\">22 mars 2021<\/time><\/li>\n<li><div class=\"wp-block-latest-posts__featured-image alignleft\"><a href=\"https:\/\/pedagogie.ac-lille.fr\/sbssa\/kit-pedagogique-decouvrir-les-metiers-du-paysage-onisep\/\" aria-label=\"Kit p\u00e9dagogique : D\u00e9couvrir les m\u00e9tiers du paysage &#8211; Onisep\"><img loading=\"lazy\" decoding=\"async\" width=\"300\" height=\"151\" src=\"https:\/\/pedagogie.ac-lille.fr\/sbssa\/wp-content\/uploads\/sites\/30\/2021\/03\/Kit-pedagogique-decouvrir-les-metiers-du-paysage-300x151.png\" class=\"attachment-medium size-medium no-lazy wp-post-image\" alt=\"\" style=\"max-width:150px;max-height:150px;\" srcset=\"https:\/\/pedagogie.ac-lille.fr\/sbssa\/wp-content\/uploads\/sites\/30\/2021\/03\/Kit-pedagogique-decouvrir-les-metiers-du-paysage-300x151.png 300w, https:\/\/pedagogie.ac-lille.fr\/sbssa\/wp-content\/uploads\/sites\/30\/2021\/03\/Kit-pedagogique-decouvrir-les-metiers-du-paysage.png 660w\" sizes=\"auto, (max-width: 300px) 100vw, 300px\" \/><\/a><\/div><a class=\"wp-block-latest-posts__post-title\" href=\"https:\/\/pedagogie.ac-lille.fr\/sbssa\/kit-pedagogique-decouvrir-les-metiers-du-paysage-onisep\/\">Kit p\u00e9dagogique : D\u00e9couvrir les m\u00e9tiers du paysage &#8211; Onisep<\/a><time datetime=\"2021-03-22T21:02:39+01:00\" class=\"wp-block-latest-posts__post-date\">22 mars 2021<\/time><\/li>\n<li><div class=\"wp-block-latest-posts__featured-image alignleft\"><a href=\"https:\/\/pedagogie.ac-lille.fr\/sbssa\/kit-pedagogique-dico-des-metiers-onisep\/\" aria-label=\"Kit p\u00e9dagogique : Dico des m\u00e9tiers &#8211; Onisep\"><img loading=\"lazy\" decoding=\"async\" width=\"300\" height=\"151\" src=\"https:\/\/pedagogie.ac-lille.fr\/sbssa\/wp-content\/uploads\/sites\/30\/2021\/03\/kit-pedagogique-Dico-des-metiers-300x151.jpeg\" class=\"attachment-medium size-medium no-lazy wp-post-image\" alt=\"\" style=\"max-width:150px;max-height:150px;\" srcset=\"https:\/\/pedagogie.ac-lille.fr\/sbssa\/wp-content\/uploads\/sites\/30\/2021\/03\/kit-pedagogique-Dico-des-metiers-300x151.jpeg 300w, https:\/\/pedagogie.ac-lille.fr\/sbssa\/wp-content\/uploads\/sites\/30\/2021\/03\/kit-pedagogique-Dico-des-metiers.jpeg 660w\" sizes=\"auto, (max-width: 300px) 100vw, 300px\" \/><\/a><\/div><a class=\"wp-block-latest-posts__post-title\" href=\"https:\/\/pedagogie.ac-lille.fr\/sbssa\/kit-pedagogique-dico-des-metiers-onisep\/\">Kit p\u00e9dagogique : Dico des m\u00e9tiers &#8211; Onisep<\/a><time datetime=\"2021-03-22T20:57:22+01:00\" class=\"wp-block-latest-posts__post-date\">22 mars 2021<\/time><\/li>\n<li><div class=\"wp-block-latest-posts__featured-image alignleft\"><a href=\"https:\/\/pedagogie.ac-lille.fr\/sbssa\/les-metiers-animes-onisep\/\" aria-label=\"Les m\u00e9tiers anim\u00e9s &#8211; Onisep\"><img loading=\"lazy\" decoding=\"async\" width=\"266\" height=\"300\" src=\"https:\/\/pedagogie.ac-lille.fr\/sbssa\/wp-content\/uploads\/sites\/30\/2021\/03\/metiers_animes-266x300.png\" class=\"attachment-medium size-medium no-lazy wp-post-image\" alt=\"\" style=\"max-width:150px;max-height:150px;\" srcset=\"https:\/\/pedagogie.ac-lille.fr\/sbssa\/wp-content\/uploads\/sites\/30\/2021\/03\/metiers_animes-266x300.png 266w, https:\/\/pedagogie.ac-lille.fr\/sbssa\/wp-content\/uploads\/sites\/30\/2021\/03\/metiers_animes.png 484w\" sizes=\"auto, (max-width: 266px) 100vw, 266px\" \/><\/a><\/div><a class=\"wp-block-latest-posts__post-title\" href=\"https:\/\/pedagogie.ac-lille.fr\/sbssa\/les-metiers-animes-onisep\/\">Les m\u00e9tiers anim\u00e9s &#8211; Onisep<\/a><time datetime=\"2021-03-22T17:34:07+01:00\" class=\"wp-block-latest-posts__post-date\">22 mars 2021<\/time><\/li>\n<li><div class=\"wp-block-latest-posts__featured-image alignleft\"><a href=\"https:\/\/pedagogie.ac-lille.fr\/sbssa\/les-metiers-animes-une-serie-danimation-sur-les-metiers-kit-pedagogique-onisep\/\" aria-label=\"Kit p\u00e9dagogique Onisep : les m\u00e9tiers anim\u00e9s\"><img loading=\"lazy\" decoding=\"async\" width=\"300\" height=\"194\" src=\"https:\/\/pedagogie.ac-lille.fr\/sbssa\/wp-content\/uploads\/sites\/30\/2021\/03\/Kit-pe\u0301dagogiqueLes-me\u0301tiers-anime\u0301s-Onisep-300x194.png\" class=\"attachment-medium size-medium no-lazy wp-post-image\" alt=\"\" style=\"max-width:150px;max-height:150px;\" srcset=\"https:\/\/pedagogie.ac-lille.fr\/sbssa\/wp-content\/uploads\/sites\/30\/2021\/03\/Kit-pe\u0301dagogiqueLes-me\u0301tiers-anime\u0301s-Onisep-300x194.png 300w, https:\/\/pedagogie.ac-lille.fr\/sbssa\/wp-content\/uploads\/sites\/30\/2021\/03\/Kit-pe\u0301dagogiqueLes-me\u0301tiers-anime\u0301s-Onisep.png 660w\" sizes=\"auto, (max-width: 300px) 100vw, 300px\" \/><\/a><\/div><a class=\"wp-block-latest-posts__post-title\" href=\"https:\/\/pedagogie.ac-lille.fr\/sbssa\/les-metiers-animes-une-serie-danimation-sur-les-metiers-kit-pedagogique-onisep\/\">Kit p\u00e9dagogique Onisep : les m\u00e9tiers anim\u00e9s<\/a><time datetime=\"2021-03-22T17:26:51+01:00\" class=\"wp-block-latest-posts__post-date\">22 mars 2021<\/time><\/li>\n<li><div class=\"wp-block-latest-posts__featured-image alignleft\"><a href=\"https:\/\/pedagogie.ac-lille.fr\/sbssa\/871-2\/\" aria-label=\"Documents ressources pour les enseignants concernant les EREA et SEGPA &#8211; \u00c9duscol\"><img loading=\"lazy\" decoding=\"async\" width=\"300\" height=\"80\" src=\"https:\/\/pedagogie.ac-lille.fr\/sbssa\/wp-content\/uploads\/sites\/30\/2021\/03\/E\u0301duscol-300x80.png\" class=\"attachment-medium size-medium no-lazy wp-post-image\" alt=\"\u00c9duscol\" style=\"max-width:150px;max-height:150px;\" srcset=\"https:\/\/pedagogie.ac-lille.fr\/sbssa\/wp-content\/uploads\/sites\/30\/2021\/03\/E\u0301duscol-300x80.png 300w, https:\/\/pedagogie.ac-lille.fr\/sbssa\/wp-content\/uploads\/sites\/30\/2021\/03\/E\u0301duscol.png 492w\" sizes=\"auto, (max-width: 300px) 100vw, 300px\" \/><\/a><\/div><a class=\"wp-block-latest-posts__post-title\" href=\"https:\/\/pedagogie.ac-lille.fr\/sbssa\/871-2\/\">Documents ressources pour les enseignants concernant les EREA et SEGPA &#8211; \u00c9duscol<\/a><time datetime=\"2021-03-21T18:39:25+01:00\" class=\"wp-block-latest-posts__post-date\">21 mars 2021<\/time><\/li>\n<li><div class=\"wp-block-latest-posts__featured-image alignleft\"><a href=\"https:\/\/pedagogie.ac-lille.fr\/sbssa\/documents-academiques-segpa-ere\/\" aria-label=\"Documents PAF 2010 \u00e0 2017 &#8211; SEGPA ERE\"><img loading=\"lazy\" decoding=\"async\" width=\"257\" height=\"300\" src=\"https:\/\/pedagogie.ac-lille.fr\/sbssa\/wp-content\/uploads\/sites\/30\/2021\/03\/PAF-1-e1616352317180-257x300.jpg\" class=\"attachment-medium size-medium no-lazy wp-post-image\" alt=\"Plan Acad\u00e9mique de Formation\" style=\"max-width:150px;max-height:150px;\" \/><\/a><\/div><a class=\"wp-block-latest-posts__post-title\" href=\"https:\/\/pedagogie.ac-lille.fr\/sbssa\/documents-academiques-segpa-ere\/\">Documents PAF 2010 \u00e0 2017 &#8211; SEGPA ERE<\/a><time datetime=\"2021-03-21T16:18:30+01:00\" class=\"wp-block-latest-posts__post-date\">21 mars 2021<\/time><\/li>\n<\/ul>","protected":false},"excerpt":{"rendered":"<p>Le champ professionnel \u00ab&nbsp;espace rural et environnement&nbsp;\u00bb couvre quatre secteurs d\u2019activit\u00e9s&nbsp;: \u2022 la production ornementale (florale et p\u00e9pini\u00e8re) tourn\u00e9e vers la production et la commercialisation de plantes \u00e0 vocation d\u00e9corative&nbsp;; [&hellip;]<\/p>\n","protected":false},"author":48,"featured_media":0,"parent":60,"menu_order":0,"comment_status":"closed","ping_status":"closed","template":"","meta":{"ngg_post_thumbnail":0,"footnotes":""},"class_list":["post-2695","page","type-page","status-publish","czr-hentry"],"publishpress_future_action":{"enabled":false,"date":"2026-04-11 11:36:09","action":"change-status","newStatus":"draft","terms":[],"taxonomy":"","extraData":[]},"publishpress_future_workflow_manual_trigger":{"enabledWorkflows":[]},"_links":{"self":[{"href":"https:\/\/pedagogie.ac-lille.fr\/sbssa\/wp-json\/wp\/v2\/pages\/2695","targetHints":{"allow":["GET"]}}],"collection":[{"href":"https:\/\/pedagogie.ac-lille.fr\/sbssa\/wp-json\/wp\/v2\/pages"}],"about":[{"href":"https:\/\/pedagogie.ac-lille.fr\/sbssa\/wp-json\/wp\/v2\/types\/page"}],"author":[{"embeddable":true,"href":"https:\/\/pedagogie.ac-lille.fr\/sbssa\/wp-json\/wp\/v2\/users\/48"}],"replies":[{"embeddable":true,"href":"https:\/\/pedagogie.ac-lille.fr\/sbssa\/wp-json\/wp\/v2\/comments?post=2695"}],"version-history":[{"count":9,"href":"https:\/\/pedagogie.ac-lille.fr\/sbssa\/wp-json\/wp\/v2\/pages\/2695\/revisions"}],"predecessor-version":[{"id":11692,"href":"https:\/\/pedagogie.ac-lille.fr\/sbssa\/wp-json\/wp\/v2\/pages\/2695\/revisions\/11692"}],"up":[{"embeddable":true,"href":"https:\/\/pedagogie.ac-lille.fr\/sbssa\/wp-json\/wp\/v2\/pages\/60"}],"wp:attachment":[{"href":"https:\/\/pedagogie.ac-lille.fr\/sbssa\/wp-json\/wp\/v2\/media?parent=2695"}],"curies":[{"name":"wp","href":"https:\/\/api.w.org\/{rel}","templated":true}]}}