{"id":2719,"date":"2021-08-17T12:14:07","date_gmt":"2021-08-17T10:14:07","guid":{"rendered":"https:\/\/pedagogie.ac-lille.fr\/sbssa\/?page_id=2719"},"modified":"2023-07-09T10:52:00","modified_gmt":"2023-07-09T08:52:00","slug":"s-e-g-p-a-champ-hygiene-alimentation-services-h-a-s","status":"publish","type":"page","link":"https:\/\/pedagogie.ac-lille.fr\/sbssa\/filieres\/page2-2\/s-e-g-p-a-champ-hygiene-alimentation-services-h-a-s\/","title":{"rendered":"S.E.G.P.A. champ Hygi\u00e8ne Alimentation Services (H.A.S.)"},"content":{"rendered":"\n<div class=\"wp-block-columns is-layout-flex wp-container-core-columns-is-layout-28f84493 wp-block-columns-is-layout-flex\">\n<div class=\"wp-block-column is-layout-flow wp-block-column-is-layout-flow\">\n<figure class=\"wp-block-image size-thumbnail\"><a href=\"https:\/\/pedagogie.ac-lille.fr\/sbssa\/s-e-g-p-a-champ-hygiene-alimentation-services-h-a-s\/textes-officiels-segpa-has\/\"><img loading=\"lazy\" decoding=\"async\" width=\"150\" height=\"150\" src=\"https:\/\/pedagogie.ac-lille.fr\/sbssa\/wp-content\/uploads\/sites\/30\/2022\/05\/education-g88d03105e_1280-150x150.png\" alt=\"Officiel\" class=\"wp-image-3822\" srcset=\"https:\/\/pedagogie.ac-lille.fr\/sbssa\/wp-content\/uploads\/sites\/30\/2022\/05\/education-g88d03105e_1280-150x150.png 150w, https:\/\/pedagogie.ac-lille.fr\/sbssa\/wp-content\/uploads\/sites\/30\/2022\/05\/education-g88d03105e_1280-300x300.png 300w, https:\/\/pedagogie.ac-lille.fr\/sbssa\/wp-content\/uploads\/sites\/30\/2022\/05\/education-g88d03105e_1280-1024x1024.png 1024w, https:\/\/pedagogie.ac-lille.fr\/sbssa\/wp-content\/uploads\/sites\/30\/2022\/05\/education-g88d03105e_1280-768x768.png 768w, https:\/\/pedagogie.ac-lille.fr\/sbssa\/wp-content\/uploads\/sites\/30\/2022\/05\/education-g88d03105e_1280-510x510.png 510w, https:\/\/pedagogie.ac-lille.fr\/sbssa\/wp-content\/uploads\/sites\/30\/2022\/05\/education-g88d03105e_1280.png 1280w\" sizes=\"auto, (max-width: 150px) 100vw, 150px\" \/><\/a><figcaption class=\"wp-element-caption\"><a href=\"https:\/\/pedagogie.ac-lille.fr\/sbssa\/s-e-g-p-a-champ-hygiene-alimentation-services-h-a-s\/textes-officiels-segpa-has\/\">Textes officiels<\/a><\/figcaption><\/figure>\n<\/div>\n\n\n\n<div class=\"wp-block-column is-layout-flow wp-block-column-is-layout-flow\">\n<figure class=\"wp-block-image size-thumbnail\"><a href=\"https:\/\/pedagogie.ac-lille.fr\/sbssa\/s-e-g-p-a-champ-hygiene-alimentation-services-h-a-s\/documents-academiques-segpa-has\/\"><img loading=\"lazy\" decoding=\"async\" width=\"150\" height=\"150\" src=\"https:\/\/pedagogie.ac-lille.fr\/sbssa\/wp-content\/uploads\/sites\/30\/2021\/03\/acade\u0301mie-de-lille-squarelogo-1456823934020-1-150x150.png\" alt=\"\" class=\"wp-image-911\" srcset=\"https:\/\/pedagogie.ac-lille.fr\/sbssa\/wp-content\/uploads\/sites\/30\/2021\/03\/acade\u0301mie-de-lille-squarelogo-1456823934020-1-150x150.png 150w, https:\/\/pedagogie.ac-lille.fr\/sbssa\/wp-content\/uploads\/sites\/30\/2021\/03\/acade\u0301mie-de-lille-squarelogo-1456823934020-1.png 180w\" sizes=\"auto, (max-width: 150px) 100vw, 150px\" \/><\/a><figcaption class=\"wp-element-caption\"><a href=\"https:\/\/pedagogie.ac-lille.fr\/sbssa\/s-e-g-p-a-champ-hygiene-alimentation-services-h-a-s\/documents-academiques-segpa-has\/\">Documents acad\u00e9miques<\/a><\/figcaption><\/figure>\n<\/div>\n\n\n\n<div class=\"wp-block-column is-layout-flow wp-block-column-is-layout-flow\">\n<figure class=\"wp-block-image size-thumbnail\"><a href=\"https:\/\/pedagogie.ac-lille.fr\/sbssa\/s-e-g-p-a-champ-hygiene-alimentation-services-h-a-s\/ressources-segpa-has\/\"><img loading=\"lazy\" decoding=\"async\" width=\"150\" height=\"150\" src=\"https:\/\/pedagogie.ac-lille.fr\/sbssa\/wp-content\/uploads\/sites\/30\/2022\/05\/pixel-cells-g9c2803b40_1280-150x150.png\" alt=\"Ressources\" class=\"wp-image-3312\" srcset=\"https:\/\/pedagogie.ac-lille.fr\/sbssa\/wp-content\/uploads\/sites\/30\/2022\/05\/pixel-cells-g9c2803b40_1280-150x150.png 150w, https:\/\/pedagogie.ac-lille.fr\/sbssa\/wp-content\/uploads\/sites\/30\/2022\/05\/pixel-cells-g9c2803b40_1280-510x510.png 510w\" sizes=\"auto, (max-width: 150px) 100vw, 150px\" \/><\/a><figcaption class=\"wp-element-caption\"><a href=\"https:\/\/pedagogie.ac-lille.fr\/sbssa\/s-e-g-p-a-champ-hygiene-alimentation-services-h-a-s\/ressources-segpa-has\/\">Ressources<\/a><\/figcaption><\/figure>\n<\/div>\n<\/div>\n\n\n<p><a href=\"https:\/\/pedagogie.ac-lille.fr\/sbssa\/wp-content\/uploads\/sites\/30\/2021\/03\/SEGPA-Champ-HAS-1.jpg\"><img loading=\"lazy\" decoding=\"async\" class=\" wp-image-635 alignleft\" src=\"https:\/\/pedagogie.ac-lille.fr\/sbssa\/wp-content\/uploads\/sites\/30\/2021\/03\/SEGPA-Champ-HAS-1-300x169.jpg\" alt=\"SEGPA Champ HAS\" width=\"380\" height=\"214\" srcset=\"https:\/\/pedagogie.ac-lille.fr\/sbssa\/wp-content\/uploads\/sites\/30\/2021\/03\/SEGPA-Champ-HAS-1-300x169.jpg 300w, https:\/\/pedagogie.ac-lille.fr\/sbssa\/wp-content\/uploads\/sites\/30\/2021\/03\/SEGPA-Champ-HAS-1-1024x576.jpg 1024w, https:\/\/pedagogie.ac-lille.fr\/sbssa\/wp-content\/uploads\/sites\/30\/2021\/03\/SEGPA-Champ-HAS-1-768x432.jpg 768w, https:\/\/pedagogie.ac-lille.fr\/sbssa\/wp-content\/uploads\/sites\/30\/2021\/03\/SEGPA-Champ-HAS-1-1536x864.jpg 1536w, https:\/\/pedagogie.ac-lille.fr\/sbssa\/wp-content\/uploads\/sites\/30\/2021\/03\/SEGPA-Champ-HAS-1-2048x1152.jpg 2048w, https:\/\/pedagogie.ac-lille.fr\/sbssa\/wp-content\/uploads\/sites\/30\/2021\/03\/SEGPA-Champ-HAS-1-1110x624.jpg 1110w, https:\/\/pedagogie.ac-lille.fr\/sbssa\/wp-content\/uploads\/sites\/30\/2021\/03\/SEGPA-Champ-HAS-1-528x297.jpg 528w\" sizes=\"auto, (max-width: 380px) 100vw, 380px\" \/><\/a>Le champ professionnel \u00ab&nbsp;Hygi\u00e8ne \u2013 Alimentation \u2013 Services&nbsp;\u00bb couvre trois domaines d\u2019activit\u00e9s&nbsp;:<\/p>\n<p>\u2022 la pr\u00e9paration et\/ou la distribution et\/ou la vente de produits culinaires,<\/p>\n<p>\u2022 l\u2019entretien des locaux et des \u00e9quipements,<\/p>\n<p>\u2022 l\u2019entretien du linge et des \u00e9quipements, travaux simples de couture.<\/p>\n<p>Les trois domaines de ce champ professionnel permettent de pr\u00e9parer les \u00e9l\u00e8ves \u00e0 l\u2019entr\u00e9e en formation qualifiante \u00e0 des m\u00e9tiers offrant de multiples d\u00e9bouch\u00e9s gr\u00e2ce \u00e0 une grande diversit\u00e9 de dipl\u00f4mes de niveau V.<\/p>\n\n\n<h2 class=\"wp-block-heading\"><mark style=\"background-color:#0693e3\" class=\"has-inline-color has-white-color\">Derniers articles publi\u00e9s sur la sp\u00e9cialit\u00e9 :<\/mark><\/h2>\n\n\n<ul class=\"wp-block-latest-posts__list has-dates wp-block-latest-posts\"><li><div class=\"wp-block-latest-posts__featured-image alignleft\"><a href=\"https:\/\/pedagogie.ac-lille.fr\/sbssa\/risques-biologiques-pour-un-usage-raisonne-de-la-desinfection\/\" aria-label=\"Risques biologiques : pour un usage raisonn\u00e9 de la d\u00e9sinfection\"><img loading=\"lazy\" decoding=\"async\" width=\"150\" height=\"150\" src=\"https:\/\/pedagogie.ac-lille.fr\/sbssa\/wp-content\/uploads\/sites\/30\/2026\/03\/ed6188-150x150.jpg\" class=\"attachment-thumbnail size-thumbnail no-lazy wp-post-image\" alt=\"\" style=\"\" \/><\/a><\/div><a class=\"wp-block-latest-posts__post-title\" href=\"https:\/\/pedagogie.ac-lille.fr\/sbssa\/risques-biologiques-pour-un-usage-raisonne-de-la-desinfection\/\">Risques biologiques : pour un usage raisonn\u00e9 de la d\u00e9sinfection<\/a><time datetime=\"2026-03-22T19:09:55+01:00\" class=\"wp-block-latest-posts__post-date\">22 mars 2026<\/time><\/li>\n<li><div class=\"wp-block-latest-posts__featured-image alignleft\"><a href=\"https:\/\/pedagogie.ac-lille.fr\/sbssa\/preparer-les-jeunes-aux-enjeux-de-sante-au-travail-fevrier-2024\/\" aria-label=\"Pr\u00e9parer les jeunes aux enjeux de sant\u00e9 au travail &#8211; F\u00e9vrier 2024\"><img loading=\"lazy\" decoding=\"async\" width=\"150\" height=\"150\" src=\"https:\/\/pedagogie.ac-lille.fr\/sbssa\/wp-content\/uploads\/sites\/30\/2024\/03\/couverture-travail-et-securite-150x150.jpg\" class=\"attachment-thumbnail size-thumbnail no-lazy wp-post-image\" alt=\"\" style=\"\" \/><\/a><\/div><a class=\"wp-block-latest-posts__post-title\" href=\"https:\/\/pedagogie.ac-lille.fr\/sbssa\/preparer-les-jeunes-aux-enjeux-de-sante-au-travail-fevrier-2024\/\">Pr\u00e9parer les jeunes aux enjeux de sant\u00e9 au travail &#8211; F\u00e9vrier 2024<\/a><time datetime=\"2024-03-07T18:39:57+01:00\" class=\"wp-block-latest-posts__post-date\">7 mars 2024<\/time><\/li>\n<li><div class=\"wp-block-latest-posts__featured-image alignleft\"><a href=\"https:\/\/pedagogie.ac-lille.fr\/sbssa\/presentation-du-champ-has-activites-professionnelles-de-reference-organisation-du-plateau-technique-mai-2017\/\" aria-label=\"Pr\u00e9sentation du champ HAS : Activit\u00e9s professionnelles de r\u00e9f\u00e9rence &#8211; Organisation du plateau technique &#8211; Mai 2017\"><img loading=\"lazy\" decoding=\"async\" width=\"150\" height=\"150\" src=\"https:\/\/pedagogie.ac-lille.fr\/sbssa\/wp-content\/uploads\/sites\/30\/2021\/03\/pdf-155498_1280-150x150.png\" class=\"attachment-thumbnail size-thumbnail no-lazy wp-post-image\" alt=\"Pdf\" style=\"\" srcset=\"https:\/\/pedagogie.ac-lille.fr\/sbssa\/wp-content\/uploads\/sites\/30\/2021\/03\/pdf-155498_1280-150x150.png 150w, https:\/\/pedagogie.ac-lille.fr\/sbssa\/wp-content\/uploads\/sites\/30\/2021\/03\/pdf-155498_1280-300x300.png 300w, https:\/\/pedagogie.ac-lille.fr\/sbssa\/wp-content\/uploads\/sites\/30\/2021\/03\/pdf-155498_1280-1024x1024.png 1024w, https:\/\/pedagogie.ac-lille.fr\/sbssa\/wp-content\/uploads\/sites\/30\/2021\/03\/pdf-155498_1280-768x768.png 768w, https:\/\/pedagogie.ac-lille.fr\/sbssa\/wp-content\/uploads\/sites\/30\/2021\/03\/pdf-155498_1280-510x510.png 510w, https:\/\/pedagogie.ac-lille.fr\/sbssa\/wp-content\/uploads\/sites\/30\/2021\/03\/pdf-155498_1280.png 1280w\" sizes=\"auto, (max-width: 150px) 100vw, 150px\" \/><\/a><\/div><a class=\"wp-block-latest-posts__post-title\" href=\"https:\/\/pedagogie.ac-lille.fr\/sbssa\/presentation-du-champ-has-activites-professionnelles-de-reference-organisation-du-plateau-technique-mai-2017\/\">Pr\u00e9sentation du champ HAS : Activit\u00e9s professionnelles de r\u00e9f\u00e9rence &#8211; Organisation du plateau technique &#8211; Mai 2017<\/a><time datetime=\"2021-03-22T22:13:10+01:00\" class=\"wp-block-latest-posts__post-date\">22 mars 2021<\/time><\/li>\n<li><div class=\"wp-block-latest-posts__featured-image alignleft\"><a href=\"https:\/\/pedagogie.ac-lille.fr\/sbssa\/site-3rb-reseau-ressource-risque-biologique\/\" aria-label=\"Site 3RB (R\u00e9seau Ressource Risque Biologique)\"><img loading=\"lazy\" decoding=\"async\" width=\"150\" height=\"150\" src=\"https:\/\/pedagogie.ac-lille.fr\/sbssa\/wp-content\/uploads\/sites\/30\/2021\/03\/logo_3rb-150x150.gif\" class=\"attachment-thumbnail size-thumbnail no-lazy wp-post-image\" alt=\"\" style=\"\" \/><\/a><\/div><a class=\"wp-block-latest-posts__post-title\" href=\"https:\/\/pedagogie.ac-lille.fr\/sbssa\/site-3rb-reseau-ressource-risque-biologique\/\">Site 3RB (R\u00e9seau Ressource Risque Biologique)<\/a><time datetime=\"2021-03-22T21:44:09+01:00\" class=\"wp-block-latest-posts__post-date\">22 mars 2021<\/time><\/li>\n<li><div class=\"wp-block-latest-posts__featured-image alignleft\"><a href=\"https:\/\/pedagogie.ac-lille.fr\/sbssa\/1027-2\/\" aria-label=\"Site &#8211; Itin\u00e9raire Propret\u00e9 &#8211; Le secteur et les m\u00e9tiers de la propret\u00e9\"><img loading=\"lazy\" decoding=\"async\" width=\"150\" height=\"150\" src=\"https:\/\/pedagogie.ac-lille.fr\/sbssa\/wp-content\/uploads\/sites\/30\/2021\/03\/logo-itineraire-proprete4-150x150.png\" class=\"attachment-thumbnail size-thumbnail no-lazy wp-post-image\" alt=\"\" style=\"\" \/><\/a><\/div><a class=\"wp-block-latest-posts__post-title\" href=\"https:\/\/pedagogie.ac-lille.fr\/sbssa\/1027-2\/\">Site &#8211; Itin\u00e9raire Propret\u00e9 &#8211; Le secteur et les m\u00e9tiers de la propret\u00e9<\/a><time datetime=\"2021-03-22T21:37:28+01:00\" class=\"wp-block-latest-posts__post-date\">22 mars 2021<\/time><\/li>\n<li><div class=\"wp-block-latest-posts__featured-image alignleft\"><a href=\"https:\/\/pedagogie.ac-lille.fr\/sbssa\/site-manger-bouger\/\" aria-label=\"Site &#8211; Manger bouger\"><img loading=\"lazy\" decoding=\"async\" width=\"150\" height=\"150\" src=\"https:\/\/pedagogie.ac-lille.fr\/sbssa\/wp-content\/uploads\/sites\/30\/2021\/03\/fabrique-a-menus-150x150.png\" class=\"attachment-thumbnail size-thumbnail no-lazy wp-post-image\" alt=\"\" style=\"\" srcset=\"https:\/\/pedagogie.ac-lille.fr\/sbssa\/wp-content\/uploads\/sites\/30\/2021\/03\/fabrique-a-menus-150x150.png 150w, https:\/\/pedagogie.ac-lille.fr\/sbssa\/wp-content\/uploads\/sites\/30\/2021\/03\/fabrique-a-menus-510x510.png 510w\" sizes=\"auto, (max-width: 150px) 100vw, 150px\" \/><\/a><\/div><a class=\"wp-block-latest-posts__post-title\" href=\"https:\/\/pedagogie.ac-lille.fr\/sbssa\/site-manger-bouger\/\">Site &#8211; Manger bouger<\/a><time datetime=\"2021-03-22T21:33:40+01:00\" class=\"wp-block-latest-posts__post-date\">22 mars 2021<\/time><\/li>\n<li><div class=\"wp-block-latest-posts__featured-image alignleft\"><a href=\"https:\/\/pedagogie.ac-lille.fr\/sbssa\/1011-2\/\" aria-label=\"Site &#8211; M\u00e9tiers h\u00f4tel-resto\"><img loading=\"lazy\" decoding=\"async\" width=\"150\" height=\"150\" src=\"https:\/\/pedagogie.ac-lille.fr\/sbssa\/wp-content\/uploads\/sites\/30\/2021\/03\/Me\u0301tiers-Ho\u0302tel-Resto-150x150.jpeg\" class=\"attachment-thumbnail size-thumbnail no-lazy wp-post-image\" alt=\"\" style=\"\" \/><\/a><\/div><a class=\"wp-block-latest-posts__post-title\" href=\"https:\/\/pedagogie.ac-lille.fr\/sbssa\/1011-2\/\">Site &#8211; M\u00e9tiers h\u00f4tel-resto<\/a><time datetime=\"2021-03-22T21:20:01+01:00\" class=\"wp-block-latest-posts__post-date\">22 mars 2021<\/time><\/li>\n<li><div class=\"wp-block-latest-posts__featured-image alignleft\"><a href=\"https:\/\/pedagogie.ac-lille.fr\/sbssa\/activites-de-classe-en-segpa-decouverte-des-metiers-et-des-formations-onisep\/\" aria-label=\"Activit\u00e9s de classe en SEGPA : D\u00e9couverte des m\u00e9tiers et des formations &#8211; Onisep\"><img loading=\"lazy\" decoding=\"async\" width=\"150\" height=\"150\" src=\"https:\/\/pedagogie.ac-lille.fr\/sbssa\/wp-content\/uploads\/sites\/30\/2021\/03\/Ulis-SEGPA_Portrait-150x150.jpeg\" class=\"attachment-thumbnail size-thumbnail no-lazy wp-post-image\" alt=\"\" style=\"\" \/><\/a><\/div><a class=\"wp-block-latest-posts__post-title\" href=\"https:\/\/pedagogie.ac-lille.fr\/sbssa\/activites-de-classe-en-segpa-decouverte-des-metiers-et-des-formations-onisep\/\">Activit\u00e9s de classe en SEGPA : D\u00e9couverte des m\u00e9tiers et des formations &#8211; Onisep<\/a><time datetime=\"2021-03-22T21:15:19+01:00\" class=\"wp-block-latest-posts__post-date\">22 mars 2021<\/time><\/li>\n<li><div class=\"wp-block-latest-posts__featured-image alignleft\"><a href=\"https:\/\/pedagogie.ac-lille.fr\/sbssa\/college-lenseignement-adapte-segpa-erea-onisep\/\" aria-label=\"Coll\u00e9ge &#8211; L&rsquo;enseignement adapt\u00e9 : SEGPA, EREA &#8211; Onisep\"><img loading=\"lazy\" decoding=\"async\" width=\"150\" height=\"150\" src=\"https:\/\/pedagogie.ac-lille.fr\/sbssa\/wp-content\/uploads\/sites\/30\/2021\/03\/Segpa-150x150.jpeg\" class=\"attachment-thumbnail size-thumbnail no-lazy wp-post-image\" alt=\"\" style=\"\" \/><\/a><\/div><a class=\"wp-block-latest-posts__post-title\" href=\"https:\/\/pedagogie.ac-lille.fr\/sbssa\/college-lenseignement-adapte-segpa-erea-onisep\/\">Coll\u00e9ge &#8211; L&rsquo;enseignement adapt\u00e9 : SEGPA, EREA &#8211; Onisep<\/a><time datetime=\"2021-03-22T21:11:22+01:00\" class=\"wp-block-latest-posts__post-date\">22 mars 2021<\/time><\/li>\n<\/ul>","protected":false},"excerpt":{"rendered":"<p>Le champ professionnel \u00ab&nbsp;Hygi\u00e8ne \u2013 Alimentation \u2013 Services&nbsp;\u00bb couvre trois domaines d\u2019activit\u00e9s&nbsp;: \u2022 la pr\u00e9paration et\/ou la distribution et\/ou la vente de produits culinaires, \u2022 l\u2019entretien des locaux et des [&hellip;]<\/p>\n","protected":false},"author":48,"featured_media":0,"parent":60,"menu_order":0,"comment_status":"closed","ping_status":"closed","template":"","meta":{"ngg_post_thumbnail":0,"footnotes":""},"class_list":["post-2719","page","type-page","status-publish","czr-hentry"],"publishpress_future_action":{"enabled":false,"date":"2026-04-20 12:51:23","action":"change-status","newStatus":"draft","terms":[],"taxonomy":"","extraData":[]},"publishpress_future_workflow_manual_trigger":{"enabledWorkflows":[]},"_links":{"self":[{"href":"https:\/\/pedagogie.ac-lille.fr\/sbssa\/wp-json\/wp\/v2\/pages\/2719","targetHints":{"allow":["GET"]}}],"collection":[{"href":"https:\/\/pedagogie.ac-lille.fr\/sbssa\/wp-json\/wp\/v2\/pages"}],"about":[{"href":"https:\/\/pedagogie.ac-lille.fr\/sbssa\/wp-json\/wp\/v2\/types\/page"}],"author":[{"embeddable":true,"href":"https:\/\/pedagogie.ac-lille.fr\/sbssa\/wp-json\/wp\/v2\/users\/48"}],"replies":[{"embeddable":true,"href":"https:\/\/pedagogie.ac-lille.fr\/sbssa\/wp-json\/wp\/v2\/comments?post=2719"}],"version-history":[{"count":7,"href":"https:\/\/pedagogie.ac-lille.fr\/sbssa\/wp-json\/wp\/v2\/pages\/2719\/revisions"}],"predecessor-version":[{"id":11693,"href":"https:\/\/pedagogie.ac-lille.fr\/sbssa\/wp-json\/wp\/v2\/pages\/2719\/revisions\/11693"}],"up":[{"embeddable":true,"href":"https:\/\/pedagogie.ac-lille.fr\/sbssa\/wp-json\/wp\/v2\/pages\/60"}],"wp:attachment":[{"href":"https:\/\/pedagogie.ac-lille.fr\/sbssa\/wp-json\/wp\/v2\/media?parent=2719"}],"curies":[{"name":"wp","href":"https:\/\/api.w.org\/{rel}","templated":true}]}}