{"id":337,"date":"2021-03-20T12:06:04","date_gmt":"2021-03-20T11:06:04","guid":{"rendered":"https:\/\/pedagogie.ac-lille.fr\/sbssa\/?page_id=337"},"modified":"2024-12-23T18:50:54","modified_gmt":"2024-12-23T17:50:54","slug":"coiffure","status":"publish","type":"page","link":"https:\/\/pedagogie.ac-lille.fr\/sbssa\/filieres\/beaute-et-bien-etre\/coiffure\/","title":{"rendered":"COIFFURE"},"content":{"rendered":"\n<div class=\"wp-block-columns is-layout-flex wp-container-core-columns-is-layout-28f84493 wp-block-columns-is-layout-flex\">\n<div class=\"wp-block-column is-layout-flow wp-block-column-is-layout-flow\"><div class=\"wp-block-image is-style-rounded\">\n<figure class=\"aligncenter size-thumbnail\"><a href=\"https:\/\/pedagogie.ac-lille.fr\/sbssa\/filieres\/beaute-et-bien-etre\/coiffure\/certificat-daptitude-professionnelle-metiers-de-la-coiffure-cap-mc\/\"><img loading=\"lazy\" decoding=\"async\" width=\"150\" height=\"150\" src=\"https:\/\/pedagogie.ac-lille.fr\/sbssa\/wp-content\/uploads\/sites\/30\/2021\/03\/hairdresser-1179459_1920-150x150.jpg\" alt=\"Coiffure - Coupe de cheveux\" class=\"wp-image-356\" srcset=\"https:\/\/pedagogie.ac-lille.fr\/sbssa\/wp-content\/uploads\/sites\/30\/2021\/03\/hairdresser-1179459_1920-150x150.jpg 150w, https:\/\/pedagogie.ac-lille.fr\/sbssa\/wp-content\/uploads\/sites\/30\/2021\/03\/hairdresser-1179459_1920-510x510.jpg 510w\" sizes=\"auto, (max-width: 150px) 100vw, 150px\" \/><\/a><figcaption class=\"wp-element-caption\"><strong><a href=\"https:\/\/pedagogie.ac-lille.fr\/sbssa\/filieres\/beaute-et-bien-etre\/coiffure\/certificat-daptitude-professionnelle-metiers-de-la-coiffure-cap-mc\/\">CAP MC<\/a><\/strong><br>Certificat d&rsquo;Aptitude Professionnelle<br><strong>M\u00e9tiers de la Coiffure<\/strong><\/figcaption><\/figure>\n<\/div><\/div>\n\n\n\n<div class=\"wp-block-column is-layout-flow wp-block-column-is-layout-flow\"><div class=\"wp-block-image is-style-rounded\">\n<figure class=\"aligncenter size-thumbnail\"><a href=\"https:\/\/pedagogie.ac-lille.fr\/sbssa\/filieres\/beaute-et-bien-etre\/coiffure\/baccalaureat-professionnel-metiers-de-la-coiffure-bcp-mc\/\"><img loading=\"lazy\" decoding=\"async\" width=\"150\" height=\"150\" src=\"https:\/\/pedagogie.ac-lille.fr\/sbssa\/wp-content\/uploads\/sites\/30\/2021\/03\/haircut-2664088_1920-150x150.jpg\" alt=\"Coiffure - Brushing\" class=\"wp-image-354\" srcset=\"https:\/\/pedagogie.ac-lille.fr\/sbssa\/wp-content\/uploads\/sites\/30\/2021\/03\/haircut-2664088_1920-150x150.jpg 150w, https:\/\/pedagogie.ac-lille.fr\/sbssa\/wp-content\/uploads\/sites\/30\/2021\/03\/haircut-2664088_1920-510x510.jpg 510w\" sizes=\"auto, (max-width: 150px) 100vw, 150px\" \/><\/a><figcaption class=\"wp-element-caption\"><strong><a href=\"https:\/\/pedagogie.ac-lille.fr\/sbssa\/filieres\/beaute-et-bien-etre\/coiffure\/baccalaureat-professionnel-metiers-de-la-coiffure-bcp-mc\/\">BCP MC<\/a><\/strong><br>Baccalaur\u00e9at Professionnel<br><strong>M\u00e9tiers de la Coiffure<\/strong><\/figcaption><\/figure>\n<\/div><\/div>\n\n\n\n<div class=\"wp-block-column is-layout-flow wp-block-column-is-layout-flow\"><div class=\"wp-block-image is-style-rounded\">\n<figure class=\"aligncenter size-thumbnail is-resized\"><a href=\"https:\/\/pedagogie.ac-lille.fr\/sbssa\/filieres\/beaute-et-bien-etre\/coiffure\/baccalaureat-professionnel-perruquier-posticheur-bcp-pp\/\"><img loading=\"lazy\" decoding=\"async\" width=\"150\" height=\"150\" src=\"https:\/\/pedagogie.ac-lille.fr\/sbssa\/wp-content\/uploads\/sites\/30\/2021\/07\/puppet-heads-5953050_1920-150x150.jpg\" alt=\"Perruque - Postiche\" class=\"wp-image-2063\" style=\"aspect-ratio:1;object-fit:contain;width:150px\" srcset=\"https:\/\/pedagogie.ac-lille.fr\/sbssa\/wp-content\/uploads\/sites\/30\/2021\/07\/puppet-heads-5953050_1920-150x150.jpg 150w, https:\/\/pedagogie.ac-lille.fr\/sbssa\/wp-content\/uploads\/sites\/30\/2021\/07\/puppet-heads-5953050_1920-510x510.jpg 510w\" sizes=\"auto, (max-width: 150px) 100vw, 150px\" \/><\/a><figcaption class=\"wp-element-caption\"><strong><a href=\"https:\/\/pedagogie.ac-lille.fr\/sbssa\/filieres\/beaute-et-bien-etre\/coiffure\/baccalaureat-professionnel-perruquier-posticheur-bcp-pp\/\">BCP PP<\/a><\/strong><br>Baccalaur\u00e9at Professionnel<br><strong>Perruquier Posticheur<\/strong><\/figcaption><\/figure>\n<\/div><\/div>\n\n\n\n<div class=\"wp-block-column is-layout-flow wp-block-column-is-layout-flow\"><div class=\"wp-block-image is-style-rounded\">\n<figure class=\"aligncenter size-thumbnail is-resized\"><a href=\"https:\/\/pedagogie.ac-lille.fr\/sbssa\/filieres\/beaute-et-bien-etre\/coiffure\/brevet-professionnel-coiffure-bp-coiffure\/\"><img loading=\"lazy\" decoding=\"async\" width=\"150\" height=\"150\" src=\"https:\/\/pedagogie.ac-lille.fr\/sbssa\/wp-content\/uploads\/sites\/30\/2021\/03\/beauty-salon-4043096_1920-150x150.jpg\" alt=\"Salon de coiffure\" class=\"wp-image-258\" style=\"aspect-ratio:1;object-fit:contain;width:150px\" srcset=\"https:\/\/pedagogie.ac-lille.fr\/sbssa\/wp-content\/uploads\/sites\/30\/2021\/03\/beauty-salon-4043096_1920-150x150.jpg 150w, https:\/\/pedagogie.ac-lille.fr\/sbssa\/wp-content\/uploads\/sites\/30\/2021\/03\/beauty-salon-4043096_1920-510x510.jpg 510w\" sizes=\"auto, (max-width: 150px) 100vw, 150px\" \/><\/a><figcaption class=\"wp-element-caption\"><strong><a href=\"https:\/\/pedagogie.ac-lille.fr\/sbssa\/filieres\/beaute-et-bien-etre\/coiffure\/brevet-professionnel-coiffure-bp-coiffure\/\">BP C<\/a><\/strong><br>Brevet Professionnel <strong>Coiffure<\/strong><\/figcaption><\/figure>\n<\/div><\/div>\n\n\n\n<div class=\"wp-block-column is-layout-flow wp-block-column-is-layout-flow\"><div class=\"wp-block-image is-style-rounded\">\n<figure class=\"aligncenter size-thumbnail\"><a href=\"https:\/\/pedagogie.ac-lille.fr\/sbssa\/filieres\/beaute-et-bien-etre\/coiffure\/mention-complementaire-coiffure-coupe-couleur-mc-ccc\/\"><img loading=\"lazy\" decoding=\"async\" width=\"150\" height=\"150\" src=\"https:\/\/pedagogie.ac-lille.fr\/sbssa\/wp-content\/uploads\/sites\/30\/2021\/07\/brush-5965371_1920-150x150.jpg\" alt=\"\" class=\"wp-image-2153\" srcset=\"https:\/\/pedagogie.ac-lille.fr\/sbssa\/wp-content\/uploads\/sites\/30\/2021\/07\/brush-5965371_1920-150x150.jpg 150w, https:\/\/pedagogie.ac-lille.fr\/sbssa\/wp-content\/uploads\/sites\/30\/2021\/07\/brush-5965371_1920-510x510.jpg 510w\" sizes=\"auto, (max-width: 150px) 100vw, 150px\" \/><\/a><figcaption class=\"wp-element-caption\"><strong><a href=\"https:\/\/pedagogie.ac-lille.fr\/sbssa\/filieres\/beaute-et-bien-etre\/coiffure\/mention-complementaire-coiffure-coupe-couleur-mc-ccc\/\">MC CCC<\/a><\/strong><br>Mention Compl\u00e9mentaire<br><strong>Coiffure Coupe Couleur<\/strong><\/figcaption><\/figure>\n<\/div><\/div>\n<\/div>\n\n\n<p>Envie de changer de t\u00eate ? Une paire de ciseaux, un peigne, un s\u00e8che-cheveux, et le tour est jou\u00e9 ! Quelques minutes suffisent pour transformer un visage et redonner vie \u00e0 un cheveu terne. Sp\u00e9cialiste du soin des cheveux, le coiffeur exerce un m\u00e9tier technique (coupe, brushing, permanente, pose de postiche\u2026) qui exige du go\u00fbt et un certain sens artistique. Styliste-visagiste, le coiffeur peut conseiller une coupe \u00e0 un client en tenant compte de ses envies, de sa personnalit\u00e9 et de la morphologie de son visage. Il sait aussi l&rsquo;orienter vers une couleur ou, au contraire, le dissuader. Cr\u00e9atif, le coiffeur n&rsquo;en est pas moins commer\u00e7ant. Il se montre aimable, disponible et attentif afin que le client reparte content.<\/p>\n<p>Le m\u00e9tier a ses contraintes. La position debout et les bras lev\u00e9s dissuaderont ceux qui ont des probl\u00e8mes de dos ou une mauvaise circulation sanguine. Attention aux allergies de peau qu&rsquo;occasionnent certains produits. Le coiffeur est salari\u00e9 ou travaille \u00e0 son compte comme artisan. La concurrence est s\u00e9v\u00e8re et les d\u00e9bouch\u00e9s limit\u00e9s.<\/p>\n<p><em>(Source : ONISEP)<\/em><\/p>\n<p><a href=\"https:\/\/www.onisep.fr\/Ressources\/Univers-Metier\/Metiers\/coiffeur-coiffeuse\" target=\"_blank\" rel=\"noopener\"><img loading=\"lazy\" decoding=\"async\" class=\"wp-image-296  alignleft\" src=\"https:\/\/pedagogie.ac-lille.fr\/sbssa\/wp-content\/uploads\/sites\/30\/2021\/03\/Onisep-300x65.png\" alt=\"Onisep\" width=\"438\" height=\"95\" srcset=\"https:\/\/pedagogie.ac-lille.fr\/sbssa\/wp-content\/uploads\/sites\/30\/2021\/03\/Onisep-300x65.png 300w, https:\/\/pedagogie.ac-lille.fr\/sbssa\/wp-content\/uploads\/sites\/30\/2021\/03\/Onisep.png 482w\" sizes=\"auto, (max-width: 438px) 100vw, 438px\" \/><\/a><a href=\"https:\/\/www.onisep.fr\/Ressources\/Univers-Metier\/Metiers\/coiffeur-coiffeuse\" target=\"_blank\" rel=\"noreferrer noopener\">Pr\u00e9sentation du m\u00e9tier, des formations et dipl\u00f4mes<\/a><\/p>\n<p>&nbsp;<\/p>","protected":false},"excerpt":{"rendered":"<p>Envie de changer de t\u00eate ? Une paire de ciseaux, un peigne, un s\u00e8che-cheveux, et le tour est jou\u00e9 ! Quelques minutes suffisent pour transformer un visage et redonner vie [&hellip;]<\/p>\n","protected":false},"author":48,"featured_media":0,"parent":1657,"menu_order":0,"comment_status":"closed","ping_status":"closed","template":"","meta":{"ngg_post_thumbnail":0,"footnotes":""},"class_list":["post-337","page","type-page","status-publish","czr-hentry"],"publishpress_future_action":{"enabled":false,"date":"2026-04-20 10:50:55","action":"change-status","newStatus":"draft","terms":[],"taxonomy":"","extraData":[]},"publishpress_future_workflow_manual_trigger":{"enabledWorkflows":[]},"_links":{"self":[{"href":"https:\/\/pedagogie.ac-lille.fr\/sbssa\/wp-json\/wp\/v2\/pages\/337","targetHints":{"allow":["GET"]}}],"collection":[{"href":"https:\/\/pedagogie.ac-lille.fr\/sbssa\/wp-json\/wp\/v2\/pages"}],"about":[{"href":"https:\/\/pedagogie.ac-lille.fr\/sbssa\/wp-json\/wp\/v2\/types\/page"}],"author":[{"embeddable":true,"href":"https:\/\/pedagogie.ac-lille.fr\/sbssa\/wp-json\/wp\/v2\/users\/48"}],"replies":[{"embeddable":true,"href":"https:\/\/pedagogie.ac-lille.fr\/sbssa\/wp-json\/wp\/v2\/comments?post=337"}],"version-history":[{"count":70,"href":"https:\/\/pedagogie.ac-lille.fr\/sbssa\/wp-json\/wp\/v2\/pages\/337\/revisions"}],"predecessor-version":[{"id":12998,"href":"https:\/\/pedagogie.ac-lille.fr\/sbssa\/wp-json\/wp\/v2\/pages\/337\/revisions\/12998"}],"up":[{"embeddable":true,"href":"https:\/\/pedagogie.ac-lille.fr\/sbssa\/wp-json\/wp\/v2\/pages\/1657"}],"wp:attachment":[{"href":"https:\/\/pedagogie.ac-lille.fr\/sbssa\/wp-json\/wp\/v2\/media?parent=337"}],"curies":[{"name":"wp","href":"https:\/\/api.w.org\/{rel}","templated":true}]}}