{"id":416,"date":"2021-03-20T16:18:41","date_gmt":"2021-03-20T15:18:41","guid":{"rendered":"https:\/\/pedagogie.ac-lille.fr\/sbssa\/?page_id=416"},"modified":"2023-04-10T20:04:56","modified_gmt":"2023-04-10T18:04:56","slug":"esthetique-cosmetique-parfumerie","status":"publish","type":"page","link":"https:\/\/pedagogie.ac-lille.fr\/sbssa\/filieres\/beaute-et-bien-etre\/esthetique-cosmetique-parfumerie\/","title":{"rendered":"ESTH\u00c9TIQUE COSM\u00c9TIQUE PARFUMERIE"},"content":{"rendered":"\n<div class=\"wp-block-columns is-layout-flex wp-container-core-columns-is-layout-28f84493 wp-block-columns-is-layout-flex\">\n<div class=\"wp-block-column is-layout-flow wp-block-column-is-layout-flow\">\n<figure class=\"wp-block-image size-thumbnail is-resized is-style-rounded\"><a href=\"https:\/\/pedagogie.ac-lille.fr\/sbssa\/filieres\/beaute-et-bien-etre\/esthetique-cosmetique-parfumerie\/certificat-daptitude-professionnelle-esthetique-cosmetique-parfumerie-cap-ecp\/\"><img loading=\"lazy\" decoding=\"async\" src=\"https:\/\/pedagogie.ac-lille.fr\/sbssa\/wp-content\/uploads\/sites\/30\/2021\/08\/people-2583493_1920-150x150.jpg\" alt=\"\" class=\"wp-image-2363\" width=\"150\" height=\"150\" srcset=\"https:\/\/pedagogie.ac-lille.fr\/sbssa\/wp-content\/uploads\/sites\/30\/2021\/08\/people-2583493_1920-150x150.jpg 150w, https:\/\/pedagogie.ac-lille.fr\/sbssa\/wp-content\/uploads\/sites\/30\/2021\/08\/people-2583493_1920-510x510.jpg 510w\" sizes=\"auto, (max-width: 150px) 100vw, 150px\" \/><\/a><figcaption class=\"wp-element-caption\"><strong><a href=\"https:\/\/pedagogie.ac-lille.fr\/sbssa\/filieres\/beaute-et-bien-etre\/esthetique-cosmetique-parfumerie\/certificat-daptitude-professionnelle-esthetique-cosmetique-parfumerie-cap-ecp\/\">CAP ECP<\/a><\/strong><br>Certificat d&rsquo;Aptitude Professionel<br><strong>Esth\u00e9tique Cosm\u00e9tique Parfumerie<\/strong><\/figcaption><\/figure>\n<\/div>\n\n\n\n<div class=\"wp-block-column is-layout-flow wp-block-column-is-layout-flow\">\n<figure class=\"wp-block-image size-thumbnail is-resized is-style-rounded\"><a href=\"https:\/\/pedagogie.ac-lille.fr\/sbssa\/filieres\/beaute-et-bien-etre\/esthetique-cosmetique-parfumerie\/baccalaureat-professionnel-esthetique-cosmetique-parfumerie-bcp-ecp\/\"><img decoding=\"async\" src=\"https:\/\/pedagogie.ac-lille.fr\/sbssa\/wp-content\/uploads\/sites\/30\/2021\/03\/Beaute\u0301-Bien-E\u0302tre-150x148.png\" alt=\"Esth\u00e9tique Cosm\u00e9tique Parfurmerie\" class=\"wp-image-190\" height=\"150\" \/><\/a><figcaption class=\"wp-element-caption\"><strong><a href=\"https:\/\/pedagogie.ac-lille.fr\/sbssa\/filieres\/beaute-et-bien-etre\/esthetique-cosmetique-parfumerie\/baccalaureat-professionnel-esthetique-cosmetique-parfumerie-bcp-ecp\/\">BCP ECP<\/a><\/strong><br>Baccalaur\u00e9at Professionnel<br><strong>Esth\u00e9tique Cosm\u00e9tique Parfumerie<\/strong><\/figcaption><\/figure>\n<\/div>\n\n\n\n<div class=\"wp-block-column is-layout-flow wp-block-column-is-layout-flow\">\n<figure class=\"wp-block-image size-thumbnail is-style-rounded\"><a href=\"https:\/\/pedagogie.ac-lille.fr\/sbssa\/filieres\/beaute-et-bien-etre\/esthetique-cosmetique-parfumerie\/brevet-professionnel-esthetique-cosmetique-parfumerie-bp-ecp\/\"><img loading=\"lazy\" decoding=\"async\" width=\"150\" height=\"150\" src=\"https:\/\/pedagogie.ac-lille.fr\/sbssa\/wp-content\/uploads\/sites\/30\/2021\/08\/reception-5078882_1920-150x150.jpg\" alt=\"\" class=\"wp-image-2238\" \/><\/a><figcaption class=\"wp-element-caption\"><strong><a href=\"https:\/\/pedagogie.ac-lille.fr\/sbssa\/filieres\/beaute-et-bien-etre\/esthetique-cosmetique-parfumerie\/brevet-professionnel-esthetique-cosmetique-parfumerie-bp-ecp\/\">BP ECP<\/a><\/strong><br>Brevet Professionnel<br><strong>Esth\u00e9tique Cosm\u00e9tique Parfumerie<\/strong><\/figcaption><\/figure>\n<\/div>\n<\/div>\n\n\n<p><span style=\"font-size: 14pt\">\u00c9pilations, manucure, maquillage, soins, massage du visage, modelage du corps : l&rsquo;esth\u00e9ticien-cosm\u00e9ticien sait identifier les diff\u00e9rents types de peau (normale, grasse, s\u00e8che, mixte) dissimuler les imperfections du visage ou du corps et retarder les effets du vieillissement. <\/span><\/p>\n<p><span style=\"font-size: 14pt\">Soign\u00e9 et d\u00e9licat, il manipule avec pr\u00e9caution le mat\u00e9riel et les produits. Ce professionnel de la beaut\u00e9 se tient au courant des innovations en mati\u00e8re de cosm\u00e9tiques afin de pouvoir jouer son r\u00f4le de conseil dans l&rsquo;achat et l&rsquo;utilisation des produits. <\/span><\/p>\n<p><span style=\"font-size: 14pt\">Son sens du contact lui permet d&rsquo;instaurer un climat de confiance afin de s&rsquo;adapter aux demandes de chaque client.<\/span><\/p>\n<p><span style=\"font-size: 14pt\">L&rsquo;esth\u00e9ticien-cosm\u00e9ticien est salari\u00e9 d&rsquo;un institut de beaut\u00e9 ou travaille \u00e0 son compte. Apr\u00e8s quelques ann\u00e9es d&rsquo;exp\u00e9rience comme conseiller-vendeur en parfums et cosm\u00e9tiques, il peut \u00e9voluer vers un poste de repr\u00e9sentant en cosm\u00e9tiques.<\/span><\/p>\n<p><span style=\"font-size: 14pt\"><em>(Source : ONISEP)<\/em><\/span><\/p>\n<p>&nbsp;<\/p>\n\n\n<div class=\"wp-block-columns is-layout-flex wp-container-core-columns-is-layout-28f84493 wp-block-columns-is-layout-flex\">\n<div class=\"wp-block-column is-layout-flow wp-block-column-is-layout-flow\">\n<figure class=\"wp-block-image size-full\"><a href=\"https:\/\/www.onisep.fr\/ressources\/Univers-Metier\/Metiers\/estheticien-cosmeticien-estheticienne-cosmeticienne\" target=\"_blank\" rel=\"noreferrer noopener\"><img loading=\"lazy\" decoding=\"async\" width=\"482\" height=\"104\" src=\"https:\/\/pedagogie.ac-lille.fr\/sbssa\/wp-content\/uploads\/sites\/30\/2021\/03\/Onisep.png\" alt=\"Onisep\" class=\"wp-image-296\" srcset=\"https:\/\/pedagogie.ac-lille.fr\/sbssa\/wp-content\/uploads\/sites\/30\/2021\/03\/Onisep.png 482w, https:\/\/pedagogie.ac-lille.fr\/sbssa\/wp-content\/uploads\/sites\/30\/2021\/03\/Onisep-300x65.png 300w\" sizes=\"auto, (max-width: 482px) 100vw, 482px\" \/><\/a><\/figure>\n<\/div>\n\n\n\n<div class=\"wp-block-column is-layout-flow wp-block-column-is-layout-flow\">\n<p><a href=\"https:\/\/www.onisep.fr\/ressources\/Univers-Metier\/Metiers\/estheticien-cosmeticien-estheticienne-cosmeticienne\" target=\"_blank\" rel=\"noopener\">Pr\u00e9sentation du m\u00e9tier <br>Les formations et dipl\u00f4mes<\/a><\/p>\n<\/div>\n<\/div>\n","protected":false},"excerpt":{"rendered":"<p>\u00c9pilations, manucure, maquillage, soins, massage du visage, modelage du corps : l&rsquo;esth\u00e9ticien-cosm\u00e9ticien sait identifier les diff\u00e9rents types de peau (normale, grasse, s\u00e8che, mixte) dissimuler les imperfections du visage ou du [&hellip;]<\/p>\n","protected":false},"author":48,"featured_media":0,"parent":1657,"menu_order":0,"comment_status":"closed","ping_status":"closed","template":"","meta":{"ngg_post_thumbnail":0,"footnotes":""},"class_list":["post-416","page","type-page","status-publish","czr-hentry"],"publishpress_future_action":{"enabled":false,"date":"2026-04-11 11:50:53","action":"change-status","newStatus":"draft","terms":[],"taxonomy":"","extraData":[]},"publishpress_future_workflow_manual_trigger":{"enabledWorkflows":[]},"_links":{"self":[{"href":"https:\/\/pedagogie.ac-lille.fr\/sbssa\/wp-json\/wp\/v2\/pages\/416","targetHints":{"allow":["GET"]}}],"collection":[{"href":"https:\/\/pedagogie.ac-lille.fr\/sbssa\/wp-json\/wp\/v2\/pages"}],"about":[{"href":"https:\/\/pedagogie.ac-lille.fr\/sbssa\/wp-json\/wp\/v2\/types\/page"}],"author":[{"embeddable":true,"href":"https:\/\/pedagogie.ac-lille.fr\/sbssa\/wp-json\/wp\/v2\/users\/48"}],"replies":[{"embeddable":true,"href":"https:\/\/pedagogie.ac-lille.fr\/sbssa\/wp-json\/wp\/v2\/comments?post=416"}],"version-history":[{"count":8,"href":"https:\/\/pedagogie.ac-lille.fr\/sbssa\/wp-json\/wp\/v2\/pages\/416\/revisions"}],"predecessor-version":[{"id":10183,"href":"https:\/\/pedagogie.ac-lille.fr\/sbssa\/wp-json\/wp\/v2\/pages\/416\/revisions\/10183"}],"up":[{"embeddable":true,"href":"https:\/\/pedagogie.ac-lille.fr\/sbssa\/wp-json\/wp\/v2\/pages\/1657"}],"wp:attachment":[{"href":"https:\/\/pedagogie.ac-lille.fr\/sbssa\/wp-json\/wp\/v2\/media?parent=416"}],"curies":[{"name":"wp","href":"https:\/\/api.w.org\/{rel}","templated":true}]}}