{"id":5600,"date":"2022-06-24T15:13:17","date_gmt":"2022-06-24T13:13:17","guid":{"rendered":"https:\/\/pedagogie.ac-lille.fr\/sbssa\/?page_id=5600"},"modified":"2023-04-15T23:19:34","modified_gmt":"2023-04-15T21:19:34","slug":"cap-psr-production-et-service-en-restaurations","status":"publish","type":"page","link":"https:\/\/pedagogie.ac-lille.fr\/sbssa\/filieres\/restaurations-collective-et-commerciale\/cap-psr-production-et-service-en-restaurations\/","title":{"rendered":"CAP PSR (Production et Service en Restaurations)"},"content":{"rendered":"\n<div class=\"wp-block-columns is-layout-flex wp-container-core-columns-is-layout-28f84493 wp-block-columns-is-layout-flex\">\n<div class=\"wp-block-column is-layout-flow wp-block-column-is-layout-flow\">\n<figure class=\"wp-block-image size-thumbnail\"><a href=\"https:\/\/pedagogie.ac-lille.fr\/sbssa\/filieres\/restaurations-collective-et-commerciale\/cap-psr-production-et-service-en-restaurations\/textes-officiels-cap-psr-2\/?preview=true\"><img loading=\"lazy\" decoding=\"async\" width=\"150\" height=\"150\" src=\"https:\/\/pedagogie.ac-lille.fr\/sbssa\/wp-content\/uploads\/sites\/30\/2022\/05\/education-g88d03105e_1280-150x150.png\" alt=\"Officiel\" class=\"wp-image-3822\" srcset=\"https:\/\/pedagogie.ac-lille.fr\/sbssa\/wp-content\/uploads\/sites\/30\/2022\/05\/education-g88d03105e_1280-150x150.png 150w, https:\/\/pedagogie.ac-lille.fr\/sbssa\/wp-content\/uploads\/sites\/30\/2022\/05\/education-g88d03105e_1280-300x300.png 300w, https:\/\/pedagogie.ac-lille.fr\/sbssa\/wp-content\/uploads\/sites\/30\/2022\/05\/education-g88d03105e_1280-1024x1024.png 1024w, https:\/\/pedagogie.ac-lille.fr\/sbssa\/wp-content\/uploads\/sites\/30\/2022\/05\/education-g88d03105e_1280-768x768.png 768w, https:\/\/pedagogie.ac-lille.fr\/sbssa\/wp-content\/uploads\/sites\/30\/2022\/05\/education-g88d03105e_1280-510x510.png 510w, https:\/\/pedagogie.ac-lille.fr\/sbssa\/wp-content\/uploads\/sites\/30\/2022\/05\/education-g88d03105e_1280.png 1280w\" sizes=\"auto, (max-width: 150px) 100vw, 150px\" \/><\/a><figcaption class=\"wp-element-caption\"><a href=\"https:\/\/pedagogie.ac-lille.fr\/sbssa\/filieres\/restaurations-collective-et-commerciale\/cap-psr-production-et-service-en-restaurations\/textes-officiels-cap-psr-2\/?preview=true\">Textes officiels<\/a><\/figcaption><\/figure>\n<\/div>\n\n\n\n<div class=\"wp-block-column is-layout-flow wp-block-column-is-layout-flow\">\n<figure class=\"wp-block-image size-thumbnail\"><a href=\"https:\/\/pedagogie.ac-lille.fr\/sbssa\/filieres\/restaurations-collective-et-commerciale\/cap-psr-production-et-service-en-restaurations\/documents-academiques-cap-psr-2\/?preview=true\"><img loading=\"lazy\" decoding=\"async\" width=\"150\" height=\"150\" src=\"https:\/\/pedagogie.ac-lille.fr\/sbssa\/wp-content\/uploads\/sites\/30\/2023\/02\/Academie_de_Lille.svg_-150x150.png\" alt=\"\" class=\"wp-image-9557\" srcset=\"https:\/\/pedagogie.ac-lille.fr\/sbssa\/wp-content\/uploads\/sites\/30\/2023\/02\/Academie_de_Lille.svg_-150x150.png 150w, https:\/\/pedagogie.ac-lille.fr\/sbssa\/wp-content\/uploads\/sites\/30\/2023\/02\/Academie_de_Lille.svg_-298x300.png 298w, https:\/\/pedagogie.ac-lille.fr\/sbssa\/wp-content\/uploads\/sites\/30\/2023\/02\/Academie_de_Lille.svg_-1017x1024.png 1017w, https:\/\/pedagogie.ac-lille.fr\/sbssa\/wp-content\/uploads\/sites\/30\/2023\/02\/Academie_de_Lille.svg_-768x773.png 768w, https:\/\/pedagogie.ac-lille.fr\/sbssa\/wp-content\/uploads\/sites\/30\/2023\/02\/Academie_de_Lille.svg_-510x510.png 510w, https:\/\/pedagogie.ac-lille.fr\/sbssa\/wp-content\/uploads\/sites\/30\/2023\/02\/Academie_de_Lille.svg_.png 1200w\" sizes=\"auto, (max-width: 150px) 100vw, 150px\" \/><\/a><figcaption class=\"wp-element-caption\"><a href=\"https:\/\/pedagogie.ac-lille.fr\/sbssa\/filieres\/restaurations-collective-et-commerciale\/cap-psr-production-et-service-en-restaurations\/documents-academiques-cap-psr-2\/?preview=true\">Documents acad\u00e9miques<\/a><\/figcaption><\/figure>\n<\/div>\n\n\n\n<div class=\"wp-block-column is-layout-flow wp-block-column-is-layout-flow\">\n<figure class=\"wp-block-image size-thumbnail\"><a href=\"https:\/\/pedagogie.ac-lille.fr\/sbssa\/ressources-cap-psr\/?preview=true\"><img loading=\"lazy\" decoding=\"async\" width=\"150\" height=\"150\" src=\"https:\/\/pedagogie.ac-lille.fr\/sbssa\/wp-content\/uploads\/sites\/30\/2022\/05\/pixel-cells-g9c2803b40_1280-150x150.png\" alt=\"Ressources\" class=\"wp-image-3312\" srcset=\"https:\/\/pedagogie.ac-lille.fr\/sbssa\/wp-content\/uploads\/sites\/30\/2022\/05\/pixel-cells-g9c2803b40_1280-150x150.png 150w, https:\/\/pedagogie.ac-lille.fr\/sbssa\/wp-content\/uploads\/sites\/30\/2022\/05\/pixel-cells-g9c2803b40_1280-510x510.png 510w\" sizes=\"auto, (max-width: 150px) 100vw, 150px\" \/><\/a><figcaption class=\"wp-element-caption\"><a href=\"https:\/\/pedagogie.ac-lille.fr\/sbssa\/ressources-cap-psr\/?preview=true\">Ressources<\/a><\/figcaption><\/figure>\n<\/div>\n<\/div>\n\n\n<p><a href=\"https:\/\/pedagogie.ac-lille.fr\/sbssa\/wp-content\/uploads\/sites\/30\/2022\/06\/chicken-6832808_1920.jpg\"><img loading=\"lazy\" decoding=\"async\" class=\"size-medium wp-image-5604 alignleft\" src=\"https:\/\/pedagogie.ac-lille.fr\/sbssa\/wp-content\/uploads\/sites\/30\/2022\/06\/chicken-6832808_1920-300x200.jpg\" alt=\"Restauration 1\" width=\"300\" height=\"200\" srcset=\"https:\/\/pedagogie.ac-lille.fr\/sbssa\/wp-content\/uploads\/sites\/30\/2022\/06\/chicken-6832808_1920-300x200.jpg 300w, https:\/\/pedagogie.ac-lille.fr\/sbssa\/wp-content\/uploads\/sites\/30\/2022\/06\/chicken-6832808_1920-1024x683.jpg 1024w, https:\/\/pedagogie.ac-lille.fr\/sbssa\/wp-content\/uploads\/sites\/30\/2022\/06\/chicken-6832808_1920-768x512.jpg 768w, https:\/\/pedagogie.ac-lille.fr\/sbssa\/wp-content\/uploads\/sites\/30\/2022\/06\/chicken-6832808_1920-1536x1024.jpg 1536w, https:\/\/pedagogie.ac-lille.fr\/sbssa\/wp-content\/uploads\/sites\/30\/2022\/06\/chicken-6832808_1920.jpg 1920w\" sizes=\"auto, (max-width: 300px) 100vw, 300px\" \/><\/a>Le ou la titulaire du CAP Production et service en restaurations (rapide, collective, caf\u00e9t\u00e9ria), cr\u00e9\u00e9 par l&rsquo;<a href=\"https:\/\/www.legifrance.gouv.fr\/loda\/id\/JORFTEXT000039419726\/\" target=\"_blank\" rel=\"noopener\">arr\u00eat\u00e9 du 29\/10\/2029<\/a>, prend en charge, sous l&rsquo;autorit\u00e9 d&rsquo;un responsable, la pr\u00e9paration des repas dans les \u00e9tablissements de restauration rapide ou de vente \u00e0 emporter, la restauration collective et les entreprises de fabrication de plateaux-repas.<br>En production, il r\u00e9ceptionne et entrepose les produits ou les plats pr\u00e9par\u00e9s. Il assemble et met en valeur des mets simples, en respectant la r\u00e9glementation relative \u00e0 l&rsquo;hygi\u00e8ne et \u00e0 la s\u00e9curit\u00e9. Il les conditionne et remet \u00e0 temp\u00e9rature les plats cuisin\u00e9s.<br>En service, il assure la mise en valeur des espaces de distribution et de vente ainsi que leur r\u00e9approvisionnement. Il conseille le client et lui pr\u00e9sente les produits, il proc\u00e8de \u00e9ventuellement \u00e0 l&rsquo;encaissement des prestations.<br>Pour l&rsquo;entretien, il nettoie et range les ustensiles de production et les locaux.<br>Ce professionnel doit supporter un rythme de travail rapide et la station debout, tout en restant disponible pour la client\u00e8le.<\/p>\n<p><em>(Source : ONISEP)<\/em><\/p>\n<p>&nbsp;<\/p>\n\n\n<div class=\"wp-block-columns is-layout-flex wp-container-core-columns-is-layout-28f84493 wp-block-columns-is-layout-flex\">\n<div class=\"wp-block-column is-layout-flow wp-block-column-is-layout-flow\">\n<figure class=\"wp-block-image size-full\"><a href=\"https:\/\/www.onisep.fr\/ressources\/univers-formation\/Formations\/Lycees\/cap-production-et-service-en-restaurations-rapide-collective-cafeteria\"><img loading=\"lazy\" decoding=\"async\" width=\"482\" height=\"104\" src=\"https:\/\/pedagogie.ac-lille.fr\/sbssa\/wp-content\/uploads\/sites\/30\/2021\/03\/Onisep.png\" alt=\"Onisep\" class=\"wp-image-296\" srcset=\"https:\/\/pedagogie.ac-lille.fr\/sbssa\/wp-content\/uploads\/sites\/30\/2021\/03\/Onisep.png 482w, https:\/\/pedagogie.ac-lille.fr\/sbssa\/wp-content\/uploads\/sites\/30\/2021\/03\/Onisep-300x65.png 300w\" sizes=\"auto, (max-width: 482px) 100vw, 482px\" \/><\/a><\/figure>\n<\/div>\n\n\n\n<div class=\"wp-block-column is-layout-flow wp-block-column-is-layout-flow\">\n<p><a href=\"https:\/\/www.onisep.fr\/Ressources\/Univers-Formation\/Formations\/Lycees\/cap-production-et-service-en-restaurations-rapide-collective-cafeteria\" target=\"_blank\" rel=\"noopener\">Pr\u00e9sentation du dipl\u00f4me \u2013 Admissions<\/a><br><a href=\"https:\/\/www.onisep.fr\/Ressources\/Univers-Formation\/Formations\/Lycees\/cap-production-et-service-en-restaurations-rapide-collective-cafeteria\" target=\"_blank\" rel=\"noopener\">Poursuites d&rsquo;\u00e9tudes \u2013 Lieux de formation<\/a><\/p>\n<\/div>\n<\/div>\n\n\n\n<h2 class=\"wp-block-heading\"><mark style=\"background-color:#0693e3\" class=\"has-inline-color has-white-color\">DERNIERS ARTICLES PUBLI\u00c9S<\/mark><\/h2>\n\n\n<ul class=\"wp-block-latest-posts__list has-dates wp-block-latest-posts\"><li><div class=\"wp-block-latest-posts__featured-image alignleft\"><a href=\"https:\/\/pedagogie.ac-lille.fr\/sbssa\/faire-vivre-les-sciences-avec-vos-eleves\/\" aria-label=\"Faire vivre les sciences avec vos \u00e9l\u00e8ves\"><img loading=\"lazy\" decoding=\"async\" width=\"300\" height=\"200\" src=\"https:\/\/pedagogie.ac-lille.fr\/sbssa\/wp-content\/uploads\/sites\/30\/2026\/04\/annee-ingenierie-eleves-professeurs-entreprises-300x200.jpg\" class=\"attachment-medium size-medium no-lazy wp-post-image\" alt=\"\" style=\"max-width:150px;max-height:150px;\" srcset=\"https:\/\/pedagogie.ac-lille.fr\/sbssa\/wp-content\/uploads\/sites\/30\/2026\/04\/annee-ingenierie-eleves-professeurs-entreprises-300x200.jpg 300w, https:\/\/pedagogie.ac-lille.fr\/sbssa\/wp-content\/uploads\/sites\/30\/2026\/04\/annee-ingenierie-eleves-professeurs-entreprises-768x512.jpg 768w, https:\/\/pedagogie.ac-lille.fr\/sbssa\/wp-content\/uploads\/sites\/30\/2026\/04\/annee-ingenierie-eleves-professeurs-entreprises.jpg 800w\" sizes=\"auto, (max-width: 300px) 100vw, 300px\" \/><\/a><\/div><a class=\"wp-block-latest-posts__post-title\" href=\"https:\/\/pedagogie.ac-lille.fr\/sbssa\/faire-vivre-les-sciences-avec-vos-eleves\/\">Faire vivre les sciences avec vos \u00e9l\u00e8ves<\/a><time datetime=\"2026-04-05T08:10:02+02:00\" class=\"wp-block-latest-posts__post-date\">5 avril 2026<\/time><\/li>\n<li><div class=\"wp-block-latest-posts__featured-image alignleft\"><a href=\"https:\/\/pedagogie.ac-lille.fr\/sbssa\/tri-et-traitement-des-dechets-prevenir-les-risques-professionnels\/\" aria-label=\"Tri et traitement des d\u00e9chets : pr\u00e9venir les risques professionnels\"><img loading=\"lazy\" decoding=\"async\" width=\"212\" height=\"300\" src=\"https:\/\/pedagogie.ac-lille.fr\/sbssa\/wp-content\/uploads\/sites\/30\/2026\/03\/ed6390-212x300.jpg\" class=\"attachment-medium size-medium no-lazy wp-post-image\" alt=\"\" style=\"max-width:150px;max-height:150px;\" srcset=\"https:\/\/pedagogie.ac-lille.fr\/sbssa\/wp-content\/uploads\/sites\/30\/2026\/03\/ed6390-212x300.jpg 212w, https:\/\/pedagogie.ac-lille.fr\/sbssa\/wp-content\/uploads\/sites\/30\/2026\/03\/ed6390.jpg 280w\" sizes=\"auto, (max-width: 212px) 100vw, 212px\" \/><\/a><\/div><a class=\"wp-block-latest-posts__post-title\" href=\"https:\/\/pedagogie.ac-lille.fr\/sbssa\/tri-et-traitement-des-dechets-prevenir-les-risques-professionnels\/\">Tri et traitement des d\u00e9chets : pr\u00e9venir les risques professionnels<\/a><time datetime=\"2026-03-22T19:15:39+01:00\" class=\"wp-block-latest-posts__post-date\">22 mars 2026<\/time><\/li>\n<li><div class=\"wp-block-latest-posts__featured-image alignleft\"><a href=\"https:\/\/pedagogie.ac-lille.fr\/sbssa\/risques-biologiques-pour-un-usage-raisonne-de-la-desinfection\/\" aria-label=\"Risques biologiques : pour un usage raisonn\u00e9 de la d\u00e9sinfection\"><img loading=\"lazy\" decoding=\"async\" width=\"209\" height=\"300\" src=\"https:\/\/pedagogie.ac-lille.fr\/sbssa\/wp-content\/uploads\/sites\/30\/2026\/03\/ed6188-209x300.jpg\" class=\"attachment-medium size-medium no-lazy wp-post-image\" alt=\"\" style=\"max-width:150px;max-height:150px;\" srcset=\"https:\/\/pedagogie.ac-lille.fr\/sbssa\/wp-content\/uploads\/sites\/30\/2026\/03\/ed6188-209x300.jpg 209w, https:\/\/pedagogie.ac-lille.fr\/sbssa\/wp-content\/uploads\/sites\/30\/2026\/03\/ed6188.jpg 280w\" sizes=\"auto, (max-width: 209px) 100vw, 209px\" \/><\/a><\/div><a class=\"wp-block-latest-posts__post-title\" href=\"https:\/\/pedagogie.ac-lille.fr\/sbssa\/risques-biologiques-pour-un-usage-raisonne-de-la-desinfection\/\">Risques biologiques : pour un usage raisonn\u00e9 de la d\u00e9sinfection<\/a><time datetime=\"2026-03-22T19:09:55+01:00\" class=\"wp-block-latest-posts__post-date\">22 mars 2026<\/time><\/li>\n<li><div class=\"wp-block-latest-posts__featured-image alignleft\"><a href=\"https:\/\/pedagogie.ac-lille.fr\/sbssa\/travail-securite-numero-de-mars-2026-les-metiers-de-la-beaute\/\" aria-label=\"Travail &amp; S\u00e9curit\u00e9 : num\u00e9ro de mars 2026 &#8211; \u00ab\u00a0Les m\u00e9tiers de la beaut\u00e9\u00a0\u00bb\"><img loading=\"lazy\" decoding=\"async\" width=\"212\" height=\"300\" src=\"https:\/\/pedagogie.ac-lille.fr\/sbssa\/wp-content\/uploads\/sites\/30\/2026\/03\/Pages-de-TS879-copie-212x300.webp\" class=\"attachment-medium size-medium no-lazy wp-post-image\" alt=\"\" style=\"max-width:150px;max-height:150px;\" srcset=\"https:\/\/pedagogie.ac-lille.fr\/sbssa\/wp-content\/uploads\/sites\/30\/2026\/03\/Pages-de-TS879-copie-212x300.webp 212w, https:\/\/pedagogie.ac-lille.fr\/sbssa\/wp-content\/uploads\/sites\/30\/2026\/03\/Pages-de-TS879-copie.webp 600w\" sizes=\"auto, (max-width: 212px) 100vw, 212px\" \/><\/a><\/div><a class=\"wp-block-latest-posts__post-title\" href=\"https:\/\/pedagogie.ac-lille.fr\/sbssa\/travail-securite-numero-de-mars-2026-les-metiers-de-la-beaute\/\">Travail &amp; S\u00e9curit\u00e9 : num\u00e9ro de mars 2026 &#8211; \u00ab\u00a0Les m\u00e9tiers de la beaut\u00e9\u00a0\u00bb<\/a><time datetime=\"2026-03-22T18:59:47+01:00\" class=\"wp-block-latest-posts__post-date\">22 mars 2026<\/time><\/li>\n<li><div class=\"wp-block-latest-posts__featured-image alignleft\"><a href=\"https:\/\/pedagogie.ac-lille.fr\/sbssa\/journee-dediee-aux-eleves-a-besoins-educatifs-particuliers\/\" aria-label=\"Journ\u00e9e d\u00e9di\u00e9e aux \u00e9l\u00e8ves \u00e0 besoins \u00e9ducatifs particuliers\"><img loading=\"lazy\" decoding=\"async\" width=\"115\" height=\"160\" src=\"https:\/\/pedagogie.ac-lille.fr\/sbssa\/wp-content\/uploads\/sites\/30\/2026\/02\/N-19193-642460_visuel.jpg\" class=\"attachment-medium size-medium no-lazy wp-post-image\" alt=\"\" style=\"max-width:150px;max-height:150px;\" \/><\/a><\/div><a class=\"wp-block-latest-posts__post-title\" href=\"https:\/\/pedagogie.ac-lille.fr\/sbssa\/journee-dediee-aux-eleves-a-besoins-educatifs-particuliers\/\">Journ\u00e9e d\u00e9di\u00e9e aux \u00e9l\u00e8ves \u00e0 besoins \u00e9ducatifs particuliers<\/a><time datetime=\"2026-02-23T19:20:55+01:00\" class=\"wp-block-latest-posts__post-date\">23 f\u00e9vrier 2026<\/time><\/li>\n<li><div class=\"wp-block-latest-posts__featured-image alignleft\"><a href=\"https:\/\/pedagogie.ac-lille.fr\/sbssa\/coloration-en-cap-psr-cuisine-saine-durable-et-favorable-a-la-sante\/\" aria-label=\"Coloration en CAP PSR : cuisine saine, durable et favorable \u00e0 la sant\u00e9\u00a0\"><img loading=\"lazy\" decoding=\"async\" width=\"300\" height=\"222\" src=\"https:\/\/pedagogie.ac-lille.fr\/sbssa\/wp-content\/uploads\/sites\/30\/2026\/03\/Capture-decran_22-3-2026_194420_webmail.ac-lille.fr_-300x222.jpeg\" class=\"attachment-medium size-medium no-lazy wp-post-image\" alt=\"\" style=\"max-width:150px;max-height:150px;\" srcset=\"https:\/\/pedagogie.ac-lille.fr\/sbssa\/wp-content\/uploads\/sites\/30\/2026\/03\/Capture-decran_22-3-2026_194420_webmail.ac-lille.fr_-300x222.jpeg 300w, https:\/\/pedagogie.ac-lille.fr\/sbssa\/wp-content\/uploads\/sites\/30\/2026\/03\/Capture-decran_22-3-2026_194420_webmail.ac-lille.fr_.jpeg 444w\" sizes=\"auto, (max-width: 300px) 100vw, 300px\" \/><\/a><\/div><a class=\"wp-block-latest-posts__post-title\" href=\"https:\/\/pedagogie.ac-lille.fr\/sbssa\/coloration-en-cap-psr-cuisine-saine-durable-et-favorable-a-la-sante\/\">Coloration en CAP PSR : cuisine saine, durable et favorable \u00e0 la sant\u00e9\u00a0<\/a><time datetime=\"2026-02-02T19:39:00+01:00\" class=\"wp-block-latest-posts__post-date\">2 f\u00e9vrier 2026<\/time><\/li>\n<li><div class=\"wp-block-latest-posts__featured-image alignleft\"><a href=\"https:\/\/pedagogie.ac-lille.fr\/sbssa\/lettre-edunum-sciences-de-la-vie-et-de-la-terre-n-39-janvier-2026\/\" aria-label=\"Lettre \u00c9duNum Sciences de la vie et de la Terre n\u00b0 39 &#8211; janvier 2026\"><img loading=\"lazy\" decoding=\"async\" width=\"300\" height=\"103\" src=\"https:\/\/pedagogie.ac-lille.fr\/sbssa\/wp-content\/uploads\/sites\/30\/2026\/01\/Lettre-Edunum-SVT-300x103.png\" class=\"attachment-medium size-medium no-lazy wp-post-image\" alt=\"\" style=\"max-width:150px;max-height:150px;\" srcset=\"https:\/\/pedagogie.ac-lille.fr\/sbssa\/wp-content\/uploads\/sites\/30\/2026\/01\/Lettre-Edunum-SVT-300x103.png 300w, https:\/\/pedagogie.ac-lille.fr\/sbssa\/wp-content\/uploads\/sites\/30\/2026\/01\/Lettre-Edunum-SVT-570x197.png 570w, https:\/\/pedagogie.ac-lille.fr\/sbssa\/wp-content\/uploads\/sites\/30\/2026\/01\/Lettre-Edunum-SVT.png 572w\" sizes=\"auto, (max-width: 300px) 100vw, 300px\" \/><\/a><\/div><a class=\"wp-block-latest-posts__post-title\" href=\"https:\/\/pedagogie.ac-lille.fr\/sbssa\/lettre-edunum-sciences-de-la-vie-et-de-la-terre-n-39-janvier-2026\/\">Lettre \u00c9duNum Sciences de la vie et de la Terre n\u00b0 39 &#8211; janvier 2026<\/a><time datetime=\"2026-01-19T07:19:52+01:00\" class=\"wp-block-latest-posts__post-date\">19 janvier 2026<\/time><\/li>\n<li><div class=\"wp-block-latest-posts__featured-image alignleft\"><a href=\"https:\/\/pedagogie.ac-lille.fr\/sbssa\/arrete-du-27-octobre-2025-modifiant-larrete-du-21-novembre-2018-modifie-relatif-aux-enseignements-dispenses-dans-les-formations-sous-statut-scolaire-preparant-au-baccalaureat-professionnel\/\" aria-label=\"Arr\u00eat\u00e9 du 27 octobre 2025 modifiant l\u2019arr\u00eat\u00e9 du 21 novembre 2018 modifi\u00e9 relatif aux enseignements dispens\u00e9s dans les formations sous statut scolaire pr\u00e9parant au baccalaur\u00e9at professionnel\"><img loading=\"lazy\" decoding=\"async\" width=\"300\" height=\"165\" src=\"https:\/\/pedagogie.ac-lille.fr\/sbssa\/wp-content\/uploads\/sites\/30\/2021\/03\/gavel-3577258_1920-300x165.jpg\" class=\"attachment-medium size-medium no-lazy wp-post-image\" alt=\"Arr\u00eat\u00e9\" style=\"max-width:150px;max-height:150px;\" srcset=\"https:\/\/pedagogie.ac-lille.fr\/sbssa\/wp-content\/uploads\/sites\/30\/2021\/03\/gavel-3577258_1920-300x165.jpg 300w, https:\/\/pedagogie.ac-lille.fr\/sbssa\/wp-content\/uploads\/sites\/30\/2021\/03\/gavel-3577258_1920-1024x563.jpg 1024w, https:\/\/pedagogie.ac-lille.fr\/sbssa\/wp-content\/uploads\/sites\/30\/2021\/03\/gavel-3577258_1920-768x422.jpg 768w, https:\/\/pedagogie.ac-lille.fr\/sbssa\/wp-content\/uploads\/sites\/30\/2021\/03\/gavel-3577258_1920-1536x845.jpg 1536w, https:\/\/pedagogie.ac-lille.fr\/sbssa\/wp-content\/uploads\/sites\/30\/2021\/03\/gavel-3577258_1920.jpg 1920w\" sizes=\"auto, (max-width: 300px) 100vw, 300px\" \/><\/a><\/div><a class=\"wp-block-latest-posts__post-title\" href=\"https:\/\/pedagogie.ac-lille.fr\/sbssa\/arrete-du-27-octobre-2025-modifiant-larrete-du-21-novembre-2018-modifie-relatif-aux-enseignements-dispenses-dans-les-formations-sous-statut-scolaire-preparant-au-baccalaureat-professionnel\/\">Arr\u00eat\u00e9 du 27 octobre 2025 modifiant l\u2019arr\u00eat\u00e9 du 21 novembre 2018 modifi\u00e9 relatif aux enseignements dispens\u00e9s dans les formations sous statut scolaire pr\u00e9parant au baccalaur\u00e9at professionnel<\/a><time datetime=\"2025-11-18T23:35:15+01:00\" class=\"wp-block-latest-posts__post-date\">18 novembre 2025<\/time><\/li>\n<li><div class=\"wp-block-latest-posts__featured-image alignleft\"><a href=\"https:\/\/pedagogie.ac-lille.fr\/sbssa\/concours-video-2026-sante-et-securite-au-travail-eleves-en-lycee-professionnel-et-apprentis-a-vos-cameras\/\" aria-label=\"Concours vid\u00e9o 2026 Sant\u00e9 et s\u00e9curit\u00e9 au travail &#8211; El\u00e8ves en lyc\u00e9e professionnel et apprentis : \u00e0 vos cam\u00e9ras !\"><img loading=\"lazy\" decoding=\"async\" width=\"300\" height=\"111\" src=\"https:\/\/pedagogie.ac-lille.fr\/sbssa\/wp-content\/uploads\/sites\/30\/2024\/10\/concours-Video-INRS-0909-300x111.jpg\" class=\"attachment-medium size-medium no-lazy wp-post-image\" alt=\"\" style=\"max-width:150px;max-height:150px;\" srcset=\"https:\/\/pedagogie.ac-lille.fr\/sbssa\/wp-content\/uploads\/sites\/30\/2024\/10\/concours-Video-INRS-0909-300x111.jpg 300w, https:\/\/pedagogie.ac-lille.fr\/sbssa\/wp-content\/uploads\/sites\/30\/2024\/10\/concours-Video-INRS-0909-1024x379.jpg 1024w, https:\/\/pedagogie.ac-lille.fr\/sbssa\/wp-content\/uploads\/sites\/30\/2024\/10\/concours-Video-INRS-0909-768x284.jpg 768w, https:\/\/pedagogie.ac-lille.fr\/sbssa\/wp-content\/uploads\/sites\/30\/2024\/10\/concours-Video-INRS-0909.jpg 1256w\" sizes=\"auto, (max-width: 300px) 100vw, 300px\" \/><\/a><\/div><a class=\"wp-block-latest-posts__post-title\" href=\"https:\/\/pedagogie.ac-lille.fr\/sbssa\/concours-video-2026-sante-et-securite-au-travail-eleves-en-lycee-professionnel-et-apprentis-a-vos-cameras\/\">Concours vid\u00e9o 2026 Sant\u00e9 et s\u00e9curit\u00e9 au travail &#8211; El\u00e8ves en lyc\u00e9e professionnel et apprentis : \u00e0 vos cam\u00e9ras !<\/a><time datetime=\"2025-10-08T08:01:50+02:00\" class=\"wp-block-latest-posts__post-date\">8 octobre 2025<\/time><\/li>\n<\/ul>","protected":false},"excerpt":{"rendered":"<p>Le ou la titulaire du CAP Production et service en restaurations (rapide, collective, caf\u00e9t\u00e9ria), cr\u00e9\u00e9 par l&rsquo;arr\u00eat\u00e9 du 29\/10\/2029, prend en charge, sous l&rsquo;autorit\u00e9 d&rsquo;un responsable, la pr\u00e9paration des repas [&hellip;]<\/p>\n","protected":false},"author":48,"featured_media":0,"parent":207,"menu_order":0,"comment_status":"closed","ping_status":"closed","template":"","meta":{"ngg_post_thumbnail":0,"footnotes":""},"class_list":["post-5600","page","type-page","status-publish","czr-hentry"],"publishpress_future_action":{"enabled":false,"date":"2026-04-20 12:50:47","action":"change-status","newStatus":"draft","terms":[],"taxonomy":"","extraData":[]},"publishpress_future_workflow_manual_trigger":{"enabledWorkflows":[]},"_links":{"self":[{"href":"https:\/\/pedagogie.ac-lille.fr\/sbssa\/wp-json\/wp\/v2\/pages\/5600","targetHints":{"allow":["GET"]}}],"collection":[{"href":"https:\/\/pedagogie.ac-lille.fr\/sbssa\/wp-json\/wp\/v2\/pages"}],"about":[{"href":"https:\/\/pedagogie.ac-lille.fr\/sbssa\/wp-json\/wp\/v2\/types\/page"}],"author":[{"embeddable":true,"href":"https:\/\/pedagogie.ac-lille.fr\/sbssa\/wp-json\/wp\/v2\/users\/48"}],"replies":[{"embeddable":true,"href":"https:\/\/pedagogie.ac-lille.fr\/sbssa\/wp-json\/wp\/v2\/comments?post=5600"}],"version-history":[{"count":6,"href":"https:\/\/pedagogie.ac-lille.fr\/sbssa\/wp-json\/wp\/v2\/pages\/5600\/revisions"}],"predecessor-version":[{"id":10330,"href":"https:\/\/pedagogie.ac-lille.fr\/sbssa\/wp-json\/wp\/v2\/pages\/5600\/revisions\/10330"}],"up":[{"embeddable":true,"href":"https:\/\/pedagogie.ac-lille.fr\/sbssa\/wp-json\/wp\/v2\/pages\/207"}],"wp:attachment":[{"href":"https:\/\/pedagogie.ac-lille.fr\/sbssa\/wp-json\/wp\/v2\/media?parent=5600"}],"curies":[{"name":"wp","href":"https:\/\/api.w.org\/{rel}","templated":true}]}}