{"id":5609,"date":"2022-06-24T15:48:00","date_gmt":"2022-06-24T13:48:00","guid":{"rendered":"https:\/\/pedagogie.ac-lille.fr\/sbssa\/?page_id=5609"},"modified":"2022-06-24T20:02:52","modified_gmt":"2022-06-24T18:02:52","slug":"textes-officiels-cap-psr","status":"publish","type":"page","link":"https:\/\/pedagogie.ac-lille.fr\/sbssa\/filieres\/restaurations-collective-et-commerciale\/cap-psr-production-et-service-en-restaurations\/textes-officiels-cap-psr\/","title":{"rendered":"Textes officiels &#8211; CAP PSR"},"content":{"rendered":"\n<div class=\"wp-block-columns is-layout-flex wp-container-core-columns-is-layout-28f84493 wp-block-columns-is-layout-flex\">\n<div class=\"wp-block-column is-layout-flow wp-block-column-is-layout-flow\" style=\"flex-basis:100%\">\n<div class=\"wp-block-group\"><div class=\"wp-block-group__inner-container is-layout-flow wp-block-group-is-layout-flow\"><ul class=\"wp-block-latest-posts__list has-dates wp-block-latest-posts\"><li><div class=\"wp-block-latest-posts__featured-image alignleft\"><img loading=\"lazy\" decoding=\"async\" width=\"150\" height=\"150\" src=\"https:\/\/pedagogie.ac-lille.fr\/sbssa\/wp-content\/uploads\/sites\/30\/2021\/03\/gavel-3577258_1920-150x150.jpg\" class=\"attachment-thumbnail size-thumbnail no-lazy wp-post-image\" alt=\"Arr\u00eat\u00e9\" style=\"max-width:300px;max-height:300px;\" srcset=\"https:\/\/pedagogie.ac-lille.fr\/sbssa\/wp-content\/uploads\/sites\/30\/2021\/03\/gavel-3577258_1920-150x150.jpg 150w, https:\/\/pedagogie.ac-lille.fr\/sbssa\/wp-content\/uploads\/sites\/30\/2021\/03\/gavel-3577258_1920-510x510.jpg 510w\" sizes=\"auto, (max-width: 150px) 100vw, 150px\" \/><\/div><a class=\"wp-block-latest-posts__post-title\" href=\"https:\/\/pedagogie.ac-lille.fr\/sbssa\/arrete-du-13-juin-2024-modifiant-larrete-du-19-avril-2019-portant-application-des-nouvelles-organisations-denseignements-dispenses-dans-les-formations-sous-statut-scolaire-preparant\/\">Arr\u00eat\u00e9 du 13 juin 2024 modifiant l\u2019arr\u00eat\u00e9 du 19 avril 2019 portant application des nouvelles organisations d\u2019enseignements dispens\u00e9s dans les formations sous statut scolaire pr\u00e9parant au baccalaur\u00e9at professionnel et au certificat d\u2019aptitude professionnelle<\/a><time datetime=\"2024-06-15T11:52:15+02:00\" class=\"wp-block-latest-posts__post-date\">15 juin 2024<\/time><div class=\"wp-block-latest-posts__post-excerpt\"><\/div><\/li>\n<li><div class=\"wp-block-latest-posts__featured-image alignleft\"><img loading=\"lazy\" decoding=\"async\" width=\"150\" height=\"150\" src=\"https:\/\/pedagogie.ac-lille.fr\/sbssa\/wp-content\/uploads\/sites\/30\/2021\/03\/gavel-3577258_1920-150x150.jpg\" class=\"attachment-thumbnail size-thumbnail no-lazy wp-post-image\" alt=\"Arr\u00eat\u00e9\" style=\"max-width:300px;max-height:300px;\" srcset=\"https:\/\/pedagogie.ac-lille.fr\/sbssa\/wp-content\/uploads\/sites\/30\/2021\/03\/gavel-3577258_1920-150x150.jpg 150w, https:\/\/pedagogie.ac-lille.fr\/sbssa\/wp-content\/uploads\/sites\/30\/2021\/03\/gavel-3577258_1920-510x510.jpg 510w\" sizes=\"auto, (max-width: 150px) 100vw, 150px\" \/><\/div><a class=\"wp-block-latest-posts__post-title\" href=\"https:\/\/pedagogie.ac-lille.fr\/sbssa\/arrete-du-19-octobre-2023-modifiant-larrete-du-29-octobre-2019-portant-creation-de-la-specialite-production-et-service-en-restaurations-rapide-collective-cafeteria-de-certificat-d\/\">Arr\u00eat\u00e9 du 19 octobre 2023 modifiant l&rsquo;arr\u00eat\u00e9 du 29 octobre 2019 portant cr\u00e9ation de la sp\u00e9cialit\u00e9 \u00ab Production et service en restaurations (rapide, collective, caf\u00e9t\u00e9ria) \u00bb de certificat d&rsquo;aptitude professionnelle et fixant ses modalit\u00e9s de d\u00e9livrance<\/a><time datetime=\"2023-11-19T18:07:27+01:00\" class=\"wp-block-latest-posts__post-date\">19 novembre 2023<\/time><div class=\"wp-block-latest-posts__post-excerpt\">La DGESCO a &nbsp;signal\u00e9 l\u2019ajout&nbsp;d&rsquo;une annexe V&nbsp;\u00ab&nbsp;Correspondances entre blocs de comp\u00e9tences du CAP \u00ab&nbsp;Production et service en restaurations (rapide, collective, caf\u00e9t\u00e9ria)&nbsp;\u00bb et blocs de comp\u00e9tences de certifications professionnelles inscrites au RNCP&nbsp;\u00bb sur la page Eduscol de ce CAP&nbsp;https:\/\/eduscol.education.fr\/referentiels-professionnels\/cap_PSR.html&nbsp;.&nbsp;<\/div><\/li>\n<li><div class=\"wp-block-latest-posts__featured-image alignleft\"><img loading=\"lazy\" decoding=\"async\" width=\"150\" height=\"150\" src=\"https:\/\/pedagogie.ac-lille.fr\/sbssa\/wp-content\/uploads\/sites\/30\/2021\/03\/gavel-3577258_1920-150x150.jpg\" class=\"attachment-thumbnail size-thumbnail no-lazy wp-post-image\" alt=\"Arr\u00eat\u00e9\" style=\"max-width:300px;max-height:300px;\" srcset=\"https:\/\/pedagogie.ac-lille.fr\/sbssa\/wp-content\/uploads\/sites\/30\/2021\/03\/gavel-3577258_1920-150x150.jpg 150w, https:\/\/pedagogie.ac-lille.fr\/sbssa\/wp-content\/uploads\/sites\/30\/2021\/03\/gavel-3577258_1920-510x510.jpg 510w\" sizes=\"auto, (max-width: 150px) 100vw, 150px\" \/><\/div><a class=\"wp-block-latest-posts__post-title\" href=\"https:\/\/pedagogie.ac-lille.fr\/sbssa\/cap-arrete-du-11-juin-2021-dispenses-enseignement-general-en-cap-epreuve-pse\/\">CAP &#8211; BCP &#8211; BP &#8211; Arr\u00eat\u00e9 du 11 juin 2021 &#8211; Obtention de dispenses d&rsquo;\u00e9preuves d&rsquo;enseignement g\u00e9n\u00e9ral<\/a><time datetime=\"2021-06-11T08:00:00+02:00\" class=\"wp-block-latest-posts__post-date\">11 juin 2021<\/time><div class=\"wp-block-latest-posts__post-excerpt\">Arr\u00eat\u00e9 du 11 juin 2021 modifiant les arr\u00eat\u00e9s relatifs \u00e0 l\u2019obtention des dispenses d\u2019\u00e9preuves\nd\u2019enseignement g\u00e9n\u00e9ral au certificat d\u2019aptitude professionnelle, au baccalaur\u00e9at professionnel,\nau brevet des m\u00e9tiers d\u2019art et au brevet professionnel <\/div><\/li>\n<li><div class=\"wp-block-latest-posts__featured-image alignleft\"><img loading=\"lazy\" decoding=\"async\" width=\"150\" height=\"150\" src=\"https:\/\/pedagogie.ac-lille.fr\/sbssa\/wp-content\/uploads\/sites\/30\/2021\/07\/sketchbook-156775_1280-150x150.png\" class=\"attachment-thumbnail size-thumbnail no-lazy wp-post-image\" alt=\"Guide\" style=\"max-width:300px;max-height:300px;\" srcset=\"https:\/\/pedagogie.ac-lille.fr\/sbssa\/wp-content\/uploads\/sites\/30\/2021\/07\/sketchbook-156775_1280-150x150.png 150w, https:\/\/pedagogie.ac-lille.fr\/sbssa\/wp-content\/uploads\/sites\/30\/2021\/07\/sketchbook-156775_1280-510x510.png 510w\" sizes=\"auto, (max-width: 150px) 100vw, 150px\" \/><\/div><a class=\"wp-block-latest-posts__post-title\" href=\"https:\/\/pedagogie.ac-lille.fr\/sbssa\/cap-psr-guide-daccompagnement-pedagogique-janvier-2020\/\">CAP PSR &#8211; Guide d&rsquo;accompagnement p\u00e9dagogique &#8211; Janvier 2020<\/a><time datetime=\"2020-01-20T19:36:00+01:00\" class=\"wp-block-latest-posts__post-date\">20 janvier 2020<\/time><div class=\"wp-block-latest-posts__post-excerpt\">Ce guide d\u2019accompagnement p\u00e9dagogique, propos\u00e9 par Sabine CAROTTI, IGESR et \u00e9labor\u00e9 par Catherine SERVEAU, IEN SBSSA, acad\u00e9mie de Nantes, B\u00e9n\u00e9dicte SWIDERSKI, IEN SBSSA, acad\u00e9mie de Lille, Francis SELLAM, IEN \u00c9co &#8211; gestion, acad\u00e9mie de Paris, Nad\u00e8ge HUGOO et Sylvie MOREL, PLP BTSE, acad\u00e9mie de Lille, Virginie SCHENBERG-FRAUDEAU, PLP BTSE, acad\u00e9mie de Nantes, est destin\u00e9 \u00e0 aider les enseignants dans la mise en place du CAP PSR.<\/div><\/li>\n<li><div class=\"wp-block-latest-posts__featured-image alignleft\"><img loading=\"lazy\" decoding=\"async\" width=\"150\" height=\"150\" src=\"https:\/\/pedagogie.ac-lille.fr\/sbssa\/wp-content\/uploads\/sites\/30\/2021\/07\/laptop-819285_1920-150x150.jpg\" class=\"attachment-thumbnail size-thumbnail no-lazy wp-post-image\" alt=\"R\u00e9f\u00e9rentiel\" style=\"max-width:300px;max-height:300px;\" srcset=\"https:\/\/pedagogie.ac-lille.fr\/sbssa\/wp-content\/uploads\/sites\/30\/2021\/07\/laptop-819285_1920-150x150.jpg 150w, https:\/\/pedagogie.ac-lille.fr\/sbssa\/wp-content\/uploads\/sites\/30\/2021\/07\/laptop-819285_1920-510x510.jpg 510w\" sizes=\"auto, (max-width: 150px) 100vw, 150px\" \/><\/div><a class=\"wp-block-latest-posts__post-title\" href=\"https:\/\/pedagogie.ac-lille.fr\/sbssa\/cap-psr-arrete-de-creation-du-29-10-2019\/\">CAP PSR &#8211; Arr\u00eat\u00e9 de cr\u00e9ation du 29\/10\/2019 et r\u00e9f\u00e9rentiels du dipl\u00f4me<\/a><time datetime=\"2019-11-27T08:00:00+01:00\" class=\"wp-block-latest-posts__post-date\">27 novembre 2019<\/time><div class=\"wp-block-latest-posts__post-excerpt\">Arr\u00eat\u00e9 du 29 octobre 2019 portant cr\u00e9ation de la sp\u00e9cialit\u00e9 \u00ab Production et service en restaurations (rapide, collective, caf\u00e9t\u00e9ria) \u00bb de certificat d\u2019aptitude professionnelle et fixant ses modalit\u00e9s de d\u00e9livrance<\/div><\/li>\n<li><div class=\"wp-block-latest-posts__featured-image alignleft\"><img loading=\"lazy\" decoding=\"async\" width=\"150\" height=\"150\" src=\"https:\/\/pedagogie.ac-lille.fr\/sbssa\/wp-content\/uploads\/sites\/30\/2021\/07\/sketchbook-156775_1280-150x150.png\" class=\"attachment-thumbnail size-thumbnail no-lazy wp-post-image\" alt=\"Guide\" style=\"max-width:300px;max-height:300px;\" srcset=\"https:\/\/pedagogie.ac-lille.fr\/sbssa\/wp-content\/uploads\/sites\/30\/2021\/07\/sketchbook-156775_1280-150x150.png 150w, https:\/\/pedagogie.ac-lille.fr\/sbssa\/wp-content\/uploads\/sites\/30\/2021\/07\/sketchbook-156775_1280-510x510.png 510w\" sizes=\"auto, (max-width: 150px) 100vw, 150px\" \/><\/div><a class=\"wp-block-latest-posts__post-title\" href=\"https:\/\/pedagogie.ac-lille.fr\/sbssa\/cap-psr-guide-dequipement-octobre-2019\/\">CAP PSR &#8211; Guide d&rsquo;\u00e9quipement &#8211; Octobre 2019<\/a><time datetime=\"2019-10-30T08:00:00+01:00\" class=\"wp-block-latest-posts__post-date\">30 octobre 2019<\/time><div class=\"wp-block-latest-posts__post-excerpt\">Guide d\u2019e\u0301quipement, propose\u0301 par Sabine CAROTTI, IGEN et e\u0301labore\u0301 par : Be\u0301ne\u0301dicte SWIDERSKI, IEN SBSSA acade\u0301mie de Lille,  Catherine SERVEAU, IEN SBSSA, acade\u0301mie de Nantes, Francis SELLAM, IEN Eco \u2013 gestion, acade\u0301mie de Paris, Nade\u0300ge HUGOO, PLP BTSE, acade\u0301mie de Lille, Sylvie MAGNIER, PLP BTSE, acade\u0301mie de Lille, Virginie SCHENBERG-FRAUDEAU, PLP BTSE, acade\u0301mie de Nantes<\/div><\/li>\n<li><div class=\"wp-block-latest-posts__featured-image alignleft\"><img loading=\"lazy\" decoding=\"async\" width=\"150\" height=\"150\" src=\"https:\/\/pedagogie.ac-lille.fr\/sbssa\/wp-content\/uploads\/sites\/30\/2021\/03\/gavel-3577258_1920-150x150.jpg\" class=\"attachment-thumbnail size-thumbnail no-lazy wp-post-image\" alt=\"Arr\u00eat\u00e9\" style=\"max-width:300px;max-height:300px;\" srcset=\"https:\/\/pedagogie.ac-lille.fr\/sbssa\/wp-content\/uploads\/sites\/30\/2021\/03\/gavel-3577258_1920-150x150.jpg 150w, https:\/\/pedagogie.ac-lille.fr\/sbssa\/wp-content\/uploads\/sites\/30\/2021\/03\/gavel-3577258_1920-510x510.jpg 510w\" sizes=\"auto, (max-width: 150px) 100vw, 150px\" \/><\/div><a class=\"wp-block-latest-posts__post-title\" href=\"https:\/\/pedagogie.ac-lille.fr\/sbssa\/arrete-du-30-aout-2019-fixant-les-unites-generales-du-certificat-daptitude-professionnelle-et-definissant-les-modalites-devaluation-des-epreuves-denseignement-general-legifrance\/\">CAP &#8211; Arr\u00eat\u00e9 du 30 ao\u00fbt 2019 fixant les unit\u00e9s g\u00e9n\u00e9rales du certificat d&rsquo;aptitude professionnelle et d\u00e9finissant les modalit\u00e9s d&rsquo;\u00e9valuation des \u00e9preuves d&rsquo;enseignement g\u00e9n\u00e9ral<\/a><time datetime=\"2019-09-06T01:30:00+02:00\" class=\"wp-block-latest-posts__post-date\">6 septembre 2019<\/time><div class=\"wp-block-latest-posts__post-excerpt\">L\u00e9gifrance<\/div><\/li>\n<li><div class=\"wp-block-latest-posts__featured-image alignleft\"><img loading=\"lazy\" decoding=\"async\" width=\"150\" height=\"150\" src=\"https:\/\/pedagogie.ac-lille.fr\/sbssa\/wp-content\/uploads\/sites\/30\/2021\/03\/gavel-3577258_1920-150x150.jpg\" class=\"attachment-thumbnail size-thumbnail no-lazy wp-post-image\" alt=\"Arr\u00eat\u00e9\" style=\"max-width:300px;max-height:300px;\" srcset=\"https:\/\/pedagogie.ac-lille.fr\/sbssa\/wp-content\/uploads\/sites\/30\/2021\/03\/gavel-3577258_1920-150x150.jpg 150w, https:\/\/pedagogie.ac-lille.fr\/sbssa\/wp-content\/uploads\/sites\/30\/2021\/03\/gavel-3577258_1920-510x510.jpg 510w\" sizes=\"auto, (max-width: 150px) 100vw, 150px\" \/><\/div><a class=\"wp-block-latest-posts__post-title\" href=\"https:\/\/pedagogie.ac-lille.fr\/sbssa\/arrete-modifiant-la-duree-des-pfmp-dans-certaines-specialites-de-cap-applicables-a-la-rentree-2019\/\">CAP &#8211; Arr\u00eat\u00e9 du 19 avril 2019 modifiant la dur\u00e9e des PFMP dans certaines sp\u00e9cialit\u00e9s de CAP<\/a><time datetime=\"2019-05-22T08:00:00+02:00\" class=\"wp-block-latest-posts__post-date\">22 mai 2019<\/time><div class=\"wp-block-latest-posts__post-excerpt\">Applicable d\u00e9s la rentr\u00e9e 2019 &#8211; L\u00e9gifrance<\/div><\/li>\n<li><div class=\"wp-block-latest-posts__featured-image alignleft\"><img loading=\"lazy\" decoding=\"async\" width=\"150\" height=\"150\" src=\"https:\/\/pedagogie.ac-lille.fr\/sbssa\/wp-content\/uploads\/sites\/30\/2021\/03\/gavel-3577258_1920-150x150.jpg\" class=\"attachment-thumbnail size-thumbnail no-lazy wp-post-image\" alt=\"Arr\u00eat\u00e9\" style=\"max-width:300px;max-height:300px;\" srcset=\"https:\/\/pedagogie.ac-lille.fr\/sbssa\/wp-content\/uploads\/sites\/30\/2021\/03\/gavel-3577258_1920-150x150.jpg 150w, https:\/\/pedagogie.ac-lille.fr\/sbssa\/wp-content\/uploads\/sites\/30\/2021\/03\/gavel-3577258_1920-510x510.jpg 510w\" sizes=\"auto, (max-width: 150px) 100vw, 150px\" \/><\/div><a class=\"wp-block-latest-posts__post-title\" href=\"https:\/\/pedagogie.ac-lille.fr\/sbssa\/cap-arrete-du-21-11-2018-relatif-organisation-et-enseignements-dispenses-en-cap\/\">CAP &#8211; Arr\u00eat\u00e9 du 21\/11\/2018 relatif &#8211; Organisation et enseignements dispens\u00e9s en CAP<\/a><time datetime=\"2018-12-21T08:00:00+01:00\" class=\"wp-block-latest-posts__post-date\">21 d\u00e9cembre 2018<\/time><div class=\"wp-block-latest-posts__post-excerpt\">Arr\u00eat\u00e9 du 21 novembre 2018 relatif \u00e0 l&rsquo;organisation et aux enseignements dispens\u00e9s dans les formations sous statut scolaire pr\u00e9parant au certificat d&rsquo;aptitude professionnelle<\/div><\/li>\n<\/ul><\/div><\/div>\n<\/div>\n<\/div>\n","protected":false},"excerpt":{"rendered":"","protected":false},"author":48,"featured_media":3822,"parent":5600,"menu_order":0,"comment_status":"closed","ping_status":"closed","template":"","meta":{"ngg_post_thumbnail":0,"footnotes":""},"class_list":["post-5609","page","type-page","status-publish","has-post-thumbnail","czr-hentry"],"publishpress_future_action":{"enabled":false,"date":"2026-04-20 14:34:46","action":"change-status","newStatus":"draft","terms":[],"taxonomy":"","extraData":[]},"publishpress_future_workflow_manual_trigger":{"enabledWorkflows":[]},"_links":{"self":[{"href":"https:\/\/pedagogie.ac-lille.fr\/sbssa\/wp-json\/wp\/v2\/pages\/5609","targetHints":{"allow":["GET"]}}],"collection":[{"href":"https:\/\/pedagogie.ac-lille.fr\/sbssa\/wp-json\/wp\/v2\/pages"}],"about":[{"href":"https:\/\/pedagogie.ac-lille.fr\/sbssa\/wp-json\/wp\/v2\/types\/page"}],"author":[{"embeddable":true,"href":"https:\/\/pedagogie.ac-lille.fr\/sbssa\/wp-json\/wp\/v2\/users\/48"}],"replies":[{"embeddable":true,"href":"https:\/\/pedagogie.ac-lille.fr\/sbssa\/wp-json\/wp\/v2\/comments?post=5609"}],"version-history":[{"count":9,"href":"https:\/\/pedagogie.ac-lille.fr\/sbssa\/wp-json\/wp\/v2\/pages\/5609\/revisions"}],"predecessor-version":[{"id":5733,"href":"https:\/\/pedagogie.ac-lille.fr\/sbssa\/wp-json\/wp\/v2\/pages\/5609\/revisions\/5733"}],"up":[{"embeddable":true,"href":"https:\/\/pedagogie.ac-lille.fr\/sbssa\/wp-json\/wp\/v2\/pages\/5600"}],"wp:featuredmedia":[{"embeddable":true,"href":"https:\/\/pedagogie.ac-lille.fr\/sbssa\/wp-json\/wp\/v2\/media\/3822"}],"wp:attachment":[{"href":"https:\/\/pedagogie.ac-lille.fr\/sbssa\/wp-json\/wp\/v2\/media?parent=5609"}],"curies":[{"name":"wp","href":"https:\/\/api.w.org\/{rel}","templated":true}]}}