{"id":5612,"date":"2022-06-24T15:49:52","date_gmt":"2022-06-24T13:49:52","guid":{"rendered":"https:\/\/pedagogie.ac-lille.fr\/sbssa\/?page_id=5612"},"modified":"2022-06-24T20:36:58","modified_gmt":"2022-06-24T18:36:58","slug":"documents-academiques-cap-psr","status":"publish","type":"page","link":"https:\/\/pedagogie.ac-lille.fr\/sbssa\/filieres\/restaurations-collective-et-commerciale\/cap-psr-production-et-service-en-restaurations\/documents-academiques-cap-psr\/","title":{"rendered":"Documents acad\u00e9miques &#8211; CAP PSR"},"content":{"rendered":"\n<div class=\"wp-block-columns is-layout-flex wp-container-core-columns-is-layout-28f84493 wp-block-columns-is-layout-flex\">\n<div class=\"wp-block-column is-layout-flow wp-block-column-is-layout-flow\" style=\"flex-basis:100%\">\n<div class=\"wp-block-group\"><div class=\"wp-block-group__inner-container is-layout-flow wp-block-group-is-layout-flow\">\n<div class=\"wp-block-columns is-layout-flex wp-container-core-columns-is-layout-28f84493 wp-block-columns-is-layout-flex\">\n<div class=\"wp-block-column is-layout-flow wp-block-column-is-layout-flow\" style=\"flex-basis:100%\">\n<div class=\"wp-block-group\"><div class=\"wp-block-group__inner-container is-layout-flow wp-block-group-is-layout-flow\"><ul class=\"wp-block-latest-posts__list has-dates alignleft wp-block-latest-posts\"><li><div class=\"wp-block-latest-posts__featured-image alignleft\"><a href=\"https:\/\/pedagogie.ac-lille.fr\/sbssa\/coloration-en-cap-psr-cuisine-saine-durable-et-favorable-a-la-sante\/\" aria-label=\"Coloration en CAP PSR : cuisine saine, durable et favorable \u00e0 la sant\u00e9\u00a0\"><img loading=\"lazy\" decoding=\"async\" width=\"150\" height=\"150\" src=\"https:\/\/pedagogie.ac-lille.fr\/sbssa\/wp-content\/uploads\/sites\/30\/2026\/03\/Capture-decran_22-3-2026_194420_webmail.ac-lille.fr_-150x150.jpeg\" class=\"attachment-thumbnail size-thumbnail no-lazy wp-post-image\" alt=\"\" style=\"max-width:300px;max-height:300px;\" \/><\/a><\/div><a class=\"wp-block-latest-posts__post-title\" href=\"https:\/\/pedagogie.ac-lille.fr\/sbssa\/coloration-en-cap-psr-cuisine-saine-durable-et-favorable-a-la-sante\/\">Coloration en CAP PSR : cuisine saine, durable et favorable \u00e0 la sant\u00e9\u00a0<\/a><time datetime=\"2026-02-02T19:39:00+01:00\" class=\"wp-block-latest-posts__post-date\">2 f\u00e9vrier 2026<\/time><div class=\"wp-block-latest-posts__post-excerpt\">Alimentation saine et durable Toujours en lien avec les corps d\u2019inspection, le programme ALIMCARE d\u00e9ploie une s\u00e9rie de formations visant \u00e0 renforcer les comp\u00e9tences des enseignants dans les fili\u00e8res H\u00f4tellerie Restauration-Tourisme, Alimentation et Sanitaire, Social et Sant\u00e9. Plusieurs sessions ont d\u00e9j\u00e0 eu lieu : p\u00e2tisserie saine et durable anim\u00e9e par Sandrine Baumann en f\u00e9vrier 2025\u2026 <a class=\"wp-block-latest-posts__read-more\" href=\"https:\/\/pedagogie.ac-lille.fr\/sbssa\/coloration-en-cap-psr-cuisine-saine-durable-et-favorable-a-la-sante\/\" rel=\"noopener noreferrer\">Lire la suite<span class=\"screen-reader-text\">\u00a0: Coloration en CAP PSR : cuisine saine, durable et favorable \u00e0 la sant\u00e9\u00a0<\/span><\/a><\/div><\/li>\n<li><div class=\"wp-block-latest-posts__featured-image alignleft\"><a href=\"https:\/\/pedagogie.ac-lille.fr\/sbssa\/cap-psr-cahier-des-charges-academiques-du-ccf-en-cap-psr-academie-de-lille\/\" aria-label=\"CAP PSR &#8211; Cahier des charges et dossier CCF acad\u00e9miques du CAP PSR &#8211; Acad\u00e9mie de Lille\"><img loading=\"lazy\" decoding=\"async\" width=\"150\" height=\"150\" src=\"https:\/\/pedagogie.ac-lille.fr\/sbssa\/wp-content\/uploads\/sites\/30\/2022\/05\/feedback-g3d2015c20_1920-150x150.jpg\" class=\"attachment-thumbnail size-thumbnail no-lazy wp-post-image\" alt=\"Evaluation\" style=\"max-width:300px;max-height:300px;\" srcset=\"https:\/\/pedagogie.ac-lille.fr\/sbssa\/wp-content\/uploads\/sites\/30\/2022\/05\/feedback-g3d2015c20_1920-150x150.jpg 150w, https:\/\/pedagogie.ac-lille.fr\/sbssa\/wp-content\/uploads\/sites\/30\/2022\/05\/feedback-g3d2015c20_1920-510x510.jpg 510w\" sizes=\"auto, (max-width: 150px) 100vw, 150px\" \/><\/a><\/div><a class=\"wp-block-latest-posts__post-title\" href=\"https:\/\/pedagogie.ac-lille.fr\/sbssa\/cap-psr-cahier-des-charges-academiques-du-ccf-en-cap-psr-academie-de-lille\/\">CAP PSR &#8211; Cahier des charges et dossier CCF acad\u00e9miques du CAP PSR &#8211; Acad\u00e9mie de Lille<\/a><time datetime=\"2021-10-17T20:38:00+02:00\" class=\"wp-block-latest-posts__post-date\">17 octobre 2021<\/time><div class=\"wp-block-latest-posts__post-excerpt\">Cahier des charges du Contr\u00f4le en Cours de Formation du CAP PSR pour l&rsquo;Acad\u00e9mie de Lille et dossier CCF rassemblant  les relev\u00e9s des notes de CCF, le positionnement du candidat au regard des comp\u00e9tences \u00e9valu\u00e9es, les grilles d&rsquo;\u00e9valuation en EP1 et EP2 en centre de formation et en milieu professionnel<\/div><\/li>\n<li><div class=\"wp-block-latest-posts__featured-image alignleft\"><a href=\"https:\/\/pedagogie.ac-lille.fr\/sbssa\/cap-psr-livret-de-suivi-de-pfmp-academie-de-lille\/\" aria-label=\"CAP PSR &#8211; Livret de suivi de PFMP &#8211; Acad\u00e9mie de Lille\"><img loading=\"lazy\" decoding=\"async\" width=\"150\" height=\"150\" src=\"https:\/\/pedagogie.ac-lille.fr\/sbssa\/wp-content\/uploads\/sites\/30\/2022\/05\/stage_OVER-150x150.png\" class=\"attachment-thumbnail size-thumbnail no-lazy wp-post-image\" alt=\"PFMP\" style=\"max-width:300px;max-height:300px;\" \/><\/a><\/div><a class=\"wp-block-latest-posts__post-title\" href=\"https:\/\/pedagogie.ac-lille.fr\/sbssa\/cap-psr-livret-de-suivi-de-pfmp-academie-de-lille\/\">CAP PSR &#8211; Livret de suivi de PFMP &#8211; Acad\u00e9mie de Lille<\/a><time datetime=\"2021-01-23T08:00:00+01:00\" class=\"wp-block-latest-posts__post-date\">23 janvier 2021<\/time><div class=\"wp-block-latest-posts__post-excerpt\">Document de suivi des P\u00e9riodes de Formation en Milieux Professionnels, de l&rsquo;Acad\u00e9mie de Lille pour le CAP PSR<\/div><\/li>\n<\/ul><\/div><\/div>\n<\/div>\n<\/div>\n<\/div><\/div>\n<\/div>\n<\/div>\n","protected":false},"excerpt":{"rendered":"","protected":false},"author":48,"featured_media":911,"parent":5600,"menu_order":0,"comment_status":"closed","ping_status":"closed","template":"","meta":{"ngg_post_thumbnail":0,"footnotes":""},"class_list":["post-5612","page","type-page","status-publish","has-post-thumbnail","czr-hentry"],"publishpress_future_action":{"enabled":false,"date":"2026-04-24 00:27:34","action":"change-status","newStatus":"draft","terms":[],"taxonomy":"","extraData":[]},"publishpress_future_workflow_manual_trigger":{"enabledWorkflows":[]},"_links":{"self":[{"href":"https:\/\/pedagogie.ac-lille.fr\/sbssa\/wp-json\/wp\/v2\/pages\/5612","targetHints":{"allow":["GET"]}}],"collection":[{"href":"https:\/\/pedagogie.ac-lille.fr\/sbssa\/wp-json\/wp\/v2\/pages"}],"about":[{"href":"https:\/\/pedagogie.ac-lille.fr\/sbssa\/wp-json\/wp\/v2\/types\/page"}],"author":[{"embeddable":true,"href":"https:\/\/pedagogie.ac-lille.fr\/sbssa\/wp-json\/wp\/v2\/users\/48"}],"replies":[{"embeddable":true,"href":"https:\/\/pedagogie.ac-lille.fr\/sbssa\/wp-json\/wp\/v2\/comments?post=5612"}],"version-history":[{"count":3,"href":"https:\/\/pedagogie.ac-lille.fr\/sbssa\/wp-json\/wp\/v2\/pages\/5612\/revisions"}],"predecessor-version":[{"id":5759,"href":"https:\/\/pedagogie.ac-lille.fr\/sbssa\/wp-json\/wp\/v2\/pages\/5612\/revisions\/5759"}],"up":[{"embeddable":true,"href":"https:\/\/pedagogie.ac-lille.fr\/sbssa\/wp-json\/wp\/v2\/pages\/5600"}],"wp:featuredmedia":[{"embeddable":true,"href":"https:\/\/pedagogie.ac-lille.fr\/sbssa\/wp-json\/wp\/v2\/media\/911"}],"wp:attachment":[{"href":"https:\/\/pedagogie.ac-lille.fr\/sbssa\/wp-json\/wp\/v2\/media?parent=5612"}],"curies":[{"name":"wp","href":"https:\/\/api.w.org\/{rel}","templated":true}]}}