{"id":60,"date":"2021-01-06T05:12:18","date_gmt":"2021-01-06T04:12:18","guid":{"rendered":"http:\/\/pedagogie.ac-lille.fr\/sbssa\/?page_id=60"},"modified":"2023-01-08T22:21:27","modified_gmt":"2023-01-08T21:21:27","slug":"page2-2","status":"publish","type":"page","link":"https:\/\/pedagogie.ac-lille.fr\/sbssa\/filieres\/page2-2\/","title":{"rendered":"S.E.G.P.A."},"content":{"rendered":"<div class=\"sek-module   \" title=\"\" data-sek-level=\"module\" data-sek-id=\"__nimble__083f3151314f\" data-sek-module-type=\"czr_heading_module\">\n<div class=\"sek-module-inner\">\n<h1 class=\"sek-heading\" style=\"text-align: left\">Section d\u2019Enseignement G\u00e9n\u00e9ral et Professionnel Adapt\u00e9<\/h1>\n<\/div>\n<\/div>\n<div class=\"sek-module   \" title=\"\" data-sek-level=\"module\" data-sek-id=\"__nimble__ba226fb197b5\" data-sek-module-type=\"czr_tiny_mce_editor_module\">\n<div class=\"sek-module-inner\">\n<p>Les S.E.G.P.A. proposent un enseignement adapt\u00e9 aux coll\u00e9giens en difficult\u00e9 scolaire. Ils acqui\u00e8rent les bases scolaires en vue de pr\u00e9parer une formation professionnelle de niveau CAP (certificat d&rsquo;aptitude professionnelle).<\/p>\n<p>Les ann\u00e9es de 6e et de 5e sont centr\u00e9es sur les enseignements g\u00e9n\u00e9raux : fran\u00e7ais, math\u00e9matiques, langue vivante \u00e9trang\u00e8re, EPS, histoire-g\u00e9ographie-enseignement moral et civique, sciences, arts. Puis, progressivement, la technologie et la formation professionnelle prennent de l&rsquo;importance dans l&#8217;emploi du temps avec des stages. Les \u00e9l\u00e8ves sont notamment pr\u00e9par\u00e9s pour l&rsquo;entr\u00e9e en CAP.<\/p>\n<p><em>(Source : ONISEP)<\/em><\/p>\n<p><a href=\"https:\/\/www.onisep.fr\/Choisir-mes-etudes\/college\/collegiens-a-besoins-specifiques\/l-enseignement-adapte-segpa-erea\" target=\"_blank\" rel=\"noopener\"><img loading=\"lazy\" decoding=\"async\" class=\"wp-image-296  alignnone\" src=\"https:\/\/pedagogie.ac-lille.fr\/sbssa\/wp-content\/uploads\/sites\/30\/2021\/03\/Onisep-300x65.png\" alt=\"Onisep\" width=\"360\" height=\"78\" srcset=\"https:\/\/pedagogie.ac-lille.fr\/sbssa\/wp-content\/uploads\/sites\/30\/2021\/03\/Onisep-300x65.png 300w, https:\/\/pedagogie.ac-lille.fr\/sbssa\/wp-content\/uploads\/sites\/30\/2021\/03\/Onisep.png 482w\" sizes=\"auto, (max-width: 360px) 100vw, 360px\" \/><\/a><a href=\"https:\/\/www.onisep.fr\/Choisir-mes-etudes\/college\/collegiens-a-besoins-specifiques\/l-enseignement-adapte-segpa-erea\" target=\"_blank\" rel=\"noreferrer noopener\">Pr\u00e9sentation de l&rsquo;enseignement adapt\u00e9<\/a><\/p>\n<\/div>\n<\/div>\n\n\n<div class=\"wp-block-columns is-layout-flex wp-container-core-columns-is-layout-28f84493 wp-block-columns-is-layout-flex\">\n<div class=\"wp-block-column is-layout-flow wp-block-column-is-layout-flow\">\n<figure class=\"wp-block-image size-medium is-resized\"><a href=\"https:\/\/pedagogie.ac-lille.fr\/sbssa\/s-e-g-p-a-champ-espace-rural-et-environnement-e-r-e\/\"><img loading=\"lazy\" decoding=\"async\" src=\"https:\/\/pedagogie.ac-lille.fr\/sbssa\/wp-content\/uploads\/sites\/30\/2021\/03\/SEGPAchampERE-1-300x169.jpg\" alt=\"SEGPA Champ ERE\" class=\"wp-image-637\" width=\"300\" height=\"169\" srcset=\"https:\/\/pedagogie.ac-lille.fr\/sbssa\/wp-content\/uploads\/sites\/30\/2021\/03\/SEGPAchampERE-1-300x169.jpg 300w, https:\/\/pedagogie.ac-lille.fr\/sbssa\/wp-content\/uploads\/sites\/30\/2021\/03\/SEGPAchampERE-1-1024x576.jpg 1024w, https:\/\/pedagogie.ac-lille.fr\/sbssa\/wp-content\/uploads\/sites\/30\/2021\/03\/SEGPAchampERE-1-768x432.jpg 768w, https:\/\/pedagogie.ac-lille.fr\/sbssa\/wp-content\/uploads\/sites\/30\/2021\/03\/SEGPAchampERE-1-1536x864.jpg 1536w, https:\/\/pedagogie.ac-lille.fr\/sbssa\/wp-content\/uploads\/sites\/30\/2021\/03\/SEGPAchampERE-1-2048x1152.jpg 2048w, https:\/\/pedagogie.ac-lille.fr\/sbssa\/wp-content\/uploads\/sites\/30\/2021\/03\/SEGPAchampERE-1-1110x624.jpg 1110w, https:\/\/pedagogie.ac-lille.fr\/sbssa\/wp-content\/uploads\/sites\/30\/2021\/03\/SEGPAchampERE-1-528x297.jpg 528w\" sizes=\"auto, (max-width: 300px) 100vw, 300px\" \/><\/a><figcaption class=\"wp-element-caption\"><a href=\"https:\/\/pedagogie.ac-lille.fr\/sbssa\/s-e-g-p-a-champ-espace-rural-et-environnement-e-r-e\/\">Champ Espace Rural et Environnement (ERE)<\/a><\/figcaption><\/figure>\n<\/div>\n\n\n\n<div class=\"wp-block-column is-layout-flow wp-block-column-is-layout-flow\">\n<figure class=\"wp-block-image size-medium\"><a href=\"https:\/\/pedagogie.ac-lille.fr\/sbssa\/s-e-g-p-a-champ-hygiene-alimentation-services-h-a-s\/\"><img loading=\"lazy\" decoding=\"async\" width=\"300\" height=\"169\" src=\"https:\/\/pedagogie.ac-lille.fr\/sbssa\/wp-content\/uploads\/sites\/30\/2021\/03\/SEGPA-Champ-HAS-1-300x169.jpg\" alt=\"SEGPA Champ HAS\" class=\"wp-image-635\" srcset=\"https:\/\/pedagogie.ac-lille.fr\/sbssa\/wp-content\/uploads\/sites\/30\/2021\/03\/SEGPA-Champ-HAS-1-300x169.jpg 300w, https:\/\/pedagogie.ac-lille.fr\/sbssa\/wp-content\/uploads\/sites\/30\/2021\/03\/SEGPA-Champ-HAS-1-1024x576.jpg 1024w, https:\/\/pedagogie.ac-lille.fr\/sbssa\/wp-content\/uploads\/sites\/30\/2021\/03\/SEGPA-Champ-HAS-1-768x432.jpg 768w, https:\/\/pedagogie.ac-lille.fr\/sbssa\/wp-content\/uploads\/sites\/30\/2021\/03\/SEGPA-Champ-HAS-1-1536x864.jpg 1536w, https:\/\/pedagogie.ac-lille.fr\/sbssa\/wp-content\/uploads\/sites\/30\/2021\/03\/SEGPA-Champ-HAS-1-2048x1152.jpg 2048w, https:\/\/pedagogie.ac-lille.fr\/sbssa\/wp-content\/uploads\/sites\/30\/2021\/03\/SEGPA-Champ-HAS-1-1110x624.jpg 1110w, https:\/\/pedagogie.ac-lille.fr\/sbssa\/wp-content\/uploads\/sites\/30\/2021\/03\/SEGPA-Champ-HAS-1-528x297.jpg 528w\" sizes=\"auto, (max-width: 300px) 100vw, 300px\" \/><\/a><figcaption class=\"wp-element-caption\"><a href=\"https:\/\/pedagogie.ac-lille.fr\/sbssa\/s-e-g-p-a-champ-hygiene-alimentation-services-h-a-s\/\">Champ Hygi\u00e8ne Alimentation Services (HAS)<\/a><\/figcaption><\/figure>\n<\/div>\n<\/div>\n","protected":false},"excerpt":{"rendered":"<p>Section d\u2019Enseignement G\u00e9n\u00e9ral et Professionnel Adapt\u00e9 Les S.E.G.P.A. proposent un enseignement adapt\u00e9 aux coll\u00e9giens en difficult\u00e9 scolaire. Ils acqui\u00e8rent les bases scolaires en vue de pr\u00e9parer une formation professionnelle de [&hellip;]<\/p>\n","protected":false},"author":48,"featured_media":0,"parent":183,"menu_order":0,"comment_status":"closed","ping_status":"closed","template":"","meta":{"ngg_post_thumbnail":0,"footnotes":""},"class_list":["post-60","page","type-page","status-publish","czr-hentry"],"publishpress_future_action":{"enabled":false,"date":"2026-04-20 12:41:38","action":"change-status","newStatus":"draft","terms":[],"taxonomy":"","extraData":[]},"publishpress_future_workflow_manual_trigger":{"enabledWorkflows":[]},"_links":{"self":[{"href":"https:\/\/pedagogie.ac-lille.fr\/sbssa\/wp-json\/wp\/v2\/pages\/60","targetHints":{"allow":["GET"]}}],"collection":[{"href":"https:\/\/pedagogie.ac-lille.fr\/sbssa\/wp-json\/wp\/v2\/pages"}],"about":[{"href":"https:\/\/pedagogie.ac-lille.fr\/sbssa\/wp-json\/wp\/v2\/types\/page"}],"author":[{"embeddable":true,"href":"https:\/\/pedagogie.ac-lille.fr\/sbssa\/wp-json\/wp\/v2\/users\/48"}],"replies":[{"embeddable":true,"href":"https:\/\/pedagogie.ac-lille.fr\/sbssa\/wp-json\/wp\/v2\/comments?post=60"}],"version-history":[{"count":10,"href":"https:\/\/pedagogie.ac-lille.fr\/sbssa\/wp-json\/wp\/v2\/pages\/60\/revisions"}],"predecessor-version":[{"id":9204,"href":"https:\/\/pedagogie.ac-lille.fr\/sbssa\/wp-json\/wp\/v2\/pages\/60\/revisions\/9204"}],"up":[{"embeddable":true,"href":"https:\/\/pedagogie.ac-lille.fr\/sbssa\/wp-json\/wp\/v2\/pages\/183"}],"wp:attachment":[{"href":"https:\/\/pedagogie.ac-lille.fr\/sbssa\/wp-json\/wp\/v2\/media?parent=60"}],"curies":[{"name":"wp","href":"https:\/\/api.w.org\/{rel}","templated":true}]}}