{"id":663,"date":"2021-03-21T06:53:06","date_gmt":"2021-03-21T05:53:06","guid":{"rendered":"https:\/\/pedagogie.ac-lille.fr\/sbssa\/?page_id=663"},"modified":"2023-07-09T11:29:16","modified_gmt":"2023-07-09T09:29:16","slug":"sciences-et-vie-de-la-terre-s-v-t-en-3e-prepa-metiers","status":"publish","type":"page","link":"https:\/\/pedagogie.ac-lille.fr\/sbssa\/enseignements-generaux\/sciences-et-vie-de-la-terre-s-v-t-en-3e-prepa-metiers\/","title":{"rendered":"3e Pr\u00e9pa-M\u00e9tiers"},"content":{"rendered":"\n<div class=\"wp-block-columns is-layout-flex wp-container-core-columns-is-layout-28f84493 wp-block-columns-is-layout-flex\">\n<div class=\"wp-block-column is-layout-flow wp-block-column-is-layout-flow\">\n<figure class=\"wp-block-image size-thumbnail is-style-rounded\"><a href=\"https:\/\/pedagogie.ac-lille.fr\/sbssa\/enseignements-generaux\/sciences-et-vie-de-la-terre-s-v-t-en-3e-prepa-metiers\/textes-officiels-3e-prepa-metiers\/?preview=true\"><img loading=\"lazy\" decoding=\"async\" width=\"150\" height=\"150\" src=\"https:\/\/pedagogie.ac-lille.fr\/sbssa\/wp-content\/uploads\/sites\/30\/2022\/05\/education-g88d03105e_1280-150x150.png\" alt=\"Officiel\" class=\"wp-image-3822\" srcset=\"https:\/\/pedagogie.ac-lille.fr\/sbssa\/wp-content\/uploads\/sites\/30\/2022\/05\/education-g88d03105e_1280-150x150.png 150w, https:\/\/pedagogie.ac-lille.fr\/sbssa\/wp-content\/uploads\/sites\/30\/2022\/05\/education-g88d03105e_1280-300x300.png 300w, https:\/\/pedagogie.ac-lille.fr\/sbssa\/wp-content\/uploads\/sites\/30\/2022\/05\/education-g88d03105e_1280-1024x1024.png 1024w, https:\/\/pedagogie.ac-lille.fr\/sbssa\/wp-content\/uploads\/sites\/30\/2022\/05\/education-g88d03105e_1280-768x768.png 768w, https:\/\/pedagogie.ac-lille.fr\/sbssa\/wp-content\/uploads\/sites\/30\/2022\/05\/education-g88d03105e_1280-510x510.png 510w, https:\/\/pedagogie.ac-lille.fr\/sbssa\/wp-content\/uploads\/sites\/30\/2022\/05\/education-g88d03105e_1280.png 1280w\" sizes=\"auto, (max-width: 150px) 100vw, 150px\" \/><\/a><figcaption class=\"wp-element-caption\"><a href=\"https:\/\/pedagogie.ac-lille.fr\/sbssa\/enseignements-generaux\/sciences-et-vie-de-la-terre-s-v-t-en-3e-prepa-metiers\/textes-officiels-3e-prepa-metiers\/?preview=true\">Textes officiels<\/a><\/figcaption><\/figure>\n<\/div>\n\n\n\n<div class=\"wp-block-column is-layout-flow wp-block-column-is-layout-flow\">\n<figure class=\"wp-block-image size-thumbnail\"><a href=\"https:\/\/pedagogie.ac-lille.fr\/sbssa\/enseignements-generaux\/sciences-et-vie-de-la-terre-s-v-t-en-3e-prepa-metiers\/documents-academiques-3e-prepa-metiers\/?preview=true\"><img loading=\"lazy\" decoding=\"async\" width=\"150\" height=\"150\" src=\"https:\/\/pedagogie.ac-lille.fr\/sbssa\/wp-content\/uploads\/sites\/30\/2023\/02\/Academie_de_Lille.svg_-150x150.png\" alt=\"\" class=\"wp-image-9557\" srcset=\"https:\/\/pedagogie.ac-lille.fr\/sbssa\/wp-content\/uploads\/sites\/30\/2023\/02\/Academie_de_Lille.svg_-150x150.png 150w, https:\/\/pedagogie.ac-lille.fr\/sbssa\/wp-content\/uploads\/sites\/30\/2023\/02\/Academie_de_Lille.svg_-298x300.png 298w, https:\/\/pedagogie.ac-lille.fr\/sbssa\/wp-content\/uploads\/sites\/30\/2023\/02\/Academie_de_Lille.svg_-1017x1024.png 1017w, https:\/\/pedagogie.ac-lille.fr\/sbssa\/wp-content\/uploads\/sites\/30\/2023\/02\/Academie_de_Lille.svg_-768x773.png 768w, https:\/\/pedagogie.ac-lille.fr\/sbssa\/wp-content\/uploads\/sites\/30\/2023\/02\/Academie_de_Lille.svg_-510x510.png 510w, https:\/\/pedagogie.ac-lille.fr\/sbssa\/wp-content\/uploads\/sites\/30\/2023\/02\/Academie_de_Lille.svg_.png 1200w\" sizes=\"auto, (max-width: 150px) 100vw, 150px\" \/><\/a><figcaption class=\"wp-element-caption\"><a href=\"https:\/\/pedagogie.ac-lille.fr\/sbssa\/enseignements-generaux\/sciences-et-vie-de-la-terre-s-v-t-en-3e-prepa-metiers\/documents-academiques-3e-prepa-metiers\/?preview=true\">Documents acad\u00e9miques<\/a><\/figcaption><\/figure>\n<\/div>\n\n\n\n<div class=\"wp-block-column is-layout-flow wp-block-column-is-layout-flow\">\n<figure class=\"wp-block-image size-thumbnail\"><a href=\"https:\/\/pedagogie.ac-lille.fr\/sbssa\/enseignements-generaux\/sciences-et-vie-de-la-terre-s-v-t-en-3e-prepa-metiers\/ressources-3e-prepa-metiers\/?preview=true\"><img loading=\"lazy\" decoding=\"async\" width=\"150\" height=\"150\" src=\"https:\/\/pedagogie.ac-lille.fr\/sbssa\/wp-content\/uploads\/sites\/30\/2022\/05\/pixel-cells-g9c2803b40_1280-150x150.png\" alt=\"Ressources\" class=\"wp-image-3312\" srcset=\"https:\/\/pedagogie.ac-lille.fr\/sbssa\/wp-content\/uploads\/sites\/30\/2022\/05\/pixel-cells-g9c2803b40_1280-150x150.png 150w, https:\/\/pedagogie.ac-lille.fr\/sbssa\/wp-content\/uploads\/sites\/30\/2022\/05\/pixel-cells-g9c2803b40_1280-510x510.png 510w\" sizes=\"auto, (max-width: 150px) 100vw, 150px\" \/><\/a><figcaption class=\"wp-element-caption\"><a href=\"https:\/\/pedagogie.ac-lille.fr\/sbssa\/enseignements-generaux\/sciences-et-vie-de-la-terre-s-v-t-en-3e-prepa-metiers\/ressources-3e-prepa-metiers\/?preview=true\">Ressources<\/a><\/figcaption><\/figure>\n<\/div>\n\n\n\n<div class=\"wp-block-column is-layout-flow wp-block-column-is-layout-flow\"><div class=\"wp-block-image is-style-rounded\">\n<figure class=\"aligncenter size-thumbnail\"><a href=\"https:\/\/pedagogie.ac-lille.fr\/3eme-prepa-metiers\/\" target=\"_blank\" rel=\"noreferrer noopener\"><img loading=\"lazy\" decoding=\"async\" width=\"150\" height=\"150\" src=\"https:\/\/pedagogie.ac-lille.fr\/sbssa\/wp-content\/uploads\/sites\/30\/2023\/02\/Academie_de_Lille.svg_-150x150.png\" alt=\"\" class=\"wp-image-9557\" srcset=\"https:\/\/pedagogie.ac-lille.fr\/sbssa\/wp-content\/uploads\/sites\/30\/2023\/02\/Academie_de_Lille.svg_-150x150.png 150w, https:\/\/pedagogie.ac-lille.fr\/sbssa\/wp-content\/uploads\/sites\/30\/2023\/02\/Academie_de_Lille.svg_-298x300.png 298w, https:\/\/pedagogie.ac-lille.fr\/sbssa\/wp-content\/uploads\/sites\/30\/2023\/02\/Academie_de_Lille.svg_-1017x1024.png 1017w, https:\/\/pedagogie.ac-lille.fr\/sbssa\/wp-content\/uploads\/sites\/30\/2023\/02\/Academie_de_Lille.svg_-768x773.png 768w, https:\/\/pedagogie.ac-lille.fr\/sbssa\/wp-content\/uploads\/sites\/30\/2023\/02\/Academie_de_Lille.svg_-510x510.png 510w, https:\/\/pedagogie.ac-lille.fr\/sbssa\/wp-content\/uploads\/sites\/30\/2023\/02\/Academie_de_Lille.svg_.png 1200w\" sizes=\"auto, (max-width: 150px) 100vw, 150px\" \/><\/a><figcaption class=\"wp-element-caption\"><a rel=\"noreferrer noopener\" href=\"https:\/\/pedagogie.ac-lille.fr\/3eme-prepa-metiers\/\" target=\"_blank\">Site acad\u00e9mique d\u00e9di\u00e9<\/a><\/figcaption><\/figure>\n<\/div><\/div>\n\n\n\n<div class=\"wp-block-column is-layout-flow wp-block-column-is-layout-flow\"><div class=\"wp-block-image is-style-rounded\">\n<figure class=\"aligncenter size-thumbnail\"><a href=\"https:\/\/eduscol.education.fr\/628\/la-classe-de-troisieme-dite-prepa-metiers\" target=\"_blank\" rel=\"noreferrer noopener\"><img loading=\"lazy\" decoding=\"async\" width=\"150\" height=\"150\" src=\"https:\/\/pedagogie.ac-lille.fr\/sbssa\/wp-content\/uploads\/sites\/30\/2023\/02\/eduscol-logo-150x150.jpg\" alt=\"\" class=\"wp-image-9533\" srcset=\"https:\/\/pedagogie.ac-lille.fr\/sbssa\/wp-content\/uploads\/sites\/30\/2023\/02\/eduscol-logo-150x150.jpg 150w, https:\/\/pedagogie.ac-lille.fr\/sbssa\/wp-content\/uploads\/sites\/30\/2023\/02\/eduscol-logo-300x300.jpg 300w, https:\/\/pedagogie.ac-lille.fr\/sbssa\/wp-content\/uploads\/sites\/30\/2023\/02\/eduscol-logo.jpg 467w\" sizes=\"auto, (max-width: 150px) 100vw, 150px\" \/><\/a><figcaption class=\"wp-element-caption\"><a rel=\"noreferrer noopener\" href=\"https:\/\/eduscol.education.fr\/628\/la-classe-de-troisieme-dite-prepa-metiers\" target=\"_blank\">Page du site \u00c9duscol d\u00e9di\u00e9e<\/a><\/figcaption><\/figure>\n<\/div><\/div>\n<\/div>\n\n\n\n<div class=\"wp-block-columns is-layout-flex wp-container-core-columns-is-layout-28f84493 wp-block-columns-is-layout-flex\">\n<div class=\"wp-block-column is-layout-flow wp-block-column-is-layout-flow\"><\/div>\n\n\n\n<div class=\"wp-block-column is-layout-flow wp-block-column-is-layout-flow\"><\/div>\n<\/div>\n\n\n<p><a href=\"https:\/\/pedagogie.ac-lille.fr\/sbssa\/wp-content\/uploads\/sites\/30\/2023\/04\/choose-the-right-direction-g9c734d768_1920.jpg\"><img loading=\"lazy\" decoding=\"async\" class=\" wp-image-10337 alignleft\" src=\"https:\/\/pedagogie.ac-lille.fr\/sbssa\/wp-content\/uploads\/sites\/30\/2023\/04\/choose-the-right-direction-g9c734d768_1920-300x300.jpg\" alt=\"3e pr\u00e9pa m\u00e9tiers\" width=\"243\" height=\"243\" srcset=\"https:\/\/pedagogie.ac-lille.fr\/sbssa\/wp-content\/uploads\/sites\/30\/2023\/04\/choose-the-right-direction-g9c734d768_1920-300x300.jpg 300w, https:\/\/pedagogie.ac-lille.fr\/sbssa\/wp-content\/uploads\/sites\/30\/2023\/04\/choose-the-right-direction-g9c734d768_1920-1024x1024.jpg 1024w, https:\/\/pedagogie.ac-lille.fr\/sbssa\/wp-content\/uploads\/sites\/30\/2023\/04\/choose-the-right-direction-g9c734d768_1920-150x150.jpg 150w, https:\/\/pedagogie.ac-lille.fr\/sbssa\/wp-content\/uploads\/sites\/30\/2023\/04\/choose-the-right-direction-g9c734d768_1920-768x768.jpg 768w, https:\/\/pedagogie.ac-lille.fr\/sbssa\/wp-content\/uploads\/sites\/30\/2023\/04\/choose-the-right-direction-g9c734d768_1920-1536x1536.jpg 1536w, https:\/\/pedagogie.ac-lille.fr\/sbssa\/wp-content\/uploads\/sites\/30\/2023\/04\/choose-the-right-direction-g9c734d768_1920-510x510.jpg 510w, https:\/\/pedagogie.ac-lille.fr\/sbssa\/wp-content\/uploads\/sites\/30\/2023\/04\/choose-the-right-direction-g9c734d768_1920.jpg 1920w\" sizes=\"auto, (max-width: 243px) 100vw, 243px\" \/><\/a>La troisi\u00e8me \u00ab pr\u00e9pa-m\u00e9tiers \u00bb est un dispositif destin\u00e9 \u00e0 des \u00e9l\u00e8ves volontaires qui souhaitent s&rsquo;orienter vers la voie professionnelle dans les meilleures conditions.<\/p>\n<p>Tout en poursuivant l&rsquo;acquisition du socle commun de connaissances, de comp\u00e9tence et de culture, elle permet de renforcer la d\u00e9couverte des m\u00e9tiers et des formations professionnelles par un enseignement sp\u00e9cifique et des stages en milieu professionnel.<\/p>\n<p>&nbsp;<\/p>\n<p>Elle comprend donc :<\/p>\n<ul>\n<li class=\"dot\">des enseignements g\u00e9n\u00e9raux (25 h hebdomadaires) : fran\u00e7ais, math\u00e9matiques, langues vivantes 1 et 2, histoire &#8211; g\u00e9ographie-enseignement moral et civique, enseignements de sciences et technologie, enseignements artistiques et EPS<\/li>\n<li class=\"dot\">un enseignement de d\u00e9couverte professionnelle des m\u00e9tiers et des formations professionnelles (5 h hebdomadaires) : visites d&rsquo;information, s\u00e9quences d&rsquo;observation, stages d&rsquo;initiation. Les \u00e9l\u00e8ves d\u00e9couvrent les \u00e9tablissements d&rsquo;enseignement professionnel (lyc\u00e9es professionnels ou agricoles, CFA&#8230;), leur offre de formation et les entreprises.<\/li>\n<li class=\"dot\">un stage de une \u00e0 quatre semaines en milieu professionnel<\/li>\n<\/ul>\n<p>A cela, s&rsquo;ajoutent 10 h annuelles consacr\u00e9es \u00e0 la vie de classe.<\/p>\n<p>Les \u00e9l\u00e8ves de 3<sup><em>e<\/em><\/sup>&nbsp;\u00ab\u00a0pr\u00e9pa-m\u00e9tiers\u00a0\u00bb pr\u00e9sentent majoritairement le dipl\u00f4me national du brevet (DNB) voie professionnelle. Apr\u00e8s la 3<sup><em>e<\/em><\/sup>&nbsp;\u00ab\u00a0pr\u00e9pa-m\u00e9tiers\u00a0\u00bb, les \u00e9l\u00e8ves ont acc\u00e8s \u00e0 toutes les voies d&rsquo;orientation offertes aux \u00e9l\u00e8ves de 3<sup><em>e<\/em><\/sup>&nbsp;, mais sont surtout pr\u00e9par\u00e9s \u00e0 poursuivre dans la voie professionnelle (2<sup><em>nde<\/em><\/sup>&nbsp;professionnelle ou CAP sous statut scolaire ou en apprentissage).<\/p>\n<p><em>(Source : ONISEP)<\/em><\/p>\n\n\n<div class=\"wp-block-columns is-layout-flex wp-container-core-columns-is-layout-28f84493 wp-block-columns-is-layout-flex\">\n<div class=\"wp-block-column is-layout-flow wp-block-column-is-layout-flow\">\n<figure class=\"wp-block-image size-full\"><a href=\"https:\/\/www.onisep.fr\/ressources\/univers-formation\/Formations\/Colleges\/classe-de-troisieme-prepa-metiers\" target=\"_blank\" rel=\"noreferrer noopener\"><img loading=\"lazy\" decoding=\"async\" width=\"482\" height=\"104\" src=\"https:\/\/pedagogie.ac-lille.fr\/sbssa\/wp-content\/uploads\/sites\/30\/2021\/03\/Onisep.png\" alt=\"Onisep\" class=\"wp-image-296\" srcset=\"https:\/\/pedagogie.ac-lille.fr\/sbssa\/wp-content\/uploads\/sites\/30\/2021\/03\/Onisep.png 482w, https:\/\/pedagogie.ac-lille.fr\/sbssa\/wp-content\/uploads\/sites\/30\/2021\/03\/Onisep-300x65.png 300w\" sizes=\"auto, (max-width: 482px) 100vw, 482px\" \/><\/a><\/figure>\n<\/div>\n\n\n\n<div class=\"wp-block-column is-vertically-aligned-center is-layout-flow wp-block-column-is-layout-flow\">\n<p><a href=\"https:\/\/www.onisep.fr\/ressources\/univers-formation\/Formations\/Colleges\/classe-de-troisieme-prepa-metiers\" target=\"_blank\" rel=\"noopener\">Pr\u00e9sentation \/ Lieux de formation<\/a><\/p>\n<\/div>\n<\/div>\n\n\n\n<h2 class=\"wp-block-heading\"><mark style=\"background-color:#0693e3\" class=\"has-inline-color has-white-color\">DERNIERS ARTICLES PUBLI\u00c9S<\/mark><\/h2>\n\n\n<ul class=\"wp-block-latest-posts__list has-dates wp-block-latest-posts\"><li><div class=\"wp-block-latest-posts__featured-image alignleft\"><a href=\"https:\/\/pedagogie.ac-lille.fr\/sbssa\/les-deux-disciplines-choisies-pour-lepreuve-ecrite-de-sciences-du-dnb-session-2024\/\" aria-label=\"Les deux disciplines choisies pour l&rsquo;\u00e9preuve \u00e9crite de sciences du DNB &#8211; Session 2024\"><img loading=\"lazy\" decoding=\"async\" width=\"300\" height=\"118\" src=\"https:\/\/pedagogie.ac-lille.fr\/sbssa\/wp-content\/uploads\/sites\/30\/2021\/01\/eduscol_1-300x118.png\" class=\"attachment-medium size-medium no-lazy wp-post-image\" alt=\"\" style=\"max-width:150px;max-height:150px;\" srcset=\"https:\/\/pedagogie.ac-lille.fr\/sbssa\/wp-content\/uploads\/sites\/30\/2021\/01\/eduscol_1-300x118.png 300w, https:\/\/pedagogie.ac-lille.fr\/sbssa\/wp-content\/uploads\/sites\/30\/2021\/01\/eduscol_1.png 487w\" sizes=\"auto, (max-width: 300px) 100vw, 300px\" \/><\/a><\/div><a class=\"wp-block-latest-posts__post-title\" href=\"https:\/\/pedagogie.ac-lille.fr\/sbssa\/les-deux-disciplines-choisies-pour-lepreuve-ecrite-de-sciences-du-dnb-session-2024\/\">Les deux disciplines choisies pour l&rsquo;\u00e9preuve \u00e9crite de sciences du DNB &#8211; Session 2024<\/a><time datetime=\"2024-05-05T19:46:08+02:00\" class=\"wp-block-latest-posts__post-date\">5 mai 2024<\/time><\/li>\n<li><div class=\"wp-block-latest-posts__featured-image alignleft\"><a href=\"https:\/\/pedagogie.ac-lille.fr\/sbssa\/preparer-les-jeunes-aux-enjeux-de-sante-au-travail-fevrier-2024\/\" aria-label=\"Pr\u00e9parer les jeunes aux enjeux de sant\u00e9 au travail &#8211; F\u00e9vrier 2024\"><img loading=\"lazy\" decoding=\"async\" width=\"300\" height=\"113\" src=\"https:\/\/pedagogie.ac-lille.fr\/sbssa\/wp-content\/uploads\/sites\/30\/2024\/03\/couverture-travail-et-securite-300x113.jpg\" class=\"attachment-medium size-medium no-lazy wp-post-image\" alt=\"\" style=\"max-width:150px;max-height:150px;\" srcset=\"https:\/\/pedagogie.ac-lille.fr\/sbssa\/wp-content\/uploads\/sites\/30\/2024\/03\/couverture-travail-et-securite-300x113.jpg 300w, https:\/\/pedagogie.ac-lille.fr\/sbssa\/wp-content\/uploads\/sites\/30\/2024\/03\/couverture-travail-et-securite.jpg 480w\" sizes=\"auto, (max-width: 300px) 100vw, 300px\" \/><\/a><\/div><a class=\"wp-block-latest-posts__post-title\" href=\"https:\/\/pedagogie.ac-lille.fr\/sbssa\/preparer-les-jeunes-aux-enjeux-de-sante-au-travail-fevrier-2024\/\">Pr\u00e9parer les jeunes aux enjeux de sant\u00e9 au travail &#8211; F\u00e9vrier 2024<\/a><time datetime=\"2024-03-07T18:39:57+01:00\" class=\"wp-block-latest-posts__post-date\">7 mars 2024<\/time><\/li>\n<li><div class=\"wp-block-latest-posts__featured-image alignleft\"><a href=\"https:\/\/pedagogie.ac-lille.fr\/sbssa\/brochure-eleves-de-troisieme-bien-se-preparer-pour-reussir-au-lycee-novembre-2022\/\" aria-label=\"Brochure \u00ab \u00c9l\u00e8ves de troisi\u00e8me\u00a0: bien se pr\u00e9parer pour r\u00e9ussir au lyc\u00e9e\u00a0\u00bb &#8211; Novembre 2022\"><img loading=\"lazy\" decoding=\"async\" width=\"175\" height=\"288\" src=\"https:\/\/pedagogie.ac-lille.fr\/sbssa\/wp-content\/uploads\/sites\/30\/2023\/06\/Brochure-3e-pre\u0301parer-entre\u0301e-au-lyce\u0301e.jpeg\" class=\"attachment-medium size-medium no-lazy wp-post-image\" alt=\"\" style=\"max-width:150px;max-height:150px;\" \/><\/a><\/div><a class=\"wp-block-latest-posts__post-title\" href=\"https:\/\/pedagogie.ac-lille.fr\/sbssa\/brochure-eleves-de-troisieme-bien-se-preparer-pour-reussir-au-lycee-novembre-2022\/\">Brochure \u00ab \u00c9l\u00e8ves de troisi\u00e8me\u00a0: bien se pr\u00e9parer pour r\u00e9ussir au lyc\u00e9e\u00a0\u00bb &#8211; Novembre 2022<\/a><time datetime=\"2022-11-30T12:20:00+01:00\" class=\"wp-block-latest-posts__post-date\">30 novembre 2022<\/time><\/li>\n<li><div class=\"wp-block-latest-posts__featured-image alignleft\"><a href=\"https:\/\/pedagogie.ac-lille.fr\/sbssa\/le-sommeil\/\" aria-label=\"Le sommeil\"><img loading=\"lazy\" decoding=\"async\" width=\"300\" height=\"300\" src=\"https:\/\/pedagogie.ac-lille.fr\/sbssa\/wp-content\/uploads\/sites\/30\/2023\/04\/clock-gc965d1bcf_1280-300x300.png\" class=\"attachment-medium size-medium no-lazy wp-post-image\" alt=\"\" style=\"max-width:150px;max-height:150px;\" srcset=\"https:\/\/pedagogie.ac-lille.fr\/sbssa\/wp-content\/uploads\/sites\/30\/2023\/04\/clock-gc965d1bcf_1280-300x300.png 300w, https:\/\/pedagogie.ac-lille.fr\/sbssa\/wp-content\/uploads\/sites\/30\/2023\/04\/clock-gc965d1bcf_1280-1024x1024.png 1024w, https:\/\/pedagogie.ac-lille.fr\/sbssa\/wp-content\/uploads\/sites\/30\/2023\/04\/clock-gc965d1bcf_1280-150x150.png 150w, https:\/\/pedagogie.ac-lille.fr\/sbssa\/wp-content\/uploads\/sites\/30\/2023\/04\/clock-gc965d1bcf_1280-768x768.png 768w, https:\/\/pedagogie.ac-lille.fr\/sbssa\/wp-content\/uploads\/sites\/30\/2023\/04\/clock-gc965d1bcf_1280-510x510.png 510w, https:\/\/pedagogie.ac-lille.fr\/sbssa\/wp-content\/uploads\/sites\/30\/2023\/04\/clock-gc965d1bcf_1280.png 1280w\" sizes=\"auto, (max-width: 300px) 100vw, 300px\" \/><\/a><\/div><a class=\"wp-block-latest-posts__post-title\" href=\"https:\/\/pedagogie.ac-lille.fr\/sbssa\/le-sommeil\/\">Le sommeil<\/a><time datetime=\"2021-02-18T12:14:00+01:00\" class=\"wp-block-latest-posts__post-date\">18 f\u00e9vrier 2021<\/time><\/li>\n<li><div class=\"wp-block-latest-posts__featured-image alignleft\"><a href=\"https:\/\/pedagogie.ac-lille.fr\/sbssa\/document-daccompagnement-pour-levaluation-des-acquis-du-socle-commun-de-connaissances-de-competences-et-de-culture-elements-pour-lappreciation-du-niveau-de-maitrise-satisf\/\" aria-label=\"Document d\u2019accompagnement pour l\u2019\u00e9valuation des acquis du socle commun de connaissances, de comp\u00e9tences et de culture. \u00c9l\u00e9ments pour l\u2019appr\u00e9ciation du niveau de ma\u00eetrise satisfaisant en fin de cycle 4 &#8211; \u00c9duscol 2016\"><img loading=\"lazy\" decoding=\"async\" width=\"300\" height=\"100\" src=\"https:\/\/pedagogie.ac-lille.fr\/sbssa\/wp-content\/uploads\/sites\/30\/2023\/02\/chartegraphique_1000_marianne-300x100.gif\" class=\"attachment-medium size-medium no-lazy wp-post-image\" alt=\"\" style=\"max-width:150px;max-height:150px;\" \/><\/a><\/div><a class=\"wp-block-latest-posts__post-title\" href=\"https:\/\/pedagogie.ac-lille.fr\/sbssa\/document-daccompagnement-pour-levaluation-des-acquis-du-socle-commun-de-connaissances-de-competences-et-de-culture-elements-pour-lappreciation-du-niveau-de-maitrise-satisf\/\">Document d\u2019accompagnement pour l\u2019\u00e9valuation des acquis du socle commun de connaissances, de comp\u00e9tences et de culture. \u00c9l\u00e9ments pour l\u2019appr\u00e9ciation du niveau de ma\u00eetrise satisfaisant en fin de cycle 4 &#8211; \u00c9duscol 2016<\/a><time datetime=\"2020-10-28T20:20:00+01:00\" class=\"wp-block-latest-posts__post-date\">28 octobre 2020<\/time><\/li>\n<li><div class=\"wp-block-latest-posts__featured-image alignleft\"><a href=\"https:\/\/pedagogie.ac-lille.fr\/sbssa\/annales-zero-dnb-a-compter-de-la-session-2017-serie-professionnelle-epreuve-de-mathematiques-physique-chimie-sciences-de-la-vie-et-de-la-terre-et-technologie-eduscol-octobre-2016\/\" aria-label=\"Annales z\u00e9ro DNB \u00e0 compter de la session 2017 s\u00e9rie professionnelle &#8211; \u00c9preuve de math\u00e9matiques, physique-chimie, sciences de la vie et de la Terre et technologie &#8211; \u00c9duscol-Octobre 2016\"><img loading=\"lazy\" decoding=\"async\" width=\"300\" height=\"100\" src=\"https:\/\/pedagogie.ac-lille.fr\/sbssa\/wp-content\/uploads\/sites\/30\/2023\/02\/chartegraphique_1000_marianne-300x100.gif\" class=\"attachment-medium size-medium no-lazy wp-post-image\" alt=\"\" style=\"max-width:150px;max-height:150px;\" \/><\/a><\/div><a class=\"wp-block-latest-posts__post-title\" href=\"https:\/\/pedagogie.ac-lille.fr\/sbssa\/annales-zero-dnb-a-compter-de-la-session-2017-serie-professionnelle-epreuve-de-mathematiques-physique-chimie-sciences-de-la-vie-et-de-la-terre-et-technologie-eduscol-octobre-2016\/\">Annales z\u00e9ro DNB \u00e0 compter de la session 2017 s\u00e9rie professionnelle &#8211; \u00c9preuve de math\u00e9matiques, physique-chimie, sciences de la vie et de la Terre et technologie &#8211; \u00c9duscol-Octobre 2016<\/a><time datetime=\"2020-10-16T20:41:00+02:00\" class=\"wp-block-latest-posts__post-date\">16 octobre 2020<\/time><\/li>\n<li><div class=\"wp-block-latest-posts__featured-image alignleft\"><a href=\"https:\/\/pedagogie.ac-lille.fr\/sbssa\/programme-denseignement-du-cycle-des-approfondissements-cycle-4-svt-boen-n-31-du-30-juillet-2020\/\" aria-label=\"3e Pr\u00e9pa-M\u00e9tiers &#8211; Programme d\u2019enseignement du cycle des approfondissements (cycle 4) &#8211; SVT &#8211; BOEN n\u00b0 31 du 30 juillet 2020\"><img loading=\"lazy\" decoding=\"async\" width=\"300\" height=\"100\" src=\"https:\/\/pedagogie.ac-lille.fr\/sbssa\/wp-content\/uploads\/sites\/30\/2023\/02\/chartegraphique_1000_marianne-300x100.gif\" class=\"attachment-medium size-medium no-lazy wp-post-image\" alt=\"\" style=\"max-width:150px;max-height:150px;\" \/><\/a><\/div><a class=\"wp-block-latest-posts__post-title\" href=\"https:\/\/pedagogie.ac-lille.fr\/sbssa\/programme-denseignement-du-cycle-des-approfondissements-cycle-4-svt-boen-n-31-du-30-juillet-2020\/\">3e Pr\u00e9pa-M\u00e9tiers &#8211; Programme d\u2019enseignement du cycle des approfondissements (cycle 4) &#8211; SVT &#8211; BOEN n\u00b0 31 du 30 juillet 2020<\/a><time datetime=\"2020-07-30T19:54:00+02:00\" class=\"wp-block-latest-posts__post-date\">30 juillet 2020<\/time><\/li>\n<li><div class=\"wp-block-latest-posts__featured-image alignleft\"><a href=\"https:\/\/pedagogie.ac-lille.fr\/sbssa\/3e-prepa-metiers-vademecum-2019\/\" aria-label=\"3e Pr\u00e9pa-M\u00e9tiers &#8211; VADEMECUM 2019\"><img loading=\"lazy\" decoding=\"async\" width=\"212\" height=\"300\" src=\"https:\/\/pedagogie.ac-lille.fr\/sbssa\/wp-content\/uploads\/sites\/30\/2020\/04\/Vademecum-212x300.jpg\" class=\"attachment-medium size-medium no-lazy wp-post-image\" alt=\"\" style=\"max-width:150px;max-height:150px;\" srcset=\"https:\/\/pedagogie.ac-lille.fr\/sbssa\/wp-content\/uploads\/sites\/30\/2020\/04\/Vademecum-212x300.jpg 212w, https:\/\/pedagogie.ac-lille.fr\/sbssa\/wp-content\/uploads\/sites\/30\/2020\/04\/Vademecum.jpg 615w\" sizes=\"auto, (max-width: 212px) 100vw, 212px\" \/><\/a><\/div><a class=\"wp-block-latest-posts__post-title\" href=\"https:\/\/pedagogie.ac-lille.fr\/sbssa\/3e-prepa-metiers-vademecum-2019\/\">3e Pr\u00e9pa-M\u00e9tiers &#8211; VADEMECUM 2019<\/a><time datetime=\"2020-04-16T20:11:00+02:00\" class=\"wp-block-latest-posts__post-date\">16 avril 2020<\/time><\/li>\n<li><div class=\"wp-block-latest-posts__featured-image alignleft\"><a href=\"https:\/\/pedagogie.ac-lille.fr\/sbssa\/3e-prepa-metiers-pedagogies-innovantes-paf-mars-2020\/\" aria-label=\"Prot\u00e9g\u00e9\u00a0: PAF 2019 &#8211; 2020 en 3e Pr\u00e9pa-M\u00e9tiers : P\u00e9dagogies innovantes &#8211; Mars 2020\"><img loading=\"lazy\" decoding=\"async\" width=\"300\" height=\"300\" src=\"https:\/\/pedagogie.ac-lille.fr\/sbssa\/wp-content\/uploads\/sites\/30\/2023\/04\/bulb-gfa575a810_1280-300x300.png\" class=\"attachment-medium size-medium no-lazy wp-post-image\" alt=\"\" style=\"max-width:150px;max-height:150px;\" srcset=\"https:\/\/pedagogie.ac-lille.fr\/sbssa\/wp-content\/uploads\/sites\/30\/2023\/04\/bulb-gfa575a810_1280-300x300.png 300w, https:\/\/pedagogie.ac-lille.fr\/sbssa\/wp-content\/uploads\/sites\/30\/2023\/04\/bulb-gfa575a810_1280-1024x1024.png 1024w, https:\/\/pedagogie.ac-lille.fr\/sbssa\/wp-content\/uploads\/sites\/30\/2023\/04\/bulb-gfa575a810_1280-150x150.png 150w, https:\/\/pedagogie.ac-lille.fr\/sbssa\/wp-content\/uploads\/sites\/30\/2023\/04\/bulb-gfa575a810_1280-768x768.png 768w, https:\/\/pedagogie.ac-lille.fr\/sbssa\/wp-content\/uploads\/sites\/30\/2023\/04\/bulb-gfa575a810_1280-510x510.png 510w, https:\/\/pedagogie.ac-lille.fr\/sbssa\/wp-content\/uploads\/sites\/30\/2023\/04\/bulb-gfa575a810_1280.png 1280w\" sizes=\"auto, (max-width: 300px) 100vw, 300px\" \/><\/a><\/div><a class=\"wp-block-latest-posts__post-title\" href=\"https:\/\/pedagogie.ac-lille.fr\/sbssa\/3e-prepa-metiers-pedagogies-innovantes-paf-mars-2020\/\">Prot\u00e9g\u00e9\u00a0: PAF 2019 &#8211; 2020 en 3e Pr\u00e9pa-M\u00e9tiers : P\u00e9dagogies innovantes &#8211; Mars 2020<\/a><time datetime=\"2020-03-31T14:47:00+02:00\" class=\"wp-block-latest-posts__post-date\">31 mars 2020<\/time><\/li>\n<\/ul>","protected":false},"excerpt":{"rendered":"<p>La troisi\u00e8me \u00ab pr\u00e9pa-m\u00e9tiers \u00bb est un dispositif destin\u00e9 \u00e0 des \u00e9l\u00e8ves volontaires qui souhaitent s&rsquo;orienter vers la voie professionnelle dans les meilleures conditions. Tout en poursuivant l&rsquo;acquisition du socle [&hellip;]<\/p>\n","protected":false},"author":48,"featured_media":0,"parent":652,"menu_order":0,"comment_status":"closed","ping_status":"closed","template":"","meta":{"ngg_post_thumbnail":0,"footnotes":""},"class_list":["post-663","page","type-page","status-publish","czr-hentry"],"publishpress_future_action":{"enabled":false,"date":"2026-04-11 12:00:17","action":"change-status","newStatus":"draft","terms":[],"taxonomy":"","extraData":[]},"publishpress_future_workflow_manual_trigger":{"enabledWorkflows":[]},"_links":{"self":[{"href":"https:\/\/pedagogie.ac-lille.fr\/sbssa\/wp-json\/wp\/v2\/pages\/663","targetHints":{"allow":["GET"]}}],"collection":[{"href":"https:\/\/pedagogie.ac-lille.fr\/sbssa\/wp-json\/wp\/v2\/pages"}],"about":[{"href":"https:\/\/pedagogie.ac-lille.fr\/sbssa\/wp-json\/wp\/v2\/types\/page"}],"author":[{"embeddable":true,"href":"https:\/\/pedagogie.ac-lille.fr\/sbssa\/wp-json\/wp\/v2\/users\/48"}],"replies":[{"embeddable":true,"href":"https:\/\/pedagogie.ac-lille.fr\/sbssa\/wp-json\/wp\/v2\/comments?post=663"}],"version-history":[{"count":20,"href":"https:\/\/pedagogie.ac-lille.fr\/sbssa\/wp-json\/wp\/v2\/pages\/663\/revisions"}],"predecessor-version":[{"id":11709,"href":"https:\/\/pedagogie.ac-lille.fr\/sbssa\/wp-json\/wp\/v2\/pages\/663\/revisions\/11709"}],"up":[{"embeddable":true,"href":"https:\/\/pedagogie.ac-lille.fr\/sbssa\/wp-json\/wp\/v2\/pages\/652"}],"wp:attachment":[{"href":"https:\/\/pedagogie.ac-lille.fr\/sbssa\/wp-json\/wp\/v2\/media?parent=663"}],"curies":[{"name":"wp","href":"https:\/\/api.w.org\/{rel}","templated":true}]}}