{"id":6833,"date":"2022-11-20T17:04:49","date_gmt":"2022-11-20T16:04:49","guid":{"rendered":"https:\/\/pedagogie.ac-lille.fr\/sbssa\/?page_id=6833"},"modified":"2023-03-07T07:58:59","modified_gmt":"2023-03-07T06:58:59","slug":"olympiades","status":"publish","type":"page","link":"https:\/\/pedagogie.ac-lille.fr\/sbssa\/dossiers-transversaux\/enseigner-la-sante-la-securite-au-travail-e-s-s-t\/olympiades\/","title":{"rendered":"Olympiades"},"content":{"rendered":"<ul class=\"wp-block-latest-posts__list has-dates wp-block-latest-posts\"><li><div class=\"wp-block-latest-posts__featured-image alignleft\"><a href=\"https:\/\/pedagogie.ac-lille.fr\/sbssa\/diaporamas-archives-olympiades-carsat-sante-et-securite-au-travail-2017-a-2022\/\" aria-label=\"Diaporamas archives OLYMPIADES CARSAT Sant\u00e9 et S\u00e9curit\u00e9 au Travail &#8211; 2017 \u00e0 2022\"><img loading=\"lazy\" decoding=\"async\" width=\"300\" height=\"150\" src=\"https:\/\/pedagogie.ac-lille.fr\/sbssa\/wp-content\/uploads\/sites\/30\/2022\/11\/olympic-games-1608127_1280-300x150.png\" class=\"attachment-medium size-medium no-lazy wp-post-image\" alt=\"Olympiades\" style=\"max-width:150px;max-height:150px;\" srcset=\"https:\/\/pedagogie.ac-lille.fr\/sbssa\/wp-content\/uploads\/sites\/30\/2022\/11\/olympic-games-1608127_1280-300x150.png 300w, https:\/\/pedagogie.ac-lille.fr\/sbssa\/wp-content\/uploads\/sites\/30\/2022\/11\/olympic-games-1608127_1280-1024x512.png 1024w, https:\/\/pedagogie.ac-lille.fr\/sbssa\/wp-content\/uploads\/sites\/30\/2022\/11\/olympic-games-1608127_1280-768x384.png 768w, https:\/\/pedagogie.ac-lille.fr\/sbssa\/wp-content\/uploads\/sites\/30\/2022\/11\/olympic-games-1608127_1280.png 1280w\" sizes=\"auto, (max-width: 300px) 100vw, 300px\" \/><\/a><\/div><a class=\"wp-block-latest-posts__post-title\" href=\"https:\/\/pedagogie.ac-lille.fr\/sbssa\/diaporamas-archives-olympiades-carsat-sante-et-securite-au-travail-2017-a-2022\/\">Diaporamas archives OLYMPIADES CARSAT Sant\u00e9 et S\u00e9curit\u00e9 au Travail &#8211; 2017 \u00e0 2022<\/a><time datetime=\"2023-03-07T08:10:46+01:00\" class=\"wp-block-latest-posts__post-date\">7 mars 2023<\/time><\/li>\n<\/ul>","protected":false},"excerpt":{"rendered":"","protected":false},"author":48,"featured_media":6770,"parent":710,"menu_order":3,"comment_status":"closed","ping_status":"closed","template":"","meta":{"ngg_post_thumbnail":0,"footnotes":""},"class_list":["post-6833","page","type-page","status-publish","has-post-thumbnail","czr-hentry"],"publishpress_future_action":{"enabled":false,"date":"2026-04-11 11:50:53","action":"change-status","newStatus":"draft","terms":[],"taxonomy":"","extraData":[]},"publishpress_future_workflow_manual_trigger":{"enabledWorkflows":[]},"_links":{"self":[{"href":"https:\/\/pedagogie.ac-lille.fr\/sbssa\/wp-json\/wp\/v2\/pages\/6833","targetHints":{"allow":["GET"]}}],"collection":[{"href":"https:\/\/pedagogie.ac-lille.fr\/sbssa\/wp-json\/wp\/v2\/pages"}],"about":[{"href":"https:\/\/pedagogie.ac-lille.fr\/sbssa\/wp-json\/wp\/v2\/types\/page"}],"author":[{"embeddable":true,"href":"https:\/\/pedagogie.ac-lille.fr\/sbssa\/wp-json\/wp\/v2\/users\/48"}],"replies":[{"embeddable":true,"href":"https:\/\/pedagogie.ac-lille.fr\/sbssa\/wp-json\/wp\/v2\/comments?post=6833"}],"version-history":[{"count":2,"href":"https:\/\/pedagogie.ac-lille.fr\/sbssa\/wp-json\/wp\/v2\/pages\/6833\/revisions"}],"predecessor-version":[{"id":9802,"href":"https:\/\/pedagogie.ac-lille.fr\/sbssa\/wp-json\/wp\/v2\/pages\/6833\/revisions\/9802"}],"up":[{"embeddable":true,"href":"https:\/\/pedagogie.ac-lille.fr\/sbssa\/wp-json\/wp\/v2\/pages\/710"}],"wp:featuredmedia":[{"embeddable":true,"href":"https:\/\/pedagogie.ac-lille.fr\/sbssa\/wp-json\/wp\/v2\/media\/6770"}],"wp:attachment":[{"href":"https:\/\/pedagogie.ac-lille.fr\/sbssa\/wp-json\/wp\/v2\/media?parent=6833"}],"curies":[{"name":"wp","href":"https:\/\/api.w.org\/{rel}","templated":true}]}}