{"id":700,"date":"2021-03-21T07:54:14","date_gmt":"2021-03-21T06:54:14","guid":{"rendered":"https:\/\/pedagogie.ac-lille.fr\/sbssa\/?page_id=700"},"modified":"2023-06-08T07:09:39","modified_gmt":"2023-06-08T05:09:39","slug":"transformation-de-la-voie-professionnelle-t-v-p","status":"publish","type":"page","link":"https:\/\/pedagogie.ac-lille.fr\/sbssa\/dossiers-transversaux\/transformation-de-la-voie-professionnelle-t-v-p\/","title":{"rendered":"Transformation de la Voie Professionnelle (T.V.P)"},"content":{"rendered":"<div class=\"content-top\" role=\"article\">\n<div class=\"chapo ckeditor-text\">\n<p>La transformation de la voie professionnelle amorc\u00e9e en 2018 fixe un cap ambitieux pour le lyc\u00e9e professionnel : elle engage les \u00e9l\u00e8ves dans des parcours d&rsquo;excellence, v\u00e9ritables tremplins vers une insertion professionnelle imm\u00e9diate ou une poursuite d&rsquo;\u00e9tudes r\u00e9ussie. Elle valorise l&rsquo;enseignement professionnel aupr\u00e8s des acteurs \u00e9conomiques, par la recherche d&rsquo;une meilleure ad\u00e9quation entre formation et comp\u00e9tences m\u00e9tiers attendues.&nbsp;<\/p>\n<\/div>\n<\/div>\n<div class=\"text-block\">\n<div class=\"rich-text ckeditor-text clearfix\">\n<p>Elle met l&rsquo;accent sur les pratiques et le savoir-faire des \u00e9quipes des lyc\u00e9es professionnels en mati\u00e8re d&rsquo;enseignements pluridisciplinaires, de travail par projet, d&rsquo;adaptation des parcours et de la formation g\u00e9n\u00e9rale aux sp\u00e9cificit\u00e9s professionnelles, par l&rsquo;installation de mesures p\u00e9dagogiques telles que la co-intervention ou la r\u00e9alisation du chef d&rsquo;\u0153uvre.<\/p>\n<p><a href=\"https:\/\/eduscol.education.fr\/2224\/transformer-le-lycee-professionnel\"><img loading=\"lazy\" decoding=\"async\" class=\"alignleft wp-image-6736 size-medium\" src=\"https:\/\/pedagogie.ac-lille.fr\/sbssa\/wp-content\/uploads\/sites\/30\/2022\/11\/Eduscol-Logo-300x118.png\" alt=\"\u00c9duscol - Logo\" width=\"300\" height=\"118\" srcset=\"https:\/\/pedagogie.ac-lille.fr\/sbssa\/wp-content\/uploads\/sites\/30\/2022\/11\/Eduscol-Logo-300x118.png 300w, https:\/\/pedagogie.ac-lille.fr\/sbssa\/wp-content\/uploads\/sites\/30\/2022\/11\/Eduscol-Logo.png 487w\" sizes=\"auto, (max-width: 300px) 100vw, 300px\" \/><\/a><a href=\"https:\/\/eduscol.education.fr\/2224\/transformer-le-lycee-professionnel\" target=\"_blank\" rel=\"noopener\">Des ressources et des outils d&rsquo;information sur la mise en \u0153uvre de cette r\u00e9forme sont \u00e0 la disposition des \u00e9quipes \u00e9ducatives sur une page d\u00e9di\u00e9e du site \u00c9duscol<\/a><\/p>\n<\/div>\n<\/div>\n<div class=\"block-media block-media-js\">\n<article class=\"document-media\">\n<div class=\"cover-img\">&nbsp;<\/div>\n<\/article>\n<\/div>\n\n\n<div class=\"wp-block-columns is-layout-flex wp-container-core-columns-is-layout-28f84493 wp-block-columns-is-layout-flex\">\n<div class=\"wp-block-column is-layout-flow wp-block-column-is-layout-flow\">\n<figure class=\"wp-block-image size-medium is-resized is-style-rounded\"><a href=\"https:\/\/pedagogie.ac-lille.fr\/sbssa\/dossiers-transversaux\/transformation-de-la-voie-professionnelle-t-v-p\/accompagnement-renforce\/?preview_id=11162&amp;preview_nonce=18f7848d7e&amp;preview=true&amp;aiEnableCheckShortcode=true\"><img loading=\"lazy\" decoding=\"async\" src=\"https:\/\/pedagogie.ac-lille.fr\/sbssa\/wp-content\/uploads\/sites\/30\/2023\/06\/mentor-icon-g2a60f7666_1280-300x300.png\" alt=\"Accompagnement\" class=\"wp-image-11150\" width=\"150\" height=\"150\" srcset=\"https:\/\/pedagogie.ac-lille.fr\/sbssa\/wp-content\/uploads\/sites\/30\/2023\/06\/mentor-icon-g2a60f7666_1280-300x300.png 300w, https:\/\/pedagogie.ac-lille.fr\/sbssa\/wp-content\/uploads\/sites\/30\/2023\/06\/mentor-icon-g2a60f7666_1280-1024x1024.png 1024w, https:\/\/pedagogie.ac-lille.fr\/sbssa\/wp-content\/uploads\/sites\/30\/2023\/06\/mentor-icon-g2a60f7666_1280-150x150.png 150w, https:\/\/pedagogie.ac-lille.fr\/sbssa\/wp-content\/uploads\/sites\/30\/2023\/06\/mentor-icon-g2a60f7666_1280-768x768.png 768w, https:\/\/pedagogie.ac-lille.fr\/sbssa\/wp-content\/uploads\/sites\/30\/2023\/06\/mentor-icon-g2a60f7666_1280-510x510.png 510w, https:\/\/pedagogie.ac-lille.fr\/sbssa\/wp-content\/uploads\/sites\/30\/2023\/06\/mentor-icon-g2a60f7666_1280.png 1280w\" sizes=\"auto, (max-width: 150px) 100vw, 150px\" \/><\/a><figcaption class=\"wp-element-caption\"><strong><a href=\"https:\/\/pedagogie.ac-lille.fr\/sbssa\/dossiers-transversaux\/transformation-de-la-voie-professionnelle-t-v-p\/accompagnement-renforce\/?preview_id=11162&amp;preview_nonce=18f7848d7e&amp;preview=true&amp;aiEnableCheckShortcode=true\">Accompagnement Renforc\u00e9<\/a><\/strong><\/figcaption><\/figure>\n<\/div>\n\n\n\n<div class=\"wp-block-column is-layout-flow wp-block-column-is-layout-flow\">\n<figure class=\"wp-block-image size-thumbnail is-style-rounded\"><a href=\"https:\/\/pedagogie.ac-lille.fr\/sbssa\/dossiers-transversaux\/transformation-de-la-voie-professionnelle-t-v-p\/co-intervention\/?preview=true&amp;_thumbnail_id=11152\"><img loading=\"lazy\" decoding=\"async\" width=\"150\" height=\"150\" src=\"https:\/\/pedagogie.ac-lille.fr\/sbssa\/wp-content\/uploads\/sites\/30\/2023\/06\/hands-g42aed3637_1280-150x150.jpg\" alt=\"\" class=\"wp-image-11152\" srcset=\"https:\/\/pedagogie.ac-lille.fr\/sbssa\/wp-content\/uploads\/sites\/30\/2023\/06\/hands-g42aed3637_1280-150x150.jpg 150w, https:\/\/pedagogie.ac-lille.fr\/sbssa\/wp-content\/uploads\/sites\/30\/2023\/06\/hands-g42aed3637_1280-510x510.jpg 510w\" sizes=\"auto, (max-width: 150px) 100vw, 150px\" \/><\/a><figcaption class=\"wp-element-caption\"><strong><a href=\"https:\/\/pedagogie.ac-lille.fr\/sbssa\/dossiers-transversaux\/transformation-de-la-voie-professionnelle-t-v-p\/co-intervention\/?preview=true&amp;_thumbnail_id=11152\">Co-Intervention<\/a><\/strong><\/figcaption><\/figure>\n<\/div>\n\n\n\n<div class=\"wp-block-column is-layout-flow wp-block-column-is-layout-flow\">\n<figure class=\"wp-block-image size-thumbnail is-style-rounded\"><a href=\"https:\/\/pedagogie.ac-lille.fr\/sbssa\/dossiers-transversaux\/transformation-de-la-voie-professionnelle-t-v-p\/chef-doeuvre\/\"><img loading=\"lazy\" decoding=\"async\" width=\"150\" height=\"150\" src=\"https:\/\/pedagogie.ac-lille.fr\/sbssa\/wp-content\/uploads\/sites\/30\/2023\/02\/business-g541fadbfb_1920-150x150.jpg\" alt=\"\" class=\"wp-image-9630\" srcset=\"https:\/\/pedagogie.ac-lille.fr\/sbssa\/wp-content\/uploads\/sites\/30\/2023\/02\/business-g541fadbfb_1920-150x150.jpg 150w, https:\/\/pedagogie.ac-lille.fr\/sbssa\/wp-content\/uploads\/sites\/30\/2023\/02\/business-g541fadbfb_1920-510x510.jpg 510w\" sizes=\"auto, (max-width: 150px) 100vw, 150px\" \/><\/a><figcaption class=\"wp-element-caption\"><strong><a href=\"https:\/\/pedagogie.ac-lille.fr\/sbssa\/dossiers-transversaux\/transformation-de-la-voie-professionnelle-t-v-p\/chef-doeuvre\/\">Chef d&rsquo;oeuvre<\/a><\/strong><\/figcaption><\/figure>\n<\/div>\n\n\n\n<div class=\"wp-block-column is-layout-flow wp-block-column-is-layout-flow\">\n<figure class=\"wp-block-image size-thumbnail is-style-rounded\"><a href=\"https:\/\/pedagogie.ac-lille.fr\/sbssa\/dossiers-transversaux\/transformation-de-la-voie-professionnelle-t-v-p\/renforcer-les-usages-du-nunerique\/?preview=true&amp;_thumbnail_id=11153\"><img loading=\"lazy\" decoding=\"async\" width=\"150\" height=\"150\" src=\"https:\/\/pedagogie.ac-lille.fr\/sbssa\/wp-content\/uploads\/sites\/30\/2023\/06\/social-media-g430f2b689_1280-150x150.png\" alt=\"\" class=\"wp-image-11153\" srcset=\"https:\/\/pedagogie.ac-lille.fr\/sbssa\/wp-content\/uploads\/sites\/30\/2023\/06\/social-media-g430f2b689_1280-150x150.png 150w, https:\/\/pedagogie.ac-lille.fr\/sbssa\/wp-content\/uploads\/sites\/30\/2023\/06\/social-media-g430f2b689_1280-510x510.png 510w\" sizes=\"auto, (max-width: 150px) 100vw, 150px\" \/><\/a><figcaption class=\"wp-element-caption\"><strong><a href=\"https:\/\/pedagogie.ac-lille.fr\/sbssa\/dossiers-transversaux\/transformation-de-la-voie-professionnelle-t-v-p\/renforcer-les-usages-du-nunerique\/?preview=true&amp;_thumbnail_id=11153\">Renforcer les<\/a><\/strong> <a href=\"https:\/\/pedagogie.ac-lille.fr\/sbssa\/dossiers-transversaux\/transformation-de-la-voie-professionnelle-t-v-p\/renforcer-les-usages-du-nunerique\/?preview=true&amp;_thumbnail_id=11153\"><strong>usages du num\u00e9rique<\/strong><\/a><\/figcaption><\/figure>\n<\/div>\n<\/div>\n","protected":false},"excerpt":{"rendered":"<p>La transformation de la voie professionnelle amorc\u00e9e en 2018 fixe un cap ambitieux pour le lyc\u00e9e professionnel : elle engage les \u00e9l\u00e8ves dans des parcours d&rsquo;excellence, v\u00e9ritables tremplins vers une [&hellip;]<\/p>\n","protected":false},"author":48,"featured_media":0,"parent":691,"menu_order":0,"comment_status":"closed","ping_status":"closed","template":"","meta":{"ngg_post_thumbnail":0,"footnotes":""},"class_list":["post-700","page","type-page","status-publish","czr-hentry"],"publishpress_future_action":{"enabled":false,"date":"2026-04-11 12:00:17","action":"change-status","newStatus":"draft","terms":[],"taxonomy":"","extraData":[]},"publishpress_future_workflow_manual_trigger":{"enabledWorkflows":[]},"_links":{"self":[{"href":"https:\/\/pedagogie.ac-lille.fr\/sbssa\/wp-json\/wp\/v2\/pages\/700","targetHints":{"allow":["GET"]}}],"collection":[{"href":"https:\/\/pedagogie.ac-lille.fr\/sbssa\/wp-json\/wp\/v2\/pages"}],"about":[{"href":"https:\/\/pedagogie.ac-lille.fr\/sbssa\/wp-json\/wp\/v2\/types\/page"}],"author":[{"embeddable":true,"href":"https:\/\/pedagogie.ac-lille.fr\/sbssa\/wp-json\/wp\/v2\/users\/48"}],"replies":[{"embeddable":true,"href":"https:\/\/pedagogie.ac-lille.fr\/sbssa\/wp-json\/wp\/v2\/comments?post=700"}],"version-history":[{"count":18,"href":"https:\/\/pedagogie.ac-lille.fr\/sbssa\/wp-json\/wp\/v2\/pages\/700\/revisions"}],"predecessor-version":[{"id":11312,"href":"https:\/\/pedagogie.ac-lille.fr\/sbssa\/wp-json\/wp\/v2\/pages\/700\/revisions\/11312"}],"up":[{"embeddable":true,"href":"https:\/\/pedagogie.ac-lille.fr\/sbssa\/wp-json\/wp\/v2\/pages\/691"}],"wp:attachment":[{"href":"https:\/\/pedagogie.ac-lille.fr\/sbssa\/wp-json\/wp\/v2\/media?parent=700"}],"curies":[{"name":"wp","href":"https:\/\/api.w.org\/{rel}","templated":true}]}}