{"id":704,"date":"2021-03-21T07:57:49","date_gmt":"2021-03-21T06:57:49","guid":{"rendered":"https:\/\/pedagogie.ac-lille.fr\/sbssa\/?page_id=704"},"modified":"2023-05-07T23:09:07","modified_gmt":"2023-05-07T21:09:07","slug":"inclusion-scolaire","status":"publish","type":"page","link":"https:\/\/pedagogie.ac-lille.fr\/sbssa\/dossiers-transversaux\/inclusion-scolaire\/","title":{"rendered":"INCLUSION"},"content":{"rendered":"\n<div class=\"wp-block-columns is-layout-flex wp-container-core-columns-is-layout-28f84493 wp-block-columns-is-layout-flex\">\n<div class=\"wp-block-column is-layout-flow wp-block-column-is-layout-flow\">\n<figure class=\"wp-block-image size-thumbnail is-resized\"><a href=\"https:\/\/pedagogie.ac-lille.fr\/sbssa\/dossiers-transversaux\/inclusion-scolaire\/textes-officiels-inclusion\/\"><img loading=\"lazy\" decoding=\"async\" src=\"https:\/\/pedagogie.ac-lille.fr\/sbssa\/wp-content\/uploads\/sites\/30\/2022\/05\/education-g88d03105e_1280-150x150.png\" alt=\"Officiel\" class=\"wp-image-3822\" width=\"150\" height=\"150\" srcset=\"https:\/\/pedagogie.ac-lille.fr\/sbssa\/wp-content\/uploads\/sites\/30\/2022\/05\/education-g88d03105e_1280-150x150.png 150w, https:\/\/pedagogie.ac-lille.fr\/sbssa\/wp-content\/uploads\/sites\/30\/2022\/05\/education-g88d03105e_1280-300x300.png 300w, https:\/\/pedagogie.ac-lille.fr\/sbssa\/wp-content\/uploads\/sites\/30\/2022\/05\/education-g88d03105e_1280-1024x1024.png 1024w, https:\/\/pedagogie.ac-lille.fr\/sbssa\/wp-content\/uploads\/sites\/30\/2022\/05\/education-g88d03105e_1280-768x768.png 768w, https:\/\/pedagogie.ac-lille.fr\/sbssa\/wp-content\/uploads\/sites\/30\/2022\/05\/education-g88d03105e_1280-510x510.png 510w, https:\/\/pedagogie.ac-lille.fr\/sbssa\/wp-content\/uploads\/sites\/30\/2022\/05\/education-g88d03105e_1280.png 1280w\" sizes=\"auto, (max-width: 150px) 100vw, 150px\" \/><\/a><figcaption class=\"wp-element-caption\"><a href=\"https:\/\/pedagogie.ac-lille.fr\/sbssa\/dossiers-transversaux\/inclusion-scolaire\/textes-officiels-inclusion\/\">Textes officiels<\/a><\/figcaption><\/figure>\n<\/div>\n\n\n\n<div class=\"wp-block-column is-layout-flow wp-block-column-is-layout-flow\">\n<figure class=\"wp-block-image size-thumbnail is-resized\"><a href=\"https:\/\/pedagogie.ac-lille.fr\/sbssa\/dossiers-transversaux\/inclusion-scolaire\/documents-academiques-inclusion\/?preview_id=10973&amp;preview_nonce=ee22416559&amp;preview=true&amp;aiEnableCheckShortcode=true&amp;_thumbnail_id=9557\"><img loading=\"lazy\" decoding=\"async\" src=\"https:\/\/pedagogie.ac-lille.fr\/sbssa\/wp-content\/uploads\/sites\/30\/2023\/02\/Academie_de_Lille.svg_-150x150.png\" alt=\"\" class=\"wp-image-9557\" width=\"150\" height=\"150\" srcset=\"https:\/\/pedagogie.ac-lille.fr\/sbssa\/wp-content\/uploads\/sites\/30\/2023\/02\/Academie_de_Lille.svg_-150x150.png 150w, https:\/\/pedagogie.ac-lille.fr\/sbssa\/wp-content\/uploads\/sites\/30\/2023\/02\/Academie_de_Lille.svg_-298x300.png 298w, https:\/\/pedagogie.ac-lille.fr\/sbssa\/wp-content\/uploads\/sites\/30\/2023\/02\/Academie_de_Lille.svg_-1017x1024.png 1017w, https:\/\/pedagogie.ac-lille.fr\/sbssa\/wp-content\/uploads\/sites\/30\/2023\/02\/Academie_de_Lille.svg_-768x773.png 768w, https:\/\/pedagogie.ac-lille.fr\/sbssa\/wp-content\/uploads\/sites\/30\/2023\/02\/Academie_de_Lille.svg_-510x510.png 510w, https:\/\/pedagogie.ac-lille.fr\/sbssa\/wp-content\/uploads\/sites\/30\/2023\/02\/Academie_de_Lille.svg_.png 1200w\" sizes=\"auto, (max-width: 150px) 100vw, 150px\" \/><\/a><figcaption class=\"wp-element-caption\"><a href=\"https:\/\/pedagogie.ac-lille.fr\/sbssa\/dossiers-transversaux\/inclusion-scolaire\/documents-academiques-inclusion\/?preview_id=10973&amp;preview_nonce=ee22416559&amp;preview=true&amp;aiEnableCheckShortcode=true&amp;_thumbnail_id=9557\">Documents acad\u00e9miques<\/a><\/figcaption><\/figure>\n<\/div>\n\n\n\n<div class=\"wp-block-column is-layout-flow wp-block-column-is-layout-flow\">\n<figure class=\"wp-block-image size-thumbnail\"><a href=\"https:\/\/pedagogie.ac-lille.fr\/sbssa\/dossiers-transversaux\/inclusion-scolaire\/ressources-inclusion\/?preview=true&amp;_thumbnail_id=3312\"><img loading=\"lazy\" decoding=\"async\" width=\"150\" height=\"150\" src=\"https:\/\/pedagogie.ac-lille.fr\/sbssa\/wp-content\/uploads\/sites\/30\/2022\/05\/pixel-cells-g9c2803b40_1280-150x150.png\" alt=\"Ressources\" class=\"wp-image-3312\" srcset=\"https:\/\/pedagogie.ac-lille.fr\/sbssa\/wp-content\/uploads\/sites\/30\/2022\/05\/pixel-cells-g9c2803b40_1280-150x150.png 150w, https:\/\/pedagogie.ac-lille.fr\/sbssa\/wp-content\/uploads\/sites\/30\/2022\/05\/pixel-cells-g9c2803b40_1280-510x510.png 510w\" sizes=\"auto, (max-width: 150px) 100vw, 150px\" \/><\/a><figcaption class=\"wp-element-caption\"><a href=\"https:\/\/pedagogie.ac-lille.fr\/sbssa\/dossiers-transversaux\/inclusion-scolaire\/ressources-inclusion\/?preview=true&amp;_thumbnail_id=3312\">Ressources<\/a><\/figcaption><\/figure>\n<\/div>\n<\/div>\n\n\n\n<h2 class=\"wp-block-heading\"><mark style=\"background-color:#0693e3\" class=\"has-inline-color has-white-color\">DERNIERS ARTICLES PUBLI\u00c9S :<\/mark><\/h2>\n\n\n<ul class=\"wp-block-latest-posts__list has-dates wp-block-latest-posts\"><li><div class=\"wp-block-latest-posts__featured-image alignleft\"><a href=\"https:\/\/pedagogie.ac-lille.fr\/sbssa\/journee-dediee-aux-eleves-a-besoins-educatifs-particuliers\/\" aria-label=\"Journ\u00e9e d\u00e9di\u00e9e aux \u00e9l\u00e8ves \u00e0 besoins \u00e9ducatifs particuliers\"><img loading=\"lazy\" decoding=\"async\" width=\"115\" height=\"160\" src=\"https:\/\/pedagogie.ac-lille.fr\/sbssa\/wp-content\/uploads\/sites\/30\/2026\/02\/N-19193-642460_visuel.jpg\" class=\"attachment-medium size-medium no-lazy wp-post-image\" alt=\"\" style=\"max-width:150px;max-height:150px;\" \/><\/a><\/div><a class=\"wp-block-latest-posts__post-title\" href=\"https:\/\/pedagogie.ac-lille.fr\/sbssa\/journee-dediee-aux-eleves-a-besoins-educatifs-particuliers\/\">Journ\u00e9e d\u00e9di\u00e9e aux \u00e9l\u00e8ves \u00e0 besoins \u00e9ducatifs particuliers<\/a><time datetime=\"2026-02-23T19:20:55+01:00\" class=\"wp-block-latest-posts__post-date\">23 f\u00e9vrier 2026<\/time><\/li>\n<li><div class=\"wp-block-latest-posts__featured-image alignleft\"><a href=\"https:\/\/pedagogie.ac-lille.fr\/sbssa\/labinclusif-de-latelier-canope-de-lille\/\" aria-label=\"Lab\u2019Inclusif de l&rsquo;Atelier Canop\u00e9 de Lille\"><img loading=\"lazy\" decoding=\"async\" width=\"206\" height=\"55\" src=\"https:\/\/pedagogie.ac-lille.fr\/sbssa\/wp-content\/uploads\/sites\/30\/2024\/11\/YXNzZXRzL2ltZy9hdGVsaWVycy9BdGVsaWVyQ2Fub3BlX0xvZ28ucG5n.png\" class=\"attachment-medium size-medium no-lazy wp-post-image\" alt=\"\" style=\"max-width:150px;max-height:150px;\" \/><\/a><\/div><a class=\"wp-block-latest-posts__post-title\" href=\"https:\/\/pedagogie.ac-lille.fr\/sbssa\/labinclusif-de-latelier-canope-de-lille\/\">Lab\u2019Inclusif de l&rsquo;Atelier Canop\u00e9 de Lille<\/a><time datetime=\"2024-11-11T18:56:47+01:00\" class=\"wp-block-latest-posts__post-date\">11 novembre 2024<\/time><\/li>\n<li><div class=\"wp-block-latest-posts__featured-image alignleft\"><a href=\"https:\/\/pedagogie.ac-lille.fr\/sbssa\/arpejeh-actions-pour-les-jeunes-en-situations-de-handicap-janvier-2024\/\" aria-label=\"ARPEJEH : Actions pour les jeunes en situations de handicap &#8211; Janvier 2024\"><img loading=\"lazy\" decoding=\"async\" width=\"300\" height=\"96\" src=\"https:\/\/pedagogie.ac-lille.fr\/sbssa\/wp-content\/uploads\/sites\/30\/2024\/01\/image008-300x96.png\" class=\"attachment-medium size-medium no-lazy wp-post-image\" alt=\"\" style=\"max-width:150px;max-height:150px;\" srcset=\"https:\/\/pedagogie.ac-lille.fr\/sbssa\/wp-content\/uploads\/sites\/30\/2024\/01\/image008-300x96.png 300w, https:\/\/pedagogie.ac-lille.fr\/sbssa\/wp-content\/uploads\/sites\/30\/2024\/01\/image008-1024x328.png 1024w, https:\/\/pedagogie.ac-lille.fr\/sbssa\/wp-content\/uploads\/sites\/30\/2024\/01\/image008-768x246.png 768w, https:\/\/pedagogie.ac-lille.fr\/sbssa\/wp-content\/uploads\/sites\/30\/2024\/01\/image008-1536x491.png 1536w, https:\/\/pedagogie.ac-lille.fr\/sbssa\/wp-content\/uploads\/sites\/30\/2024\/01\/image008-2048x655.png 2048w\" sizes=\"auto, (max-width: 300px) 100vw, 300px\" \/><\/a><\/div><a class=\"wp-block-latest-posts__post-title\" href=\"https:\/\/pedagogie.ac-lille.fr\/sbssa\/arpejeh-actions-pour-les-jeunes-en-situations-de-handicap-janvier-2024\/\">ARPEJEH : Actions pour les jeunes en situations de handicap &#8211; Janvier 2024<\/a><time datetime=\"2024-01-16T21:07:47+01:00\" class=\"wp-block-latest-posts__post-date\">16 janvier 2024<\/time><\/li>\n<li><div class=\"wp-block-latest-posts__featured-image alignleft\"><a href=\"https:\/\/pedagogie.ac-lille.fr\/sbssa\/10882-2\/\" aria-label=\"ARPEJH (Accompagner la R\u00e9alisation des Projets d&rsquo;\u00c9tudes de Jeunes \u00c9l\u00e8ves et \u00c9tudiants Handicap\u00e9s)\"><img loading=\"lazy\" decoding=\"async\" width=\"300\" height=\"95\" src=\"https:\/\/pedagogie.ac-lille.fr\/sbssa\/wp-content\/uploads\/sites\/30\/2023\/04\/LOGO-ARPEJEH_baseline-300x95.jpeg\" class=\"attachment-medium size-medium no-lazy wp-post-image\" alt=\"\" style=\"max-width:150px;max-height:150px;\" srcset=\"https:\/\/pedagogie.ac-lille.fr\/sbssa\/wp-content\/uploads\/sites\/30\/2023\/04\/LOGO-ARPEJEH_baseline-300x95.jpeg 300w, https:\/\/pedagogie.ac-lille.fr\/sbssa\/wp-content\/uploads\/sites\/30\/2023\/04\/LOGO-ARPEJEH_baseline-1024x324.jpeg 1024w, https:\/\/pedagogie.ac-lille.fr\/sbssa\/wp-content\/uploads\/sites\/30\/2023\/04\/LOGO-ARPEJEH_baseline-768x243.jpeg 768w, https:\/\/pedagogie.ac-lille.fr\/sbssa\/wp-content\/uploads\/sites\/30\/2023\/04\/LOGO-ARPEJEH_baseline-1536x486.jpeg 1536w, https:\/\/pedagogie.ac-lille.fr\/sbssa\/wp-content\/uploads\/sites\/30\/2023\/04\/LOGO-ARPEJEH_baseline-2048x649.jpeg 2048w\" sizes=\"auto, (max-width: 300px) 100vw, 300px\" \/><\/a><\/div><a class=\"wp-block-latest-posts__post-title\" href=\"https:\/\/pedagogie.ac-lille.fr\/sbssa\/10882-2\/\">ARPEJH (Accompagner la R\u00e9alisation des Projets d&rsquo;\u00c9tudes de Jeunes \u00c9l\u00e8ves et \u00c9tudiants Handicap\u00e9s)<\/a><time datetime=\"2023-04-18T18:49:00+02:00\" class=\"wp-block-latest-posts__post-date\">18 avril 2023<\/time><\/li>\n<li><div class=\"wp-block-latest-posts__featured-image alignleft\"><a href=\"https:\/\/pedagogie.ac-lille.fr\/sbssa\/organisation-des-examens-de-lenseignement-scolaire-pour-les-candidats-en-situation-de-handicap\/\" aria-label=\"Organisation des examens de l&rsquo;enseignement scolaire pour les candidats en situation de handicap\"><img loading=\"lazy\" decoding=\"async\" width=\"300\" height=\"118\" src=\"https:\/\/pedagogie.ac-lille.fr\/sbssa\/wp-content\/uploads\/sites\/30\/2021\/01\/eduscol_1-300x118.png\" class=\"attachment-medium size-medium no-lazy wp-post-image\" alt=\"\" style=\"max-width:150px;max-height:150px;\" srcset=\"https:\/\/pedagogie.ac-lille.fr\/sbssa\/wp-content\/uploads\/sites\/30\/2021\/01\/eduscol_1-300x118.png 300w, https:\/\/pedagogie.ac-lille.fr\/sbssa\/wp-content\/uploads\/sites\/30\/2021\/01\/eduscol_1.png 487w\" sizes=\"auto, (max-width: 300px) 100vw, 300px\" \/><\/a><\/div><a class=\"wp-block-latest-posts__post-title\" href=\"https:\/\/pedagogie.ac-lille.fr\/sbssa\/organisation-des-examens-de-lenseignement-scolaire-pour-les-candidats-en-situation-de-handicap\/\">Organisation des examens de l&rsquo;enseignement scolaire pour les candidats en situation de handicap<\/a><time datetime=\"2022-10-31T11:56:00+01:00\" class=\"wp-block-latest-posts__post-date\">31 octobre 2022<\/time><\/li>\n<li><div class=\"wp-block-latest-posts__featured-image alignleft\"><a href=\"https:\/\/pedagogie.ac-lille.fr\/sbssa\/le-livret-de-parcours-inclusif-lpi\/\" aria-label=\"Le Livret de Parcours Inclusif (LPI)\"><img loading=\"lazy\" decoding=\"async\" width=\"250\" height=\"250\" src=\"https:\/\/pedagogie.ac-lille.fr\/sbssa\/wp-content\/uploads\/sites\/30\/2022\/09\/LPI.jpg\" class=\"attachment-medium size-medium no-lazy wp-post-image\" alt=\"\" style=\"max-width:150px;max-height:150px;\" srcset=\"https:\/\/pedagogie.ac-lille.fr\/sbssa\/wp-content\/uploads\/sites\/30\/2022\/09\/LPI.jpg 250w, https:\/\/pedagogie.ac-lille.fr\/sbssa\/wp-content\/uploads\/sites\/30\/2022\/09\/LPI-150x150.jpg 150w\" sizes=\"auto, (max-width: 250px) 100vw, 250px\" \/><\/a><\/div><a class=\"wp-block-latest-posts__post-title\" href=\"https:\/\/pedagogie.ac-lille.fr\/sbssa\/le-livret-de-parcours-inclusif-lpi\/\">Le Livret de Parcours Inclusif (LPI)<\/a><time datetime=\"2022-09-30T22:48:00+02:00\" class=\"wp-block-latest-posts__post-date\">30 septembre 2022<\/time><\/li>\n<li><div class=\"wp-block-latest-posts__featured-image alignleft\"><a href=\"https:\/\/pedagogie.ac-lille.fr\/sbssa\/textes-de-reference-sur-la-scolarisation-des-eleves-en-situation-de-handicap-eduscol\/\" aria-label=\"Textes de r\u00e9f\u00e9rence sur la scolarisation des \u00e9l\u00e8ves en situation de handicap &#8211; \u00c9duscol\"><img loading=\"lazy\" decoding=\"async\" width=\"300\" height=\"165\" src=\"https:\/\/pedagogie.ac-lille.fr\/sbssa\/wp-content\/uploads\/sites\/30\/2021\/03\/gavel-3577258_1920-300x165.jpg\" class=\"attachment-medium size-medium no-lazy wp-post-image\" alt=\"Arr\u00eat\u00e9\" style=\"max-width:150px;max-height:150px;\" srcset=\"https:\/\/pedagogie.ac-lille.fr\/sbssa\/wp-content\/uploads\/sites\/30\/2021\/03\/gavel-3577258_1920-300x165.jpg 300w, https:\/\/pedagogie.ac-lille.fr\/sbssa\/wp-content\/uploads\/sites\/30\/2021\/03\/gavel-3577258_1920-1024x563.jpg 1024w, https:\/\/pedagogie.ac-lille.fr\/sbssa\/wp-content\/uploads\/sites\/30\/2021\/03\/gavel-3577258_1920-768x422.jpg 768w, https:\/\/pedagogie.ac-lille.fr\/sbssa\/wp-content\/uploads\/sites\/30\/2021\/03\/gavel-3577258_1920-1536x845.jpg 1536w, https:\/\/pedagogie.ac-lille.fr\/sbssa\/wp-content\/uploads\/sites\/30\/2021\/03\/gavel-3577258_1920.jpg 1920w\" sizes=\"auto, (max-width: 300px) 100vw, 300px\" \/><\/a><\/div><a class=\"wp-block-latest-posts__post-title\" href=\"https:\/\/pedagogie.ac-lille.fr\/sbssa\/textes-de-reference-sur-la-scolarisation-des-eleves-en-situation-de-handicap-eduscol\/\">Textes de r\u00e9f\u00e9rence sur la scolarisation des \u00e9l\u00e8ves en situation de handicap &#8211; \u00c9duscol<\/a><time datetime=\"2022-09-30T21:24:00+02:00\" class=\"wp-block-latest-posts__post-date\">30 septembre 2022<\/time><\/li>\n<li><div class=\"wp-block-latest-posts__featured-image alignleft\"><a href=\"https:\/\/pedagogie.ac-lille.fr\/sbssa\/des-ressources-pour-scolariser-les-eleves-en-situation-de-handicap-eduscol\/\" aria-label=\"Des ressources pour scolariser les \u00e9l\u00e8ves en situation de handicap &#8211; \u00c9duscol\"><img loading=\"lazy\" decoding=\"async\" width=\"300\" height=\"243\" src=\"https:\/\/pedagogie.ac-lille.fr\/sbssa\/wp-content\/uploads\/sites\/30\/2022\/05\/pixel-cells-g9c2803b40_1280-300x243.png\" class=\"attachment-medium size-medium no-lazy wp-post-image\" alt=\"Ressources\" style=\"max-width:150px;max-height:150px;\" srcset=\"https:\/\/pedagogie.ac-lille.fr\/sbssa\/wp-content\/uploads\/sites\/30\/2022\/05\/pixel-cells-g9c2803b40_1280-300x243.png 300w, https:\/\/pedagogie.ac-lille.fr\/sbssa\/wp-content\/uploads\/sites\/30\/2022\/05\/pixel-cells-g9c2803b40_1280-1024x830.png 1024w, https:\/\/pedagogie.ac-lille.fr\/sbssa\/wp-content\/uploads\/sites\/30\/2022\/05\/pixel-cells-g9c2803b40_1280-768x623.png 768w, https:\/\/pedagogie.ac-lille.fr\/sbssa\/wp-content\/uploads\/sites\/30\/2022\/05\/pixel-cells-g9c2803b40_1280.png 1280w\" sizes=\"auto, (max-width: 300px) 100vw, 300px\" \/><\/a><\/div><a class=\"wp-block-latest-posts__post-title\" href=\"https:\/\/pedagogie.ac-lille.fr\/sbssa\/des-ressources-pour-scolariser-les-eleves-en-situation-de-handicap-eduscol\/\">Des ressources pour scolariser les \u00e9l\u00e8ves en situation de handicap &#8211; \u00c9duscol<\/a><time datetime=\"2022-08-31T22:06:00+02:00\" class=\"wp-block-latest-posts__post-date\">31 ao\u00fbt 2022<\/time><\/li>\n<li><div class=\"wp-block-latest-posts__featured-image alignleft\"><a href=\"https:\/\/pedagogie.ac-lille.fr\/sbssa\/ressources-pour-animer-une-seance-de-sensibilisation-au-handicap\/\" aria-label=\"Ressources pour animer une s\u00e9ance de sensibilisation au handicap\"><img loading=\"lazy\" decoding=\"async\" width=\"300\" height=\"243\" src=\"https:\/\/pedagogie.ac-lille.fr\/sbssa\/wp-content\/uploads\/sites\/30\/2022\/05\/pixel-cells-g9c2803b40_1280-300x243.png\" class=\"attachment-medium size-medium no-lazy wp-post-image\" alt=\"Ressources\" style=\"max-width:150px;max-height:150px;\" srcset=\"https:\/\/pedagogie.ac-lille.fr\/sbssa\/wp-content\/uploads\/sites\/30\/2022\/05\/pixel-cells-g9c2803b40_1280-300x243.png 300w, https:\/\/pedagogie.ac-lille.fr\/sbssa\/wp-content\/uploads\/sites\/30\/2022\/05\/pixel-cells-g9c2803b40_1280-1024x830.png 1024w, https:\/\/pedagogie.ac-lille.fr\/sbssa\/wp-content\/uploads\/sites\/30\/2022\/05\/pixel-cells-g9c2803b40_1280-768x623.png 768w, https:\/\/pedagogie.ac-lille.fr\/sbssa\/wp-content\/uploads\/sites\/30\/2022\/05\/pixel-cells-g9c2803b40_1280.png 1280w\" sizes=\"auto, (max-width: 300px) 100vw, 300px\" \/><\/a><\/div><a class=\"wp-block-latest-posts__post-title\" href=\"https:\/\/pedagogie.ac-lille.fr\/sbssa\/ressources-pour-animer-une-seance-de-sensibilisation-au-handicap\/\">Ressources pour animer une s\u00e9ance de sensibilisation au handicap<\/a><time datetime=\"2022-01-31T23:11:00+01:00\" class=\"wp-block-latest-posts__post-date\">31 janvier 2022<\/time><\/li>\n<\/ul>","protected":false},"excerpt":{"rendered":"<p>DERNIERS ARTICLES PUBLI\u00c9S :<\/p>\n","protected":false},"author":48,"featured_media":0,"parent":691,"menu_order":0,"comment_status":"closed","ping_status":"closed","template":"","meta":{"ngg_post_thumbnail":0,"footnotes":""},"class_list":["post-704","page","type-page","status-publish","czr-hentry"],"publishpress_future_action":{"enabled":false,"date":"2026-04-20 07:25:02","action":"change-status","newStatus":"draft","terms":[],"taxonomy":"","extraData":[]},"publishpress_future_workflow_manual_trigger":{"enabledWorkflows":[]},"_links":{"self":[{"href":"https:\/\/pedagogie.ac-lille.fr\/sbssa\/wp-json\/wp\/v2\/pages\/704","targetHints":{"allow":["GET"]}}],"collection":[{"href":"https:\/\/pedagogie.ac-lille.fr\/sbssa\/wp-json\/wp\/v2\/pages"}],"about":[{"href":"https:\/\/pedagogie.ac-lille.fr\/sbssa\/wp-json\/wp\/v2\/types\/page"}],"author":[{"embeddable":true,"href":"https:\/\/pedagogie.ac-lille.fr\/sbssa\/wp-json\/wp\/v2\/users\/48"}],"replies":[{"embeddable":true,"href":"https:\/\/pedagogie.ac-lille.fr\/sbssa\/wp-json\/wp\/v2\/comments?post=704"}],"version-history":[{"count":14,"href":"https:\/\/pedagogie.ac-lille.fr\/sbssa\/wp-json\/wp\/v2\/pages\/704\/revisions"}],"predecessor-version":[{"id":11028,"href":"https:\/\/pedagogie.ac-lille.fr\/sbssa\/wp-json\/wp\/v2\/pages\/704\/revisions\/11028"}],"up":[{"embeddable":true,"href":"https:\/\/pedagogie.ac-lille.fr\/sbssa\/wp-json\/wp\/v2\/pages\/691"}],"wp:attachment":[{"href":"https:\/\/pedagogie.ac-lille.fr\/sbssa\/wp-json\/wp\/v2\/media?parent=704"}],"curies":[{"name":"wp","href":"https:\/\/api.w.org\/{rel}","templated":true}]}}