{"id":710,"date":"2020-09-21T08:17:00","date_gmt":"2020-09-21T06:17:00","guid":{"rendered":"https:\/\/pedagogie.ac-lille.fr\/sbssa\/?page_id=710"},"modified":"2023-11-30T11:12:04","modified_gmt":"2023-11-30T10:12:04","slug":"enseigner-la-sante-la-securite-au-travail-e-s-s-t","status":"publish","type":"page","link":"https:\/\/pedagogie.ac-lille.fr\/sbssa\/dossiers-transversaux\/enseigner-la-sante-la-securite-au-travail-e-s-s-t\/","title":{"rendered":"ES&amp;ST (Enseigner la Sant\u00e9 &amp; la S\u00e9curit\u00e9 au Travail)"},"content":{"rendered":"<h5><a href=\"https:\/\/pedagogie.ac-lille.fr\/sbssa\/wp-content\/uploads\/sites\/30\/2021\/03\/ESST.jpeg\"><img loading=\"lazy\" decoding=\"async\" class=\"size-medium wp-image-711 alignleft\" src=\"https:\/\/pedagogie.ac-lille.fr\/sbssa\/wp-content\/uploads\/sites\/30\/2021\/03\/ESST-300x153.jpeg\" alt=\"ES&amp;ST Logo\" width=\"300\" height=\"153\" srcset=\"https:\/\/pedagogie.ac-lille.fr\/sbssa\/wp-content\/uploads\/sites\/30\/2021\/03\/ESST-300x153.jpeg 300w, https:\/\/pedagogie.ac-lille.fr\/sbssa\/wp-content\/uploads\/sites\/30\/2021\/03\/ESST.jpeg 500w\" sizes=\"auto, (max-width: 300px) 100vw, 300px\" \/><\/a>L&rsquo;Enseignement de la Sant\u00e9 et S\u00e9curit\u00e9 au Travail est une composante essentielle des dipl\u00f4mes professionnels. Il r\u00e9pond \u00e0 un enjeu de pr\u00e9vention des risques professionnels des \u00e9l\u00e8ves et apprentis, futurs salari\u00e9s. Il mobilise les acteurs de la formation et n\u00e9cessite des outils p\u00e9dagogiques mis \u00e0 disposition dans les sites r\u00e9f\u00e9renc\u00e9s et rubrique suivantes :<\/h5>\n<p>&nbsp;<\/p>\n\n\n<div class=\"wp-block-columns is-layout-flex wp-container-core-columns-is-layout-28f84493 wp-block-columns-is-layout-flex\">\n<div class=\"wp-block-column is-layout-flow wp-block-column-is-layout-flow\"><div class=\"wp-block-image is-style-rounded\">\n<figure class=\"aligncenter size-thumbnail\"><a href=\"https:\/\/eduscol.education.fr\/789\/l-enseignement-de-la-sante-et-securite-au-travail-dans-les-diplomes-professionnels\" target=\"_blank\" rel=\"noreferrer noopener\"><img loading=\"lazy\" decoding=\"async\" width=\"150\" height=\"150\" src=\"https:\/\/pedagogie.ac-lille.fr\/sbssa\/wp-content\/uploads\/sites\/30\/2021\/08\/twit-eduscol-150x150.jpg\" alt=\"\u00c9duscol\" class=\"wp-image-2704\" srcset=\"https:\/\/pedagogie.ac-lille.fr\/sbssa\/wp-content\/uploads\/sites\/30\/2021\/08\/twit-eduscol-150x150.jpg 150w, https:\/\/pedagogie.ac-lille.fr\/sbssa\/wp-content\/uploads\/sites\/30\/2021\/08\/twit-eduscol-300x300.jpg 300w, https:\/\/pedagogie.ac-lille.fr\/sbssa\/wp-content\/uploads\/sites\/30\/2021\/08\/twit-eduscol.jpg 400w\" sizes=\"auto, (max-width: 150px) 100vw, 150px\" \/><\/a><figcaption class=\"wp-element-caption\"><a href=\"https:\/\/eduscol.education.fr\/789\/l-enseignement-de-la-sante-et-securite-au-travail-dans-les-diplomes-professionnels\">Page d\u00e9di\u00e9e du site \u00c9duscol<\/a><\/figcaption><\/figure>\n<\/div><\/div>\n\n\n\n<div class=\"wp-block-column is-layout-flow wp-block-column-is-layout-flow\"><div class=\"wp-block-image is-style-rounded\">\n<figure class=\"aligncenter size-full is-resized\"><a href=\"https:\/\/esst-inrs.fr\/\" target=\"_blank\" rel=\"noreferrer noopener\"><img loading=\"lazy\" decoding=\"async\" width=\"104\" height=\"106\" src=\"https:\/\/pedagogie.ac-lille.fr\/sbssa\/wp-content\/uploads\/sites\/30\/2021\/03\/ESST-Logo.gif\" alt=\"\" class=\"wp-image-712\" style=\"width:150px;height:150px\" \/><\/a><figcaption class=\"wp-element-caption\"><a href=\"https:\/\/esst-inrs.fr\/\" target=\"_blank\" rel=\"noreferrer noopener\">Site ES&amp;ST<\/a><\/figcaption><\/figure>\n<\/div><\/div>\n\n\n\n<div class=\"wp-block-column is-layout-flow wp-block-column-is-layout-flow\"><div class=\"wp-block-image is-style-rounded\">\n<figure class=\"aligncenter size-thumbnail\"><a href=\"https:\/\/pedagogie.ac-lille.fr\/sbssa\/documents-academiques-esst\/\" target=\"_blank\" rel=\"noreferrer noopener\"><img loading=\"lazy\" decoding=\"async\" width=\"150\" height=\"150\" src=\"https:\/\/pedagogie.ac-lille.fr\/sbssa\/wp-content\/uploads\/sites\/30\/2021\/07\/sketchbook-156775_1280-150x150.png\" alt=\"Guide\" class=\"wp-image-1582\" srcset=\"https:\/\/pedagogie.ac-lille.fr\/sbssa\/wp-content\/uploads\/sites\/30\/2021\/07\/sketchbook-156775_1280-150x150.png 150w, https:\/\/pedagogie.ac-lille.fr\/sbssa\/wp-content\/uploads\/sites\/30\/2021\/07\/sketchbook-156775_1280-510x510.png 510w\" sizes=\"auto, (max-width: 150px) 100vw, 150px\" \/><\/a><figcaption class=\"wp-element-caption\"><a href=\"https:\/\/pedagogie.ac-lille.fr\/sbssa\/documents-academiques-esst\/\" data-type=\"attachment\" data-id=\"7150\" target=\"_blank\" rel=\"noreferrer noopener\">Documents acad\u00e9miques ES&amp;ST<\/a><\/figcaption><\/figure>\n<\/div><\/div>\n\n\n\n<div class=\"wp-block-column is-layout-flow wp-block-column-is-layout-flow\"><div class=\"wp-block-image is-style-rounded\">\n<figure class=\"aligncenter size-thumbnail\"><img loading=\"lazy\" decoding=\"async\" width=\"150\" height=\"150\" src=\"https:\/\/pedagogie.ac-lille.fr\/sbssa\/wp-content\/uploads\/sites\/30\/2022\/08\/logo-sst-1-1-150x150.jpg\" alt=\"SST logo\" class=\"wp-image-6348\" srcset=\"https:\/\/pedagogie.ac-lille.fr\/sbssa\/wp-content\/uploads\/sites\/30\/2022\/08\/logo-sst-1-1-150x150.jpg 150w, https:\/\/pedagogie.ac-lille.fr\/sbssa\/wp-content\/uploads\/sites\/30\/2022\/08\/logo-sst-1-1-300x300.jpg 300w, https:\/\/pedagogie.ac-lille.fr\/sbssa\/wp-content\/uploads\/sites\/30\/2022\/08\/logo-sst-1-1-1024x1024.jpg 1024w, https:\/\/pedagogie.ac-lille.fr\/sbssa\/wp-content\/uploads\/sites\/30\/2022\/08\/logo-sst-1-1-768x768.jpg 768w, https:\/\/pedagogie.ac-lille.fr\/sbssa\/wp-content\/uploads\/sites\/30\/2022\/08\/logo-sst-1-1-510x510.jpg 510w, https:\/\/pedagogie.ac-lille.fr\/sbssa\/wp-content\/uploads\/sites\/30\/2022\/08\/logo-sst-1-1.jpg 1417w\" sizes=\"auto, (max-width: 150px) 100vw, 150px\" \/><figcaption class=\"wp-element-caption\">Rubrique SST<\/figcaption><\/figure>\n<\/div><\/div>\n<\/div>\n\n\n\n<div class=\"wp-block-columns is-layout-flex wp-container-core-columns-is-layout-28f84493 wp-block-columns-is-layout-flex\">\n<div class=\"wp-block-column is-layout-flow wp-block-column-is-layout-flow\"><div class=\"wp-block-image is-style-rounded\">\n<figure class=\"alignleft size-thumbnail\"><img loading=\"lazy\" decoding=\"async\" width=\"150\" height=\"150\" src=\"https:\/\/pedagogie.ac-lille.fr\/sbssa\/wp-content\/uploads\/sites\/30\/2022\/11\/PRAP-Logo-1-150x150.jpg\" alt=\"\" class=\"wp-image-7114\" \/><figcaption class=\"wp-element-caption\">Rubrique PRAP<\/figcaption><\/figure>\n<\/div><\/div>\n\n\n\n<div class=\"wp-block-column is-layout-flow wp-block-column-is-layout-flow\"><div class=\"wp-block-image is-style-rounded\">\n<figure class=\"alignleft size-thumbnail\"><img loading=\"lazy\" decoding=\"async\" width=\"150\" height=\"150\" src=\"https:\/\/pedagogie.ac-lille.fr\/sbssa\/wp-content\/uploads\/sites\/30\/2022\/11\/Risque-biologique-Logo-150x150.jpg\" alt=\"Risque biologique - Logo\" class=\"wp-image-6843\" srcset=\"https:\/\/pedagogie.ac-lille.fr\/sbssa\/wp-content\/uploads\/sites\/30\/2022\/11\/Risque-biologique-Logo-150x150.jpg 150w, https:\/\/pedagogie.ac-lille.fr\/sbssa\/wp-content\/uploads\/sites\/30\/2022\/11\/Risque-biologique-Logo-300x300.jpg 300w, https:\/\/pedagogie.ac-lille.fr\/sbssa\/wp-content\/uploads\/sites\/30\/2022\/11\/Risque-biologique-Logo-510x510.jpg 510w, https:\/\/pedagogie.ac-lille.fr\/sbssa\/wp-content\/uploads\/sites\/30\/2022\/11\/Risque-biologique-Logo.jpg 600w\" sizes=\"auto, (max-width: 150px) 100vw, 150px\" \/><figcaption class=\"wp-element-caption\"><a rel=\"noreferrer noopener\" href=\"https:\/\/pedagogie.ac-lille.fr\/sbssa\/dossiers-transversaux\/enseigner-la-sante-la-securite-au-travail-e-s-s-t\/3rb-reseau-ressource-risque-biologique\/\" data-type=\"page\" data-id=\"6829\" target=\"_blank\">Risques Biologiques<\/a><\/figcaption><\/figure>\n<\/div><\/div>\n\n\n\n<div class=\"wp-block-column is-layout-flow wp-block-column-is-layout-flow\"><div class=\"wp-block-image is-style-rounded\">\n<figure class=\"alignleft size-thumbnail\"><a href=\"https:\/\/pedagogie.ac-lille.fr\/sbssa\/dossiers-transversaux\/enseigner-la-sante-la-securite-au-travail-e-s-s-t\/prevention-des-risques-professionnels\/\" target=\"_blank\" rel=\"noreferrer noopener\"><img loading=\"lazy\" decoding=\"async\" width=\"150\" height=\"150\" src=\"https:\/\/pedagogie.ac-lille.fr\/sbssa\/wp-content\/uploads\/sites\/30\/2022\/11\/sign-304093_1280-2-150x150.png\" alt=\"Pr\u00e9vention\" class=\"wp-image-6786\" srcset=\"https:\/\/pedagogie.ac-lille.fr\/sbssa\/wp-content\/uploads\/sites\/30\/2022\/11\/sign-304093_1280-2-150x150.png 150w, https:\/\/pedagogie.ac-lille.fr\/sbssa\/wp-content\/uploads\/sites\/30\/2022\/11\/sign-304093_1280-2-510x510.png 510w\" sizes=\"auto, (max-width: 150px) 100vw, 150px\" \/><\/a><figcaption class=\"wp-element-caption\"><a href=\"https:\/\/pedagogie.ac-lille.fr\/sbssa\/dossiers-transversaux\/enseigner-la-sante-la-securite-au-travail-e-s-s-t\/prevention-des-risques-professionnels\/\">Pr\u00e9vention des risques professionnels<\/a><\/figcaption><\/figure>\n<\/div><\/div>\n\n\n\n<div class=\"wp-block-column is-layout-flow wp-block-column-is-layout-flow\"><div class=\"wp-block-image is-style-rounded\">\n<figure class=\"alignleft size-thumbnail\"><a href=\"https:\/\/pedagogie.ac-lille.fr\/sbssa\/dossiers-transversaux\/enseigner-la-sante-la-securite-au-travail-e-s-s-t\/olympiades\/\"><img loading=\"lazy\" decoding=\"async\" width=\"150\" height=\"150\" src=\"https:\/\/pedagogie.ac-lille.fr\/sbssa\/wp-content\/uploads\/sites\/30\/2022\/11\/olympic-games-1608127_1280-150x150.png\" alt=\"Olympiades\" class=\"wp-image-6770\" srcset=\"https:\/\/pedagogie.ac-lille.fr\/sbssa\/wp-content\/uploads\/sites\/30\/2022\/11\/olympic-games-1608127_1280-150x150.png 150w, https:\/\/pedagogie.ac-lille.fr\/sbssa\/wp-content\/uploads\/sites\/30\/2022\/11\/olympic-games-1608127_1280-510x510.png 510w\" sizes=\"auto, (max-width: 150px) 100vw, 150px\" \/><\/a><figcaption class=\"wp-element-caption\"><a href=\"https:\/\/pedagogie.ac-lille.fr\/sbssa\/dossiers-transversaux\/enseigner-la-sante-la-securite-au-travail-e-s-s-t\/olympiades\/\">Olympiades<\/a><\/figcaption><\/figure>\n<\/div><\/div>\n<\/div>\n\n\n<h1>Autres sites r\u00e9f\u00e9renc\u00e9s :<\/h1>\n<p><a href=\"https:\/\/www.inrs.fr\/\" target=\"_blank\" rel=\"noopener\"><img loading=\"lazy\" decoding=\"async\" class=\"size-medium wp-image-6349 alignleft\" src=\"https:\/\/pedagogie.ac-lille.fr\/sbssa\/wp-content\/uploads\/sites\/30\/2022\/08\/INRS-logo-actualites-300x125.jpeg\" alt=\"\" width=\"300\" height=\"125\" srcset=\"https:\/\/pedagogie.ac-lille.fr\/sbssa\/wp-content\/uploads\/sites\/30\/2022\/08\/INRS-logo-actualites-300x125.jpeg 300w, https:\/\/pedagogie.ac-lille.fr\/sbssa\/wp-content\/uploads\/sites\/30\/2022\/08\/INRS-logo-actualites.jpeg 709w\" sizes=\"auto, (max-width: 300px) 100vw, 300px\" \/><\/a><\/p>\n<p><a href=\"https:\/\/www.inrs.fr\/\" target=\"_blank\" rel=\"noopener\">Organisme g\u00e9n\u00e9raliste en <strong>Sant\u00e9 et S\u00e9curit\u00e9 au Travail<\/strong><\/a> qui intervient en lien avec les autres acteurs institutionnels de la pr\u00e9vention des risques professionnels. Il propose des outils et des services aux entreprises et aux 18 millions de salari\u00e9s relevant du r\u00e9gime g\u00e9n\u00e9ral de la S\u00e9curit\u00e9 sociale.<\/p>\n<hr>\n<p><a href=\"https:\/\/assurance-maladie.ameli.fr\/etudes-et-donnees\/par-theme\/risques-professionnels-et-sinistralite\" target=\"_blank\" rel=\"noopener\"><img loading=\"lazy\" decoding=\"async\" class=\"size-medium wp-image-6755 alignleft\" src=\"https:\/\/pedagogie.ac-lille.fr\/sbssa\/wp-content\/uploads\/sites\/30\/2022\/11\/ASSURANCE_MALADIE_Logo_PANT-300x115.png\" alt=\"Assurance maladie - Logo\" width=\"300\" height=\"115\" srcset=\"https:\/\/pedagogie.ac-lille.fr\/sbssa\/wp-content\/uploads\/sites\/30\/2022\/11\/ASSURANCE_MALADIE_Logo_PANT-300x115.png 300w, https:\/\/pedagogie.ac-lille.fr\/sbssa\/wp-content\/uploads\/sites\/30\/2022\/11\/ASSURANCE_MALADIE_Logo_PANT-1024x392.png 1024w, https:\/\/pedagogie.ac-lille.fr\/sbssa\/wp-content\/uploads\/sites\/30\/2022\/11\/ASSURANCE_MALADIE_Logo_PANT-768x294.png 768w, https:\/\/pedagogie.ac-lille.fr\/sbssa\/wp-content\/uploads\/sites\/30\/2022\/11\/ASSURANCE_MALADIE_Logo_PANT-1536x588.png 1536w, https:\/\/pedagogie.ac-lille.fr\/sbssa\/wp-content\/uploads\/sites\/30\/2022\/11\/ASSURANCE_MALADIE_Logo_PANT.png 1840w\" sizes=\"auto, (max-width: 300px) 100vw, 300px\" \/><\/a><\/p>\n<p class=\"page-title\"><a href=\"https:\/\/assurance-maladie.ameli.fr\/etudes-et-donnees\/par-theme\/risques-professionnels-et-sinistralite\" target=\"_blank\" rel=\"noopener\">Page du site de l&rsquo;assurance maladie<\/a> d\u00e9di\u00e9e aux risques professionnels et \u00e0 leur sinistralit\u00e9<\/p>\n<p>&nbsp;<\/p>\n<hr>\n<p><a href=\"https:\/\/www.anact.fr\/\" target=\"_blank\" rel=\"noopener\"><img loading=\"lazy\" decoding=\"async\" class=\"size-full wp-image-6756 alignleft\" src=\"https:\/\/pedagogie.ac-lille.fr\/sbssa\/wp-content\/uploads\/sites\/30\/2022\/11\/LOGO_ANACT.png\" alt=\"ANACT - Logo\" width=\"252\" height=\"183\"><\/a><\/p>\n<p id=\"page-title\" class=\"page__title title\"><a href=\"https:\/\/www.anact.fr\/\" target=\"_blank\" rel=\"noopener\">L\u2019Anact<\/a> est un \u00e9tablissement public administratif cr\u00e9\u00e9 en 1973 et plac\u00e9 sous la tutelle du minist\u00e8re en charge du Travail.&nbsp;Ses missions et son fonctionnement sont pr\u00e9cis\u00e9s par le&nbsp;<a title=\"undefined (Ouverture dans un nouvel onglet)\" href=\"http:\/\/www.legifrance.gouv.fr\/affichTexte.do?cidTexte=JORFTEXT000030967525&amp;categorieLien=id\" target=\"_blank\" rel=\"noopener\">d\u00e9cret n\u00b02015-968 du 31 juillet 2015<\/a><a title=\"undefined (Ouverture dans un nouvel onglet)\" href=\"https:\/\/www.legifrance.gouv.fr\/affichTexte.do?cidTexte=JORFTEXT000030967525&amp;categorieLien=id\" target=\"_blank\" rel=\"noopener\">.<\/a><\/p>\n<p>&nbsp;<\/p>\n<hr>\n<p><a href=\"http:\/\/www.bossons-fute.fr\/index.php?option=com_content&amp;view=featured&amp;Itemid=129\" target=\"_blank\" rel=\"noopener\"><img loading=\"lazy\" decoding=\"async\" class=\"alignleft wp-image-6759 size-medium\" src=\"https:\/\/pedagogie.ac-lille.fr\/sbssa\/wp-content\/uploads\/sites\/30\/2022\/11\/Bossons-fute\u0301-Logo-300x81.png\" alt=\"Bosons fut\u00e9 - Logo\" width=\"300\" height=\"81\" srcset=\"https:\/\/pedagogie.ac-lille.fr\/sbssa\/wp-content\/uploads\/sites\/30\/2022\/11\/Bossons-fute\u0301-Logo-300x81.png 300w, https:\/\/pedagogie.ac-lille.fr\/sbssa\/wp-content\/uploads\/sites\/30\/2022\/11\/Bossons-fute\u0301-Logo.png 431w\" sizes=\"auto, (max-width: 300px) 100vw, 300px\" \/><\/a><\/p>\n<p><a href=\"http:\/\/www.bossons-fute.fr\/index.php?option=com_content&amp;view=featured&amp;Itemid=129\" target=\"_blank\" rel=\"noopener\">Site anim\u00e9 b\u00e9n\u00e9volement par des m\u00e9decins du travail et des pr\u00e9venteurs en sant\u00e9 au travail regroup\u00e9s en une association ind\u00e9pendante (AFTIM\/Bossons-Fut\u00e9)<\/a>. Son objectif principal est de mettre en commun&nbsp;des fiches de m\u00e9tiers et des fiches de risques professionnels.&nbsp;<\/p>\n\n\n<p><\/p>\n\n\n\n<p><\/p>\n\n\n\n<p><\/p>\n","protected":false},"excerpt":{"rendered":"<p>L&rsquo;Enseignement de la Sant\u00e9 et S\u00e9curit\u00e9 au Travail est une composante essentielle des dipl\u00f4mes professionnels. Il r\u00e9pond \u00e0 un enjeu de pr\u00e9vention des risques professionnels des \u00e9l\u00e8ves et apprentis, futurs [&hellip;]<\/p>\n","protected":false},"author":48,"featured_media":0,"parent":691,"menu_order":0,"comment_status":"closed","ping_status":"closed","template":"","meta":{"ngg_post_thumbnail":0,"footnotes":""},"class_list":["post-710","page","type-page","status-publish","czr-hentry"],"publishpress_future_action":{"enabled":false,"date":"2026-04-20 16:10:33","action":"change-status","newStatus":"draft","terms":[],"taxonomy":"","extraData":[]},"publishpress_future_workflow_manual_trigger":{"enabledWorkflows":[]},"_links":{"self":[{"href":"https:\/\/pedagogie.ac-lille.fr\/sbssa\/wp-json\/wp\/v2\/pages\/710","targetHints":{"allow":["GET"]}}],"collection":[{"href":"https:\/\/pedagogie.ac-lille.fr\/sbssa\/wp-json\/wp\/v2\/pages"}],"about":[{"href":"https:\/\/pedagogie.ac-lille.fr\/sbssa\/wp-json\/wp\/v2\/types\/page"}],"author":[{"embeddable":true,"href":"https:\/\/pedagogie.ac-lille.fr\/sbssa\/wp-json\/wp\/v2\/users\/48"}],"replies":[{"embeddable":true,"href":"https:\/\/pedagogie.ac-lille.fr\/sbssa\/wp-json\/wp\/v2\/comments?post=710"}],"version-history":[{"count":80,"href":"https:\/\/pedagogie.ac-lille.fr\/sbssa\/wp-json\/wp\/v2\/pages\/710\/revisions"}],"predecessor-version":[{"id":12236,"href":"https:\/\/pedagogie.ac-lille.fr\/sbssa\/wp-json\/wp\/v2\/pages\/710\/revisions\/12236"}],"up":[{"embeddable":true,"href":"https:\/\/pedagogie.ac-lille.fr\/sbssa\/wp-json\/wp\/v2\/pages\/691"}],"wp:attachment":[{"href":"https:\/\/pedagogie.ac-lille.fr\/sbssa\/wp-json\/wp\/v2\/media?parent=710"}],"curies":[{"name":"wp","href":"https:\/\/api.w.org\/{rel}","templated":true}]}}