{"id":7211,"date":"2022-12-05T11:41:31","date_gmt":"2022-12-05T10:41:31","guid":{"rendered":"https:\/\/pedagogie.ac-lille.fr\/sbssa\/?page_id=7211"},"modified":"2025-02-15T10:26:25","modified_gmt":"2025-02-15T09:26:25","slug":"filieres-sanitaire-et-sociale","status":"publish","type":"page","link":"https:\/\/pedagogie.ac-lille.fr\/sbssa\/filieres\/filieres-sanitaire-et-sociale\/","title":{"rendered":"SANITAIRE ET SOCIALE"},"content":{"rendered":"\n<div class=\"wp-block-columns is-layout-flex wp-container-core-columns-is-layout-28f84493 wp-block-columns-is-layout-flex\">\n<div class=\"wp-block-column is-layout-flow wp-block-column-is-layout-flow\">\n<figure class=\"wp-block-image size-thumbnail is-style-rounded\"><a href=\"https:\/\/pedagogie.ac-lille.fr\/sbssa\/filieres\/filieres-sanitaire-et-sociale\/c-a-p-a-a-g-a-agent-accompagnant-au-grand-age\/\"><img loading=\"lazy\" decoding=\"async\" width=\"150\" height=\"150\" src=\"https:\/\/pedagogie.ac-lille.fr\/sbssa\/wp-content\/uploads\/sites\/30\/2023\/03\/seniors-ga773b2f4e_1920-150x150.jpg\" alt=\"\" class=\"wp-image-9813\" srcset=\"https:\/\/pedagogie.ac-lille.fr\/sbssa\/wp-content\/uploads\/sites\/30\/2023\/03\/seniors-ga773b2f4e_1920-150x150.jpg 150w, https:\/\/pedagogie.ac-lille.fr\/sbssa\/wp-content\/uploads\/sites\/30\/2023\/03\/seniors-ga773b2f4e_1920-510x510.jpg 510w\" sizes=\"auto, (max-width: 150px) 100vw, 150px\" \/><\/a><figcaption class=\"wp-element-caption\"><a href=\"https:\/\/pedagogie.ac-lille.fr\/sbssa\/filieres\/filieres-sanitaire-et-sociale\/c-a-p-a-a-g-a-agent-accompagnant-au-grand-age\/\"><strong>CAP AAGA<\/strong><\/a><br>Certificat d&rsquo;Aptitude Professionnelle<br><strong>Agent Accompagnant au Grand \u00c2ge<\/strong><\/figcaption><\/figure>\n<\/div>\n\n\n\n<div class=\"wp-block-column is-layout-flow wp-block-column-is-layout-flow\">\n<figure class=\"wp-block-image size-thumbnail is-style-rounded\"><a href=\"https:\/\/pedagogie.ac-lille.fr\/sbssa\/filieres\/filieres-sanitaire-et-sociale\/certificat-daptitude-professionnel-accompagnant-educatif-petite-enfance-cap-aepe\/\"><img loading=\"lazy\" decoding=\"async\" width=\"150\" height=\"150\" src=\"https:\/\/pedagogie.ac-lille.fr\/sbssa\/wp-content\/uploads\/sites\/30\/2022\/04\/child-g6ffb91271_1920-150x150.jpg\" alt=\"CAP AEPE\" class=\"wp-image-2906\" srcset=\"https:\/\/pedagogie.ac-lille.fr\/sbssa\/wp-content\/uploads\/sites\/30\/2022\/04\/child-g6ffb91271_1920-150x150.jpg 150w, https:\/\/pedagogie.ac-lille.fr\/sbssa\/wp-content\/uploads\/sites\/30\/2022\/04\/child-g6ffb91271_1920-510x510.jpg 510w\" sizes=\"auto, (max-width: 150px) 100vw, 150px\" \/><\/a><figcaption class=\"wp-element-caption\"><a href=\"https:\/\/pedagogie.ac-lille.fr\/sbssa\/filieres\/filieres-sanitaire-et-sociale\/certificat-daptitude-professionnel-accompagnant-educatif-petite-enfance-cap-aepe\/\"><strong>CAP AEPE<\/strong><\/a><br>Certificat d&rsquo;Aptitude Professionnelle<br><strong>Accompagnant \u00c9ducatif Petite Enfance<\/strong><\/figcaption><\/figure>\n<\/div>\n\n\n\n<div class=\"wp-block-column is-layout-flow wp-block-column-is-layout-flow\">\n<figure class=\"wp-block-image size-thumbnail is-style-rounded\"><a href=\"https:\/\/pedagogie.ac-lille.fr\/sbssa\/filieres\/filieres-sanitaire-et-sociale\/mention-complementaire-aide-a-domicile-mcad\/\"><img loading=\"lazy\" decoding=\"async\" width=\"150\" height=\"150\" src=\"https:\/\/pedagogie.ac-lille.fr\/sbssa\/wp-content\/uploads\/sites\/30\/2022\/05\/pexels-kampus-production-7551592-150x150.jpg\" alt=\"CSAD\" class=\"wp-image-2965\" style=\"aspect-ratio:1;object-fit:cover\" \/><\/a><figcaption class=\"wp-element-caption\"><a href=\"https:\/\/pedagogie.ac-lille.fr\/sbssa\/filieres\/filieres-sanitaire-et-sociale\/mention-complementaire-aide-a-domicile-mcad\/\"><strong>CS AD<\/strong><\/a><br>Certificat de Sp\u00e9cialisation<br><strong>Aide \u00e0 Domicile<\/strong><\/figcaption><\/figure>\n<\/div>\n\n\n\n<div class=\"wp-block-column is-layout-flow wp-block-column-is-layout-flow\">\n<figure class=\"wp-block-image size-thumbnail is-style-rounded\"><a href=\"https:\/\/pedagogie.ac-lille.fr\/sbssa\/filieres\/filieres-sanitaire-et-sociale\/baccalaureat-professionnel-animation-enfance-et-personnes-agees-bcp-aepa\/\"><img decoding=\"async\" src=\"https:\/\/pedagogie.ac-lille.fr\/sbssa\/wp-content\/uploads\/sites\/30\/2022\/05\/face-gd6e2a7674_1920-150x150.jpg\" alt=\"BCP AEPA\" class=\"wp-image-3209\" \/><\/a><figcaption class=\"wp-element-caption\"><a href=\"https:\/\/pedagogie.ac-lille.fr\/sbssa\/filieres\/filieres-sanitaire-et-sociale\/baccalaureat-professionnel-animation-enfance-et-personnes-agees-bcp-aepa\/\"><strong>BCP AEPA<\/strong><\/a><br>Baccalaur\u00e9at Professionnel<br><strong>Animation Enfance et Personnes \u00c2g\u00e9es<\/strong><\/figcaption><\/figure>\n<\/div>\n<\/div>\n\n\n\n<div class=\"wp-block-columns is-layout-flex wp-container-core-columns-is-layout-28f84493 wp-block-columns-is-layout-flex\">\n<div class=\"wp-block-column is-layout-flow wp-block-column-is-layout-flow\">\n<figure class=\"wp-block-image size-thumbnail is-style-rounded\"><a href=\"https:\/\/pedagogie.ac-lille.fr\/sbssa\/baccalaureat-professionnel-accompagnement-soins-et-services-a-la-personne-bcp-assp\/\"><img loading=\"lazy\" decoding=\"async\" width=\"150\" height=\"150\" src=\"https:\/\/pedagogie.ac-lille.fr\/sbssa\/wp-content\/uploads\/sites\/30\/2022\/05\/family-gf5ad4100d_1920-150x150.png\" alt=\"BCP ASSP\" class=\"wp-image-2919\" style=\"aspect-ratio:1;object-fit:cover\" srcset=\"https:\/\/pedagogie.ac-lille.fr\/sbssa\/wp-content\/uploads\/sites\/30\/2022\/05\/family-gf5ad4100d_1920-150x150.png 150w, https:\/\/pedagogie.ac-lille.fr\/sbssa\/wp-content\/uploads\/sites\/30\/2022\/05\/family-gf5ad4100d_1920-510x510.png 510w\" sizes=\"auto, (max-width: 150px) 100vw, 150px\" \/><\/a><figcaption class=\"wp-element-caption\"><a href=\"https:\/\/pedagogie.ac-lille.fr\/sbssa\/baccalaureat-professionnel-accompagnement-soins-et-services-a-la-personne-bcp-assp\/\"><strong>BCP ASSP<\/strong><br><\/a>Baccalaur\u00e9at Professionnel<br><strong>Accompagnement Soins et Services \u00e0 la Personne<\/strong><\/figcaption><\/figure>\n<\/div>\n\n\n\n<div class=\"wp-block-column is-layout-flow wp-block-column-is-layout-flow\">\n<figure class=\"wp-block-image size-thumbnail is-style-rounded\"><a href=\"https:\/\/pedagogie.ac-lille.fr\/sbssa\/filieres\/filieres-sanitaire-et-sociale\/mention-complementaire-aide-a-domicile-mcad-2\/\"><img loading=\"lazy\" decoding=\"async\" width=\"150\" height=\"150\" src=\"https:\/\/pedagogie.ac-lille.fr\/sbssa\/wp-content\/uploads\/sites\/30\/2023\/01\/baby-ge271d6890_1920-150x150.jpg\" alt=\"Pu\u00e9riculture\" class=\"wp-image-8828\" srcset=\"https:\/\/pedagogie.ac-lille.fr\/sbssa\/wp-content\/uploads\/sites\/30\/2023\/01\/baby-ge271d6890_1920-150x150.jpg 150w, https:\/\/pedagogie.ac-lille.fr\/sbssa\/wp-content\/uploads\/sites\/30\/2023\/01\/baby-ge271d6890_1920-510x510.jpg 510w\" sizes=\"auto, (max-width: 150px) 100vw, 150px\" \/><\/a><figcaption class=\"wp-element-caption\"><strong><a href=\"https:\/\/pedagogie.ac-lille.fr\/sbssa\/filieres\/filieres-sanitaire-et-sociale\/mention-complementaire-aide-a-domicile-mcad-2\/\">DE AP<\/a><\/strong><br>Dipl\u00f4me d&rsquo;\u00c9tat<br><strong>Auxiliaire de Pu\u00e9riculture<\/strong><\/figcaption><\/figure>\n<\/div>\n\n\n\n<div class=\"wp-block-column is-layout-flow wp-block-column-is-layout-flow\">\n<figure class=\"wp-block-image size-thumbnail is-style-rounded\"><a href=\"https:\/\/pedagogie.ac-lille.fr\/sbssa\/filieres\/filieres-sanitaire-et-sociale\/mention-complementaire-aide-a-domicile-mcad-2-2\/\"><img loading=\"lazy\" decoding=\"async\" width=\"150\" height=\"150\" src=\"https:\/\/pedagogie.ac-lille.fr\/sbssa\/wp-content\/uploads\/sites\/30\/2022\/05\/pexels-rodnae-productions-6129242-150x150.jpg\" alt=\"DEAS\" class=\"wp-image-2966\" \/><\/a><figcaption class=\"wp-element-caption\"><strong><a href=\"https:\/\/pedagogie.ac-lille.fr\/sbssa\/filieres\/filieres-sanitaire-et-sociale\/mention-complementaire-aide-a-domicile-mcad-2-2\/\">DE AS<\/a><\/strong><br>Dipl\u00f4me d&rsquo;\u00c9tat<br><strong>Aide Soignant<\/strong><\/figcaption><\/figure>\n<\/div>\n\n\n\n<div class=\"wp-block-column is-layout-flow wp-block-column-is-layout-flow\">\n<figure class=\"wp-block-image size-thumbnail is-style-rounded\"><a href=\"https:\/\/pedagogie.ac-lille.fr\/sbssa\/filieres\/filieres-sanitaire-et-sociale\/mention-complementaire-aide-a-domicile-mcad-2-2-2-2\/\" target=\"_blank\" rel=\"noreferrer noopener\"><img loading=\"lazy\" decoding=\"async\" width=\"150\" height=\"150\" src=\"https:\/\/pedagogie.ac-lille.fr\/sbssa\/wp-content\/uploads\/sites\/30\/2022\/06\/AESH-20210824-150x150.jpeg\" alt=\"\" class=\"wp-image-6217\" srcset=\"https:\/\/pedagogie.ac-lille.fr\/sbssa\/wp-content\/uploads\/sites\/30\/2022\/06\/AESH-20210824-150x150.jpeg 150w, https:\/\/pedagogie.ac-lille.fr\/sbssa\/wp-content\/uploads\/sites\/30\/2022\/06\/AESH-20210824-510x510.jpeg 510w\" sizes=\"auto, (max-width: 150px) 100vw, 150px\" \/><\/a><figcaption class=\"wp-element-caption\"><strong><a rel=\"noreferrer noopener\" href=\"https:\/\/pedagogie.ac-lille.fr\/sbssa\/filieres\/filieres-sanitaire-et-sociale\/mention-complementaire-aide-a-domicile-mcad-2-2-2-2\/\" target=\"_blank\">DE <\/a><a href=\"https:\/\/pedagogie.ac-lille.fr\/sbssa\/filieres\/filieres-sanitaire-et-sociale\/mention-complementaire-aide-a-domicile-mcad-2-2-2-2\/\">ME<\/a><\/strong><br>Dipl\u00f4me d&rsquo;\u00c9tat<br><strong>Moniteur \u00c9ducateur<\/strong><\/figcaption><\/figure>\n<\/div>\n<\/div>\n\n\n\n<div class=\"wp-block-columns is-layout-flex wp-container-core-columns-is-layout-28f84493 wp-block-columns-is-layout-flex\">\n<div class=\"wp-block-column is-layout-flow wp-block-column-is-layout-flow\"><\/div>\n\n\n\n<div class=\"wp-block-column is-layout-flow wp-block-column-is-layout-flow\"><\/div>\n\n\n\n<div class=\"wp-block-column is-layout-flow wp-block-column-is-layout-flow\"><\/div>\n\n\n\n<div class=\"wp-block-column is-layout-flow wp-block-column-is-layout-flow\"><\/div>\n<\/div>\n\n\n\n<p><\/p>\n","protected":false},"excerpt":{"rendered":"","protected":false},"author":48,"featured_media":0,"parent":183,"menu_order":0,"comment_status":"closed","ping_status":"closed","template":"","meta":{"ngg_post_thumbnail":0,"footnotes":""},"class_list":["post-7211","page","type-page","status-publish","czr-hentry"],"publishpress_future_action":{"enabled":false,"date":"2026-04-20 07:14:40","action":"change-status","newStatus":"draft","terms":[],"taxonomy":"","extraData":[]},"publishpress_future_workflow_manual_trigger":{"enabledWorkflows":[]},"_links":{"self":[{"href":"https:\/\/pedagogie.ac-lille.fr\/sbssa\/wp-json\/wp\/v2\/pages\/7211","targetHints":{"allow":["GET"]}}],"collection":[{"href":"https:\/\/pedagogie.ac-lille.fr\/sbssa\/wp-json\/wp\/v2\/pages"}],"about":[{"href":"https:\/\/pedagogie.ac-lille.fr\/sbssa\/wp-json\/wp\/v2\/types\/page"}],"author":[{"embeddable":true,"href":"https:\/\/pedagogie.ac-lille.fr\/sbssa\/wp-json\/wp\/v2\/users\/48"}],"replies":[{"embeddable":true,"href":"https:\/\/pedagogie.ac-lille.fr\/sbssa\/wp-json\/wp\/v2\/comments?post=7211"}],"version-history":[{"count":91,"href":"https:\/\/pedagogie.ac-lille.fr\/sbssa\/wp-json\/wp\/v2\/pages\/7211\/revisions"}],"predecessor-version":[{"id":13352,"href":"https:\/\/pedagogie.ac-lille.fr\/sbssa\/wp-json\/wp\/v2\/pages\/7211\/revisions\/13352"}],"up":[{"embeddable":true,"href":"https:\/\/pedagogie.ac-lille.fr\/sbssa\/wp-json\/wp\/v2\/pages\/183"}],"wp:attachment":[{"href":"https:\/\/pedagogie.ac-lille.fr\/sbssa\/wp-json\/wp\/v2\/media?parent=7211"}],"curies":[{"name":"wp","href":"https:\/\/api.w.org\/{rel}","templated":true}]}}