{"id":728,"date":"2021-03-21T08:38:59","date_gmt":"2021-03-21T07:38:59","guid":{"rendered":"https:\/\/pedagogie.ac-lille.fr\/sbssa\/?page_id=728"},"modified":"2024-09-02T12:22:57","modified_gmt":"2024-09-02T10:22:57","slug":"formation","status":"publish","type":"page","link":"https:\/\/pedagogie.ac-lille.fr\/sbssa\/formation\/","title":{"rendered":"FORMATION"},"content":{"rendered":"\n<div class=\"wp-block-columns is-layout-flex wp-container-core-columns-is-layout-28f84493 wp-block-columns-is-layout-flex\">\n<div class=\"wp-block-column is-layout-flow wp-block-column-is-layout-flow\"><div class=\"wp-block-image is-style-default\">\n<figure class=\"aligncenter size-medium is-resized\"><a href=\"https:\/\/pedagogie.ac-lille.fr\/sbssa\/formation\/formation-initiale-2\/\" target=\"_blank\" rel=\"noreferrer noopener\"><img loading=\"lazy\" decoding=\"async\" width=\"300\" height=\"156\" src=\"https:\/\/pedagogie.ac-lille.fr\/sbssa\/wp-content\/uploads\/sites\/30\/2022\/05\/graduation-g18f43eb95_1280-300x156.png\" alt=\"\" class=\"wp-image-3680\" style=\"width:300px\" srcset=\"https:\/\/pedagogie.ac-lille.fr\/sbssa\/wp-content\/uploads\/sites\/30\/2022\/05\/graduation-g18f43eb95_1280-300x156.png 300w, https:\/\/pedagogie.ac-lille.fr\/sbssa\/wp-content\/uploads\/sites\/30\/2022\/05\/graduation-g18f43eb95_1280-1024x531.png 1024w, https:\/\/pedagogie.ac-lille.fr\/sbssa\/wp-content\/uploads\/sites\/30\/2022\/05\/graduation-g18f43eb95_1280-768x398.png 768w, https:\/\/pedagogie.ac-lille.fr\/sbssa\/wp-content\/uploads\/sites\/30\/2022\/05\/graduation-g18f43eb95_1280.png 1280w\" sizes=\"auto, (max-width: 300px) 100vw, 300px\" \/><\/a><figcaption class=\"wp-element-caption\"><a href=\"https:\/\/pedagogie.ac-lille.fr\/sbssa\/formation\/formation-initiale-2\/\" target=\"_blank\" rel=\"noreferrer noopener\">Formation initiale<\/a><\/figcaption><\/figure>\n<\/div><\/div>\n\n\n\n<div class=\"wp-block-column is-layout-flow wp-block-column-is-layout-flow\"><div class=\"wp-block-image is-style-default\">\n<figure class=\"aligncenter size-medium is-resized\"><a href=\"https:\/\/pedagogie.ac-lille.fr\/sbssa\/formation\/formation-continue\/?preview=true&amp;_thumbnail_id=732\"><img loading=\"lazy\" decoding=\"async\" width=\"300\" height=\"200\" src=\"https:\/\/pedagogie.ac-lille.fr\/sbssa\/wp-content\/uploads\/sites\/30\/2021\/03\/problem-3303396_1920-300x200.png\" alt=\"Inspection\" class=\"wp-image-732\" style=\"width:225px;height:150px\" srcset=\"https:\/\/pedagogie.ac-lille.fr\/sbssa\/wp-content\/uploads\/sites\/30\/2021\/03\/problem-3303396_1920-300x200.png 300w, https:\/\/pedagogie.ac-lille.fr\/sbssa\/wp-content\/uploads\/sites\/30\/2021\/03\/problem-3303396_1920-1024x683.png 1024w, https:\/\/pedagogie.ac-lille.fr\/sbssa\/wp-content\/uploads\/sites\/30\/2021\/03\/problem-3303396_1920-768x512.png 768w, https:\/\/pedagogie.ac-lille.fr\/sbssa\/wp-content\/uploads\/sites\/30\/2021\/03\/problem-3303396_1920-1536x1024.png 1536w, https:\/\/pedagogie.ac-lille.fr\/sbssa\/wp-content\/uploads\/sites\/30\/2021\/03\/problem-3303396_1920.png 1920w\" sizes=\"auto, (max-width: 300px) 100vw, 300px\" \/><\/a><figcaption class=\"wp-element-caption\"><a href=\"https:\/\/pedagogie.ac-lille.fr\/sbssa\/formation\/formation-continue\/?preview=true&amp;_thumbnail_id=732\">Formation continue<\/a><\/figcaption><\/figure>\n<\/div><\/div>\n<\/div>\n\n\n\n<h2 class=\"wp-block-heading\"><mark style=\"background-color:#0693e3\" class=\"has-inline-color has-white-color\">DERNIERS ARTICLES PUBLI\u00c9S<\/mark><\/h2>\n\n\n<ul class=\"wp-block-latest-posts__list has-dates wp-block-latest-posts\"><li><div class=\"wp-block-latest-posts__featured-image alignleft\"><a href=\"https:\/\/pedagogie.ac-lille.fr\/sbssa\/inscription-au-cappei-par-la-voie-de-la-vaep-session-2025\/\" aria-label=\"Inscription au CAPPEI par la voie de la VAEP &#8211; Session 2026\"><img loading=\"lazy\" decoding=\"async\" width=\"300\" height=\"157\" src=\"https:\/\/pedagogie.ac-lille.fr\/sbssa\/wp-content\/uploads\/sites\/30\/2025\/10\/CAPPEI-300x157.png\" class=\"attachment-medium size-medium no-lazy wp-post-image\" alt=\"\" style=\"max-width:150px;max-height:150px;\" srcset=\"https:\/\/pedagogie.ac-lille.fr\/sbssa\/wp-content\/uploads\/sites\/30\/2025\/10\/CAPPEI-300x157.png 300w, https:\/\/pedagogie.ac-lille.fr\/sbssa\/wp-content\/uploads\/sites\/30\/2025\/10\/CAPPEI.png 755w\" sizes=\"auto, (max-width: 300px) 100vw, 300px\" \/><\/a><\/div><a class=\"wp-block-latest-posts__post-title\" href=\"https:\/\/pedagogie.ac-lille.fr\/sbssa\/inscription-au-cappei-par-la-voie-de-la-vaep-session-2025\/\">Inscription au CAPPEI par la voie de la VAEP &#8211; Session 2026<\/a><time datetime=\"2025-10-05T19:54:46+02:00\" class=\"wp-block-latest-posts__post-date\">5 octobre 2025<\/time><\/li>\n<li><div class=\"wp-block-latest-posts__featured-image alignleft\"><a href=\"https:\/\/pedagogie.ac-lille.fr\/sbssa\/lancement-du-paf-2025-2026\/\" aria-label=\"Lancement du PAF 2025-2026\"><img loading=\"lazy\" decoding=\"async\" width=\"257\" height=\"300\" src=\"https:\/\/pedagogie.ac-lille.fr\/sbssa\/wp-content\/uploads\/sites\/30\/2021\/03\/PAF-1-e1616352317180-257x300.jpg\" class=\"attachment-medium size-medium no-lazy wp-post-image\" alt=\"Plan Acad\u00e9mique de Formation\" style=\"max-width:150px;max-height:150px;\" \/><\/a><\/div><a class=\"wp-block-latest-posts__post-title\" href=\"https:\/\/pedagogie.ac-lille.fr\/sbssa\/lancement-du-paf-2025-2026\/\">Lancement du PAF 2025-2026<\/a><time datetime=\"2025-09-24T16:52:03+02:00\" class=\"wp-block-latest-posts__post-date\">24 septembre 2025<\/time><\/li>\n<li><div class=\"wp-block-latest-posts__featured-image alignleft\"><a href=\"https:\/\/pedagogie.ac-lille.fr\/sbssa\/session-du-caffa-2025-certificat-daptitude-aux-fonctions-de-formateur-academique\/\" aria-label=\"Session du CAFFA 2026 (Certificat d&rsquo;aptitude aux fonctions de formateur acad\u00e9mique)\"><img loading=\"lazy\" decoding=\"async\" width=\"200\" height=\"300\" src=\"https:\/\/pedagogie.ac-lille.fr\/sbssa\/wp-content\/uploads\/sites\/30\/2024\/10\/CAFFA.jpg\" class=\"attachment-medium size-medium no-lazy wp-post-image\" alt=\"\" style=\"max-width:150px;max-height:150px;\" \/><\/a><\/div><a class=\"wp-block-latest-posts__post-title\" href=\"https:\/\/pedagogie.ac-lille.fr\/sbssa\/session-du-caffa-2025-certificat-daptitude-aux-fonctions-de-formateur-academique\/\">Session du CAFFA 2026 (Certificat d&rsquo;aptitude aux fonctions de formateur acad\u00e9mique)<\/a><time datetime=\"2025-09-05T21:26:00+02:00\" class=\"wp-block-latest-posts__post-date\">5 septembre 2025<\/time><\/li>\n<li><div class=\"wp-block-latest-posts__featured-image alignleft\"><a href=\"https:\/\/pedagogie.ac-lille.fr\/sbssa\/guide-daccompagnement-du-contractuel-alternant-du-second-degre-2024\/\" aria-label=\"Guide d&rsquo;accompagnement des contractuels alternants du second degr\u00e9 2025-2026\"><img loading=\"lazy\" decoding=\"async\" width=\"214\" height=\"300\" src=\"https:\/\/pedagogie.ac-lille.fr\/sbssa\/wp-content\/uploads\/sites\/30\/2024\/08\/Guide-accompagnement-M2-contractuels-alternants-second-degre-2025-214x300.png\" class=\"attachment-medium size-medium no-lazy wp-post-image\" alt=\"\" style=\"max-width:150px;max-height:150px;\" srcset=\"https:\/\/pedagogie.ac-lille.fr\/sbssa\/wp-content\/uploads\/sites\/30\/2024\/08\/Guide-accompagnement-M2-contractuels-alternants-second-degre-2025-214x300.png 214w, https:\/\/pedagogie.ac-lille.fr\/sbssa\/wp-content\/uploads\/sites\/30\/2024\/08\/Guide-accompagnement-M2-contractuels-alternants-second-degre-2025.png 441w\" sizes=\"auto, (max-width: 214px) 100vw, 214px\" \/><\/a><\/div><a class=\"wp-block-latest-posts__post-title\" href=\"https:\/\/pedagogie.ac-lille.fr\/sbssa\/guide-daccompagnement-du-contractuel-alternant-du-second-degre-2024\/\">Guide d&rsquo;accompagnement des contractuels alternants du second degr\u00e9 2025-2026<\/a><time datetime=\"2025-08-21T14:56:33+02:00\" class=\"wp-block-latest-posts__post-date\">21 ao\u00fbt 2025<\/time><\/li>\n<li><div class=\"wp-block-latest-posts__featured-image alignleft\"><a href=\"https:\/\/pedagogie.ac-lille.fr\/sbssa\/guide-des-fonctionnaires-stagiaires-du-second-degre-2024\/\" aria-label=\"Guide des fonctionnaires stagiaires du second degr\u00e9 2025-2026\"><img loading=\"lazy\" decoding=\"async\" width=\"218\" height=\"300\" src=\"https:\/\/pedagogie.ac-lille.fr\/sbssa\/wp-content\/uploads\/sites\/30\/2024\/08\/Guide-fonctionaire-stagiaire-2025-218x300.png\" class=\"attachment-medium size-medium no-lazy wp-post-image\" alt=\"\" style=\"max-width:150px;max-height:150px;\" srcset=\"https:\/\/pedagogie.ac-lille.fr\/sbssa\/wp-content\/uploads\/sites\/30\/2024\/08\/Guide-fonctionaire-stagiaire-2025-218x300.png 218w, https:\/\/pedagogie.ac-lille.fr\/sbssa\/wp-content\/uploads\/sites\/30\/2024\/08\/Guide-fonctionaire-stagiaire-2025.png 449w\" sizes=\"auto, (max-width: 218px) 100vw, 218px\" \/><\/a><\/div><a class=\"wp-block-latest-posts__post-title\" href=\"https:\/\/pedagogie.ac-lille.fr\/sbssa\/guide-des-fonctionnaires-stagiaires-du-second-degre-2024\/\">Guide des fonctionnaires stagiaires du second degr\u00e9 2025-2026<\/a><time datetime=\"2025-08-21T14:49:49+02:00\" class=\"wp-block-latest-posts__post-date\">21 ao\u00fbt 2025<\/time><\/li>\n<li><div class=\"wp-block-latest-posts__featured-image alignleft\"><a href=\"https:\/\/pedagogie.ac-lille.fr\/sbssa\/guide-de-laccompagnement-des-professeurs-fonctionnaires-stagiaires-a-lattention-des-tuteurs-et-tutrices-des-chefs-et-cheffes-detablissement-et-des-inspecteurs-et-inspectric\/\" aria-label=\"Guide de l\u2019accompagnement des professeurs fonctionnaires stagiaires \u00e0 l\u2019attention des tuteurs et tutrices, des chefs et cheffes d\u2019\u00e9tablissement et des inspecteurs et inspectrices &#8211; Ann\u00e9e 2025-2026\"><img loading=\"lazy\" decoding=\"async\" width=\"212\" height=\"300\" src=\"https:\/\/pedagogie.ac-lille.fr\/sbssa\/wp-content\/uploads\/sites\/30\/2024\/08\/Guide-accompagnement-stagiaires-2025-212x300.png\" class=\"attachment-medium size-medium no-lazy wp-post-image\" alt=\"\" style=\"max-width:150px;max-height:150px;\" srcset=\"https:\/\/pedagogie.ac-lille.fr\/sbssa\/wp-content\/uploads\/sites\/30\/2024\/08\/Guide-accompagnement-stagiaires-2025-212x300.png 212w, https:\/\/pedagogie.ac-lille.fr\/sbssa\/wp-content\/uploads\/sites\/30\/2024\/08\/Guide-accompagnement-stagiaires-2025.png 455w\" sizes=\"auto, (max-width: 212px) 100vw, 212px\" \/><\/a><\/div><a class=\"wp-block-latest-posts__post-title\" href=\"https:\/\/pedagogie.ac-lille.fr\/sbssa\/guide-de-laccompagnement-des-professeurs-fonctionnaires-stagiaires-a-lattention-des-tuteurs-et-tutrices-des-chefs-et-cheffes-detablissement-et-des-inspecteurs-et-inspectric\/\">Guide de l\u2019accompagnement des professeurs fonctionnaires stagiaires \u00e0 l\u2019attention des tuteurs et tutrices, des chefs et cheffes d\u2019\u00e9tablissement et des inspecteurs et inspectrices &#8211; Ann\u00e9e 2025-2026<\/a><time datetime=\"2025-08-21T14:35:00+02:00\" class=\"wp-block-latest-posts__post-date\">21 ao\u00fbt 2025<\/time><\/li>\n<li><div class=\"wp-block-latest-posts__featured-image alignleft\"><a href=\"https:\/\/pedagogie.ac-lille.fr\/sbssa\/4eme-edition-du-diplome-duniversite-du-concevoir-un-projet-dinformation-communication-education-a-lalimentation\/\" aria-label=\"4\u00e9me \u00e9dition\u00a0du Dipl\u00f4me d&rsquo;Universit\u00e9 (DU) Concevoir un projet d&rsquo;information, communication, \u00e9ducation \u00e0 l&rsquo;alimentation\"><img loading=\"lazy\" decoding=\"async\" width=\"300\" height=\"127\" src=\"https:\/\/pedagogie.ac-lille.fr\/sbssa\/wp-content\/uploads\/sites\/30\/2024\/10\/Sans-titre-300x127.png\" class=\"attachment-medium size-medium no-lazy wp-post-image\" alt=\"\" style=\"max-width:150px;max-height:150px;\" srcset=\"https:\/\/pedagogie.ac-lille.fr\/sbssa\/wp-content\/uploads\/sites\/30\/2024\/10\/Sans-titre-300x127.png 300w, https:\/\/pedagogie.ac-lille.fr\/sbssa\/wp-content\/uploads\/sites\/30\/2024\/10\/Sans-titre.png 345w\" sizes=\"auto, (max-width: 300px) 100vw, 300px\" \/><\/a><\/div><a class=\"wp-block-latest-posts__post-title\" href=\"https:\/\/pedagogie.ac-lille.fr\/sbssa\/4eme-edition-du-diplome-duniversite-du-concevoir-un-projet-dinformation-communication-education-a-lalimentation\/\">4\u00e9me \u00e9dition\u00a0du Dipl\u00f4me d&rsquo;Universit\u00e9 (DU) Concevoir un projet d&rsquo;information, communication, \u00e9ducation \u00e0 l&rsquo;alimentation<\/a><time datetime=\"2024-10-02T14:29:40+02:00\" class=\"wp-block-latest-posts__post-date\">2 octobre 2024<\/time><\/li>\n<li><div class=\"wp-block-latest-posts__featured-image alignleft\"><a href=\"https:\/\/pedagogie.ac-lille.fr\/sbssa\/memento-administratif-2024-de-lenseignant-contractuel-2\/\" aria-label=\"Memento administratif  de l&rsquo;enseignant contractuel 2024-2025\"><img loading=\"lazy\" decoding=\"async\" width=\"211\" height=\"300\" src=\"https:\/\/pedagogie.ac-lille.fr\/sbssa\/wp-content\/uploads\/sites\/30\/2024\/09\/Memento-CTEN-211x300.png\" class=\"attachment-medium size-medium no-lazy wp-post-image\" alt=\"\" style=\"max-width:150px;max-height:150px;\" srcset=\"https:\/\/pedagogie.ac-lille.fr\/sbssa\/wp-content\/uploads\/sites\/30\/2024\/09\/Memento-CTEN-211x300.png 211w, https:\/\/pedagogie.ac-lille.fr\/sbssa\/wp-content\/uploads\/sites\/30\/2024\/09\/Memento-CTEN.png 459w\" sizes=\"auto, (max-width: 211px) 100vw, 211px\" \/><\/a><\/div><a class=\"wp-block-latest-posts__post-title\" href=\"https:\/\/pedagogie.ac-lille.fr\/sbssa\/memento-administratif-2024-de-lenseignant-contractuel-2\/\">Memento administratif  de l&rsquo;enseignant contractuel 2024-2025<\/a><time datetime=\"2024-08-23T13:37:00+02:00\" class=\"wp-block-latest-posts__post-date\">23 ao\u00fbt 2024<\/time><\/li>\n<li><div class=\"wp-block-latest-posts__featured-image alignleft\"><a href=\"https:\/\/pedagogie.ac-lille.fr\/sbssa\/le-paf-2023-2024-nouvelle-formule-est-en-ligne\/\" aria-label=\"Le PAF 2023 &#8211; 2024 nouvelle formule est en ligne\"><img loading=\"lazy\" decoding=\"async\" width=\"300\" height=\"300\" src=\"https:\/\/pedagogie.ac-lille.fr\/sbssa\/wp-content\/uploads\/sites\/30\/2023\/04\/EAFC-edited-300x300.jpg\" class=\"attachment-medium size-medium no-lazy wp-post-image\" alt=\"\" style=\"max-width:150px;max-height:150px;\" srcset=\"https:\/\/pedagogie.ac-lille.fr\/sbssa\/wp-content\/uploads\/sites\/30\/2023\/04\/EAFC-edited-300x300.jpg 300w, https:\/\/pedagogie.ac-lille.fr\/sbssa\/wp-content\/uploads\/sites\/30\/2023\/04\/EAFC-edited-150x150.jpg 150w, https:\/\/pedagogie.ac-lille.fr\/sbssa\/wp-content\/uploads\/sites\/30\/2023\/04\/EAFC-edited-510x510.jpg 510w, https:\/\/pedagogie.ac-lille.fr\/sbssa\/wp-content\/uploads\/sites\/30\/2023\/04\/EAFC-edited.jpg 730w\" sizes=\"auto, (max-width: 300px) 100vw, 300px\" \/><\/a><\/div><a class=\"wp-block-latest-posts__post-title\" href=\"https:\/\/pedagogie.ac-lille.fr\/sbssa\/le-paf-2023-2024-nouvelle-formule-est-en-ligne\/\">Le PAF 2023 &#8211; 2024 nouvelle formule est en ligne<\/a><time datetime=\"2023-09-11T18:57:14+02:00\" class=\"wp-block-latest-posts__post-date\">11 septembre 2023<\/time><\/li>\n<li><div class=\"wp-block-latest-posts__featured-image alignleft\"><a href=\"https:\/\/pedagogie.ac-lille.fr\/sbssa\/un-nouveau-paf-programme-academique-de-formation-en-2023-2024\/\" aria-label=\"Un nouveau PAF (Programme Acad\u00e9mique de Formation) en 2023-2024 !\"><img loading=\"lazy\" decoding=\"async\" width=\"300\" height=\"300\" src=\"https:\/\/pedagogie.ac-lille.fr\/sbssa\/wp-content\/uploads\/sites\/30\/2023\/04\/EAFC-edited-300x300.jpg\" class=\"attachment-medium size-medium no-lazy wp-post-image\" alt=\"\" style=\"max-width:150px;max-height:150px;\" srcset=\"https:\/\/pedagogie.ac-lille.fr\/sbssa\/wp-content\/uploads\/sites\/30\/2023\/04\/EAFC-edited-300x300.jpg 300w, https:\/\/pedagogie.ac-lille.fr\/sbssa\/wp-content\/uploads\/sites\/30\/2023\/04\/EAFC-edited-150x150.jpg 150w, https:\/\/pedagogie.ac-lille.fr\/sbssa\/wp-content\/uploads\/sites\/30\/2023\/04\/EAFC-edited-510x510.jpg 510w, https:\/\/pedagogie.ac-lille.fr\/sbssa\/wp-content\/uploads\/sites\/30\/2023\/04\/EAFC-edited.jpg 730w\" sizes=\"auto, (max-width: 300px) 100vw, 300px\" \/><\/a><\/div><a class=\"wp-block-latest-posts__post-title\" href=\"https:\/\/pedagogie.ac-lille.fr\/sbssa\/un-nouveau-paf-programme-academique-de-formation-en-2023-2024\/\">Un nouveau PAF (Programme Acad\u00e9mique de Formation) en 2023-2024 !<\/a><time datetime=\"2023-07-05T18:08:08+02:00\" class=\"wp-block-latest-posts__post-date\">5 juillet 2023<\/time><\/li>\n<\/ul>","protected":false},"excerpt":{"rendered":"<p>DERNIERS ARTICLES PUBLI\u00c9S<\/p>\n","protected":false},"author":48,"featured_media":0,"parent":0,"menu_order":0,"comment_status":"closed","ping_status":"closed","template":"","meta":{"ngg_post_thumbnail":0,"footnotes":""},"class_list":["post-728","page","type-page","status-publish","czr-hentry"],"publishpress_future_action":{"enabled":false,"date":"2026-04-20 03:43:54","action":"change-status","newStatus":"draft","terms":[],"taxonomy":"","extraData":[]},"publishpress_future_workflow_manual_trigger":{"enabledWorkflows":[]},"_links":{"self":[{"href":"https:\/\/pedagogie.ac-lille.fr\/sbssa\/wp-json\/wp\/v2\/pages\/728","targetHints":{"allow":["GET"]}}],"collection":[{"href":"https:\/\/pedagogie.ac-lille.fr\/sbssa\/wp-json\/wp\/v2\/pages"}],"about":[{"href":"https:\/\/pedagogie.ac-lille.fr\/sbssa\/wp-json\/wp\/v2\/types\/page"}],"author":[{"embeddable":true,"href":"https:\/\/pedagogie.ac-lille.fr\/sbssa\/wp-json\/wp\/v2\/users\/48"}],"replies":[{"embeddable":true,"href":"https:\/\/pedagogie.ac-lille.fr\/sbssa\/wp-json\/wp\/v2\/comments?post=728"}],"version-history":[{"count":9,"href":"https:\/\/pedagogie.ac-lille.fr\/sbssa\/wp-json\/wp\/v2\/pages\/728\/revisions"}],"predecessor-version":[{"id":12557,"href":"https:\/\/pedagogie.ac-lille.fr\/sbssa\/wp-json\/wp\/v2\/pages\/728\/revisions\/12557"}],"wp:attachment":[{"href":"https:\/\/pedagogie.ac-lille.fr\/sbssa\/wp-json\/wp\/v2\/media?parent=728"}],"curies":[{"name":"wp","href":"https:\/\/api.w.org\/{rel}","templated":true}]}}