{"id":7531,"date":"2022-12-19T21:11:07","date_gmt":"2022-12-19T20:11:07","guid":{"rendered":"https:\/\/pedagogie.ac-lille.fr\/sbssa\/?page_id=7531"},"modified":"2025-02-15T12:11:56","modified_gmt":"2025-02-15T11:11:56","slug":"baccalaureat-professionnel-animation-enfance-et-personnes-agees-bcp-aepa","status":"publish","type":"page","link":"https:\/\/pedagogie.ac-lille.fr\/sbssa\/filieres\/filieres-sanitaire-et-sociale\/baccalaureat-professionnel-animation-enfance-et-personnes-agees-bcp-aepa\/","title":{"rendered":"Baccalaur\u00e9at Professionnel Animation &#8211; Enfance et Personnes \u00c2g\u00e9es (BCP AEPA)"},"content":{"rendered":"\n<div class=\"wp-block-columns is-layout-flex wp-container-core-columns-is-layout-28f84493 wp-block-columns-is-layout-flex\">\n<div class=\"wp-block-column is-layout-flow wp-block-column-is-layout-flow\">\n<figure class=\"wp-block-image size-thumbnail is-style-default\"><a href=\"https:\/\/pedagogie.ac-lille.fr\/sbssa\/filieres\/filieres-sanitaire-et-sociale\/baccalaureat-professionnel-animation-enfance-et-personnes-agees-bcp-aepa\/textes-officiels-bcp-aepa\/\"><img loading=\"lazy\" decoding=\"async\" width=\"150\" height=\"150\" src=\"https:\/\/pedagogie.ac-lille.fr\/sbssa\/wp-content\/uploads\/sites\/30\/2022\/05\/education-g88d03105e_1280-150x150.png\" alt=\"Officiel\" class=\"wp-image-3822\" srcset=\"https:\/\/pedagogie.ac-lille.fr\/sbssa\/wp-content\/uploads\/sites\/30\/2022\/05\/education-g88d03105e_1280-150x150.png 150w, https:\/\/pedagogie.ac-lille.fr\/sbssa\/wp-content\/uploads\/sites\/30\/2022\/05\/education-g88d03105e_1280-300x300.png 300w, https:\/\/pedagogie.ac-lille.fr\/sbssa\/wp-content\/uploads\/sites\/30\/2022\/05\/education-g88d03105e_1280-1024x1024.png 1024w, https:\/\/pedagogie.ac-lille.fr\/sbssa\/wp-content\/uploads\/sites\/30\/2022\/05\/education-g88d03105e_1280-768x768.png 768w, https:\/\/pedagogie.ac-lille.fr\/sbssa\/wp-content\/uploads\/sites\/30\/2022\/05\/education-g88d03105e_1280-510x510.png 510w, https:\/\/pedagogie.ac-lille.fr\/sbssa\/wp-content\/uploads\/sites\/30\/2022\/05\/education-g88d03105e_1280.png 1280w\" sizes=\"auto, (max-width: 150px) 100vw, 150px\" \/><\/a><figcaption class=\"wp-element-caption\"><a href=\"https:\/\/pedagogie.ac-lille.fr\/sbssa\/filieres\/filieres-sanitaire-et-sociale\/baccalaureat-professionnel-animation-enfance-et-personnes-agees-bcp-aepa\/textes-officiels-bcp-aepa\/\" data-type=\"page\" data-id=\"7633\">Textes officiels<\/a><\/figcaption><\/figure>\n<\/div>\n\n\n\n<div class=\"wp-block-column is-layout-flow wp-block-column-is-layout-flow\">\n<figure class=\"wp-block-image size-thumbnail is-style-rounded\"><a href=\"https:\/\/pedagogie.ac-lille.fr\/sbssa\/bcp-aepa-referentiel-jo-du-27-aout-2019\/\" target=\"_blank\" rel=\" noreferrer noopener\"><img loading=\"lazy\" decoding=\"async\" width=\"150\" height=\"150\" src=\"https:\/\/pedagogie.ac-lille.fr\/sbssa\/wp-content\/uploads\/sites\/30\/2021\/07\/laptop-819285_1920-150x150.jpg\" alt=\"R\u00e9f\u00e9rentiel\" class=\"wp-image-1581\" style=\"aspect-ratio:1;object-fit:cover\" srcset=\"https:\/\/pedagogie.ac-lille.fr\/sbssa\/wp-content\/uploads\/sites\/30\/2021\/07\/laptop-819285_1920-150x150.jpg 150w, https:\/\/pedagogie.ac-lille.fr\/sbssa\/wp-content\/uploads\/sites\/30\/2021\/07\/laptop-819285_1920-510x510.jpg 510w\" sizes=\"auto, (max-width: 150px) 100vw, 150px\" \/><\/a><figcaption class=\"wp-element-caption\"><a href=\"https:\/\/pedagogie.ac-lille.fr\/sbssa\/bcp-aepa-referentiel-jo-du-27-aout-2019\/\" target=\"_blank\" rel=\"noreferrer noopener\">R\u00e9f\u00e9rentiels<\/a><\/figcaption><\/figure>\n<\/div>\n\n\n\n<div class=\"wp-block-column is-layout-flow wp-block-column-is-layout-flow\">\n<figure class=\"wp-block-image size-thumbnail is-resized\"><a href=\"https:\/\/pedagogie.ac-lille.fr\/sbssa\/13384-2\/\" target=\"_blank\" rel=\" noreferrer noopener\"><img loading=\"lazy\" decoding=\"async\" width=\"150\" height=\"150\" src=\"https:\/\/pedagogie.ac-lille.fr\/sbssa\/wp-content\/uploads\/sites\/30\/2021\/03\/acade\u0301mie-de-lille-squarelogo-1456823934020-1-150x150.png\" alt=\"\" class=\"wp-image-911\" srcset=\"https:\/\/pedagogie.ac-lille.fr\/sbssa\/wp-content\/uploads\/sites\/30\/2021\/03\/acade\u0301mie-de-lille-squarelogo-1456823934020-1-150x150.png 150w, https:\/\/pedagogie.ac-lille.fr\/sbssa\/wp-content\/uploads\/sites\/30\/2021\/03\/acade\u0301mie-de-lille-squarelogo-1456823934020-1.png 180w\" sizes=\"auto, (max-width: 150px) 100vw, 150px\" \/><\/a><figcaption class=\"wp-element-caption\"><a href=\"https:\/\/pedagogie.ac-lille.fr\/sbssa\/13384-2\/\" target=\"_blank\" rel=\"noreferrer noopener\">Documents acad\u00e9miques<\/a><\/figcaption><\/figure>\n<\/div>\n\n\n\n<div class=\"wp-block-column is-layout-flow wp-block-column-is-layout-flow\">\n<figure class=\"wp-block-image size-thumbnail\"><a href=\"https:\/\/pedagogie.ac-lille.fr\/sbssa\/filieres\/filieres-sanitaire-et-sociale\/baccalaureat-professionnel-animation-enfance-et-personnes-agees-bcp-aepa\/ressources-bcp-aepa\/\"><img loading=\"lazy\" decoding=\"async\" width=\"150\" height=\"150\" src=\"https:\/\/pedagogie.ac-lille.fr\/sbssa\/wp-content\/uploads\/sites\/30\/2022\/05\/pixel-cells-g9c2803b40_1280-150x150.png\" alt=\"Ressources\" class=\"wp-image-3312\" srcset=\"https:\/\/pedagogie.ac-lille.fr\/sbssa\/wp-content\/uploads\/sites\/30\/2022\/05\/pixel-cells-g9c2803b40_1280-150x150.png 150w, https:\/\/pedagogie.ac-lille.fr\/sbssa\/wp-content\/uploads\/sites\/30\/2022\/05\/pixel-cells-g9c2803b40_1280-510x510.png 510w\" sizes=\"auto, (max-width: 150px) 100vw, 150px\" \/><\/a><figcaption class=\"wp-element-caption\"><a href=\"https:\/\/pedagogie.ac-lille.fr\/sbssa\/filieres\/filieres-sanitaire-et-sociale\/baccalaureat-professionnel-animation-enfance-et-personnes-agees-bcp-aepa\/ressources-bcp-aepa\/\" data-type=\"page\" data-id=\"7637\">Ressources<\/a><\/figcaption><\/figure>\n<\/div>\n<\/div>\n\n\n<h3 style=\"text-align: center\">PR\u00c9SENTATION DU DIPL\u00d4ME<\/h3>\n<p><a href=\"https:\/\/pedagogie.ac-lille.fr\/sbssa\/wp-content\/uploads\/sites\/30\/2022\/05\/people-gb3e5f621a_1920.jpg\"><!-- \/wp:post-content --><\/a><a href=\"https:\/\/pedagogie.ac-lille.fr\/sbssa\/wp-content\/uploads\/sites\/30\/2022\/05\/face-gd6e2a7674_1920-e1671693625613.jpg\"><img loading=\"lazy\" decoding=\"async\" class=\"size-medium wp-image-3209 alignleft\" src=\"https:\/\/pedagogie.ac-lille.fr\/sbssa\/wp-content\/uploads\/sites\/30\/2022\/05\/face-gd6e2a7674_1920-e1671693625613-300x164.jpg\" alt=\"Vieillissement\" width=\"300\" height=\"164\" srcset=\"https:\/\/pedagogie.ac-lille.fr\/sbssa\/wp-content\/uploads\/sites\/30\/2022\/05\/face-gd6e2a7674_1920-e1671693625613-300x164.jpg 300w, https:\/\/pedagogie.ac-lille.fr\/sbssa\/wp-content\/uploads\/sites\/30\/2022\/05\/face-gd6e2a7674_1920-e1671693625613-1024x558.jpg 1024w, https:\/\/pedagogie.ac-lille.fr\/sbssa\/wp-content\/uploads\/sites\/30\/2022\/05\/face-gd6e2a7674_1920-e1671693625613-768x419.jpg 768w, https:\/\/pedagogie.ac-lille.fr\/sbssa\/wp-content\/uploads\/sites\/30\/2022\/05\/face-gd6e2a7674_1920-e1671693625613.jpg 1502w\" sizes=\"auto, (max-width: 300px) 100vw, 300px\" \/><\/a><span style=\"font-size: revert;color: initial\">Le titulaire du baccalaur\u00e9at professionnel Animation &#8211; enfance et personnes \u00e2g\u00e9es poss\u00e8de les comp\u00e9tences n\u00e9cessaires pour concevoir et r\u00e9aliser des activit\u00e9s de nature vari\u00e9e, notamment aupr\u00e8s d&rsquo;un public jeune ou de personnes \u00e2g\u00e9es en perte d&rsquo;autonomie.<br><\/span>Il ma\u00eetrise les techniques n\u00e9cessaires \u00e0 la conduite d&rsquo;un projet d&rsquo;animation : conception, organisation, r\u00e9alisation et \u00e9valuation des activit\u00e9s<\/p>\n<p>Il est dot\u00e9 de comp\u00e9tences relationnelles indispensables pour accueillir, communiquer et impulser une dynamique au sein du groupe dont il a la charge.<\/p>\n<p>Le dipl\u00f4me peut \u00eatre employ\u00e9 notamment par des centres de loisirs, des Maisons de la jeunesse et de la culture, des associations, des \u00e9tablissements d&rsquo;h\u00e9bergement pour personnes \u00e2g\u00e9es d\u00e9pendantes (EHPAD), des centres sociaux, des services d&rsquo;aide et de maintien \u00e0 domicile. Il y occupe des postes d&rsquo;animateur socio-culturel, animateur p\u00e9riscolaire, animateur en g\u00e9rontologie, animateur social &#8230;.<\/p>\n<p><!-- wp:image {\"align\":\"right\",\"id\":296,\"sizeSlug\":\"full\",\"linkDestination\":\"custom\"} --><\/p>\n<figure class=\"wp-block-image alignright size-full\"><a href=\"https:\/\/www.onisep.fr\/Ressources\/Univers-Formation\/Formations\/Lycees\/bac-pro-animation-enfance-et-personnes-agees#:~:text=Le%20titulaire%20du%20baccalaur%C3%A9at%20professionnel,%C3%A2g%C3%A9es%20en%20perte%20d'autonomie.\" target=\"_blank\" rel=\"noreferrer noopener\"><img loading=\"lazy\" decoding=\"async\" class=\"alignnone wp-image-296\" src=\"https:\/\/pedagogie.ac-lille.fr\/sbssa\/wp-content\/uploads\/sites\/30\/2021\/03\/Onisep.png\" alt=\"Onisep\" width=\"482\" height=\"104\" srcset=\"https:\/\/pedagogie.ac-lille.fr\/sbssa\/wp-content\/uploads\/sites\/30\/2021\/03\/Onisep.png 482w, https:\/\/pedagogie.ac-lille.fr\/sbssa\/wp-content\/uploads\/sites\/30\/2021\/03\/Onisep-300x65.png 300w\" sizes=\"auto, (max-width: 482px) 100vw, 482px\" \/><\/a><\/figure>\n<p><!-- \/wp:image --><\/p>\n<p><a href=\"https:\/\/pedagogie.ac-lille.fr\/sbssa\/wp-content\/uploads\/sites\/30\/2022\/05\/people-gb3e5f621a_1920.jpg\"><!-- \/wp:paragraph --> <!-- wp:paragraph --><\/a><\/p>\n<p>Source : ONISEP<\/p>\n<p>&nbsp;<\/p>\n<p><!-- wp:paragraph --><\/p>\n<p><!-- \/wp:paragraph --><\/p>\n<p><!-- wp:separator --><\/p>\n<p>&nbsp;<\/p>\n<p><!-- wp:latest-posts {\"postsToShow\":15,\"displayPostDate\":true,\"postLayout\":\"grid\",\"displayFeaturedImage\":true} \/--><\/p>\n<p><!-- wp:heading {\"textAlign\":\"center\"} --><\/p>\n<h2 class=\"has-text-align-center\" style=\"text-align: left\"><mark class=\"has-inline-color has-white-color\" style=\"background-color: #0693e3\">Derniers articles publi\u00e9s<\/mark><\/h2>\n<p><!-- \/wp:heading --><\/p>\n<p><!-- wp:paragraph --><\/p>\n<p><!-- \/wp:paragraph --><\/p>\n<p><!-- wp:latest-posts {\"categories\":[{\"id\":419,\"value\":\"Documents acad\u00e9miques - BCP AEPA\"},{\"id\":418,\"value\":\"Textes officiels - BCP AEPA\"},{\"id\":335,\"value\":\"Ressources - BCP AEPA\"},{\"id\":420,\"count\":0,\"description\":\"\",\"link\":\"https:\/\/pedagogie.ac-lille.fr\/sbssa\/category\/espace-reserve-bcp-aepa\/\",\"name\":\"Espace r\u00e9serv\u00e9 - BCP AEPA\",\"slug\":\"espace-reserve-bcp-aepa\",\"taxonomy\":\"category\",\"parent\":0,\"meta\":[],\"_links\":{\"self\":[{\"href\":\"https:\/\/pedagogie.ac-lille.fr\/sbssa\/wp-json\/wp\/v2\/categories\/420\"}],\"collection\":[{\"href\":\"https:\/\/pedagogie.ac-lille.fr\/sbssa\/wp-json\/wp\/v2\/categories\"}],\"about\":[{\"href\":\"https:\/\/pedagogie.ac-lille.fr\/sbssa\/wp-json\/wp\/v2\/taxonomies\/category\"}],\"wp:post_type\":[{\"href\":\"https:\/\/pedagogie.ac-lille.fr\/sbssa\/wp-json\/wp\/v2\/posts?categories=420\"}],\"curies\":[{\"name\":\"wp\",\"href\":\"https:\/\/api.w.org\/{rel}\",\"templated\":true}]}}],\"postsToShow\":15,\"displayPostDate\":true,\"postLayout\":\"grid\",\"displayFeaturedImage\":true} \/--><\/p>\n<p><!-- wp:latest-posts {\"categories\":[{\"id\":419,\"value\":\"Documents acad\u00e9miques - BCP AEPA\"},{\"id\":420,\"value\":\"Espace r\u00e9serv\u00e9 - BCP AEPA\"},{\"id\":418,\"value\":\"Textes officiels - BCP AEPA\"},{\"id\":335,\"count\":7,\"description\":\"\",\"link\":\"https:\/\/pedagogie.ac-lille.fr\/sbssa\/category\/ressources-bcp-aepa\/\",\"name\":\"Ressources - BCP AEPA\",\"slug\":\"ressources-bcp-aepa\",\"taxonomy\":\"category\",\"parent\":0,\"meta\":[],\"_links\":{\"self\":[{\"href\":\"https:\/\/pedagogie.ac-lille.fr\/sbssa\/wp-json\/wp\/v2\/categories\/335\"}],\"collection\":[{\"href\":\"https:\/\/pedagogie.ac-lille.fr\/sbssa\/wp-json\/wp\/v2\/categories\"}],\"about\":[{\"href\":\"https:\/\/pedagogie.ac-lille.fr\/sbssa\/wp-json\/wp\/v2\/taxonomies\/category\"}],\"wp:post_type\":[{\"href\":\"https:\/\/pedagogie.ac-lille.fr\/sbssa\/wp-json\/wp\/v2\/posts?categories=335\"}],\"curies\":[{\"name\":\"wp\",\"href\":\"https:\/\/api.w.org\/{rel}\",\"templated\":true}]}}],\"postsToShow\":9,\"displayPostDate\":true,\"postLayout\":\"grid\",\"displayFeaturedImage\":true,\"featuredImageAlign\":\"center\"} \/--><\/p>\n<p><!-- wp:latest-posts {\"categories\":[{\"id\":419,\"value\":\"Documents acad\u00e9miques - BCP AEPA\"},{\"id\":418,\"value\":\"Textes officiels - BCP AEPA\"},{\"id\":335,\"value\":\"Ressources - BCP AEPA\"}],\"postsToShow\":9,\"displayPostDate\":true,\"postLayout\":\"grid\",\"displayFeaturedImage\":true,\"featuredImageAlign\":\"center\",\"featuredImageSizeSlug\":\"medium\"} \/--><\/p>\n<p><!-- wp:latest-posts {\"categories\":[{\"id\":419,\"value\":\"Documents acad\u00e9miques - BCP AEPA\"},{\"id\":335,\"value\":\"Ressources - BCP AEPA\"},{\"id\":420,\"value\":\"Espace r\u00e9serv\u00e9 - BCP AEPA\"},{\"id\":418,\"count\":7,\"description\":\"\",\"link\":\"https:\/\/pedagogie.ac-lille.fr\/sbssa\/category\/textes-officiels-bcp-aepa\/\",\"name\":\"Textes officiels - BCP AEPA\",\"slug\":\"textes-officiels-bcp-aepa\",\"taxonomy\":\"category\",\"parent\":0,\"meta\":[],\"_links\":{\"self\":[{\"href\":\"https:\/\/pedagogie.ac-lille.fr\/sbssa\/wp-json\/wp\/v2\/categories\/418\"}],\"collection\":[{\"href\":\"https:\/\/pedagogie.ac-lille.fr\/sbssa\/wp-json\/wp\/v2\/categories\"}],\"about\":[{\"href\":\"https:\/\/pedagogie.ac-lille.fr\/sbssa\/wp-json\/wp\/v2\/taxonomies\/category\"}],\"wp:post_type\":[{\"href\":\"https:\/\/pedagogie.ac-lille.fr\/sbssa\/wp-json\/wp\/v2\/posts?categories=418\"}],\"curies\":[{\"name\":\"wp\",\"href\":\"https:\/\/api.w.org\/{rel}\",\"templated\":true}]}}],\"postsToShow\":9,\"displayPostDate\":true,\"displayFeaturedImage\":true,\"featuredImageAlign\":\"left\",\"featuredImageSizeSlug\":\"medium\",\"featuredImageSizeWidth\":150,\"featuredImageSizeHeight\":150,\"align\":\"left\"} \/--><\/p>\n<p><!-- wp:latest-posts {\"categories\":[{\"id\":418,\"value\":\"Textes officiels - BCP AEPA\"},{\"id\":419,\"value\":\"Documents acad\u00e9miques - BCP AEPA\"},{\"id\":335,\"count\":7,\"description\":\"\",\"link\":\"https:\/\/pedagogie.ac-lille.fr\/sbssa\/category\/ressources-bcp-aepa\/\",\"name\":\"Ressources - BCP AEPA\",\"slug\":\"ressources-bcp-aepa\",\"taxonomy\":\"category\",\"parent\":0,\"meta\":[],\"_links\":{\"self\":[{\"href\":\"https:\/\/pedagogie.ac-lille.fr\/sbssa\/wp-json\/wp\/v2\/categories\/335\"}],\"collection\":[{\"href\":\"https:\/\/pedagogie.ac-lille.fr\/sbssa\/wp-json\/wp\/v2\/categories\"}],\"about\":[{\"href\":\"https:\/\/pedagogie.ac-lille.fr\/sbssa\/wp-json\/wp\/v2\/taxonomies\/category\"}],\"wp:post_type\":[{\"href\":\"https:\/\/pedagogie.ac-lille.fr\/sbssa\/wp-json\/wp\/v2\/posts?categories=335\"}],\"curies\":[{\"name\":\"wp\",\"href\":\"https:\/\/api.w.org\/{rel}\",\"templated\":true}]}}],\"postsToShow\":9,\"displayPostDate\":true,\"displayFeaturedImage\":true,\"featuredImageAlign\":\"left\"} \/--><\/p>\n<p><!-- wp:latest-posts {\"postsToShow\":9,\"displayPostDate\":true,\"displayFeaturedImage\":true,\"featuredImageAlign\":\"left\",\"featuredImageSizeSlug\":\"medium\",\"featuredImageSizeWidth\":75,\"featuredImageSizeHeight\":75} \/--><\/p>\n<p><!-- wp:group {\"layout\":{\"type\":\"constrained\"}} --><\/p>\n<div class=\"wp-block-group\"><!-- wp:latest-posts {\"categories\":[{\"id\":419,\"value\":\"Documents acad\u00e9miques - BCP AEPA\"},{\"id\":418,\"value\":\"Textes officiels - BCP AEPA\"},{\"id\":335,\"count\":13,\"description\":\"\",\"link\":\"https:\/\/pedagogie.ac-lille.fr\/sbssa\/category\/ressources-bcp-aepa\/\",\"name\":\"Ressources - BCP AEPA\",\"slug\":\"ressources-bcp-aepa\",\"taxonomy\":\"category\",\"parent\":0,\"meta\":[],\"_links\":{\"self\":[{\"href\":\"https:\/\/pedagogie.ac-lille.fr\/sbssa\/wp-json\/wp\/v2\/categories\/335\"}],\"collection\":[{\"href\":\"https:\/\/pedagogie.ac-lille.fr\/sbssa\/wp-json\/wp\/v2\/categories\"}],\"about\":[{\"href\":\"https:\/\/pedagogie.ac-lille.fr\/sbssa\/wp-json\/wp\/v2\/taxonomies\/category\"}],\"wp:post_type\":[{\"href\":\"https:\/\/pedagogie.ac-lille.fr\/sbssa\/wp-json\/wp\/v2\/posts?categories=335\"}],\"curies\":[{\"name\":\"wp\",\"href\":\"https:\/\/api.w.org\/{rel}\",\"templated\":true}]}}],\"postsToShow\":9,\"displayPostDate\":true,\"displayFeaturedImage\":true,\"featuredImageAlign\":\"left\",\"featuredImageSizeWidth\":75,\"featuredImageSizeHeight\":75,\"align\":\"left\"} \/--><\/div>\n<p><!-- \/wp:group --><\/p>\n<p><!-- wp:latest-posts {\"categories\":[{\"id\":419,\"value\":\"Documents acad\u00e9miques - BCP AEPA\"},{\"id\":335,\"value\":\"Ressources - BCP AEPA\"},{\"id\":418,\"count\":14,\"description\":\"\",\"link\":\"https:\/\/pedagogie.ac-lille.fr\/sbssa\/category\/textes-officiels-bcp-aepa\/\",\"name\":\"Textes officiels - BCP AEPA\",\"slug\":\"textes-officiels-bcp-aepa\",\"taxonomy\":\"category\",\"parent\":0,\"meta\":[],\"_links\":{\"self\":[{\"href\":\"https:\/\/pedagogie.ac-lille.fr\/sbssa\/wp-json\/wp\/v2\/categories\/418\"}],\"collection\":[{\"href\":\"https:\/\/pedagogie.ac-lille.fr\/sbssa\/wp-json\/wp\/v2\/categories\"}],\"about\":[{\"href\":\"https:\/\/pedagogie.ac-lille.fr\/sbssa\/wp-json\/wp\/v2\/taxonomies\/category\"}],\"wp:post_type\":[{\"href\":\"https:\/\/pedagogie.ac-lille.fr\/sbssa\/wp-json\/wp\/v2\/posts?categories=418\"}],\"curies\":[{\"name\":\"wp\",\"href\":\"https:\/\/api.w.org\/{rel}\",\"templated\":true}]}}],\"postsToShow\":9,\"displayPostDate\":true,\"displayFeaturedImage\":true,\"featuredImageAlign\":\"left\",\"featuredImageSizeSlug\":\"medium\",\"featuredImageSizeWidth\":75,\"featuredImageSizeHeight\":75} \/--><\/p>\n<p><!-- wp:latest-posts {\"categories\":[{\"id\":418,\"value\":\"Textes officiels - BCP AEPA\"},{\"id\":419,\"value\":\"Documents acad\u00e9miques - BCP AEPA\"},{\"id\":335,\"value\":\"Ressources - BCP AEPA\"},{\"id\":420,\"count\":0,\"description\":\"\",\"link\":\"https:\/\/pedagogie.ac-lille.fr\/sbssa\/category\/espace-reserve-bcp-aepa\/\",\"name\":\"Espace r\u00e9serv\u00e9 - BCP AEPA\",\"slug\":\"espace-reserve-bcp-aepa\",\"taxonomy\":\"category\",\"parent\":0,\"meta\":[],\"_links\":{\"self\":[{\"href\":\"https:\/\/pedagogie.ac-lille.fr\/sbssa\/wp-json\/wp\/v2\/categories\/420\"}],\"collection\":[{\"href\":\"https:\/\/pedagogie.ac-lille.fr\/sbssa\/wp-json\/wp\/v2\/categories\"}],\"about\":[{\"href\":\"https:\/\/pedagogie.ac-lille.fr\/sbssa\/wp-json\/wp\/v2\/taxonomies\/category\"}],\"wp:post_type\":[{\"href\":\"https:\/\/pedagogie.ac-lille.fr\/sbssa\/wp-json\/wp\/v2\/posts?categories=420\"}],\"curies\":[{\"name\":\"wp\",\"href\":\"https:\/\/api.w.org\/{rel}\",\"templated\":true}]}}],\"postsToShow\":9,\"displayPostDate\":true,\"displayFeaturedImage\":true,\"featuredImageAlign\":\"left\",\"featuredImageSizeWidth\":75,\"featuredImageSizeHeight\":75} \/--><\/p>\n<p><!-- wp:spacer --><\/p>\n<p><!-- \/wp:spacer --><\/p>\n<p><!-- wp:latest-posts {\"categories\":[{\"id\":418,\"value\":\"Textes officiels - BCP AEPA\"},{\"id\":419,\"value\":\"Documents acad\u00e9miques - BCP AEPA\"},{\"id\":335,\"count\":15,\"description\":\"\",\"link\":\"https:\/\/pedagogie.ac-lille.fr\/sbssa\/category\/ressources-bcp-aepa\/\",\"name\":\"Ressources - BCP AEPA\",\"slug\":\"ressources-bcp-aepa\",\"taxonomy\":\"category\",\"parent\":0,\"meta\":[],\"_links\":{\"self\":[{\"href\":\"https:\/\/pedagogie.ac-lille.fr\/sbssa\/wp-json\/wp\/v2\/categories\/335\",\"targetHints\":{\"allow\":[\"GET\",\"POST\",\"PUT\",\"PATCH\",\"DELETE\"]}}],\"collection\":[{\"href\":\"https:\/\/pedagogie.ac-lille.fr\/sbssa\/wp-json\/wp\/v2\/categories\"}],\"about\":[{\"href\":\"https:\/\/pedagogie.ac-lille.fr\/sbssa\/wp-json\/wp\/v2\/taxonomies\/category\"}],\"wp:post_type\":[{\"href\":\"https:\/\/pedagogie.ac-lille.fr\/sbssa\/wp-json\/wp\/v2\/posts?categories=335\"}],\"curies\":[{\"name\":\"wp\",\"href\":\"https:\/\/api.w.org\/{rel}\",\"templated\":true}]}}],\"postsToShow\":10,\"displayPostDate\":true,\"displayFeaturedImage\":true,\"featuredImageAlign\":\"left\",\"featuredImageSizeSlug\":\"medium\",\"featuredImageSizeWidth\":150,\"featuredImageSizeHeight\":150,\"style\":{\"elements\":{\"link\":{\"color\":{\"text\":\"var:preset|color|black\"}}}},\"textColor\":\"black\"} \/--><\/p>\n<p><!-- wp:latest-posts {\"categories\":[{\"id\":418,\"value\":\"Textes officiels - BCP AEPA\"},{\"id\":419,\"value\":\"Documents acad\u00e9miques - BCP AEPA\"},{\"id\":335,\"count\":15,\"description\":\"\",\"link\":\"https:\/\/pedagogie.ac-lille.fr\/sbssa\/category\/ressources-bcp-aepa\/\",\"name\":\"Ressources - BCP AEPA\",\"slug\":\"ressources-bcp-aepa\",\"taxonomy\":\"category\",\"parent\":0,\"meta\":[],\"_links\":{\"self\":[{\"href\":\"https:\/\/pedagogie.ac-lille.fr\/sbssa\/wp-json\/wp\/v2\/categories\/335\",\"targetHints\":{\"allow\":[\"GET\",\"POST\",\"PUT\",\"PATCH\",\"DELETE\"]}}],\"collection\":[{\"href\":\"https:\/\/pedagogie.ac-lille.fr\/sbssa\/wp-json\/wp\/v2\/categories\"}],\"about\":[{\"href\":\"https:\/\/pedagogie.ac-lille.fr\/sbssa\/wp-json\/wp\/v2\/taxonomies\/category\"}],\"wp:post_type\":[{\"href\":\"https:\/\/pedagogie.ac-lille.fr\/sbssa\/wp-json\/wp\/v2\/posts?categories=335\"}],\"curies\":[{\"name\":\"wp\",\"href\":\"https:\/\/api.w.org\/{rel}\",\"templated\":true}]}}],\"postsToShow\":10,\"displayPostDate\":true,\"displayFeaturedImage\":true,\"featuredImageAlign\":\"left\",\"featuredImageSizeSlug\":\"medium\",\"featuredImageSizeWidth\":150,\"featuredImageSizeHeight\":150,\"addLinkToFeaturedImage\":true,\"align\":\"left\",\"backgroundColor\":\"pale-cyan-blue\",\"fontSize\":\"small\"} \/--><\/p>\n<p><!-- wp:paragraph --><\/p>\n<p><!-- \/wp:paragraph --><\/p>","protected":false},"excerpt":{"rendered":"<p>PR\u00c9SENTATION DU DIPL\u00d4ME Le titulaire du baccalaur\u00e9at professionnel Animation &#8211; enfance et personnes \u00e2g\u00e9es poss\u00e8de les comp\u00e9tences n\u00e9cessaires pour concevoir et r\u00e9aliser des activit\u00e9s de nature vari\u00e9e, notamment aupr\u00e8s d&rsquo;un [&hellip;]<\/p>\n","protected":false},"author":48,"featured_media":0,"parent":7211,"menu_order":0,"comment_status":"closed","ping_status":"closed","template":"","meta":{"ngg_post_thumbnail":0,"footnotes":""},"class_list":["post-7531","page","type-page","status-publish","czr-hentry"],"publishpress_future_action":{"enabled":false,"date":"2026-04-21 13:38:57","action":"change-status","newStatus":"draft","terms":[],"taxonomy":"","extraData":[]},"publishpress_future_workflow_manual_trigger":{"enabledWorkflows":[]},"_links":{"self":[{"href":"https:\/\/pedagogie.ac-lille.fr\/sbssa\/wp-json\/wp\/v2\/pages\/7531","targetHints":{"allow":["GET"]}}],"collection":[{"href":"https:\/\/pedagogie.ac-lille.fr\/sbssa\/wp-json\/wp\/v2\/pages"}],"about":[{"href":"https:\/\/pedagogie.ac-lille.fr\/sbssa\/wp-json\/wp\/v2\/types\/page"}],"author":[{"embeddable":true,"href":"https:\/\/pedagogie.ac-lille.fr\/sbssa\/wp-json\/wp\/v2\/users\/48"}],"replies":[{"embeddable":true,"href":"https:\/\/pedagogie.ac-lille.fr\/sbssa\/wp-json\/wp\/v2\/comments?post=7531"}],"version-history":[{"count":66,"href":"https:\/\/pedagogie.ac-lille.fr\/sbssa\/wp-json\/wp\/v2\/pages\/7531\/revisions"}],"predecessor-version":[{"id":13414,"href":"https:\/\/pedagogie.ac-lille.fr\/sbssa\/wp-json\/wp\/v2\/pages\/7531\/revisions\/13414"}],"up":[{"embeddable":true,"href":"https:\/\/pedagogie.ac-lille.fr\/sbssa\/wp-json\/wp\/v2\/pages\/7211"}],"wp:attachment":[{"href":"https:\/\/pedagogie.ac-lille.fr\/sbssa\/wp-json\/wp\/v2\/media?parent=7531"}],"curies":[{"name":"wp","href":"https:\/\/api.w.org\/{rel}","templated":true}]}}