{"id":8530,"date":"2022-12-26T17:20:26","date_gmt":"2022-12-26T16:20:26","guid":{"rendered":"https:\/\/pedagogie.ac-lille.fr\/sbssa\/?page_id=8530"},"modified":"2022-12-26T17:20:26","modified_gmt":"2022-12-26T16:20:26","slug":"mcad-documents-academiques","status":"publish","type":"page","link":"https:\/\/pedagogie.ac-lille.fr\/sbssa\/filieres\/filieres-sanitaire-et-sociale\/mention-complementaire-aide-a-domicile-mcad\/mcad-documents-academiques\/","title":{"rendered":"MCAD &#8211; Documents acad\u00e9miques"},"content":{"rendered":"<ul class=\"wp-block-latest-posts__list has-dates wp-block-latest-posts\"><li><div class=\"wp-block-latest-posts__featured-image alignleft\"><a href=\"https:\/\/pedagogie.ac-lille.fr\/sbssa\/mcad-modularisation-2008-2010\/\" aria-label=\"MCAD &#8211; Modularisation &#8211; 2008-2010\"><img loading=\"lazy\" decoding=\"async\" width=\"300\" height=\"283\" src=\"https:\/\/pedagogie.ac-lille.fr\/sbssa\/wp-content\/uploads\/sites\/30\/2022\/05\/jigsaw-puzzle-g71ea99a2e_1280-300x283.png\" class=\"attachment-medium size-medium no-lazy wp-post-image\" alt=\"Puzzle\" style=\"max-width:150px;max-height:150px;\" srcset=\"https:\/\/pedagogie.ac-lille.fr\/sbssa\/wp-content\/uploads\/sites\/30\/2022\/05\/jigsaw-puzzle-g71ea99a2e_1280-300x283.png 300w, https:\/\/pedagogie.ac-lille.fr\/sbssa\/wp-content\/uploads\/sites\/30\/2022\/05\/jigsaw-puzzle-g71ea99a2e_1280-1024x965.png 1024w, https:\/\/pedagogie.ac-lille.fr\/sbssa\/wp-content\/uploads\/sites\/30\/2022\/05\/jigsaw-puzzle-g71ea99a2e_1280-768x724.png 768w, https:\/\/pedagogie.ac-lille.fr\/sbssa\/wp-content\/uploads\/sites\/30\/2022\/05\/jigsaw-puzzle-g71ea99a2e_1280.png 1280w\" sizes=\"auto, (max-width: 300px) 100vw, 300px\" \/><\/a><\/div><a class=\"wp-block-latest-posts__post-title\" href=\"https:\/\/pedagogie.ac-lille.fr\/sbssa\/mcad-modularisation-2008-2010\/\">MCAD &#8211; Modularisation &#8211; 2008-2010<\/a><time datetime=\"2010-02-26T18:57:00+01:00\" class=\"wp-block-latest-posts__post-date\">26 f\u00e9vrier 2010<\/time><\/li>\n<li><div class=\"wp-block-latest-posts__featured-image alignleft\"><a href=\"https:\/\/pedagogie.ac-lille.fr\/sbssa\/mcad-proposition-de-deux-sequences-dapprentissage\/\" aria-label=\"MCAD &#8211; Proposition de deux s\u00e9quences d&rsquo;apprentissage &#8211; Novembre 2006\"><img loading=\"lazy\" decoding=\"async\" width=\"300\" height=\"300\" src=\"https:\/\/pedagogie.ac-lille.fr\/sbssa\/wp-content\/uploads\/sites\/30\/2021\/03\/note-2389227_1280-300x300.png\" class=\"attachment-medium size-medium no-lazy wp-post-image\" alt=\"R\u00e9f\u00e9rentiel\" style=\"max-width:150px;max-height:150px;\" srcset=\"https:\/\/pedagogie.ac-lille.fr\/sbssa\/wp-content\/uploads\/sites\/30\/2021\/03\/note-2389227_1280-300x300.png 300w, https:\/\/pedagogie.ac-lille.fr\/sbssa\/wp-content\/uploads\/sites\/30\/2021\/03\/note-2389227_1280-1024x1024.png 1024w, https:\/\/pedagogie.ac-lille.fr\/sbssa\/wp-content\/uploads\/sites\/30\/2021\/03\/note-2389227_1280-150x150.png 150w, https:\/\/pedagogie.ac-lille.fr\/sbssa\/wp-content\/uploads\/sites\/30\/2021\/03\/note-2389227_1280-768x768.png 768w, https:\/\/pedagogie.ac-lille.fr\/sbssa\/wp-content\/uploads\/sites\/30\/2021\/03\/note-2389227_1280-510x510.png 510w, https:\/\/pedagogie.ac-lille.fr\/sbssa\/wp-content\/uploads\/sites\/30\/2021\/03\/note-2389227_1280.png 1280w\" sizes=\"auto, (max-width: 300px) 100vw, 300px\" \/><\/a><\/div><a class=\"wp-block-latest-posts__post-title\" href=\"https:\/\/pedagogie.ac-lille.fr\/sbssa\/mcad-proposition-de-deux-sequences-dapprentissage\/\">MCAD &#8211; Proposition de deux s\u00e9quences d&rsquo;apprentissage &#8211; Novembre 2006<\/a><time datetime=\"2006-11-26T19:46:00+01:00\" class=\"wp-block-latest-posts__post-date\">26 novembre 2006<\/time><\/li>\n<li><div class=\"wp-block-latest-posts__featured-image alignleft\"><a href=\"https:\/\/pedagogie.ac-lille.fr\/sbssa\/mcad-heterogeneite-et-validation-synthese-du-21-novembre-2006\/\" aria-label=\"MCAD &#8211; H\u00e9t\u00e9rog\u00e9n\u00e9it\u00e9 et validation &#8211; Synth\u00e9se du regroupement du 21 novembre 2006\"><img loading=\"lazy\" decoding=\"async\" width=\"300\" height=\"300\" src=\"https:\/\/pedagogie.ac-lille.fr\/sbssa\/wp-content\/uploads\/sites\/30\/2022\/05\/checklist-g91a009eaf_1920-300x300.png\" class=\"attachment-medium size-medium no-lazy wp-post-image\" alt=\"Liste\" style=\"max-width:150px;max-height:150px;\" srcset=\"https:\/\/pedagogie.ac-lille.fr\/sbssa\/wp-content\/uploads\/sites\/30\/2022\/05\/checklist-g91a009eaf_1920-300x300.png 300w, https:\/\/pedagogie.ac-lille.fr\/sbssa\/wp-content\/uploads\/sites\/30\/2022\/05\/checklist-g91a009eaf_1920-1024x1024.png 1024w, https:\/\/pedagogie.ac-lille.fr\/sbssa\/wp-content\/uploads\/sites\/30\/2022\/05\/checklist-g91a009eaf_1920-150x150.png 150w, https:\/\/pedagogie.ac-lille.fr\/sbssa\/wp-content\/uploads\/sites\/30\/2022\/05\/checklist-g91a009eaf_1920-768x768.png 768w, https:\/\/pedagogie.ac-lille.fr\/sbssa\/wp-content\/uploads\/sites\/30\/2022\/05\/checklist-g91a009eaf_1920-1536x1536.png 1536w, https:\/\/pedagogie.ac-lille.fr\/sbssa\/wp-content\/uploads\/sites\/30\/2022\/05\/checklist-g91a009eaf_1920-510x510.png 510w, https:\/\/pedagogie.ac-lille.fr\/sbssa\/wp-content\/uploads\/sites\/30\/2022\/05\/checklist-g91a009eaf_1920.png 1920w\" sizes=\"auto, (max-width: 300px) 100vw, 300px\" \/><\/a><\/div><a class=\"wp-block-latest-posts__post-title\" href=\"https:\/\/pedagogie.ac-lille.fr\/sbssa\/mcad-heterogeneite-et-validation-synthese-du-21-novembre-2006\/\">MCAD &#8211; H\u00e9t\u00e9rog\u00e9n\u00e9it\u00e9 et validation &#8211; Synth\u00e9se du regroupement du 21 novembre 2006<\/a><time datetime=\"2006-11-21T19:18:00+01:00\" class=\"wp-block-latest-posts__post-date\">21 novembre 2006<\/time><\/li>\n<li><div class=\"wp-block-latest-posts__featured-image alignleft\"><a href=\"https:\/\/pedagogie.ac-lille.fr\/sbssa\/mcad-recrutement\/\" aria-label=\"MCAD &#8211; Recrutement\"><img loading=\"lazy\" decoding=\"async\" width=\"300\" height=\"190\" src=\"https:\/\/pedagogie.ac-lille.fr\/sbssa\/wp-content\/uploads\/sites\/30\/2022\/06\/to-do-4483048_1920-300x190.jpg\" class=\"attachment-medium size-medium no-lazy wp-post-image\" alt=\"Sujet\" style=\"max-width:150px;max-height:150px;\" srcset=\"https:\/\/pedagogie.ac-lille.fr\/sbssa\/wp-content\/uploads\/sites\/30\/2022\/06\/to-do-4483048_1920-300x190.jpg 300w, https:\/\/pedagogie.ac-lille.fr\/sbssa\/wp-content\/uploads\/sites\/30\/2022\/06\/to-do-4483048_1920-1024x649.jpg 1024w, https:\/\/pedagogie.ac-lille.fr\/sbssa\/wp-content\/uploads\/sites\/30\/2022\/06\/to-do-4483048_1920-768x487.jpg 768w, https:\/\/pedagogie.ac-lille.fr\/sbssa\/wp-content\/uploads\/sites\/30\/2022\/06\/to-do-4483048_1920-1536x974.jpg 1536w, https:\/\/pedagogie.ac-lille.fr\/sbssa\/wp-content\/uploads\/sites\/30\/2022\/06\/to-do-4483048_1920.jpg 1920w\" sizes=\"auto, (max-width: 300px) 100vw, 300px\" \/><\/a><\/div><a class=\"wp-block-latest-posts__post-title\" href=\"https:\/\/pedagogie.ac-lille.fr\/sbssa\/mcad-recrutement\/\">MCAD &#8211; Recrutement<\/a><time datetime=\"2006-11-21T18:35:00+01:00\" class=\"wp-block-latest-posts__post-date\">21 novembre 2006<\/time><\/li>\n<li><div class=\"wp-block-latest-posts__featured-image alignleft\"><a href=\"https:\/\/pedagogie.ac-lille.fr\/sbssa\/mcad-ccf-grilles-devaluation-en-ccf-decembre-2005\/\" aria-label=\"MCAD &#8211; CCF &#8211; Grilles d&rsquo;\u00e9valuation en CCF &#8211; D\u00e9cembre 2005\"><img loading=\"lazy\" decoding=\"async\" width=\"300\" height=\"183\" src=\"https:\/\/pedagogie.ac-lille.fr\/sbssa\/wp-content\/uploads\/sites\/30\/2022\/05\/feedback-g3d2015c20_1920-300x183.jpg\" class=\"attachment-medium size-medium no-lazy wp-post-image\" alt=\"Evaluation\" style=\"max-width:150px;max-height:150px;\" srcset=\"https:\/\/pedagogie.ac-lille.fr\/sbssa\/wp-content\/uploads\/sites\/30\/2022\/05\/feedback-g3d2015c20_1920-300x183.jpg 300w, https:\/\/pedagogie.ac-lille.fr\/sbssa\/wp-content\/uploads\/sites\/30\/2022\/05\/feedback-g3d2015c20_1920-1024x623.jpg 1024w, https:\/\/pedagogie.ac-lille.fr\/sbssa\/wp-content\/uploads\/sites\/30\/2022\/05\/feedback-g3d2015c20_1920-768x468.jpg 768w, https:\/\/pedagogie.ac-lille.fr\/sbssa\/wp-content\/uploads\/sites\/30\/2022\/05\/feedback-g3d2015c20_1920-1536x935.jpg 1536w, https:\/\/pedagogie.ac-lille.fr\/sbssa\/wp-content\/uploads\/sites\/30\/2022\/05\/feedback-g3d2015c20_1920-570x350.jpg 570w, https:\/\/pedagogie.ac-lille.fr\/sbssa\/wp-content\/uploads\/sites\/30\/2022\/05\/feedback-g3d2015c20_1920.jpg 1920w\" sizes=\"auto, (max-width: 300px) 100vw, 300px\" \/><\/a><\/div><a class=\"wp-block-latest-posts__post-title\" href=\"https:\/\/pedagogie.ac-lille.fr\/sbssa\/mcad-ccf-grilles-devaluation-en-ccf-decembre-2005\/\">MCAD &#8211; CCF &#8211; Grilles d&rsquo;\u00e9valuation en CCF &#8211; D\u00e9cembre 2005<\/a><time datetime=\"2005-12-26T20:09:00+01:00\" class=\"wp-block-latest-posts__post-date\">26 d\u00e9cembre 2005<\/time><\/li>\n<li><div class=\"wp-block-latest-posts__featured-image alignleft\"><a href=\"https:\/\/pedagogie.ac-lille.fr\/sbssa\/mcad-repartition-des-horaires-denseignement-decembre-2005\/\" aria-label=\"MCAD &#8211; R\u00e9partition des horaires d&rsquo;enseignement- D\u00e9cembre 2005\"><img loading=\"lazy\" decoding=\"async\" width=\"300\" height=\"300\" src=\"https:\/\/pedagogie.ac-lille.fr\/sbssa\/wp-content\/uploads\/sites\/30\/2021\/03\/Enseignements-ge\u0301ne\u0301raux-300x300.png\" class=\"attachment-medium size-medium no-lazy wp-post-image\" alt=\"Enseignements g\u00e9n\u00e9raux\" style=\"max-width:150px;max-height:150px;\" srcset=\"https:\/\/pedagogie.ac-lille.fr\/sbssa\/wp-content\/uploads\/sites\/30\/2021\/03\/Enseignements-ge\u0301ne\u0301raux-300x300.png 300w, https:\/\/pedagogie.ac-lille.fr\/sbssa\/wp-content\/uploads\/sites\/30\/2021\/03\/Enseignements-ge\u0301ne\u0301raux-150x150.png 150w, https:\/\/pedagogie.ac-lille.fr\/sbssa\/wp-content\/uploads\/sites\/30\/2021\/03\/Enseignements-ge\u0301ne\u0301raux-510x510.png 510w, https:\/\/pedagogie.ac-lille.fr\/sbssa\/wp-content\/uploads\/sites\/30\/2021\/03\/Enseignements-ge\u0301ne\u0301raux.png 768w\" sizes=\"auto, (max-width: 300px) 100vw, 300px\" \/><\/a><\/div><a class=\"wp-block-latest-posts__post-title\" href=\"https:\/\/pedagogie.ac-lille.fr\/sbssa\/mcad-repartition-des-horaires-denseignement-decembre-2005\/\">MCAD &#8211; R\u00e9partition des horaires d&rsquo;enseignement- D\u00e9cembre 2005<\/a><time datetime=\"2005-12-26T18:05:00+01:00\" class=\"wp-block-latest-posts__post-date\">26 d\u00e9cembre 2005<\/time><\/li>\n<\/ul>","protected":false},"excerpt":{"rendered":"","protected":false},"author":48,"featured_media":911,"parent":8514,"menu_order":0,"comment_status":"closed","ping_status":"closed","template":"","meta":{"ngg_post_thumbnail":0,"footnotes":""},"class_list":["post-8530","page","type-page","status-publish","has-post-thumbnail","czr-hentry"],"publishpress_future_action":{"enabled":false,"date":"2026-04-20 18:00:07","action":"change-status","newStatus":"draft","terms":[],"taxonomy":"","extraData":[]},"publishpress_future_workflow_manual_trigger":{"enabledWorkflows":[]},"_links":{"self":[{"href":"https:\/\/pedagogie.ac-lille.fr\/sbssa\/wp-json\/wp\/v2\/pages\/8530","targetHints":{"allow":["GET"]}}],"collection":[{"href":"https:\/\/pedagogie.ac-lille.fr\/sbssa\/wp-json\/wp\/v2\/pages"}],"about":[{"href":"https:\/\/pedagogie.ac-lille.fr\/sbssa\/wp-json\/wp\/v2\/types\/page"}],"author":[{"embeddable":true,"href":"https:\/\/pedagogie.ac-lille.fr\/sbssa\/wp-json\/wp\/v2\/users\/48"}],"replies":[{"embeddable":true,"href":"https:\/\/pedagogie.ac-lille.fr\/sbssa\/wp-json\/wp\/v2\/comments?post=8530"}],"version-history":[{"count":2,"href":"https:\/\/pedagogie.ac-lille.fr\/sbssa\/wp-json\/wp\/v2\/pages\/8530\/revisions"}],"predecessor-version":[{"id":8532,"href":"https:\/\/pedagogie.ac-lille.fr\/sbssa\/wp-json\/wp\/v2\/pages\/8530\/revisions\/8532"}],"up":[{"embeddable":true,"href":"https:\/\/pedagogie.ac-lille.fr\/sbssa\/wp-json\/wp\/v2\/pages\/8514"}],"wp:featuredmedia":[{"embeddable":true,"href":"https:\/\/pedagogie.ac-lille.fr\/sbssa\/wp-json\/wp\/v2\/media\/911"}],"wp:attachment":[{"href":"https:\/\/pedagogie.ac-lille.fr\/sbssa\/wp-json\/wp\/v2\/media?parent=8530"}],"curies":[{"name":"wp","href":"https:\/\/api.w.org\/{rel}","templated":true}]}}