{"id":8833,"date":"2023-01-06T15:38:43","date_gmt":"2023-01-06T14:38:43","guid":{"rendered":"https:\/\/pedagogie.ac-lille.fr\/sbssa\/?page_id=8833"},"modified":"2023-01-06T16:07:20","modified_gmt":"2023-01-06T15:07:20","slug":"de-ap-textes-officiels","status":"publish","type":"page","link":"https:\/\/pedagogie.ac-lille.fr\/sbssa\/filieres\/filieres-sanitaire-et-sociale\/mention-complementaire-aide-a-domicile-mcad-2\/de-ap-textes-officiels\/","title":{"rendered":"DE AP &#8211; Textes officiels"},"content":{"rendered":"<ul class=\"wp-block-latest-posts__list has-dates wp-block-latest-posts\"><li><div class=\"wp-block-latest-posts__featured-image alignleft\"><a href=\"https:\/\/pedagogie.ac-lille.fr\/sbssa\/reforme-des-modes-daccueil-de-la-petite-enfance-aout-2021\/\" aria-label=\"R\u00e9forme des modes d&rsquo;accueil de la petite enfance &#8211; Ao\u00fbt 2021\"><img loading=\"lazy\" decoding=\"async\" width=\"300\" height=\"200\" src=\"https:\/\/pedagogie.ac-lille.fr\/sbssa\/wp-content\/uploads\/sites\/30\/2021\/08\/alphabet-6002735_1920-300x200.jpg\" class=\"attachment-medium size-medium no-lazy wp-post-image\" alt=\"Petite enfance\" style=\"max-width:150px;max-height:150px;\" srcset=\"https:\/\/pedagogie.ac-lille.fr\/sbssa\/wp-content\/uploads\/sites\/30\/2021\/08\/alphabet-6002735_1920-300x200.jpg 300w, https:\/\/pedagogie.ac-lille.fr\/sbssa\/wp-content\/uploads\/sites\/30\/2021\/08\/alphabet-6002735_1920-1024x683.jpg 1024w, https:\/\/pedagogie.ac-lille.fr\/sbssa\/wp-content\/uploads\/sites\/30\/2021\/08\/alphabet-6002735_1920-768x512.jpg 768w, https:\/\/pedagogie.ac-lille.fr\/sbssa\/wp-content\/uploads\/sites\/30\/2021\/08\/alphabet-6002735_1920-1536x1024.jpg 1536w, https:\/\/pedagogie.ac-lille.fr\/sbssa\/wp-content\/uploads\/sites\/30\/2021\/08\/alphabet-6002735_1920.jpg 1920w\" sizes=\"auto, (max-width: 300px) 100vw, 300px\" \/><\/a><\/div><a class=\"wp-block-latest-posts__post-title\" href=\"https:\/\/pedagogie.ac-lille.fr\/sbssa\/reforme-des-modes-daccueil-de-la-petite-enfance-aout-2021\/\">R\u00e9forme des modes d&rsquo;accueil de la petite enfance &#8211; Ao\u00fbt 2021<\/a><time datetime=\"2021-09-15T14:08:00+02:00\" class=\"wp-block-latest-posts__post-date\">15 septembre 2021<\/time><\/li>\n<li><div class=\"wp-block-latest-posts__featured-image alignleft\"><a href=\"https:\/\/pedagogie.ac-lille.fr\/sbssa\/deap-referentiel-2021\/\" aria-label=\"DEAP &#8211; Nouveaux r\u00e9f\u00e9rentiels de formation et de certification &#8211; Arr\u00eat\u00e9 du 10 juin 2021\"><img loading=\"lazy\" decoding=\"async\" width=\"300\" height=\"199\" src=\"https:\/\/pedagogie.ac-lille.fr\/sbssa\/wp-content\/uploads\/sites\/30\/2021\/07\/laptop-819285_1920-300x199.jpg\" class=\"attachment-medium size-medium no-lazy wp-post-image\" alt=\"R\u00e9f\u00e9rentiel\" style=\"max-width:150px;max-height:150px;\" srcset=\"https:\/\/pedagogie.ac-lille.fr\/sbssa\/wp-content\/uploads\/sites\/30\/2021\/07\/laptop-819285_1920-300x199.jpg 300w, https:\/\/pedagogie.ac-lille.fr\/sbssa\/wp-content\/uploads\/sites\/30\/2021\/07\/laptop-819285_1920-1024x680.jpg 1024w, https:\/\/pedagogie.ac-lille.fr\/sbssa\/wp-content\/uploads\/sites\/30\/2021\/07\/laptop-819285_1920-768x510.jpg 768w, https:\/\/pedagogie.ac-lille.fr\/sbssa\/wp-content\/uploads\/sites\/30\/2021\/07\/laptop-819285_1920-1536x1020.jpg 1536w, https:\/\/pedagogie.ac-lille.fr\/sbssa\/wp-content\/uploads\/sites\/30\/2021\/07\/laptop-819285_1920.jpg 1920w\" sizes=\"auto, (max-width: 300px) 100vw, 300px\" \/><\/a><\/div><a class=\"wp-block-latest-posts__post-title\" href=\"https:\/\/pedagogie.ac-lille.fr\/sbssa\/deap-referentiel-2021\/\">DEAP &#8211; Nouveaux r\u00e9f\u00e9rentiels de formation et de certification &#8211; Arr\u00eat\u00e9 du 10 juin 2021<\/a><time datetime=\"2021-06-10T17:32:00+02:00\" class=\"wp-block-latest-posts__post-date\">10 juin 2021<\/time><\/li>\n<li><div class=\"wp-block-latest-posts__featured-image alignleft\"><a href=\"https:\/\/pedagogie.ac-lille.fr\/sbssa\/deas-et-deap-arrete-du-12-avril-2021-portant-diverses-modifications-relatives-aux-conditions-dacces-aux-formations-conduisant-aux-diplomes-detat-daide-soignant-et-dauxiliaire-de-puericulture\/\" aria-label=\"DE AP et DE AS &#8211; Arr\u00eat\u00e9 du 12 avril 2021 portant diverses modifications relatives aux conditions d&rsquo;acc\u00e8s aux formations conduisant aux dipl\u00f4mes d&rsquo;\u00c9tat d&rsquo;aide soignant et d&rsquo;auxiliaire de pu\u00e9riculture\"><img loading=\"lazy\" decoding=\"async\" width=\"300\" height=\"165\" src=\"https:\/\/pedagogie.ac-lille.fr\/sbssa\/wp-content\/uploads\/sites\/30\/2021\/03\/gavel-3577258_1920-300x165.jpg\" class=\"attachment-medium size-medium no-lazy wp-post-image\" alt=\"Arr\u00eat\u00e9\" style=\"max-width:150px;max-height:150px;\" srcset=\"https:\/\/pedagogie.ac-lille.fr\/sbssa\/wp-content\/uploads\/sites\/30\/2021\/03\/gavel-3577258_1920-300x165.jpg 300w, https:\/\/pedagogie.ac-lille.fr\/sbssa\/wp-content\/uploads\/sites\/30\/2021\/03\/gavel-3577258_1920-1024x563.jpg 1024w, https:\/\/pedagogie.ac-lille.fr\/sbssa\/wp-content\/uploads\/sites\/30\/2021\/03\/gavel-3577258_1920-768x422.jpg 768w, https:\/\/pedagogie.ac-lille.fr\/sbssa\/wp-content\/uploads\/sites\/30\/2021\/03\/gavel-3577258_1920-1536x845.jpg 1536w, https:\/\/pedagogie.ac-lille.fr\/sbssa\/wp-content\/uploads\/sites\/30\/2021\/03\/gavel-3577258_1920.jpg 1920w\" sizes=\"auto, (max-width: 300px) 100vw, 300px\" \/><\/a><\/div><a class=\"wp-block-latest-posts__post-title\" href=\"https:\/\/pedagogie.ac-lille.fr\/sbssa\/deas-et-deap-arrete-du-12-avril-2021-portant-diverses-modifications-relatives-aux-conditions-dacces-aux-formations-conduisant-aux-diplomes-detat-daide-soignant-et-dauxiliaire-de-puericulture\/\">DE AP et DE AS &#8211; Arr\u00eat\u00e9 du 12 avril 2021 portant diverses modifications relatives aux conditions d&rsquo;acc\u00e8s aux formations conduisant aux dipl\u00f4mes d&rsquo;\u00c9tat d&rsquo;aide soignant et d&rsquo;auxiliaire de pu\u00e9riculture<\/a><time datetime=\"2021-04-12T17:18:00+02:00\" class=\"wp-block-latest-posts__post-date\">12 avril 2021<\/time><\/li>\n<li><div class=\"wp-block-latest-posts__featured-image alignleft\"><a href=\"https:\/\/pedagogie.ac-lille.fr\/sbssa\/de-ap-de-as-arrete-du-7-avril-2020-relatif-aux-modalites-dadmission-aux-formations-conduisant-aux-de-ap-et-au-de-as\/\" aria-label=\"DE AP et DE AS &#8211; Arr\u00eat\u00e9 du 7 avril 2020 relatif aux modalit\u00e9s d&rsquo;admission aux formations conduisant aux DE AP et au DE AS\"><img loading=\"lazy\" decoding=\"async\" width=\"300\" height=\"165\" src=\"https:\/\/pedagogie.ac-lille.fr\/sbssa\/wp-content\/uploads\/sites\/30\/2021\/03\/gavel-3577258_1920-300x165.jpg\" class=\"attachment-medium size-medium no-lazy wp-post-image\" alt=\"Arr\u00eat\u00e9\" style=\"max-width:150px;max-height:150px;\" srcset=\"https:\/\/pedagogie.ac-lille.fr\/sbssa\/wp-content\/uploads\/sites\/30\/2021\/03\/gavel-3577258_1920-300x165.jpg 300w, https:\/\/pedagogie.ac-lille.fr\/sbssa\/wp-content\/uploads\/sites\/30\/2021\/03\/gavel-3577258_1920-1024x563.jpg 1024w, https:\/\/pedagogie.ac-lille.fr\/sbssa\/wp-content\/uploads\/sites\/30\/2021\/03\/gavel-3577258_1920-768x422.jpg 768w, https:\/\/pedagogie.ac-lille.fr\/sbssa\/wp-content\/uploads\/sites\/30\/2021\/03\/gavel-3577258_1920-1536x845.jpg 1536w, https:\/\/pedagogie.ac-lille.fr\/sbssa\/wp-content\/uploads\/sites\/30\/2021\/03\/gavel-3577258_1920.jpg 1920w\" sizes=\"auto, (max-width: 300px) 100vw, 300px\" \/><\/a><\/div><a class=\"wp-block-latest-posts__post-title\" href=\"https:\/\/pedagogie.ac-lille.fr\/sbssa\/de-ap-de-as-arrete-du-7-avril-2020-relatif-aux-modalites-dadmission-aux-formations-conduisant-aux-de-ap-et-au-de-as\/\">DE AP et DE AS &#8211; Arr\u00eat\u00e9 du 7 avril 2020 relatif aux modalit\u00e9s d&rsquo;admission aux formations conduisant aux DE AP et au DE AS<\/a><time datetime=\"2020-04-07T16:08:00+02:00\" class=\"wp-block-latest-posts__post-date\">7 avril 2020<\/time><\/li>\n<li><div class=\"wp-block-latest-posts__featured-image alignleft\"><a href=\"https:\/\/pedagogie.ac-lille.fr\/sbssa\/arrete-du-21-05-2014-relatif-a-la-formation-conduisant-au-diplome-detat-dauxiliaire-de-puericulture-deap\/\" aria-label=\"Arr\u00eat\u00e9 du 21 mai 2014 relatif \u00e0 la formation conduisant au Dipl\u00f4me d&rsquo;\u00c9tat d&rsquo;Auxiliaire de Pu\u00e9riculture (DEAP)\"><img loading=\"lazy\" decoding=\"async\" width=\"300\" height=\"165\" src=\"https:\/\/pedagogie.ac-lille.fr\/sbssa\/wp-content\/uploads\/sites\/30\/2021\/03\/gavel-3577258_1920-300x165.jpg\" class=\"attachment-medium size-medium no-lazy wp-post-image\" alt=\"Arr\u00eat\u00e9\" style=\"max-width:150px;max-height:150px;\" srcset=\"https:\/\/pedagogie.ac-lille.fr\/sbssa\/wp-content\/uploads\/sites\/30\/2021\/03\/gavel-3577258_1920-300x165.jpg 300w, https:\/\/pedagogie.ac-lille.fr\/sbssa\/wp-content\/uploads\/sites\/30\/2021\/03\/gavel-3577258_1920-1024x563.jpg 1024w, https:\/\/pedagogie.ac-lille.fr\/sbssa\/wp-content\/uploads\/sites\/30\/2021\/03\/gavel-3577258_1920-768x422.jpg 768w, https:\/\/pedagogie.ac-lille.fr\/sbssa\/wp-content\/uploads\/sites\/30\/2021\/03\/gavel-3577258_1920-1536x845.jpg 1536w, https:\/\/pedagogie.ac-lille.fr\/sbssa\/wp-content\/uploads\/sites\/30\/2021\/03\/gavel-3577258_1920.jpg 1920w\" sizes=\"auto, (max-width: 300px) 100vw, 300px\" \/><\/a><\/div><a class=\"wp-block-latest-posts__post-title\" href=\"https:\/\/pedagogie.ac-lille.fr\/sbssa\/arrete-du-21-05-2014-relatif-a-la-formation-conduisant-au-diplome-detat-dauxiliaire-de-puericulture-deap\/\">Arr\u00eat\u00e9 du 21 mai 2014 relatif \u00e0 la formation conduisant au Dipl\u00f4me d&rsquo;\u00c9tat d&rsquo;Auxiliaire de Pu\u00e9riculture (DEAP)<\/a><time datetime=\"2014-05-21T16:07:00+02:00\" class=\"wp-block-latest-posts__post-date\">21 mai 2014<\/time><\/li>\n<li><div class=\"wp-block-latest-posts__featured-image alignleft\"><a href=\"https:\/\/pedagogie.ac-lille.fr\/sbssa\/de-ap-arrete-du-16-janvier-2006-relatif-a-la-formation-conduisant-au-diplome-detat-dauxiliaire-de-puericulture\/\" aria-label=\"DE AP &#8211; Arr\u00eat\u00e9 du 16 janvier 2006 relatif \u00e0 la formation conduisant au dipl\u00f4me d&rsquo;Etat d&rsquo;auxiliaire de pu\u00e9riculture\"><img loading=\"lazy\" decoding=\"async\" width=\"300\" height=\"165\" src=\"https:\/\/pedagogie.ac-lille.fr\/sbssa\/wp-content\/uploads\/sites\/30\/2021\/03\/gavel-3577258_1920-300x165.jpg\" class=\"attachment-medium size-medium no-lazy wp-post-image\" alt=\"Arr\u00eat\u00e9\" style=\"max-width:150px;max-height:150px;\" srcset=\"https:\/\/pedagogie.ac-lille.fr\/sbssa\/wp-content\/uploads\/sites\/30\/2021\/03\/gavel-3577258_1920-300x165.jpg 300w, https:\/\/pedagogie.ac-lille.fr\/sbssa\/wp-content\/uploads\/sites\/30\/2021\/03\/gavel-3577258_1920-1024x563.jpg 1024w, https:\/\/pedagogie.ac-lille.fr\/sbssa\/wp-content\/uploads\/sites\/30\/2021\/03\/gavel-3577258_1920-768x422.jpg 768w, https:\/\/pedagogie.ac-lille.fr\/sbssa\/wp-content\/uploads\/sites\/30\/2021\/03\/gavel-3577258_1920-1536x845.jpg 1536w, https:\/\/pedagogie.ac-lille.fr\/sbssa\/wp-content\/uploads\/sites\/30\/2021\/03\/gavel-3577258_1920.jpg 1920w\" sizes=\"auto, (max-width: 300px) 100vw, 300px\" \/><\/a><\/div><a class=\"wp-block-latest-posts__post-title\" href=\"https:\/\/pedagogie.ac-lille.fr\/sbssa\/de-ap-arrete-du-16-janvier-2006-relatif-a-la-formation-conduisant-au-diplome-detat-dauxiliaire-de-puericulture\/\">DE AP &#8211; Arr\u00eat\u00e9 du 16 janvier 2006 relatif \u00e0 la formation conduisant au dipl\u00f4me d&rsquo;Etat d&rsquo;auxiliaire de pu\u00e9riculture<\/a><time datetime=\"2006-01-16T15:53:00+01:00\" class=\"wp-block-latest-posts__post-date\">16 janvier 2006<\/time><\/li>\n<\/ul>","protected":false},"excerpt":{"rendered":"","protected":false},"author":48,"featured_media":3822,"parent":8827,"menu_order":0,"comment_status":"closed","ping_status":"closed","template":"","meta":{"ngg_post_thumbnail":0,"footnotes":""},"class_list":["post-8833","page","type-page","status-publish","has-post-thumbnail","czr-hentry"],"publishpress_future_action":{"enabled":false,"date":"2026-04-20 14:36:03","action":"change-status","newStatus":"draft","terms":[],"taxonomy":"","extraData":[]},"publishpress_future_workflow_manual_trigger":{"enabledWorkflows":[]},"_links":{"self":[{"href":"https:\/\/pedagogie.ac-lille.fr\/sbssa\/wp-json\/wp\/v2\/pages\/8833","targetHints":{"allow":["GET"]}}],"collection":[{"href":"https:\/\/pedagogie.ac-lille.fr\/sbssa\/wp-json\/wp\/v2\/pages"}],"about":[{"href":"https:\/\/pedagogie.ac-lille.fr\/sbssa\/wp-json\/wp\/v2\/types\/page"}],"author":[{"embeddable":true,"href":"https:\/\/pedagogie.ac-lille.fr\/sbssa\/wp-json\/wp\/v2\/users\/48"}],"replies":[{"embeddable":true,"href":"https:\/\/pedagogie.ac-lille.fr\/sbssa\/wp-json\/wp\/v2\/comments?post=8833"}],"version-history":[{"count":2,"href":"https:\/\/pedagogie.ac-lille.fr\/sbssa\/wp-json\/wp\/v2\/pages\/8833\/revisions"}],"predecessor-version":[{"id":8864,"href":"https:\/\/pedagogie.ac-lille.fr\/sbssa\/wp-json\/wp\/v2\/pages\/8833\/revisions\/8864"}],"up":[{"embeddable":true,"href":"https:\/\/pedagogie.ac-lille.fr\/sbssa\/wp-json\/wp\/v2\/pages\/8827"}],"wp:featuredmedia":[{"embeddable":true,"href":"https:\/\/pedagogie.ac-lille.fr\/sbssa\/wp-json\/wp\/v2\/media\/3822"}],"wp:attachment":[{"href":"https:\/\/pedagogie.ac-lille.fr\/sbssa\/wp-json\/wp\/v2\/media?parent=8833"}],"curies":[{"name":"wp","href":"https:\/\/api.w.org\/{rel}","templated":true}]}}