{"id":8835,"date":"2023-01-06T15:39:45","date_gmt":"2023-01-06T14:39:45","guid":{"rendered":"https:\/\/pedagogie.ac-lille.fr\/sbssa\/?page_id=8835"},"modified":"2023-01-07T09:39:19","modified_gmt":"2023-01-07T08:39:19","slug":"de-ap-ressources","status":"publish","type":"page","link":"https:\/\/pedagogie.ac-lille.fr\/sbssa\/filieres\/filieres-sanitaire-et-sociale\/mention-complementaire-aide-a-domicile-mcad-2\/de-ap-ressources\/","title":{"rendered":"DE AP &#8211; Ressources"},"content":{"rendered":"<ul class=\"wp-block-latest-posts__list has-dates wp-block-latest-posts\"><li><div class=\"wp-block-latest-posts__featured-image alignleft\"><a href=\"https:\/\/pedagogie.ac-lille.fr\/sbssa\/risques-biologiques-pour-un-usage-raisonne-de-la-desinfection\/\" aria-label=\"Risques biologiques : pour un usage raisonn\u00e9 de la d\u00e9sinfection\"><img loading=\"lazy\" decoding=\"async\" width=\"209\" height=\"300\" src=\"https:\/\/pedagogie.ac-lille.fr\/sbssa\/wp-content\/uploads\/sites\/30\/2026\/03\/ed6188-209x300.jpg\" class=\"attachment-medium size-medium no-lazy wp-post-image\" alt=\"\" style=\"max-width:150px;max-height:150px;\" srcset=\"https:\/\/pedagogie.ac-lille.fr\/sbssa\/wp-content\/uploads\/sites\/30\/2026\/03\/ed6188-209x300.jpg 209w, https:\/\/pedagogie.ac-lille.fr\/sbssa\/wp-content\/uploads\/sites\/30\/2026\/03\/ed6188.jpg 280w\" sizes=\"auto, (max-width: 209px) 100vw, 209px\" \/><\/a><\/div><a class=\"wp-block-latest-posts__post-title\" href=\"https:\/\/pedagogie.ac-lille.fr\/sbssa\/risques-biologiques-pour-un-usage-raisonne-de-la-desinfection\/\">Risques biologiques : pour un usage raisonn\u00e9 de la d\u00e9sinfection<\/a><time datetime=\"2026-03-22T19:09:55+01:00\" class=\"wp-block-latest-posts__post-date\">22 mars 2026<\/time><\/li>\n<li><div class=\"wp-block-latest-posts__featured-image alignleft\"><a href=\"https:\/\/pedagogie.ac-lille.fr\/sbssa\/lettre-dinformation-du-reseau-national-des-ressources-en-sciences-medico-sociales-numero-13-decembre-2024\/\" aria-label=\"Lettre d\u2019information du R\u00e9seau national des ressources en sciences m\u00e9dico-sociales &#8211; Num\u00e9ro 13 &#8211; D\u00e9cembre 2024\"><img loading=\"lazy\" decoding=\"async\" width=\"300\" height=\"231\" src=\"https:\/\/pedagogie.ac-lille.fr\/sbssa\/wp-content\/uploads\/sites\/30\/2024\/12\/RNRSMS.jpg\" class=\"attachment-medium size-medium no-lazy wp-post-image\" alt=\"\" style=\"max-width:150px;max-height:150px;\" \/><\/a><\/div><a class=\"wp-block-latest-posts__post-title\" href=\"https:\/\/pedagogie.ac-lille.fr\/sbssa\/lettre-dinformation-du-reseau-national-des-ressources-en-sciences-medico-sociales-numero-13-decembre-2024\/\">Lettre d\u2019information du R\u00e9seau national des ressources en sciences m\u00e9dico-sociales &#8211; Num\u00e9ro 13 &#8211; D\u00e9cembre 2024<\/a><time datetime=\"2024-12-08T11:16:05+01:00\" class=\"wp-block-latest-posts__post-date\">8 d\u00e9cembre 2024<\/time><\/li>\n<li><div class=\"wp-block-latest-posts__featured-image alignleft\"><a href=\"https:\/\/pedagogie.ac-lille.fr\/sbssa\/1000-premiers-jours-fr\/\" aria-label=\"1000 PREMIERS JOURS.FR\"><img loading=\"lazy\" decoding=\"async\" width=\"300\" height=\"148\" src=\"https:\/\/pedagogie.ac-lille.fr\/sbssa\/wp-content\/uploads\/sites\/30\/2023\/04\/1000-premiers-jours-300x148.jpg\" class=\"attachment-medium size-medium no-lazy wp-post-image\" alt=\"\" style=\"max-width:150px;max-height:150px;\" srcset=\"https:\/\/pedagogie.ac-lille.fr\/sbssa\/wp-content\/uploads\/sites\/30\/2023\/04\/1000-premiers-jours-300x148.jpg 300w, https:\/\/pedagogie.ac-lille.fr\/sbssa\/wp-content\/uploads\/sites\/30\/2023\/04\/1000-premiers-jours-1024x506.jpg 1024w, https:\/\/pedagogie.ac-lille.fr\/sbssa\/wp-content\/uploads\/sites\/30\/2023\/04\/1000-premiers-jours-768x380.jpg 768w, https:\/\/pedagogie.ac-lille.fr\/sbssa\/wp-content\/uploads\/sites\/30\/2023\/04\/1000-premiers-jours.jpg 1200w\" sizes=\"auto, (max-width: 300px) 100vw, 300px\" \/><\/a><\/div><a class=\"wp-block-latest-posts__post-title\" href=\"https:\/\/pedagogie.ac-lille.fr\/sbssa\/1000-premiers-jours-fr\/\">1000 PREMIERS JOURS.FR<\/a><time datetime=\"2023-04-22T11:37:06+02:00\" class=\"wp-block-latest-posts__post-date\">22 avril 2023<\/time><\/li>\n<li><div class=\"wp-block-latest-posts__featured-image alignleft\"><a href=\"https:\/\/pedagogie.ac-lille.fr\/sbssa\/vademecum-sur-les-violences-sexuelles-intrafamiliales\/\" aria-label=\"Vademecum sur les violences sexuelles intrafamiliales\"><img loading=\"lazy\" decoding=\"async\" width=\"300\" height=\"64\" src=\"https:\/\/pedagogie.ac-lille.fr\/sbssa\/wp-content\/uploads\/sites\/30\/2022\/12\/banniere_eduscol_1680x360_800-300x64.png\" class=\"attachment-medium size-medium no-lazy wp-post-image\" alt=\"\" style=\"max-width:150px;max-height:150px;\" srcset=\"https:\/\/pedagogie.ac-lille.fr\/sbssa\/wp-content\/uploads\/sites\/30\/2022\/12\/banniere_eduscol_1680x360_800-300x64.png 300w, https:\/\/pedagogie.ac-lille.fr\/sbssa\/wp-content\/uploads\/sites\/30\/2022\/12\/banniere_eduscol_1680x360_800-1024x219.png 1024w, https:\/\/pedagogie.ac-lille.fr\/sbssa\/wp-content\/uploads\/sites\/30\/2022\/12\/banniere_eduscol_1680x360_800-768x165.png 768w, https:\/\/pedagogie.ac-lille.fr\/sbssa\/wp-content\/uploads\/sites\/30\/2022\/12\/banniere_eduscol_1680x360_800-1536x329.png 1536w, https:\/\/pedagogie.ac-lille.fr\/sbssa\/wp-content\/uploads\/sites\/30\/2022\/12\/banniere_eduscol_1680x360_800.png 1680w\" sizes=\"auto, (max-width: 300px) 100vw, 300px\" \/><\/a><\/div><a class=\"wp-block-latest-posts__post-title\" href=\"https:\/\/pedagogie.ac-lille.fr\/sbssa\/vademecum-sur-les-violences-sexuelles-intrafamiliales\/\">Vademecum sur les violences sexuelles intrafamiliales<\/a><time datetime=\"2022-12-19T20:32:39+01:00\" class=\"wp-block-latest-posts__post-date\">19 d\u00e9cembre 2022<\/time><\/li>\n<li><div class=\"wp-block-latest-posts__featured-image alignleft\"><a href=\"https:\/\/pedagogie.ac-lille.fr\/sbssa\/la-sante-en-action-lurbanisme-au-service-de-la-sante-mars-2022-n459\/\" aria-label=\"La sant\u00e9 en action : L&rsquo;urbanisme au service de la sant\u00e9 &#8211; Mars 2022 n\u00b0459\"><img loading=\"lazy\" decoding=\"async\" width=\"300\" height=\"225\" src=\"https:\/\/pedagogie.ac-lille.fr\/sbssa\/wp-content\/uploads\/sites\/30\/2023\/04\/blood-pressure-g43209f361_1920-300x225.jpg\" class=\"attachment-medium size-medium no-lazy wp-post-image\" alt=\"\" style=\"max-width:150px;max-height:150px;\" srcset=\"https:\/\/pedagogie.ac-lille.fr\/sbssa\/wp-content\/uploads\/sites\/30\/2023\/04\/blood-pressure-g43209f361_1920-300x225.jpg 300w, https:\/\/pedagogie.ac-lille.fr\/sbssa\/wp-content\/uploads\/sites\/30\/2023\/04\/blood-pressure-g43209f361_1920-1024x768.jpg 1024w, https:\/\/pedagogie.ac-lille.fr\/sbssa\/wp-content\/uploads\/sites\/30\/2023\/04\/blood-pressure-g43209f361_1920-768x576.jpg 768w, https:\/\/pedagogie.ac-lille.fr\/sbssa\/wp-content\/uploads\/sites\/30\/2023\/04\/blood-pressure-g43209f361_1920-1536x1152.jpg 1536w, https:\/\/pedagogie.ac-lille.fr\/sbssa\/wp-content\/uploads\/sites\/30\/2023\/04\/blood-pressure-g43209f361_1920.jpg 1920w\" sizes=\"auto, (max-width: 300px) 100vw, 300px\" \/><\/a><\/div><a class=\"wp-block-latest-posts__post-title\" href=\"https:\/\/pedagogie.ac-lille.fr\/sbssa\/la-sante-en-action-lurbanisme-au-service-de-la-sante-mars-2022-n459\/\">La sant\u00e9 en action : L&rsquo;urbanisme au service de la sant\u00e9 &#8211; Mars 2022 n\u00b0459<\/a><time datetime=\"2022-03-18T14:26:00+01:00\" class=\"wp-block-latest-posts__post-date\">18 mars 2022<\/time><\/li>\n<li><div class=\"wp-block-latest-posts__featured-image alignleft\"><a href=\"https:\/\/pedagogie.ac-lille.fr\/sbssa\/ressources-pour-animer-une-seance-de-sensibilisation-au-handicap\/\" aria-label=\"Ressources pour animer une s\u00e9ance de sensibilisation au handicap\"><img loading=\"lazy\" decoding=\"async\" width=\"300\" height=\"243\" src=\"https:\/\/pedagogie.ac-lille.fr\/sbssa\/wp-content\/uploads\/sites\/30\/2022\/05\/pixel-cells-g9c2803b40_1280-300x243.png\" class=\"attachment-medium size-medium no-lazy wp-post-image\" alt=\"Ressources\" style=\"max-width:150px;max-height:150px;\" srcset=\"https:\/\/pedagogie.ac-lille.fr\/sbssa\/wp-content\/uploads\/sites\/30\/2022\/05\/pixel-cells-g9c2803b40_1280-300x243.png 300w, https:\/\/pedagogie.ac-lille.fr\/sbssa\/wp-content\/uploads\/sites\/30\/2022\/05\/pixel-cells-g9c2803b40_1280-1024x830.png 1024w, https:\/\/pedagogie.ac-lille.fr\/sbssa\/wp-content\/uploads\/sites\/30\/2022\/05\/pixel-cells-g9c2803b40_1280-768x623.png 768w, https:\/\/pedagogie.ac-lille.fr\/sbssa\/wp-content\/uploads\/sites\/30\/2022\/05\/pixel-cells-g9c2803b40_1280.png 1280w\" sizes=\"auto, (max-width: 300px) 100vw, 300px\" \/><\/a><\/div><a class=\"wp-block-latest-posts__post-title\" href=\"https:\/\/pedagogie.ac-lille.fr\/sbssa\/ressources-pour-animer-une-seance-de-sensibilisation-au-handicap\/\">Ressources pour animer une s\u00e9ance de sensibilisation au handicap<\/a><time datetime=\"2022-01-31T23:11:00+01:00\" class=\"wp-block-latest-posts__post-date\">31 janvier 2022<\/time><\/li>\n<li><div class=\"wp-block-latest-posts__featured-image alignleft\"><a href=\"https:\/\/pedagogie.ac-lille.fr\/sbssa\/le-sommeil\/\" aria-label=\"Le sommeil\"><img loading=\"lazy\" decoding=\"async\" width=\"300\" height=\"300\" src=\"https:\/\/pedagogie.ac-lille.fr\/sbssa\/wp-content\/uploads\/sites\/30\/2023\/04\/clock-gc965d1bcf_1280-300x300.png\" class=\"attachment-medium size-medium no-lazy wp-post-image\" alt=\"\" style=\"max-width:150px;max-height:150px;\" srcset=\"https:\/\/pedagogie.ac-lille.fr\/sbssa\/wp-content\/uploads\/sites\/30\/2023\/04\/clock-gc965d1bcf_1280-300x300.png 300w, https:\/\/pedagogie.ac-lille.fr\/sbssa\/wp-content\/uploads\/sites\/30\/2023\/04\/clock-gc965d1bcf_1280-1024x1024.png 1024w, https:\/\/pedagogie.ac-lille.fr\/sbssa\/wp-content\/uploads\/sites\/30\/2023\/04\/clock-gc965d1bcf_1280-150x150.png 150w, https:\/\/pedagogie.ac-lille.fr\/sbssa\/wp-content\/uploads\/sites\/30\/2023\/04\/clock-gc965d1bcf_1280-768x768.png 768w, https:\/\/pedagogie.ac-lille.fr\/sbssa\/wp-content\/uploads\/sites\/30\/2023\/04\/clock-gc965d1bcf_1280-510x510.png 510w, https:\/\/pedagogie.ac-lille.fr\/sbssa\/wp-content\/uploads\/sites\/30\/2023\/04\/clock-gc965d1bcf_1280.png 1280w\" sizes=\"auto, (max-width: 300px) 100vw, 300px\" \/><\/a><\/div><a class=\"wp-block-latest-posts__post-title\" href=\"https:\/\/pedagogie.ac-lille.fr\/sbssa\/le-sommeil\/\">Le sommeil<\/a><time datetime=\"2021-02-18T12:14:00+01:00\" class=\"wp-block-latest-posts__post-date\">18 f\u00e9vrier 2021<\/time><\/li>\n<li><div class=\"wp-block-latest-posts__featured-image alignleft\"><a href=\"https:\/\/pedagogie.ac-lille.fr\/sbssa\/prevention-des-risques-professionnels-dans-le-secteur-de-la-petite-enfance\/\" aria-label=\"Pr\u00e9vention des risques professionnels dans le secteur de la petite enfance\"><img loading=\"lazy\" decoding=\"async\" width=\"212\" height=\"300\" src=\"https:\/\/pedagogie.ac-lille.fr\/sbssa\/wp-content\/uploads\/sites\/30\/2021\/02\/Risques-professionnels-PE-INTS-Ed6426-212x300.jpg\" class=\"attachment-medium size-medium no-lazy wp-post-image\" alt=\"Risques professionnels PE\" style=\"max-width:150px;max-height:150px;\" srcset=\"https:\/\/pedagogie.ac-lille.fr\/sbssa\/wp-content\/uploads\/sites\/30\/2021\/02\/Risques-professionnels-PE-INTS-Ed6426-212x300.jpg 212w, https:\/\/pedagogie.ac-lille.fr\/sbssa\/wp-content\/uploads\/sites\/30\/2021\/02\/Risques-professionnels-PE-INTS-Ed6426.jpg 280w\" sizes=\"auto, (max-width: 212px) 100vw, 212px\" \/><\/a><\/div><a class=\"wp-block-latest-posts__post-title\" href=\"https:\/\/pedagogie.ac-lille.fr\/sbssa\/prevention-des-risques-professionnels-dans-le-secteur-de-la-petite-enfance\/\">Pr\u00e9vention des risques professionnels dans le secteur de la petite enfance<\/a><time datetime=\"2021-02-14T10:20:00+01:00\" class=\"wp-block-latest-posts__post-date\">14 f\u00e9vrier 2021<\/time><\/li>\n<li><div class=\"wp-block-latest-posts__featured-image alignleft\"><a href=\"https:\/\/pedagogie.ac-lille.fr\/sbssa\/deap-decouvrir-le-metier-dauxiliaire-de-puericulture\/\" aria-label=\"DEAP &#8211; D\u00e9couvrir le m\u00e9tier d&rsquo;auxiliaire de pu\u00e9riculture\"><img loading=\"lazy\" decoding=\"async\" width=\"300\" height=\"200\" src=\"https:\/\/pedagogie.ac-lille.fr\/sbssa\/wp-content\/uploads\/sites\/30\/2023\/01\/baby-ge271d6890_1920-300x200.jpg\" class=\"attachment-medium size-medium no-lazy wp-post-image\" alt=\"Pu\u00e9riculture\" style=\"max-width:150px;max-height:150px;\" srcset=\"https:\/\/pedagogie.ac-lille.fr\/sbssa\/wp-content\/uploads\/sites\/30\/2023\/01\/baby-ge271d6890_1920-300x200.jpg 300w, https:\/\/pedagogie.ac-lille.fr\/sbssa\/wp-content\/uploads\/sites\/30\/2023\/01\/baby-ge271d6890_1920-1024x683.jpg 1024w, https:\/\/pedagogie.ac-lille.fr\/sbssa\/wp-content\/uploads\/sites\/30\/2023\/01\/baby-ge271d6890_1920-768x512.jpg 768w, https:\/\/pedagogie.ac-lille.fr\/sbssa\/wp-content\/uploads\/sites\/30\/2023\/01\/baby-ge271d6890_1920-1536x1024.jpg 1536w, https:\/\/pedagogie.ac-lille.fr\/sbssa\/wp-content\/uploads\/sites\/30\/2023\/01\/baby-ge271d6890_1920.jpg 1920w\" sizes=\"auto, (max-width: 300px) 100vw, 300px\" \/><\/a><\/div><a class=\"wp-block-latest-posts__post-title\" href=\"https:\/\/pedagogie.ac-lille.fr\/sbssa\/deap-decouvrir-le-metier-dauxiliaire-de-puericulture\/\">DEAP &#8211; D\u00e9couvrir le m\u00e9tier d&rsquo;auxiliaire de pu\u00e9riculture<\/a><time datetime=\"2021-02-01T18:11:00+01:00\" class=\"wp-block-latest-posts__post-date\">1 f\u00e9vrier 2021<\/time><\/li>\n<li><div class=\"wp-block-latest-posts__featured-image alignleft\"><a href=\"https:\/\/pedagogie.ac-lille.fr\/sbssa\/prevention-des-infections-associees-aux-soins-2\/\" aria-label=\"Pr\u00e9vention des Infections Associ\u00e9es aux Soins\"><img loading=\"lazy\" decoding=\"async\" width=\"300\" height=\"200\" src=\"https:\/\/pedagogie.ac-lille.fr\/sbssa\/wp-content\/uploads\/sites\/30\/2023\/01\/hand-disinfection-4954840_1920-300x200.jpg\" class=\"attachment-medium size-medium no-lazy wp-post-image\" alt=\"Hygi\u00e8ne\" style=\"max-width:150px;max-height:150px;\" srcset=\"https:\/\/pedagogie.ac-lille.fr\/sbssa\/wp-content\/uploads\/sites\/30\/2023\/01\/hand-disinfection-4954840_1920-300x200.jpg 300w, https:\/\/pedagogie.ac-lille.fr\/sbssa\/wp-content\/uploads\/sites\/30\/2023\/01\/hand-disinfection-4954840_1920-1024x683.jpg 1024w, https:\/\/pedagogie.ac-lille.fr\/sbssa\/wp-content\/uploads\/sites\/30\/2023\/01\/hand-disinfection-4954840_1920-768x512.jpg 768w, https:\/\/pedagogie.ac-lille.fr\/sbssa\/wp-content\/uploads\/sites\/30\/2023\/01\/hand-disinfection-4954840_1920-1536x1024.jpg 1536w, https:\/\/pedagogie.ac-lille.fr\/sbssa\/wp-content\/uploads\/sites\/30\/2023\/01\/hand-disinfection-4954840_1920.jpg 1920w\" sizes=\"auto, (max-width: 300px) 100vw, 300px\" \/><\/a><\/div><a class=\"wp-block-latest-posts__post-title\" href=\"https:\/\/pedagogie.ac-lille.fr\/sbssa\/prevention-des-infections-associees-aux-soins-2\/\">Pr\u00e9vention des Infections Associ\u00e9es aux Soins<\/a><time datetime=\"2021-02-01T16:28:00+01:00\" class=\"wp-block-latest-posts__post-date\">1 f\u00e9vrier 2021<\/time><\/li>\n<li><div class=\"wp-block-latest-posts__featured-image alignleft\"><a href=\"https:\/\/pedagogie.ac-lille.fr\/sbssa\/accidents-domestiques\/\" aria-label=\"Accidents domestiques\"><img loading=\"lazy\" decoding=\"async\" width=\"189\" height=\"267\" src=\"https:\/\/pedagogie.ac-lille.fr\/sbssa\/wp-content\/uploads\/sites\/30\/2023\/04\/Accidents-domestiques.jpeg\" class=\"attachment-medium size-medium no-lazy wp-post-image\" alt=\"\" style=\"max-width:150px;max-height:150px;\" \/><\/a><\/div><a class=\"wp-block-latest-posts__post-title\" href=\"https:\/\/pedagogie.ac-lille.fr\/sbssa\/accidents-domestiques\/\">Accidents domestiques<\/a><time datetime=\"2009-12-31T11:05:00+01:00\" class=\"wp-block-latest-posts__post-date\">31 d\u00e9cembre 2009<\/time><\/li>\n<\/ul>","protected":false},"excerpt":{"rendered":"","protected":false},"author":48,"featured_media":3312,"parent":8827,"menu_order":0,"comment_status":"closed","ping_status":"closed","template":"","meta":{"ngg_post_thumbnail":0,"footnotes":""},"class_list":["post-8835","page","type-page","status-publish","has-post-thumbnail","czr-hentry"],"publishpress_future_action":{"enabled":false,"date":"2026-04-20 12:50:48","action":"change-status","newStatus":"draft","terms":[],"taxonomy":"","extraData":[]},"publishpress_future_workflow_manual_trigger":{"enabledWorkflows":[]},"_links":{"self":[{"href":"https:\/\/pedagogie.ac-lille.fr\/sbssa\/wp-json\/wp\/v2\/pages\/8835","targetHints":{"allow":["GET"]}}],"collection":[{"href":"https:\/\/pedagogie.ac-lille.fr\/sbssa\/wp-json\/wp\/v2\/pages"}],"about":[{"href":"https:\/\/pedagogie.ac-lille.fr\/sbssa\/wp-json\/wp\/v2\/types\/page"}],"author":[{"embeddable":true,"href":"https:\/\/pedagogie.ac-lille.fr\/sbssa\/wp-json\/wp\/v2\/users\/48"}],"replies":[{"embeddable":true,"href":"https:\/\/pedagogie.ac-lille.fr\/sbssa\/wp-json\/wp\/v2\/comments?post=8835"}],"version-history":[{"count":3,"href":"https:\/\/pedagogie.ac-lille.fr\/sbssa\/wp-json\/wp\/v2\/pages\/8835\/revisions"}],"predecessor-version":[{"id":8965,"href":"https:\/\/pedagogie.ac-lille.fr\/sbssa\/wp-json\/wp\/v2\/pages\/8835\/revisions\/8965"}],"up":[{"embeddable":true,"href":"https:\/\/pedagogie.ac-lille.fr\/sbssa\/wp-json\/wp\/v2\/pages\/8827"}],"wp:featuredmedia":[{"embeddable":true,"href":"https:\/\/pedagogie.ac-lille.fr\/sbssa\/wp-json\/wp\/v2\/media\/3312"}],"wp:attachment":[{"href":"https:\/\/pedagogie.ac-lille.fr\/sbssa\/wp-json\/wp\/v2\/media?parent=8835"}],"curies":[{"name":"wp","href":"https:\/\/api.w.org\/{rel}","templated":true}]}}