{"id":8945,"date":"2023-01-06T18:34:18","date_gmt":"2023-01-06T17:34:18","guid":{"rendered":"https:\/\/pedagogie.ac-lille.fr\/sbssa\/?page_id=8945"},"modified":"2023-01-06T18:42:39","modified_gmt":"2023-01-06T17:42:39","slug":"textes-officiels-de-as","status":"publish","type":"page","link":"https:\/\/pedagogie.ac-lille.fr\/sbssa\/filieres\/filieres-sanitaire-et-sociale\/mention-complementaire-aide-a-domicile-mcad-2-2\/textes-officiels-de-as\/","title":{"rendered":"Textes officiels &#8211; DE AS"},"content":{"rendered":"<ul class=\"wp-block-latest-posts__list has-dates wp-block-latest-posts\"><li><div class=\"wp-block-latest-posts__featured-image alignleft\"><a href=\"https:\/\/pedagogie.ac-lille.fr\/sbssa\/de-as-nouveau-referentiel-de-formation-arrete-du-10-juin-2021\/\" aria-label=\"DE AS &#8211; Nouveau r\u00e9f\u00e9rentiel de formation &#8211; Arr\u00eat\u00e9 du 10 juin 2021\"><img loading=\"lazy\" decoding=\"async\" width=\"300\" height=\"199\" src=\"https:\/\/pedagogie.ac-lille.fr\/sbssa\/wp-content\/uploads\/sites\/30\/2021\/07\/laptop-819285_1920-300x199.jpg\" class=\"attachment-medium size-medium no-lazy wp-post-image\" alt=\"R\u00e9f\u00e9rentiel\" style=\"max-width:150px;max-height:150px;\" srcset=\"https:\/\/pedagogie.ac-lille.fr\/sbssa\/wp-content\/uploads\/sites\/30\/2021\/07\/laptop-819285_1920-300x199.jpg 300w, https:\/\/pedagogie.ac-lille.fr\/sbssa\/wp-content\/uploads\/sites\/30\/2021\/07\/laptop-819285_1920-1024x680.jpg 1024w, https:\/\/pedagogie.ac-lille.fr\/sbssa\/wp-content\/uploads\/sites\/30\/2021\/07\/laptop-819285_1920-768x510.jpg 768w, https:\/\/pedagogie.ac-lille.fr\/sbssa\/wp-content\/uploads\/sites\/30\/2021\/07\/laptop-819285_1920-1536x1020.jpg 1536w, https:\/\/pedagogie.ac-lille.fr\/sbssa\/wp-content\/uploads\/sites\/30\/2021\/07\/laptop-819285_1920.jpg 1920w\" sizes=\"auto, (max-width: 300px) 100vw, 300px\" \/><\/a><\/div><a class=\"wp-block-latest-posts__post-title\" href=\"https:\/\/pedagogie.ac-lille.fr\/sbssa\/de-as-nouveau-referentiel-de-formation-arrete-du-10-juin-2021\/\">DE AS &#8211; Nouveau r\u00e9f\u00e9rentiel de formation &#8211; Arr\u00eat\u00e9 du 10 juin 2021<\/a><time datetime=\"2021-06-10T10:42:00+02:00\" class=\"wp-block-latest-posts__post-date\">10 juin 2021<\/time><\/li>\n<li><div class=\"wp-block-latest-posts__featured-image alignleft\"><a href=\"https:\/\/pedagogie.ac-lille.fr\/sbssa\/deas-et-deap-arrete-du-12-avril-2021-portant-diverses-modifications-relatives-aux-conditions-dacces-aux-formations-conduisant-aux-diplomes-detat-daide-soignant-et-dauxiliaire-de-puericulture\/\" aria-label=\"DE AP et DE AS &#8211; Arr\u00eat\u00e9 du 12 avril 2021 portant diverses modifications relatives aux conditions d&rsquo;acc\u00e8s aux formations conduisant aux dipl\u00f4mes d&rsquo;\u00c9tat d&rsquo;aide soignant et d&rsquo;auxiliaire de pu\u00e9riculture\"><img loading=\"lazy\" decoding=\"async\" width=\"300\" height=\"165\" src=\"https:\/\/pedagogie.ac-lille.fr\/sbssa\/wp-content\/uploads\/sites\/30\/2021\/03\/gavel-3577258_1920-300x165.jpg\" class=\"attachment-medium size-medium no-lazy wp-post-image\" alt=\"Arr\u00eat\u00e9\" style=\"max-width:150px;max-height:150px;\" srcset=\"https:\/\/pedagogie.ac-lille.fr\/sbssa\/wp-content\/uploads\/sites\/30\/2021\/03\/gavel-3577258_1920-300x165.jpg 300w, https:\/\/pedagogie.ac-lille.fr\/sbssa\/wp-content\/uploads\/sites\/30\/2021\/03\/gavel-3577258_1920-1024x563.jpg 1024w, https:\/\/pedagogie.ac-lille.fr\/sbssa\/wp-content\/uploads\/sites\/30\/2021\/03\/gavel-3577258_1920-768x422.jpg 768w, https:\/\/pedagogie.ac-lille.fr\/sbssa\/wp-content\/uploads\/sites\/30\/2021\/03\/gavel-3577258_1920-1536x845.jpg 1536w, https:\/\/pedagogie.ac-lille.fr\/sbssa\/wp-content\/uploads\/sites\/30\/2021\/03\/gavel-3577258_1920.jpg 1920w\" sizes=\"auto, (max-width: 300px) 100vw, 300px\" \/><\/a><\/div><a class=\"wp-block-latest-posts__post-title\" href=\"https:\/\/pedagogie.ac-lille.fr\/sbssa\/deas-et-deap-arrete-du-12-avril-2021-portant-diverses-modifications-relatives-aux-conditions-dacces-aux-formations-conduisant-aux-diplomes-detat-daide-soignant-et-dauxiliaire-de-puericulture\/\">DE AP et DE AS &#8211; Arr\u00eat\u00e9 du 12 avril 2021 portant diverses modifications relatives aux conditions d&rsquo;acc\u00e8s aux formations conduisant aux dipl\u00f4mes d&rsquo;\u00c9tat d&rsquo;aide soignant et d&rsquo;auxiliaire de pu\u00e9riculture<\/a><time datetime=\"2021-04-12T17:18:00+02:00\" class=\"wp-block-latest-posts__post-date\">12 avril 2021<\/time><\/li>\n<li><div class=\"wp-block-latest-posts__featured-image alignleft\"><a href=\"https:\/\/pedagogie.ac-lille.fr\/sbssa\/de-ap-de-as-arrete-du-7-avril-2020-relatif-aux-modalites-dadmission-aux-formations-conduisant-aux-de-ap-et-au-de-as\/\" aria-label=\"DE AP et DE AS &#8211; Arr\u00eat\u00e9 du 7 avril 2020 relatif aux modalit\u00e9s d&rsquo;admission aux formations conduisant aux DE AP et au DE AS\"><img loading=\"lazy\" decoding=\"async\" width=\"300\" height=\"165\" src=\"https:\/\/pedagogie.ac-lille.fr\/sbssa\/wp-content\/uploads\/sites\/30\/2021\/03\/gavel-3577258_1920-300x165.jpg\" class=\"attachment-medium size-medium no-lazy wp-post-image\" alt=\"Arr\u00eat\u00e9\" style=\"max-width:150px;max-height:150px;\" srcset=\"https:\/\/pedagogie.ac-lille.fr\/sbssa\/wp-content\/uploads\/sites\/30\/2021\/03\/gavel-3577258_1920-300x165.jpg 300w, https:\/\/pedagogie.ac-lille.fr\/sbssa\/wp-content\/uploads\/sites\/30\/2021\/03\/gavel-3577258_1920-1024x563.jpg 1024w, https:\/\/pedagogie.ac-lille.fr\/sbssa\/wp-content\/uploads\/sites\/30\/2021\/03\/gavel-3577258_1920-768x422.jpg 768w, https:\/\/pedagogie.ac-lille.fr\/sbssa\/wp-content\/uploads\/sites\/30\/2021\/03\/gavel-3577258_1920-1536x845.jpg 1536w, https:\/\/pedagogie.ac-lille.fr\/sbssa\/wp-content\/uploads\/sites\/30\/2021\/03\/gavel-3577258_1920.jpg 1920w\" sizes=\"auto, (max-width: 300px) 100vw, 300px\" \/><\/a><\/div><a class=\"wp-block-latest-posts__post-title\" href=\"https:\/\/pedagogie.ac-lille.fr\/sbssa\/de-ap-de-as-arrete-du-7-avril-2020-relatif-aux-modalites-dadmission-aux-formations-conduisant-aux-de-ap-et-au-de-as\/\">DE AP et DE AS &#8211; Arr\u00eat\u00e9 du 7 avril 2020 relatif aux modalit\u00e9s d&rsquo;admission aux formations conduisant aux DE AP et au DE AS<\/a><time datetime=\"2020-04-07T16:08:00+02:00\" class=\"wp-block-latest-posts__post-date\">7 avril 2020<\/time><\/li>\n<li><div class=\"wp-block-latest-posts__featured-image alignleft\"><a href=\"https:\/\/pedagogie.ac-lille.fr\/sbssa\/arrete-du-21-mai-2014-modifiant-larrete-du-22-octobre-2005-relatif-a-la-formation-conduisant-au-diplome-detat-daide-soignant\/\" aria-label=\"Arr\u00eat\u00e9 du 21 mai 2014 modifiant l\u2019arr\u00eat\u00e9 du 22 octobre 2005 relatif \u00e0 la formation conduisant au dipl\u00f4me d\u2019\u00c9tat d\u2019Aide-Soignant (DEAP)\"><img loading=\"lazy\" decoding=\"async\" width=\"300\" height=\"165\" src=\"https:\/\/pedagogie.ac-lille.fr\/sbssa\/wp-content\/uploads\/sites\/30\/2021\/03\/gavel-3577258_1920-300x165.jpg\" class=\"attachment-medium size-medium no-lazy wp-post-image\" alt=\"Arr\u00eat\u00e9\" style=\"max-width:150px;max-height:150px;\" srcset=\"https:\/\/pedagogie.ac-lille.fr\/sbssa\/wp-content\/uploads\/sites\/30\/2021\/03\/gavel-3577258_1920-300x165.jpg 300w, https:\/\/pedagogie.ac-lille.fr\/sbssa\/wp-content\/uploads\/sites\/30\/2021\/03\/gavel-3577258_1920-1024x563.jpg 1024w, https:\/\/pedagogie.ac-lille.fr\/sbssa\/wp-content\/uploads\/sites\/30\/2021\/03\/gavel-3577258_1920-768x422.jpg 768w, https:\/\/pedagogie.ac-lille.fr\/sbssa\/wp-content\/uploads\/sites\/30\/2021\/03\/gavel-3577258_1920-1536x845.jpg 1536w, https:\/\/pedagogie.ac-lille.fr\/sbssa\/wp-content\/uploads\/sites\/30\/2021\/03\/gavel-3577258_1920.jpg 1920w\" sizes=\"auto, (max-width: 300px) 100vw, 300px\" \/><\/a><\/div><a class=\"wp-block-latest-posts__post-title\" href=\"https:\/\/pedagogie.ac-lille.fr\/sbssa\/arrete-du-21-mai-2014-modifiant-larrete-du-22-octobre-2005-relatif-a-la-formation-conduisant-au-diplome-detat-daide-soignant\/\">Arr\u00eat\u00e9 du 21 mai 2014 modifiant l\u2019arr\u00eat\u00e9 du 22 octobre 2005 relatif \u00e0 la formation conduisant au dipl\u00f4me d\u2019\u00c9tat d\u2019Aide-Soignant (DEAP)<\/a><time datetime=\"2014-05-21T16:08:00+02:00\" class=\"wp-block-latest-posts__post-date\">21 mai 2014<\/time><\/li>\n<li><div class=\"wp-block-latest-posts__featured-image alignleft\"><a href=\"https:\/\/pedagogie.ac-lille.fr\/sbssa\/de-as-arrete-du-28-septembre-2011-modifiant-larrete-du-22-octobre-2005-relatif-a-la-formation-conduisant-au-diplome-professionnel-daide-soignant\/\" aria-label=\"DE AS &#8211; Arr\u00eat\u00e9 du 28 septembre 2011 modifiant l\u2019arr\u00eat\u00e9 du 22 octobre 2005 relatif \u00e0 la formation conduisant au dipl\u00f4me professionnel d\u2019aide-soignant\"><img loading=\"lazy\" decoding=\"async\" width=\"300\" height=\"165\" src=\"https:\/\/pedagogie.ac-lille.fr\/sbssa\/wp-content\/uploads\/sites\/30\/2021\/03\/gavel-3577258_1920-300x165.jpg\" class=\"attachment-medium size-medium no-lazy wp-post-image\" alt=\"Arr\u00eat\u00e9\" style=\"max-width:150px;max-height:150px;\" srcset=\"https:\/\/pedagogie.ac-lille.fr\/sbssa\/wp-content\/uploads\/sites\/30\/2021\/03\/gavel-3577258_1920-300x165.jpg 300w, https:\/\/pedagogie.ac-lille.fr\/sbssa\/wp-content\/uploads\/sites\/30\/2021\/03\/gavel-3577258_1920-1024x563.jpg 1024w, https:\/\/pedagogie.ac-lille.fr\/sbssa\/wp-content\/uploads\/sites\/30\/2021\/03\/gavel-3577258_1920-768x422.jpg 768w, https:\/\/pedagogie.ac-lille.fr\/sbssa\/wp-content\/uploads\/sites\/30\/2021\/03\/gavel-3577258_1920-1536x845.jpg 1536w, https:\/\/pedagogie.ac-lille.fr\/sbssa\/wp-content\/uploads\/sites\/30\/2021\/03\/gavel-3577258_1920.jpg 1920w\" sizes=\"auto, (max-width: 300px) 100vw, 300px\" \/><\/a><\/div><a class=\"wp-block-latest-posts__post-title\" href=\"https:\/\/pedagogie.ac-lille.fr\/sbssa\/de-as-arrete-du-28-septembre-2011-modifiant-larrete-du-22-octobre-2005-relatif-a-la-formation-conduisant-au-diplome-professionnel-daide-soignant\/\">DE AS &#8211; Arr\u00eat\u00e9 du 28 septembre 2011 modifiant l\u2019arr\u00eat\u00e9 du 22 octobre 2005 relatif \u00e0 la formation conduisant au dipl\u00f4me professionnel d\u2019aide-soignant<\/a><time datetime=\"2011-09-28T10:14:00+02:00\" class=\"wp-block-latest-posts__post-date\">28 septembre 2011<\/time><\/li>\n<li><div class=\"wp-block-latest-posts__featured-image alignleft\"><a href=\"https:\/\/pedagogie.ac-lille.fr\/sbssa\/deas-arrete-du-15-mars-2010-modifiant-larrete-du-22-octobre-2005-relatif-a-la-formation-conduisant-au-diplome-detat-daide-soignant\/\" aria-label=\"DEAS &#8211; Arr\u00eat\u00e9 du 15 mars 2010 modifiant l\u2019arr\u00eat\u00e9 du 22 octobre 2005 relatif \u00e0 la formation conduisant au dipl\u00f4me d\u2019\u00c9tat d\u2019aide-soignant\"><img loading=\"lazy\" decoding=\"async\" width=\"300\" height=\"165\" src=\"https:\/\/pedagogie.ac-lille.fr\/sbssa\/wp-content\/uploads\/sites\/30\/2021\/03\/gavel-3577258_1920-300x165.jpg\" class=\"attachment-medium size-medium no-lazy wp-post-image\" alt=\"Arr\u00eat\u00e9\" style=\"max-width:150px;max-height:150px;\" srcset=\"https:\/\/pedagogie.ac-lille.fr\/sbssa\/wp-content\/uploads\/sites\/30\/2021\/03\/gavel-3577258_1920-300x165.jpg 300w, https:\/\/pedagogie.ac-lille.fr\/sbssa\/wp-content\/uploads\/sites\/30\/2021\/03\/gavel-3577258_1920-1024x563.jpg 1024w, https:\/\/pedagogie.ac-lille.fr\/sbssa\/wp-content\/uploads\/sites\/30\/2021\/03\/gavel-3577258_1920-768x422.jpg 768w, https:\/\/pedagogie.ac-lille.fr\/sbssa\/wp-content\/uploads\/sites\/30\/2021\/03\/gavel-3577258_1920-1536x845.jpg 1536w, https:\/\/pedagogie.ac-lille.fr\/sbssa\/wp-content\/uploads\/sites\/30\/2021\/03\/gavel-3577258_1920.jpg 1920w\" sizes=\"auto, (max-width: 300px) 100vw, 300px\" \/><\/a><\/div><a class=\"wp-block-latest-posts__post-title\" href=\"https:\/\/pedagogie.ac-lille.fr\/sbssa\/deas-arrete-du-15-mars-2010-modifiant-larrete-du-22-octobre-2005-relatif-a-la-formation-conduisant-au-diplome-detat-daide-soignant\/\">DEAS &#8211; Arr\u00eat\u00e9 du 15 mars 2010 modifiant l\u2019arr\u00eat\u00e9 du 22 octobre 2005 relatif \u00e0 la formation conduisant au dipl\u00f4me d\u2019\u00c9tat d\u2019aide-soignant<\/a><time datetime=\"2010-03-15T10:19:00+01:00\" class=\"wp-block-latest-posts__post-date\">15 mars 2010<\/time><\/li>\n<li><div class=\"wp-block-latest-posts__featured-image alignleft\"><a href=\"https:\/\/pedagogie.ac-lille.fr\/sbssa\/deas-arrete-du-31-juillet-2009-relatif-aux-conditions-dacces-au-diplome-detat-dinfirmier\/\" aria-label=\"DEAS &#8211; Arr\u00eat\u00e9 du 31 juillet 2009 relatif aux conditions d&rsquo;acc\u00e8s au dipl\u00f4me d\u2019\u00c9tat d\u2019infirmier\"><img loading=\"lazy\" decoding=\"async\" width=\"300\" height=\"165\" src=\"https:\/\/pedagogie.ac-lille.fr\/sbssa\/wp-content\/uploads\/sites\/30\/2021\/03\/gavel-3577258_1920-300x165.jpg\" class=\"attachment-medium size-medium no-lazy wp-post-image\" alt=\"Arr\u00eat\u00e9\" style=\"max-width:150px;max-height:150px;\" srcset=\"https:\/\/pedagogie.ac-lille.fr\/sbssa\/wp-content\/uploads\/sites\/30\/2021\/03\/gavel-3577258_1920-300x165.jpg 300w, https:\/\/pedagogie.ac-lille.fr\/sbssa\/wp-content\/uploads\/sites\/30\/2021\/03\/gavel-3577258_1920-1024x563.jpg 1024w, https:\/\/pedagogie.ac-lille.fr\/sbssa\/wp-content\/uploads\/sites\/30\/2021\/03\/gavel-3577258_1920-768x422.jpg 768w, https:\/\/pedagogie.ac-lille.fr\/sbssa\/wp-content\/uploads\/sites\/30\/2021\/03\/gavel-3577258_1920-1536x845.jpg 1536w, https:\/\/pedagogie.ac-lille.fr\/sbssa\/wp-content\/uploads\/sites\/30\/2021\/03\/gavel-3577258_1920.jpg 1920w\" sizes=\"auto, (max-width: 300px) 100vw, 300px\" \/><\/a><\/div><a class=\"wp-block-latest-posts__post-title\" href=\"https:\/\/pedagogie.ac-lille.fr\/sbssa\/deas-arrete-du-31-juillet-2009-relatif-aux-conditions-dacces-au-diplome-detat-dinfirmier\/\">DEAS &#8211; Arr\u00eat\u00e9 du 31 juillet 2009 relatif aux conditions d&rsquo;acc\u00e8s au dipl\u00f4me d\u2019\u00c9tat d\u2019infirmier<\/a><time datetime=\"2009-07-31T10:25:00+02:00\" class=\"wp-block-latest-posts__post-date\">31 juillet 2009<\/time><\/li>\n<li><div class=\"wp-block-latest-posts__featured-image alignleft\"><a href=\"https:\/\/pedagogie.ac-lille.fr\/sbssa\/de-as-arrete-du-22-octobre-2005-relatif-a-la-formation-conduisant-au-diplome-detat-daide-soignant\/\" aria-label=\"DE AS &#8211; Arr\u00eat\u00e9 du 22 octobre 2005 relatif \u00e0 la formation conduisant au dipl\u00f4me d&rsquo;\u00c9tat d&rsquo;aide-soignant\"><img loading=\"lazy\" decoding=\"async\" width=\"300\" height=\"165\" src=\"https:\/\/pedagogie.ac-lille.fr\/sbssa\/wp-content\/uploads\/sites\/30\/2021\/03\/gavel-3577258_1920-300x165.jpg\" class=\"attachment-medium size-medium no-lazy wp-post-image\" alt=\"Arr\u00eat\u00e9\" style=\"max-width:150px;max-height:150px;\" srcset=\"https:\/\/pedagogie.ac-lille.fr\/sbssa\/wp-content\/uploads\/sites\/30\/2021\/03\/gavel-3577258_1920-300x165.jpg 300w, https:\/\/pedagogie.ac-lille.fr\/sbssa\/wp-content\/uploads\/sites\/30\/2021\/03\/gavel-3577258_1920-1024x563.jpg 1024w, https:\/\/pedagogie.ac-lille.fr\/sbssa\/wp-content\/uploads\/sites\/30\/2021\/03\/gavel-3577258_1920-768x422.jpg 768w, https:\/\/pedagogie.ac-lille.fr\/sbssa\/wp-content\/uploads\/sites\/30\/2021\/03\/gavel-3577258_1920-1536x845.jpg 1536w, https:\/\/pedagogie.ac-lille.fr\/sbssa\/wp-content\/uploads\/sites\/30\/2021\/03\/gavel-3577258_1920.jpg 1920w\" sizes=\"auto, (max-width: 300px) 100vw, 300px\" \/><\/a><\/div><a class=\"wp-block-latest-posts__post-title\" href=\"https:\/\/pedagogie.ac-lille.fr\/sbssa\/de-as-arrete-du-22-octobre-2005-relatif-a-la-formation-conduisant-au-diplome-detat-daide-soignant\/\">DE AS &#8211; Arr\u00eat\u00e9 du 22 octobre 2005 relatif \u00e0 la formation conduisant au dipl\u00f4me d&rsquo;\u00c9tat d&rsquo;aide-soignant<\/a><time datetime=\"2005-10-22T10:35:00+02:00\" class=\"wp-block-latest-posts__post-date\">22 octobre 2005<\/time><\/li>\n<\/ul>","protected":false},"excerpt":{"rendered":"","protected":false},"author":48,"featured_media":0,"parent":8938,"menu_order":0,"comment_status":"closed","ping_status":"closed","template":"","meta":{"ngg_post_thumbnail":0,"footnotes":""},"class_list":["post-8945","page","type-page","status-publish","czr-hentry"],"publishpress_future_action":{"enabled":false,"date":"2026-04-20 12:50:17","action":"change-status","newStatus":"draft","terms":[],"taxonomy":"","extraData":[]},"publishpress_future_workflow_manual_trigger":{"enabledWorkflows":[]},"_links":{"self":[{"href":"https:\/\/pedagogie.ac-lille.fr\/sbssa\/wp-json\/wp\/v2\/pages\/8945","targetHints":{"allow":["GET"]}}],"collection":[{"href":"https:\/\/pedagogie.ac-lille.fr\/sbssa\/wp-json\/wp\/v2\/pages"}],"about":[{"href":"https:\/\/pedagogie.ac-lille.fr\/sbssa\/wp-json\/wp\/v2\/types\/page"}],"author":[{"embeddable":true,"href":"https:\/\/pedagogie.ac-lille.fr\/sbssa\/wp-json\/wp\/v2\/users\/48"}],"replies":[{"embeddable":true,"href":"https:\/\/pedagogie.ac-lille.fr\/sbssa\/wp-json\/wp\/v2\/comments?post=8945"}],"version-history":[{"count":2,"href":"https:\/\/pedagogie.ac-lille.fr\/sbssa\/wp-json\/wp\/v2\/pages\/8945\/revisions"}],"predecessor-version":[{"id":8957,"href":"https:\/\/pedagogie.ac-lille.fr\/sbssa\/wp-json\/wp\/v2\/pages\/8945\/revisions\/8957"}],"up":[{"embeddable":true,"href":"https:\/\/pedagogie.ac-lille.fr\/sbssa\/wp-json\/wp\/v2\/pages\/8938"}],"wp:attachment":[{"href":"https:\/\/pedagogie.ac-lille.fr\/sbssa\/wp-json\/wp\/v2\/media?parent=8945"}],"curies":[{"name":"wp","href":"https:\/\/api.w.org\/{rel}","templated":true}]}}