{"id":9085,"date":"2023-01-08T08:10:41","date_gmt":"2023-01-08T07:10:41","guid":{"rendered":"https:\/\/pedagogie.ac-lille.fr\/sbssa\/?page_id=9085"},"modified":"2023-01-08T09:26:06","modified_gmt":"2023-01-08T08:26:06","slug":"textes-officiels-de-ets","status":"publish","type":"page","link":"https:\/\/pedagogie.ac-lille.fr\/sbssa\/filieres\/filieres-sanitaire-et-sociale\/mention-complementaire-aide-a-domicile-mcad-2-2-2\/textes-officiels-de-ets\/","title":{"rendered":"Textes officiels &#8211; DE ETS"},"content":{"rendered":"<ul class=\"wp-block-latest-posts__list has-dates wp-block-latest-posts\"><li><div class=\"wp-block-latest-posts__featured-image alignleft\"><a href=\"https:\/\/pedagogie.ac-lille.fr\/sbssa\/de-ets-arrete-du-10-mars-2020-definissant-les-blocs-de-competences-et-portant-modification-des-arretes-du-22-aout-2018-relatifs-au-diplome-detat-deducateur-technique-specialise\/\" aria-label=\"DE ETS &#8211; Arr\u00eat\u00e9 du 10 mars 2020 d\u00e9finissant les blocs de comp\u00e9tences et portant modification des arr\u00eat\u00e9s du 22 ao\u00fbt 2018 relatifs au dipl\u00f4me d\u2019\u00c9tat d\u2019\u00e9ducateur technique sp\u00e9cialis\u00e9\"><img loading=\"lazy\" decoding=\"async\" width=\"300\" height=\"165\" src=\"https:\/\/pedagogie.ac-lille.fr\/sbssa\/wp-content\/uploads\/sites\/30\/2021\/03\/gavel-3577258_1920-300x165.jpg\" class=\"attachment-medium size-medium no-lazy wp-post-image\" alt=\"Arr\u00eat\u00e9\" style=\"max-width:150px;max-height:150px;\" srcset=\"https:\/\/pedagogie.ac-lille.fr\/sbssa\/wp-content\/uploads\/sites\/30\/2021\/03\/gavel-3577258_1920-300x165.jpg 300w, https:\/\/pedagogie.ac-lille.fr\/sbssa\/wp-content\/uploads\/sites\/30\/2021\/03\/gavel-3577258_1920-1024x563.jpg 1024w, https:\/\/pedagogie.ac-lille.fr\/sbssa\/wp-content\/uploads\/sites\/30\/2021\/03\/gavel-3577258_1920-768x422.jpg 768w, https:\/\/pedagogie.ac-lille.fr\/sbssa\/wp-content\/uploads\/sites\/30\/2021\/03\/gavel-3577258_1920-1536x845.jpg 1536w, https:\/\/pedagogie.ac-lille.fr\/sbssa\/wp-content\/uploads\/sites\/30\/2021\/03\/gavel-3577258_1920.jpg 1920w\" sizes=\"auto, (max-width: 300px) 100vw, 300px\" \/><\/a><\/div><a class=\"wp-block-latest-posts__post-title\" href=\"https:\/\/pedagogie.ac-lille.fr\/sbssa\/de-ets-arrete-du-10-mars-2020-definissant-les-blocs-de-competences-et-portant-modification-des-arretes-du-22-aout-2018-relatifs-au-diplome-detat-deducateur-technique-specialise\/\">DE ETS &#8211; Arr\u00eat\u00e9 du 10 mars 2020 d\u00e9finissant les blocs de comp\u00e9tences et portant modification des arr\u00eat\u00e9s du 22 ao\u00fbt 2018 relatifs au dipl\u00f4me d\u2019\u00c9tat d\u2019\u00e9ducateur technique sp\u00e9cialis\u00e9<\/a><time datetime=\"2020-03-10T09:38:00+01:00\" class=\"wp-block-latest-posts__post-date\">10 mars 2020<\/time><\/li>\n<li><div class=\"wp-block-latest-posts__featured-image alignleft\"><a href=\"https:\/\/pedagogie.ac-lille.fr\/sbssa\/de-ets-demande-douverture-de-formation-annexe-8-arre%cc%82te-du-22-aout-2018\/\" aria-label=\"DE ETS &#8211; Demande d&rsquo;ouverture de formation &#8211; Annexe 8 &#8211; Arre\u0302te\u0301 du 22 ao\u00fbt 2018\"><img loading=\"lazy\" decoding=\"async\" width=\"300\" height=\"199\" src=\"https:\/\/pedagogie.ac-lille.fr\/sbssa\/wp-content\/uploads\/sites\/30\/2021\/07\/laptop-819285_1920-300x199.jpg\" class=\"attachment-medium size-medium no-lazy wp-post-image\" alt=\"R\u00e9f\u00e9rentiel\" style=\"max-width:150px;max-height:150px;\" srcset=\"https:\/\/pedagogie.ac-lille.fr\/sbssa\/wp-content\/uploads\/sites\/30\/2021\/07\/laptop-819285_1920-300x199.jpg 300w, https:\/\/pedagogie.ac-lille.fr\/sbssa\/wp-content\/uploads\/sites\/30\/2021\/07\/laptop-819285_1920-1024x680.jpg 1024w, https:\/\/pedagogie.ac-lille.fr\/sbssa\/wp-content\/uploads\/sites\/30\/2021\/07\/laptop-819285_1920-768x510.jpg 768w, https:\/\/pedagogie.ac-lille.fr\/sbssa\/wp-content\/uploads\/sites\/30\/2021\/07\/laptop-819285_1920-1536x1020.jpg 1536w, https:\/\/pedagogie.ac-lille.fr\/sbssa\/wp-content\/uploads\/sites\/30\/2021\/07\/laptop-819285_1920.jpg 1920w\" sizes=\"auto, (max-width: 300px) 100vw, 300px\" \/><\/a><\/div><a class=\"wp-block-latest-posts__post-title\" href=\"https:\/\/pedagogie.ac-lille.fr\/sbssa\/de-ets-demande-douverture-de-formation-annexe-8-arre%cc%82te-du-22-aout-2018\/\">DE ETS &#8211; Demande d&rsquo;ouverture de formation &#8211; Annexe 8 &#8211; Arre\u0302te\u0301 du 22 ao\u00fbt 2018<\/a><time datetime=\"2018-08-22T09:36:00+02:00\" class=\"wp-block-latest-posts__post-date\">22 ao\u00fbt 2018<\/time><\/li>\n<li><div class=\"wp-block-latest-posts__featured-image alignleft\"><a href=\"https:\/\/pedagogie.ac-lille.fr\/sbssa\/de-ets-attestation-du-parcours-suivi-et-complement-au-diplo%cc%82me-annexes-6-et-7-arre%cc%82te-du-22-aout-2018\/\" aria-label=\"DE ETS &#8211; Attestation du parcours suivi et comple\u0301ment au diplo\u0302me-Annexes 6 et 7 &#8211; Arre\u0302te\u0301 du 22 ao\u00fbt 2018\"><img loading=\"lazy\" decoding=\"async\" width=\"300\" height=\"199\" src=\"https:\/\/pedagogie.ac-lille.fr\/sbssa\/wp-content\/uploads\/sites\/30\/2021\/07\/laptop-819285_1920-300x199.jpg\" class=\"attachment-medium size-medium no-lazy wp-post-image\" alt=\"R\u00e9f\u00e9rentiel\" style=\"max-width:150px;max-height:150px;\" srcset=\"https:\/\/pedagogie.ac-lille.fr\/sbssa\/wp-content\/uploads\/sites\/30\/2021\/07\/laptop-819285_1920-300x199.jpg 300w, https:\/\/pedagogie.ac-lille.fr\/sbssa\/wp-content\/uploads\/sites\/30\/2021\/07\/laptop-819285_1920-1024x680.jpg 1024w, https:\/\/pedagogie.ac-lille.fr\/sbssa\/wp-content\/uploads\/sites\/30\/2021\/07\/laptop-819285_1920-768x510.jpg 768w, https:\/\/pedagogie.ac-lille.fr\/sbssa\/wp-content\/uploads\/sites\/30\/2021\/07\/laptop-819285_1920-1536x1020.jpg 1536w, https:\/\/pedagogie.ac-lille.fr\/sbssa\/wp-content\/uploads\/sites\/30\/2021\/07\/laptop-819285_1920.jpg 1920w\" sizes=\"auto, (max-width: 300px) 100vw, 300px\" \/><\/a><\/div><a class=\"wp-block-latest-posts__post-title\" href=\"https:\/\/pedagogie.ac-lille.fr\/sbssa\/de-ets-attestation-du-parcours-suivi-et-complement-au-diplo%cc%82me-annexes-6-et-7-arre%cc%82te-du-22-aout-2018\/\">DE ETS &#8211; Attestation du parcours suivi et comple\u0301ment au diplo\u0302me-Annexes 6 et 7 &#8211; Arre\u0302te\u0301 du 22 ao\u00fbt 2018<\/a><time datetime=\"2018-08-22T09:33:00+02:00\" class=\"wp-block-latest-posts__post-date\">22 ao\u00fbt 2018<\/time><\/li>\n<li><div class=\"wp-block-latest-posts__featured-image alignleft\"><a href=\"https:\/\/pedagogie.ac-lille.fr\/sbssa\/de-ets-referentiel-de-certification-annexe-5-arre%cc%82te-du-22-aout-2018\/\" aria-label=\"DE ETS &#8211; Re\u0301fe\u0301rentiel de certification &#8211; Annexe 5 &#8211; Arre\u0302te\u0301 du 22 ao\u00fbt 2018\"><img loading=\"lazy\" decoding=\"async\" width=\"300\" height=\"199\" src=\"https:\/\/pedagogie.ac-lille.fr\/sbssa\/wp-content\/uploads\/sites\/30\/2021\/07\/laptop-819285_1920-300x199.jpg\" class=\"attachment-medium size-medium no-lazy wp-post-image\" alt=\"R\u00e9f\u00e9rentiel\" style=\"max-width:150px;max-height:150px;\" srcset=\"https:\/\/pedagogie.ac-lille.fr\/sbssa\/wp-content\/uploads\/sites\/30\/2021\/07\/laptop-819285_1920-300x199.jpg 300w, https:\/\/pedagogie.ac-lille.fr\/sbssa\/wp-content\/uploads\/sites\/30\/2021\/07\/laptop-819285_1920-1024x680.jpg 1024w, https:\/\/pedagogie.ac-lille.fr\/sbssa\/wp-content\/uploads\/sites\/30\/2021\/07\/laptop-819285_1920-768x510.jpg 768w, https:\/\/pedagogie.ac-lille.fr\/sbssa\/wp-content\/uploads\/sites\/30\/2021\/07\/laptop-819285_1920-1536x1020.jpg 1536w, https:\/\/pedagogie.ac-lille.fr\/sbssa\/wp-content\/uploads\/sites\/30\/2021\/07\/laptop-819285_1920.jpg 1920w\" sizes=\"auto, (max-width: 300px) 100vw, 300px\" \/><\/a><\/div><a class=\"wp-block-latest-posts__post-title\" href=\"https:\/\/pedagogie.ac-lille.fr\/sbssa\/de-ets-referentiel-de-certification-annexe-5-arre%cc%82te-du-22-aout-2018\/\">DE ETS &#8211; Re\u0301fe\u0301rentiel de certification &#8211; Annexe 5 &#8211; Arre\u0302te\u0301 du 22 ao\u00fbt 2018<\/a><time datetime=\"2018-08-22T09:29:00+02:00\" class=\"wp-block-latest-posts__post-date\">22 ao\u00fbt 2018<\/time><\/li>\n<li><div class=\"wp-block-latest-posts__featured-image alignleft\"><a href=\"https:\/\/pedagogie.ac-lille.fr\/sbssa\/de-ets-livret-de-formation-annexe-4-arre%cc%82te-du-29-12-2018\/\" aria-label=\"DE ETS &#8211; Livret de formation &#8211; Annexe 4 -Arre\u0302te\u0301 du 22-08-2018\"><img loading=\"lazy\" decoding=\"async\" width=\"300\" height=\"199\" src=\"https:\/\/pedagogie.ac-lille.fr\/sbssa\/wp-content\/uploads\/sites\/30\/2021\/07\/laptop-819285_1920-300x199.jpg\" class=\"attachment-medium size-medium no-lazy wp-post-image\" alt=\"R\u00e9f\u00e9rentiel\" style=\"max-width:150px;max-height:150px;\" srcset=\"https:\/\/pedagogie.ac-lille.fr\/sbssa\/wp-content\/uploads\/sites\/30\/2021\/07\/laptop-819285_1920-300x199.jpg 300w, https:\/\/pedagogie.ac-lille.fr\/sbssa\/wp-content\/uploads\/sites\/30\/2021\/07\/laptop-819285_1920-1024x680.jpg 1024w, https:\/\/pedagogie.ac-lille.fr\/sbssa\/wp-content\/uploads\/sites\/30\/2021\/07\/laptop-819285_1920-768x510.jpg 768w, https:\/\/pedagogie.ac-lille.fr\/sbssa\/wp-content\/uploads\/sites\/30\/2021\/07\/laptop-819285_1920-1536x1020.jpg 1536w, https:\/\/pedagogie.ac-lille.fr\/sbssa\/wp-content\/uploads\/sites\/30\/2021\/07\/laptop-819285_1920.jpg 1920w\" sizes=\"auto, (max-width: 300px) 100vw, 300px\" \/><\/a><\/div><a class=\"wp-block-latest-posts__post-title\" href=\"https:\/\/pedagogie.ac-lille.fr\/sbssa\/de-ets-livret-de-formation-annexe-4-arre%cc%82te-du-29-12-2018\/\">DE ETS &#8211; Livret de formation &#8211; Annexe 4 -Arre\u0302te\u0301 du 22-08-2018<\/a><time datetime=\"2018-08-22T09:03:00+02:00\" class=\"wp-block-latest-posts__post-date\">22 ao\u00fbt 2018<\/time><\/li>\n<li><div class=\"wp-block-latest-posts__featured-image alignleft\"><a href=\"https:\/\/pedagogie.ac-lille.fr\/sbssa\/de-ets-objectifs-des-periodes-de-formation-pratique-annexe-3-arre%cc%82te-du-29-12-2018\/\" aria-label=\"DE ETS &#8211; Objectifs des pe\u0301riodes de formation pratique-Annexe 3-Arre\u0302te\u0301 du 22-08-2018\"><img loading=\"lazy\" decoding=\"async\" width=\"300\" height=\"199\" src=\"https:\/\/pedagogie.ac-lille.fr\/sbssa\/wp-content\/uploads\/sites\/30\/2021\/07\/laptop-819285_1920-300x199.jpg\" class=\"attachment-medium size-medium no-lazy wp-post-image\" alt=\"R\u00e9f\u00e9rentiel\" style=\"max-width:150px;max-height:150px;\" srcset=\"https:\/\/pedagogie.ac-lille.fr\/sbssa\/wp-content\/uploads\/sites\/30\/2021\/07\/laptop-819285_1920-300x199.jpg 300w, https:\/\/pedagogie.ac-lille.fr\/sbssa\/wp-content\/uploads\/sites\/30\/2021\/07\/laptop-819285_1920-1024x680.jpg 1024w, https:\/\/pedagogie.ac-lille.fr\/sbssa\/wp-content\/uploads\/sites\/30\/2021\/07\/laptop-819285_1920-768x510.jpg 768w, https:\/\/pedagogie.ac-lille.fr\/sbssa\/wp-content\/uploads\/sites\/30\/2021\/07\/laptop-819285_1920-1536x1020.jpg 1536w, https:\/\/pedagogie.ac-lille.fr\/sbssa\/wp-content\/uploads\/sites\/30\/2021\/07\/laptop-819285_1920.jpg 1920w\" sizes=\"auto, (max-width: 300px) 100vw, 300px\" \/><\/a><\/div><a class=\"wp-block-latest-posts__post-title\" href=\"https:\/\/pedagogie.ac-lille.fr\/sbssa\/de-ets-objectifs-des-periodes-de-formation-pratique-annexe-3-arre%cc%82te-du-29-12-2018\/\">DE ETS &#8211; Objectifs des pe\u0301riodes de formation pratique-Annexe 3-Arre\u0302te\u0301 du 22-08-2018<\/a><time datetime=\"2018-08-22T08:58:00+02:00\" class=\"wp-block-latest-posts__post-date\">22 ao\u00fbt 2018<\/time><\/li>\n<li><div class=\"wp-block-latest-posts__featured-image alignleft\"><a href=\"https:\/\/pedagogie.ac-lille.fr\/sbssa\/de-ets-referentiels-professionnel-et-de-formation-annexes-1-et-2-arre%cc%82te-du-29-12-2018\/\" aria-label=\"DE ETS &#8211; Re\u0301fe\u0301rentiels professionnel et de formation &#8211; Annexes 1 et 2 &#8211; Arre\u0302te\u0301 du 22-08-2018\"><img loading=\"lazy\" decoding=\"async\" width=\"300\" height=\"199\" src=\"https:\/\/pedagogie.ac-lille.fr\/sbssa\/wp-content\/uploads\/sites\/30\/2021\/07\/laptop-819285_1920-300x199.jpg\" class=\"attachment-medium size-medium no-lazy wp-post-image\" alt=\"R\u00e9f\u00e9rentiel\" style=\"max-width:150px;max-height:150px;\" srcset=\"https:\/\/pedagogie.ac-lille.fr\/sbssa\/wp-content\/uploads\/sites\/30\/2021\/07\/laptop-819285_1920-300x199.jpg 300w, https:\/\/pedagogie.ac-lille.fr\/sbssa\/wp-content\/uploads\/sites\/30\/2021\/07\/laptop-819285_1920-1024x680.jpg 1024w, https:\/\/pedagogie.ac-lille.fr\/sbssa\/wp-content\/uploads\/sites\/30\/2021\/07\/laptop-819285_1920-768x510.jpg 768w, https:\/\/pedagogie.ac-lille.fr\/sbssa\/wp-content\/uploads\/sites\/30\/2021\/07\/laptop-819285_1920-1536x1020.jpg 1536w, https:\/\/pedagogie.ac-lille.fr\/sbssa\/wp-content\/uploads\/sites\/30\/2021\/07\/laptop-819285_1920.jpg 1920w\" sizes=\"auto, (max-width: 300px) 100vw, 300px\" \/><\/a><\/div><a class=\"wp-block-latest-posts__post-title\" href=\"https:\/\/pedagogie.ac-lille.fr\/sbssa\/de-ets-referentiels-professionnel-et-de-formation-annexes-1-et-2-arre%cc%82te-du-29-12-2018\/\">DE ETS &#8211; Re\u0301fe\u0301rentiels professionnel et de formation &#8211; Annexes 1 et 2 &#8211; Arre\u0302te\u0301 du 22-08-2018<\/a><time datetime=\"2018-08-22T08:28:00+02:00\" class=\"wp-block-latest-posts__post-date\">22 ao\u00fbt 2018<\/time><\/li>\n<li><div class=\"wp-block-latest-posts__featured-image alignleft\"><a href=\"https:\/\/pedagogie.ac-lille.fr\/sbssa\/de-ets-arre%cc%82te-du-22-aou%cc%82t-2018-relatif-au-diplo%cc%82me-detat-deducateur-technique-specialise\/\" aria-label=\"DE ETS &#8211; Arre\u0302te\u0301 du 22 aou\u0302t 2018 relatif au diplo\u0302me d&rsquo;\u00c9tat d&rsquo;e\u0301ducateur technique spe\u0301cialise\u0301\"><img loading=\"lazy\" decoding=\"async\" width=\"300\" height=\"165\" src=\"https:\/\/pedagogie.ac-lille.fr\/sbssa\/wp-content\/uploads\/sites\/30\/2021\/03\/gavel-3577258_1920-300x165.jpg\" class=\"attachment-medium size-medium no-lazy wp-post-image\" alt=\"Arr\u00eat\u00e9\" style=\"max-width:150px;max-height:150px;\" srcset=\"https:\/\/pedagogie.ac-lille.fr\/sbssa\/wp-content\/uploads\/sites\/30\/2021\/03\/gavel-3577258_1920-300x165.jpg 300w, https:\/\/pedagogie.ac-lille.fr\/sbssa\/wp-content\/uploads\/sites\/30\/2021\/03\/gavel-3577258_1920-1024x563.jpg 1024w, https:\/\/pedagogie.ac-lille.fr\/sbssa\/wp-content\/uploads\/sites\/30\/2021\/03\/gavel-3577258_1920-768x422.jpg 768w, https:\/\/pedagogie.ac-lille.fr\/sbssa\/wp-content\/uploads\/sites\/30\/2021\/03\/gavel-3577258_1920-1536x845.jpg 1536w, https:\/\/pedagogie.ac-lille.fr\/sbssa\/wp-content\/uploads\/sites\/30\/2021\/03\/gavel-3577258_1920.jpg 1920w\" sizes=\"auto, (max-width: 300px) 100vw, 300px\" \/><\/a><\/div><a class=\"wp-block-latest-posts__post-title\" href=\"https:\/\/pedagogie.ac-lille.fr\/sbssa\/de-ets-arre%cc%82te-du-22-aou%cc%82t-2018-relatif-au-diplo%cc%82me-detat-deducateur-technique-specialise\/\">DE ETS &#8211; Arre\u0302te\u0301 du 22 aou\u0302t 2018 relatif au diplo\u0302me d&rsquo;\u00c9tat d&rsquo;e\u0301ducateur technique spe\u0301cialise\u0301<\/a><time datetime=\"2018-08-22T08:18:00+02:00\" class=\"wp-block-latest-posts__post-date\">22 ao\u00fbt 2018<\/time><\/li>\n<\/ul>","protected":false},"excerpt":{"rendered":"","protected":false},"author":48,"featured_media":0,"parent":9078,"menu_order":0,"comment_status":"closed","ping_status":"closed","template":"","meta":{"ngg_post_thumbnail":0,"footnotes":""},"class_list":["post-9085","page","type-page","status-publish","czr-hentry"],"publishpress_future_action":{"enabled":false,"date":"2026-04-20 14:36:04","action":"change-status","newStatus":"draft","terms":[],"taxonomy":"","extraData":[]},"publishpress_future_workflow_manual_trigger":{"enabledWorkflows":[]},"_links":{"self":[{"href":"https:\/\/pedagogie.ac-lille.fr\/sbssa\/wp-json\/wp\/v2\/pages\/9085","targetHints":{"allow":["GET"]}}],"collection":[{"href":"https:\/\/pedagogie.ac-lille.fr\/sbssa\/wp-json\/wp\/v2\/pages"}],"about":[{"href":"https:\/\/pedagogie.ac-lille.fr\/sbssa\/wp-json\/wp\/v2\/types\/page"}],"author":[{"embeddable":true,"href":"https:\/\/pedagogie.ac-lille.fr\/sbssa\/wp-json\/wp\/v2\/users\/48"}],"replies":[{"embeddable":true,"href":"https:\/\/pedagogie.ac-lille.fr\/sbssa\/wp-json\/wp\/v2\/comments?post=9085"}],"version-history":[{"count":2,"href":"https:\/\/pedagogie.ac-lille.fr\/sbssa\/wp-json\/wp\/v2\/pages\/9085\/revisions"}],"predecessor-version":[{"id":9121,"href":"https:\/\/pedagogie.ac-lille.fr\/sbssa\/wp-json\/wp\/v2\/pages\/9085\/revisions\/9121"}],"up":[{"embeddable":true,"href":"https:\/\/pedagogie.ac-lille.fr\/sbssa\/wp-json\/wp\/v2\/pages\/9078"}],"wp:attachment":[{"href":"https:\/\/pedagogie.ac-lille.fr\/sbssa\/wp-json\/wp\/v2\/media?parent=9085"}],"curies":[{"name":"wp","href":"https:\/\/api.w.org\/{rel}","templated":true}]}}